{"id":11789,"date":"2023-11-23T15:25:02","date_gmt":"2023-11-23T13:25:02","guid":{"rendered":"https:\/\/slacktivity.ch\/politique-de-confidentialite\/"},"modified":"2023-11-23T15:25:07","modified_gmt":"2023-11-23T13:25:07","slug":"politique-de-confidentialite","status":"publish","type":"page","link":"https:\/\/slacktivity.ch\/fr\/politique-de-confidentialite\/","title":{"rendered":"Politique de confidentialit\u00e9"},"content":{"rendered":"\n<p>SLACKTIVITY.CH attache une grande importance \u00e0 la protection des donn\u00e9es personnelles de nos clients et abonn\u00e9s, quel que soit leur type.<\/p>\n\n<p>Conform\u00e9ment \u00e0 la r\u00e9glementation g\u00e9n\u00e9rale sur la protection des donn\u00e9es de la loi suisse sur la protection des donn\u00e9es (LPD) (art. 4, al. 4 LPD), SLACKTIVITY.CH a d\u00e9velopp\u00e9 toute une s\u00e9rie de mesures de s\u00e9curit\u00e9 pour prot\u00e9ger vos donn\u00e9es, telles qu&rsquo;expliqu\u00e9es dans notre politique de confidentialit\u00e9.<\/p>\n\n<p>Cette politique de confidentialit\u00e9 explique la mani\u00e8re dont SLACKTIVITY.CH traite les donn\u00e9es personnelles, car il est n\u00e9cessaire d&rsquo;accepter la politique de confidentialit\u00e9 pour la fourniture et la livraison de nos produits via notre boutique en ligne.<\/p>\n\n<p>Nous sommes toujours disponibles pour r\u00e9pondre \u00e0 vos questions ou dissiper tout doute concernant notre politique. Vous pouvez nous contacter par e-mail \u00e0 l&rsquo;adresse info(\u00e4t)slacktivity.ch ou par courrier \u00e0 l&rsquo;adresse suivante : SLACKTIVITY.CH GmbH, D\u00f6rfli 2, 8765 Engi, Suisse.<\/p>\n\n<p><strong>Le nom de l&rsquo;entreprise<\/strong><\/p>\n\n<p>1.1. Ce site web et les politiques de confidentialit\u00e9 associ\u00e9es sont g\u00e9r\u00e9s par SLACKTIVITY.CH GmbH. Adresse : SLACKTIVITY.CH GmbH, D\u00f6rfli 2, 8765 Engi.<\/p>\n\n<p>1.2. En naviguant sur notre site web, vous acceptez les conditions d\u00e9crites dans cette politique de confidentialit\u00e9.<\/p>\n\n<p><strong>2. PRINCIPES<\/strong><\/p>\n\n<p><strong>2.1. Respect des intentions du client<\/strong><\/p>\n\n<p>Nous respectons la confidentialit\u00e9 et la s\u00e9curit\u00e9 des donn\u00e9es personnelles, et veillons ainsi \u00e0 respecter la volont\u00e9 et l&rsquo;autonomie de nos clients pour permettre une gestion gratuite et simple de leurs pr\u00e9f\u00e9rences en mati\u00e8re de confidentialit\u00e9. En cas de pr\u00e9occupations ou de d\u00e9saccords concernant notre politique de confidentialit\u00e9, nos clients peuvent nous contacter par e-mail \u00e0 l&rsquo;adresse info(\u00e4t)slacktivity.ch ou par courrier \u00e0 SLACKTIVITY.CH GmbH, D\u00f6rfli 2, 8765 Engi, Suisse. Nous nous engageons \u00e0 r\u00e9pondre aux besoins de nos clients conform\u00e9ment \u00e0 la loi suisse sur la protection des donn\u00e9es (DSG).<\/p>\n\n<p><strong>2.2. Good practice<\/strong><\/p>\n\n<p>SLACKTIVITY.CH GmbH, en tant que responsable des donn\u00e9es personnelles, d\u00e9termine les raisons et les moyens par lesquels les donn\u00e9es personnelles de nos clients sont trait\u00e9es, y compris toutes les mesures de s\u00e9curit\u00e9 applicables. Nous garantissons que vos donn\u00e9es personnelles sont trait\u00e9es en Suisse de mani\u00e8re correcte, l\u00e9gale et conform\u00e9ment aux pratiques \u00e9tablies.<\/p>\n\n<p><strong>2.4. R\u00e8gles strictes<\/strong><\/p>\n\n<p>Nous appliquons le principe de n\u00e9cessit\u00e9 absolue lors du traitement des donn\u00e9es vous identifiant personnellement, directement ou indirectement. Cela refl\u00e8te une utilisation minimale de vos donn\u00e9es personnelles et leur usage initial pour lequel elles ont \u00e9t\u00e9 collect\u00e9es et\/ou trait\u00e9es.<\/p>\n\n<p>&lt;strong&gt;3. PERS\u00d6NLICHE DATEN &#8211; SAMMLUNG UND VERARBEITUNG&lt;\/strong&gt;\u00a0\u00bb est \u00ab\u00a0&lt;strong&gt;3. DONN\u00c9ES PERSONNELLES &#8211; COLLECTE ET TRAITEMENT&lt;\/strong&gt;<\/p>\n\n<p>3.1 Les donn\u00e9es personnelles collect\u00e9es et trait\u00e9es par SLACKTIVITY.CH GmbH sont uniquement celles que les clients saisissent volontairement, express\u00e9ment et de mani\u00e8re explicite dans les formulaires sur ce site web.<\/p>\n\n<p>3.2. Les donn\u00e9es personnelles collect\u00e9es peuvent inclure le nom, le sexe, la date de naissance, l&rsquo;adresse e-mail, le num\u00e9ro de t\u00e9l\u00e9phone portable, l&rsquo;adresse postale et le num\u00e9ro d&rsquo;identification fiscale.<\/p>\n\n<p><strong>4. TRAITEMENT DES DONN\u00c9ES PERSONNELLES &#8211; OBJECTIF<\/strong><\/p>\n\n<p>4.1. Les donn\u00e9es personnelles de nos clients sont collect\u00e9es et trait\u00e9es par SLACKTIVITY.CH GmbH uniquement \u00e0 des fins \u00e9troitement li\u00e9es \u00e0 l&rsquo;utilisation de ce site web, aux services associ\u00e9s, \u00e0 la vente de produits, \u00e0 la gestion et \u00e0 l&rsquo;am\u00e9lioration du programme de fid\u00e9lit\u00e9, au marketing direct et \u00e0 la gestion du support client.<\/p>\n\n<p>4.2. SLACKTIVITY.CH GmbH s&rsquo;efforce de maintenir et de d\u00e9velopper sa relation avec ses clients en leur fournissant des avantages, des informations et du contenu li\u00e9s aux Slacklines de Slacktivity. Les donn\u00e9es ne sont trait\u00e9es que pour ces finalit\u00e9s sp\u00e9cifiques, claires et l\u00e9gitimes, et ne sont pas trait\u00e9es de mani\u00e8re incompatible avec les objectifs pr\u00e9c\u00e9demment mentionn\u00e9s. Les donn\u00e9es collect\u00e9es et trait\u00e9es sont appropri\u00e9es, pertinentes et ne d\u00e9passent pas les finalit\u00e9s \u00e9nonc\u00e9es.<\/p>\n\n<p>4.3. Les donn\u00e9es personnelles de notre client peuvent \u00e9galement \u00eatre utilis\u00e9es pour d&rsquo;autres processus de traitement. Elles peuvent notamment \u00eatre trait\u00e9es \u00e0 des fins suivantes :<\/p>\n\n<p>a) Lors de l&rsquo;achat d&rsquo;un article sur slacktivity.ch, les donn\u00e9es personnelles (telles que l&rsquo;adresse e-mail, l&rsquo;adresse de livraison et le num\u00e9ro de t\u00e9l\u00e9phone) sont collect\u00e9es sur le formulaire d&rsquo;achat uniquement dans le but de vendre, de fournir et d&rsquo;exp\u00e9dier les produits command\u00e9s ;<\/p>\n\n<p>b) Lorsqu&rsquo;une demande de support client est soumise, des donn\u00e9es personnelles (telles que le pr\u00e9nom, le nom de famille, l&rsquo;adresse e-mail) sont collect\u00e9es dans le but de vous fournir le support client du magasin en ligne de slacktivity.ch et de r\u00e9pondre aux demandes sp\u00e9cifi\u00e9es de nos clients.<\/p>\n\n<p>c) Lorsque nos clients s&rsquo;inscrivent, des donn\u00e9es personnelles (nom, adresse e-mail et adresse) sont collect\u00e9es dans le but de faciliter la pr\u00e9paration des futurs achats.<\/p>\n\n<p>d) Lors de l&rsquo;abonnement \u00e0 la newsletter, nous collectons votre adresse e-mail dans le but de vous fournir ce service.<\/p>\n\n<p>e) Lorsqu&rsquo;un utilisateur visite notre boutique en ligne, nous collectons des cookies. Selon la mani\u00e8re dont vous g\u00e9rez les cookies sur notre site et interagissez avec nous, certaines des informations recueillies par les cookies sont utilis\u00e9es pour garantir la meilleure exp\u00e9rience sur le site, assurer son bon fonctionnement, mettre en \u00e9vidence les bonnes vues du contenu et se souvenir des articles ajout\u00e9s \u00e0 votre panier, de votre enregistrement, de la personnalisation de la r\u00e9solution d&rsquo;\u00e9cran, entre autres, pour am\u00e9liorer nos offres. Ces informations incluent les d\u00e9tails d&rsquo;enregistrement, la localisation, la dur\u00e9e de session, les produits que vous avez s\u00e9lectionn\u00e9s, votre \u00e9quipement, votre navigateur et votre adresse IP. Lorsque vous laissez un commentaire sur notre site, vous pouvez choisir d&rsquo;enregistrer votre nom, votre adresse e-mail et votre site web dans des cookies. Cela est fait pour votre commodit\u00e9 afin que vous n&rsquo;ayez pas \u00e0 saisir \u00e0 nouveau vos informations lorsque vous laissez un autre commentaire. Ces cookies sont conserv\u00e9s pendant un an.<\/p>\n\n<p>Lorsque vous visitez notre page de connexion, nous pla\u00e7ons un cookie temporaire pour d\u00e9terminer si votre navigateur accepte les cookies. Ce cookie ne contient aucune donn\u00e9e personnelle et est supprim\u00e9 lorsque vous fermez votre navigateur.<\/p>\n\n<p>Lorsque vous vous connectez, nous pla\u00e7ons \u00e9galement plusieurs cookies pour sauvegarder vos informations de connexion et vos pr\u00e9f\u00e9rences d&rsquo;affichage \u00e0 l&rsquo;\u00e9cran. Les cookies de connexion sont conserv\u00e9s pendant deux jours et les cookies d&rsquo;options d&rsquo;\u00e9cran pendant un an. Si vous s\u00e9lectionnez \u00ab\u00a0Se souvenir de moi\u00a0\u00bb, votre connexion persiste pendant deux semaines. En vous d\u00e9connectant de votre compte, les cookies de connexion sont supprim\u00e9s.<\/p>\n\n<p>Les articles sur ce site peuvent contenir du contenu int\u00e9gr\u00e9 (comme des vid\u00e9os, des images, des articles, etc.). Le contenu int\u00e9gr\u00e9 provenant d&rsquo;autres sites se comporte de la m\u00eame mani\u00e8re que si le visiteur se rendait sur l&rsquo;autre site. Ces sites peuvent collecter des donn\u00e9es vous concernant, utiliser des cookies, int\u00e9grer un suivi suppl\u00e9mentaire par des tiers et surveiller votre interaction avec ces contenus int\u00e9gr\u00e9s, y compris le suivi de votre interaction avec le contenu int\u00e9gr\u00e9 si vous avez un compte et \u00eates connect\u00e9 \u00e0 ce site.<\/p>\n\n<p>Pour exercer votre droit d&rsquo;acc\u00e8s et de rectification concernant la gestion des cookies, vous pouvez envoyer un courrier \u00e9crit \u00e0 info(at)slacktivity.ch ou par courrier \u00e0 SLACKTIVITY.CH GmbH, D\u00f6rfli 2, 8765 Engi, Suisse.<\/p>\n\n<p>Lorsqu&rsquo;un utilisateur visite notre site Web et consulte ult\u00e9rieurement des plateformes proposant un format publicitaire (comme les r\u00e9seaux sociaux, Google et d&rsquo;autres partenaires de ces r\u00e9seaux), des annonces concernant les produits et services de Slacktivity peuvent lui \u00eatre pr\u00e9sent\u00e9es. Nous utilisons \u00e9galement ces donn\u00e9es pour atteindre de nouveaux clients potentiels qui pourraient \u00eatre int\u00e9ress\u00e9s par nos produits.<\/p>\n\n<p>Lorsque des donn\u00e9es sont collect\u00e9es, nous indiquons les champs n\u00e9cessaires par des ast\u00e9risques (*) si ces donn\u00e9es sont n\u00e9cessaires pour :<\/p>\n\n<ul class=\"wp-block-list\">\n<li>conclure un contrat avec vous (par exemple, pour la livraison de produits que vous avez achet\u00e9s sur nos sites Web \/ applications).<\/li>\n\n\n\n<li>fournir le service demand\u00e9 par vous (par exemple, la fourniture d&rsquo;une lettre d&rsquo;information).<\/li>\n\n\n\n<li>respecter les exigences l\u00e9gales (par exemple, la facturation).<\/li>\n<\/ul>\n\n<p>Les donn\u00e9es personnelles de nos clients peuvent \u00eatre transmises par SLACKTIVITY.CH GmbH \u00e0 des prestataires de services ou \u00e0 des autorit\u00e9s judiciaires, fiscales et de r\u00e9gulation pour se conformer aux lois en vigueur.<\/p>\n\n<p>5. ZUSTIMMUNG&#13;\n&#13;\nLors du traitement de vos donn\u00e9es personnelles, le respect de la volont\u00e9 du client est une pr\u00e9occupation principale de SLACKTIVITY.CH GmbH. Vous serez invit\u00e9 \u00e0 donner votre consentement explicite et clair \u00e0 tous les traitements de donn\u00e9es qui ne sont pas strictement n\u00e9cessaires \u00e0 des fins telles que la prestation de services et l&rsquo;exp\u00e9dition des produits achet\u00e9s.<\/p>\n\n<p><strong>6. VOS DROITS<\/strong><\/p>\n\n<p>6.1. Pour exercer votre droit d&rsquo;acc\u00e8s, de rectification, de suppression, d&rsquo;oubli ou de blocage de vos donn\u00e9es personnelles, nous vous prions de bien vouloir envoyer un courrier \u00e9crit \u00e0 info(\u00e4t)slacktivity.ch ou par courrier postal \u00e0 SLACKTIVITY.CH GmbH, D\u00f6rfli 2, 8765 Engi, Suisse.<\/p>\n\n<p>6.2. Si l&rsquo;un de nos clients ne souhaite plus recevoir de communications de marketing direct, il peut exercer son droit de s&rsquo;opposer au traitement des donn\u00e9es personnelles en envoyant un courrier \u00e9crit \u00e0 info(\u00e4t)slacktivity.ch ou par courrier postal \u00e0 SLACKTIVITY.CH GmbH, D\u00f6rfli 2, 8765 Engi, Suisse.<\/p>\n\n<p> <strong>7. S\u00c9CURIT\u00c9<\/strong><\/p>\n\n<p>7.1. La soci\u00e9t\u00e9 SLACKTIVITY.CH GmbH utilise des mesures de s\u00e9curit\u00e9 ad\u00e9quates pour prot\u00e9ger vos donn\u00e9es personnelles contre toute destruction accidentelle ou ill\u00e9gale, toute perte accidentelle, toute modification, toute divulgation, tout acc\u00e8s non autoris\u00e9 et toute forme de traitement ill\u00e9gal. De plus, nous exigeons contractuellement que les tiers de confiance qui traitent vos donn\u00e9es personnelles pour notre compte respectent ces m\u00eames mesures.<\/p>\n\n<p>7.2. SLACKTIVITY.CH GmbH ne peut garantir que les mesures de s\u00e9curit\u00e9 visant \u00e0 prot\u00e9ger ce site Web et la transmission de donn\u00e9es et d&rsquo;informations via ce site Web \u00e9limineront ou pr\u00e9viendront totalement les risques d&rsquo;acc\u00e8s non autoris\u00e9 ou de perte de donn\u00e9es. Par cons\u00e9quent, nous vous recommandons de vous assurer que votre ordinateur est \u00e9quip\u00e9 d&rsquo;un logiciel vous prot\u00e9geant lors de l&rsquo;envoi et de la r\u00e9ception de donn\u00e9es (comme des programmes antivirus \u00e0 jour) et que votre navigateur prend des mesures appropri\u00e9es pour garantir la s\u00e9curit\u00e9 lors de la transmission de donn\u00e9es (comme un pare-feu et des filtres anti-spam).<\/p>\n\n<p><strong>8. DUR\u00c9E DE CONSERVATION ET DE TRAITEMENT DES DONN\u00c9ES<\/strong><\/p>\n\n<p>8.1. Vos donn\u00e9es personnelles seront stock\u00e9es par SLACKTIVITY.CH GmbH pour les finalit\u00e9s d\u00e9crites ici, pour la dur\u00e9e n\u00e9cessaire aux fins susmentionn\u00e9es, sauf si les donn\u00e9es personnelles concern\u00e9es sont n\u00e9cessaires pour prouver l&rsquo;accomplissement d&rsquo;obligations. Dans ce cas, elles seront conserv\u00e9es jusqu&rsquo;\u00e0 l&rsquo;expiration des droits respectifs ou jusqu&rsquo;\u00e0 ce qu&rsquo;une p\u00e9riode de conservation plus longue soit l\u00e9galement prescrite pour les donn\u00e9es.<\/p>\n\n<p>8.2 Lorsque vos donn\u00e9es personnelles ne sont plus n\u00e9cessaires, elles sont supprim\u00e9es de nos syst\u00e8mes et registres ou conserv\u00e9es de mani\u00e8re anonyme afin que vous ne puissiez pas \u00eatre identifi\u00e9.<\/p>\n","protected":false},"excerpt":{"rendered":"<p>SLACKTIVITY.CH attache une grande importance \u00e0 la protection des donn\u00e9es personnelles de nos clients et abonn\u00e9s, quel que soit leur type. Conform\u00e9ment \u00e0 la r\u00e9glementation g\u00e9n\u00e9rale sur la protection des donn\u00e9es de la loi suisse sur la protection des donn\u00e9es (LPD) (art. 4, al. 4 LPD), SLACKTIVITY.CH a d\u00e9velopp\u00e9 toute une s\u00e9rie de mesures de [&hellip;]<\/p>\n","protected":false},"author":2,"featured_media":0,"parent":0,"menu_order":0,"comment_status":"closed","ping_status":"closed","template":"template-compact.php","meta":{"_acf_changed":false,"_joinchat":[],"footnotes":""},"class_list":["post-11789","page","type-page","status-publish","hentry"],"acf":[],"yoast_head":"<!-- This site is optimized with the Yoast SEO plugin v27.5 - https:\/\/yoast.com\/product\/yoast-seo-wordpress\/ -->\n<title>Politique de confidentialit\u00e9 | SLACKTIVITY Slackline Shop Schweiz<\/title>\n<meta name=\"description\" content=\"Politique de confidentialit\u00e9 du magasin en ligne SLACKTIVITY Slacklines.\" \/>\n<meta name=\"robots\" content=\"noindex, follow\" \/>\n<meta property=\"og:locale\" content=\"fr_FR\" \/>\n<meta property=\"og:type\" content=\"article\" \/>\n<meta property=\"og:title\" content=\"Politique de confidentialit\u00e9 | SLACKTIVITY Slackline Shop Schweiz\" \/>\n<meta property=\"og:description\" content=\"Politique de confidentialit\u00e9 du magasin en ligne SLACKTIVITY Slacklines.\" \/>\n<meta property=\"og:url\" content=\"https:\/\/slacktivity.ch\/fr\/politique-de-confidentialite\/\" \/>\n<meta property=\"og:site_name\" content=\"SLACKTIVITY Slackline Shop Schweiz\" \/>\n<meta property=\"article:modified_time\" content=\"2023-11-23T13:25:07+00:00\" \/>\n<meta name=\"twitter:card\" content=\"summary_large_image\" \/>\n<meta name=\"twitter:label1\" content=\"Dur\u00e9e de lecture estim\u00e9e\" \/>\n\t<meta name=\"twitter:data1\" content=\"9 minutes\" \/>\n<script type=\"application\/ld+json\" class=\"yoast-schema-graph\">{\"@context\":\"https:\\\/\\\/schema.org\",\"@graph\":[{\"@type\":\"WebPage\",\"@id\":\"https:\\\/\\\/slacktivity.ch\\\/fr\\\/politique-de-confidentialite\\\/\",\"url\":\"https:\\\/\\\/slacktivity.ch\\\/fr\\\/politique-de-confidentialite\\\/\",\"name\":\"Politique de confidentialit\u00e9 | SLACKTIVITY Slackline Shop Schweiz\",\"isPartOf\":{\"@id\":\"https:\\\/\\\/slacktivity.ch\\\/fr\\\/#website\"},\"datePublished\":\"2023-11-23T13:25:02+00:00\",\"dateModified\":\"2023-11-23T13:25:07+00:00\",\"description\":\"Politique de confidentialit\u00e9 du magasin en ligne SLACKTIVITY Slacklines.\",\"breadcrumb\":{\"@id\":\"https:\\\/\\\/slacktivity.ch\\\/fr\\\/politique-de-confidentialite\\\/#breadcrumb\"},\"inLanguage\":\"fr-FR\",\"potentialAction\":[{\"@type\":\"ReadAction\",\"target\":[\"https:\\\/\\\/slacktivity.ch\\\/fr\\\/politique-de-confidentialite\\\/\"]}]},{\"@type\":\"BreadcrumbList\",\"@id\":\"https:\\\/\\\/slacktivity.ch\\\/fr\\\/politique-de-confidentialite\\\/#breadcrumb\",\"itemListElement\":[{\"@type\":\"ListItem\",\"position\":1,\"name\":\"Home\",\"item\":\"https:\\\/\\\/slacktivity.ch\\\/fr\\\/\"},{\"@type\":\"ListItem\",\"position\":2,\"name\":\"Politique de confidentialit\u00e9\"}]},{\"@type\":\"WebSite\",\"@id\":\"https:\\\/\\\/slacktivity.ch\\\/fr\\\/#website\",\"url\":\"https:\\\/\\\/slacktivity.ch\\\/fr\\\/\",\"name\":\"SLACKTIVITY Slackline Shop Schweiz\",\"description\":\"Ensembles de slackline de haute qualit\u00e9 avec montage facile, produits innovants Highline et accessoires de slackline acheter en ligne. Pour les enfants, les d\u00e9butants et les professionnels.\",\"publisher\":{\"@id\":\"https:\\\/\\\/slacktivity.ch\\\/fr\\\/#organization\"},\"potentialAction\":[{\"@type\":\"SearchAction\",\"target\":{\"@type\":\"EntryPoint\",\"urlTemplate\":\"https:\\\/\\\/slacktivity.ch\\\/fr\\\/?s={search_term_string}\"},\"query-input\":{\"@type\":\"PropertyValueSpecification\",\"valueRequired\":true,\"valueName\":\"search_term_string\"}}],\"inLanguage\":\"fr-FR\"},{\"@type\":\"Organization\",\"@id\":\"https:\\\/\\\/slacktivity.ch\\\/fr\\\/#organization\",\"name\":\"SLACKTIVITY Slackline Shop Schweiz\",\"url\":\"https:\\\/\\\/slacktivity.ch\\\/fr\\\/\",\"logo\":{\"@type\":\"ImageObject\",\"inLanguage\":\"fr-FR\",\"@id\":\"https:\\\/\\\/slacktivity.ch\\\/fr\\\/#\\\/schema\\\/logo\\\/image\\\/\",\"url\":\"https:\\\/\\\/slacktivity.ch\\\/wp-content\\\/uploads\\\/2021\\\/01\\\/slacktivity-slackline-online-shop-1.png\",\"contentUrl\":\"https:\\\/\\\/slacktivity.ch\\\/wp-content\\\/uploads\\\/2021\\\/01\\\/slacktivity-slackline-online-shop-1.png\",\"width\":200,\"height\":77,\"caption\":\"SLACKTIVITY Slackline Shop Schweiz\"},\"image\":{\"@id\":\"https:\\\/\\\/slacktivity.ch\\\/fr\\\/#\\\/schema\\\/logo\\\/image\\\/\"}}]}<\/script>\n<!-- \/ Yoast SEO plugin. -->","yoast_head_json":{"title":"Politique de confidentialit\u00e9 | SLACKTIVITY Slackline Shop Schweiz","description":"Politique de confidentialit\u00e9 du magasin en ligne SLACKTIVITY Slacklines.","robots":{"index":"noindex","follow":"follow"},"og_locale":"fr_FR","og_type":"article","og_title":"Politique de confidentialit\u00e9 | SLACKTIVITY Slackline Shop Schweiz","og_description":"Politique de confidentialit\u00e9 du magasin en ligne SLACKTIVITY Slacklines.","og_url":"https:\/\/slacktivity.ch\/fr\/politique-de-confidentialite\/","og_site_name":"SLACKTIVITY Slackline Shop Schweiz","article_modified_time":"2023-11-23T13:25:07+00:00","twitter_card":"summary_large_image","twitter_misc":{"Dur\u00e9e de lecture estim\u00e9e":"9 minutes"},"schema":{"@context":"https:\/\/schema.org","@graph":[{"@type":"WebPage","@id":"https:\/\/slacktivity.ch\/fr\/politique-de-confidentialite\/","url":"https:\/\/slacktivity.ch\/fr\/politique-de-confidentialite\/","name":"Politique de confidentialit\u00e9 | SLACKTIVITY Slackline Shop Schweiz","isPartOf":{"@id":"https:\/\/slacktivity.ch\/fr\/#website"},"datePublished":"2023-11-23T13:25:02+00:00","dateModified":"2023-11-23T13:25:07+00:00","description":"Politique de confidentialit\u00e9 du magasin en ligne SLACKTIVITY Slacklines.","breadcrumb":{"@id":"https:\/\/slacktivity.ch\/fr\/politique-de-confidentialite\/#breadcrumb"},"inLanguage":"fr-FR","potentialAction":[{"@type":"ReadAction","target":["https:\/\/slacktivity.ch\/fr\/politique-de-confidentialite\/"]}]},{"@type":"BreadcrumbList","@id":"https:\/\/slacktivity.ch\/fr\/politique-de-confidentialite\/#breadcrumb","itemListElement":[{"@type":"ListItem","position":1,"name":"Home","item":"https:\/\/slacktivity.ch\/fr\/"},{"@type":"ListItem","position":2,"name":"Politique de confidentialit\u00e9"}]},{"@type":"WebSite","@id":"https:\/\/slacktivity.ch\/fr\/#website","url":"https:\/\/slacktivity.ch\/fr\/","name":"SLACKTIVITY Slackline Shop Schweiz","description":"Ensembles de slackline de haute qualit\u00e9 avec montage facile, produits innovants Highline et accessoires de slackline acheter en ligne. Pour les enfants, les d\u00e9butants et les professionnels.","publisher":{"@id":"https:\/\/slacktivity.ch\/fr\/#organization"},"potentialAction":[{"@type":"SearchAction","target":{"@type":"EntryPoint","urlTemplate":"https:\/\/slacktivity.ch\/fr\/?s={search_term_string}"},"query-input":{"@type":"PropertyValueSpecification","valueRequired":true,"valueName":"search_term_string"}}],"inLanguage":"fr-FR"},{"@type":"Organization","@id":"https:\/\/slacktivity.ch\/fr\/#organization","name":"SLACKTIVITY Slackline Shop Schweiz","url":"https:\/\/slacktivity.ch\/fr\/","logo":{"@type":"ImageObject","inLanguage":"fr-FR","@id":"https:\/\/slacktivity.ch\/fr\/#\/schema\/logo\/image\/","url":"https:\/\/slacktivity.ch\/wp-content\/uploads\/2021\/01\/slacktivity-slackline-online-shop-1.png","contentUrl":"https:\/\/slacktivity.ch\/wp-content\/uploads\/2021\/01\/slacktivity-slackline-online-shop-1.png","width":200,"height":77,"caption":"SLACKTIVITY Slackline Shop Schweiz"},"image":{"@id":"https:\/\/slacktivity.ch\/fr\/#\/schema\/logo\/image\/"}}]}},"_links":{"self":[{"href":"https:\/\/slacktivity.ch\/fr\/wp-json\/wp\/v2\/pages\/11789","targetHints":{"allow":["GET"]}}],"collection":[{"href":"https:\/\/slacktivity.ch\/fr\/wp-json\/wp\/v2\/pages"}],"about":[{"href":"https:\/\/slacktivity.ch\/fr\/wp-json\/wp\/v2\/types\/page"}],"author":[{"embeddable":true,"href":"https:\/\/slacktivity.ch\/fr\/wp-json\/wp\/v2\/users\/2"}],"replies":[{"embeddable":true,"href":"https:\/\/slacktivity.ch\/fr\/wp-json\/wp\/v2\/comments?post=11789"}],"version-history":[{"count":1,"href":"https:\/\/slacktivity.ch\/fr\/wp-json\/wp\/v2\/pages\/11789\/revisions"}],"predecessor-version":[{"id":11790,"href":"https:\/\/slacktivity.ch\/fr\/wp-json\/wp\/v2\/pages\/11789\/revisions\/11790"}],"wp:attachment":[{"href":"https:\/\/slacktivity.ch\/fr\/wp-json\/wp\/v2\/media?parent=11789"}],"curies":[{"name":"wp","href":"https:\/\/api.w.org\/{rel}","templated":true}]}}