{"id":8979,"date":"2021-06-23T10:46:44","date_gmt":"2021-06-23T08:46:44","guid":{"rendered":"http:\/\/slacktivity.ch\/conditions-generales-de-vente\/"},"modified":"2021-06-23T10:46:44","modified_gmt":"2021-06-23T08:46:44","slug":"conditions-generales-de-vente","status":"publish","type":"page","link":"https:\/\/slacktivity.ch\/fr\/conditions-generales-de-vente\/","title":{"rendered":"Conditions g\u00e9n\u00e9rales de vente"},"content":{"rendered":"<h2>\u00a71 Champ d&rsquo;application<\/h2>\n<p>Pour la relation commerciale entre slacktivity.ch GmbH et l&rsquo;acheteur, les conditions g\u00e9n\u00e9rales suivantes s&rsquo;appliquent exclusivement dans leur version valable au moment de la commande. Les conditions g\u00e9n\u00e9rales divergentes du client ne seront pas reconnues par slacktivity.ch, \u00e0 moins que slacktivity.ch n&rsquo;ait express\u00e9ment accept\u00e9 par \u00e9crit leur validit\u00e9.<\/p>\n<h2>\u00a72 Offre et conclusion du contrat<\/h2>\n<p>Les commandes ne sont contraignantes pour slacktivity.ch qu&rsquo;apr\u00e8s confirmation \u00e9crite. Les confirmations de commande ne seront \u00e9mises que sur demande expresse. Les informations contenues dans nos documents de vente (dessins, illustrations, dimensions, poids et autres prestations) ne sont qu&rsquo;indicatives et ne repr\u00e9sentent aucune garantie de propri\u00e9t\u00e9s, sauf si elles sont express\u00e9ment d\u00e9sign\u00e9es par \u00e9crit comme contraignantes. Si un acheteur d\u00e9passe sa limite de cr\u00e9dit en passant une commande, nous sommes lib\u00e9r\u00e9s de notre obligation de livraison.<\/p>\n<h2>\u00a73 Frais d&rsquo;exp\u00e9dition<\/h2>\n<p>Sauf accord contraire, les prix s&rsquo;entendent hors frais de transport.<\/p>\n<h2>\u00a74 Livraison<\/h2>\n<p>Sauf accord contraire, la livraison est effectu\u00e9e depuis l&rsquo;entrep\u00f4t de slacktivity.ch \u00e0 l&rsquo;adresse de livraison indiqu\u00e9e par le client. Les dates et d\u00e9lais de livraison ne sont pas contraignants, sauf accord expr\u00e8s et \u00e9crit. L&rsquo;indication de d\u00e9lais et de dates de livraison sp\u00e9cifiques par slacktivity.ch est soumise \u00e0 la fourniture correcte et en temps voulu de slacktivity.ch par les fournisseurs et les fabricants.<\/p>\n<p>Dans la mesure o\u00f9 une livraison au client n&rsquo;est pas possible, parce que les marchandises livr\u00e9es ne passent pas par la porte d&rsquo;entr\u00e9e, la porte d&rsquo;entr\u00e9e ou l&rsquo;escalier du client ou parce que le client n&rsquo;est pas trouv\u00e9 \u00e0 l&rsquo;adresse de livraison qu&rsquo;il a fournie, bien que la date de livraison ait \u00e9t\u00e9 annonc\u00e9e au client avec un pr\u00e9avis raisonnable, le client supporte les frais de la livraison infructueuse ainsi que les frais de retour \u00e9ventuels.<\/p>\n<p>Le mat\u00e9riel de slackline pour les salles de sport sera livr\u00e9 \u00e0 la date convenue du cours d&rsquo;initiation. Si une livraison avant cette date est demand\u00e9e, les frais de livraison correspondants.<\/p>\n<h2>\u00a75 Prix<\/h2>\n<p>Tous les prix incluent la taxe sur la valeur ajout\u00e9e suisse de 7,7 %.<\/p>\n<h2>\u00a76 Maintien du titre<\/h2>\n<p>Les biens livr\u00e9s restent la propri\u00e9t\u00e9 de slacktivity.ch jusqu&rsquo;au paiement int\u00e9gral.<\/p>\n<h2>\u00a77 Garantie<\/h2>\n<p>La garantie conform\u00e9ment aux dispositions suivantes est de 2 ans, sauf convention contraire expresse et \u00e9crite.La p\u00e9riode de garantie commence \u00e0 la date de livraison. Si nos instructions d&rsquo;utilisation ou d&rsquo;entretien ne sont pas respect\u00e9es, si des modifications sont apport\u00e9es, si des pi\u00e8ces sont remplac\u00e9es ou si des consommables sont utilis\u00e9s qui ne sont pas conformes aux sp\u00e9cifications d&rsquo;origine, toute garantie est annul\u00e9e dans la mesure o\u00f9 le d\u00e9faut est imputable \u00e0 cela. Cela s&rsquo;applique \u00e9galement si le d\u00e9faut est d\u00fb \u00e0 une utilisation, un stockage et une manipulation inappropri\u00e9s de l&rsquo;\u00e9quipement, ou \u00e0 l&rsquo;intervention d&rsquo;un tiers ou \u00e0 l&rsquo;ouverture de l&rsquo;\u00e9quipement. Les \u00e9carts insignifiants par rapport aux caract\u00e9ristiques garanties de la marchandise ne d\u00e9clenchent aucun droit \u00e0 la garantie.La responsabilit\u00e9 pour l&rsquo;usure normale, ainsi que les consommables \/ accessoires est exclue. Les droits de garantie \u00e0 l&rsquo;encontre de slacktivity.ch reviennent uniquement \u00e0 l&rsquo;acheteur imm\u00e9diat et ne sont pas cessibles.<\/p>\n<h2>\u00a78 Clarification obligation installations Slackline<\/h2>\n<p>.<br \/>\nL&rsquo;obligation de clarifier si l&rsquo;infrastructure \/ les conditions du sol (manchons, murs, sous-sol, etc.) r\u00e9sistent aux forces indiqu\u00e9es par slacktivity.ch avec une double marge de s\u00e9curit\u00e9, incombe \u00e0 l&rsquo;acheteur ou \u00e0 l&rsquo;exploitant de l&rsquo;installation. Les r\u00e8gles de s\u00e9curit\u00e9 indiqu\u00e9es avec le produit respectif doivent \u00eatre observ\u00e9es et respect\u00e9es.<\/p>\n<h2>\u00a79 Retours<\/h2>\n<p>Pour les retours, nous exigeons que la pi\u00e8ce ou l&rsquo;appareil d\u00e9fectueux et une copie de la facture avec laquelle les marchandises ont \u00e9t\u00e9 livr\u00e9es soient envoy\u00e9s ou remis \u00e0 slacktivity.ch pour r\u00e9paration. Les frais d&rsquo;exp\u00e9dition sont \u00e0 la charge de l&rsquo;acheteur. L&rsquo;\u00e9change de pi\u00e8ces, d&rsquo;ensembles ou d&rsquo;appareils complets n&rsquo;entra\u00eene pas de nouvelles p\u00e9riodes de garantie. La garantie se limite exclusivement \u00e0 la r\u00e9paration ou au remplacement des articles de livraison endommag\u00e9s.<\/p>\n<h2>\u00a710 Paiement<\/h2>\n<p>.<br \/>\nLes factures sont payables au comptant ou \u00e0 20 jours nets, selon le contrat, sauf accord contraire. La livraison se fait toujours en port d\u00fb, c&rsquo;est-\u00e0-dire aux frais de l&rsquo;acheteur par colis postal, transporteur ou v\u00e9hicule personnel, sauf convention contraire expresse.Un paiement n&rsquo;est consid\u00e9r\u00e9 comme effectu\u00e9 que lorsque nous pouvons disposer du montant. Si l&rsquo;acheteur est en d\u00e9faut, nous sommes en droit de facturer des int\u00e9r\u00eats \u00e0 partir de la date concern\u00e9e \u00e0 un taux de 5% ou au moins 20.- CHF. Si un dommage sup\u00e9rieur caus\u00e9 par le retard peut \u00eatre prouv\u00e9, slacktivity.ch est en droit de le faire valoir. Pendant la p\u00e9riode de retard, slacktivity.ch est \u00e9galement en droit de se retirer \u00e0 tout moment du contrat, d&rsquo;exiger la restitution de la marchandise livr\u00e9e et de r\u00e9clamer des dommages et int\u00e9r\u00eats pour la perte du contrat. Toutes les cr\u00e9ances sont imm\u00e9diatement exigibles si l&rsquo;acheteur est en retard de paiement, s&rsquo;il ne respecte pas de mani\u00e8re fautive d&rsquo;autres obligations essentielles du contrat ou si nous avons connaissance de circonstances susceptibles de r\u00e9duire la solvabilit\u00e9 du client, notamment la cessation des paiements, la d\u00e9pendance d&rsquo;un r\u00e8glement ou une proc\u00e9dure de faillite. Dans ces cas, nous sommes en droit de retenir les livraisons en cours ou de ne les ex\u00e9cuter que contre un paiement anticip\u00e9 ou des garanties.<\/p>\n<h2>\u00a711 Limitation de la responsabilit\u00e9<\/h2>\n<p>.<br \/>\nLes demandes de dommages-int\u00e9r\u00eats d\u00e9coulant d&rsquo;une impossibilit\u00e9 d&rsquo;ex\u00e9cution, d&rsquo;une violation du contrat, d&rsquo;une culpa in contrahendo et d&rsquo;un d\u00e9lit sont exclues tant \u00e0 notre encontre qu&rsquo;\u00e0 l&rsquo;encontre de nos auxiliaires d&rsquo;ex\u00e9cution ou des personnes employ\u00e9es dans l&rsquo;ex\u00e9cution de nos obligations, sauf en cas de faute intentionnelle ou de n\u00e9gligence grave. Pour les dommages cons\u00e9cutifs \u00e0 l&rsquo;utilisation des produits, toute responsabilit\u00e9 est rejet\u00e9e.<\/p>\n<h2>\u00a712 Vie priv\u00e9e<\/h2>\n<p>slacktivity.ch est en droit de traiter les donn\u00e9es re\u00e7ues dans le cadre de la relation commerciale ou en relation avec celle-ci concernant l&rsquo;acheteur, qu&rsquo;elles proviennent de l&rsquo;acheteur lui-m\u00eame ou de tiers, au sens de la loi f\u00e9d\u00e9rale sur la protection des donn\u00e9es. Les donn\u00e9es personnelles des clients seront trait\u00e9es de mani\u00e8re confidentielle et ne seront pas transmises \u00e0 des tiers.<\/p>\n<h2>\u00a713 Lien juridique<\/h2>\n<p>La relation juridique est soumise au droit suisse. Lieu de juridiction : Glarus (code postal : 8750) dans le canton de Glarus. <b>slacktivity.ch GmbH,<\/b> Engi, 26 f\u00e9vrier 2021<\/p>\n","protected":false},"excerpt":{"rendered":"<p>\u00a71 Champ d&rsquo;application Pour la relation commerciale entre slacktivity.ch GmbH et l&rsquo;acheteur, les conditions g\u00e9n\u00e9rales suivantes s&rsquo;appliquent exclusivement dans leur version valable au moment de la commande. Les conditions g\u00e9n\u00e9rales divergentes du client ne seront pas reconnues par slacktivity.ch, \u00e0 moins que slacktivity.ch n&rsquo;ait express\u00e9ment accept\u00e9 par \u00e9crit leur validit\u00e9. \u00a72 Offre et conclusion du [&hellip;]<\/p>\n","protected":false},"author":2,"featured_media":0,"parent":0,"menu_order":0,"comment_status":"closed","ping_status":"closed","template":"template-multi-cols.php","meta":{"_acf_changed":false,"_joinchat":[],"footnotes":""},"class_list":["post-8979","page","type-page","status-publish","hentry"],"acf":[],"yoast_head":"<!-- This site is optimized with the Yoast SEO plugin v27.3 - https:\/\/yoast.com\/product\/yoast-seo-wordpress\/ -->\n<title>Conditions g\u00e9n\u00e9rales de vente - SLACKTIVITY Slackline Shop Schweiz<\/title>\n<meta name=\"robots\" content=\"index, follow, max-snippet:-1, max-image-preview:large, max-video-preview:-1\" \/>\n<link rel=\"canonical\" href=\"https:\/\/slacktivity.ch\/fr\/conditions-generales-de-vente\/\" \/>\n<meta property=\"og:locale\" content=\"fr_FR\" \/>\n<meta property=\"og:type\" content=\"article\" \/>\n<meta property=\"og:title\" content=\"Conditions g\u00e9n\u00e9rales de vente - SLACKTIVITY Slackline Shop Schweiz\" \/>\n<meta property=\"og:description\" content=\"\u00a71 Champ d&rsquo;application Pour la relation commerciale entre slacktivity.ch GmbH et l&rsquo;acheteur, les conditions g\u00e9n\u00e9rales suivantes s&rsquo;appliquent exclusivement dans leur version valable au moment de la commande. Les conditions g\u00e9n\u00e9rales divergentes du client ne seront pas reconnues par slacktivity.ch, \u00e0 moins que slacktivity.ch n&rsquo;ait express\u00e9ment accept\u00e9 par \u00e9crit leur validit\u00e9. \u00a72 Offre et conclusion du [&hellip;]\" \/>\n<meta property=\"og:url\" content=\"https:\/\/slacktivity.ch\/fr\/conditions-generales-de-vente\/\" \/>\n<meta property=\"og:site_name\" content=\"SLACKTIVITY Slackline Shop Schweiz\" \/>\n<meta name=\"twitter:card\" content=\"summary_large_image\" \/>\n<meta name=\"twitter:label1\" content=\"Dur\u00e9e de lecture estim\u00e9e\" \/>\n\t<meta name=\"twitter:data1\" content=\"5 minutes\" \/>\n<script type=\"application\/ld+json\" class=\"yoast-schema-graph\">{\"@context\":\"https:\\\/\\\/schema.org\",\"@graph\":[{\"@type\":\"WebPage\",\"@id\":\"https:\\\/\\\/slacktivity.ch\\\/fr\\\/conditions-generales-de-vente\\\/\",\"url\":\"https:\\\/\\\/slacktivity.ch\\\/fr\\\/conditions-generales-de-vente\\\/\",\"name\":\"Conditions g\u00e9n\u00e9rales de vente - SLACKTIVITY Slackline Shop Schweiz\",\"isPartOf\":{\"@id\":\"https:\\\/\\\/slacktivity.ch\\\/fr\\\/#website\"},\"datePublished\":\"2021-06-23T08:46:44+00:00\",\"breadcrumb\":{\"@id\":\"https:\\\/\\\/slacktivity.ch\\\/fr\\\/conditions-generales-de-vente\\\/#breadcrumb\"},\"inLanguage\":\"fr-FR\",\"potentialAction\":[{\"@type\":\"ReadAction\",\"target\":[\"https:\\\/\\\/slacktivity.ch\\\/fr\\\/conditions-generales-de-vente\\\/\"]}]},{\"@type\":\"BreadcrumbList\",\"@id\":\"https:\\\/\\\/slacktivity.ch\\\/fr\\\/conditions-generales-de-vente\\\/#breadcrumb\",\"itemListElement\":[{\"@type\":\"ListItem\",\"position\":1,\"name\":\"Home\",\"item\":\"https:\\\/\\\/slacktivity.ch\\\/fr\\\/\"},{\"@type\":\"ListItem\",\"position\":2,\"name\":\"Conditions g\u00e9n\u00e9rales de vente\"}]},{\"@type\":\"WebSite\",\"@id\":\"https:\\\/\\\/slacktivity.ch\\\/fr\\\/#website\",\"url\":\"https:\\\/\\\/slacktivity.ch\\\/fr\\\/\",\"name\":\"SLACKTIVITY Slackline Shop Schweiz\",\"description\":\"Ensembles de slackline de haute qualit\u00e9 avec montage facile, produits innovants Highline et accessoires de slackline acheter en ligne. Pour les enfants, les d\u00e9butants et les professionnels.\",\"publisher\":{\"@id\":\"https:\\\/\\\/slacktivity.ch\\\/fr\\\/#organization\"},\"potentialAction\":[{\"@type\":\"SearchAction\",\"target\":{\"@type\":\"EntryPoint\",\"urlTemplate\":\"https:\\\/\\\/slacktivity.ch\\\/fr\\\/?s={search_term_string}\"},\"query-input\":{\"@type\":\"PropertyValueSpecification\",\"valueRequired\":true,\"valueName\":\"search_term_string\"}}],\"inLanguage\":\"fr-FR\"},{\"@type\":\"Organization\",\"@id\":\"https:\\\/\\\/slacktivity.ch\\\/fr\\\/#organization\",\"name\":\"SLACKTIVITY Slackline Shop Schweiz\",\"url\":\"https:\\\/\\\/slacktivity.ch\\\/fr\\\/\",\"logo\":{\"@type\":\"ImageObject\",\"inLanguage\":\"fr-FR\",\"@id\":\"https:\\\/\\\/slacktivity.ch\\\/fr\\\/#\\\/schema\\\/logo\\\/image\\\/\",\"url\":\"https:\\\/\\\/slacktivity.ch\\\/wp-content\\\/uploads\\\/2021\\\/01\\\/slacktivity-slackline-online-shop-1.png\",\"contentUrl\":\"https:\\\/\\\/slacktivity.ch\\\/wp-content\\\/uploads\\\/2021\\\/01\\\/slacktivity-slackline-online-shop-1.png\",\"width\":200,\"height\":77,\"caption\":\"SLACKTIVITY Slackline Shop Schweiz\"},\"image\":{\"@id\":\"https:\\\/\\\/slacktivity.ch\\\/fr\\\/#\\\/schema\\\/logo\\\/image\\\/\"}}]}<\/script>\n<!-- \/ Yoast SEO plugin. -->","yoast_head_json":{"title":"Conditions g\u00e9n\u00e9rales de vente - SLACKTIVITY Slackline Shop Schweiz","robots":{"index":"index","follow":"follow","max-snippet":"max-snippet:-1","max-image-preview":"max-image-preview:large","max-video-preview":"max-video-preview:-1"},"canonical":"https:\/\/slacktivity.ch\/fr\/conditions-generales-de-vente\/","og_locale":"fr_FR","og_type":"article","og_title":"Conditions g\u00e9n\u00e9rales de vente - SLACKTIVITY Slackline Shop Schweiz","og_description":"\u00a71 Champ d&rsquo;application Pour la relation commerciale entre slacktivity.ch GmbH et l&rsquo;acheteur, les conditions g\u00e9n\u00e9rales suivantes s&rsquo;appliquent exclusivement dans leur version valable au moment de la commande. Les conditions g\u00e9n\u00e9rales divergentes du client ne seront pas reconnues par slacktivity.ch, \u00e0 moins que slacktivity.ch n&rsquo;ait express\u00e9ment accept\u00e9 par \u00e9crit leur validit\u00e9. \u00a72 Offre et conclusion du [&hellip;]","og_url":"https:\/\/slacktivity.ch\/fr\/conditions-generales-de-vente\/","og_site_name":"SLACKTIVITY Slackline Shop Schweiz","twitter_card":"summary_large_image","twitter_misc":{"Dur\u00e9e de lecture estim\u00e9e":"5 minutes"},"schema":{"@context":"https:\/\/schema.org","@graph":[{"@type":"WebPage","@id":"https:\/\/slacktivity.ch\/fr\/conditions-generales-de-vente\/","url":"https:\/\/slacktivity.ch\/fr\/conditions-generales-de-vente\/","name":"Conditions g\u00e9n\u00e9rales de vente - SLACKTIVITY Slackline Shop Schweiz","isPartOf":{"@id":"https:\/\/slacktivity.ch\/fr\/#website"},"datePublished":"2021-06-23T08:46:44+00:00","breadcrumb":{"@id":"https:\/\/slacktivity.ch\/fr\/conditions-generales-de-vente\/#breadcrumb"},"inLanguage":"fr-FR","potentialAction":[{"@type":"ReadAction","target":["https:\/\/slacktivity.ch\/fr\/conditions-generales-de-vente\/"]}]},{"@type":"BreadcrumbList","@id":"https:\/\/slacktivity.ch\/fr\/conditions-generales-de-vente\/#breadcrumb","itemListElement":[{"@type":"ListItem","position":1,"name":"Home","item":"https:\/\/slacktivity.ch\/fr\/"},{"@type":"ListItem","position":2,"name":"Conditions g\u00e9n\u00e9rales de vente"}]},{"@type":"WebSite","@id":"https:\/\/slacktivity.ch\/fr\/#website","url":"https:\/\/slacktivity.ch\/fr\/","name":"SLACKTIVITY Slackline Shop Schweiz","description":"Ensembles de slackline de haute qualit\u00e9 avec montage facile, produits innovants Highline et accessoires de slackline acheter en ligne. Pour les enfants, les d\u00e9butants et les professionnels.","publisher":{"@id":"https:\/\/slacktivity.ch\/fr\/#organization"},"potentialAction":[{"@type":"SearchAction","target":{"@type":"EntryPoint","urlTemplate":"https:\/\/slacktivity.ch\/fr\/?s={search_term_string}"},"query-input":{"@type":"PropertyValueSpecification","valueRequired":true,"valueName":"search_term_string"}}],"inLanguage":"fr-FR"},{"@type":"Organization","@id":"https:\/\/slacktivity.ch\/fr\/#organization","name":"SLACKTIVITY Slackline Shop Schweiz","url":"https:\/\/slacktivity.ch\/fr\/","logo":{"@type":"ImageObject","inLanguage":"fr-FR","@id":"https:\/\/slacktivity.ch\/fr\/#\/schema\/logo\/image\/","url":"https:\/\/slacktivity.ch\/wp-content\/uploads\/2021\/01\/slacktivity-slackline-online-shop-1.png","contentUrl":"https:\/\/slacktivity.ch\/wp-content\/uploads\/2021\/01\/slacktivity-slackline-online-shop-1.png","width":200,"height":77,"caption":"SLACKTIVITY Slackline Shop Schweiz"},"image":{"@id":"https:\/\/slacktivity.ch\/fr\/#\/schema\/logo\/image\/"}}]}},"_links":{"self":[{"href":"https:\/\/slacktivity.ch\/fr\/wp-json\/wp\/v2\/pages\/8979","targetHints":{"allow":["GET"]}}],"collection":[{"href":"https:\/\/slacktivity.ch\/fr\/wp-json\/wp\/v2\/pages"}],"about":[{"href":"https:\/\/slacktivity.ch\/fr\/wp-json\/wp\/v2\/types\/page"}],"author":[{"embeddable":true,"href":"https:\/\/slacktivity.ch\/fr\/wp-json\/wp\/v2\/users\/2"}],"replies":[{"embeddable":true,"href":"https:\/\/slacktivity.ch\/fr\/wp-json\/wp\/v2\/comments?post=8979"}],"version-history":[{"count":0,"href":"https:\/\/slacktivity.ch\/fr\/wp-json\/wp\/v2\/pages\/8979\/revisions"}],"wp:attachment":[{"href":"https:\/\/slacktivity.ch\/fr\/wp-json\/wp\/v2\/media?parent=8979"}],"curies":[{"name":"wp","href":"https:\/\/api.w.org\/{rel}","templated":true}]}}