{"id":10742,"date":"2021-02-22T15:53:58","date_gmt":"2021-02-22T13:53:58","guid":{"rendered":"https:\/\/slacktivity.ch\/shop\/rodeo-slackline\/"},"modified":"2021-02-22T15:53:58","modified_gmt":"2021-02-22T13:53:58","slug":"rodeo-slackline","status":"publish","type":"product","link":"https:\/\/slacktivity.ch\/fr\/shop\/rodeo-slackline\/","title":{"rendered":"AcroLine | Rodeo-Slackline"},"content":{"rendered":"<p>&lt;h2&gt;Rodeo-Slackline | 8m oder 12m&lt;\/h2&gt;<br \/>\nDie weltweit ersten AcroLines &#8211; entwickelt von SLACKTIVITY. Die AcroLines erschliessen ein neues Feld der Rodeo-Slackline und bringen Elemente aus dem Yoga und dem Vertikaltuch auf das Band. Dank einer speziell vern\u00e4hten Polsterung des 50mm Doppelschlauchbandes sind Tricks wie der Schulterstand, Front-\/Backroll, \u00ab\u00a0Sid\u00a0\u00bb und viele mehr erst schmerzfrei m\u00f6glich. Die AcroLine ist eine sehr vielf\u00e4ltig einsetzbare Rodeo-Slackline die \u00e4usserst Robust und einzigartig in ihrer Machart ist.<\/p>\n<p>&lt;img class=\u00a0\u00bbwp-image-7489 size-medium\u00a0\u00bb src=\u00a0\u00bbhttps:\/\/slacktivity.ch\/wp-content\/uploads\/2021\/02\/rodeo-slackline-befestigen-257&#215;300.jpg\u00a0\u00bb alt=\u00a0\u00bbrodeo slackline befestigen\u00a0\u00bb width=\u00a0\u00bb257&Prime; height=\u00a0\u00bb300&Prime; \/&gt; Line-Lock Prinzip mit Karabiner<\/p>\n<p>Die AcroLines werden \u00e4hnlich wie eine Rodeo-Line gespannt (also keine Spannung :-). Mit dem Line-Lock Prinzip<\/p>\n<p>l\u00e4sst sich die Line stufenlos auf die richtige L\u00e4nge einstellen und der Durchhang innert Sekunden verstellen. Daf\u00fcr empfehlen wir den Kauf von mindestens drei &lt;a href=\u00a0\u00bb\/shop\/slackline-karabiner\/\u00a0\u00bb&gt;Slackline-Karabiner&lt;\/a&gt; und zwei &lt;a href=\u00a0\u00bb\/shop\/slackline-baumschlinge-2-5m\/\u00a0\u00bb&gt;Slackline-Baumschlingen&lt;\/a&gt;.\u00a0 Im Gegensatz zu gespannten Slacklines wirken beim AcroLinen nur sehr kleine Belastungen (gleich hoch wie bei H\u00e4ngematten) auf die Endpunkte. C&rsquo;est pourquoi l&rsquo;AcroLine convient aussi pour le rod\u00e9o slackline \u00e0 la maison.<\/p>\n<p>&amp;nbsp ;<br \/>\n&lt;h3&gt;L&rsquo;AcroLine pour les cours de sport comme longue corde \u00e0 sauter&lt;\/h3&gt;<br \/>\nPour les cours de sport, l&rsquo;AcroLine convient aussi tr\u00e8s bien comme longue corde \u00e0 sauter. Pour cela, une extr\u00e9mit\u00e9 peut \u00eatre fix\u00e9e \u00e0 la barre fixe et l&rsquo;autre extr\u00e9mit\u00e9 peut \u00eatre balanc\u00e9e. Ainsi, la corde \u00e0 sauter longue peut \u00eatre int\u00e9gr\u00e9e dans le cours avec un seul professeur de sport.<\/p>\n","protected":false},"excerpt":{"rendered":"<p>L&rsquo;AcroLine explore un tout nouveau domaine du rod\u00e9o slackline et apporte des \u00e9l\u00e9ments de yoga a\u00e9rien ou d&rsquo;acrobatie sur tissu sur la bande.<\/p>\n","protected":false},"featured_media":7150,"comment_status":"open","ping_status":"closed","template":"","meta":{"_acf_changed":false,"_joinchat":[]},"product_cat":[903,727,655,673,634],"product_tag":[674,904],"class_list":{"0":"post-10742","1":"product","2":"type-product","3":"status-publish","4":"has-post-thumbnail","6":"product_cat-autres-equipements-sportifs","7":"product_cat-sangle-slackline","8":"product_cat-sangles","9":"product_cat-slackline-interieur","10":"product_cat-slackline-pour-ecole","11":"product_tag-interieur","12":"product_tag-rodeoline","13":"pa_brand-slacktivity-fr","15":"first","16":"instock","17":"taxable","18":"shipping-taxable","19":"purchasable","20":"product-type-variable","21":"has-default-attributes"},"acf":[],"yoast_head":"<!-- This site is optimized with the Yoast SEO plugin v27.4 - https:\/\/yoast.com\/product\/yoast-seo-wordpress\/ -->\n<title>AcroLine - la slackline rod\u00e9o | acheter chez SLACKTIVITY Slackline Shop<\/title>\n<meta name=\"description\" content=\"L&#039;AcroLine explore un tout nouveau domaine du rod\u00e9o slackline et apporte des \u00e9l\u00e9ments de yoga a\u00e9rien ou d&#039;acrobatie sur tissu sur la bande.\" \/>\n<meta name=\"robots\" content=\"index, follow, max-snippet:-1, max-image-preview:large, max-video-preview:-1\" \/>\n<link rel=\"canonical\" href=\"https:\/\/slacktivity.ch\/fr\/shop\/rodeo-slackline\/\" \/>\n<meta property=\"og:locale\" content=\"fr_FR\" \/>\n<meta property=\"og:type\" content=\"article\" \/>\n<meta property=\"og:title\" content=\"AcroLine - la slackline rod\u00e9o | acheter chez SLACKTIVITY Slackline Shop\" \/>\n<meta property=\"og:description\" content=\"L&#039;AcroLine explore un tout nouveau domaine du rod\u00e9o slackline et apporte des \u00e9l\u00e9ments de yoga a\u00e9rien ou d&#039;acrobatie sur tissu sur la bande.\" \/>\n<meta property=\"og:url\" content=\"https:\/\/slacktivity.ch\/fr\/shop\/rodeo-slackline\/\" \/>\n<meta property=\"og:site_name\" content=\"SLACKTIVITY Slackline Shop Schweiz\" \/>\n<meta property=\"og:image\" content=\"https:\/\/slacktivity.ch\/wp-content\/uploads\/2021\/02\/rodeo-slackline.jpg\" \/>\n\t<meta property=\"og:image:width\" content=\"1180\" \/>\n\t<meta property=\"og:image:height\" content=\"1377\" \/>\n\t<meta property=\"og:image:type\" content=\"image\/jpeg\" \/>\n<meta name=\"twitter:card\" content=\"summary_large_image\" \/>\n<meta name=\"twitter:label1\" content=\"Dur\u00e9e de lecture estim\u00e9e\" \/>\n\t<meta name=\"twitter:data1\" content=\"1 minute\" \/>\n<script type=\"application\/ld+json\" class=\"yoast-schema-graph\">{\"@context\":\"https:\\\/\\\/schema.org\",\"@graph\":[{\"@type\":\"WebPage\",\"@id\":\"https:\\\/\\\/slacktivity.ch\\\/fr\\\/shop\\\/rodeo-slackline\\\/\",\"url\":\"https:\\\/\\\/slacktivity.ch\\\/fr\\\/shop\\\/rodeo-slackline\\\/\",\"name\":\"AcroLine - la slackline rod\u00e9o | acheter chez SLACKTIVITY Slackline Shop\",\"isPartOf\":{\"@id\":\"https:\\\/\\\/slacktivity.ch\\\/fr\\\/#website\"},\"primaryImageOfPage\":{\"@id\":\"https:\\\/\\\/slacktivity.ch\\\/fr\\\/shop\\\/rodeo-slackline\\\/#primaryimage\"},\"image\":{\"@id\":\"https:\\\/\\\/slacktivity.ch\\\/fr\\\/shop\\\/rodeo-slackline\\\/#primaryimage\"},\"thumbnailUrl\":\"https:\\\/\\\/slacktivity.ch\\\/wp-content\\\/uploads\\\/2021\\\/02\\\/rodeo-slackline.jpg\",\"datePublished\":\"2021-02-22T13:53:58+00:00\",\"description\":\"L'AcroLine explore un tout nouveau domaine du rod\u00e9o slackline et apporte des \u00e9l\u00e9ments de yoga a\u00e9rien ou d'acrobatie sur tissu sur la bande.\",\"breadcrumb\":{\"@id\":\"https:\\\/\\\/slacktivity.ch\\\/fr\\\/shop\\\/rodeo-slackline\\\/#breadcrumb\"},\"inLanguage\":\"fr-FR\",\"potentialAction\":[{\"@type\":\"ReadAction\",\"target\":[\"https:\\\/\\\/slacktivity.ch\\\/fr\\\/shop\\\/rodeo-slackline\\\/\"]}]},{\"@type\":\"ImageObject\",\"inLanguage\":\"fr-FR\",\"@id\":\"https:\\\/\\\/slacktivity.ch\\\/fr\\\/shop\\\/rodeo-slackline\\\/#primaryimage\",\"url\":\"https:\\\/\\\/slacktivity.ch\\\/wp-content\\\/uploads\\\/2021\\\/02\\\/rodeo-slackline.jpg\",\"contentUrl\":\"https:\\\/\\\/slacktivity.ch\\\/wp-content\\\/uploads\\\/2021\\\/02\\\/rodeo-slackline.jpg\",\"width\":1180,\"height\":1377,\"caption\":\"rodeo-slackline\"},{\"@type\":\"BreadcrumbList\",\"@id\":\"https:\\\/\\\/slacktivity.ch\\\/fr\\\/shop\\\/rodeo-slackline\\\/#breadcrumb\",\"itemListElement\":[{\"@type\":\"ListItem\",\"position\":1,\"name\":\"Home\",\"item\":\"https:\\\/\\\/slacktivity.ch\\\/fr\\\/\"},{\"@type\":\"ListItem\",\"position\":2,\"name\":\"Boutique\",\"item\":\"https:\\\/\\\/slacktivity.ch\\\/fr\\\/boutique\\\/\"},{\"@type\":\"ListItem\",\"position\":3,\"name\":\"AcroLine | Rodeo-Slackline\"}]},{\"@type\":\"WebSite\",\"@id\":\"https:\\\/\\\/slacktivity.ch\\\/fr\\\/#website\",\"url\":\"https:\\\/\\\/slacktivity.ch\\\/fr\\\/\",\"name\":\"SLACKTIVITY Slackline Shop Schweiz\",\"description\":\"Ensembles de slackline de haute qualit\u00e9 avec montage facile, produits innovants Highline et accessoires de slackline acheter en ligne. Pour les enfants, les d\u00e9butants et les professionnels.\",\"publisher\":{\"@id\":\"https:\\\/\\\/slacktivity.ch\\\/fr\\\/#organization\"},\"potentialAction\":[{\"@type\":\"SearchAction\",\"target\":{\"@type\":\"EntryPoint\",\"urlTemplate\":\"https:\\\/\\\/slacktivity.ch\\\/fr\\\/?s={search_term_string}\"},\"query-input\":{\"@type\":\"PropertyValueSpecification\",\"valueRequired\":true,\"valueName\":\"search_term_string\"}}],\"inLanguage\":\"fr-FR\"},{\"@type\":\"Organization\",\"@id\":\"https:\\\/\\\/slacktivity.ch\\\/fr\\\/#organization\",\"name\":\"SLACKTIVITY Slackline Shop Schweiz\",\"url\":\"https:\\\/\\\/slacktivity.ch\\\/fr\\\/\",\"logo\":{\"@type\":\"ImageObject\",\"inLanguage\":\"fr-FR\",\"@id\":\"https:\\\/\\\/slacktivity.ch\\\/fr\\\/#\\\/schema\\\/logo\\\/image\\\/\",\"url\":\"https:\\\/\\\/slacktivity.ch\\\/wp-content\\\/uploads\\\/2021\\\/01\\\/slacktivity-slackline-online-shop-1.png\",\"contentUrl\":\"https:\\\/\\\/slacktivity.ch\\\/wp-content\\\/uploads\\\/2021\\\/01\\\/slacktivity-slackline-online-shop-1.png\",\"width\":200,\"height\":77,\"caption\":\"SLACKTIVITY Slackline Shop Schweiz\"},\"image\":{\"@id\":\"https:\\\/\\\/slacktivity.ch\\\/fr\\\/#\\\/schema\\\/logo\\\/image\\\/\"}}]}<\/script>\n<!-- \/ Yoast SEO plugin. -->","yoast_head_json":{"title":"AcroLine - la slackline rod\u00e9o | acheter chez SLACKTIVITY Slackline Shop","description":"L'AcroLine explore un tout nouveau domaine du rod\u00e9o slackline et apporte des \u00e9l\u00e9ments de yoga a\u00e9rien ou d'acrobatie sur tissu sur la bande.","robots":{"index":"index","follow":"follow","max-snippet":"max-snippet:-1","max-image-preview":"max-image-preview:large","max-video-preview":"max-video-preview:-1"},"canonical":"https:\/\/slacktivity.ch\/fr\/shop\/rodeo-slackline\/","og_locale":"fr_FR","og_type":"article","og_title":"AcroLine - la slackline rod\u00e9o | acheter chez SLACKTIVITY Slackline Shop","og_description":"L'AcroLine explore un tout nouveau domaine du rod\u00e9o slackline et apporte des \u00e9l\u00e9ments de yoga a\u00e9rien ou d'acrobatie sur tissu sur la bande.","og_url":"https:\/\/slacktivity.ch\/fr\/shop\/rodeo-slackline\/","og_site_name":"SLACKTIVITY Slackline Shop Schweiz","og_image":[{"width":1180,"height":1377,"url":"https:\/\/slacktivity.ch\/wp-content\/uploads\/2021\/02\/rodeo-slackline.jpg","type":"image\/jpeg"}],"twitter_card":"summary_large_image","twitter_misc":{"Dur\u00e9e de lecture estim\u00e9e":"1 minute"},"schema":{"@context":"https:\/\/schema.org","@graph":[{"@type":"WebPage","@id":"https:\/\/slacktivity.ch\/fr\/shop\/rodeo-slackline\/","url":"https:\/\/slacktivity.ch\/fr\/shop\/rodeo-slackline\/","name":"AcroLine - la slackline rod\u00e9o | acheter chez SLACKTIVITY Slackline Shop","isPartOf":{"@id":"https:\/\/slacktivity.ch\/fr\/#website"},"primaryImageOfPage":{"@id":"https:\/\/slacktivity.ch\/fr\/shop\/rodeo-slackline\/#primaryimage"},"image":{"@id":"https:\/\/slacktivity.ch\/fr\/shop\/rodeo-slackline\/#primaryimage"},"thumbnailUrl":"https:\/\/slacktivity.ch\/wp-content\/uploads\/2021\/02\/rodeo-slackline.jpg","datePublished":"2021-02-22T13:53:58+00:00","description":"L'AcroLine explore un tout nouveau domaine du rod\u00e9o slackline et apporte des \u00e9l\u00e9ments de yoga a\u00e9rien ou d'acrobatie sur tissu sur la bande.","breadcrumb":{"@id":"https:\/\/slacktivity.ch\/fr\/shop\/rodeo-slackline\/#breadcrumb"},"inLanguage":"fr-FR","potentialAction":[{"@type":"ReadAction","target":["https:\/\/slacktivity.ch\/fr\/shop\/rodeo-slackline\/"]}]},{"@type":"ImageObject","inLanguage":"fr-FR","@id":"https:\/\/slacktivity.ch\/fr\/shop\/rodeo-slackline\/#primaryimage","url":"https:\/\/slacktivity.ch\/wp-content\/uploads\/2021\/02\/rodeo-slackline.jpg","contentUrl":"https:\/\/slacktivity.ch\/wp-content\/uploads\/2021\/02\/rodeo-slackline.jpg","width":1180,"height":1377,"caption":"rodeo-slackline"},{"@type":"BreadcrumbList","@id":"https:\/\/slacktivity.ch\/fr\/shop\/rodeo-slackline\/#breadcrumb","itemListElement":[{"@type":"ListItem","position":1,"name":"Home","item":"https:\/\/slacktivity.ch\/fr\/"},{"@type":"ListItem","position":2,"name":"Boutique","item":"https:\/\/slacktivity.ch\/fr\/boutique\/"},{"@type":"ListItem","position":3,"name":"AcroLine | Rodeo-Slackline"}]},{"@type":"WebSite","@id":"https:\/\/slacktivity.ch\/fr\/#website","url":"https:\/\/slacktivity.ch\/fr\/","name":"SLACKTIVITY Slackline Shop Schweiz","description":"Ensembles de slackline de haute qualit\u00e9 avec montage facile, produits innovants Highline et accessoires de slackline acheter en ligne. Pour les enfants, les d\u00e9butants et les professionnels.","publisher":{"@id":"https:\/\/slacktivity.ch\/fr\/#organization"},"potentialAction":[{"@type":"SearchAction","target":{"@type":"EntryPoint","urlTemplate":"https:\/\/slacktivity.ch\/fr\/?s={search_term_string}"},"query-input":{"@type":"PropertyValueSpecification","valueRequired":true,"valueName":"search_term_string"}}],"inLanguage":"fr-FR"},{"@type":"Organization","@id":"https:\/\/slacktivity.ch\/fr\/#organization","name":"SLACKTIVITY Slackline Shop Schweiz","url":"https:\/\/slacktivity.ch\/fr\/","logo":{"@type":"ImageObject","inLanguage":"fr-FR","@id":"https:\/\/slacktivity.ch\/fr\/#\/schema\/logo\/image\/","url":"https:\/\/slacktivity.ch\/wp-content\/uploads\/2021\/01\/slacktivity-slackline-online-shop-1.png","contentUrl":"https:\/\/slacktivity.ch\/wp-content\/uploads\/2021\/01\/slacktivity-slackline-online-shop-1.png","width":200,"height":77,"caption":"SLACKTIVITY Slackline Shop Schweiz"},"image":{"@id":"https:\/\/slacktivity.ch\/fr\/#\/schema\/logo\/image\/"}}]}},"_links":{"self":[{"href":"https:\/\/slacktivity.ch\/fr\/wp-json\/wp\/v2\/product\/10742","targetHints":{"allow":["GET"]}}],"collection":[{"href":"https:\/\/slacktivity.ch\/fr\/wp-json\/wp\/v2\/product"}],"about":[{"href":"https:\/\/slacktivity.ch\/fr\/wp-json\/wp\/v2\/types\/product"}],"replies":[{"embeddable":true,"href":"https:\/\/slacktivity.ch\/fr\/wp-json\/wp\/v2\/comments?post=10742"}],"wp:featuredmedia":[{"embeddable":true,"href":"https:\/\/slacktivity.ch\/fr\/wp-json\/wp\/v2\/media\/7150"}],"wp:attachment":[{"href":"https:\/\/slacktivity.ch\/fr\/wp-json\/wp\/v2\/media?parent=10742"}],"wp:term":[{"taxonomy":"product_cat","embeddable":true,"href":"https:\/\/slacktivity.ch\/fr\/wp-json\/wp\/v2\/product_cat?post=10742"},{"taxonomy":"product_tag","embeddable":true,"href":"https:\/\/slacktivity.ch\/fr\/wp-json\/wp\/v2\/product_tag?post=10742"}],"curies":[{"name":"wp","href":"https:\/\/api.w.org\/{rel}","templated":true}]}}