{"id":10780,"date":"2021-02-22T15:55:32","date_gmt":"2021-02-22T13:55:32","guid":{"rendered":"https:\/\/slacktivity.ch\/shop\/elingue-industrielle\/"},"modified":"2021-02-22T15:55:32","modified_gmt":"2021-02-22T13:55:32","slug":"elingue-industrielle","status":"publish","type":"product","link":"https:\/\/slacktivity.ch\/fr\/shop\/elingue-industrielle\/","title":{"rendered":"Elingue industrielle | 0.5 &#8211; 10m"},"content":{"rendered":"<h2>Elingue industrielle<\/h2>\n<p>L&rsquo;\u00e9lingue ronde sert de boucle d&rsquo;ancrage pour les slacklines. Elle a \u00e9t\u00e9 sp\u00e9cialement con\u00e7ue pour les applications o\u00f9 elle est expos\u00e9e \u00e0 des ar\u00eates vives (-> poutres en b\u00e9ton\/acier ou blocs de roche). Gr\u00e2ce \u00e0 sa construction noyau-gaine, elle est tr\u00e8s r\u00e9sistante \u00e0 ce type d&rsquo;agression.<\/p>\n<p>Sp\u00e9cialement pour les \u00e9lingues rondes SLACKTIVITY : Deux fois plus robuste gr\u00e2ce \u00e0 la double gaine. Si la premi\u00e8re couche est us\u00e9e, la deuxi\u00e8me couche tient toujours comme une nouvelle \u00e9lingue ronde.<\/p>\n<p>N\u00e9anmoins, en cas d&rsquo;ar\u00eates vives, il est recommand\u00e9 de placer encore un LineSlider ou une protection d&rsquo;arbre en dessous, par s\u00e9curit\u00e9.<\/p>\n<h3>Les \u00e9lingues rondes sont disponibles dans les longueurs suivantes:<\/h3>\n<ul>\n<li>Longueur=0.5m \/ circonf\u00e9rence=1m \/ Gewicht: ca. 180g<\/li>\n<li>Longueur=1m \/ C=2m \/ Gewicht: ca. 300g<\/li>\n<li>Longueur=2m \/ C=4m \/ Gewicht: ca. 560g<\/li>\n<li>Longueur=2.5m \/ C=5m \/ Gewicht: ca. 720g<\/li>\n<li>Longueur=3m \/ C=6m \/ Gewicht: ca. 870g<\/li>\n<li>Longueur=4m \/ C=8m \/ Gewicht: ca. 1200g<\/li>\n<li>Longueur=5m \/ C=10m \/ Gewicht: ca. 1500g<\/li>\n<li>Longueur=6m \/ C=12m \/ Gewicht: ca. 1800g<\/li>\n<li>Longueur=10m \/ C=20m \/ Gewicht: ca. 3000g<\/li>\n<li>Mindest-Bruchlast einzel direkt: 70kN<\/li>\n<li>Mindest-Bruchlast mit Ankerstich: 56kN<\/li>\n<li>Charge de rupture minimale autour de l&rsquo;arbre (en fonction de l&rsquo;angle): 105kN<\/li>\n<li>WLL (Working Load Limit &#8211; valable pour toutes les longueurs) simple direct \/ t\u00eate d&rsquo;alouette \/ autour de l&rsquo;arbre: 10kN \/ 8kN \/ 15kN<\/li>\n<\/ul>\n<p><b>Hinweis:<\/b> Remarque : Les \u00e9lingues rondes existent en version violette et verte. Pour des raisons techniques de stockage, il n&rsquo;est pas possible de faire une s\u00e9lection pour le moment.<\/p>\n","protected":false},"excerpt":{"rendered":"<p>L&rsquo;\u00e9lingue ronde avec construction \u00e0 double gaine et une charge de rupture d&rsquo;au moins 70kN est parfaite pour les ancrages Slackline extr\u00eames.<\/p>\n","protected":false},"featured_media":6109,"comment_status":"open","ping_status":"closed","template":"","meta":{"_acf_changed":false,"_joinchat":[]},"product_cat":[623,908],"product_tag":[],"class_list":{"0":"post-10780","1":"product","2":"type-product","3":"status-publish","4":"has-post-thumbnail","6":"product_cat-protection-des-arbres-et-elingues","7":"product_cat-slackline-boucle","8":"pa_brand-slacktivity-fr","10":"first","11":"instock","12":"taxable","13":"shipping-taxable","14":"purchasable","15":"product-type-variable"},"acf":[],"yoast_head":"<!-- This site is optimized with the Yoast SEO plugin v27.4 - https:\/\/yoast.com\/product\/yoast-seo-wordpress\/ -->\n<title>Elingue industrielle | 0.5 - 10m - SLACKTIVITY Slackline Shop Schweiz<\/title>\n<meta name=\"robots\" content=\"index, follow, max-snippet:-1, max-image-preview:large, max-video-preview:-1\" \/>\n<link rel=\"canonical\" href=\"https:\/\/slacktivity.ch\/fr\/shop\/elingue-industrielle\/\" \/>\n<meta property=\"og:locale\" content=\"fr_FR\" \/>\n<meta property=\"og:type\" content=\"article\" \/>\n<meta property=\"og:title\" content=\"Elingue industrielle | 0.5 - 10m - SLACKTIVITY Slackline Shop Schweiz\" \/>\n<meta property=\"og:description\" content=\"L&#039;\u00e9lingue ronde avec construction \u00e0 double gaine et une charge de rupture d&#039;au moins 70kN est parfaite pour les ancrages Slackline extr\u00eames.\" \/>\n<meta property=\"og:url\" content=\"https:\/\/slacktivity.ch\/fr\/shop\/elingue-industrielle\/\" \/>\n<meta property=\"og:site_name\" content=\"SLACKTIVITY Slackline Shop Schweiz\" \/>\n<meta property=\"og:image\" content=\"https:\/\/slacktivity.ch\/wp-content\/uploads\/2021\/02\/rundschlinge.jpg\" \/>\n\t<meta property=\"og:image:width\" content=\"1180\" \/>\n\t<meta property=\"og:image:height\" content=\"1377\" \/>\n\t<meta property=\"og:image:type\" content=\"image\/jpeg\" \/>\n<meta name=\"twitter:card\" content=\"summary_large_image\" \/>\n<meta name=\"twitter:label1\" content=\"Dur\u00e9e de lecture estim\u00e9e\" \/>\n\t<meta name=\"twitter:data1\" content=\"1 minute\" \/>\n<script type=\"application\/ld+json\" class=\"yoast-schema-graph\">{\"@context\":\"https:\\\/\\\/schema.org\",\"@graph\":[{\"@type\":\"WebPage\",\"@id\":\"https:\\\/\\\/slacktivity.ch\\\/fr\\\/shop\\\/elingue-industrielle\\\/\",\"url\":\"https:\\\/\\\/slacktivity.ch\\\/fr\\\/shop\\\/elingue-industrielle\\\/\",\"name\":\"Elingue industrielle | 0.5 - 10m - SLACKTIVITY Slackline Shop Schweiz\",\"isPartOf\":{\"@id\":\"https:\\\/\\\/slacktivity.ch\\\/fr\\\/#website\"},\"primaryImageOfPage\":{\"@id\":\"https:\\\/\\\/slacktivity.ch\\\/fr\\\/shop\\\/elingue-industrielle\\\/#primaryimage\"},\"image\":{\"@id\":\"https:\\\/\\\/slacktivity.ch\\\/fr\\\/shop\\\/elingue-industrielle\\\/#primaryimage\"},\"thumbnailUrl\":\"https:\\\/\\\/slacktivity.ch\\\/wp-content\\\/uploads\\\/2021\\\/02\\\/rundschlinge.jpg\",\"datePublished\":\"2021-02-22T13:55:32+00:00\",\"breadcrumb\":{\"@id\":\"https:\\\/\\\/slacktivity.ch\\\/fr\\\/shop\\\/elingue-industrielle\\\/#breadcrumb\"},\"inLanguage\":\"fr-FR\",\"potentialAction\":[{\"@type\":\"ReadAction\",\"target\":[\"https:\\\/\\\/slacktivity.ch\\\/fr\\\/shop\\\/elingue-industrielle\\\/\"]}]},{\"@type\":\"ImageObject\",\"inLanguage\":\"fr-FR\",\"@id\":\"https:\\\/\\\/slacktivity.ch\\\/fr\\\/shop\\\/elingue-industrielle\\\/#primaryimage\",\"url\":\"https:\\\/\\\/slacktivity.ch\\\/wp-content\\\/uploads\\\/2021\\\/02\\\/rundschlinge.jpg\",\"contentUrl\":\"https:\\\/\\\/slacktivity.ch\\\/wp-content\\\/uploads\\\/2021\\\/02\\\/rundschlinge.jpg\",\"width\":1180,\"height\":1377,\"caption\":\"elingue\"},{\"@type\":\"BreadcrumbList\",\"@id\":\"https:\\\/\\\/slacktivity.ch\\\/fr\\\/shop\\\/elingue-industrielle\\\/#breadcrumb\",\"itemListElement\":[{\"@type\":\"ListItem\",\"position\":1,\"name\":\"Home\",\"item\":\"https:\\\/\\\/slacktivity.ch\\\/fr\\\/\"},{\"@type\":\"ListItem\",\"position\":2,\"name\":\"Boutique\",\"item\":\"https:\\\/\\\/slacktivity.ch\\\/fr\\\/boutique\\\/\"},{\"@type\":\"ListItem\",\"position\":3,\"name\":\"Elingue industrielle | 0.5 &#8211; 10m\"}]},{\"@type\":\"WebSite\",\"@id\":\"https:\\\/\\\/slacktivity.ch\\\/fr\\\/#website\",\"url\":\"https:\\\/\\\/slacktivity.ch\\\/fr\\\/\",\"name\":\"SLACKTIVITY Slackline Shop Schweiz\",\"description\":\"Ensembles de slackline de haute qualit\u00e9 avec montage facile, produits innovants Highline et accessoires de slackline acheter en ligne. Pour les enfants, les d\u00e9butants et les professionnels.\",\"publisher\":{\"@id\":\"https:\\\/\\\/slacktivity.ch\\\/fr\\\/#organization\"},\"potentialAction\":[{\"@type\":\"SearchAction\",\"target\":{\"@type\":\"EntryPoint\",\"urlTemplate\":\"https:\\\/\\\/slacktivity.ch\\\/fr\\\/?s={search_term_string}\"},\"query-input\":{\"@type\":\"PropertyValueSpecification\",\"valueRequired\":true,\"valueName\":\"search_term_string\"}}],\"inLanguage\":\"fr-FR\"},{\"@type\":\"Organization\",\"@id\":\"https:\\\/\\\/slacktivity.ch\\\/fr\\\/#organization\",\"name\":\"SLACKTIVITY Slackline Shop Schweiz\",\"url\":\"https:\\\/\\\/slacktivity.ch\\\/fr\\\/\",\"logo\":{\"@type\":\"ImageObject\",\"inLanguage\":\"fr-FR\",\"@id\":\"https:\\\/\\\/slacktivity.ch\\\/fr\\\/#\\\/schema\\\/logo\\\/image\\\/\",\"url\":\"https:\\\/\\\/slacktivity.ch\\\/wp-content\\\/uploads\\\/2021\\\/01\\\/slacktivity-slackline-online-shop-1.png\",\"contentUrl\":\"https:\\\/\\\/slacktivity.ch\\\/wp-content\\\/uploads\\\/2021\\\/01\\\/slacktivity-slackline-online-shop-1.png\",\"width\":200,\"height\":77,\"caption\":\"SLACKTIVITY Slackline Shop Schweiz\"},\"image\":{\"@id\":\"https:\\\/\\\/slacktivity.ch\\\/fr\\\/#\\\/schema\\\/logo\\\/image\\\/\"}}]}<\/script>\n<!-- \/ Yoast SEO plugin. -->","yoast_head_json":{"title":"Elingue industrielle | 0.5 - 10m - SLACKTIVITY Slackline Shop Schweiz","robots":{"index":"index","follow":"follow","max-snippet":"max-snippet:-1","max-image-preview":"max-image-preview:large","max-video-preview":"max-video-preview:-1"},"canonical":"https:\/\/slacktivity.ch\/fr\/shop\/elingue-industrielle\/","og_locale":"fr_FR","og_type":"article","og_title":"Elingue industrielle | 0.5 - 10m - SLACKTIVITY Slackline Shop Schweiz","og_description":"L'\u00e9lingue ronde avec construction \u00e0 double gaine et une charge de rupture d'au moins 70kN est parfaite pour les ancrages Slackline extr\u00eames.","og_url":"https:\/\/slacktivity.ch\/fr\/shop\/elingue-industrielle\/","og_site_name":"SLACKTIVITY Slackline Shop Schweiz","og_image":[{"width":1180,"height":1377,"url":"https:\/\/slacktivity.ch\/wp-content\/uploads\/2021\/02\/rundschlinge.jpg","type":"image\/jpeg"}],"twitter_card":"summary_large_image","twitter_misc":{"Dur\u00e9e de lecture estim\u00e9e":"1 minute"},"schema":{"@context":"https:\/\/schema.org","@graph":[{"@type":"WebPage","@id":"https:\/\/slacktivity.ch\/fr\/shop\/elingue-industrielle\/","url":"https:\/\/slacktivity.ch\/fr\/shop\/elingue-industrielle\/","name":"Elingue industrielle | 0.5 - 10m - SLACKTIVITY Slackline Shop Schweiz","isPartOf":{"@id":"https:\/\/slacktivity.ch\/fr\/#website"},"primaryImageOfPage":{"@id":"https:\/\/slacktivity.ch\/fr\/shop\/elingue-industrielle\/#primaryimage"},"image":{"@id":"https:\/\/slacktivity.ch\/fr\/shop\/elingue-industrielle\/#primaryimage"},"thumbnailUrl":"https:\/\/slacktivity.ch\/wp-content\/uploads\/2021\/02\/rundschlinge.jpg","datePublished":"2021-02-22T13:55:32+00:00","breadcrumb":{"@id":"https:\/\/slacktivity.ch\/fr\/shop\/elingue-industrielle\/#breadcrumb"},"inLanguage":"fr-FR","potentialAction":[{"@type":"ReadAction","target":["https:\/\/slacktivity.ch\/fr\/shop\/elingue-industrielle\/"]}]},{"@type":"ImageObject","inLanguage":"fr-FR","@id":"https:\/\/slacktivity.ch\/fr\/shop\/elingue-industrielle\/#primaryimage","url":"https:\/\/slacktivity.ch\/wp-content\/uploads\/2021\/02\/rundschlinge.jpg","contentUrl":"https:\/\/slacktivity.ch\/wp-content\/uploads\/2021\/02\/rundschlinge.jpg","width":1180,"height":1377,"caption":"elingue"},{"@type":"BreadcrumbList","@id":"https:\/\/slacktivity.ch\/fr\/shop\/elingue-industrielle\/#breadcrumb","itemListElement":[{"@type":"ListItem","position":1,"name":"Home","item":"https:\/\/slacktivity.ch\/fr\/"},{"@type":"ListItem","position":2,"name":"Boutique","item":"https:\/\/slacktivity.ch\/fr\/boutique\/"},{"@type":"ListItem","position":3,"name":"Elingue industrielle | 0.5 &#8211; 10m"}]},{"@type":"WebSite","@id":"https:\/\/slacktivity.ch\/fr\/#website","url":"https:\/\/slacktivity.ch\/fr\/","name":"SLACKTIVITY Slackline Shop Schweiz","description":"Ensembles de slackline de haute qualit\u00e9 avec montage facile, produits innovants Highline et accessoires de slackline acheter en ligne. Pour les enfants, les d\u00e9butants et les professionnels.","publisher":{"@id":"https:\/\/slacktivity.ch\/fr\/#organization"},"potentialAction":[{"@type":"SearchAction","target":{"@type":"EntryPoint","urlTemplate":"https:\/\/slacktivity.ch\/fr\/?s={search_term_string}"},"query-input":{"@type":"PropertyValueSpecification","valueRequired":true,"valueName":"search_term_string"}}],"inLanguage":"fr-FR"},{"@type":"Organization","@id":"https:\/\/slacktivity.ch\/fr\/#organization","name":"SLACKTIVITY Slackline Shop Schweiz","url":"https:\/\/slacktivity.ch\/fr\/","logo":{"@type":"ImageObject","inLanguage":"fr-FR","@id":"https:\/\/slacktivity.ch\/fr\/#\/schema\/logo\/image\/","url":"https:\/\/slacktivity.ch\/wp-content\/uploads\/2021\/01\/slacktivity-slackline-online-shop-1.png","contentUrl":"https:\/\/slacktivity.ch\/wp-content\/uploads\/2021\/01\/slacktivity-slackline-online-shop-1.png","width":200,"height":77,"caption":"SLACKTIVITY Slackline Shop Schweiz"},"image":{"@id":"https:\/\/slacktivity.ch\/fr\/#\/schema\/logo\/image\/"}}]}},"_links":{"self":[{"href":"https:\/\/slacktivity.ch\/fr\/wp-json\/wp\/v2\/product\/10780","targetHints":{"allow":["GET"]}}],"collection":[{"href":"https:\/\/slacktivity.ch\/fr\/wp-json\/wp\/v2\/product"}],"about":[{"href":"https:\/\/slacktivity.ch\/fr\/wp-json\/wp\/v2\/types\/product"}],"replies":[{"embeddable":true,"href":"https:\/\/slacktivity.ch\/fr\/wp-json\/wp\/v2\/comments?post=10780"}],"wp:featuredmedia":[{"embeddable":true,"href":"https:\/\/slacktivity.ch\/fr\/wp-json\/wp\/v2\/media\/6109"}],"wp:attachment":[{"href":"https:\/\/slacktivity.ch\/fr\/wp-json\/wp\/v2\/media?parent=10780"}],"wp:term":[{"taxonomy":"product_cat","embeddable":true,"href":"https:\/\/slacktivity.ch\/fr\/wp-json\/wp\/v2\/product_cat?post=10780"},{"taxonomy":"product_tag","embeddable":true,"href":"https:\/\/slacktivity.ch\/fr\/wp-json\/wp\/v2\/product_tag?post=10780"}],"curies":[{"name":"wp","href":"https:\/\/api.w.org\/{rel}","templated":true}]}}