{"id":10794,"date":"2021-02-22T15:55:33","date_gmt":"2021-02-22T13:55:33","guid":{"rendered":"https:\/\/slacktivity.ch\/shop\/super-jumpline-slacklineband\/"},"modified":"2021-02-22T15:55:33","modified_gmt":"2021-02-22T13:55:33","slug":"super-jumpline-slacklineband","status":"publish","type":"product","link":"https:\/\/slacktivity.ch\/fr\/shop\/super-jumpline-slacklineband\/","title":{"rendered":"Slangle Slackline Super-Jumpline | 25m &#8211; 50m"},"content":{"rendered":"<h2>Sangle Slackline Super-Jumpline | 25m &#8211; 50m<\/h2>\n<p>Gr\u00e2ce au proc\u00e9d\u00e9 de tissage sp\u00e9cial de SLACKTIVITY, la Super-Jumpline Slacklineband offre plus de puissance de saut que jamais ! Il n&rsquo;a jamais \u00e9t\u00e9 possible d&rsquo;effectuer des sauts aussi hauts sur un slackline. Gr\u00e2ce \u00e0 l&rsquo;orange lumineux, la bande est beaucoup plus visible \u00e0 la r\u00e9ception des sauts que les bandes de slackline traditionnelles.<\/p>\n<h3>Sp\u00e9cifications<\/h3>\n<ul>\n<li>Elongation 10kN: 5%<\/li>\n<li>Charge de rupture: 36kN<\/li>\n<li>Poids: 64g\/m<\/li>\n<\/ul>\n<h3>Avantages par rapport aux autres sets Slackline :<\/h3>\n<ul>\n<li>Gr\u00e2ce au whiteGrip, on trouve une meilleure adh\u00e9rence sur le slackline, surtout dans des conditions humides.<\/li>\n<li>Le tissage tr\u00e8s fin emp\u00eache les \u00e9corchures -&gt; lisi\u00e8res agr\u00e9ables<\/li>\n<li>Ruban fin &#8211;&gt; beaucoup de couches s&rsquo;adaptent sur le cliquet, ce qui permet de mieux tendre le ruban<\/li>\n<\/ul>\n<h3>Remarque sur les syst\u00e8mes de serrage<\/h3>\n<p>Jusqu&rsquo;\u00e0 50 m, la bande de super jumpline peut \u00eatre tendue sans probl\u00e8me avec deux cliquets Monster. Dans ce cas, la slackline doit toutefois \u00eatre tendue un peu plus haut (2-3m).<\/p>\n<p>Pour des distances sup\u00e9rieures \u00e0 30m ou\/et des tensions \u00e9lev\u00e9es, il est vivement recommand\u00e9 d&rsquo;utiliser un soft-release pour d\u00e9tendre le cliquet.<\/p>\n","protected":false},"excerpt":{"rendered":"<p>Des sauts plus hauts qu&rsquo;avec la Super-Jumpline Slacklineband ne sont jusqu&rsquo;\u00e0 pr\u00e9sent possibles avec aucune autre sangle en polyester !<\/p>\n","protected":false},"featured_media":5447,"comment_status":"open","ping_status":"closed","template":"","meta":{"_acf_changed":false,"_joinchat":[]},"product_cat":[727,655],"product_tag":[671],"class_list":{"0":"post-10794","1":"product","2":"type-product","3":"status-publish","4":"has-post-thumbnail","6":"product_cat-sangle-slackline","7":"product_cat-sangles","8":"product_tag-trickline","9":"pa_brand-slacktivity-fr","11":"first","12":"instock","13":"taxable","14":"shipping-taxable","15":"purchasable","16":"product-type-variable"},"acf":[],"yoast_head":"<!-- This site is optimized with the Yoast SEO plugin v27.3 - https:\/\/yoast.com\/product\/yoast-seo-wordpress\/ -->\n<title>Slangle Slackline Super-Jumpline | 25m - 50m - SLACKTIVITY Slackline Shop Schweiz<\/title>\n<meta name=\"robots\" content=\"index, follow, max-snippet:-1, max-image-preview:large, max-video-preview:-1\" \/>\n<link rel=\"canonical\" href=\"https:\/\/slacktivity.ch\/fr\/shop\/super-jumpline-slacklineband\/\" \/>\n<meta property=\"og:locale\" content=\"fr_FR\" \/>\n<meta property=\"og:type\" content=\"article\" \/>\n<meta property=\"og:title\" content=\"Slangle Slackline Super-Jumpline | 25m - 50m - SLACKTIVITY Slackline Shop Schweiz\" \/>\n<meta property=\"og:description\" content=\"Des sauts plus hauts qu&#039;avec la Super-Jumpline Slacklineband ne sont jusqu&#039;\u00e0 pr\u00e9sent possibles avec aucune autre sangle en polyester !\" \/>\n<meta property=\"og:url\" content=\"https:\/\/slacktivity.ch\/fr\/shop\/super-jumpline-slacklineband\/\" \/>\n<meta property=\"og:site_name\" content=\"SLACKTIVITY Slackline Shop Schweiz\" \/>\n<meta property=\"og:image\" content=\"https:\/\/slacktivity.ch\/wp-content\/uploads\/2021\/02\/jumpline-slacklineband.jpg\" \/>\n\t<meta property=\"og:image:width\" content=\"1180\" \/>\n\t<meta property=\"og:image:height\" content=\"1377\" \/>\n\t<meta property=\"og:image:type\" content=\"image\/jpeg\" \/>\n<meta name=\"twitter:card\" content=\"summary_large_image\" \/>\n<meta name=\"twitter:label1\" content=\"Dur\u00e9e de lecture estim\u00e9e\" \/>\n\t<meta name=\"twitter:data1\" content=\"1 minute\" \/>\n<script type=\"application\/ld+json\" class=\"yoast-schema-graph\">{\"@context\":\"https:\\\/\\\/schema.org\",\"@graph\":[{\"@type\":\"WebPage\",\"@id\":\"https:\\\/\\\/slacktivity.ch\\\/fr\\\/shop\\\/super-jumpline-slacklineband\\\/\",\"url\":\"https:\\\/\\\/slacktivity.ch\\\/fr\\\/shop\\\/super-jumpline-slacklineband\\\/\",\"name\":\"Slangle Slackline Super-Jumpline | 25m - 50m - SLACKTIVITY Slackline Shop Schweiz\",\"isPartOf\":{\"@id\":\"https:\\\/\\\/slacktivity.ch\\\/fr\\\/#website\"},\"primaryImageOfPage\":{\"@id\":\"https:\\\/\\\/slacktivity.ch\\\/fr\\\/shop\\\/super-jumpline-slacklineband\\\/#primaryimage\"},\"image\":{\"@id\":\"https:\\\/\\\/slacktivity.ch\\\/fr\\\/shop\\\/super-jumpline-slacklineband\\\/#primaryimage\"},\"thumbnailUrl\":\"https:\\\/\\\/slacktivity.ch\\\/wp-content\\\/uploads\\\/2021\\\/02\\\/jumpline-slacklineband.jpg\",\"datePublished\":\"2021-02-22T13:55:33+00:00\",\"breadcrumb\":{\"@id\":\"https:\\\/\\\/slacktivity.ch\\\/fr\\\/shop\\\/super-jumpline-slacklineband\\\/#breadcrumb\"},\"inLanguage\":\"fr-FR\",\"potentialAction\":[{\"@type\":\"ReadAction\",\"target\":[\"https:\\\/\\\/slacktivity.ch\\\/fr\\\/shop\\\/super-jumpline-slacklineband\\\/\"]}]},{\"@type\":\"ImageObject\",\"inLanguage\":\"fr-FR\",\"@id\":\"https:\\\/\\\/slacktivity.ch\\\/fr\\\/shop\\\/super-jumpline-slacklineband\\\/#primaryimage\",\"url\":\"https:\\\/\\\/slacktivity.ch\\\/wp-content\\\/uploads\\\/2021\\\/02\\\/jumpline-slacklineband.jpg\",\"contentUrl\":\"https:\\\/\\\/slacktivity.ch\\\/wp-content\\\/uploads\\\/2021\\\/02\\\/jumpline-slacklineband.jpg\",\"width\":1180,\"height\":1377,\"caption\":\"jumpline slacklineband\"},{\"@type\":\"BreadcrumbList\",\"@id\":\"https:\\\/\\\/slacktivity.ch\\\/fr\\\/shop\\\/super-jumpline-slacklineband\\\/#breadcrumb\",\"itemListElement\":[{\"@type\":\"ListItem\",\"position\":1,\"name\":\"Home\",\"item\":\"https:\\\/\\\/slacktivity.ch\\\/fr\\\/\"},{\"@type\":\"ListItem\",\"position\":2,\"name\":\"Boutique\",\"item\":\"https:\\\/\\\/slacktivity.ch\\\/fr\\\/boutique\\\/\"},{\"@type\":\"ListItem\",\"position\":3,\"name\":\"Slangle Slackline Super-Jumpline | 25m &#8211; 50m\"}]},{\"@type\":\"WebSite\",\"@id\":\"https:\\\/\\\/slacktivity.ch\\\/fr\\\/#website\",\"url\":\"https:\\\/\\\/slacktivity.ch\\\/fr\\\/\",\"name\":\"SLACKTIVITY Slackline Shop Schweiz\",\"description\":\"Ensembles de slackline de haute qualit\u00e9 avec montage facile, produits innovants Highline et accessoires de slackline acheter en ligne. Pour les enfants, les d\u00e9butants et les professionnels.\",\"publisher\":{\"@id\":\"https:\\\/\\\/slacktivity.ch\\\/fr\\\/#organization\"},\"potentialAction\":[{\"@type\":\"SearchAction\",\"target\":{\"@type\":\"EntryPoint\",\"urlTemplate\":\"https:\\\/\\\/slacktivity.ch\\\/fr\\\/?s={search_term_string}\"},\"query-input\":{\"@type\":\"PropertyValueSpecification\",\"valueRequired\":true,\"valueName\":\"search_term_string\"}}],\"inLanguage\":\"fr-FR\"},{\"@type\":\"Organization\",\"@id\":\"https:\\\/\\\/slacktivity.ch\\\/fr\\\/#organization\",\"name\":\"SLACKTIVITY Slackline Shop Schweiz\",\"url\":\"https:\\\/\\\/slacktivity.ch\\\/fr\\\/\",\"logo\":{\"@type\":\"ImageObject\",\"inLanguage\":\"fr-FR\",\"@id\":\"https:\\\/\\\/slacktivity.ch\\\/fr\\\/#\\\/schema\\\/logo\\\/image\\\/\",\"url\":\"https:\\\/\\\/slacktivity.ch\\\/wp-content\\\/uploads\\\/2021\\\/01\\\/slacktivity-slackline-online-shop-1.png\",\"contentUrl\":\"https:\\\/\\\/slacktivity.ch\\\/wp-content\\\/uploads\\\/2021\\\/01\\\/slacktivity-slackline-online-shop-1.png\",\"width\":200,\"height\":77,\"caption\":\"SLACKTIVITY Slackline Shop Schweiz\"},\"image\":{\"@id\":\"https:\\\/\\\/slacktivity.ch\\\/fr\\\/#\\\/schema\\\/logo\\\/image\\\/\"}}]}<\/script>\n<!-- \/ Yoast SEO plugin. -->","yoast_head_json":{"title":"Slangle Slackline Super-Jumpline | 25m - 50m - SLACKTIVITY Slackline Shop Schweiz","robots":{"index":"index","follow":"follow","max-snippet":"max-snippet:-1","max-image-preview":"max-image-preview:large","max-video-preview":"max-video-preview:-1"},"canonical":"https:\/\/slacktivity.ch\/fr\/shop\/super-jumpline-slacklineband\/","og_locale":"fr_FR","og_type":"article","og_title":"Slangle Slackline Super-Jumpline | 25m - 50m - SLACKTIVITY Slackline Shop Schweiz","og_description":"Des sauts plus hauts qu'avec la Super-Jumpline Slacklineband ne sont jusqu'\u00e0 pr\u00e9sent possibles avec aucune autre sangle en polyester !","og_url":"https:\/\/slacktivity.ch\/fr\/shop\/super-jumpline-slacklineband\/","og_site_name":"SLACKTIVITY Slackline Shop Schweiz","og_image":[{"width":1180,"height":1377,"url":"https:\/\/slacktivity.ch\/wp-content\/uploads\/2021\/02\/jumpline-slacklineband.jpg","type":"image\/jpeg"}],"twitter_card":"summary_large_image","twitter_misc":{"Dur\u00e9e de lecture estim\u00e9e":"1 minute"},"schema":{"@context":"https:\/\/schema.org","@graph":[{"@type":"WebPage","@id":"https:\/\/slacktivity.ch\/fr\/shop\/super-jumpline-slacklineband\/","url":"https:\/\/slacktivity.ch\/fr\/shop\/super-jumpline-slacklineband\/","name":"Slangle Slackline Super-Jumpline | 25m - 50m - SLACKTIVITY Slackline Shop Schweiz","isPartOf":{"@id":"https:\/\/slacktivity.ch\/fr\/#website"},"primaryImageOfPage":{"@id":"https:\/\/slacktivity.ch\/fr\/shop\/super-jumpline-slacklineband\/#primaryimage"},"image":{"@id":"https:\/\/slacktivity.ch\/fr\/shop\/super-jumpline-slacklineband\/#primaryimage"},"thumbnailUrl":"https:\/\/slacktivity.ch\/wp-content\/uploads\/2021\/02\/jumpline-slacklineband.jpg","datePublished":"2021-02-22T13:55:33+00:00","breadcrumb":{"@id":"https:\/\/slacktivity.ch\/fr\/shop\/super-jumpline-slacklineband\/#breadcrumb"},"inLanguage":"fr-FR","potentialAction":[{"@type":"ReadAction","target":["https:\/\/slacktivity.ch\/fr\/shop\/super-jumpline-slacklineband\/"]}]},{"@type":"ImageObject","inLanguage":"fr-FR","@id":"https:\/\/slacktivity.ch\/fr\/shop\/super-jumpline-slacklineband\/#primaryimage","url":"https:\/\/slacktivity.ch\/wp-content\/uploads\/2021\/02\/jumpline-slacklineband.jpg","contentUrl":"https:\/\/slacktivity.ch\/wp-content\/uploads\/2021\/02\/jumpline-slacklineband.jpg","width":1180,"height":1377,"caption":"jumpline slacklineband"},{"@type":"BreadcrumbList","@id":"https:\/\/slacktivity.ch\/fr\/shop\/super-jumpline-slacklineband\/#breadcrumb","itemListElement":[{"@type":"ListItem","position":1,"name":"Home","item":"https:\/\/slacktivity.ch\/fr\/"},{"@type":"ListItem","position":2,"name":"Boutique","item":"https:\/\/slacktivity.ch\/fr\/boutique\/"},{"@type":"ListItem","position":3,"name":"Slangle Slackline Super-Jumpline | 25m &#8211; 50m"}]},{"@type":"WebSite","@id":"https:\/\/slacktivity.ch\/fr\/#website","url":"https:\/\/slacktivity.ch\/fr\/","name":"SLACKTIVITY Slackline Shop Schweiz","description":"Ensembles de slackline de haute qualit\u00e9 avec montage facile, produits innovants Highline et accessoires de slackline acheter en ligne. Pour les enfants, les d\u00e9butants et les professionnels.","publisher":{"@id":"https:\/\/slacktivity.ch\/fr\/#organization"},"potentialAction":[{"@type":"SearchAction","target":{"@type":"EntryPoint","urlTemplate":"https:\/\/slacktivity.ch\/fr\/?s={search_term_string}"},"query-input":{"@type":"PropertyValueSpecification","valueRequired":true,"valueName":"search_term_string"}}],"inLanguage":"fr-FR"},{"@type":"Organization","@id":"https:\/\/slacktivity.ch\/fr\/#organization","name":"SLACKTIVITY Slackline Shop Schweiz","url":"https:\/\/slacktivity.ch\/fr\/","logo":{"@type":"ImageObject","inLanguage":"fr-FR","@id":"https:\/\/slacktivity.ch\/fr\/#\/schema\/logo\/image\/","url":"https:\/\/slacktivity.ch\/wp-content\/uploads\/2021\/01\/slacktivity-slackline-online-shop-1.png","contentUrl":"https:\/\/slacktivity.ch\/wp-content\/uploads\/2021\/01\/slacktivity-slackline-online-shop-1.png","width":200,"height":77,"caption":"SLACKTIVITY Slackline Shop Schweiz"},"image":{"@id":"https:\/\/slacktivity.ch\/fr\/#\/schema\/logo\/image\/"}}]}},"_links":{"self":[{"href":"https:\/\/slacktivity.ch\/fr\/wp-json\/wp\/v2\/product\/10794","targetHints":{"allow":["GET"]}}],"collection":[{"href":"https:\/\/slacktivity.ch\/fr\/wp-json\/wp\/v2\/product"}],"about":[{"href":"https:\/\/slacktivity.ch\/fr\/wp-json\/wp\/v2\/types\/product"}],"replies":[{"embeddable":true,"href":"https:\/\/slacktivity.ch\/fr\/wp-json\/wp\/v2\/comments?post=10794"}],"wp:featuredmedia":[{"embeddable":true,"href":"https:\/\/slacktivity.ch\/fr\/wp-json\/wp\/v2\/media\/5447"}],"wp:attachment":[{"href":"https:\/\/slacktivity.ch\/fr\/wp-json\/wp\/v2\/media?parent=10794"}],"wp:term":[{"taxonomy":"product_cat","embeddable":true,"href":"https:\/\/slacktivity.ch\/fr\/wp-json\/wp\/v2\/product_cat?post=10794"},{"taxonomy":"product_tag","embeddable":true,"href":"https:\/\/slacktivity.ch\/fr\/wp-json\/wp\/v2\/product_tag?post=10794"}],"curies":[{"name":"wp","href":"https:\/\/api.w.org\/{rel}","templated":true}]}}