{"id":10801,"date":"2021-02-22T15:55:32","date_gmt":"2021-02-22T13:55:32","guid":{"rendered":"https:\/\/slacktivity.ch\/shop\/slackline-elingue-5m\/"},"modified":"2021-02-22T15:55:32","modified_gmt":"2021-02-22T13:55:32","slug":"slackline-elingue-5m","status":"publish","type":"product","link":"https:\/\/slacktivity.ch\/fr\/shop\/slackline-elingue-5m\/","title":{"rendered":"\u00c9lingue d&rsquo;arbre Slackline | 5m"},"content":{"rendered":"<h2>Longue \u00c9lingue d&rsquo;arbre Slackline | 5m<\/h2>\n<p>La solution parfaite pour les arbres g\u00e9ants. Cette sangle d&rsquo;arbre Slackline de 5 m de long a \u00e9t\u00e9 con\u00e7ue par SLACKTIVITY de mani\u00e8re \u00e0 ce qu&rsquo;avec une largeur de 5 cm, elle m\u00e9nage absolument les arbres tout en \u00e9tant tr\u00e8s pratique \u00e0 utiliser. En quelques secondes, elle peut \u00eatre r\u00e9gl\u00e9e sur une longueur de 30 \u00e0 500 cm. Le mousqueton de cette \u00e9lingue d&rsquo;arbre glisse automatiquement au bon endroit, sans que l&rsquo;\u00e9lingue d&rsquo;arbre ne frotte le long de l&rsquo;\u00e9corce.<\/p>\n<p>Gr\u00e2ce au velcro cousu \u00e0 l&rsquo;arri\u00e8re, cette sangle d&rsquo;arbre Slackline peut \u00eatre facilement fix\u00e9e \u00e0 la protection de l&rsquo;arbre. Cela peut \u00eatre tr\u00e8s utile, surtout pour les grands arbres, car cela emp\u00eache de glisser.<\/p>\n<p>Pour les slackliners qui souhaitent un set de slackline aussi l\u00e9ger que possible tout en m\u00e9nageant les arbres, cette sangle d&rsquo;arbre offre le grand avantage de pouvoir s&rsquo;ouvrir et se fermer. Cela permet par exemple d&rsquo;accrocher directement un softRelease, un ConnectionLoop ou un deadManPlate et d&rsquo;\u00e9conomiser ainsi une manille ou un mousqueton.<\/p>\n<h3>Avantages et caract\u00e9ristiques<\/h3>\n<ul>\n<li>Beaucoup plus l\u00e9ger (environ 60%) qu&rsquo;une \u00e9lingue ronde industrielle ou un Spanset<\/li>\n<li>longueur r\u00e9glable de 30cm \u00e0 500cm<\/li>\n<li>ainsi, le cliquet et le WebLock sont tr\u00e8s proches du point fixe -&gt; pas de poids g\u00eanant qui se balance<\/li>\n<li>fermeture -&gt; pour une fixation directe sans manille<\/li>\n<li>Tr\u00e8s bonne r\u00e9partition de la charge de traction, pour un slackline m\u00e9nageant au maximum les arbres<\/li>\n<li>pas \/ tr\u00e8s peu de charge de triload sur le mousqueton par rapport aux autres \u00e9lingues d&rsquo;arbre<\/li>\n<li>Pour \u00e9viter de glisser, l&rsquo;\u00e9lingue peut \u00eatre attach\u00e9e \u00e0 la protection de l&rsquo;arbre.<\/li>\n<\/ul>\n<h3>Sp\u00e9cifications de l&rsquo;\u00e9lingue d&rsquo;arbre r\u00e9glable Slackline<\/h3>\n<ul>\n<li>Longueur : 5m<\/li>\n<li>Largeur : 5cm<\/li>\n<li>Poids: 350g<\/li>\n<li>Mat\u00e9riaux : ruban plat : polyester, fermeture : acier chrom\u00e9<\/li>\n<li>MBS (Minimum Breaking Strength): (single wrap) 32kN* \/ (double wrap) 56kN*<\/li>\n<li>WLL (Working Load Limit): 8kN<\/li>\n<\/ul>\n<p>*En cas de montage incorrect de l&rsquo;\u00e9lingue d&rsquo;arbre avec la fermeture dans le sens de la traction, la charge de rupture diminue d&rsquo;environ 20% !<\/p>\n<p>Conseil: doubler l&rsquo;\u00e9lingue autour de l&rsquo;arbre, ce qui permet de mieux r\u00e9partir la pression sur l&rsquo;\u00e9corce (recommand\u00e9 pour les arbres fragiles au printemps) et de doubler pratiquement la charge de rupture ! De plus, en croisant l&rsquo;\u00e9lingue d&rsquo;arbre \u00e0 double tour, il est possible d&rsquo;accrocher une manille horizontalement plut\u00f4t que verticalement. Les amateurs de gr\u00e9age vari\u00e9 vont adorer l&rsquo;\u00e9lingue d&rsquo;arbre SLACKTIVITY Slackline.<\/p>\n<p>&nbsp;<\/p>\n<p>Avant d&rsquo;utiliser ce produit, il faut lire et comprendre le mode d&#8217;emploi (PDF \u00e0 t\u00e9l\u00e9charger).<\/p>\n","protected":false},"excerpt":{"rendered":"<p>\u00c9lingue d&rsquo;arbre Slackline r\u00e9glable de 5 m de long pour attacher des Slacklines \u00e0 de grands arbres.<\/p>\n","protected":false},"featured_media":5301,"comment_status":"open","ping_status":"closed","template":"","meta":{"_acf_changed":false,"_joinchat":[]},"product_cat":[623,908],"product_tag":[],"class_list":{"0":"post-10801","1":"product","2":"type-product","3":"status-publish","4":"has-post-thumbnail","6":"product_cat-protection-des-arbres-et-elingues","7":"product_cat-slackline-boucle","8":"pa_brand-slacktivity-fr","10":"first","11":"instock","12":"taxable","13":"shipping-taxable","14":"purchasable","15":"product-type-simple"},"acf":[],"yoast_head":"<!-- This site is optimized with the Yoast SEO plugin v27.5 - https:\/\/yoast.com\/product\/yoast-seo-wordpress\/ -->\n<title>\u00c9lingue d&#039;arbre Slackline | 5m - SLACKTIVITY Slackline Shop Schweiz<\/title>\n<meta name=\"robots\" content=\"index, follow, max-snippet:-1, max-image-preview:large, max-video-preview:-1\" \/>\n<link rel=\"canonical\" href=\"https:\/\/slacktivity.ch\/fr\/shop\/slackline-elingue-5m\/\" \/>\n<meta property=\"og:locale\" content=\"fr_FR\" \/>\n<meta property=\"og:type\" content=\"article\" \/>\n<meta property=\"og:title\" content=\"\u00c9lingue d&#039;arbre Slackline | 5m - SLACKTIVITY Slackline Shop Schweiz\" \/>\n<meta property=\"og:description\" content=\"\u00c9lingue d&#039;arbre Slackline r\u00e9glable de 5 m de long pour attacher des Slacklines \u00e0 de grands arbres.\" \/>\n<meta property=\"og:url\" content=\"https:\/\/slacktivity.ch\/fr\/shop\/slackline-elingue-5m\/\" \/>\n<meta property=\"og:site_name\" content=\"SLACKTIVITY Slackline Shop Schweiz\" \/>\n<meta property=\"og:image\" content=\"https:\/\/slacktivity.ch\/wp-content\/uploads\/2021\/02\/slackline-baumschlinge-5m.jpg\" \/>\n\t<meta property=\"og:image:width\" content=\"1180\" \/>\n\t<meta property=\"og:image:height\" content=\"1377\" \/>\n\t<meta property=\"og:image:type\" content=\"image\/jpeg\" \/>\n<meta name=\"twitter:card\" content=\"summary_large_image\" \/>\n<meta name=\"twitter:label1\" content=\"Dur\u00e9e de lecture estim\u00e9e\" \/>\n\t<meta name=\"twitter:data1\" content=\"2 minutes\" \/>\n<script type=\"application\/ld+json\" class=\"yoast-schema-graph\">{\"@context\":\"https:\\\/\\\/schema.org\",\"@graph\":[{\"@type\":\"WebPage\",\"@id\":\"https:\\\/\\\/slacktivity.ch\\\/fr\\\/shop\\\/slackline-elingue-5m\\\/\",\"url\":\"https:\\\/\\\/slacktivity.ch\\\/fr\\\/shop\\\/slackline-elingue-5m\\\/\",\"name\":\"\u00c9lingue d'arbre Slackline | 5m - SLACKTIVITY Slackline Shop Schweiz\",\"isPartOf\":{\"@id\":\"https:\\\/\\\/slacktivity.ch\\\/fr\\\/#website\"},\"primaryImageOfPage\":{\"@id\":\"https:\\\/\\\/slacktivity.ch\\\/fr\\\/shop\\\/slackline-elingue-5m\\\/#primaryimage\"},\"image\":{\"@id\":\"https:\\\/\\\/slacktivity.ch\\\/fr\\\/shop\\\/slackline-elingue-5m\\\/#primaryimage\"},\"thumbnailUrl\":\"https:\\\/\\\/slacktivity.ch\\\/wp-content\\\/uploads\\\/2021\\\/02\\\/slackline-baumschlinge-5m.jpg\",\"datePublished\":\"2021-02-22T13:55:32+00:00\",\"breadcrumb\":{\"@id\":\"https:\\\/\\\/slacktivity.ch\\\/fr\\\/shop\\\/slackline-elingue-5m\\\/#breadcrumb\"},\"inLanguage\":\"fr-FR\",\"potentialAction\":[{\"@type\":\"ReadAction\",\"target\":[\"https:\\\/\\\/slacktivity.ch\\\/fr\\\/shop\\\/slackline-elingue-5m\\\/\"]}]},{\"@type\":\"ImageObject\",\"inLanguage\":\"fr-FR\",\"@id\":\"https:\\\/\\\/slacktivity.ch\\\/fr\\\/shop\\\/slackline-elingue-5m\\\/#primaryimage\",\"url\":\"https:\\\/\\\/slacktivity.ch\\\/wp-content\\\/uploads\\\/2021\\\/02\\\/slackline-baumschlinge-5m.jpg\",\"contentUrl\":\"https:\\\/\\\/slacktivity.ch\\\/wp-content\\\/uploads\\\/2021\\\/02\\\/slackline-baumschlinge-5m.jpg\",\"width\":1180,\"height\":1377,\"caption\":\"slackline-baumschlinge 5\"},{\"@type\":\"BreadcrumbList\",\"@id\":\"https:\\\/\\\/slacktivity.ch\\\/fr\\\/shop\\\/slackline-elingue-5m\\\/#breadcrumb\",\"itemListElement\":[{\"@type\":\"ListItem\",\"position\":1,\"name\":\"Home\",\"item\":\"https:\\\/\\\/slacktivity.ch\\\/fr\\\/\"},{\"@type\":\"ListItem\",\"position\":2,\"name\":\"Boutique\",\"item\":\"https:\\\/\\\/slacktivity.ch\\\/fr\\\/boutique\\\/\"},{\"@type\":\"ListItem\",\"position\":3,\"name\":\"\u00c9lingue d&rsquo;arbre Slackline | 5m\"}]},{\"@type\":\"WebSite\",\"@id\":\"https:\\\/\\\/slacktivity.ch\\\/fr\\\/#website\",\"url\":\"https:\\\/\\\/slacktivity.ch\\\/fr\\\/\",\"name\":\"SLACKTIVITY Slackline Shop Schweiz\",\"description\":\"Ensembles de slackline de haute qualit\u00e9 avec montage facile, produits innovants Highline et accessoires de slackline acheter en ligne. Pour les enfants, les d\u00e9butants et les professionnels.\",\"publisher\":{\"@id\":\"https:\\\/\\\/slacktivity.ch\\\/fr\\\/#organization\"},\"potentialAction\":[{\"@type\":\"SearchAction\",\"target\":{\"@type\":\"EntryPoint\",\"urlTemplate\":\"https:\\\/\\\/slacktivity.ch\\\/fr\\\/?s={search_term_string}\"},\"query-input\":{\"@type\":\"PropertyValueSpecification\",\"valueRequired\":true,\"valueName\":\"search_term_string\"}}],\"inLanguage\":\"fr-FR\"},{\"@type\":\"Organization\",\"@id\":\"https:\\\/\\\/slacktivity.ch\\\/fr\\\/#organization\",\"name\":\"SLACKTIVITY Slackline Shop Schweiz\",\"url\":\"https:\\\/\\\/slacktivity.ch\\\/fr\\\/\",\"logo\":{\"@type\":\"ImageObject\",\"inLanguage\":\"fr-FR\",\"@id\":\"https:\\\/\\\/slacktivity.ch\\\/fr\\\/#\\\/schema\\\/logo\\\/image\\\/\",\"url\":\"https:\\\/\\\/slacktivity.ch\\\/wp-content\\\/uploads\\\/2021\\\/01\\\/slacktivity-slackline-online-shop-1.png\",\"contentUrl\":\"https:\\\/\\\/slacktivity.ch\\\/wp-content\\\/uploads\\\/2021\\\/01\\\/slacktivity-slackline-online-shop-1.png\",\"width\":200,\"height\":77,\"caption\":\"SLACKTIVITY Slackline Shop Schweiz\"},\"image\":{\"@id\":\"https:\\\/\\\/slacktivity.ch\\\/fr\\\/#\\\/schema\\\/logo\\\/image\\\/\"}}]}<\/script>\n<!-- \/ Yoast SEO plugin. -->","yoast_head_json":{"title":"\u00c9lingue d'arbre Slackline | 5m - SLACKTIVITY Slackline Shop Schweiz","robots":{"index":"index","follow":"follow","max-snippet":"max-snippet:-1","max-image-preview":"max-image-preview:large","max-video-preview":"max-video-preview:-1"},"canonical":"https:\/\/slacktivity.ch\/fr\/shop\/slackline-elingue-5m\/","og_locale":"fr_FR","og_type":"article","og_title":"\u00c9lingue d'arbre Slackline | 5m - SLACKTIVITY Slackline Shop Schweiz","og_description":"\u00c9lingue d'arbre Slackline r\u00e9glable de 5 m de long pour attacher des Slacklines \u00e0 de grands arbres.","og_url":"https:\/\/slacktivity.ch\/fr\/shop\/slackline-elingue-5m\/","og_site_name":"SLACKTIVITY Slackline Shop Schweiz","og_image":[{"width":1180,"height":1377,"url":"https:\/\/slacktivity.ch\/wp-content\/uploads\/2021\/02\/slackline-baumschlinge-5m.jpg","type":"image\/jpeg"}],"twitter_card":"summary_large_image","twitter_misc":{"Dur\u00e9e de lecture estim\u00e9e":"2 minutes"},"schema":{"@context":"https:\/\/schema.org","@graph":[{"@type":"WebPage","@id":"https:\/\/slacktivity.ch\/fr\/shop\/slackline-elingue-5m\/","url":"https:\/\/slacktivity.ch\/fr\/shop\/slackline-elingue-5m\/","name":"\u00c9lingue d'arbre Slackline | 5m - SLACKTIVITY Slackline Shop Schweiz","isPartOf":{"@id":"https:\/\/slacktivity.ch\/fr\/#website"},"primaryImageOfPage":{"@id":"https:\/\/slacktivity.ch\/fr\/shop\/slackline-elingue-5m\/#primaryimage"},"image":{"@id":"https:\/\/slacktivity.ch\/fr\/shop\/slackline-elingue-5m\/#primaryimage"},"thumbnailUrl":"https:\/\/slacktivity.ch\/wp-content\/uploads\/2021\/02\/slackline-baumschlinge-5m.jpg","datePublished":"2021-02-22T13:55:32+00:00","breadcrumb":{"@id":"https:\/\/slacktivity.ch\/fr\/shop\/slackline-elingue-5m\/#breadcrumb"},"inLanguage":"fr-FR","potentialAction":[{"@type":"ReadAction","target":["https:\/\/slacktivity.ch\/fr\/shop\/slackline-elingue-5m\/"]}]},{"@type":"ImageObject","inLanguage":"fr-FR","@id":"https:\/\/slacktivity.ch\/fr\/shop\/slackline-elingue-5m\/#primaryimage","url":"https:\/\/slacktivity.ch\/wp-content\/uploads\/2021\/02\/slackline-baumschlinge-5m.jpg","contentUrl":"https:\/\/slacktivity.ch\/wp-content\/uploads\/2021\/02\/slackline-baumschlinge-5m.jpg","width":1180,"height":1377,"caption":"slackline-baumschlinge 5"},{"@type":"BreadcrumbList","@id":"https:\/\/slacktivity.ch\/fr\/shop\/slackline-elingue-5m\/#breadcrumb","itemListElement":[{"@type":"ListItem","position":1,"name":"Home","item":"https:\/\/slacktivity.ch\/fr\/"},{"@type":"ListItem","position":2,"name":"Boutique","item":"https:\/\/slacktivity.ch\/fr\/boutique\/"},{"@type":"ListItem","position":3,"name":"\u00c9lingue d&rsquo;arbre Slackline | 5m"}]},{"@type":"WebSite","@id":"https:\/\/slacktivity.ch\/fr\/#website","url":"https:\/\/slacktivity.ch\/fr\/","name":"SLACKTIVITY Slackline Shop Schweiz","description":"Ensembles de slackline de haute qualit\u00e9 avec montage facile, produits innovants Highline et accessoires de slackline acheter en ligne. Pour les enfants, les d\u00e9butants et les professionnels.","publisher":{"@id":"https:\/\/slacktivity.ch\/fr\/#organization"},"potentialAction":[{"@type":"SearchAction","target":{"@type":"EntryPoint","urlTemplate":"https:\/\/slacktivity.ch\/fr\/?s={search_term_string}"},"query-input":{"@type":"PropertyValueSpecification","valueRequired":true,"valueName":"search_term_string"}}],"inLanguage":"fr-FR"},{"@type":"Organization","@id":"https:\/\/slacktivity.ch\/fr\/#organization","name":"SLACKTIVITY Slackline Shop Schweiz","url":"https:\/\/slacktivity.ch\/fr\/","logo":{"@type":"ImageObject","inLanguage":"fr-FR","@id":"https:\/\/slacktivity.ch\/fr\/#\/schema\/logo\/image\/","url":"https:\/\/slacktivity.ch\/wp-content\/uploads\/2021\/01\/slacktivity-slackline-online-shop-1.png","contentUrl":"https:\/\/slacktivity.ch\/wp-content\/uploads\/2021\/01\/slacktivity-slackline-online-shop-1.png","width":200,"height":77,"caption":"SLACKTIVITY Slackline Shop Schweiz"},"image":{"@id":"https:\/\/slacktivity.ch\/fr\/#\/schema\/logo\/image\/"}}]}},"_links":{"self":[{"href":"https:\/\/slacktivity.ch\/fr\/wp-json\/wp\/v2\/product\/10801","targetHints":{"allow":["GET"]}}],"collection":[{"href":"https:\/\/slacktivity.ch\/fr\/wp-json\/wp\/v2\/product"}],"about":[{"href":"https:\/\/slacktivity.ch\/fr\/wp-json\/wp\/v2\/types\/product"}],"replies":[{"embeddable":true,"href":"https:\/\/slacktivity.ch\/fr\/wp-json\/wp\/v2\/comments?post=10801"}],"wp:featuredmedia":[{"embeddable":true,"href":"https:\/\/slacktivity.ch\/fr\/wp-json\/wp\/v2\/media\/5301"}],"wp:attachment":[{"href":"https:\/\/slacktivity.ch\/fr\/wp-json\/wp\/v2\/media?parent=10801"}],"wp:term":[{"taxonomy":"product_cat","embeddable":true,"href":"https:\/\/slacktivity.ch\/fr\/wp-json\/wp\/v2\/product_cat?post=10801"},{"taxonomy":"product_tag","embeddable":true,"href":"https:\/\/slacktivity.ch\/fr\/wp-json\/wp\/v2\/product_tag?post=10801"}],"curies":[{"name":"wp","href":"https:\/\/api.w.org\/{rel}","templated":true}]}}