{"id":10802,"date":"2021-02-22T15:55:31","date_gmt":"2021-02-22T13:55:31","guid":{"rendered":"https:\/\/slacktivity.ch\/shop\/slackline-rundschlinge\/"},"modified":"2022-06-03T19:29:34","modified_gmt":"2022-06-03T17:29:34","slug":"slackline-rundschlinge","status":"publish","type":"product","link":"https:\/\/slacktivity.ch\/fr\/shop\/slackline-rundschlinge\/","title":{"rendered":"HT Slackline Elingue Ronde | 0.5-3m"},"content":{"rendered":"<h2>\u00c9lingue ronde Slackline high-tech avec noyau UHWMPE<\/h2>\n<p>D\u00e9velopp\u00e9e par SLACKTIVITY pour le slackline, cette sangle ronde high-tech pour slackline est une construction noyau-gaine qui s\u00e9duit par son design cool et son poids l\u00e9ger. A l&rsquo;int\u00e9rieur, des fibres UHWMPE \u00e9piss\u00e9es (\u00e9galement connues sous le nom de Dyneema), qui assurent une charge de rupture \u00e9lev\u00e9e pour un poids minimal. \u00c0 l&rsquo;ext\u00e9rieur, une gaine protectrice bicolore en tissu polyester robuste. Cette gaine assure une grande r\u00e9sistance \u00e0 l&rsquo;abrasion. Contrairement aux \u00e9lingues rondes courantes, cette \u00e9lingue ronde high-tech est nettement plus fine (bande tubulaire en polyester de 30 mm de large au lieu de 50 mm), ce qui lui permet de prendre moins de volume de rangement et de s&rsquo;accrocher facilement aux manilles et aux quicklinks de petite taille.<\/p>\n<ul>\n<li>WLL: 8kN<\/li>\n<li>MBS dans un 8mm Quicklink: 56kN<\/li>\n<li>Autres r\u00e9sultats de nos tests de charge de rupture :<\/li>\n<li>Charge de rupture avec une manille de 12mm : 74kN ; avec un rayon de courbure encore plus grand, des valeurs de charge de rupture jusqu&rsquo;\u00e0 88kN ont \u00e9t\u00e9 atteintes.<\/li>\n<li>R\u00e9sistance avec fixation par t\u00eate d&rsquo;alouette sur manille de 12mm : 57kN<\/li>\n<\/ul>\n<h3>Gewicht der HT-Rundschlingen<\/h3>\n<ul>\n<li>Poids Elingue 0.5m: 120 g<\/li>\n<li>Poids Elingue 1m: 215 g<\/li>\n<li>Poids Elingue 2m: 410 g<\/li>\n<li>Poids Elingue 3m: 600 g<\/li>\n<\/ul>\n","protected":false},"excerpt":{"rendered":"<p>Cette \u00e9lingue ronde high-tech l\u00e9g\u00e8re avec un noyau en UHWMPE et une gaine en polyester robuste facilite la mise en place des points d&rsquo;ancrage Slackline. Gr\u00e2ce \u00e0 sa petite section, cette \u00e9lingue ronde pour slackline s&rsquo;accroche facilement aux petits quicklinks et aux manilles &#8211; et ce, tout en offrant une charge de rupture \u00e9lev\u00e9e.<\/p>\n","protected":false},"featured_media":5620,"comment_status":"open","ping_status":"closed","template":"","meta":{"_acf_changed":false,"_joinchat":[]},"product_cat":[623,908],"product_tag":[726],"class_list":{"0":"post-10802","1":"product","2":"type-product","3":"status-publish","4":"has-post-thumbnail","6":"product_cat-protection-des-arbres-et-elingues","7":"product_cat-slackline-boucle","8":"product_tag-highline-fr-2","9":"pa_brand-slacktivity-fr","11":"first","12":"instock","13":"taxable","14":"shipping-taxable","15":"purchasable","16":"product-type-variable"},"acf":[],"yoast_head":"<!-- This site is optimized with the Yoast SEO plugin v27.4 - https:\/\/yoast.com\/product\/yoast-seo-wordpress\/ -->\n<title>HT Slackline Elingue Ronde | 0.5-3m - SLACKTIVITY Slackline Shop Schweiz<\/title>\n<meta name=\"robots\" content=\"index, follow, max-snippet:-1, max-image-preview:large, max-video-preview:-1\" \/>\n<link rel=\"canonical\" href=\"https:\/\/slacktivity.ch\/fr\/shop\/slackline-rundschlinge\/\" \/>\n<meta property=\"og:locale\" content=\"fr_FR\" \/>\n<meta property=\"og:type\" content=\"article\" \/>\n<meta property=\"og:title\" content=\"HT Slackline Elingue Ronde | 0.5-3m - SLACKTIVITY Slackline Shop Schweiz\" \/>\n<meta property=\"og:description\" content=\"Cette \u00e9lingue ronde high-tech l\u00e9g\u00e8re avec un noyau en UHWMPE et une gaine en polyester robuste facilite la mise en place des points d&#039;ancrage Slackline. Gr\u00e2ce \u00e0 sa petite section, cette \u00e9lingue ronde pour slackline s&#039;accroche facilement aux petits quicklinks et aux manilles - et ce, tout en offrant une charge de rupture \u00e9lev\u00e9e.\" \/>\n<meta property=\"og:url\" content=\"https:\/\/slacktivity.ch\/fr\/shop\/slackline-rundschlinge\/\" \/>\n<meta property=\"og:site_name\" content=\"SLACKTIVITY Slackline Shop Schweiz\" \/>\n<meta property=\"article:modified_time\" content=\"2022-06-03T17:29:34+00:00\" \/>\n<meta property=\"og:image\" content=\"https:\/\/slacktivity.ch\/wp-content\/uploads\/2021\/02\/slackline-rundschlinge.jpg\" \/>\n\t<meta property=\"og:image:width\" content=\"1180\" \/>\n\t<meta property=\"og:image:height\" content=\"1377\" \/>\n\t<meta property=\"og:image:type\" content=\"image\/jpeg\" \/>\n<meta name=\"twitter:card\" content=\"summary_large_image\" \/>\n<meta name=\"twitter:label1\" content=\"Dur\u00e9e de lecture estim\u00e9e\" \/>\n\t<meta name=\"twitter:data1\" content=\"1 minute\" \/>\n<script type=\"application\/ld+json\" class=\"yoast-schema-graph\">{\"@context\":\"https:\\\/\\\/schema.org\",\"@graph\":[{\"@type\":\"WebPage\",\"@id\":\"https:\\\/\\\/slacktivity.ch\\\/fr\\\/shop\\\/slackline-rundschlinge\\\/\",\"url\":\"https:\\\/\\\/slacktivity.ch\\\/fr\\\/shop\\\/slackline-rundschlinge\\\/\",\"name\":\"HT Slackline Elingue Ronde | 0.5-3m - SLACKTIVITY Slackline Shop Schweiz\",\"isPartOf\":{\"@id\":\"https:\\\/\\\/slacktivity.ch\\\/fr\\\/#website\"},\"primaryImageOfPage\":{\"@id\":\"https:\\\/\\\/slacktivity.ch\\\/fr\\\/shop\\\/slackline-rundschlinge\\\/#primaryimage\"},\"image\":{\"@id\":\"https:\\\/\\\/slacktivity.ch\\\/fr\\\/shop\\\/slackline-rundschlinge\\\/#primaryimage\"},\"thumbnailUrl\":\"https:\\\/\\\/slacktivity.ch\\\/wp-content\\\/uploads\\\/2021\\\/02\\\/slackline-rundschlinge.jpg\",\"datePublished\":\"2021-02-22T13:55:31+00:00\",\"dateModified\":\"2022-06-03T17:29:34+00:00\",\"breadcrumb\":{\"@id\":\"https:\\\/\\\/slacktivity.ch\\\/fr\\\/shop\\\/slackline-rundschlinge\\\/#breadcrumb\"},\"inLanguage\":\"fr-FR\",\"potentialAction\":[{\"@type\":\"ReadAction\",\"target\":[\"https:\\\/\\\/slacktivity.ch\\\/fr\\\/shop\\\/slackline-rundschlinge\\\/\"]}]},{\"@type\":\"ImageObject\",\"inLanguage\":\"fr-FR\",\"@id\":\"https:\\\/\\\/slacktivity.ch\\\/fr\\\/shop\\\/slackline-rundschlinge\\\/#primaryimage\",\"url\":\"https:\\\/\\\/slacktivity.ch\\\/wp-content\\\/uploads\\\/2021\\\/02\\\/slackline-rundschlinge.jpg\",\"contentUrl\":\"https:\\\/\\\/slacktivity.ch\\\/wp-content\\\/uploads\\\/2021\\\/02\\\/slackline-rundschlinge.jpg\",\"width\":1180,\"height\":1377,\"caption\":\"slackline rundschlinge\"},{\"@type\":\"BreadcrumbList\",\"@id\":\"https:\\\/\\\/slacktivity.ch\\\/fr\\\/shop\\\/slackline-rundschlinge\\\/#breadcrumb\",\"itemListElement\":[{\"@type\":\"ListItem\",\"position\":1,\"name\":\"Home\",\"item\":\"https:\\\/\\\/slacktivity.ch\\\/fr\\\/\"},{\"@type\":\"ListItem\",\"position\":2,\"name\":\"Boutique\",\"item\":\"https:\\\/\\\/slacktivity.ch\\\/fr\\\/boutique\\\/\"},{\"@type\":\"ListItem\",\"position\":3,\"name\":\"HT Slackline Elingue Ronde | 0.5-3m\"}]},{\"@type\":\"WebSite\",\"@id\":\"https:\\\/\\\/slacktivity.ch\\\/fr\\\/#website\",\"url\":\"https:\\\/\\\/slacktivity.ch\\\/fr\\\/\",\"name\":\"SLACKTIVITY Slackline Shop Schweiz\",\"description\":\"Ensembles de slackline de haute qualit\u00e9 avec montage facile, produits innovants Highline et accessoires de slackline acheter en ligne. Pour les enfants, les d\u00e9butants et les professionnels.\",\"publisher\":{\"@id\":\"https:\\\/\\\/slacktivity.ch\\\/fr\\\/#organization\"},\"potentialAction\":[{\"@type\":\"SearchAction\",\"target\":{\"@type\":\"EntryPoint\",\"urlTemplate\":\"https:\\\/\\\/slacktivity.ch\\\/fr\\\/?s={search_term_string}\"},\"query-input\":{\"@type\":\"PropertyValueSpecification\",\"valueRequired\":true,\"valueName\":\"search_term_string\"}}],\"inLanguage\":\"fr-FR\"},{\"@type\":\"Organization\",\"@id\":\"https:\\\/\\\/slacktivity.ch\\\/fr\\\/#organization\",\"name\":\"SLACKTIVITY Slackline Shop Schweiz\",\"url\":\"https:\\\/\\\/slacktivity.ch\\\/fr\\\/\",\"logo\":{\"@type\":\"ImageObject\",\"inLanguage\":\"fr-FR\",\"@id\":\"https:\\\/\\\/slacktivity.ch\\\/fr\\\/#\\\/schema\\\/logo\\\/image\\\/\",\"url\":\"https:\\\/\\\/slacktivity.ch\\\/wp-content\\\/uploads\\\/2021\\\/01\\\/slacktivity-slackline-online-shop-1.png\",\"contentUrl\":\"https:\\\/\\\/slacktivity.ch\\\/wp-content\\\/uploads\\\/2021\\\/01\\\/slacktivity-slackline-online-shop-1.png\",\"width\":200,\"height\":77,\"caption\":\"SLACKTIVITY Slackline Shop Schweiz\"},\"image\":{\"@id\":\"https:\\\/\\\/slacktivity.ch\\\/fr\\\/#\\\/schema\\\/logo\\\/image\\\/\"}}]}<\/script>\n<!-- \/ Yoast SEO plugin. -->","yoast_head_json":{"title":"HT Slackline Elingue Ronde | 0.5-3m - SLACKTIVITY Slackline Shop Schweiz","robots":{"index":"index","follow":"follow","max-snippet":"max-snippet:-1","max-image-preview":"max-image-preview:large","max-video-preview":"max-video-preview:-1"},"canonical":"https:\/\/slacktivity.ch\/fr\/shop\/slackline-rundschlinge\/","og_locale":"fr_FR","og_type":"article","og_title":"HT Slackline Elingue Ronde | 0.5-3m - SLACKTIVITY Slackline Shop Schweiz","og_description":"Cette \u00e9lingue ronde high-tech l\u00e9g\u00e8re avec un noyau en UHWMPE et une gaine en polyester robuste facilite la mise en place des points d'ancrage Slackline. Gr\u00e2ce \u00e0 sa petite section, cette \u00e9lingue ronde pour slackline s'accroche facilement aux petits quicklinks et aux manilles - et ce, tout en offrant une charge de rupture \u00e9lev\u00e9e.","og_url":"https:\/\/slacktivity.ch\/fr\/shop\/slackline-rundschlinge\/","og_site_name":"SLACKTIVITY Slackline Shop Schweiz","article_modified_time":"2022-06-03T17:29:34+00:00","og_image":[{"width":1180,"height":1377,"url":"https:\/\/slacktivity.ch\/wp-content\/uploads\/2021\/02\/slackline-rundschlinge.jpg","type":"image\/jpeg"}],"twitter_card":"summary_large_image","twitter_misc":{"Dur\u00e9e de lecture estim\u00e9e":"1 minute"},"schema":{"@context":"https:\/\/schema.org","@graph":[{"@type":"WebPage","@id":"https:\/\/slacktivity.ch\/fr\/shop\/slackline-rundschlinge\/","url":"https:\/\/slacktivity.ch\/fr\/shop\/slackline-rundschlinge\/","name":"HT Slackline Elingue Ronde | 0.5-3m - SLACKTIVITY Slackline Shop Schweiz","isPartOf":{"@id":"https:\/\/slacktivity.ch\/fr\/#website"},"primaryImageOfPage":{"@id":"https:\/\/slacktivity.ch\/fr\/shop\/slackline-rundschlinge\/#primaryimage"},"image":{"@id":"https:\/\/slacktivity.ch\/fr\/shop\/slackline-rundschlinge\/#primaryimage"},"thumbnailUrl":"https:\/\/slacktivity.ch\/wp-content\/uploads\/2021\/02\/slackline-rundschlinge.jpg","datePublished":"2021-02-22T13:55:31+00:00","dateModified":"2022-06-03T17:29:34+00:00","breadcrumb":{"@id":"https:\/\/slacktivity.ch\/fr\/shop\/slackline-rundschlinge\/#breadcrumb"},"inLanguage":"fr-FR","potentialAction":[{"@type":"ReadAction","target":["https:\/\/slacktivity.ch\/fr\/shop\/slackline-rundschlinge\/"]}]},{"@type":"ImageObject","inLanguage":"fr-FR","@id":"https:\/\/slacktivity.ch\/fr\/shop\/slackline-rundschlinge\/#primaryimage","url":"https:\/\/slacktivity.ch\/wp-content\/uploads\/2021\/02\/slackline-rundschlinge.jpg","contentUrl":"https:\/\/slacktivity.ch\/wp-content\/uploads\/2021\/02\/slackline-rundschlinge.jpg","width":1180,"height":1377,"caption":"slackline rundschlinge"},{"@type":"BreadcrumbList","@id":"https:\/\/slacktivity.ch\/fr\/shop\/slackline-rundschlinge\/#breadcrumb","itemListElement":[{"@type":"ListItem","position":1,"name":"Home","item":"https:\/\/slacktivity.ch\/fr\/"},{"@type":"ListItem","position":2,"name":"Boutique","item":"https:\/\/slacktivity.ch\/fr\/boutique\/"},{"@type":"ListItem","position":3,"name":"HT Slackline Elingue Ronde | 0.5-3m"}]},{"@type":"WebSite","@id":"https:\/\/slacktivity.ch\/fr\/#website","url":"https:\/\/slacktivity.ch\/fr\/","name":"SLACKTIVITY Slackline Shop Schweiz","description":"Ensembles de slackline de haute qualit\u00e9 avec montage facile, produits innovants Highline et accessoires de slackline acheter en ligne. Pour les enfants, les d\u00e9butants et les professionnels.","publisher":{"@id":"https:\/\/slacktivity.ch\/fr\/#organization"},"potentialAction":[{"@type":"SearchAction","target":{"@type":"EntryPoint","urlTemplate":"https:\/\/slacktivity.ch\/fr\/?s={search_term_string}"},"query-input":{"@type":"PropertyValueSpecification","valueRequired":true,"valueName":"search_term_string"}}],"inLanguage":"fr-FR"},{"@type":"Organization","@id":"https:\/\/slacktivity.ch\/fr\/#organization","name":"SLACKTIVITY Slackline Shop Schweiz","url":"https:\/\/slacktivity.ch\/fr\/","logo":{"@type":"ImageObject","inLanguage":"fr-FR","@id":"https:\/\/slacktivity.ch\/fr\/#\/schema\/logo\/image\/","url":"https:\/\/slacktivity.ch\/wp-content\/uploads\/2021\/01\/slacktivity-slackline-online-shop-1.png","contentUrl":"https:\/\/slacktivity.ch\/wp-content\/uploads\/2021\/01\/slacktivity-slackline-online-shop-1.png","width":200,"height":77,"caption":"SLACKTIVITY Slackline Shop Schweiz"},"image":{"@id":"https:\/\/slacktivity.ch\/fr\/#\/schema\/logo\/image\/"}}]}},"_links":{"self":[{"href":"https:\/\/slacktivity.ch\/fr\/wp-json\/wp\/v2\/product\/10802","targetHints":{"allow":["GET"]}}],"collection":[{"href":"https:\/\/slacktivity.ch\/fr\/wp-json\/wp\/v2\/product"}],"about":[{"href":"https:\/\/slacktivity.ch\/fr\/wp-json\/wp\/v2\/types\/product"}],"replies":[{"embeddable":true,"href":"https:\/\/slacktivity.ch\/fr\/wp-json\/wp\/v2\/comments?post=10802"}],"wp:featuredmedia":[{"embeddable":true,"href":"https:\/\/slacktivity.ch\/fr\/wp-json\/wp\/v2\/media\/5620"}],"wp:attachment":[{"href":"https:\/\/slacktivity.ch\/fr\/wp-json\/wp\/v2\/media?parent=10802"}],"wp:term":[{"taxonomy":"product_cat","embeddable":true,"href":"https:\/\/slacktivity.ch\/fr\/wp-json\/wp\/v2\/product_cat?post=10802"},{"taxonomy":"product_tag","embeddable":true,"href":"https:\/\/slacktivity.ch\/fr\/wp-json\/wp\/v2\/product_tag?post=10802"}],"curies":[{"name":"wp","href":"https:\/\/api.w.org\/{rel}","templated":true}]}}