{"id":10837,"date":"2021-02-22T15:55:32","date_gmt":"2021-02-22T13:55:32","guid":{"rendered":"https:\/\/slacktivity.ch\/shop\/green-t20-20m\/"},"modified":"2021-02-22T15:55:32","modified_gmt":"2021-02-22T13:55:32","slug":"green-t20-20m","status":"publish","type":"product","link":"https:\/\/slacktivity.ch\/fr\/shop\/green-t20-20m\/","title":{"rendered":"GREEN-T20 Sangle Slackline | 20m"},"content":{"rendered":"<h2>GREEN-T20 Sangle Slackline 20m | avec stretch extreme<\/h2>\n<p>Le GREEN-Leash-Cover de 20 mm est connu et appr\u00e9ci\u00e9 depuis longtemps. Voici maintenant la slackline du m\u00eame mat\u00e9riau en pi\u00e8ce de 20m. Id\u00e9al comme slackline de voyage courte ou comme ligne de rod\u00e9o \u00e0 la maison. Stretch extreme et flow garantis !<\/p>\n<p>Nous recommandons le KingPin-Weblock ou le seaHorse-DP avec les spacers (\u00e0 indiquer lors de la commande, suppl\u00e9ment de 10.-).<\/p>\n<ul>\n<li>Sangle en nylon de 20 mm de large<\/li>\n<li>Longueur: 20m<\/li>\n<li>Materiel: Sangle tubulaire Nylon<\/li>\n<li>Boucle cousue pour un montage efficace<\/li>\n<li>MBS 12kN<\/li>\n<li>Poids: 28g\/m<\/li>\n<\/ul>\n<p>Remarque : l&rsquo;intensit\u00e9 des couleurs d\u00e9pend des conditions d&rsquo;\u00e9clairage. \u00c0 la lumi\u00e8re du jour, les couleurs sont moins intenses. Au cr\u00e9puscule, le vert brille tr\u00e8s intens\u00e9ment.<\/p>\n","protected":false},"excerpt":{"rendered":"<p>Sangle slackline vert vif de 20 mm avec boucle cousue.<\/p>\n","protected":false},"featured_media":6202,"comment_status":"open","ping_status":"closed","template":"","meta":{"_acf_changed":false,"_joinchat":[]},"product_cat":[727,655],"product_tag":[717,730],"class_list":{"0":"post-10837","1":"product","2":"type-product","3":"status-publish","4":"has-post-thumbnail","6":"product_cat-sangle-slackline","7":"product_cat-sangles","8":"product_tag-20mm-webbing-fr","9":"product_tag-sangle-tubulaire","10":"pa_brand-slacktivity-fr","12":"first","13":"instock","14":"taxable","15":"shipping-taxable","16":"purchasable","17":"product-type-simple"},"acf":[],"yoast_head":"<!-- This site is optimized with the Yoast SEO plugin v27.3 - https:\/\/yoast.com\/product\/yoast-seo-wordpress\/ -->\n<title>GREEN-T20 Sangle Slackline | 20m - SLACKTIVITY Slackline Shop Schweiz<\/title>\n<meta name=\"robots\" content=\"index, follow, max-snippet:-1, max-image-preview:large, max-video-preview:-1\" \/>\n<link rel=\"canonical\" href=\"https:\/\/slacktivity.ch\/fr\/shop\/green-t20-20m\/\" \/>\n<meta property=\"og:locale\" content=\"fr_FR\" \/>\n<meta property=\"og:type\" content=\"article\" \/>\n<meta property=\"og:title\" content=\"GREEN-T20 Sangle Slackline | 20m - SLACKTIVITY Slackline Shop Schweiz\" \/>\n<meta property=\"og:description\" content=\"Sangle slackline vert vif de 20 mm avec boucle cousue.\" \/>\n<meta property=\"og:url\" content=\"https:\/\/slacktivity.ch\/fr\/shop\/green-t20-20m\/\" \/>\n<meta property=\"og:site_name\" content=\"SLACKTIVITY Slackline Shop Schweiz\" \/>\n<meta property=\"og:image\" content=\"https:\/\/slacktivity.ch\/wp-content\/uploads\/2021\/02\/20mm-slackline-band.jpg\" \/>\n\t<meta property=\"og:image:width\" content=\"1180\" \/>\n\t<meta property=\"og:image:height\" content=\"1377\" \/>\n\t<meta property=\"og:image:type\" content=\"image\/jpeg\" \/>\n<meta name=\"twitter:card\" content=\"summary_large_image\" \/>\n<meta name=\"twitter:label1\" content=\"Dur\u00e9e de lecture estim\u00e9e\" \/>\n\t<meta name=\"twitter:data1\" content=\"1 minute\" \/>\n<script type=\"application\/ld+json\" class=\"yoast-schema-graph\">{\"@context\":\"https:\\\/\\\/schema.org\",\"@graph\":[{\"@type\":\"WebPage\",\"@id\":\"https:\\\/\\\/slacktivity.ch\\\/fr\\\/shop\\\/green-t20-20m\\\/\",\"url\":\"https:\\\/\\\/slacktivity.ch\\\/fr\\\/shop\\\/green-t20-20m\\\/\",\"name\":\"GREEN-T20 Sangle Slackline | 20m - SLACKTIVITY Slackline Shop Schweiz\",\"isPartOf\":{\"@id\":\"https:\\\/\\\/slacktivity.ch\\\/fr\\\/#website\"},\"primaryImageOfPage\":{\"@id\":\"https:\\\/\\\/slacktivity.ch\\\/fr\\\/shop\\\/green-t20-20m\\\/#primaryimage\"},\"image\":{\"@id\":\"https:\\\/\\\/slacktivity.ch\\\/fr\\\/shop\\\/green-t20-20m\\\/#primaryimage\"},\"thumbnailUrl\":\"https:\\\/\\\/slacktivity.ch\\\/wp-content\\\/uploads\\\/2021\\\/02\\\/20mm-slackline-band.jpg\",\"datePublished\":\"2021-02-22T13:55:32+00:00\",\"breadcrumb\":{\"@id\":\"https:\\\/\\\/slacktivity.ch\\\/fr\\\/shop\\\/green-t20-20m\\\/#breadcrumb\"},\"inLanguage\":\"fr-FR\",\"potentialAction\":[{\"@type\":\"ReadAction\",\"target\":[\"https:\\\/\\\/slacktivity.ch\\\/fr\\\/shop\\\/green-t20-20m\\\/\"]}]},{\"@type\":\"ImageObject\",\"inLanguage\":\"fr-FR\",\"@id\":\"https:\\\/\\\/slacktivity.ch\\\/fr\\\/shop\\\/green-t20-20m\\\/#primaryimage\",\"url\":\"https:\\\/\\\/slacktivity.ch\\\/wp-content\\\/uploads\\\/2021\\\/02\\\/20mm-slackline-band.jpg\",\"contentUrl\":\"https:\\\/\\\/slacktivity.ch\\\/wp-content\\\/uploads\\\/2021\\\/02\\\/20mm-slackline-band.jpg\",\"width\":1180,\"height\":1377,\"caption\":\"20mm slackline-band\"},{\"@type\":\"BreadcrumbList\",\"@id\":\"https:\\\/\\\/slacktivity.ch\\\/fr\\\/shop\\\/green-t20-20m\\\/#breadcrumb\",\"itemListElement\":[{\"@type\":\"ListItem\",\"position\":1,\"name\":\"Home\",\"item\":\"https:\\\/\\\/slacktivity.ch\\\/fr\\\/\"},{\"@type\":\"ListItem\",\"position\":2,\"name\":\"Boutique\",\"item\":\"https:\\\/\\\/slacktivity.ch\\\/fr\\\/boutique\\\/\"},{\"@type\":\"ListItem\",\"position\":3,\"name\":\"GREEN-T20 Sangle Slackline | 20m\"}]},{\"@type\":\"WebSite\",\"@id\":\"https:\\\/\\\/slacktivity.ch\\\/fr\\\/#website\",\"url\":\"https:\\\/\\\/slacktivity.ch\\\/fr\\\/\",\"name\":\"SLACKTIVITY Slackline Shop Schweiz\",\"description\":\"Ensembles de slackline de haute qualit\u00e9 avec montage facile, produits innovants Highline et accessoires de slackline acheter en ligne. Pour les enfants, les d\u00e9butants et les professionnels.\",\"publisher\":{\"@id\":\"https:\\\/\\\/slacktivity.ch\\\/fr\\\/#organization\"},\"potentialAction\":[{\"@type\":\"SearchAction\",\"target\":{\"@type\":\"EntryPoint\",\"urlTemplate\":\"https:\\\/\\\/slacktivity.ch\\\/fr\\\/?s={search_term_string}\"},\"query-input\":{\"@type\":\"PropertyValueSpecification\",\"valueRequired\":true,\"valueName\":\"search_term_string\"}}],\"inLanguage\":\"fr-FR\"},{\"@type\":\"Organization\",\"@id\":\"https:\\\/\\\/slacktivity.ch\\\/fr\\\/#organization\",\"name\":\"SLACKTIVITY Slackline Shop Schweiz\",\"url\":\"https:\\\/\\\/slacktivity.ch\\\/fr\\\/\",\"logo\":{\"@type\":\"ImageObject\",\"inLanguage\":\"fr-FR\",\"@id\":\"https:\\\/\\\/slacktivity.ch\\\/fr\\\/#\\\/schema\\\/logo\\\/image\\\/\",\"url\":\"https:\\\/\\\/slacktivity.ch\\\/wp-content\\\/uploads\\\/2021\\\/01\\\/slacktivity-slackline-online-shop-1.png\",\"contentUrl\":\"https:\\\/\\\/slacktivity.ch\\\/wp-content\\\/uploads\\\/2021\\\/01\\\/slacktivity-slackline-online-shop-1.png\",\"width\":200,\"height\":77,\"caption\":\"SLACKTIVITY Slackline Shop Schweiz\"},\"image\":{\"@id\":\"https:\\\/\\\/slacktivity.ch\\\/fr\\\/#\\\/schema\\\/logo\\\/image\\\/\"}}]}<\/script>\n<!-- \/ Yoast SEO plugin. -->","yoast_head_json":{"title":"GREEN-T20 Sangle Slackline | 20m - SLACKTIVITY Slackline Shop Schweiz","robots":{"index":"index","follow":"follow","max-snippet":"max-snippet:-1","max-image-preview":"max-image-preview:large","max-video-preview":"max-video-preview:-1"},"canonical":"https:\/\/slacktivity.ch\/fr\/shop\/green-t20-20m\/","og_locale":"fr_FR","og_type":"article","og_title":"GREEN-T20 Sangle Slackline | 20m - SLACKTIVITY Slackline Shop Schweiz","og_description":"Sangle slackline vert vif de 20 mm avec boucle cousue.","og_url":"https:\/\/slacktivity.ch\/fr\/shop\/green-t20-20m\/","og_site_name":"SLACKTIVITY Slackline Shop Schweiz","og_image":[{"width":1180,"height":1377,"url":"https:\/\/slacktivity.ch\/wp-content\/uploads\/2021\/02\/20mm-slackline-band.jpg","type":"image\/jpeg"}],"twitter_card":"summary_large_image","twitter_misc":{"Dur\u00e9e de lecture estim\u00e9e":"1 minute"},"schema":{"@context":"https:\/\/schema.org","@graph":[{"@type":"WebPage","@id":"https:\/\/slacktivity.ch\/fr\/shop\/green-t20-20m\/","url":"https:\/\/slacktivity.ch\/fr\/shop\/green-t20-20m\/","name":"GREEN-T20 Sangle Slackline | 20m - SLACKTIVITY Slackline Shop Schweiz","isPartOf":{"@id":"https:\/\/slacktivity.ch\/fr\/#website"},"primaryImageOfPage":{"@id":"https:\/\/slacktivity.ch\/fr\/shop\/green-t20-20m\/#primaryimage"},"image":{"@id":"https:\/\/slacktivity.ch\/fr\/shop\/green-t20-20m\/#primaryimage"},"thumbnailUrl":"https:\/\/slacktivity.ch\/wp-content\/uploads\/2021\/02\/20mm-slackline-band.jpg","datePublished":"2021-02-22T13:55:32+00:00","breadcrumb":{"@id":"https:\/\/slacktivity.ch\/fr\/shop\/green-t20-20m\/#breadcrumb"},"inLanguage":"fr-FR","potentialAction":[{"@type":"ReadAction","target":["https:\/\/slacktivity.ch\/fr\/shop\/green-t20-20m\/"]}]},{"@type":"ImageObject","inLanguage":"fr-FR","@id":"https:\/\/slacktivity.ch\/fr\/shop\/green-t20-20m\/#primaryimage","url":"https:\/\/slacktivity.ch\/wp-content\/uploads\/2021\/02\/20mm-slackline-band.jpg","contentUrl":"https:\/\/slacktivity.ch\/wp-content\/uploads\/2021\/02\/20mm-slackline-band.jpg","width":1180,"height":1377,"caption":"20mm slackline-band"},{"@type":"BreadcrumbList","@id":"https:\/\/slacktivity.ch\/fr\/shop\/green-t20-20m\/#breadcrumb","itemListElement":[{"@type":"ListItem","position":1,"name":"Home","item":"https:\/\/slacktivity.ch\/fr\/"},{"@type":"ListItem","position":2,"name":"Boutique","item":"https:\/\/slacktivity.ch\/fr\/boutique\/"},{"@type":"ListItem","position":3,"name":"GREEN-T20 Sangle Slackline | 20m"}]},{"@type":"WebSite","@id":"https:\/\/slacktivity.ch\/fr\/#website","url":"https:\/\/slacktivity.ch\/fr\/","name":"SLACKTIVITY Slackline Shop Schweiz","description":"Ensembles de slackline de haute qualit\u00e9 avec montage facile, produits innovants Highline et accessoires de slackline acheter en ligne. Pour les enfants, les d\u00e9butants et les professionnels.","publisher":{"@id":"https:\/\/slacktivity.ch\/fr\/#organization"},"potentialAction":[{"@type":"SearchAction","target":{"@type":"EntryPoint","urlTemplate":"https:\/\/slacktivity.ch\/fr\/?s={search_term_string}"},"query-input":{"@type":"PropertyValueSpecification","valueRequired":true,"valueName":"search_term_string"}}],"inLanguage":"fr-FR"},{"@type":"Organization","@id":"https:\/\/slacktivity.ch\/fr\/#organization","name":"SLACKTIVITY Slackline Shop Schweiz","url":"https:\/\/slacktivity.ch\/fr\/","logo":{"@type":"ImageObject","inLanguage":"fr-FR","@id":"https:\/\/slacktivity.ch\/fr\/#\/schema\/logo\/image\/","url":"https:\/\/slacktivity.ch\/wp-content\/uploads\/2021\/01\/slacktivity-slackline-online-shop-1.png","contentUrl":"https:\/\/slacktivity.ch\/wp-content\/uploads\/2021\/01\/slacktivity-slackline-online-shop-1.png","width":200,"height":77,"caption":"SLACKTIVITY Slackline Shop Schweiz"},"image":{"@id":"https:\/\/slacktivity.ch\/fr\/#\/schema\/logo\/image\/"}}]}},"_links":{"self":[{"href":"https:\/\/slacktivity.ch\/fr\/wp-json\/wp\/v2\/product\/10837","targetHints":{"allow":["GET"]}}],"collection":[{"href":"https:\/\/slacktivity.ch\/fr\/wp-json\/wp\/v2\/product"}],"about":[{"href":"https:\/\/slacktivity.ch\/fr\/wp-json\/wp\/v2\/types\/product"}],"replies":[{"embeddable":true,"href":"https:\/\/slacktivity.ch\/fr\/wp-json\/wp\/v2\/comments?post=10837"}],"wp:featuredmedia":[{"embeddable":true,"href":"https:\/\/slacktivity.ch\/fr\/wp-json\/wp\/v2\/media\/6202"}],"wp:attachment":[{"href":"https:\/\/slacktivity.ch\/fr\/wp-json\/wp\/v2\/media?parent=10837"}],"wp:term":[{"taxonomy":"product_cat","embeddable":true,"href":"https:\/\/slacktivity.ch\/fr\/wp-json\/wp\/v2\/product_cat?post=10837"},{"taxonomy":"product_tag","embeddable":true,"href":"https:\/\/slacktivity.ch\/fr\/wp-json\/wp\/v2\/product_tag?post=10837"}],"curies":[{"name":"wp","href":"https:\/\/api.w.org\/{rel}","templated":true}]}}