{"id":10839,"date":"2021-02-22T15:54:45","date_gmt":"2021-02-22T13:54:45","guid":{"rendered":"https:\/\/slacktivity.ch\/shop\/hangover-stainless\/"},"modified":"2021-02-22T15:54:45","modified_gmt":"2021-02-22T13:54:45","slug":"hangover-stainless","status":"publish","type":"product","link":"https:\/\/slacktivity.ch\/fr\/shop\/hangover-stainless\/","title":{"rendered":"HangOver | Stainless"},"content":{"rendered":"<h2>HangOver | Stainless<\/h2>\n<p>Le HangOver Stainless est une \u00e9volution du HangOver classique de SLACKTIVITY. Il se caract\u00e9rise par des roulements \u00e0 billes en acier inoxydable et a \u00e9t\u00e9 con\u00e7u pour \u00eatre utilis\u00e9 \u00e0 proximit\u00e9 de la mer.<\/p>\n<h3>Domaines d&rsquo;utilisation :<\/h3>\n<ul>\n<li>Aide pour rouler sur les highlines<\/li>\n<li>Multiplier in Ellington-Spannsystemen<\/li>\n<li>Multiplicateur dans les syst\u00e8mes de pullie Ellington<\/li>\n<li>Si vous n&rsquo;avez pas de poulie simple, le HangOver peut \u00eatre utilis\u00e9 comme alternative.<\/li>\n<\/ul>\n<h3>4 roulements \u00e0 billes puissants pour le HangOver-Pulley<\/h3>\n<p>Ce n&rsquo;est que gr\u00e2ce aux quatre roulements \u00e0 billes particuli\u00e8rement r\u00e9sistants, d&rsquo;une valeur caract\u00e9ristique de Cr : 2.9kN et Cor : 1.06kN par roulement \u00e0 billes (4&#215;2.9 = 11.6kN \/ 4&#215;1.06 = 4.24kN), que le HangOver peut \u00eatre utilis\u00e9 dans le mouflage de sangle, \u00e9galement connu sous le nom de Buckingham ou HangOver-Pulley, sans \u00eatre endommag\u00e9. En effet, les charges peuvent d\u00e9passer 4kN dans des rapports plus importants comme 9:1 ou 15:1, ce qui endommagerait tr\u00e8s probablement \u00e0 la longue d&rsquo;autres mousquetons \u00e0 poulie avec seulement deux roulements \u00e0 billes.<\/p>\n<h3>Sp\u00e9cifications<\/h3>\n<ul>\n<li>Largeur de la surface de roulement : 27,8 mm<\/li>\n<li>Charge de rupture longitudinale : 22 kN<\/li>\n<li>R\u00e9sistance avec doigt ouvert : 6 kN<\/li>\n<li>R\u00e9sistance transversale : 7 kN<\/li>\n<li>WLL: 4 kN<\/li>\n<li>Dimensions: 124 x 62 x 28 mm<\/li>\n<li>Poids: 152 g<\/li>\n<li>Mat\u00e9riau : aluminium a\u00e9ronautique 7075-T6 forg\u00e9 \u00e0 chaud, anodis\u00e9 noir<\/li>\n<li>Roulement \u00e0 billes : 19mm ; Etanch\u00e9it\u00e9 : 2RS ; Cr : 2.80 kN, Cor : 1.06kNu, fabriqu\u00e9 en acier inoxydable<\/li>\n<\/ul>\n<p>Ce HangOver n&rsquo;est pas certifi\u00e9 EPI, mais ses normes de fabrication correspondent \u00e0 celles du HangOver certifi\u00e9.<\/p>\n<p>Le design de ce produit est prot\u00e9g\u00e9 par la loi internationale (registered international design- WIPO DM\/095081).<\/p>\n","protected":false},"excerpt":{"rendered":"<p>Indispensable pour chaque highliner \/ highlinerin et pour tous ceux qui souhaitent tendre efficacement des longlines avec le moins de mat\u00e9riel possible (HangOver-Pulley). Maintenant avec un roulement \u00e0 billes en acier inoxydable.<\/p>\n","protected":false},"featured_media":6820,"comment_status":"open","ping_status":"closed","template":"","meta":{"_acf_changed":false,"_joinchat":[]},"product_cat":[676,675,642],"product_tag":[746,726],"class_list":{"0":"post-10839","1":"product","2":"type-product","3":"status-publish","4":"has-post-thumbnail","6":"product_cat-hangovers-fr","7":"product_cat-mousqueton","8":"product_cat-systemes-de-tension-slackline","9":"product_tag-hangover-fr","10":"product_tag-highline-fr-2","11":"pa_brand-slacktivity-fr","13":"first","14":"instock","15":"taxable","16":"shipping-taxable","17":"purchasable","18":"product-type-simple"},"acf":[],"yoast_head":"<!-- This site is optimized with the Yoast SEO plugin v27.3 - https:\/\/yoast.com\/product\/yoast-seo-wordpress\/ -->\n<title>HangOver | Stainless - SLACKTIVITY Slackline Shop Schweiz<\/title>\n<meta name=\"robots\" content=\"index, follow, max-snippet:-1, max-image-preview:large, max-video-preview:-1\" \/>\n<link rel=\"canonical\" href=\"https:\/\/slacktivity.ch\/fr\/shop\/hangover-stainless\/\" \/>\n<meta property=\"og:locale\" content=\"fr_FR\" \/>\n<meta property=\"og:type\" content=\"article\" \/>\n<meta property=\"og:title\" content=\"HangOver | Stainless - SLACKTIVITY Slackline Shop Schweiz\" \/>\n<meta property=\"og:description\" content=\"Indispensable pour chaque highliner \/ highlinerin et pour tous ceux qui souhaitent tendre efficacement des longlines avec le moins de mat\u00e9riel possible (HangOver-Pulley). Maintenant avec un roulement \u00e0 billes en acier inoxydable.\" \/>\n<meta property=\"og:url\" content=\"https:\/\/slacktivity.ch\/fr\/shop\/hangover-stainless\/\" \/>\n<meta property=\"og:site_name\" content=\"SLACKTIVITY Slackline Shop Schweiz\" \/>\n<meta property=\"og:image\" content=\"https:\/\/slacktivity.ch\/wp-content\/uploads\/2021\/02\/slacktivity-hangover-stainless-black.jpg\" \/>\n\t<meta property=\"og:image:width\" content=\"1180\" \/>\n\t<meta property=\"og:image:height\" content=\"1377\" \/>\n\t<meta property=\"og:image:type\" content=\"image\/jpeg\" \/>\n<meta name=\"twitter:card\" content=\"summary_large_image\" \/>\n<meta name=\"twitter:label1\" content=\"Dur\u00e9e de lecture estim\u00e9e\" \/>\n\t<meta name=\"twitter:data1\" content=\"1 minute\" \/>\n<script type=\"application\/ld+json\" class=\"yoast-schema-graph\">{\"@context\":\"https:\\\/\\\/schema.org\",\"@graph\":[{\"@type\":\"WebPage\",\"@id\":\"https:\\\/\\\/slacktivity.ch\\\/fr\\\/shop\\\/hangover-stainless\\\/\",\"url\":\"https:\\\/\\\/slacktivity.ch\\\/fr\\\/shop\\\/hangover-stainless\\\/\",\"name\":\"HangOver | Stainless - SLACKTIVITY Slackline Shop Schweiz\",\"isPartOf\":{\"@id\":\"https:\\\/\\\/slacktivity.ch\\\/fr\\\/#website\"},\"primaryImageOfPage\":{\"@id\":\"https:\\\/\\\/slacktivity.ch\\\/fr\\\/shop\\\/hangover-stainless\\\/#primaryimage\"},\"image\":{\"@id\":\"https:\\\/\\\/slacktivity.ch\\\/fr\\\/shop\\\/hangover-stainless\\\/#primaryimage\"},\"thumbnailUrl\":\"https:\\\/\\\/slacktivity.ch\\\/wp-content\\\/uploads\\\/2021\\\/02\\\/slacktivity-hangover-stainless-black.jpg\",\"datePublished\":\"2021-02-22T13:54:45+00:00\",\"breadcrumb\":{\"@id\":\"https:\\\/\\\/slacktivity.ch\\\/fr\\\/shop\\\/hangover-stainless\\\/#breadcrumb\"},\"inLanguage\":\"fr-FR\",\"potentialAction\":[{\"@type\":\"ReadAction\",\"target\":[\"https:\\\/\\\/slacktivity.ch\\\/fr\\\/shop\\\/hangover-stainless\\\/\"]}]},{\"@type\":\"ImageObject\",\"inLanguage\":\"fr-FR\",\"@id\":\"https:\\\/\\\/slacktivity.ch\\\/fr\\\/shop\\\/hangover-stainless\\\/#primaryimage\",\"url\":\"https:\\\/\\\/slacktivity.ch\\\/wp-content\\\/uploads\\\/2021\\\/02\\\/slacktivity-hangover-stainless-black.jpg\",\"contentUrl\":\"https:\\\/\\\/slacktivity.ch\\\/wp-content\\\/uploads\\\/2021\\\/02\\\/slacktivity-hangover-stainless-black.jpg\",\"width\":1180,\"height\":1377,\"caption\":\"slacktivity hangover stainless\"},{\"@type\":\"BreadcrumbList\",\"@id\":\"https:\\\/\\\/slacktivity.ch\\\/fr\\\/shop\\\/hangover-stainless\\\/#breadcrumb\",\"itemListElement\":[{\"@type\":\"ListItem\",\"position\":1,\"name\":\"Home\",\"item\":\"https:\\\/\\\/slacktivity.ch\\\/fr\\\/\"},{\"@type\":\"ListItem\",\"position\":2,\"name\":\"Boutique\",\"item\":\"https:\\\/\\\/slacktivity.ch\\\/fr\\\/boutique\\\/\"},{\"@type\":\"ListItem\",\"position\":3,\"name\":\"HangOver | Stainless\"}]},{\"@type\":\"WebSite\",\"@id\":\"https:\\\/\\\/slacktivity.ch\\\/fr\\\/#website\",\"url\":\"https:\\\/\\\/slacktivity.ch\\\/fr\\\/\",\"name\":\"SLACKTIVITY Slackline Shop Schweiz\",\"description\":\"Ensembles de slackline de haute qualit\u00e9 avec montage facile, produits innovants Highline et accessoires de slackline acheter en ligne. Pour les enfants, les d\u00e9butants et les professionnels.\",\"publisher\":{\"@id\":\"https:\\\/\\\/slacktivity.ch\\\/fr\\\/#organization\"},\"potentialAction\":[{\"@type\":\"SearchAction\",\"target\":{\"@type\":\"EntryPoint\",\"urlTemplate\":\"https:\\\/\\\/slacktivity.ch\\\/fr\\\/?s={search_term_string}\"},\"query-input\":{\"@type\":\"PropertyValueSpecification\",\"valueRequired\":true,\"valueName\":\"search_term_string\"}}],\"inLanguage\":\"fr-FR\"},{\"@type\":\"Organization\",\"@id\":\"https:\\\/\\\/slacktivity.ch\\\/fr\\\/#organization\",\"name\":\"SLACKTIVITY Slackline Shop Schweiz\",\"url\":\"https:\\\/\\\/slacktivity.ch\\\/fr\\\/\",\"logo\":{\"@type\":\"ImageObject\",\"inLanguage\":\"fr-FR\",\"@id\":\"https:\\\/\\\/slacktivity.ch\\\/fr\\\/#\\\/schema\\\/logo\\\/image\\\/\",\"url\":\"https:\\\/\\\/slacktivity.ch\\\/wp-content\\\/uploads\\\/2021\\\/01\\\/slacktivity-slackline-online-shop-1.png\",\"contentUrl\":\"https:\\\/\\\/slacktivity.ch\\\/wp-content\\\/uploads\\\/2021\\\/01\\\/slacktivity-slackline-online-shop-1.png\",\"width\":200,\"height\":77,\"caption\":\"SLACKTIVITY Slackline Shop Schweiz\"},\"image\":{\"@id\":\"https:\\\/\\\/slacktivity.ch\\\/fr\\\/#\\\/schema\\\/logo\\\/image\\\/\"}}]}<\/script>\n<!-- \/ Yoast SEO plugin. -->","yoast_head_json":{"title":"HangOver | Stainless - SLACKTIVITY Slackline Shop Schweiz","robots":{"index":"index","follow":"follow","max-snippet":"max-snippet:-1","max-image-preview":"max-image-preview:large","max-video-preview":"max-video-preview:-1"},"canonical":"https:\/\/slacktivity.ch\/fr\/shop\/hangover-stainless\/","og_locale":"fr_FR","og_type":"article","og_title":"HangOver | Stainless - SLACKTIVITY Slackline Shop Schweiz","og_description":"Indispensable pour chaque highliner \/ highlinerin et pour tous ceux qui souhaitent tendre efficacement des longlines avec le moins de mat\u00e9riel possible (HangOver-Pulley). Maintenant avec un roulement \u00e0 billes en acier inoxydable.","og_url":"https:\/\/slacktivity.ch\/fr\/shop\/hangover-stainless\/","og_site_name":"SLACKTIVITY Slackline Shop Schweiz","og_image":[{"width":1180,"height":1377,"url":"https:\/\/slacktivity.ch\/wp-content\/uploads\/2021\/02\/slacktivity-hangover-stainless-black.jpg","type":"image\/jpeg"}],"twitter_card":"summary_large_image","twitter_misc":{"Dur\u00e9e de lecture estim\u00e9e":"1 minute"},"schema":{"@context":"https:\/\/schema.org","@graph":[{"@type":"WebPage","@id":"https:\/\/slacktivity.ch\/fr\/shop\/hangover-stainless\/","url":"https:\/\/slacktivity.ch\/fr\/shop\/hangover-stainless\/","name":"HangOver | Stainless - SLACKTIVITY Slackline Shop Schweiz","isPartOf":{"@id":"https:\/\/slacktivity.ch\/fr\/#website"},"primaryImageOfPage":{"@id":"https:\/\/slacktivity.ch\/fr\/shop\/hangover-stainless\/#primaryimage"},"image":{"@id":"https:\/\/slacktivity.ch\/fr\/shop\/hangover-stainless\/#primaryimage"},"thumbnailUrl":"https:\/\/slacktivity.ch\/wp-content\/uploads\/2021\/02\/slacktivity-hangover-stainless-black.jpg","datePublished":"2021-02-22T13:54:45+00:00","breadcrumb":{"@id":"https:\/\/slacktivity.ch\/fr\/shop\/hangover-stainless\/#breadcrumb"},"inLanguage":"fr-FR","potentialAction":[{"@type":"ReadAction","target":["https:\/\/slacktivity.ch\/fr\/shop\/hangover-stainless\/"]}]},{"@type":"ImageObject","inLanguage":"fr-FR","@id":"https:\/\/slacktivity.ch\/fr\/shop\/hangover-stainless\/#primaryimage","url":"https:\/\/slacktivity.ch\/wp-content\/uploads\/2021\/02\/slacktivity-hangover-stainless-black.jpg","contentUrl":"https:\/\/slacktivity.ch\/wp-content\/uploads\/2021\/02\/slacktivity-hangover-stainless-black.jpg","width":1180,"height":1377,"caption":"slacktivity hangover stainless"},{"@type":"BreadcrumbList","@id":"https:\/\/slacktivity.ch\/fr\/shop\/hangover-stainless\/#breadcrumb","itemListElement":[{"@type":"ListItem","position":1,"name":"Home","item":"https:\/\/slacktivity.ch\/fr\/"},{"@type":"ListItem","position":2,"name":"Boutique","item":"https:\/\/slacktivity.ch\/fr\/boutique\/"},{"@type":"ListItem","position":3,"name":"HangOver | Stainless"}]},{"@type":"WebSite","@id":"https:\/\/slacktivity.ch\/fr\/#website","url":"https:\/\/slacktivity.ch\/fr\/","name":"SLACKTIVITY Slackline Shop Schweiz","description":"Ensembles de slackline de haute qualit\u00e9 avec montage facile, produits innovants Highline et accessoires de slackline acheter en ligne. Pour les enfants, les d\u00e9butants et les professionnels.","publisher":{"@id":"https:\/\/slacktivity.ch\/fr\/#organization"},"potentialAction":[{"@type":"SearchAction","target":{"@type":"EntryPoint","urlTemplate":"https:\/\/slacktivity.ch\/fr\/?s={search_term_string}"},"query-input":{"@type":"PropertyValueSpecification","valueRequired":true,"valueName":"search_term_string"}}],"inLanguage":"fr-FR"},{"@type":"Organization","@id":"https:\/\/slacktivity.ch\/fr\/#organization","name":"SLACKTIVITY Slackline Shop Schweiz","url":"https:\/\/slacktivity.ch\/fr\/","logo":{"@type":"ImageObject","inLanguage":"fr-FR","@id":"https:\/\/slacktivity.ch\/fr\/#\/schema\/logo\/image\/","url":"https:\/\/slacktivity.ch\/wp-content\/uploads\/2021\/01\/slacktivity-slackline-online-shop-1.png","contentUrl":"https:\/\/slacktivity.ch\/wp-content\/uploads\/2021\/01\/slacktivity-slackline-online-shop-1.png","width":200,"height":77,"caption":"SLACKTIVITY Slackline Shop Schweiz"},"image":{"@id":"https:\/\/slacktivity.ch\/fr\/#\/schema\/logo\/image\/"}}]}},"_links":{"self":[{"href":"https:\/\/slacktivity.ch\/fr\/wp-json\/wp\/v2\/product\/10839","targetHints":{"allow":["GET"]}}],"collection":[{"href":"https:\/\/slacktivity.ch\/fr\/wp-json\/wp\/v2\/product"}],"about":[{"href":"https:\/\/slacktivity.ch\/fr\/wp-json\/wp\/v2\/types\/product"}],"replies":[{"embeddable":true,"href":"https:\/\/slacktivity.ch\/fr\/wp-json\/wp\/v2\/comments?post=10839"}],"wp:featuredmedia":[{"embeddable":true,"href":"https:\/\/slacktivity.ch\/fr\/wp-json\/wp\/v2\/media\/6820"}],"wp:attachment":[{"href":"https:\/\/slacktivity.ch\/fr\/wp-json\/wp\/v2\/media?parent=10839"}],"wp:term":[{"taxonomy":"product_cat","embeddable":true,"href":"https:\/\/slacktivity.ch\/fr\/wp-json\/wp\/v2\/product_cat?post=10839"},{"taxonomy":"product_tag","embeddable":true,"href":"https:\/\/slacktivity.ch\/fr\/wp-json\/wp\/v2\/product_tag?post=10839"}],"curies":[{"name":"wp","href":"https:\/\/api.w.org\/{rel}","templated":true}]}}