{"id":10841,"date":"2021-02-22T15:55:07","date_gmt":"2021-02-22T13:55:07","guid":{"rendered":"https:\/\/slacktivity.ch\/shop\/kingpin-weblock\/"},"modified":"2021-02-22T15:55:07","modified_gmt":"2021-02-22T13:55:07","slug":"kingpin-weblock","status":"publish","type":"product","link":"https:\/\/slacktivity.ch\/fr\/shop\/kingpin-weblock\/","title":{"rendered":"KingPin-Weblock"},"content":{"rendered":"<h2>KingPin Weblock pour sangles de 20 mm<\/h2>\n<p>La manille en aluminium SLACKTIVITY &#8211; le <a href=\"https:\/\/slacktivity.ch\/shop\/kingpin-aluminium-schakel\/\" target=\"_blank\" rel=\"noopener\">KingPin<\/a> se distingue maintenant par une mise \u00e0 jour qui fait du KingPin un weblock super l\u00e9ger pour les sangles de slackline de 20 mm de large. Ce weblock KingPin pr\u00e9sente les avantages d&rsquo;un weblock, comme une charge de rupture plus efficace (compar\u00e9 a un n\u0153ud ou m\u00e9thode ChainLock) et la possibilit\u00e9 de tendre la sangle, tout en \u00e9tant tr\u00e8s l\u00e9ger.<\/p>\n<p>D\u00e8s qu&rsquo;un HangOver-Pulley est utilis\u00e9 \u00e0 partir d&rsquo;un rapport de 3:1, il est recommand\u00e9 d&rsquo;utiliser un <a href=\"https:\/\/slacktivity.ch\/shop\/softrelease\/\" target=\"_blank\" rel=\"noopener\">softRelease<\/a>.<\/p>\n<p>L&rsquo;unit\u00e9 Weblock, le corps du KingPin et le pin sont reli\u00e9s par un cordon \u00e9lastique. Il n&rsquo;y a donc pas de pi\u00e8ces d\u00e9tach\u00e9es que l&rsquo;on pourrait perdre. Si le cordon \u00e9lastique s&rsquo;use fortement au fil du temps, il peut \u00eatre remplac\u00e9 par un cordon en caoutchouc de 2 mm disponible dans le commerce.<\/p>\n<p>Une autre petite caract\u00e9ristique est la possibilit\u00e9 d&rsquo;enfiler \/ d&rsquo;ins\u00e9rer un cordon ou une goupille de s\u00e9curit\u00e9 de 2 mm \u00e0 travers les deux trous des plaques lat\u00e9rales. Cela permet d&rsquo;\u00e9viter un mauvais alignement des lignes de rod\u00e9o qui sont fix\u00e9es en hauteur dans les arbres.<\/p>\n<ul>\n<li>charge utile maximale (WLL) 4kN, (\u00e0 partir de 17kN l\u00e9g\u00e8re d\u00e9formation sur les panneaux lat\u00e9raux)<\/li>\n<li>pour slacklines de 19-20mm de large<\/li>\n<li>BallLocking Pin (d=11mm) en acier inoxydable fortement alli\u00e9 (17-4PH)<\/li>\n<li>fabriqu\u00e9 en aluminium de qualit\u00e9 a\u00e9ronautique 7075-T6 anodis\u00e9 en vert SLACKTIVITY<\/li>\n<li>Unit\u00e9 Weblock : plaques lat\u00e9rales en acier inoxydable, divert central avec HalfMoon-Shape en aluminium a\u00e9ronautique 7075-T6<\/li>\n<li>Poids: 153g<\/li>\n<\/ul>\n<h4>Avant d&rsquo;utiliser ce produit, il faut lire et comprendre le(s) mode(s) d&#8217;emploi (PDF \u00e0 t\u00e9l\u00e9charger).<\/h4>\n<p>&nbsp;<\/p>\n","protected":false},"excerpt":{"rendered":"<p>Weblock KingPin high-tech super l\u00e9ger pour les sangles de slackline de 20 mm.<\/p>\n","protected":false},"featured_media":6329,"comment_status":"open","ping_status":"closed","template":"","meta":{"_acf_changed":false,"_joinchat":[]},"product_cat":[15],"product_tag":[717],"class_list":{"0":"post-10841","1":"product","2":"type-product","3":"status-publish","4":"has-post-thumbnail","6":"product_cat-uncategorized","7":"product_tag-20mm-webbing-fr","8":"pa_brand-slacktivity-fr","10":"first","11":"instock","12":"taxable","13":"shipping-taxable","14":"purchasable","15":"product-type-simple"},"acf":[],"yoast_head":"<!-- This site is optimized with the Yoast SEO plugin v27.4 - https:\/\/yoast.com\/product\/yoast-seo-wordpress\/ -->\n<title>KingPin-Weblock - SLACKTIVITY Slackline Shop Schweiz<\/title>\n<meta name=\"robots\" content=\"index, follow, max-snippet:-1, max-image-preview:large, max-video-preview:-1\" \/>\n<link rel=\"canonical\" href=\"https:\/\/slacktivity.ch\/fr\/shop\/kingpin-weblock\/\" \/>\n<meta property=\"og:locale\" content=\"fr_FR\" \/>\n<meta property=\"og:type\" content=\"article\" \/>\n<meta property=\"og:title\" content=\"KingPin-Weblock - SLACKTIVITY Slackline Shop Schweiz\" \/>\n<meta property=\"og:description\" content=\"Weblock KingPin high-tech super l\u00e9ger pour les sangles de slackline de 20 mm.\" \/>\n<meta property=\"og:url\" content=\"https:\/\/slacktivity.ch\/fr\/shop\/kingpin-weblock\/\" \/>\n<meta property=\"og:site_name\" content=\"SLACKTIVITY Slackline Shop Schweiz\" \/>\n<meta property=\"og:image\" content=\"https:\/\/slacktivity.ch\/wp-content\/uploads\/2021\/02\/kingpin-longline-weblock.jpg\" \/>\n\t<meta property=\"og:image:width\" content=\"1180\" \/>\n\t<meta property=\"og:image:height\" content=\"1377\" \/>\n\t<meta property=\"og:image:type\" content=\"image\/jpeg\" \/>\n<meta name=\"twitter:card\" content=\"summary_large_image\" \/>\n<meta name=\"twitter:label1\" content=\"Dur\u00e9e de lecture estim\u00e9e\" \/>\n\t<meta name=\"twitter:data1\" content=\"1 minute\" \/>\n<script type=\"application\/ld+json\" class=\"yoast-schema-graph\">{\"@context\":\"https:\\\/\\\/schema.org\",\"@graph\":[{\"@type\":\"WebPage\",\"@id\":\"https:\\\/\\\/slacktivity.ch\\\/fr\\\/shop\\\/kingpin-weblock\\\/\",\"url\":\"https:\\\/\\\/slacktivity.ch\\\/fr\\\/shop\\\/kingpin-weblock\\\/\",\"name\":\"KingPin-Weblock - SLACKTIVITY Slackline Shop Schweiz\",\"isPartOf\":{\"@id\":\"https:\\\/\\\/slacktivity.ch\\\/fr\\\/#website\"},\"primaryImageOfPage\":{\"@id\":\"https:\\\/\\\/slacktivity.ch\\\/fr\\\/shop\\\/kingpin-weblock\\\/#primaryimage\"},\"image\":{\"@id\":\"https:\\\/\\\/slacktivity.ch\\\/fr\\\/shop\\\/kingpin-weblock\\\/#primaryimage\"},\"thumbnailUrl\":\"https:\\\/\\\/slacktivity.ch\\\/wp-content\\\/uploads\\\/2021\\\/02\\\/kingpin-longline-weblock.jpg\",\"datePublished\":\"2021-02-22T13:55:07+00:00\",\"breadcrumb\":{\"@id\":\"https:\\\/\\\/slacktivity.ch\\\/fr\\\/shop\\\/kingpin-weblock\\\/#breadcrumb\"},\"inLanguage\":\"fr-FR\",\"potentialAction\":[{\"@type\":\"ReadAction\",\"target\":[\"https:\\\/\\\/slacktivity.ch\\\/fr\\\/shop\\\/kingpin-weblock\\\/\"]}]},{\"@type\":\"ImageObject\",\"inLanguage\":\"fr-FR\",\"@id\":\"https:\\\/\\\/slacktivity.ch\\\/fr\\\/shop\\\/kingpin-weblock\\\/#primaryimage\",\"url\":\"https:\\\/\\\/slacktivity.ch\\\/wp-content\\\/uploads\\\/2021\\\/02\\\/kingpin-longline-weblock.jpg\",\"contentUrl\":\"https:\\\/\\\/slacktivity.ch\\\/wp-content\\\/uploads\\\/2021\\\/02\\\/kingpin-longline-weblock.jpg\",\"width\":1180,\"height\":1377,\"caption\":\"kingpin longline weblock\"},{\"@type\":\"BreadcrumbList\",\"@id\":\"https:\\\/\\\/slacktivity.ch\\\/fr\\\/shop\\\/kingpin-weblock\\\/#breadcrumb\",\"itemListElement\":[{\"@type\":\"ListItem\",\"position\":1,\"name\":\"Home\",\"item\":\"https:\\\/\\\/slacktivity.ch\\\/fr\\\/\"},{\"@type\":\"ListItem\",\"position\":2,\"name\":\"Boutique\",\"item\":\"https:\\\/\\\/slacktivity.ch\\\/fr\\\/boutique\\\/\"},{\"@type\":\"ListItem\",\"position\":3,\"name\":\"KingPin-Weblock\"}]},{\"@type\":\"WebSite\",\"@id\":\"https:\\\/\\\/slacktivity.ch\\\/fr\\\/#website\",\"url\":\"https:\\\/\\\/slacktivity.ch\\\/fr\\\/\",\"name\":\"SLACKTIVITY Slackline Shop Schweiz\",\"description\":\"Ensembles de slackline de haute qualit\u00e9 avec montage facile, produits innovants Highline et accessoires de slackline acheter en ligne. Pour les enfants, les d\u00e9butants et les professionnels.\",\"publisher\":{\"@id\":\"https:\\\/\\\/slacktivity.ch\\\/fr\\\/#organization\"},\"potentialAction\":[{\"@type\":\"SearchAction\",\"target\":{\"@type\":\"EntryPoint\",\"urlTemplate\":\"https:\\\/\\\/slacktivity.ch\\\/fr\\\/?s={search_term_string}\"},\"query-input\":{\"@type\":\"PropertyValueSpecification\",\"valueRequired\":true,\"valueName\":\"search_term_string\"}}],\"inLanguage\":\"fr-FR\"},{\"@type\":\"Organization\",\"@id\":\"https:\\\/\\\/slacktivity.ch\\\/fr\\\/#organization\",\"name\":\"SLACKTIVITY Slackline Shop Schweiz\",\"url\":\"https:\\\/\\\/slacktivity.ch\\\/fr\\\/\",\"logo\":{\"@type\":\"ImageObject\",\"inLanguage\":\"fr-FR\",\"@id\":\"https:\\\/\\\/slacktivity.ch\\\/fr\\\/#\\\/schema\\\/logo\\\/image\\\/\",\"url\":\"https:\\\/\\\/slacktivity.ch\\\/wp-content\\\/uploads\\\/2021\\\/01\\\/slacktivity-slackline-online-shop-1.png\",\"contentUrl\":\"https:\\\/\\\/slacktivity.ch\\\/wp-content\\\/uploads\\\/2021\\\/01\\\/slacktivity-slackline-online-shop-1.png\",\"width\":200,\"height\":77,\"caption\":\"SLACKTIVITY Slackline Shop Schweiz\"},\"image\":{\"@id\":\"https:\\\/\\\/slacktivity.ch\\\/fr\\\/#\\\/schema\\\/logo\\\/image\\\/\"}}]}<\/script>\n<!-- \/ Yoast SEO plugin. -->","yoast_head_json":{"title":"KingPin-Weblock - SLACKTIVITY Slackline Shop Schweiz","robots":{"index":"index","follow":"follow","max-snippet":"max-snippet:-1","max-image-preview":"max-image-preview:large","max-video-preview":"max-video-preview:-1"},"canonical":"https:\/\/slacktivity.ch\/fr\/shop\/kingpin-weblock\/","og_locale":"fr_FR","og_type":"article","og_title":"KingPin-Weblock - SLACKTIVITY Slackline Shop Schweiz","og_description":"Weblock KingPin high-tech super l\u00e9ger pour les sangles de slackline de 20 mm.","og_url":"https:\/\/slacktivity.ch\/fr\/shop\/kingpin-weblock\/","og_site_name":"SLACKTIVITY Slackline Shop Schweiz","og_image":[{"width":1180,"height":1377,"url":"https:\/\/slacktivity.ch\/wp-content\/uploads\/2021\/02\/kingpin-longline-weblock.jpg","type":"image\/jpeg"}],"twitter_card":"summary_large_image","twitter_misc":{"Dur\u00e9e de lecture estim\u00e9e":"1 minute"},"schema":{"@context":"https:\/\/schema.org","@graph":[{"@type":"WebPage","@id":"https:\/\/slacktivity.ch\/fr\/shop\/kingpin-weblock\/","url":"https:\/\/slacktivity.ch\/fr\/shop\/kingpin-weblock\/","name":"KingPin-Weblock - SLACKTIVITY Slackline Shop Schweiz","isPartOf":{"@id":"https:\/\/slacktivity.ch\/fr\/#website"},"primaryImageOfPage":{"@id":"https:\/\/slacktivity.ch\/fr\/shop\/kingpin-weblock\/#primaryimage"},"image":{"@id":"https:\/\/slacktivity.ch\/fr\/shop\/kingpin-weblock\/#primaryimage"},"thumbnailUrl":"https:\/\/slacktivity.ch\/wp-content\/uploads\/2021\/02\/kingpin-longline-weblock.jpg","datePublished":"2021-02-22T13:55:07+00:00","breadcrumb":{"@id":"https:\/\/slacktivity.ch\/fr\/shop\/kingpin-weblock\/#breadcrumb"},"inLanguage":"fr-FR","potentialAction":[{"@type":"ReadAction","target":["https:\/\/slacktivity.ch\/fr\/shop\/kingpin-weblock\/"]}]},{"@type":"ImageObject","inLanguage":"fr-FR","@id":"https:\/\/slacktivity.ch\/fr\/shop\/kingpin-weblock\/#primaryimage","url":"https:\/\/slacktivity.ch\/wp-content\/uploads\/2021\/02\/kingpin-longline-weblock.jpg","contentUrl":"https:\/\/slacktivity.ch\/wp-content\/uploads\/2021\/02\/kingpin-longline-weblock.jpg","width":1180,"height":1377,"caption":"kingpin longline weblock"},{"@type":"BreadcrumbList","@id":"https:\/\/slacktivity.ch\/fr\/shop\/kingpin-weblock\/#breadcrumb","itemListElement":[{"@type":"ListItem","position":1,"name":"Home","item":"https:\/\/slacktivity.ch\/fr\/"},{"@type":"ListItem","position":2,"name":"Boutique","item":"https:\/\/slacktivity.ch\/fr\/boutique\/"},{"@type":"ListItem","position":3,"name":"KingPin-Weblock"}]},{"@type":"WebSite","@id":"https:\/\/slacktivity.ch\/fr\/#website","url":"https:\/\/slacktivity.ch\/fr\/","name":"SLACKTIVITY Slackline Shop Schweiz","description":"Ensembles de slackline de haute qualit\u00e9 avec montage facile, produits innovants Highline et accessoires de slackline acheter en ligne. Pour les enfants, les d\u00e9butants et les professionnels.","publisher":{"@id":"https:\/\/slacktivity.ch\/fr\/#organization"},"potentialAction":[{"@type":"SearchAction","target":{"@type":"EntryPoint","urlTemplate":"https:\/\/slacktivity.ch\/fr\/?s={search_term_string}"},"query-input":{"@type":"PropertyValueSpecification","valueRequired":true,"valueName":"search_term_string"}}],"inLanguage":"fr-FR"},{"@type":"Organization","@id":"https:\/\/slacktivity.ch\/fr\/#organization","name":"SLACKTIVITY Slackline Shop Schweiz","url":"https:\/\/slacktivity.ch\/fr\/","logo":{"@type":"ImageObject","inLanguage":"fr-FR","@id":"https:\/\/slacktivity.ch\/fr\/#\/schema\/logo\/image\/","url":"https:\/\/slacktivity.ch\/wp-content\/uploads\/2021\/01\/slacktivity-slackline-online-shop-1.png","contentUrl":"https:\/\/slacktivity.ch\/wp-content\/uploads\/2021\/01\/slacktivity-slackline-online-shop-1.png","width":200,"height":77,"caption":"SLACKTIVITY Slackline Shop Schweiz"},"image":{"@id":"https:\/\/slacktivity.ch\/fr\/#\/schema\/logo\/image\/"}}]}},"_links":{"self":[{"href":"https:\/\/slacktivity.ch\/fr\/wp-json\/wp\/v2\/product\/10841","targetHints":{"allow":["GET"]}}],"collection":[{"href":"https:\/\/slacktivity.ch\/fr\/wp-json\/wp\/v2\/product"}],"about":[{"href":"https:\/\/slacktivity.ch\/fr\/wp-json\/wp\/v2\/types\/product"}],"replies":[{"embeddable":true,"href":"https:\/\/slacktivity.ch\/fr\/wp-json\/wp\/v2\/comments?post=10841"}],"wp:featuredmedia":[{"embeddable":true,"href":"https:\/\/slacktivity.ch\/fr\/wp-json\/wp\/v2\/media\/6329"}],"wp:attachment":[{"href":"https:\/\/slacktivity.ch\/fr\/wp-json\/wp\/v2\/media?parent=10841"}],"wp:term":[{"taxonomy":"product_cat","embeddable":true,"href":"https:\/\/slacktivity.ch\/fr\/wp-json\/wp\/v2\/product_cat?post=10841"},{"taxonomy":"product_tag","embeddable":true,"href":"https:\/\/slacktivity.ch\/fr\/wp-json\/wp\/v2\/product_tag?post=10841"}],"curies":[{"name":"wp","href":"https:\/\/api.w.org\/{rel}","templated":true}]}}