{"id":10844,"date":"2021-02-22T15:55:07","date_gmt":"2021-02-22T13:55:07","guid":{"rendered":"https:\/\/slacktivity.ch\/shop\/y2k-webbing\/"},"modified":"2023-01-19T12:45:59","modified_gmt":"2023-01-19T10:45:59","slug":"y2k-webbing","status":"publish","type":"product","link":"https:\/\/slacktivity.ch\/fr\/shop\/y2k-webbing\/","title":{"rendered":"Sangle Slackline Y2K | 50m &#8211; 100m"},"content":{"rendered":"<h2>Sangle Slackline | 50m &#8211; 100m<\/h2>\n<p>La sangle Y2K a une architecture sp\u00e9ciale \u00e2me-manteau avec des fibres de polyester \u00e0 l&rsquo;ext\u00e9rieur et de l&rsquo;UHWMPE comme \u00e2me. Elle est surtout parfaite pour les lines de 200 m et plus. Y2K est un principe de slackline enti\u00e8rement nouveau qui permet de relier des slacklines. Tous les 50 \/ 100 m, la main line est reli\u00e9e \u00e0 la main line suivante par un quicklink de 8 mm. De m\u00eame, tous les 50 \/ 100 m, le backup est reli\u00e9e \u00e0 la main line par un quicklink. Les avantages d&rsquo;un tel syst\u00e8me sont \u00e9num\u00e9r\u00e9s ci-dessous.<\/p>\n<p>La sangle Y2K convient aussi parfaitement comme backup pour les setups de freestyle highline. Il est important qu&rsquo;il y ait une connexion intermittente.<\/p>\n<h3>Eigenschaften Y2K-Webbing<\/h3>\n<ul>\n<li>Poids: 33.1 g\/m<\/li>\n<li>Force de rupture: 34kN<\/li>\n<li>R\u00e9sistance des boucles cousues : 29kN<\/li>\n<li>Longueur de la Main-Line : 50m \/ 100m par pi\u00e8ce<\/li>\n<li>Longueur du backup : 52.7 m \/ 105.5 m par pi\u00e8ce<\/li>\n<li>Mat\u00e9riau : 50% polyester \/ 50% UHMWPE (\u00e9galement connu sous le nom de Dyneema)<\/li>\n<li>Stretch: Environ 1% @ 10kN<\/li>\n<li>construction \u00e0 3 couches avec des fibres PES qui prot\u00e8gent les fibres Dyneema internes<\/li>\n<\/ul>\n<h3>Avantages par rapport aux sangles normales :<\/h3>\n<ul>\n<li>Tous les 50 \/ 100 m\u00e8tres, il y a un backup qui fonctionne.<\/li>\n<li>Les sangles maintenues ensemble par du scotch ne peuvent pas se d\u00e9tacher compl\u00e8tement en cas de vent fort &#8211; il restera un lien tous les 50 \/ 100 m\u00e8tres.<\/li>\n<li>Ce principe permet de construire une slackline \u00e0 partir des deux points d&rsquo;ancrage et de la relier plus tard au milieu.<\/li>\n<li>Si tu poss\u00e8des par exemple 300m de cette bande et que tu as un projet de 340m, tu peux facilement compl\u00e9ter ton setup de 50m. Il est \u00e9galement possible de compl\u00e9ter un setup avec plusieurs amis.<\/li>\n<li>Si une partie de la ligne est endommag\u00e9e, il suffit d&rsquo;en remplacer un morceau de 50 \/ 100 m\u00e8tres.<\/li>\n<li>Pour un m\u00eame projet, il est tr\u00e8s facile de r\u00e9partir les rubans sur diff\u00e9rents sacs \u00e0 dos.<\/li>\n<li>La manipulation est beaucoup plus simple lorsqu&rsquo;il y a par exemple un n\u0153ud au milieu de la ligne. Seul un morceau de 50 m au lieu de 500 m, par exemple, doit alors \u00eatre d\u00e9m\u00eal\u00e9.<\/li>\n<li>Cette bande a permis de tendre la plus longue highline de l&rsquo;histoire, d&rsquo;une longueur de 2,8 km.<\/li>\n<\/ul>\n<h3>Cette bande peut \u00eatre achet\u00e9e comme<\/h3>\n<ul>\n<li>Main-Line (avec une boucle cousue aux deux extr\u00e9mit\u00e9s plus une boucle double cousue pour relier le backup d&rsquo;un c\u00f4t\u00e9) longueur 50m \/ 100m<\/li>\n<li>Ligne de secours (avec une boucle cousue aux deux extr\u00e9mit\u00e9s) 52.7m \/ 105.5m de long<\/li>\n<li>Bundle (Main-Line + Backup-Line ensemble)<\/li>\n<\/ul>\n<h3>Conseils de s\u00e9curit\u00e9<\/h3>\n<p>L&rsquo;Y2K peut \u00eatre tendu jusqu&rsquo;\u00e0 une force de 6kN avec un seul Webbing-Grab. \u00c0 partir de 6kN, deux LineGrips doivent \u00eatre utilis\u00e9s en s\u00e9rie pour \u00e9viter d&rsquo;endommager la construction noyau-manteau de l&rsquo;Y2K. Y2K a \u00e9t\u00e9 test\u00e9 avec les trois dispositifs Webbing-Grab suivants : LineGrip, Snatch et T-Grip.<\/p>\n","protected":false},"excerpt":{"rendered":"<p>La bande Y2K est surtout parfaite pour les lines de 200 m et plus. Il ne s&rsquo;agit pas d&rsquo;une simple sangle, mais d&rsquo;un principe de slackline complet. Tous les 50m \/ 100m, la main line est reli\u00e9e \u00e0 la main line suivante par un QuickLink. Tous les 50 \/ 100m \u00e9galement, la ligne de backup est reli\u00e9e \u00e0 la main line par un Quicklink.<\/p>\n","protected":false},"featured_media":11757,"comment_status":"open","ping_status":"closed","template":"","meta":{"_acf_changed":false,"_joinchat":[]},"product_cat":[627,729,727,655],"product_tag":[744,739],"class_list":{"0":"post-10844","1":"product","2":"type-product","3":"status-publish","4":"has-post-thumbnail","6":"product_cat-equipement-highline","7":"product_cat-sangle-longline","8":"product_cat-sangle-slackline","9":"product_cat-sangles","10":"product_tag-25mm-webbing-fr","11":"product_tag-longline-fr","12":"pa_brand-slacktivity-fr","14":"first","15":"instock","16":"taxable","17":"shipping-taxable","18":"purchasable","19":"product-type-variable","20":"has-default-attributes"},"acf":[],"yoast_head":"<!-- This site is optimized with the Yoast SEO plugin v27.3 - https:\/\/yoast.com\/product\/yoast-seo-wordpress\/ -->\n<title>Sangle Slackline Y2K | 50m - 100m - SLACKTIVITY Slackline Shop Schweiz<\/title>\n<meta name=\"robots\" content=\"index, follow, max-snippet:-1, max-image-preview:large, max-video-preview:-1\" \/>\n<link rel=\"canonical\" href=\"https:\/\/slacktivity.ch\/fr\/shop\/y2k-webbing\/\" \/>\n<meta property=\"og:locale\" content=\"fr_FR\" \/>\n<meta property=\"og:type\" content=\"article\" \/>\n<meta property=\"og:title\" content=\"Sangle Slackline Y2K | 50m - 100m - SLACKTIVITY Slackline Shop Schweiz\" \/>\n<meta property=\"og:description\" content=\"La bande Y2K est surtout parfaite pour les lines de 200 m et plus. Il ne s&#039;agit pas d&#039;une simple sangle, mais d&#039;un principe de slackline complet. Tous les 50m \/ 100m, la main line est reli\u00e9e \u00e0 la main line suivante par un QuickLink. Tous les 50 \/ 100m \u00e9galement, la ligne de backup est reli\u00e9e \u00e0 la main line par un Quicklink.\" \/>\n<meta property=\"og:url\" content=\"https:\/\/slacktivity.ch\/fr\/shop\/y2k-webbing\/\" \/>\n<meta property=\"og:site_name\" content=\"SLACKTIVITY Slackline Shop Schweiz\" \/>\n<meta property=\"article:modified_time\" content=\"2023-01-19T10:45:59+00:00\" \/>\n<meta property=\"og:image\" content=\"https:\/\/slacktivity.ch\/wp-content\/uploads\/2021\/02\/y2k-webbing.jpg\" \/>\n\t<meta property=\"og:image:width\" content=\"1180\" \/>\n\t<meta property=\"og:image:height\" content=\"1377\" \/>\n\t<meta property=\"og:image:type\" content=\"image\/jpeg\" \/>\n<meta name=\"twitter:card\" content=\"summary_large_image\" \/>\n<meta name=\"twitter:label1\" content=\"Dur\u00e9e de lecture estim\u00e9e\" \/>\n\t<meta name=\"twitter:data1\" content=\"2 minutes\" \/>\n<script type=\"application\/ld+json\" class=\"yoast-schema-graph\">{\"@context\":\"https:\\\/\\\/schema.org\",\"@graph\":[{\"@type\":\"WebPage\",\"@id\":\"https:\\\/\\\/slacktivity.ch\\\/fr\\\/shop\\\/y2k-webbing\\\/\",\"url\":\"https:\\\/\\\/slacktivity.ch\\\/fr\\\/shop\\\/y2k-webbing\\\/\",\"name\":\"Sangle Slackline Y2K | 50m - 100m - SLACKTIVITY Slackline Shop Schweiz\",\"isPartOf\":{\"@id\":\"https:\\\/\\\/slacktivity.ch\\\/fr\\\/#website\"},\"primaryImageOfPage\":{\"@id\":\"https:\\\/\\\/slacktivity.ch\\\/fr\\\/shop\\\/y2k-webbing\\\/#primaryimage\"},\"image\":{\"@id\":\"https:\\\/\\\/slacktivity.ch\\\/fr\\\/shop\\\/y2k-webbing\\\/#primaryimage\"},\"thumbnailUrl\":\"https:\\\/\\\/slacktivity.ch\\\/wp-content\\\/uploads\\\/2021\\\/02\\\/y2k-highline-webbing-1.jpg\",\"datePublished\":\"2021-02-22T13:55:07+00:00\",\"dateModified\":\"2023-01-19T10:45:59+00:00\",\"breadcrumb\":{\"@id\":\"https:\\\/\\\/slacktivity.ch\\\/fr\\\/shop\\\/y2k-webbing\\\/#breadcrumb\"},\"inLanguage\":\"fr-FR\",\"potentialAction\":[{\"@type\":\"ReadAction\",\"target\":[\"https:\\\/\\\/slacktivity.ch\\\/fr\\\/shop\\\/y2k-webbing\\\/\"]}]},{\"@type\":\"ImageObject\",\"inLanguage\":\"fr-FR\",\"@id\":\"https:\\\/\\\/slacktivity.ch\\\/fr\\\/shop\\\/y2k-webbing\\\/#primaryimage\",\"url\":\"https:\\\/\\\/slacktivity.ch\\\/wp-content\\\/uploads\\\/2021\\\/02\\\/y2k-highline-webbing-1.jpg\",\"contentUrl\":\"https:\\\/\\\/slacktivity.ch\\\/wp-content\\\/uploads\\\/2021\\\/02\\\/y2k-highline-webbing-1.jpg\",\"width\":1180,\"height\":1377,\"caption\":\"y2k highline webbing\"},{\"@type\":\"BreadcrumbList\",\"@id\":\"https:\\\/\\\/slacktivity.ch\\\/fr\\\/shop\\\/y2k-webbing\\\/#breadcrumb\",\"itemListElement\":[{\"@type\":\"ListItem\",\"position\":1,\"name\":\"Home\",\"item\":\"https:\\\/\\\/slacktivity.ch\\\/fr\\\/\"},{\"@type\":\"ListItem\",\"position\":2,\"name\":\"Boutique\",\"item\":\"https:\\\/\\\/slacktivity.ch\\\/fr\\\/boutique\\\/\"},{\"@type\":\"ListItem\",\"position\":3,\"name\":\"Sangle Slackline Y2K | 50m &#8211; 100m\"}]},{\"@type\":\"WebSite\",\"@id\":\"https:\\\/\\\/slacktivity.ch\\\/fr\\\/#website\",\"url\":\"https:\\\/\\\/slacktivity.ch\\\/fr\\\/\",\"name\":\"SLACKTIVITY Slackline Shop Schweiz\",\"description\":\"Ensembles de slackline de haute qualit\u00e9 avec montage facile, produits innovants Highline et accessoires de slackline acheter en ligne. Pour les enfants, les d\u00e9butants et les professionnels.\",\"publisher\":{\"@id\":\"https:\\\/\\\/slacktivity.ch\\\/fr\\\/#organization\"},\"potentialAction\":[{\"@type\":\"SearchAction\",\"target\":{\"@type\":\"EntryPoint\",\"urlTemplate\":\"https:\\\/\\\/slacktivity.ch\\\/fr\\\/?s={search_term_string}\"},\"query-input\":{\"@type\":\"PropertyValueSpecification\",\"valueRequired\":true,\"valueName\":\"search_term_string\"}}],\"inLanguage\":\"fr-FR\"},{\"@type\":\"Organization\",\"@id\":\"https:\\\/\\\/slacktivity.ch\\\/fr\\\/#organization\",\"name\":\"SLACKTIVITY Slackline Shop Schweiz\",\"url\":\"https:\\\/\\\/slacktivity.ch\\\/fr\\\/\",\"logo\":{\"@type\":\"ImageObject\",\"inLanguage\":\"fr-FR\",\"@id\":\"https:\\\/\\\/slacktivity.ch\\\/fr\\\/#\\\/schema\\\/logo\\\/image\\\/\",\"url\":\"https:\\\/\\\/slacktivity.ch\\\/wp-content\\\/uploads\\\/2021\\\/01\\\/slacktivity-slackline-online-shop-1.png\",\"contentUrl\":\"https:\\\/\\\/slacktivity.ch\\\/wp-content\\\/uploads\\\/2021\\\/01\\\/slacktivity-slackline-online-shop-1.png\",\"width\":200,\"height\":77,\"caption\":\"SLACKTIVITY Slackline Shop Schweiz\"},\"image\":{\"@id\":\"https:\\\/\\\/slacktivity.ch\\\/fr\\\/#\\\/schema\\\/logo\\\/image\\\/\"}}]}<\/script>\n<!-- \/ Yoast SEO plugin. -->","yoast_head_json":{"title":"Sangle Slackline Y2K | 50m - 100m - SLACKTIVITY Slackline Shop Schweiz","robots":{"index":"index","follow":"follow","max-snippet":"max-snippet:-1","max-image-preview":"max-image-preview:large","max-video-preview":"max-video-preview:-1"},"canonical":"https:\/\/slacktivity.ch\/fr\/shop\/y2k-webbing\/","og_locale":"fr_FR","og_type":"article","og_title":"Sangle Slackline Y2K | 50m - 100m - SLACKTIVITY Slackline Shop Schweiz","og_description":"La bande Y2K est surtout parfaite pour les lines de 200 m et plus. Il ne s'agit pas d'une simple sangle, mais d'un principe de slackline complet. Tous les 50m \/ 100m, la main line est reli\u00e9e \u00e0 la main line suivante par un QuickLink. Tous les 50 \/ 100m \u00e9galement, la ligne de backup est reli\u00e9e \u00e0 la main line par un Quicklink.","og_url":"https:\/\/slacktivity.ch\/fr\/shop\/y2k-webbing\/","og_site_name":"SLACKTIVITY Slackline Shop Schweiz","article_modified_time":"2023-01-19T10:45:59+00:00","og_image":[{"width":1180,"height":1377,"url":"https:\/\/slacktivity.ch\/wp-content\/uploads\/2021\/02\/y2k-webbing.jpg","type":"image\/jpeg"}],"twitter_card":"summary_large_image","twitter_misc":{"Dur\u00e9e de lecture estim\u00e9e":"2 minutes"},"schema":{"@context":"https:\/\/schema.org","@graph":[{"@type":"WebPage","@id":"https:\/\/slacktivity.ch\/fr\/shop\/y2k-webbing\/","url":"https:\/\/slacktivity.ch\/fr\/shop\/y2k-webbing\/","name":"Sangle Slackline Y2K | 50m - 100m - SLACKTIVITY Slackline Shop Schweiz","isPartOf":{"@id":"https:\/\/slacktivity.ch\/fr\/#website"},"primaryImageOfPage":{"@id":"https:\/\/slacktivity.ch\/fr\/shop\/y2k-webbing\/#primaryimage"},"image":{"@id":"https:\/\/slacktivity.ch\/fr\/shop\/y2k-webbing\/#primaryimage"},"thumbnailUrl":"https:\/\/slacktivity.ch\/wp-content\/uploads\/2021\/02\/y2k-highline-webbing-1.jpg","datePublished":"2021-02-22T13:55:07+00:00","dateModified":"2023-01-19T10:45:59+00:00","breadcrumb":{"@id":"https:\/\/slacktivity.ch\/fr\/shop\/y2k-webbing\/#breadcrumb"},"inLanguage":"fr-FR","potentialAction":[{"@type":"ReadAction","target":["https:\/\/slacktivity.ch\/fr\/shop\/y2k-webbing\/"]}]},{"@type":"ImageObject","inLanguage":"fr-FR","@id":"https:\/\/slacktivity.ch\/fr\/shop\/y2k-webbing\/#primaryimage","url":"https:\/\/slacktivity.ch\/wp-content\/uploads\/2021\/02\/y2k-highline-webbing-1.jpg","contentUrl":"https:\/\/slacktivity.ch\/wp-content\/uploads\/2021\/02\/y2k-highline-webbing-1.jpg","width":1180,"height":1377,"caption":"y2k highline webbing"},{"@type":"BreadcrumbList","@id":"https:\/\/slacktivity.ch\/fr\/shop\/y2k-webbing\/#breadcrumb","itemListElement":[{"@type":"ListItem","position":1,"name":"Home","item":"https:\/\/slacktivity.ch\/fr\/"},{"@type":"ListItem","position":2,"name":"Boutique","item":"https:\/\/slacktivity.ch\/fr\/boutique\/"},{"@type":"ListItem","position":3,"name":"Sangle Slackline Y2K | 50m &#8211; 100m"}]},{"@type":"WebSite","@id":"https:\/\/slacktivity.ch\/fr\/#website","url":"https:\/\/slacktivity.ch\/fr\/","name":"SLACKTIVITY Slackline Shop Schweiz","description":"Ensembles de slackline de haute qualit\u00e9 avec montage facile, produits innovants Highline et accessoires de slackline acheter en ligne. Pour les enfants, les d\u00e9butants et les professionnels.","publisher":{"@id":"https:\/\/slacktivity.ch\/fr\/#organization"},"potentialAction":[{"@type":"SearchAction","target":{"@type":"EntryPoint","urlTemplate":"https:\/\/slacktivity.ch\/fr\/?s={search_term_string}"},"query-input":{"@type":"PropertyValueSpecification","valueRequired":true,"valueName":"search_term_string"}}],"inLanguage":"fr-FR"},{"@type":"Organization","@id":"https:\/\/slacktivity.ch\/fr\/#organization","name":"SLACKTIVITY Slackline Shop Schweiz","url":"https:\/\/slacktivity.ch\/fr\/","logo":{"@type":"ImageObject","inLanguage":"fr-FR","@id":"https:\/\/slacktivity.ch\/fr\/#\/schema\/logo\/image\/","url":"https:\/\/slacktivity.ch\/wp-content\/uploads\/2021\/01\/slacktivity-slackline-online-shop-1.png","contentUrl":"https:\/\/slacktivity.ch\/wp-content\/uploads\/2021\/01\/slacktivity-slackline-online-shop-1.png","width":200,"height":77,"caption":"SLACKTIVITY Slackline Shop Schweiz"},"image":{"@id":"https:\/\/slacktivity.ch\/fr\/#\/schema\/logo\/image\/"}}]}},"_links":{"self":[{"href":"https:\/\/slacktivity.ch\/fr\/wp-json\/wp\/v2\/product\/10844","targetHints":{"allow":["GET"]}}],"collection":[{"href":"https:\/\/slacktivity.ch\/fr\/wp-json\/wp\/v2\/product"}],"about":[{"href":"https:\/\/slacktivity.ch\/fr\/wp-json\/wp\/v2\/types\/product"}],"replies":[{"embeddable":true,"href":"https:\/\/slacktivity.ch\/fr\/wp-json\/wp\/v2\/comments?post=10844"}],"wp:featuredmedia":[{"embeddable":true,"href":"https:\/\/slacktivity.ch\/fr\/wp-json\/wp\/v2\/media\/11757"}],"wp:attachment":[{"href":"https:\/\/slacktivity.ch\/fr\/wp-json\/wp\/v2\/media?parent=10844"}],"wp:term":[{"taxonomy":"product_cat","embeddable":true,"href":"https:\/\/slacktivity.ch\/fr\/wp-json\/wp\/v2\/product_cat?post=10844"},{"taxonomy":"product_tag","embeddable":true,"href":"https:\/\/slacktivity.ch\/fr\/wp-json\/wp\/v2\/product_tag?post=10844"}],"curies":[{"name":"wp","href":"https:\/\/api.w.org\/{rel}","templated":true}]}}