{"id":10852,"date":"2021-02-22T15:53:57","date_gmt":"2021-02-22T13:53:57","guid":{"rendered":"https:\/\/slacktivity.ch\/shop\/expert-slackline-50m-70m\/"},"modified":"2021-02-22T15:53:57","modified_gmt":"2021-02-22T13:53:57","slug":"expert-slackline-50m-70m","status":"publish","type":"product","link":"https:\/\/slacktivity.ch\/fr\/shop\/expert-slackline-50m-70m\/","title":{"rendered":"Expert Slackline | 50m \/ 70m Set"},"content":{"rendered":"<h2>Expert Slackline &#8211; 50m \/ 70m<\/h2>\n<p>Cette slackline est isponible en 50 m ou 70 m et donc id\u00e9al pour la plupart des disciplines de slackline comme la longline, la trickline, la waterline ou mont\u00e9 sur une courte distance comme slackline pour d\u00e9butants. Si l&rsquo;on veut aller encore plus loin dans le jumpline, nous recommandons la <a href=\"https:\/\/slacktivity.ch\/shop\/super-jumpline-slackline\/\" target=\"_blank\" rel=\"noopener\">Super Jumpline<\/a> et la <a href=\"https:\/\/slacktivity.ch\/shop\/playline-slackline\/\" target=\"_blank\" rel=\"noopener\">Playline Slackline<\/a>.<\/p>\n<p>Cette slackline ne convient pas comme highline.<\/p>\n<p>Avantages par rapport aux autres sets de slackline:<\/p>\n<ul>\n<li>Les MonsterRatches sont des cliquets \u00e0 levier long extr\u00eamement puissants (le levier est \u00e9loign\u00e9 de l&rsquo;arbre lors du processus de serrage) qui ont \u00e9t\u00e9 optimis\u00e9s sp\u00e9cialement pour le slackline.<\/li>\n<li>Gr\u00e2ce aux deux entretoises en plastique de la MonsterRatchet, il est possible d&rsquo;enrouler davantage de sangle Slackline et de l&rsquo;aligner parfaitement.<\/li>\n<li>L&rsquo;usure de la sangle par le cliquet est moins grande que sur les autres slacklines\/jumplines (dont les bords m\u00e9talliques sur les c\u00f4t\u00e9s endommagent la sangle avec le temps).<\/li>\n<li>Gr\u00e2ce aux boucles d&rsquo;arbre r\u00e9glables, la cl\u00e9 \u00e0 cliquet est toujours accroch\u00e9e \u00e0 l&rsquo;arbre et n&rsquo;oscille pas dans le syst\u00e8me (avec l&rsquo;option \u00ab\u00a0TreeLoop\u00a0\u00bb).<\/li>\n<li>Les protections d&rsquo;arbres comprises dans le kit ont une longueur de 2,4 m\u00e8tres (la plus longue protection d&rsquo;arbre sur le march\u00e9) et conviennent donc aussi aux grands arbres.<\/li>\n<li>Gr\u00e2ce au whiteGrip, on trouve une meilleure prise sur le slackline.<\/li>\n<\/ul>\n<h3>Syst\u00e8mes de d\u00e9tente<\/h3>\n<p>Nous recommandons d&rsquo;acheter un <a href=\"https:\/\/slacktivity.ch\/shop\/softrelease\/\" target=\"_blank\" rel=\"noopener\">softRelease<\/a> avec manille pour le Slackline Expert. Le soft-Release permet de d\u00e9tendre la slackline en m\u00e9nageant le mat\u00e9riel. Pour des longueurs allant jusqu&rsquo;\u00e0 70 m, le mod\u00e8le soft-Release est le bon choix. Si l&rsquo;on souhaite tendre la slackline de mani\u00e8re extr\u00eamement dure, le soft-Release de 4m est recommand\u00e9. Par rapport \u00e0 l&rsquo;achat s\u00e9par\u00e9 d&rsquo;un soft-Release avec manille, on \u00e9conomise ici 13.00 CHF en achetant le set.<\/p>\n<h3>Lieferumfang<\/h3>\n<ul>\n<li>50m ou 70m de sangle plate Slackline (37 mm de large)<\/li>\n<li>2 MonsterRatchet avec V-Loop cousu<\/li>\n<li>2 boucles d&rsquo;arbre r\u00e9glables en continu (2,4 m de long)<\/li>\n<li>2 manilles en acier inoxydable 12mm<\/li>\n<li>2 protections d&rsquo;arbres (2,4 m de long, 13 cm de large)<\/li>\n<li>1 SLACKTIVITY-Bag<\/li>\n<li>1 (optional) soft-Release+Sch\u00e4kel \/ 4m soft-Release+Sch\u00e4kel \/ 10m soft-Release+Sch\u00e4kel<\/li>\n<\/ul>\n<p>Poids du set: 50m: 8.65kg \/ 70m: 9.87kg<\/p>\n","protected":false},"excerpt":{"rendered":"<p>Gr\u00e2ce \u00e0 son poids l\u00e9ger de 61 g\/m, la slackline Expert est facilement contr\u00f4lable m\u00eame \u00e0 une distance de 50m ou 70m et d\u00e9veloppe une dynamique agr\u00e9able et puissante sur des longueurs \u00e0 partir de 20 m\u00e8tres. Elle convient sp\u00e9cialement aux personnes qui peuvent d\u00e9j\u00e0 parcourir une slackline de 20 m, qui appr\u00e9cient sa facilit\u00e9 de montage et qui souhaitent s&rsquo;essayer \u00e0 de nouveaux d\u00e9fis.<\/p>\n","protected":false},"featured_media":6307,"comment_status":"open","ping_status":"closed","template":"","meta":{"_acf_changed":false,"_joinchat":[]},"product_cat":[638,669],"product_tag":[],"class_list":{"0":"post-10852","1":"product","2":"type-product","3":"status-publish","4":"has-post-thumbnail","6":"product_cat-kit-slackline","7":"product_cat-slackline-pour-avances-kit-slackline","8":"pa_brand-slacktivity-fr","10":"first","11":"instock","12":"taxable","13":"shipping-taxable","14":"purchasable","15":"product-type-variable","16":"has-default-attributes"},"acf":[],"yoast_head":"<!-- This site is optimized with the Yoast SEO plugin v27.3 - https:\/\/yoast.com\/product\/yoast-seo-wordpress\/ -->\n<title>Expert Slackline | 50m \/ 70m Set - SLACKTIVITY Slackline Shop Schweiz<\/title>\n<meta name=\"robots\" content=\"index, follow, max-snippet:-1, max-image-preview:large, max-video-preview:-1\" \/>\n<link rel=\"canonical\" href=\"https:\/\/slacktivity.ch\/fr\/shop\/expert-slackline-50m-70m\/\" \/>\n<meta property=\"og:locale\" content=\"fr_FR\" \/>\n<meta property=\"og:type\" content=\"article\" \/>\n<meta property=\"og:title\" content=\"Expert Slackline | 50m \/ 70m Set - SLACKTIVITY Slackline Shop Schweiz\" \/>\n<meta property=\"og:description\" content=\"Gr\u00e2ce \u00e0 son poids l\u00e9ger de 61 g\/m, la slackline Expert est facilement contr\u00f4lable m\u00eame \u00e0 une distance de 50m ou 70m et d\u00e9veloppe une dynamique agr\u00e9able et puissante sur des longueurs \u00e0 partir de 20 m\u00e8tres. Elle convient sp\u00e9cialement aux personnes qui peuvent d\u00e9j\u00e0 parcourir une slackline de 20 m, qui appr\u00e9cient sa facilit\u00e9 de montage et qui souhaitent s&#039;essayer \u00e0 de nouveaux d\u00e9fis.\" \/>\n<meta property=\"og:url\" content=\"https:\/\/slacktivity.ch\/fr\/shop\/expert-slackline-50m-70m\/\" \/>\n<meta property=\"og:site_name\" content=\"SLACKTIVITY Slackline Shop Schweiz\" \/>\n<meta property=\"og:image\" content=\"https:\/\/slacktivity.ch\/wp-content\/uploads\/2021\/02\/50m-slackline.jpg\" \/>\n\t<meta property=\"og:image:width\" content=\"1180\" \/>\n\t<meta property=\"og:image:height\" content=\"1377\" \/>\n\t<meta property=\"og:image:type\" content=\"image\/jpeg\" \/>\n<meta name=\"twitter:card\" content=\"summary_large_image\" \/>\n<meta name=\"twitter:label1\" content=\"Dur\u00e9e de lecture estim\u00e9e\" \/>\n\t<meta name=\"twitter:data1\" content=\"2 minutes\" \/>\n<script type=\"application\/ld+json\" class=\"yoast-schema-graph\">{\"@context\":\"https:\\\/\\\/schema.org\",\"@graph\":[{\"@type\":\"WebPage\",\"@id\":\"https:\\\/\\\/slacktivity.ch\\\/fr\\\/shop\\\/expert-slackline-50m-70m\\\/\",\"url\":\"https:\\\/\\\/slacktivity.ch\\\/fr\\\/shop\\\/expert-slackline-50m-70m\\\/\",\"name\":\"Expert Slackline | 50m \\\/ 70m Set - SLACKTIVITY Slackline Shop Schweiz\",\"isPartOf\":{\"@id\":\"https:\\\/\\\/slacktivity.ch\\\/fr\\\/#website\"},\"primaryImageOfPage\":{\"@id\":\"https:\\\/\\\/slacktivity.ch\\\/fr\\\/shop\\\/expert-slackline-50m-70m\\\/#primaryimage\"},\"image\":{\"@id\":\"https:\\\/\\\/slacktivity.ch\\\/fr\\\/shop\\\/expert-slackline-50m-70m\\\/#primaryimage\"},\"thumbnailUrl\":\"https:\\\/\\\/slacktivity.ch\\\/wp-content\\\/uploads\\\/2021\\\/02\\\/50m-slackline.jpg\",\"datePublished\":\"2021-02-22T13:53:57+00:00\",\"breadcrumb\":{\"@id\":\"https:\\\/\\\/slacktivity.ch\\\/fr\\\/shop\\\/expert-slackline-50m-70m\\\/#breadcrumb\"},\"inLanguage\":\"fr-FR\",\"potentialAction\":[{\"@type\":\"ReadAction\",\"target\":[\"https:\\\/\\\/slacktivity.ch\\\/fr\\\/shop\\\/expert-slackline-50m-70m\\\/\"]}]},{\"@type\":\"ImageObject\",\"inLanguage\":\"fr-FR\",\"@id\":\"https:\\\/\\\/slacktivity.ch\\\/fr\\\/shop\\\/expert-slackline-50m-70m\\\/#primaryimage\",\"url\":\"https:\\\/\\\/slacktivity.ch\\\/wp-content\\\/uploads\\\/2021\\\/02\\\/50m-slackline.jpg\",\"contentUrl\":\"https:\\\/\\\/slacktivity.ch\\\/wp-content\\\/uploads\\\/2021\\\/02\\\/50m-slackline.jpg\",\"width\":1180,\"height\":1377,\"caption\":\"50m slackline\"},{\"@type\":\"BreadcrumbList\",\"@id\":\"https:\\\/\\\/slacktivity.ch\\\/fr\\\/shop\\\/expert-slackline-50m-70m\\\/#breadcrumb\",\"itemListElement\":[{\"@type\":\"ListItem\",\"position\":1,\"name\":\"Home\",\"item\":\"https:\\\/\\\/slacktivity.ch\\\/fr\\\/\"},{\"@type\":\"ListItem\",\"position\":2,\"name\":\"Boutique\",\"item\":\"https:\\\/\\\/slacktivity.ch\\\/fr\\\/boutique\\\/\"},{\"@type\":\"ListItem\",\"position\":3,\"name\":\"Expert Slackline | 50m \\\/ 70m Set\"}]},{\"@type\":\"WebSite\",\"@id\":\"https:\\\/\\\/slacktivity.ch\\\/fr\\\/#website\",\"url\":\"https:\\\/\\\/slacktivity.ch\\\/fr\\\/\",\"name\":\"SLACKTIVITY Slackline Shop Schweiz\",\"description\":\"Ensembles de slackline de haute qualit\u00e9 avec montage facile, produits innovants Highline et accessoires de slackline acheter en ligne. Pour les enfants, les d\u00e9butants et les professionnels.\",\"publisher\":{\"@id\":\"https:\\\/\\\/slacktivity.ch\\\/fr\\\/#organization\"},\"potentialAction\":[{\"@type\":\"SearchAction\",\"target\":{\"@type\":\"EntryPoint\",\"urlTemplate\":\"https:\\\/\\\/slacktivity.ch\\\/fr\\\/?s={search_term_string}\"},\"query-input\":{\"@type\":\"PropertyValueSpecification\",\"valueRequired\":true,\"valueName\":\"search_term_string\"}}],\"inLanguage\":\"fr-FR\"},{\"@type\":\"Organization\",\"@id\":\"https:\\\/\\\/slacktivity.ch\\\/fr\\\/#organization\",\"name\":\"SLACKTIVITY Slackline Shop Schweiz\",\"url\":\"https:\\\/\\\/slacktivity.ch\\\/fr\\\/\",\"logo\":{\"@type\":\"ImageObject\",\"inLanguage\":\"fr-FR\",\"@id\":\"https:\\\/\\\/slacktivity.ch\\\/fr\\\/#\\\/schema\\\/logo\\\/image\\\/\",\"url\":\"https:\\\/\\\/slacktivity.ch\\\/wp-content\\\/uploads\\\/2021\\\/01\\\/slacktivity-slackline-online-shop-1.png\",\"contentUrl\":\"https:\\\/\\\/slacktivity.ch\\\/wp-content\\\/uploads\\\/2021\\\/01\\\/slacktivity-slackline-online-shop-1.png\",\"width\":200,\"height\":77,\"caption\":\"SLACKTIVITY Slackline Shop Schweiz\"},\"image\":{\"@id\":\"https:\\\/\\\/slacktivity.ch\\\/fr\\\/#\\\/schema\\\/logo\\\/image\\\/\"}}]}<\/script>\n<!-- \/ Yoast SEO plugin. -->","yoast_head_json":{"title":"Expert Slackline | 50m \/ 70m Set - SLACKTIVITY Slackline Shop Schweiz","robots":{"index":"index","follow":"follow","max-snippet":"max-snippet:-1","max-image-preview":"max-image-preview:large","max-video-preview":"max-video-preview:-1"},"canonical":"https:\/\/slacktivity.ch\/fr\/shop\/expert-slackline-50m-70m\/","og_locale":"fr_FR","og_type":"article","og_title":"Expert Slackline | 50m \/ 70m Set - SLACKTIVITY Slackline Shop Schweiz","og_description":"Gr\u00e2ce \u00e0 son poids l\u00e9ger de 61 g\/m, la slackline Expert est facilement contr\u00f4lable m\u00eame \u00e0 une distance de 50m ou 70m et d\u00e9veloppe une dynamique agr\u00e9able et puissante sur des longueurs \u00e0 partir de 20 m\u00e8tres. Elle convient sp\u00e9cialement aux personnes qui peuvent d\u00e9j\u00e0 parcourir une slackline de 20 m, qui appr\u00e9cient sa facilit\u00e9 de montage et qui souhaitent s'essayer \u00e0 de nouveaux d\u00e9fis.","og_url":"https:\/\/slacktivity.ch\/fr\/shop\/expert-slackline-50m-70m\/","og_site_name":"SLACKTIVITY Slackline Shop Schweiz","og_image":[{"width":1180,"height":1377,"url":"https:\/\/slacktivity.ch\/wp-content\/uploads\/2021\/02\/50m-slackline.jpg","type":"image\/jpeg"}],"twitter_card":"summary_large_image","twitter_misc":{"Dur\u00e9e de lecture estim\u00e9e":"2 minutes"},"schema":{"@context":"https:\/\/schema.org","@graph":[{"@type":"WebPage","@id":"https:\/\/slacktivity.ch\/fr\/shop\/expert-slackline-50m-70m\/","url":"https:\/\/slacktivity.ch\/fr\/shop\/expert-slackline-50m-70m\/","name":"Expert Slackline | 50m \/ 70m Set - SLACKTIVITY Slackline Shop Schweiz","isPartOf":{"@id":"https:\/\/slacktivity.ch\/fr\/#website"},"primaryImageOfPage":{"@id":"https:\/\/slacktivity.ch\/fr\/shop\/expert-slackline-50m-70m\/#primaryimage"},"image":{"@id":"https:\/\/slacktivity.ch\/fr\/shop\/expert-slackline-50m-70m\/#primaryimage"},"thumbnailUrl":"https:\/\/slacktivity.ch\/wp-content\/uploads\/2021\/02\/50m-slackline.jpg","datePublished":"2021-02-22T13:53:57+00:00","breadcrumb":{"@id":"https:\/\/slacktivity.ch\/fr\/shop\/expert-slackline-50m-70m\/#breadcrumb"},"inLanguage":"fr-FR","potentialAction":[{"@type":"ReadAction","target":["https:\/\/slacktivity.ch\/fr\/shop\/expert-slackline-50m-70m\/"]}]},{"@type":"ImageObject","inLanguage":"fr-FR","@id":"https:\/\/slacktivity.ch\/fr\/shop\/expert-slackline-50m-70m\/#primaryimage","url":"https:\/\/slacktivity.ch\/wp-content\/uploads\/2021\/02\/50m-slackline.jpg","contentUrl":"https:\/\/slacktivity.ch\/wp-content\/uploads\/2021\/02\/50m-slackline.jpg","width":1180,"height":1377,"caption":"50m slackline"},{"@type":"BreadcrumbList","@id":"https:\/\/slacktivity.ch\/fr\/shop\/expert-slackline-50m-70m\/#breadcrumb","itemListElement":[{"@type":"ListItem","position":1,"name":"Home","item":"https:\/\/slacktivity.ch\/fr\/"},{"@type":"ListItem","position":2,"name":"Boutique","item":"https:\/\/slacktivity.ch\/fr\/boutique\/"},{"@type":"ListItem","position":3,"name":"Expert Slackline | 50m \/ 70m Set"}]},{"@type":"WebSite","@id":"https:\/\/slacktivity.ch\/fr\/#website","url":"https:\/\/slacktivity.ch\/fr\/","name":"SLACKTIVITY Slackline Shop Schweiz","description":"Ensembles de slackline de haute qualit\u00e9 avec montage facile, produits innovants Highline et accessoires de slackline acheter en ligne. Pour les enfants, les d\u00e9butants et les professionnels.","publisher":{"@id":"https:\/\/slacktivity.ch\/fr\/#organization"},"potentialAction":[{"@type":"SearchAction","target":{"@type":"EntryPoint","urlTemplate":"https:\/\/slacktivity.ch\/fr\/?s={search_term_string}"},"query-input":{"@type":"PropertyValueSpecification","valueRequired":true,"valueName":"search_term_string"}}],"inLanguage":"fr-FR"},{"@type":"Organization","@id":"https:\/\/slacktivity.ch\/fr\/#organization","name":"SLACKTIVITY Slackline Shop Schweiz","url":"https:\/\/slacktivity.ch\/fr\/","logo":{"@type":"ImageObject","inLanguage":"fr-FR","@id":"https:\/\/slacktivity.ch\/fr\/#\/schema\/logo\/image\/","url":"https:\/\/slacktivity.ch\/wp-content\/uploads\/2021\/01\/slacktivity-slackline-online-shop-1.png","contentUrl":"https:\/\/slacktivity.ch\/wp-content\/uploads\/2021\/01\/slacktivity-slackline-online-shop-1.png","width":200,"height":77,"caption":"SLACKTIVITY Slackline Shop Schweiz"},"image":{"@id":"https:\/\/slacktivity.ch\/fr\/#\/schema\/logo\/image\/"}}]}},"_links":{"self":[{"href":"https:\/\/slacktivity.ch\/fr\/wp-json\/wp\/v2\/product\/10852","targetHints":{"allow":["GET"]}}],"collection":[{"href":"https:\/\/slacktivity.ch\/fr\/wp-json\/wp\/v2\/product"}],"about":[{"href":"https:\/\/slacktivity.ch\/fr\/wp-json\/wp\/v2\/types\/product"}],"replies":[{"embeddable":true,"href":"https:\/\/slacktivity.ch\/fr\/wp-json\/wp\/v2\/comments?post=10852"}],"wp:featuredmedia":[{"embeddable":true,"href":"https:\/\/slacktivity.ch\/fr\/wp-json\/wp\/v2\/media\/6307"}],"wp:attachment":[{"href":"https:\/\/slacktivity.ch\/fr\/wp-json\/wp\/v2\/media?parent=10852"}],"wp:term":[{"taxonomy":"product_cat","embeddable":true,"href":"https:\/\/slacktivity.ch\/fr\/wp-json\/wp\/v2\/product_cat?post=10852"},{"taxonomy":"product_tag","embeddable":true,"href":"https:\/\/slacktivity.ch\/fr\/wp-json\/wp\/v2\/product_tag?post=10852"}],"curies":[{"name":"wp","href":"https:\/\/api.w.org\/{rel}","templated":true}]}}