{"id":10859,"date":"2021-02-22T15:53:57","date_gmt":"2021-02-22T13:53:57","guid":{"rendered":"https:\/\/slacktivity.ch\/shop\/playline-slackline\/"},"modified":"2021-02-22T15:53:57","modified_gmt":"2021-02-22T13:53:57","slug":"playline-slackline","status":"publish","type":"product","link":"https:\/\/slacktivity.ch\/fr\/shop\/playline-slackline\/","title":{"rendered":"Playline Slackline | 50m &#8211; 75m Set"},"content":{"rendered":"<h2>Playline Slackline 75m<\/h2>\n<p>La Playline Slackline est la premiere slackline sur le march\u00e9 qui peut \u00eatre tendu jusqu&rsquo;\u00e0 75 m de long uniquement avec des cliquets ! Mais ce n&rsquo;est pas la seule particularit\u00e9, car pour le jumpline, la Playline offre un point de pression parfait avec un rebond tr\u00e8s direct et \u00e9nergique. Pour les foot jumps classiques, la sangle se laisse tr\u00e8s bien contr\u00f4ler et marque des points gr\u00e2ce \u00e0 sa grande r\u00e9sistance \u00e0 l&rsquo;abrasion. Par rapport aux autres slacklines, la Playline Slackline pr\u00e9sente environ deux fois moins d&rsquo;allongement. Il faut donc beaucoup moins de temps pour amener la slackline \u00e0 la tension id\u00e9ale. C&rsquo;est le secret pour lequel cette sangle peut encore \u00eatre facilement tendue avec un cliquet \u00e0 partir de 50 m\u00e8tres. Gr\u00e2ce au proc\u00e9d\u00e9 de tissage fin et pr\u00e9cis, la sangle Playline Slackline est plus robuste et plus durable que les autres sangles. Une autre particularit\u00e9 est son design unique et r\u00e9sistant \u00e0 l&rsquo;abrasion. Elle mesure exactement 1 m\u00e8tre de long. Gr\u00e2ce \u00e0 ce rep\u00e8re d&rsquo;un m\u00e8tre, il est facile de d\u00e9terminer la distance de la slackline install\u00e9e. On peut ainsi compter les m\u00e8tres parcourus sur la slackline pour savoir comment s&rsquo;am\u00e9liorent les comp\u00e9tences en slackline. En r\u00e9sum\u00e9, la Playline est id\u00e9ale pour les jumplineurs ambitieux et pour les d\u00e9butants en longline. La sangle est disponible en 75 m de long.<\/p>\n<h3>Avantages par rapport aux autres sets Slackline :<\/h3>\n<ul>\n<li>Les cliquets Monster sont des cliquets \u00e0 levier long extr\u00eamement puissants (le levier s&rsquo;\u00e9loigne de l&rsquo;arbre lors du serrage) qui ont \u00e9t\u00e9 optimis\u00e9s sp\u00e9cialement pour la slackline.<\/li>\n<li>Gr\u00e2ce aux deux entretoises en plastique de la MonsterRatchet, il est possible d&rsquo;enrouler plus de sangle Slackline et de l&rsquo;aligner parfaitement.<\/li>\n<li>L&rsquo;usure de la sangle par le cliquet est moins grande que sur les autres slacklines\/jumplines (dont les bords m\u00e9talliques sur les c\u00f4t\u00e9s endommagent la sangle avec le temps).<\/li>\n<li>Gr\u00e2ce aux boucles d&rsquo;arbre r\u00e9glables, la cl\u00e9 \u00e0 cliquet est toujours accroch\u00e9e \u00e0 l&rsquo;arbre et n&rsquo;oscille pas dans le syst\u00e8me.<\/li>\n<li>Les protections d&rsquo;arbres comprises dans le kit ont une longueur de 2,4 m\u00e8tres (la plus longue protection d&rsquo;arbre sur le march\u00e9) et conviennent donc aussi aux grands arbres.<\/li>\n<li>Gr\u00e2ce au faible allongement de la bande et \u00e0 son architecture particuli\u00e8re, celle-ci peut \u00eatre tendue jusqu&rsquo;\u00e0 75m.<\/li>\n<\/ul>\n<h3>Syst\u00e8mes de d\u00e9tente<\/h3>\n<p>Nous recommandons d&rsquo;acheter un soft-release avec manille pour le Playline Slackline. Le soft-Release permet de d\u00e9tendre la slackline en m\u00e9nageant le mat\u00e9riel. Pour des longueurs jusqu&rsquo;\u00e0 70 m, le mod\u00e8le soft-Release est le bon choix. Si l&rsquo;on souhaite tendre la slackline plut\u00f4t durement, le soft-Release de 4m est recommand\u00e9. Par rapport \u00e0 l&rsquo;achat s\u00e9par\u00e9 d&rsquo;un soft-Release avec manille, on \u00e9conomise ici 13.00 CHF en achetant le set.<\/p>\n<h3>Contenu de la livraison du Playline Slackline<\/h3>\n<ul>\n<li><b>75m Slackline Playline <\/b>(37 mm de large)<\/li>\n<li>2 cliquets Monster avec V-Loop cousue<\/li>\n<li>2 boucles d&rsquo;arbre Slackline r\u00e9glables en continu (2,5 m de long)<\/li>\n<li>2 manilles en acier inoxydable 12mm<\/li>\n<li>2 protections d&rsquo;arbres (2,4 m de long, 13 cm de large)<\/li>\n<li>1 SLACKTIVITY-Bag<\/li>\n<li>1 (optionale) Systeme de d\u00e9tente soft-Release+Sch\u00e4kel \/ 4m soft-Release+Sch\u00e4kel<\/li>\n<\/ul>\n<p>Pour les jumplineurs qui souhaitent tendre leur jumpline tr\u00e8s fermement, nous recommandons d&rsquo;utiliser des boucles rondes plut\u00f4t que des boucles d&rsquo;arbre pour slacklines. Les elingues rondes on<span style=\"background-color: var(--body-bg-color); color: var(--body-color); font-family: var(--body-font-family),sans-serif; font-size: 1.125rem; font-weight: var(--body-font-weight);\">t une charge de rupture plus \u00e9lev\u00e9e et sont en outre plus r\u00e9sistantes \u00e0 l&rsquo;usure.<\/span><\/p>\n","protected":false},"excerpt":{"rendered":"<p>Le Playline Slackline est un set de slackline ludique et polyvalent &#8211; id\u00e9al pour la trickline ainsi que pour la longline avec cliquets.<\/p>\n","protected":false},"featured_media":6236,"comment_status":"open","ping_status":"closed","template":"","meta":{"_acf_changed":false,"_joinchat":[]},"product_cat":[638,669],"product_tag":[],"class_list":{"0":"post-10859","1":"product","2":"type-product","3":"status-publish","4":"has-post-thumbnail","6":"product_cat-kit-slackline","7":"product_cat-slackline-pour-avances-kit-slackline","8":"pa_brand-slacktivity-fr","10":"first","11":"instock","12":"taxable","13":"shipping-taxable","14":"purchasable","15":"product-type-variable","16":"has-default-attributes"},"acf":[],"yoast_head":"<!-- This site is optimized with the Yoast SEO plugin v27.3 - https:\/\/yoast.com\/product\/yoast-seo-wordpress\/ -->\n<title>Playline Slackline | 50m - 75m Set - SLACKTIVITY Slackline Shop Schweiz<\/title>\n<meta name=\"robots\" content=\"index, follow, max-snippet:-1, max-image-preview:large, max-video-preview:-1\" \/>\n<link rel=\"canonical\" href=\"https:\/\/slacktivity.ch\/fr\/shop\/playline-slackline\/\" \/>\n<meta property=\"og:locale\" content=\"fr_FR\" \/>\n<meta property=\"og:type\" content=\"article\" \/>\n<meta property=\"og:title\" content=\"Playline Slackline | 50m - 75m Set - SLACKTIVITY Slackline Shop Schweiz\" \/>\n<meta property=\"og:description\" content=\"Le Playline Slackline est un set de slackline ludique et polyvalent - id\u00e9al pour la trickline ainsi que pour la longline avec cliquets.\" \/>\n<meta property=\"og:url\" content=\"https:\/\/slacktivity.ch\/fr\/shop\/playline-slackline\/\" \/>\n<meta property=\"og:site_name\" content=\"SLACKTIVITY Slackline Shop Schweiz\" \/>\n<meta property=\"og:image\" content=\"https:\/\/slacktivity.ch\/wp-content\/uploads\/2021\/02\/playline-slackline.jpg\" \/>\n\t<meta property=\"og:image:width\" content=\"1180\" \/>\n\t<meta property=\"og:image:height\" content=\"1377\" \/>\n\t<meta property=\"og:image:type\" content=\"image\/jpeg\" \/>\n<meta name=\"twitter:card\" content=\"summary_large_image\" \/>\n<meta name=\"twitter:label1\" content=\"Dur\u00e9e de lecture estim\u00e9e\" \/>\n\t<meta name=\"twitter:data1\" content=\"3 minutes\" \/>\n<script type=\"application\/ld+json\" class=\"yoast-schema-graph\">{\"@context\":\"https:\\\/\\\/schema.org\",\"@graph\":[{\"@type\":\"WebPage\",\"@id\":\"https:\\\/\\\/slacktivity.ch\\\/fr\\\/shop\\\/playline-slackline\\\/\",\"url\":\"https:\\\/\\\/slacktivity.ch\\\/fr\\\/shop\\\/playline-slackline\\\/\",\"name\":\"Playline Slackline | 50m - 75m Set - SLACKTIVITY Slackline Shop Schweiz\",\"isPartOf\":{\"@id\":\"https:\\\/\\\/slacktivity.ch\\\/fr\\\/#website\"},\"primaryImageOfPage\":{\"@id\":\"https:\\\/\\\/slacktivity.ch\\\/fr\\\/shop\\\/playline-slackline\\\/#primaryimage\"},\"image\":{\"@id\":\"https:\\\/\\\/slacktivity.ch\\\/fr\\\/shop\\\/playline-slackline\\\/#primaryimage\"},\"thumbnailUrl\":\"https:\\\/\\\/slacktivity.ch\\\/wp-content\\\/uploads\\\/2021\\\/02\\\/playline-slackline.jpg\",\"datePublished\":\"2021-02-22T13:53:57+00:00\",\"breadcrumb\":{\"@id\":\"https:\\\/\\\/slacktivity.ch\\\/fr\\\/shop\\\/playline-slackline\\\/#breadcrumb\"},\"inLanguage\":\"fr-FR\",\"potentialAction\":[{\"@type\":\"ReadAction\",\"target\":[\"https:\\\/\\\/slacktivity.ch\\\/fr\\\/shop\\\/playline-slackline\\\/\"]}]},{\"@type\":\"ImageObject\",\"inLanguage\":\"fr-FR\",\"@id\":\"https:\\\/\\\/slacktivity.ch\\\/fr\\\/shop\\\/playline-slackline\\\/#primaryimage\",\"url\":\"https:\\\/\\\/slacktivity.ch\\\/wp-content\\\/uploads\\\/2021\\\/02\\\/playline-slackline.jpg\",\"contentUrl\":\"https:\\\/\\\/slacktivity.ch\\\/wp-content\\\/uploads\\\/2021\\\/02\\\/playline-slackline.jpg\",\"width\":1180,\"height\":1377,\"caption\":\"playline slackline\"},{\"@type\":\"BreadcrumbList\",\"@id\":\"https:\\\/\\\/slacktivity.ch\\\/fr\\\/shop\\\/playline-slackline\\\/#breadcrumb\",\"itemListElement\":[{\"@type\":\"ListItem\",\"position\":1,\"name\":\"Home\",\"item\":\"https:\\\/\\\/slacktivity.ch\\\/fr\\\/\"},{\"@type\":\"ListItem\",\"position\":2,\"name\":\"Boutique\",\"item\":\"https:\\\/\\\/slacktivity.ch\\\/fr\\\/boutique\\\/\"},{\"@type\":\"ListItem\",\"position\":3,\"name\":\"Playline Slackline | 50m &#8211; 75m Set\"}]},{\"@type\":\"WebSite\",\"@id\":\"https:\\\/\\\/slacktivity.ch\\\/fr\\\/#website\",\"url\":\"https:\\\/\\\/slacktivity.ch\\\/fr\\\/\",\"name\":\"SLACKTIVITY Slackline Shop Schweiz\",\"description\":\"Ensembles de slackline de haute qualit\u00e9 avec montage facile, produits innovants Highline et accessoires de slackline acheter en ligne. Pour les enfants, les d\u00e9butants et les professionnels.\",\"publisher\":{\"@id\":\"https:\\\/\\\/slacktivity.ch\\\/fr\\\/#organization\"},\"potentialAction\":[{\"@type\":\"SearchAction\",\"target\":{\"@type\":\"EntryPoint\",\"urlTemplate\":\"https:\\\/\\\/slacktivity.ch\\\/fr\\\/?s={search_term_string}\"},\"query-input\":{\"@type\":\"PropertyValueSpecification\",\"valueRequired\":true,\"valueName\":\"search_term_string\"}}],\"inLanguage\":\"fr-FR\"},{\"@type\":\"Organization\",\"@id\":\"https:\\\/\\\/slacktivity.ch\\\/fr\\\/#organization\",\"name\":\"SLACKTIVITY Slackline Shop Schweiz\",\"url\":\"https:\\\/\\\/slacktivity.ch\\\/fr\\\/\",\"logo\":{\"@type\":\"ImageObject\",\"inLanguage\":\"fr-FR\",\"@id\":\"https:\\\/\\\/slacktivity.ch\\\/fr\\\/#\\\/schema\\\/logo\\\/image\\\/\",\"url\":\"https:\\\/\\\/slacktivity.ch\\\/wp-content\\\/uploads\\\/2021\\\/01\\\/slacktivity-slackline-online-shop-1.png\",\"contentUrl\":\"https:\\\/\\\/slacktivity.ch\\\/wp-content\\\/uploads\\\/2021\\\/01\\\/slacktivity-slackline-online-shop-1.png\",\"width\":200,\"height\":77,\"caption\":\"SLACKTIVITY Slackline Shop Schweiz\"},\"image\":{\"@id\":\"https:\\\/\\\/slacktivity.ch\\\/fr\\\/#\\\/schema\\\/logo\\\/image\\\/\"}}]}<\/script>\n<!-- \/ Yoast SEO plugin. -->","yoast_head_json":{"title":"Playline Slackline | 50m - 75m Set - SLACKTIVITY Slackline Shop Schweiz","robots":{"index":"index","follow":"follow","max-snippet":"max-snippet:-1","max-image-preview":"max-image-preview:large","max-video-preview":"max-video-preview:-1"},"canonical":"https:\/\/slacktivity.ch\/fr\/shop\/playline-slackline\/","og_locale":"fr_FR","og_type":"article","og_title":"Playline Slackline | 50m - 75m Set - SLACKTIVITY Slackline Shop Schweiz","og_description":"Le Playline Slackline est un set de slackline ludique et polyvalent - id\u00e9al pour la trickline ainsi que pour la longline avec cliquets.","og_url":"https:\/\/slacktivity.ch\/fr\/shop\/playline-slackline\/","og_site_name":"SLACKTIVITY Slackline Shop Schweiz","og_image":[{"width":1180,"height":1377,"url":"https:\/\/slacktivity.ch\/wp-content\/uploads\/2021\/02\/playline-slackline.jpg","type":"image\/jpeg"}],"twitter_card":"summary_large_image","twitter_misc":{"Dur\u00e9e de lecture estim\u00e9e":"3 minutes"},"schema":{"@context":"https:\/\/schema.org","@graph":[{"@type":"WebPage","@id":"https:\/\/slacktivity.ch\/fr\/shop\/playline-slackline\/","url":"https:\/\/slacktivity.ch\/fr\/shop\/playline-slackline\/","name":"Playline Slackline | 50m - 75m Set - SLACKTIVITY Slackline Shop Schweiz","isPartOf":{"@id":"https:\/\/slacktivity.ch\/fr\/#website"},"primaryImageOfPage":{"@id":"https:\/\/slacktivity.ch\/fr\/shop\/playline-slackline\/#primaryimage"},"image":{"@id":"https:\/\/slacktivity.ch\/fr\/shop\/playline-slackline\/#primaryimage"},"thumbnailUrl":"https:\/\/slacktivity.ch\/wp-content\/uploads\/2021\/02\/playline-slackline.jpg","datePublished":"2021-02-22T13:53:57+00:00","breadcrumb":{"@id":"https:\/\/slacktivity.ch\/fr\/shop\/playline-slackline\/#breadcrumb"},"inLanguage":"fr-FR","potentialAction":[{"@type":"ReadAction","target":["https:\/\/slacktivity.ch\/fr\/shop\/playline-slackline\/"]}]},{"@type":"ImageObject","inLanguage":"fr-FR","@id":"https:\/\/slacktivity.ch\/fr\/shop\/playline-slackline\/#primaryimage","url":"https:\/\/slacktivity.ch\/wp-content\/uploads\/2021\/02\/playline-slackline.jpg","contentUrl":"https:\/\/slacktivity.ch\/wp-content\/uploads\/2021\/02\/playline-slackline.jpg","width":1180,"height":1377,"caption":"playline slackline"},{"@type":"BreadcrumbList","@id":"https:\/\/slacktivity.ch\/fr\/shop\/playline-slackline\/#breadcrumb","itemListElement":[{"@type":"ListItem","position":1,"name":"Home","item":"https:\/\/slacktivity.ch\/fr\/"},{"@type":"ListItem","position":2,"name":"Boutique","item":"https:\/\/slacktivity.ch\/fr\/boutique\/"},{"@type":"ListItem","position":3,"name":"Playline Slackline | 50m &#8211; 75m Set"}]},{"@type":"WebSite","@id":"https:\/\/slacktivity.ch\/fr\/#website","url":"https:\/\/slacktivity.ch\/fr\/","name":"SLACKTIVITY Slackline Shop Schweiz","description":"Ensembles de slackline de haute qualit\u00e9 avec montage facile, produits innovants Highline et accessoires de slackline acheter en ligne. Pour les enfants, les d\u00e9butants et les professionnels.","publisher":{"@id":"https:\/\/slacktivity.ch\/fr\/#organization"},"potentialAction":[{"@type":"SearchAction","target":{"@type":"EntryPoint","urlTemplate":"https:\/\/slacktivity.ch\/fr\/?s={search_term_string}"},"query-input":{"@type":"PropertyValueSpecification","valueRequired":true,"valueName":"search_term_string"}}],"inLanguage":"fr-FR"},{"@type":"Organization","@id":"https:\/\/slacktivity.ch\/fr\/#organization","name":"SLACKTIVITY Slackline Shop Schweiz","url":"https:\/\/slacktivity.ch\/fr\/","logo":{"@type":"ImageObject","inLanguage":"fr-FR","@id":"https:\/\/slacktivity.ch\/fr\/#\/schema\/logo\/image\/","url":"https:\/\/slacktivity.ch\/wp-content\/uploads\/2021\/01\/slacktivity-slackline-online-shop-1.png","contentUrl":"https:\/\/slacktivity.ch\/wp-content\/uploads\/2021\/01\/slacktivity-slackline-online-shop-1.png","width":200,"height":77,"caption":"SLACKTIVITY Slackline Shop Schweiz"},"image":{"@id":"https:\/\/slacktivity.ch\/fr\/#\/schema\/logo\/image\/"}}]}},"_links":{"self":[{"href":"https:\/\/slacktivity.ch\/fr\/wp-json\/wp\/v2\/product\/10859","targetHints":{"allow":["GET"]}}],"collection":[{"href":"https:\/\/slacktivity.ch\/fr\/wp-json\/wp\/v2\/product"}],"about":[{"href":"https:\/\/slacktivity.ch\/fr\/wp-json\/wp\/v2\/types\/product"}],"replies":[{"embeddable":true,"href":"https:\/\/slacktivity.ch\/fr\/wp-json\/wp\/v2\/comments?post=10859"}],"wp:featuredmedia":[{"embeddable":true,"href":"https:\/\/slacktivity.ch\/fr\/wp-json\/wp\/v2\/media\/6236"}],"wp:attachment":[{"href":"https:\/\/slacktivity.ch\/fr\/wp-json\/wp\/v2\/media?parent=10859"}],"wp:term":[{"taxonomy":"product_cat","embeddable":true,"href":"https:\/\/slacktivity.ch\/fr\/wp-json\/wp\/v2\/product_cat?post=10859"},{"taxonomy":"product_tag","embeddable":true,"href":"https:\/\/slacktivity.ch\/fr\/wp-json\/wp\/v2\/product_tag?post=10859"}],"curies":[{"name":"wp","href":"https:\/\/api.w.org\/{rel}","templated":true}]}}