{"id":11003,"date":"2022-01-07T09:56:40","date_gmt":"2022-01-07T07:56:40","guid":{"rendered":"https:\/\/slacktivity.ch\/shop\/trangle-slackline-sport-scolaire\/"},"modified":"2022-01-07T09:56:40","modified_gmt":"2022-01-07T07:56:40","slug":"trangle-slackline-sport-scolaire","status":"publish","type":"product","link":"https:\/\/slacktivity.ch\/fr\/shop\/trangle-slackline-sport-scolaire\/","title":{"rendered":"Poteau Triangle | Slackline Set pour le sport scolaire"},"content":{"rendered":"<h2>Set Slackline triangle pour le sport scolaire &#8211; Id\u00e9al pour petits groupes<\/h2>\n<p>Trouve ici, de la part des inventeurs du poteau de slackline, les installations de slackline en salle de gymnastique les mieux d\u00e9velopp\u00e9es de Suisse ! Avec les poteaux SLACKTIVITY Slackline, il est possible de tendre en tr\u00e8s peu de temps trois slacklines ou m\u00eame plus pour le sport scolaire. Nous mettons tout en \u0153uvre pour que nos installations Indoor Slackline vous offrent le maximum de s\u00e9curit\u00e9 et qu&rsquo;elles puissent \u00eatre mont\u00e9es\/d\u00e9mont\u00e9es en un temps record, un vrai jeu d&rsquo;enfant. Laisse-toi convaincre par la simplicit\u00e9 du montage : <a href=\"http:\/\/www.youtube.com\/watch?v=3eVfpkl6IEQ\" target=\"_blank\" rel=\"noopener\">vid\u00e9o<\/a>. Nous transmettons le savoir-faire n\u00e9cessaire au moyen d&rsquo;un cours de slackline et pr\u00e9sentons un bref aper\u00e7u des possibilit\u00e9s d&rsquo;utilisation du slackline dans l&rsquo;enseignement de la gymnastique.<\/p>\n<p>Cette offre de set Slackline triangulaire pour le sport scolaire comprend les \u00e9l\u00e9ments suivants<\/p>\n<p>&nbsp;<\/p>\n<ul>\n<li>3 x poteaux Slackline avec couvercle de s\u00e9curit\u00e9<\/li>\n<li>3 x Slangle de Slackline avec V-Loop (longueur 15m, largeur : 3.7cm)<\/li>\n<li>3 x cliquet Slackline en acier inoxidable<\/li>\n<li>1 x LineSlider comme protection rembourr\u00e9e pour le caisson<\/li>\n<li>Mat\u00e9riel p\u00e9dagogique gratuit sur le slackline dans le sport scolaire (pdf)<\/li>\n<li>Livraison par SLACKTIVITY Schweiz<\/li>\n<li>90min Slackline-Workshop<\/li>\n<\/ul>\n<h3>D\u00e9roulement de la commande<\/h3>\n<p>Apr\u00e8s la commande, nous vous contacterons imm\u00e9diatement pour clarifier les sp\u00e9cifications n\u00e9cessaires (douilles au sol) et pour trouver une date pour la livraison et les ateliers de slackline.<\/p>\n<h3>Ce qui distingue les installations Slackline SLACKTIVITY pour les gymnases<\/h3>\n<h4>Montage tr\u00e8s simple<\/h4>\n<p>Gr\u00e2ce au V-Loop, nos slacklines se montent tr\u00e8s facilement sur les poteaux. Ce syst\u00e8me a \u00e9t\u00e9 sp\u00e9cialement d\u00e9velopp\u00e9 pour l&rsquo;enseignement du sport et est utilis\u00e9 depuis des ann\u00e9es dans de nombreuses \u00e9coles suisses.<\/p>\n<p>Gr\u00e2ce au V-Loop, contrairement aux autres slacklines :<\/p>\n<ul>\n<li>Pas de boucle d&rsquo;arbre n\u00e9cessaire<\/li>\n<li>Pas de twists dans la slackline<\/li>\n<li>Tendeur \u00e0 cliquet toujours \u00e0 c\u00f4t\u00e9 du poteau<\/li>\n<\/ul>\n<h4>Confort d&rsquo;utilisation maximal<\/h4>\n<p>Le montage du triangle Slackline est tr\u00e8s simple et peut \u00eatre r\u00e9alis\u00e9 sans probl\u00e8me par des \u00e9l\u00e8ves de l&rsquo;\u00e9cole primaire dans le cadre du sport scolaire.<\/p>\n<p>Tous ceux qui enseignent le sport appr\u00e9cieront la simplicit\u00e9 de la structure.<\/p>\n<p>Lors du cours de slackline de 90 minutes, nos moniteurs exp\u00e9riment\u00e9s expliquent la structure de l&rsquo;installation de slackline et donnent des conseils pratiques pour son utilisation dans les cours d&rsquo;\u00e9ducation physique.<\/p>\n<h4>Couvercle de s\u00e9curit\u00e9<\/h4>\n<p>La s\u00e9curit\u00e9 est une pr\u00e9occupation majeure pour nous. C&rsquo;est pourquoi SLACKTIVITY a d\u00e9velopp\u00e9 un couvercle de s\u00e9curit\u00e9 pour les poteaux de slackline.<\/p>\n<p>En cas de chute sur le poteau, le choc est amorti par la d\u00e9formation du couvercle en plastique.<\/p>\n<h4>LineSlider<\/h4>\n<p>Pour les d\u00e9butants en slackline et en particulier pour les enfants, il est important que les slacklines soient tendues \u00e0 une distance de 3-4 m seulement. Comme cette distance ne peut pas \u00eatre choisie librement dans les gymnases, par exemple entre les douilles au sol de volley-ball, la slackline peut \u00eatre divis\u00e9e \u00e0 l&rsquo;aide de caissons de gymnastique. L&rsquo;utilisation du LineSlider permet d&rsquo;\u00e9viter le frottement direct de la Slackline sur le coussin du caisson de gymnastique &#8211; ce qui augmente la long\u00e9vit\u00e9 de la Slackline et prot\u00e8ge le coussin du caisson.<\/p>\n<p>&nbsp;<\/p>\n<h4>Qualit\u00e9 suisse<\/h4>\n<p>Tous les poteaux Slackline et les couvercles de s\u00e9curit\u00e9 sont fabriqu\u00e9s dans des PME suisses. Cela garantit une qualit\u00e9 \u00e9lev\u00e9e et un produit durable.<\/p>\n<h3>Attention ! N&rsquo;utiliser que le mat\u00e9riel ad\u00e9quat<\/h3>\n<p>Seules les slacklines dot\u00e9es d&rsquo;un V-Loop devraient \u00eatre utilis\u00e9es dans les salles de sport. Ces slacklines ont \u00e9t\u00e9 sp\u00e9cialement con\u00e7ues pour le sport scolaire et les caract\u00e9ristiques des bandes ont \u00e9t\u00e9 adapt\u00e9es en cons\u00e9quence. Avec d&rsquo;autres slacklines, les charges peuvent parfois \u00eatre nettement plus \u00e9lev\u00e9es, ce qui ne garantirait plus les r\u00e9serves de s\u00e9curit\u00e9 pour les poteaux de slackline et les douilles au sol. En outre, les slacklines avec une V-Loop sont tendues en beaucoup moins de temps, car on peut ainsi enfiler la boucle finale de la cliquet ou de la bande sur le poteau sans utiliser d&rsquo;\u00e9lingues d&rsquo;arbre et le cliquet se trouve toujours \u00e0 proximit\u00e9 du poteau.<\/p>\n<p>Vous trouverez ici des informations sur les raisons pour lesquelles les slacklines de 5 cm de large (la plupart des slacklines bon march\u00e9) ne sont pas id\u00e9ales pour le sport scolaire (en particulier avec les enfants).<\/p>\n<p>Le design du V-Loop de ce set de slacklines est prot\u00e9g\u00e9 par la loi internationale (protection du design : DM\/076 171) et n&rsquo;est donc disponible que chez SLACKTIVITY.<\/p>\n<p>&nbsp;<\/p>\n<h3>Pas ou peu de douilles au sol disponibles ?<\/h3>\n<p>Nous vous ferons volontiers des offres pour des besoins sp\u00e9cifiques, par exemple une installation avec des supports muraux uniquement si vous ne disposez pas de douilles au sol : <a title=\"Offerte anfordern\" href=\"\/kontakt\" target=\"_blank\" rel=\"noopener\">Demandez ici une offre gratuiteier eine kostenlose Offerte anfordern<\/a><\/p>\n","protected":false},"excerpt":{"rendered":"<p>Le Set Slackline \u00ab\u00a0Poteaux Triangle Indoor\u00a0\u00bb est bien adapt\u00e9 aux petites classes ou si l&rsquo;on souhaite proposer le Slackline comme poste individuel dans un parcours d&rsquo;\u00e9quilibre dans le sport scolaire.<\/p>\n","protected":false},"featured_media":5531,"comment_status":"open","ping_status":"closed","template":"","meta":{"_acf_changed":false,"_joinchat":[]},"product_cat":[673,634],"product_tag":[674],"class_list":{"0":"post-11003","1":"product","2":"type-product","3":"status-publish","4":"has-post-thumbnail","6":"product_cat-slackline-interieur","7":"product_cat-slackline-pour-ecole","8":"product_tag-interieur","9":"pa_brand-slacktivity-fr","11":"first","12":"instock","13":"taxable","14":"shipping-taxable","15":"purchasable","16":"product-type-simple"},"acf":[],"yoast_head":"<!-- This site is optimized with the Yoast SEO plugin v27.3 - https:\/\/yoast.com\/product\/yoast-seo-wordpress\/ -->\n<title>Poteau Triangle | Slackline Set pour le sport scolaire - SLACKTIVITY Slackline Shop Schweiz<\/title>\n<meta name=\"robots\" content=\"index, follow, max-snippet:-1, max-image-preview:large, max-video-preview:-1\" \/>\n<link rel=\"canonical\" href=\"https:\/\/slacktivity.ch\/fr\/shop\/trangle-slackline-sport-scolaire\/\" \/>\n<meta property=\"og:locale\" content=\"fr_FR\" \/>\n<meta property=\"og:type\" content=\"article\" \/>\n<meta property=\"og:title\" content=\"Poteau Triangle | Slackline Set pour le sport scolaire - SLACKTIVITY Slackline Shop Schweiz\" \/>\n<meta property=\"og:description\" content=\"Le Set Slackline &quot;Poteaux Triangle Indoor&quot; est bien adapt\u00e9 aux petites classes ou si l&#039;on souhaite proposer le Slackline comme poste individuel dans un parcours d&#039;\u00e9quilibre dans le sport scolaire.\" \/>\n<meta property=\"og:url\" content=\"https:\/\/slacktivity.ch\/fr\/shop\/trangle-slackline-sport-scolaire\/\" \/>\n<meta property=\"og:site_name\" content=\"SLACKTIVITY Slackline Shop Schweiz\" \/>\n<meta property=\"og:image\" content=\"https:\/\/slacktivity.ch\/wp-content\/uploads\/2021\/02\/slackline-schulsport.jpg\" \/>\n\t<meta property=\"og:image:width\" content=\"1180\" \/>\n\t<meta property=\"og:image:height\" content=\"1377\" \/>\n\t<meta property=\"og:image:type\" content=\"image\/jpeg\" \/>\n<meta name=\"twitter:card\" content=\"summary_large_image\" \/>\n<meta name=\"twitter:label1\" content=\"Dur\u00e9e de lecture estim\u00e9e\" \/>\n\t<meta name=\"twitter:data1\" content=\"4 minutes\" \/>\n<script type=\"application\/ld+json\" class=\"yoast-schema-graph\">{\"@context\":\"https:\\\/\\\/schema.org\",\"@graph\":[{\"@type\":\"WebPage\",\"@id\":\"https:\\\/\\\/slacktivity.ch\\\/fr\\\/shop\\\/trangle-slackline-sport-scolaire\\\/\",\"url\":\"https:\\\/\\\/slacktivity.ch\\\/fr\\\/shop\\\/trangle-slackline-sport-scolaire\\\/\",\"name\":\"Poteau Triangle | Slackline Set pour le sport scolaire - SLACKTIVITY Slackline Shop Schweiz\",\"isPartOf\":{\"@id\":\"https:\\\/\\\/slacktivity.ch\\\/fr\\\/#website\"},\"primaryImageOfPage\":{\"@id\":\"https:\\\/\\\/slacktivity.ch\\\/fr\\\/shop\\\/trangle-slackline-sport-scolaire\\\/#primaryimage\"},\"image\":{\"@id\":\"https:\\\/\\\/slacktivity.ch\\\/fr\\\/shop\\\/trangle-slackline-sport-scolaire\\\/#primaryimage\"},\"thumbnailUrl\":\"https:\\\/\\\/slacktivity.ch\\\/wp-content\\\/uploads\\\/2021\\\/02\\\/slackline-schulsport.jpg\",\"datePublished\":\"2022-01-07T07:56:40+00:00\",\"breadcrumb\":{\"@id\":\"https:\\\/\\\/slacktivity.ch\\\/fr\\\/shop\\\/trangle-slackline-sport-scolaire\\\/#breadcrumb\"},\"inLanguage\":\"fr-FR\",\"potentialAction\":[{\"@type\":\"ReadAction\",\"target\":[\"https:\\\/\\\/slacktivity.ch\\\/fr\\\/shop\\\/trangle-slackline-sport-scolaire\\\/\"]}]},{\"@type\":\"ImageObject\",\"inLanguage\":\"fr-FR\",\"@id\":\"https:\\\/\\\/slacktivity.ch\\\/fr\\\/shop\\\/trangle-slackline-sport-scolaire\\\/#primaryimage\",\"url\":\"https:\\\/\\\/slacktivity.ch\\\/wp-content\\\/uploads\\\/2021\\\/02\\\/slackline-schulsport.jpg\",\"contentUrl\":\"https:\\\/\\\/slacktivity.ch\\\/wp-content\\\/uploads\\\/2021\\\/02\\\/slackline-schulsport.jpg\",\"width\":1180,\"height\":1377,\"caption\":\"slackline schulsport\"},{\"@type\":\"BreadcrumbList\",\"@id\":\"https:\\\/\\\/slacktivity.ch\\\/fr\\\/shop\\\/trangle-slackline-sport-scolaire\\\/#breadcrumb\",\"itemListElement\":[{\"@type\":\"ListItem\",\"position\":1,\"name\":\"Home\",\"item\":\"https:\\\/\\\/slacktivity.ch\\\/fr\\\/\"},{\"@type\":\"ListItem\",\"position\":2,\"name\":\"Boutique\",\"item\":\"https:\\\/\\\/slacktivity.ch\\\/fr\\\/boutique\\\/\"},{\"@type\":\"ListItem\",\"position\":3,\"name\":\"Poteau Triangle | Slackline Set pour le sport scolaire\"}]},{\"@type\":\"WebSite\",\"@id\":\"https:\\\/\\\/slacktivity.ch\\\/fr\\\/#website\",\"url\":\"https:\\\/\\\/slacktivity.ch\\\/fr\\\/\",\"name\":\"SLACKTIVITY Slackline Shop Schweiz\",\"description\":\"Ensembles de slackline de haute qualit\u00e9 avec montage facile, produits innovants Highline et accessoires de slackline acheter en ligne. Pour les enfants, les d\u00e9butants et les professionnels.\",\"publisher\":{\"@id\":\"https:\\\/\\\/slacktivity.ch\\\/fr\\\/#organization\"},\"potentialAction\":[{\"@type\":\"SearchAction\",\"target\":{\"@type\":\"EntryPoint\",\"urlTemplate\":\"https:\\\/\\\/slacktivity.ch\\\/fr\\\/?s={search_term_string}\"},\"query-input\":{\"@type\":\"PropertyValueSpecification\",\"valueRequired\":true,\"valueName\":\"search_term_string\"}}],\"inLanguage\":\"fr-FR\"},{\"@type\":\"Organization\",\"@id\":\"https:\\\/\\\/slacktivity.ch\\\/fr\\\/#organization\",\"name\":\"SLACKTIVITY Slackline Shop Schweiz\",\"url\":\"https:\\\/\\\/slacktivity.ch\\\/fr\\\/\",\"logo\":{\"@type\":\"ImageObject\",\"inLanguage\":\"fr-FR\",\"@id\":\"https:\\\/\\\/slacktivity.ch\\\/fr\\\/#\\\/schema\\\/logo\\\/image\\\/\",\"url\":\"https:\\\/\\\/slacktivity.ch\\\/wp-content\\\/uploads\\\/2021\\\/01\\\/slacktivity-slackline-online-shop-1.png\",\"contentUrl\":\"https:\\\/\\\/slacktivity.ch\\\/wp-content\\\/uploads\\\/2021\\\/01\\\/slacktivity-slackline-online-shop-1.png\",\"width\":200,\"height\":77,\"caption\":\"SLACKTIVITY Slackline Shop Schweiz\"},\"image\":{\"@id\":\"https:\\\/\\\/slacktivity.ch\\\/fr\\\/#\\\/schema\\\/logo\\\/image\\\/\"}}]}<\/script>\n<!-- \/ Yoast SEO plugin. -->","yoast_head_json":{"title":"Poteau Triangle | Slackline Set pour le sport scolaire - SLACKTIVITY Slackline Shop Schweiz","robots":{"index":"index","follow":"follow","max-snippet":"max-snippet:-1","max-image-preview":"max-image-preview:large","max-video-preview":"max-video-preview:-1"},"canonical":"https:\/\/slacktivity.ch\/fr\/shop\/trangle-slackline-sport-scolaire\/","og_locale":"fr_FR","og_type":"article","og_title":"Poteau Triangle | Slackline Set pour le sport scolaire - SLACKTIVITY Slackline Shop Schweiz","og_description":"Le Set Slackline \"Poteaux Triangle Indoor\" est bien adapt\u00e9 aux petites classes ou si l'on souhaite proposer le Slackline comme poste individuel dans un parcours d'\u00e9quilibre dans le sport scolaire.","og_url":"https:\/\/slacktivity.ch\/fr\/shop\/trangle-slackline-sport-scolaire\/","og_site_name":"SLACKTIVITY Slackline Shop Schweiz","og_image":[{"width":1180,"height":1377,"url":"https:\/\/slacktivity.ch\/wp-content\/uploads\/2021\/02\/slackline-schulsport.jpg","type":"image\/jpeg"}],"twitter_card":"summary_large_image","twitter_misc":{"Dur\u00e9e de lecture estim\u00e9e":"4 minutes"},"schema":{"@context":"https:\/\/schema.org","@graph":[{"@type":"WebPage","@id":"https:\/\/slacktivity.ch\/fr\/shop\/trangle-slackline-sport-scolaire\/","url":"https:\/\/slacktivity.ch\/fr\/shop\/trangle-slackline-sport-scolaire\/","name":"Poteau Triangle | Slackline Set pour le sport scolaire - SLACKTIVITY Slackline Shop Schweiz","isPartOf":{"@id":"https:\/\/slacktivity.ch\/fr\/#website"},"primaryImageOfPage":{"@id":"https:\/\/slacktivity.ch\/fr\/shop\/trangle-slackline-sport-scolaire\/#primaryimage"},"image":{"@id":"https:\/\/slacktivity.ch\/fr\/shop\/trangle-slackline-sport-scolaire\/#primaryimage"},"thumbnailUrl":"https:\/\/slacktivity.ch\/wp-content\/uploads\/2021\/02\/slackline-schulsport.jpg","datePublished":"2022-01-07T07:56:40+00:00","breadcrumb":{"@id":"https:\/\/slacktivity.ch\/fr\/shop\/trangle-slackline-sport-scolaire\/#breadcrumb"},"inLanguage":"fr-FR","potentialAction":[{"@type":"ReadAction","target":["https:\/\/slacktivity.ch\/fr\/shop\/trangle-slackline-sport-scolaire\/"]}]},{"@type":"ImageObject","inLanguage":"fr-FR","@id":"https:\/\/slacktivity.ch\/fr\/shop\/trangle-slackline-sport-scolaire\/#primaryimage","url":"https:\/\/slacktivity.ch\/wp-content\/uploads\/2021\/02\/slackline-schulsport.jpg","contentUrl":"https:\/\/slacktivity.ch\/wp-content\/uploads\/2021\/02\/slackline-schulsport.jpg","width":1180,"height":1377,"caption":"slackline schulsport"},{"@type":"BreadcrumbList","@id":"https:\/\/slacktivity.ch\/fr\/shop\/trangle-slackline-sport-scolaire\/#breadcrumb","itemListElement":[{"@type":"ListItem","position":1,"name":"Home","item":"https:\/\/slacktivity.ch\/fr\/"},{"@type":"ListItem","position":2,"name":"Boutique","item":"https:\/\/slacktivity.ch\/fr\/boutique\/"},{"@type":"ListItem","position":3,"name":"Poteau Triangle | Slackline Set pour le sport scolaire"}]},{"@type":"WebSite","@id":"https:\/\/slacktivity.ch\/fr\/#website","url":"https:\/\/slacktivity.ch\/fr\/","name":"SLACKTIVITY Slackline Shop Schweiz","description":"Ensembles de slackline de haute qualit\u00e9 avec montage facile, produits innovants Highline et accessoires de slackline acheter en ligne. Pour les enfants, les d\u00e9butants et les professionnels.","publisher":{"@id":"https:\/\/slacktivity.ch\/fr\/#organization"},"potentialAction":[{"@type":"SearchAction","target":{"@type":"EntryPoint","urlTemplate":"https:\/\/slacktivity.ch\/fr\/?s={search_term_string}"},"query-input":{"@type":"PropertyValueSpecification","valueRequired":true,"valueName":"search_term_string"}}],"inLanguage":"fr-FR"},{"@type":"Organization","@id":"https:\/\/slacktivity.ch\/fr\/#organization","name":"SLACKTIVITY Slackline Shop Schweiz","url":"https:\/\/slacktivity.ch\/fr\/","logo":{"@type":"ImageObject","inLanguage":"fr-FR","@id":"https:\/\/slacktivity.ch\/fr\/#\/schema\/logo\/image\/","url":"https:\/\/slacktivity.ch\/wp-content\/uploads\/2021\/01\/slacktivity-slackline-online-shop-1.png","contentUrl":"https:\/\/slacktivity.ch\/wp-content\/uploads\/2021\/01\/slacktivity-slackline-online-shop-1.png","width":200,"height":77,"caption":"SLACKTIVITY Slackline Shop Schweiz"},"image":{"@id":"https:\/\/slacktivity.ch\/fr\/#\/schema\/logo\/image\/"}}]}},"_links":{"self":[{"href":"https:\/\/slacktivity.ch\/fr\/wp-json\/wp\/v2\/product\/11003","targetHints":{"allow":["GET"]}}],"collection":[{"href":"https:\/\/slacktivity.ch\/fr\/wp-json\/wp\/v2\/product"}],"about":[{"href":"https:\/\/slacktivity.ch\/fr\/wp-json\/wp\/v2\/types\/product"}],"replies":[{"embeddable":true,"href":"https:\/\/slacktivity.ch\/fr\/wp-json\/wp\/v2\/comments?post=11003"}],"wp:featuredmedia":[{"embeddable":true,"href":"https:\/\/slacktivity.ch\/fr\/wp-json\/wp\/v2\/media\/5531"}],"wp:attachment":[{"href":"https:\/\/slacktivity.ch\/fr\/wp-json\/wp\/v2\/media?parent=11003"}],"wp:term":[{"taxonomy":"product_cat","embeddable":true,"href":"https:\/\/slacktivity.ch\/fr\/wp-json\/wp\/v2\/product_cat?post=11003"},{"taxonomy":"product_tag","embeddable":true,"href":"https:\/\/slacktivity.ch\/fr\/wp-json\/wp\/v2\/product_tag?post=11003"}],"curies":[{"name":"wp","href":"https:\/\/api.w.org\/{rel}","templated":true}]}}