{"id":11004,"date":"2022-03-21T17:15:37","date_gmt":"2022-03-21T15:15:37","guid":{"rendered":"https:\/\/slacktivity.ch\/shop\/poteau-slackline-fondation-vis\/"},"modified":"2023-12-01T14:17:38","modified_gmt":"2023-12-01T12:17:38","slug":"poteau-slackline-fondation-vis","status":"publish","type":"product","link":"https:\/\/slacktivity.ch\/fr\/shop\/poteau-slackline-fondation-vis\/","title":{"rendered":"FIX SF | Poteau Slackline"},"content":{"rendered":"<h2>FIX SF | Poteau Slackline avec fondation viss\u00e9e<\/h2>\n<h3>Livraison et montage inclus<\/h3>\n<p>Le poteau Slackline \u00e0 fondation viss\u00e9e permet de fixer des slacklines sans arbres et sans fondation en b\u00e9ton. Cette offre comprend la livraison, l&rsquo;installation sur place et un atelier de slackline. Le montage de deux poteaux Slackline \u00e0 fondation viss\u00e9e dure environ 3 \u00e0 5 heures &#8211; apr\u00e8s quoi il est possible de commencer imm\u00e9diatement \u00e0 pratiquer le slackline.<\/p>\n<h3>Avantages des fondations \u00e0 visser pour poteaux Slackline<\/h3>\n<ul>\n<li>pas d&rsquo;excavation n\u00e9cessaire (pas de pelleteuses ni de machines de construction lourdes)<\/li>\n<li>\n<div class=\"\">Les installations de slackline peuvent \u00e9galement \u00eatre install\u00e9es \u00e0 proximit\u00e9 d&rsquo;arbres (m\u00eame dans la zone des racines de la couronne) sans endommager les racines des arbres.<\/div>\n<\/li>\n<li>Produit, pi\u00e8ces de rechange, montage et test de r\u00e9sistance (et d\u00e9montage) sur demande &#8211; tout d&rsquo;une seule source<\/li>\n<li>il est possible de d\u00e9construire pratiquement sans laisser de traces (seul un petit trou doit \u00eatre rempli de terre)<\/li>\n<li>le poteau Slackline \u00e0 fondation viss\u00e9e est r\u00e9utilisable apr\u00e8s le d\u00e9montage<\/li>\n<li>le montage est \u00e9galement possible dans des endroits difficiles d&rsquo;acc\u00e8s, c&rsquo;est pourquoi un acc\u00e8s n&rsquo;est pas forc\u00e9ment n\u00e9cessaire<\/li>\n<li>bruit de construction relativement faible<\/li>\n<li>\n<div class=\"\">\n<div class=\"\">plus \u00e9cologique car environ 10 fois moins d&rsquo;\u00e9nergie grise que pour une fondation en b\u00e9ton<\/div>\n<\/div>\n<\/li>\n<\/ul>\n<p>Avec le poteau Slackline FIX SF, tu peux tendre la slackline \u00e0 trois hauteurs diff\u00e9rentes jusqu&rsquo;\u00e0 60 cm maximum. Il est \u00e9galement possible de fixer plusieurs slacklines sur le m\u00eame poteau. Les poteaux conviennent aussi bien aux d\u00e9butants qu&rsquo;aux slackliners confirm\u00e9s. La longueur de tension recommand\u00e9e des slacklines pour ce mod\u00e8le se situe entre 3 et 12 m (maximum 15 m).<\/p>\n<p>Gr\u00e2ce au V-Loop, le slackline peut \u00eatre fix\u00e9 au poteau en quelques secondes, sans boucle d&rsquo;arbre et sans se tordre. Le cliquet se trouve alors tr\u00e8s pr\u00e8s du poteau, ce qui \u00e9vite qu&rsquo;il n&rsquo;oscille dans le syst\u00e8me.<\/p>\n<p>Les poteaux Slackline et les fondations \u00e0 visser sont fabriqu\u00e9s en acier galvanis\u00e9 \u00e0 chaud, ce qui leur permet de r\u00e9sister aux intemp\u00e9ries pendant des d\u00e9cennies. Le cliquet Slackline INOX est enti\u00e8rement fabriqu\u00e9 en acier inoxydable et est donc prot\u00e9g\u00e9 contre la rouille et les intemp\u00e9ries pendant des ann\u00e9es. SLACKTIVITY est le seul fournisseur au monde d&rsquo;une cliquet Slackline en acier inoxydable.<\/p>\n<p>Afin de ne pas se blesser en cas de chute sur le poteau, celui-ci est \u00e9quip\u00e9 d&rsquo;un couvercle de s\u00e9curit\u00e9 qui amortit le choc. Les installations de slackline install\u00e9es dans les r\u00e8gles de l&rsquo;art avec le poteau de slackline FIX SF sont conformes \u00e0 la norme DIN-79400:2012.<\/p>\n<p>Le mod\u00e8le de poteau FIX SF est adapt\u00e9 aux niveaux de slackline suivants :<\/p>\n<ul>\n<li><strong><span style=\"color: blue;\">D\u00e9butant<\/span><\/strong><\/li>\n<li><strong><span style=\"color: red;\">Avanc\u00e9<\/span><\/strong><\/li>\n<\/ul>\n<h3>Contenu de la livraison et prestations &#8211; FIX Fondation \u00e0 visser Poteaux Slackline<\/h3>\n<p>Exemple pour 2 poteaux (5&rsquo;000.- CHF)<\/p>\n<ul>\n<li>2x poteaux Slackline SF FIX avec couvercle de s\u00e9curit\u00e9<\/li>\n<li>2x fondations \u00e0 visser<\/li>\n<li>Slackline Allround light 15m avec cliquet Slackline INOX<\/li>\n<li>Livraison<\/li>\n<li>montage professionnel par l&rsquo;\u00e9quipe SLACKTIVITY<\/li>\n<li>Installation de la slackline<\/li>\n<li>Atelier de slackline de 45 min dirig\u00e9 par <a href=\"https:\/\/slacktivity.ch\/slacktivity-team-schweiz\/\">Samuel Volery oder Tobias Rodenkirch<\/a> &#8211; les pionniers du slackline<\/li>\n<\/ul>\n<p>Dans l&rsquo;atelier de slackline, nous vous montrerons les bases du slackline afin que vous puissiez vous plonger avec succ\u00e8s dans ce sport fascinant qu&rsquo;est le slackline. Bien entendu, nous r\u00e9pondons aussi aux souhaits individuels si vous souhaitez apprendre quelque chose de sp\u00e9cial en slackline.<\/p>\n<h3>Montage rapide et s\u00fbr du slackline sur le poteau<\/h3>\n<p>Gr\u00e2ce au V-Loop des sets SLACKTIVITY Slackline, ceux-ci peuvent \u00eatre mont\u00e9s de la mani\u00e8re la plus simple et la plus rapide possible sur les poteaux de Slackline. Ce syst\u00e8me a \u00e9t\u00e9 d\u00e9velopp\u00e9 \u00e0 l&rsquo;origine pour l&rsquo;enseignement du sport et est utilis\u00e9 avec succ\u00e8s depuis des ann\u00e9es dans de nombreuses \u00e9coles suisses.<\/p>\n<p>Gr\u00e2ce au V-Loop, contrairement aux autres slacklines :<\/p>\n<ul>\n<li>Pas de boucle d&rsquo;arbre n\u00e9cessaire<\/li>\n<li>La slackline ne se vrille pas<\/li>\n<li>Tendeur \u00e0 cliquet toujours \u00e0 c\u00f4t\u00e9 du poteau<\/li>\n<li>Longue dur\u00e9e de vie car il n&rsquo;y a pas de frottement m\u00e9tal sur m\u00e9tal<\/li>\n<\/ul>\n<h3>Conseils pour l&rsquo;installation de poteaux Slackline \u00e0 fondation viss\u00e9e<\/h3>\n<p>Avant de commencer l&rsquo;installation, il faut s&rsquo;assurer qu&rsquo;il n&rsquo;y a pas de conduites dans le sous-sol qui pourraient \u00eatre endommag\u00e9es par les fondations viss\u00e9es. L&rsquo;obligation de clarification incombe \u00e0 l&rsquo;acheteur.<\/p>\n<p>Il n&rsquo;y a aucune garantie de r\u00e9ussite du montage. Dans de rares cas, le montage n&rsquo;est pas possible en pr\u00e9sence de gros rochers dans le sous-sol. Un maximum d&rsquo;informations sur le sol aide \u00e0 r\u00e9ussir le montage.<\/p>\n<p>Les \u00e9l\u00e9ments suivants sont n\u00e9cessaires sur place pour le montage :<\/p>\n<ul>\n<li>Raccordement \u00e9lectrique avec 250V, 10A<\/li>\n<li>deux arrosoirs d&rsquo;eau<\/li>\n<li>temps sec \ud83d\ude42<\/li>\n<\/ul>\n<h3>Visite d&rsquo;une installation de slackline existante<\/h3>\n<p>Des installations de slackline existantes peuvent \u00eatre visit\u00e9es avec le PARK-WARRIOR SF aux endroits suivants :<\/p>\n<ul>\n<li><a href=\"https:\/\/goo.gl\/maps\/SqqYdfxdaBMa1SjJ6\" target=\"_blank\" rel=\"noopener\">Slackline-Park Z\u00fcrich Oerlikon, Neunbrunnenstrasse 32<\/a><\/li>\n<li><a href=\"https:\/\/goo.gl\/maps\/qPj43kFmYsjCeH8Q7\" target=\"_blank\" rel=\"noopener\">Slackline-Anlage im Freibad Bellinzona<\/a><\/li>\n<\/ul>\n<h3>Plus de s\u00e9curit\u00e9<\/h3>\n<p>Afin de minimiser le risque de blessure lors de la pratique du slackline, tous les poteaux de slackline sont \u00e9quip\u00e9s de couvercles de s\u00e9curit\u00e9. En cas de chute de la slackline sur le poteau, le choc est amorti par la d\u00e9formation du couvercle en plastique.<\/p>\n<h3>Qualit\u00e9 suisse<\/h3>\n<p>Toutes les installations de jardin sont fabriqu\u00e9es en Suisse par une institution sociale.<\/p>\n<h3>Protection contre le vol<\/h3>\n<p>La slackline peut \u00eatre s\u00e9curis\u00e9e contre le vol et les erreurs de manipulation \u00e0 l&rsquo;aide d&rsquo;un antivol pour slackline (antivol \u00e0 \u00e9trier pour cliquet) disponible chez SLACKTIVITY. Les pi\u00e8ces d\u00e9tach\u00e9es de la slackline et le safetyCAP peuvent \u00eatre command\u00e9s s\u00e9par\u00e9ment.<\/p>\n<h3>Laisser les slacklines tendues en permanence<\/h3>\n<p>C&rsquo;est justement dans les cours de r\u00e9cr\u00e9ation ou dans son propre jardin que les slacklines sont souvent tendues en permanence. Ainsi, les slacklines sont nettement plus utilis\u00e9es. Cependant, les slacklines vieillissent plus rapidement en raison des intemp\u00e9ries et de l&rsquo;exposition aux UV. C&rsquo;est pourquoi la slackline et le V-Loop du cliquet doivent \u00eatre remplac\u00e9s au plus tard apr\u00e8s deux ans d&rsquo;exposition permanente. Les pi\u00e8ces de rechange pour le remplacement sont disponibles chez SLACKTIVITY.<\/p>\n<h3>Recommandations concernant l&rsquo;espace de chute pour les fixations de slackline<\/h3>\n<p>D&rsquo;apr\u00e8s notre exp\u00e9rience, les terrains de chute les plus appropri\u00e9s sont le gazon, les prairies, les dalles de protection contre les chutes, les copeaux de bois (qui ne conviennent \u00e0 la slackline pieds nus qu&rsquo;apr\u00e8s un peu d&rsquo;alt\u00e9ration) ou le gravier rond. En cas d&rsquo;utilisation des poteaux sur des aires de jeux et des installations publiques, l&rsquo;espace de chute doit avoir une largeur de 1,50 m\u00e8tre (des deux c\u00f4t\u00e9s de la slackline) et le sol de l&rsquo;espace de chute doit \u00eatre en gazon (DIN EN 12572-2).<\/p>\n<h3>Adaptations aux besoins sp\u00e9cifiques<\/h3>\n<p>Si vous avez des souhaits individuels, comme par exemple plusieurs poteaux Slackline ou m\u00eame un Slackline-Park entier, nous vous conseillons volontiers et vous faisons l&rsquo;<a title=\"Offerte beantragen\" href=\"https:\/\/slacktivity.ch\/fr\/contact\/\">Offre souhait\u00e9e.<\/a><\/p>\n","protected":false},"excerpt":{"rendered":"<p>Avec ce poteau de slackline \u00e0 fondation viss\u00e9e d\u00e9velopp\u00e9 par SLACKTIVITY, les slacklines peuvent \u00eatre fix\u00e9es en quelques heures sans b\u00e9ton ni excavation. De plus, il peut \u00eatre utilis\u00e9 imm\u00e9diatement pour le slackline. Et si le poteau doit \u00e0 nouveau \u00eatre retir\u00e9 ou d\u00e9plac\u00e9, cela ne demande que peu d&rsquo;efforts par rapport \u00e0 une fondation en b\u00e9ton. L&rsquo;offre comprend la livraison et le montage !<\/p>\n","protected":false},"featured_media":10496,"comment_status":"open","ping_status":"closed","template":"","meta":{"_acf_changed":false,"_joinchat":[]},"product_cat":[915,542,631,678,634],"product_tag":[935,686,687],"class_list":{"0":"post-11004","1":"product","2":"type-product","3":"status-publish","4":"has-post-thumbnail","6":"product_cat-aire-de-jeu-intergenerationnel","7":"product_cat-conception-de-la-zone-de-pause","8":"product_cat-fixation-slackline","9":"product_cat-slackline-poteau","10":"product_cat-slackline-pour-ecole","11":"product_tag-fondation-a-visser","12":"product_tag-poteau-de-slackline","13":"product_tag-slackline-sans-arbre","14":"pa_brand-slacktivity-fr","16":"first","17":"instock","18":"taxable","19":"shipping-taxable","20":"purchasable","21":"product-type-variable","22":"has-default-attributes"},"acf":[],"yoast_head":"<!-- This site is optimized with the Yoast SEO plugin v27.5 - https:\/\/yoast.com\/product\/yoast-seo-wordpress\/ -->\n<title>FIX SF | Poteau Slackline - SLACKTIVITY Slackline Shop Schweiz<\/title>\n<meta name=\"robots\" content=\"index, follow, max-snippet:-1, max-image-preview:large, max-video-preview:-1\" \/>\n<link rel=\"canonical\" href=\"https:\/\/slacktivity.ch\/fr\/shop\/poteau-slackline-fondation-vis\/\" \/>\n<meta property=\"og:locale\" content=\"fr_FR\" \/>\n<meta property=\"og:type\" content=\"article\" \/>\n<meta property=\"og:title\" content=\"FIX SF | Poteau Slackline - SLACKTIVITY Slackline Shop Schweiz\" \/>\n<meta property=\"og:description\" content=\"Avec ce poteau de slackline \u00e0 fondation viss\u00e9e d\u00e9velopp\u00e9 par SLACKTIVITY, les slacklines peuvent \u00eatre fix\u00e9es en quelques heures sans b\u00e9ton ni excavation. De plus, il peut \u00eatre utilis\u00e9 imm\u00e9diatement pour le slackline. Et si le poteau doit \u00e0 nouveau \u00eatre retir\u00e9 ou d\u00e9plac\u00e9, cela ne demande que peu d&#039;efforts par rapport \u00e0 une fondation en b\u00e9ton. L&#039;offre comprend la livraison et le montage !\" \/>\n<meta property=\"og:url\" content=\"https:\/\/slacktivity.ch\/fr\/shop\/poteau-slackline-fondation-vis\/\" \/>\n<meta property=\"og:site_name\" content=\"SLACKTIVITY Slackline Shop Schweiz\" \/>\n<meta property=\"article:modified_time\" content=\"2023-12-01T12:17:38+00:00\" \/>\n<meta property=\"og:image\" content=\"https:\/\/slacktivity.ch\/wp-content\/uploads\/2022\/03\/schraubfundament-slackline-pfosten-1.jpg\" \/>\n\t<meta property=\"og:image:width\" content=\"1180\" \/>\n\t<meta property=\"og:image:height\" content=\"1377\" \/>\n\t<meta property=\"og:image:type\" content=\"image\/jpeg\" \/>\n<meta name=\"twitter:card\" content=\"summary_large_image\" \/>\n<meta name=\"twitter:label1\" content=\"Dur\u00e9e de lecture estim\u00e9e\" \/>\n\t<meta name=\"twitter:data1\" content=\"6 minutes\" \/>\n<script type=\"application\/ld+json\" class=\"yoast-schema-graph\">{\"@context\":\"https:\\\/\\\/schema.org\",\"@graph\":[{\"@type\":\"WebPage\",\"@id\":\"https:\\\/\\\/slacktivity.ch\\\/fr\\\/shop\\\/poteau-slackline-fondation-vis\\\/\",\"url\":\"https:\\\/\\\/slacktivity.ch\\\/fr\\\/shop\\\/poteau-slackline-fondation-vis\\\/\",\"name\":\"FIX SF | Poteau Slackline - SLACKTIVITY Slackline Shop Schweiz\",\"isPartOf\":{\"@id\":\"https:\\\/\\\/slacktivity.ch\\\/fr\\\/#website\"},\"primaryImageOfPage\":{\"@id\":\"https:\\\/\\\/slacktivity.ch\\\/fr\\\/shop\\\/poteau-slackline-fondation-vis\\\/#primaryimage\"},\"image\":{\"@id\":\"https:\\\/\\\/slacktivity.ch\\\/fr\\\/shop\\\/poteau-slackline-fondation-vis\\\/#primaryimage\"},\"thumbnailUrl\":\"https:\\\/\\\/slacktivity.ch\\\/wp-content\\\/uploads\\\/2022\\\/03\\\/schraubfundament-slackline-pfosten-1.jpg\",\"datePublished\":\"2022-03-21T15:15:37+00:00\",\"dateModified\":\"2023-12-01T12:17:38+00:00\",\"breadcrumb\":{\"@id\":\"https:\\\/\\\/slacktivity.ch\\\/fr\\\/shop\\\/poteau-slackline-fondation-vis\\\/#breadcrumb\"},\"inLanguage\":\"fr-FR\",\"potentialAction\":[{\"@type\":\"ReadAction\",\"target\":[\"https:\\\/\\\/slacktivity.ch\\\/fr\\\/shop\\\/poteau-slackline-fondation-vis\\\/\"]}]},{\"@type\":\"ImageObject\",\"inLanguage\":\"fr-FR\",\"@id\":\"https:\\\/\\\/slacktivity.ch\\\/fr\\\/shop\\\/poteau-slackline-fondation-vis\\\/#primaryimage\",\"url\":\"https:\\\/\\\/slacktivity.ch\\\/wp-content\\\/uploads\\\/2022\\\/03\\\/schraubfundament-slackline-pfosten-1.jpg\",\"contentUrl\":\"https:\\\/\\\/slacktivity.ch\\\/wp-content\\\/uploads\\\/2022\\\/03\\\/schraubfundament-slackline-pfosten-1.jpg\",\"width\":1180,\"height\":1377,\"caption\":\"schraubfundament slackline pfosten\"},{\"@type\":\"BreadcrumbList\",\"@id\":\"https:\\\/\\\/slacktivity.ch\\\/fr\\\/shop\\\/poteau-slackline-fondation-vis\\\/#breadcrumb\",\"itemListElement\":[{\"@type\":\"ListItem\",\"position\":1,\"name\":\"Home\",\"item\":\"https:\\\/\\\/slacktivity.ch\\\/fr\\\/\"},{\"@type\":\"ListItem\",\"position\":2,\"name\":\"Boutique\",\"item\":\"https:\\\/\\\/slacktivity.ch\\\/fr\\\/boutique\\\/\"},{\"@type\":\"ListItem\",\"position\":3,\"name\":\"FIX SF | Poteau Slackline\"}]},{\"@type\":\"WebSite\",\"@id\":\"https:\\\/\\\/slacktivity.ch\\\/fr\\\/#website\",\"url\":\"https:\\\/\\\/slacktivity.ch\\\/fr\\\/\",\"name\":\"SLACKTIVITY Slackline Shop Schweiz\",\"description\":\"Ensembles de slackline de haute qualit\u00e9 avec montage facile, produits innovants Highline et accessoires de slackline acheter en ligne. Pour les enfants, les d\u00e9butants et les professionnels.\",\"publisher\":{\"@id\":\"https:\\\/\\\/slacktivity.ch\\\/fr\\\/#organization\"},\"potentialAction\":[{\"@type\":\"SearchAction\",\"target\":{\"@type\":\"EntryPoint\",\"urlTemplate\":\"https:\\\/\\\/slacktivity.ch\\\/fr\\\/?s={search_term_string}\"},\"query-input\":{\"@type\":\"PropertyValueSpecification\",\"valueRequired\":true,\"valueName\":\"search_term_string\"}}],\"inLanguage\":\"fr-FR\"},{\"@type\":\"Organization\",\"@id\":\"https:\\\/\\\/slacktivity.ch\\\/fr\\\/#organization\",\"name\":\"SLACKTIVITY Slackline Shop Schweiz\",\"url\":\"https:\\\/\\\/slacktivity.ch\\\/fr\\\/\",\"logo\":{\"@type\":\"ImageObject\",\"inLanguage\":\"fr-FR\",\"@id\":\"https:\\\/\\\/slacktivity.ch\\\/fr\\\/#\\\/schema\\\/logo\\\/image\\\/\",\"url\":\"https:\\\/\\\/slacktivity.ch\\\/wp-content\\\/uploads\\\/2021\\\/01\\\/slacktivity-slackline-online-shop-1.png\",\"contentUrl\":\"https:\\\/\\\/slacktivity.ch\\\/wp-content\\\/uploads\\\/2021\\\/01\\\/slacktivity-slackline-online-shop-1.png\",\"width\":200,\"height\":77,\"caption\":\"SLACKTIVITY Slackline Shop Schweiz\"},\"image\":{\"@id\":\"https:\\\/\\\/slacktivity.ch\\\/fr\\\/#\\\/schema\\\/logo\\\/image\\\/\"}}]}<\/script>\n<!-- \/ Yoast SEO plugin. -->","yoast_head_json":{"title":"FIX SF | Poteau Slackline - SLACKTIVITY Slackline Shop Schweiz","robots":{"index":"index","follow":"follow","max-snippet":"max-snippet:-1","max-image-preview":"max-image-preview:large","max-video-preview":"max-video-preview:-1"},"canonical":"https:\/\/slacktivity.ch\/fr\/shop\/poteau-slackline-fondation-vis\/","og_locale":"fr_FR","og_type":"article","og_title":"FIX SF | Poteau Slackline - SLACKTIVITY Slackline Shop Schweiz","og_description":"Avec ce poteau de slackline \u00e0 fondation viss\u00e9e d\u00e9velopp\u00e9 par SLACKTIVITY, les slacklines peuvent \u00eatre fix\u00e9es en quelques heures sans b\u00e9ton ni excavation. De plus, il peut \u00eatre utilis\u00e9 imm\u00e9diatement pour le slackline. Et si le poteau doit \u00e0 nouveau \u00eatre retir\u00e9 ou d\u00e9plac\u00e9, cela ne demande que peu d'efforts par rapport \u00e0 une fondation en b\u00e9ton. L'offre comprend la livraison et le montage !","og_url":"https:\/\/slacktivity.ch\/fr\/shop\/poteau-slackline-fondation-vis\/","og_site_name":"SLACKTIVITY Slackline Shop Schweiz","article_modified_time":"2023-12-01T12:17:38+00:00","og_image":[{"width":1180,"height":1377,"url":"https:\/\/slacktivity.ch\/wp-content\/uploads\/2022\/03\/schraubfundament-slackline-pfosten-1.jpg","type":"image\/jpeg"}],"twitter_card":"summary_large_image","twitter_misc":{"Dur\u00e9e de lecture estim\u00e9e":"6 minutes"},"schema":{"@context":"https:\/\/schema.org","@graph":[{"@type":"WebPage","@id":"https:\/\/slacktivity.ch\/fr\/shop\/poteau-slackline-fondation-vis\/","url":"https:\/\/slacktivity.ch\/fr\/shop\/poteau-slackline-fondation-vis\/","name":"FIX SF | Poteau Slackline - SLACKTIVITY Slackline Shop Schweiz","isPartOf":{"@id":"https:\/\/slacktivity.ch\/fr\/#website"},"primaryImageOfPage":{"@id":"https:\/\/slacktivity.ch\/fr\/shop\/poteau-slackline-fondation-vis\/#primaryimage"},"image":{"@id":"https:\/\/slacktivity.ch\/fr\/shop\/poteau-slackline-fondation-vis\/#primaryimage"},"thumbnailUrl":"https:\/\/slacktivity.ch\/wp-content\/uploads\/2022\/03\/schraubfundament-slackline-pfosten-1.jpg","datePublished":"2022-03-21T15:15:37+00:00","dateModified":"2023-12-01T12:17:38+00:00","breadcrumb":{"@id":"https:\/\/slacktivity.ch\/fr\/shop\/poteau-slackline-fondation-vis\/#breadcrumb"},"inLanguage":"fr-FR","potentialAction":[{"@type":"ReadAction","target":["https:\/\/slacktivity.ch\/fr\/shop\/poteau-slackline-fondation-vis\/"]}]},{"@type":"ImageObject","inLanguage":"fr-FR","@id":"https:\/\/slacktivity.ch\/fr\/shop\/poteau-slackline-fondation-vis\/#primaryimage","url":"https:\/\/slacktivity.ch\/wp-content\/uploads\/2022\/03\/schraubfundament-slackline-pfosten-1.jpg","contentUrl":"https:\/\/slacktivity.ch\/wp-content\/uploads\/2022\/03\/schraubfundament-slackline-pfosten-1.jpg","width":1180,"height":1377,"caption":"schraubfundament slackline pfosten"},{"@type":"BreadcrumbList","@id":"https:\/\/slacktivity.ch\/fr\/shop\/poteau-slackline-fondation-vis\/#breadcrumb","itemListElement":[{"@type":"ListItem","position":1,"name":"Home","item":"https:\/\/slacktivity.ch\/fr\/"},{"@type":"ListItem","position":2,"name":"Boutique","item":"https:\/\/slacktivity.ch\/fr\/boutique\/"},{"@type":"ListItem","position":3,"name":"FIX SF | Poteau Slackline"}]},{"@type":"WebSite","@id":"https:\/\/slacktivity.ch\/fr\/#website","url":"https:\/\/slacktivity.ch\/fr\/","name":"SLACKTIVITY Slackline Shop Schweiz","description":"Ensembles de slackline de haute qualit\u00e9 avec montage facile, produits innovants Highline et accessoires de slackline acheter en ligne. Pour les enfants, les d\u00e9butants et les professionnels.","publisher":{"@id":"https:\/\/slacktivity.ch\/fr\/#organization"},"potentialAction":[{"@type":"SearchAction","target":{"@type":"EntryPoint","urlTemplate":"https:\/\/slacktivity.ch\/fr\/?s={search_term_string}"},"query-input":{"@type":"PropertyValueSpecification","valueRequired":true,"valueName":"search_term_string"}}],"inLanguage":"fr-FR"},{"@type":"Organization","@id":"https:\/\/slacktivity.ch\/fr\/#organization","name":"SLACKTIVITY Slackline Shop Schweiz","url":"https:\/\/slacktivity.ch\/fr\/","logo":{"@type":"ImageObject","inLanguage":"fr-FR","@id":"https:\/\/slacktivity.ch\/fr\/#\/schema\/logo\/image\/","url":"https:\/\/slacktivity.ch\/wp-content\/uploads\/2021\/01\/slacktivity-slackline-online-shop-1.png","contentUrl":"https:\/\/slacktivity.ch\/wp-content\/uploads\/2021\/01\/slacktivity-slackline-online-shop-1.png","width":200,"height":77,"caption":"SLACKTIVITY Slackline Shop Schweiz"},"image":{"@id":"https:\/\/slacktivity.ch\/fr\/#\/schema\/logo\/image\/"}}]}},"_links":{"self":[{"href":"https:\/\/slacktivity.ch\/fr\/wp-json\/wp\/v2\/product\/11004","targetHints":{"allow":["GET"]}}],"collection":[{"href":"https:\/\/slacktivity.ch\/fr\/wp-json\/wp\/v2\/product"}],"about":[{"href":"https:\/\/slacktivity.ch\/fr\/wp-json\/wp\/v2\/types\/product"}],"replies":[{"embeddable":true,"href":"https:\/\/slacktivity.ch\/fr\/wp-json\/wp\/v2\/comments?post=11004"}],"wp:featuredmedia":[{"embeddable":true,"href":"https:\/\/slacktivity.ch\/fr\/wp-json\/wp\/v2\/media\/10496"}],"wp:attachment":[{"href":"https:\/\/slacktivity.ch\/fr\/wp-json\/wp\/v2\/media?parent=11004"}],"wp:term":[{"taxonomy":"product_cat","embeddable":true,"href":"https:\/\/slacktivity.ch\/fr\/wp-json\/wp\/v2\/product_cat?post=11004"},{"taxonomy":"product_tag","embeddable":true,"href":"https:\/\/slacktivity.ch\/fr\/wp-json\/wp\/v2\/product_tag?post=11004"}],"curies":[{"name":"wp","href":"https:\/\/api.w.org\/{rel}","templated":true}]}}