{"id":11013,"date":"2022-07-08T09:36:51","date_gmt":"2022-07-08T07:36:54","guid":{"rendered":"https:\/\/slacktivity.ch\/?post_type=product&#038;p=11013"},"modified":"2023-12-01T12:15:28","modified_gmt":"2023-12-01T10:15:28","slug":"slackline-douille-de-sol","status":"publish","type":"product","link":"https:\/\/slacktivity.ch\/fr\/shop\/slackline-douille-de-sol\/","title":{"rendered":"SF | Poteau de Slackline avec fondation viss\u00e9e"},"content":{"rendered":"<h2>Fondation viss\u00e9e | Poteau de slackline avec douille de sol<\/h2>\n<h3>Livraison et installation incluses<\/h3>\n<p>Le <strong>poteau de slackline avec fondation viss\u00e9e et douille de sol<\/strong> permet de fixer des slacklines sans arbres ni fondations en b\u00e9ton. Gr\u00e2ce \u00e0 sa douille de sol pratique, le poteau de slackline peut \u00eatre retir\u00e9 en un geste \u00e0 tout moment. Cette offre comprend la <strong>livraison, l&rsquo;installation<\/strong> sur place et un <strong>atelier de slackline<\/strong> (uniquement pour l&rsquo;ex\u00e9cution DUAL). Le montage de deux poteaux de slackline \u00e0 fondation viss\u00e9e Krinner prend environ 2 \u00e0 4 heures, apr\u00e8s quoi vous pouvez commencer imm\u00e9diatement \u00e0 pratiquer la slackline.<\/p>\n<h3>Avantages du poteau de slackline avec fondation viss\u00e9e et douille de sol<\/h3>\n<ul>\n<li><strong>Pas besoin d&rsquo;excavation<\/strong> (pas de pelleteuses ni d&rsquo;\u00e9quipements lourds)<\/li>\n<li>Les <strong>installations de slackline peuvent \u00eatre r\u00e9alis\u00e9es pr\u00e8s des arbres<\/strong> (m\u00eame dans la zone racinaire de la couronne de l&rsquo;arbre) sans endommager les racines<\/li>\n<li>Produit, pi\u00e8ces de rechange, montage et test de charge (et d\u00e9montage) sur demande &#8211; <strong>tout en un seul service<\/strong><\/li>\n<li>Un <strong>d\u00e9montage pratiquement sans trace<\/strong> est possible (seul un petit trou doit \u00eatre rempli de terre)<\/li>\n<li>Le poteau de slackline avec fondation viss\u00e9e peut \u00eatre <strong>r\u00e9utilis\u00e9 apr\u00e8s le d\u00e9montage<\/strong><\/li>\n<li>Le montage est \u00e9galement possible dans des endroits <strong>difficilement accessibles<\/strong>, donc un acc\u00e8s n&rsquo;est pas n\u00e9cessairement requis<\/li>\n<li>Le bruit de construction est relativement faible<\/li>\n<li>Plus <strong>\u00e9cologique<\/strong> car environ 10 fois moins d&rsquo;\u00e9nergie grise que pour une fondation en b\u00e9ton<\/li>\n<\/ul>\n<h3>Mod\u00e8les de poteaux de slackline avec douilles de sol<\/h3>\n<p>Avec le <strong>poteau de slackline STANDARD<\/strong>, la slackline peut \u00eatre tendue \u00e0 trois hauteurs diff\u00e9rentes jusqu&rsquo;\u00e0 environ 60 cm.<br \/>\nPour le mod\u00e8le <strong>extra-FORT<\/strong>, il y a quatre r\u00e9glages possibles jusqu&rsquo;\u00e0 une hauteur maximale de 120 cm. La slackline sur la position la plus haute du poteau extra-FORT ne doit \u00eatre tendue qu&rsquo;\u00e0 moiti\u00e9 par rapport aux positions inf\u00e9rieures.<\/p>\n<p>Avec le poteau de slackline <strong>multi-GAME<\/strong>, des slacklines tendues jusqu&rsquo;\u00e0 60 cm peuvent \u00eatre fix\u00e9es \u00e0 trois hauteurs diff\u00e9rentes. Les deux positions sup\u00e9rieures \u00e0 1,6 m et 2,4 m sont id\u00e9ales pour les rodeolines tendues \u00e0 la main. Comme son nom l&rsquo;indique, ce mod\u00e8le de poteau peut \u00e9galement accueillir un filet de jeu tel qu&rsquo;un filet de volleyball ou de badminton, un hamac, une <a href=\"https:\/\/slacktivity.ch\/fr\/shop\/weekend-warrior-slackline\/\">slackline Weekend Warrior<\/a> ou une voile d&rsquo;ombrage.<\/p>\n<p>Il est \u00e9galement possible de fixer plusieurs slacklines au m\u00eame poteau. Ainsi, la variante carr\u00e9e est une solution particuli\u00e8rement attrayante pour les installations de slackline en ext\u00e9rieur dans les \u00e9coles ou les lotissements. Les trois mod\u00e8les de poteaux conviennent aussi bien aux d\u00e9butants qu&rsquo;aux slackliners avanc\u00e9s. Les longueurs de slackline recommand\u00e9es pour les mod\u00e8les STANDARD et multi-GAME se situent entre 3 et 12 m\u00e8tres (maximum 15 m\u00e8tres). Pour le poteau de slackline extra-FORT, les distances id\u00e9ales vont de 3 \u00e0 15 m\u00e8tres.<\/p>\n<p>La douille de sol pour slackline peut \u00eatre ferm\u00e9e avec le couvercle en aluminium anodis\u00e9 inclus dans l&rsquo;offre. Un <a href=\"https:\/\/slacktivity.ch\/fr\/shop\/vis-de-securite\/\">boulon de s\u00e9curit\u00e9 antivol<\/a> peut \u00eatre utilis\u00e9 pour fixer ce couvercle \u00e0 la douille de sol.<\/p>\n<p>La slackline peut \u00eatre fix\u00e9e au poteau en quelques secondes gr\u00e2ce \u00e0 la boucle en V, sans boucle autour des arbres et sans torsion. La cliquette se trouve tr\u00e8s pr\u00e8s du poteau, ce qui \u00e9vite qu&rsquo;elle ne vibre dans le syst\u00e8me.<\/p>\n<p>Les poteaux de slackline, les douilles de sol et les fondations viss\u00e9es sont fabriqu\u00e9s en acier galvanis\u00e9 \u00e0 chaud, ce qui les rend r\u00e9sistants aux intemp\u00e9ries pendant des d\u00e9cennies. La <strong><a href=\"\/shop\/allround-light-slackline\/\">cliquette de slackline INOX<\/a><\/strong> est enti\u00e8rement en acier inoxydable, la prot\u00e9geant ainsi contre la rouille et les intemp\u00e9ries pendant des ann\u00e9es. SLACKTIVITY est le seul fournisseur mondial d&rsquo;une cliquette de slackline inoxydable en acier chrom\u00e9. Les cliquettes peuvent \u00eatre s\u00e9curis\u00e9es contre le vol et la manipulation incorrecte \u00e0 l&rsquo;aide d&rsquo;un <a href=\"https:\/\/slacktivity.ch\/fr\/shop\/cadenas-slackline\/\">cadenas de slackline<\/a> disponible chez SLACKTIVITY.<\/p>\n<p>Pour \u00e9viter les blessures en cas de chute sur le poteau, celui-ci est \u00e9quip\u00e9 d&rsquo;un couvercle de s\u00e9curit\u00e9 qui amortit l&rsquo;impact. Les installations de slackline correctement r\u00e9alis\u00e9es avec les poteaux de slackline STANDARD et extra-FORT sont conformes \u00e0 la norme DIN-79400:2012.<\/p>\n<p>Les mod\u00e8les de poteaux de slackline avec douille de sol conviennent aux niveaux de slackline suivants :<\/p>\n<ul>\n<li><strong><span style=\"color: blue;\">D\u00e9butants<\/span><\/strong> (STANDARD, extra-FORT &amp; multi-GAME)<\/li>\n<li><strong><span style=\"color: red;\">Avanc\u00e9s<\/span><\/strong> (STANDARD, extra-FORT &amp; multi-GAME)<\/li>\n<li><strong>Professionnels |<\/strong> possibilit\u00e9 de monter des rodeo-lines l\u00e9g\u00e8res et des jumplines (extra-FORT &amp; multi-GAME)<\/li>\n<\/ul>\n<h3>Contenu et services inclus &#8211; Poteau de slackline avec fondation viss\u00e9e et douille de sol<\/h3>\n<p>Exemple pour <strong>deux poteaux<\/strong> en ensemble DUAL :<\/p>\n<ul>\n<li>2x Poteaux de slackline SF STANDARD \/ extra-FORT \/ multi-GAME avec couvercle de s\u00e9curit\u00e9 safetyCAP<\/li>\n<li>2x Douilles de sol avec couvercle de haute qualit\u00e9 en aluminium anodis\u00e9<\/li>\n<li>2x Fondations viss\u00e9es de qualit\u00e9 Krinner<\/li>\n<li>Slackline <a href=\"https:\/\/slacktivity.ch\/fr\/shop\/allround-slackline-15m\/\">Allround 15m<\/a> avec <strong>cliquette de slackline INOX<\/strong><\/li>\n<li>Livraison<\/li>\n<li><strong>Montage professionnel par l&rsquo;\u00e9quipe de SLACKTIVITY<\/strong><\/li>\n<li>Installation de la slackline<\/li>\n<li>Atelier de slackline de 45 minutes anim\u00e9 par <a href=\"https:\/\/slacktivity.ch\/slacktivity-team-schweiz\/\">Samuel Volery ou Tobias Rodenkirch<\/a> &#8211; les pionniers de la slackline<\/li>\n<\/ul>\n<p>Dans l&rsquo;atelier de slackline, nous vous montrerons les bases de la slackline afin que vous puissiez vous plonger avec succ\u00e8s dans ce sport fascinant de la slackline. Bien s\u00fbr, nous r\u00e9pondrons \u00e9galement \u00e0 des demandes individuelles si vous souhaitez apprendre quelque chose de sp\u00e9cifique en slackline.<\/p>\n<p>Exemple pour <strong>quatre poteaux<\/strong> en ensemble carr\u00e9 :<\/p>\n<ul>\n<li>4x Poteaux de slackline SF STANDARD \/ extra-FORT avec couvercle de s\u00e9curit\u00e9 safetyCAP<\/li>\n<li>4x Douilles de sol avec couvercle de haute qualit\u00e9 en aluminium anodis\u00e9<\/li>\n<li>4x Fondations viss\u00e9es de qualit\u00e9 Krinner<\/li>\n<li>5x Slackline <a href=\"https:\/\/slacktivity.ch\/fr\/shop\/allround-slackline-15m\/\">Allround 15m<\/a> avec <strong>cliquette de slackline INOX<\/strong><\/li>\n<li>Livraison<\/li>\n<li><strong>Montage professionnel par l&rsquo;\u00e9quipe de SLACKTIVITY<\/strong><\/li>\n<li>Installation de la slackline<\/li>\n<\/ul>\n<h3>Montage rapide et s\u00e9curis\u00e9 de la slackline sur le poteau<\/h3>\n<p>Gr\u00e2ce \u00e0 la boucle en V des kits de slackline SLACKTIVITY, ceux-ci peuvent \u00eatre mont\u00e9s sur les poteaux de slackline de la mani\u00e8re la plus simple et la plus rapide qui soit. Ce syst\u00e8me a \u00e9t\u00e9 initialement d\u00e9velopp\u00e9 pour les cours de sport et est utilis\u00e9 avec succ\u00e8s depuis des ann\u00e9es dans de nombreuses \u00e9coles suisses.<br \/>\nContrairement \u00e0 d&rsquo;autres slacklines, gr\u00e2ce \u00e0 la boucle en V :<\/p>\n<ul>\n<li>Pas besoin de boucle autour des arbres<\/li>\n<li>Aucune torsion de la slackline<\/li>\n<li>La cliquette est toujours pr\u00e8s du poteau<\/li>\n<li>Longue dur\u00e9e de vie car il n&rsquo;y a pas de frottement m\u00e9tal contre m\u00e9tal<\/li>\n<\/ul>\n<h3>Remarques sur l&rsquo;installation des poteaux de slackline \u00e0 fondation viss\u00e9e<\/h3>\n<p>Avant de commencer l&rsquo;installation, il est n\u00e9cessaire de s&rsquo;assurer qu&rsquo;il n&rsquo;y a pas de c\u00e2bles dans le sol qui pourraient \u00eatre endommag\u00e9s par les fondations viss\u00e9es. La responsabilit\u00e9 de cette v\u00e9rification incombe \u00e0 l&rsquo;acheteur.<br \/>\nIl n&rsquo;y a aucune garantie de r\u00e9ussite de l&rsquo;installation. Dans de rares cas, le montage peut \u00eatre impossible sur de gros rochers. Plus il y a d&rsquo;informations sur le sol, mieux c&rsquo;est pour une installation r\u00e9ussie.<\/p>\n<p>Pour le montage sur place, vous aurez besoin de :<\/p>\n<ul>\n<li>Prise de courant 250V, 10A<\/li>\n<li>Deux arrosoirs d&rsquo;eau<\/li>\n<li>Temps sec \ud83d\ude42<\/li>\n<\/ul>\n<h3>Visite d&rsquo;une installation de slackline existante<\/h3>\n<p>Vous pouvez visiter des installations de slackline existantes avec des fondations viss\u00e9es Krinner aux endroits suivants :<\/p>\n<ul>\n<li><a href=\"https:\/\/goo.gl\/maps\/SqqYdfxdaBMa1SjJ6\" target=\"_blank\" rel=\"noopener\">Parc de slackline Z\u00fcrich Oerlikon, Neunbrunnenstrasse 32<\/a><\/li>\n<li><a href=\"https:\/\/goo.gl\/maps\/qPj43kFmYsjCeH8Q7\" target=\"_blank\" rel=\"noopener\">Installation de slackline dans la piscine en plein air de Bellinzone<\/a><\/li>\n<li>Poteaux de slackline WARRIOR, Bern, Marzili &amp; Eichholz<\/li>\n<\/ul>\n<h3>Plus de s\u00e9curit\u00e9<\/h3>\n<p>Pour minimiser les risques de blessures lors de la pratique de la slackline, tous les poteaux de slackline sont \u00e9quip\u00e9s de couvercles de s\u00e9curit\u00e9. En cas de chute de la slackline sur le poteau, l&rsquo;impact est amorti par la d\u00e9formation du couvercle en plastique.<\/p>\n<h3>Qualit\u00e9 suisse<\/h3>\n<p>Toutes les installations de jardin sont fabriqu\u00e9es en Suisse par une institution sociale.<\/p>\n<h3>Protection contre le vol<\/h3>\n<p>La slackline peut \u00eatre s\u00e9curis\u00e9e contre le vol et la manipulation incorrecte avec un <a href=\"https:\/\/slacktivity.ch\/fr\/shop\/cadenas-slackline\/\">cadenas de slackline<\/a> disponible chez SLACKTIVITY (cadre pour cliquette). Les pi\u00e8ces individuelles de la slackline et le safetyCAP peuvent \u00eatre command\u00e9s s\u00e9par\u00e9ment.<\/p>\n<h3>Laisser les slacklines tendues en permanence<\/h3>\n<p>Notamment dans les cours de r\u00e9cr\u00e9ation ou m\u00eame dans votre propre jardin, les slacklines sont souvent tendues en permanence. Cela permet une utilisation plus fr\u00e9quente des slacklines. Cependant, en raison des conditions m\u00e9t\u00e9orologiques et de l&rsquo;exposition aux UV, les slacklines vieillissent plus rapidement. C&rsquo;est pourquoi la slackline et la boucle en V de la cliquette doivent \u00eatre remplac\u00e9es au plus tard apr\u00e8s deux ans d&rsquo;exposition permanente. Les pi\u00e8ces de rechange pour le remplacement sont disponibles chez SLACKTIVITY.<\/p>\n<h3>Recommandations concernant l&rsquo;espace de chute pour les installations de slackline<\/h3>\n<p>En tant que zone de d\u00e9part, notre exp\u00e9rience indique que les meilleurs terrains sont les pelouses, les prairies, les dalles de protection, les copeaux de bois (adapt\u00e9s \u00e0 la pratique pieds nus apr\u00e8s une certaine exposition aux intemp\u00e9ries) ou les graviers ronds. Lors de l&rsquo;utilisation des poteaux sur des terrains de jeu et dans des installations publiques, l&rsquo;espace de chute doit avoir une largeur de 1,50 m\u00e8tre (de chaque c\u00f4t\u00e9 de la slackline) et le sol dans cette zone doit \u00eatre en gazon (conform\u00e9ment \u00e0 la norme DIN EN 12572-2).<\/p>\n<h3>Adaptations selon des besoins sp\u00e9cifiques<\/h3>\n<p>Pour des demandes individuelles telles que plusieurs poteaux de slackline ou m\u00eame un parc complet de slackline, nous serions ravis de vous conseiller et de vous fournir un <a title=\"Demande de devis\" href=\"https:\/\/slacktivity.ch\/fr\/contact\/\">devis<\/a> personnalis\u00e9 en fran\u00e7ais.<\/p>\n","protected":false},"excerpt":{"rendered":"<p>Avec ce poteau de slackline \u00e0 fondation viss\u00e9e et douille de sol d\u00e9velopp\u00e9 par SLACKTIVITY, il est possible de fixer des slacklines en quelques heures, sans b\u00e9ton ni excavation. De plus, il peut \u00eatre utilis\u00e9 imm\u00e9diatement pour la pratique de la slackline. En cas de besoin de d\u00e9placer ou de retirer le poteau, cela peut \u00eatre accompli avec peu d&rsquo;efforts par rapport \u00e0 un fondement en b\u00e9ton. <strong>L&rsquo;offre comprend la livraison et le montage !<\/strong><\/p>\n","protected":false},"featured_media":11019,"comment_status":"open","ping_status":"closed","template":"","meta":{"_acf_changed":false,"_joinchat":[]},"product_cat":[915,542,631,678,634],"product_tag":[935,686,687],"class_list":{"0":"post-11013","1":"product","2":"type-product","3":"status-publish","4":"has-post-thumbnail","6":"product_cat-aire-de-jeu-intergenerationnel","7":"product_cat-conception-de-la-zone-de-pause","8":"product_cat-fixation-slackline","9":"product_cat-slackline-poteau","10":"product_cat-slackline-pour-ecole","11":"product_tag-fondation-a-visser","12":"product_tag-poteau-de-slackline","13":"product_tag-slackline-sans-arbre","15":"first","16":"instock","17":"taxable","18":"shipping-taxable","19":"purchasable","20":"product-type-variable"},"acf":[],"yoast_head":"<!-- This site is optimized with the Yoast SEO plugin v27.5 - https:\/\/yoast.com\/product\/yoast-seo-wordpress\/ -->\n<title>SF | Douille de sol pour poteau de slackline de SLACKTIVITY Suisse<\/title>\n<meta name=\"description\" content=\"Avec cette douille de sol pour poteau de slackline \u00e0 fondation viss\u00e9e, il est possible de fixer des slacklines en quelques heures, sans b\u00e9ton ni excavation.\" \/>\n<meta name=\"robots\" content=\"index, follow, max-snippet:-1, max-image-preview:large, max-video-preview:-1\" \/>\n<link rel=\"canonical\" href=\"https:\/\/slacktivity.ch\/fr\/shop\/slackline-douille-de-sol\/\" \/>\n<meta property=\"og:locale\" content=\"fr_FR\" \/>\n<meta property=\"og:type\" content=\"article\" \/>\n<meta property=\"og:title\" content=\"SF | Douille de sol pour poteau de slackline de SLACKTIVITY Suisse\" \/>\n<meta property=\"og:description\" content=\"Avec cette douille de sol pour poteau de slackline \u00e0 fondation viss\u00e9e, il est possible de fixer des slacklines en quelques heures, sans b\u00e9ton ni excavation.\" \/>\n<meta property=\"og:url\" content=\"https:\/\/slacktivity.ch\/fr\/shop\/slackline-douille-de-sol\/\" \/>\n<meta property=\"og:site_name\" content=\"SLACKTIVITY Slackline Shop Schweiz\" \/>\n<meta property=\"article:modified_time\" content=\"2023-12-01T10:15:28+00:00\" \/>\n<meta property=\"og:image\" content=\"https:\/\/slacktivity.ch\/wp-content\/uploads\/2022\/07\/slackline-bodenhulse.jpg\" \/>\n\t<meta property=\"og:image:width\" content=\"1180\" \/>\n\t<meta property=\"og:image:height\" content=\"1377\" \/>\n\t<meta property=\"og:image:type\" content=\"image\/jpeg\" \/>\n<meta name=\"twitter:card\" content=\"summary_large_image\" \/>\n<meta name=\"twitter:label1\" content=\"Dur\u00e9e de lecture estim\u00e9e\" \/>\n\t<meta name=\"twitter:data1\" content=\"9 minutes\" \/>\n<script type=\"application\/ld+json\" class=\"yoast-schema-graph\">{\"@context\":\"https:\\\/\\\/schema.org\",\"@graph\":[{\"@type\":\"WebPage\",\"@id\":\"https:\\\/\\\/slacktivity.ch\\\/fr\\\/shop\\\/slackline-douille-de-sol\\\/\",\"url\":\"https:\\\/\\\/slacktivity.ch\\\/fr\\\/shop\\\/slackline-douille-de-sol\\\/\",\"name\":\"SF | Douille de sol pour poteau de slackline de SLACKTIVITY Suisse\",\"isPartOf\":{\"@id\":\"https:\\\/\\\/slacktivity.ch\\\/fr\\\/#website\"},\"primaryImageOfPage\":{\"@id\":\"https:\\\/\\\/slacktivity.ch\\\/fr\\\/shop\\\/slackline-douille-de-sol\\\/#primaryimage\"},\"image\":{\"@id\":\"https:\\\/\\\/slacktivity.ch\\\/fr\\\/shop\\\/slackline-douille-de-sol\\\/#primaryimage\"},\"thumbnailUrl\":\"https:\\\/\\\/slacktivity.ch\\\/wp-content\\\/uploads\\\/2022\\\/07\\\/slackline-bodenhulse.jpg\",\"datePublished\":\"2022-07-08T07:36:54+00:00\",\"dateModified\":\"2023-12-01T10:15:28+00:00\",\"description\":\"Avec cette douille de sol pour poteau de slackline \u00e0 fondation viss\u00e9e, il est possible de fixer des slacklines en quelques heures, sans b\u00e9ton ni excavation.\",\"breadcrumb\":{\"@id\":\"https:\\\/\\\/slacktivity.ch\\\/fr\\\/shop\\\/slackline-douille-de-sol\\\/#breadcrumb\"},\"inLanguage\":\"fr-FR\",\"potentialAction\":[{\"@type\":\"ReadAction\",\"target\":[\"https:\\\/\\\/slacktivity.ch\\\/fr\\\/shop\\\/slackline-douille-de-sol\\\/\"]}]},{\"@type\":\"ImageObject\",\"inLanguage\":\"fr-FR\",\"@id\":\"https:\\\/\\\/slacktivity.ch\\\/fr\\\/shop\\\/slackline-douille-de-sol\\\/#primaryimage\",\"url\":\"https:\\\/\\\/slacktivity.ch\\\/wp-content\\\/uploads\\\/2022\\\/07\\\/slackline-bodenhulse.jpg\",\"contentUrl\":\"https:\\\/\\\/slacktivity.ch\\\/wp-content\\\/uploads\\\/2022\\\/07\\\/slackline-bodenhulse.jpg\",\"width\":1180,\"height\":1377,\"caption\":\"Slackline-Pfosten mit Bodenh\u00fclse\"},{\"@type\":\"BreadcrumbList\",\"@id\":\"https:\\\/\\\/slacktivity.ch\\\/fr\\\/shop\\\/slackline-douille-de-sol\\\/#breadcrumb\",\"itemListElement\":[{\"@type\":\"ListItem\",\"position\":1,\"name\":\"Home\",\"item\":\"https:\\\/\\\/slacktivity.ch\\\/fr\\\/\"},{\"@type\":\"ListItem\",\"position\":2,\"name\":\"Boutique\",\"item\":\"https:\\\/\\\/slacktivity.ch\\\/fr\\\/boutique\\\/\"},{\"@type\":\"ListItem\",\"position\":3,\"name\":\"SF | Poteau de Slackline avec fondation viss\u00e9e\"}]},{\"@type\":\"WebSite\",\"@id\":\"https:\\\/\\\/slacktivity.ch\\\/fr\\\/#website\",\"url\":\"https:\\\/\\\/slacktivity.ch\\\/fr\\\/\",\"name\":\"SLACKTIVITY Slackline Shop Schweiz\",\"description\":\"Ensembles de slackline de haute qualit\u00e9 avec montage facile, produits innovants Highline et accessoires de slackline acheter en ligne. Pour les enfants, les d\u00e9butants et les professionnels.\",\"publisher\":{\"@id\":\"https:\\\/\\\/slacktivity.ch\\\/fr\\\/#organization\"},\"potentialAction\":[{\"@type\":\"SearchAction\",\"target\":{\"@type\":\"EntryPoint\",\"urlTemplate\":\"https:\\\/\\\/slacktivity.ch\\\/fr\\\/?s={search_term_string}\"},\"query-input\":{\"@type\":\"PropertyValueSpecification\",\"valueRequired\":true,\"valueName\":\"search_term_string\"}}],\"inLanguage\":\"fr-FR\"},{\"@type\":\"Organization\",\"@id\":\"https:\\\/\\\/slacktivity.ch\\\/fr\\\/#organization\",\"name\":\"SLACKTIVITY Slackline Shop Schweiz\",\"url\":\"https:\\\/\\\/slacktivity.ch\\\/fr\\\/\",\"logo\":{\"@type\":\"ImageObject\",\"inLanguage\":\"fr-FR\",\"@id\":\"https:\\\/\\\/slacktivity.ch\\\/fr\\\/#\\\/schema\\\/logo\\\/image\\\/\",\"url\":\"https:\\\/\\\/slacktivity.ch\\\/wp-content\\\/uploads\\\/2021\\\/01\\\/slacktivity-slackline-online-shop-1.png\",\"contentUrl\":\"https:\\\/\\\/slacktivity.ch\\\/wp-content\\\/uploads\\\/2021\\\/01\\\/slacktivity-slackline-online-shop-1.png\",\"width\":200,\"height\":77,\"caption\":\"SLACKTIVITY Slackline Shop Schweiz\"},\"image\":{\"@id\":\"https:\\\/\\\/slacktivity.ch\\\/fr\\\/#\\\/schema\\\/logo\\\/image\\\/\"}}]}<\/script>\n<!-- \/ Yoast SEO plugin. -->","yoast_head_json":{"title":"SF | Douille de sol pour poteau de slackline de SLACKTIVITY Suisse","description":"Avec cette douille de sol pour poteau de slackline \u00e0 fondation viss\u00e9e, il est possible de fixer des slacklines en quelques heures, sans b\u00e9ton ni excavation.","robots":{"index":"index","follow":"follow","max-snippet":"max-snippet:-1","max-image-preview":"max-image-preview:large","max-video-preview":"max-video-preview:-1"},"canonical":"https:\/\/slacktivity.ch\/fr\/shop\/slackline-douille-de-sol\/","og_locale":"fr_FR","og_type":"article","og_title":"SF | Douille de sol pour poteau de slackline de SLACKTIVITY Suisse","og_description":"Avec cette douille de sol pour poteau de slackline \u00e0 fondation viss\u00e9e, il est possible de fixer des slacklines en quelques heures, sans b\u00e9ton ni excavation.","og_url":"https:\/\/slacktivity.ch\/fr\/shop\/slackline-douille-de-sol\/","og_site_name":"SLACKTIVITY Slackline Shop Schweiz","article_modified_time":"2023-12-01T10:15:28+00:00","og_image":[{"width":1180,"height":1377,"url":"https:\/\/slacktivity.ch\/wp-content\/uploads\/2022\/07\/slackline-bodenhulse.jpg","type":"image\/jpeg"}],"twitter_card":"summary_large_image","twitter_misc":{"Dur\u00e9e de lecture estim\u00e9e":"9 minutes"},"schema":{"@context":"https:\/\/schema.org","@graph":[{"@type":"WebPage","@id":"https:\/\/slacktivity.ch\/fr\/shop\/slackline-douille-de-sol\/","url":"https:\/\/slacktivity.ch\/fr\/shop\/slackline-douille-de-sol\/","name":"SF | Douille de sol pour poteau de slackline de SLACKTIVITY Suisse","isPartOf":{"@id":"https:\/\/slacktivity.ch\/fr\/#website"},"primaryImageOfPage":{"@id":"https:\/\/slacktivity.ch\/fr\/shop\/slackline-douille-de-sol\/#primaryimage"},"image":{"@id":"https:\/\/slacktivity.ch\/fr\/shop\/slackline-douille-de-sol\/#primaryimage"},"thumbnailUrl":"https:\/\/slacktivity.ch\/wp-content\/uploads\/2022\/07\/slackline-bodenhulse.jpg","datePublished":"2022-07-08T07:36:54+00:00","dateModified":"2023-12-01T10:15:28+00:00","description":"Avec cette douille de sol pour poteau de slackline \u00e0 fondation viss\u00e9e, il est possible de fixer des slacklines en quelques heures, sans b\u00e9ton ni excavation.","breadcrumb":{"@id":"https:\/\/slacktivity.ch\/fr\/shop\/slackline-douille-de-sol\/#breadcrumb"},"inLanguage":"fr-FR","potentialAction":[{"@type":"ReadAction","target":["https:\/\/slacktivity.ch\/fr\/shop\/slackline-douille-de-sol\/"]}]},{"@type":"ImageObject","inLanguage":"fr-FR","@id":"https:\/\/slacktivity.ch\/fr\/shop\/slackline-douille-de-sol\/#primaryimage","url":"https:\/\/slacktivity.ch\/wp-content\/uploads\/2022\/07\/slackline-bodenhulse.jpg","contentUrl":"https:\/\/slacktivity.ch\/wp-content\/uploads\/2022\/07\/slackline-bodenhulse.jpg","width":1180,"height":1377,"caption":"Slackline-Pfosten mit Bodenh\u00fclse"},{"@type":"BreadcrumbList","@id":"https:\/\/slacktivity.ch\/fr\/shop\/slackline-douille-de-sol\/#breadcrumb","itemListElement":[{"@type":"ListItem","position":1,"name":"Home","item":"https:\/\/slacktivity.ch\/fr\/"},{"@type":"ListItem","position":2,"name":"Boutique","item":"https:\/\/slacktivity.ch\/fr\/boutique\/"},{"@type":"ListItem","position":3,"name":"SF | Poteau de Slackline avec fondation viss\u00e9e"}]},{"@type":"WebSite","@id":"https:\/\/slacktivity.ch\/fr\/#website","url":"https:\/\/slacktivity.ch\/fr\/","name":"SLACKTIVITY Slackline Shop Schweiz","description":"Ensembles de slackline de haute qualit\u00e9 avec montage facile, produits innovants Highline et accessoires de slackline acheter en ligne. Pour les enfants, les d\u00e9butants et les professionnels.","publisher":{"@id":"https:\/\/slacktivity.ch\/fr\/#organization"},"potentialAction":[{"@type":"SearchAction","target":{"@type":"EntryPoint","urlTemplate":"https:\/\/slacktivity.ch\/fr\/?s={search_term_string}"},"query-input":{"@type":"PropertyValueSpecification","valueRequired":true,"valueName":"search_term_string"}}],"inLanguage":"fr-FR"},{"@type":"Organization","@id":"https:\/\/slacktivity.ch\/fr\/#organization","name":"SLACKTIVITY Slackline Shop Schweiz","url":"https:\/\/slacktivity.ch\/fr\/","logo":{"@type":"ImageObject","inLanguage":"fr-FR","@id":"https:\/\/slacktivity.ch\/fr\/#\/schema\/logo\/image\/","url":"https:\/\/slacktivity.ch\/wp-content\/uploads\/2021\/01\/slacktivity-slackline-online-shop-1.png","contentUrl":"https:\/\/slacktivity.ch\/wp-content\/uploads\/2021\/01\/slacktivity-slackline-online-shop-1.png","width":200,"height":77,"caption":"SLACKTIVITY Slackline Shop Schweiz"},"image":{"@id":"https:\/\/slacktivity.ch\/fr\/#\/schema\/logo\/image\/"}}]}},"_links":{"self":[{"href":"https:\/\/slacktivity.ch\/fr\/wp-json\/wp\/v2\/product\/11013","targetHints":{"allow":["GET"]}}],"collection":[{"href":"https:\/\/slacktivity.ch\/fr\/wp-json\/wp\/v2\/product"}],"about":[{"href":"https:\/\/slacktivity.ch\/fr\/wp-json\/wp\/v2\/types\/product"}],"replies":[{"embeddable":true,"href":"https:\/\/slacktivity.ch\/fr\/wp-json\/wp\/v2\/comments?post=11013"}],"wp:featuredmedia":[{"embeddable":true,"href":"https:\/\/slacktivity.ch\/fr\/wp-json\/wp\/v2\/media\/11019"}],"wp:attachment":[{"href":"https:\/\/slacktivity.ch\/fr\/wp-json\/wp\/v2\/media?parent=11013"}],"wp:term":[{"taxonomy":"product_cat","embeddable":true,"href":"https:\/\/slacktivity.ch\/fr\/wp-json\/wp\/v2\/product_cat?post=11013"},{"taxonomy":"product_tag","embeddable":true,"href":"https:\/\/slacktivity.ch\/fr\/wp-json\/wp\/v2\/product_tag?post=11013"}],"curies":[{"name":"wp","href":"https:\/\/api.w.org\/{rel}","templated":true}]}}