{"id":11081,"date":"2021-02-22T15:53:58","date_gmt":"2021-02-22T15:53:58","guid":{"rendered":"https:\/\/slacktivity.ch\/shop\/slackline-poteau\/"},"modified":"2026-05-01T16:43:29","modified_gmt":"2026-05-01T14:43:29","slug":"slackline-poteau","status":"publish","type":"product","link":"https:\/\/slacktivity.ch\/fr\/shop\/slackline-poteau\/","title":{"rendered":"Slackline pour Poteaux | 15m avec cliquet INOX"},"content":{"rendered":"<h2>Slackline Allround-Light 15m | la slackline pour poteaux<\/h2>\n<p>Gr\u00e2ce au V-Loop (couture sur\u00e9lev\u00e9e), la Slackline Allround-Light peut \u00eatre mont\u00e9 de la mani\u00e8re la plus simple et la plus rapide possible sur les poteaux Slackline. Ce syst\u00e8me a \u00e9t\u00e9 d\u00e9velopp\u00e9 \u00e0 l&rsquo;origine pour l&rsquo;enseignement du sport et est utilis\u00e9 avec succ\u00e8s depuis des ann\u00e9es dans de nombreuses \u00e9coles suisses. Le cliquet Slackline en acier inoxydable est \u00e9galement parfaitement \u00e9quip\u00e9 pour une utilisation permanente en ext\u00e9rieur. Bien entendu, cette Allround-Light Slackline peut \u00e9galement \u00eatre fix\u00e9e \u00e0 des \u00e9lingues d&rsquo;arbre ou \u00e0 des <strong><a href=\"\/category\/slackline-wandhalterung\/\">\u00a0supports muraux Slackline<\/a><\/strong> \u00e0 l&rsquo;aide de deux mousquetons Slackline suppl\u00e9mentaires.<\/p>\n<p>&nbsp;<\/p>\n<h3>Montage rapide du slackline gr\u00e2ce au V-Loop<\/h3>\n<p>Avantages par rapport \u00e0 d&rsquo;autres slacklines :<\/p>\n<ul>\n<li>Aucune boucle d&rsquo;arbre Slackline n\u00e9cessaire &#8211; donc montage en quelques secondes<\/li>\n<li>Pas de torsion du slackline &#8211; donc plus facile \u00e0 parcourir<\/li>\n<li>Cliquet toujours \u00e0 c\u00f4t\u00e9 du poteau &#8211; pour plus de s\u00e9curit\u00e9<\/li>\n<li>Cliquet Slackline inoxydable<\/li>\n<\/ul>\n<h3>Contenu de la livraison<\/h3>\n<ul>\n<li>15m de sangle slackline (37 mm de large) avec un V-Loop cousu<\/li>\n<li>Tendeur \u00e0 cliquet Slackline robuste en acier inoxydable avec V-Loop cousu<\/li>\n<\/ul>\n<p>Le design du V-Loop de ce set de slackline est prot\u00e9g\u00e9 juridiquement au niveau international (protection du design : DM\/076 171) et n&rsquo;est donc disponible en exclusivit\u00e9 que chez SLACKTIVITY.<\/p>\n<p>SLACKTIVITY est le seul fournisseur au monde d&rsquo;une cliquet Slackline inoxydable.<\/p>\n","protected":false},"excerpt":{"rendered":"<p>Gr\u00e2ce au V-Loop, le poteau Slackline Allround-light peut \u00eatre mont\u00e9 en quelques secondes sur des poteaux Slackline sans mousquetons ni boucles d&rsquo;arbre. Id\u00e9al aussi pour une utilisation permanente \u00e0 l&rsquo;ext\u00e9rieur gr\u00e2ce au cliquet INOX Slackline.<\/p>\n","protected":false},"featured_media":8653,"comment_status":"open","ping_status":"closed","template":"","meta":{"_acf_changed":false,"_joinchat":[]},"product_cat":[542,631,638,698,673,678,634,540],"product_tag":[],"class_list":{"0":"post-11081","1":"product","2":"type-product","3":"status-publish","4":"has-post-thumbnail","6":"product_cat-conception-de-la-zone-de-pause","7":"product_cat-fixation-slackline","8":"product_cat-kit-slackline","9":"product_cat-slackline-fixation-murale","10":"product_cat-slackline-interieur","11":"product_cat-slackline-poteau","12":"product_cat-slackline-pour-ecole","13":"product_cat-slackline-pour-les-debutants","14":"pa_brand-slacktivity-fr","16":"first","17":"instock","18":"taxable","19":"shipping-taxable","20":"purchasable","21":"product-type-simple"},"acf":[],"yoast_head":"<!-- This site is optimized with the Yoast SEO plugin v27.5 - https:\/\/yoast.com\/product\/yoast-seo-wordpress\/ -->\n<title>Slackline pour Poteaux | 15m avec cliquet INOX - SLACKTIVITY Slackline Shop Schweiz<\/title>\n<meta name=\"robots\" content=\"index, follow, max-snippet:-1, max-image-preview:large, max-video-preview:-1\" \/>\n<link rel=\"canonical\" href=\"https:\/\/slacktivity.ch\/fr\/shop\/slackline-poteau\/\" \/>\n<meta property=\"og:locale\" content=\"fr_FR\" \/>\n<meta property=\"og:type\" content=\"article\" \/>\n<meta property=\"og:title\" content=\"Slackline pour Poteaux | 15m avec cliquet INOX - SLACKTIVITY Slackline Shop Schweiz\" \/>\n<meta property=\"og:description\" content=\"Gr\u00e2ce au V-Loop, le poteau Slackline Allround-light peut \u00eatre mont\u00e9 en quelques secondes sur des poteaux Slackline sans mousquetons ni boucles d&#039;arbre. Id\u00e9al aussi pour une utilisation permanente \u00e0 l&#039;ext\u00e9rieur gr\u00e2ce au cliquet INOX Slackline.\" \/>\n<meta property=\"og:url\" content=\"https:\/\/slacktivity.ch\/fr\/shop\/slackline-poteau\/\" \/>\n<meta property=\"og:site_name\" content=\"SLACKTIVITY Slackline Shop Schweiz\" \/>\n<meta property=\"article:modified_time\" content=\"2026-05-01T14:43:29+00:00\" \/>\n<meta property=\"og:image\" content=\"https:\/\/slacktivity.ch\/wp-content\/uploads\/2021\/02\/slackline-allround-light.jpg\" \/>\n\t<meta property=\"og:image:width\" content=\"1180\" \/>\n\t<meta property=\"og:image:height\" content=\"1377\" \/>\n\t<meta property=\"og:image:type\" content=\"image\/jpeg\" \/>\n<meta name=\"twitter:card\" content=\"summary_large_image\" \/>\n<meta name=\"twitter:label1\" content=\"Dur\u00e9e de lecture estim\u00e9e\" \/>\n\t<meta name=\"twitter:data1\" content=\"1 minute\" \/>\n<script type=\"application\/ld+json\" class=\"yoast-schema-graph\">{\"@context\":\"https:\\\/\\\/schema.org\",\"@graph\":[{\"@type\":\"WebPage\",\"@id\":\"https:\\\/\\\/slacktivity.ch\\\/fr\\\/shop\\\/slackline-poteau\\\/\",\"url\":\"https:\\\/\\\/slacktivity.ch\\\/fr\\\/shop\\\/slackline-poteau\\\/\",\"name\":\"Slackline pour Poteaux | 15m avec cliquet INOX - SLACKTIVITY Slackline Shop Schweiz\",\"isPartOf\":{\"@id\":\"https:\\\/\\\/slacktivity.ch\\\/fr\\\/#website\"},\"primaryImageOfPage\":{\"@id\":\"https:\\\/\\\/slacktivity.ch\\\/fr\\\/shop\\\/slackline-poteau\\\/#primaryimage\"},\"image\":{\"@id\":\"https:\\\/\\\/slacktivity.ch\\\/fr\\\/shop\\\/slackline-poteau\\\/#primaryimage\"},\"thumbnailUrl\":\"https:\\\/\\\/slacktivity.ch\\\/wp-content\\\/uploads\\\/2021\\\/02\\\/slackline-allround-light.jpg\",\"datePublished\":\"2021-02-22T15:53:58+00:00\",\"dateModified\":\"2026-05-01T14:43:29+00:00\",\"breadcrumb\":{\"@id\":\"https:\\\/\\\/slacktivity.ch\\\/fr\\\/shop\\\/slackline-poteau\\\/#breadcrumb\"},\"inLanguage\":\"fr-FR\",\"potentialAction\":[{\"@type\":\"ReadAction\",\"target\":[\"https:\\\/\\\/slacktivity.ch\\\/fr\\\/shop\\\/slackline-poteau\\\/\"]}]},{\"@type\":\"ImageObject\",\"inLanguage\":\"fr-FR\",\"@id\":\"https:\\\/\\\/slacktivity.ch\\\/fr\\\/shop\\\/slackline-poteau\\\/#primaryimage\",\"url\":\"https:\\\/\\\/slacktivity.ch\\\/wp-content\\\/uploads\\\/2021\\\/02\\\/slackline-allround-light.jpg\",\"contentUrl\":\"https:\\\/\\\/slacktivity.ch\\\/wp-content\\\/uploads\\\/2021\\\/02\\\/slackline-allround-light.jpg\",\"width\":1180,\"height\":1377,\"caption\":\"allround light slackline\"},{\"@type\":\"BreadcrumbList\",\"@id\":\"https:\\\/\\\/slacktivity.ch\\\/fr\\\/shop\\\/slackline-poteau\\\/#breadcrumb\",\"itemListElement\":[{\"@type\":\"ListItem\",\"position\":1,\"name\":\"Home\",\"item\":\"https:\\\/\\\/slacktivity.ch\\\/fr\\\/\"},{\"@type\":\"ListItem\",\"position\":2,\"name\":\"Boutique\",\"item\":\"https:\\\/\\\/slacktivity.ch\\\/fr\\\/boutique\\\/\"},{\"@type\":\"ListItem\",\"position\":3,\"name\":\"Slackline pour Poteaux | 15m avec cliquet INOX\"}]},{\"@type\":\"WebSite\",\"@id\":\"https:\\\/\\\/slacktivity.ch\\\/fr\\\/#website\",\"url\":\"https:\\\/\\\/slacktivity.ch\\\/fr\\\/\",\"name\":\"SLACKTIVITY Slackline Shop Schweiz\",\"description\":\"Ensembles de slackline de haute qualit\u00e9 avec montage facile, produits innovants Highline et accessoires de slackline acheter en ligne. Pour les enfants, les d\u00e9butants et les professionnels.\",\"publisher\":{\"@id\":\"https:\\\/\\\/slacktivity.ch\\\/fr\\\/#organization\"},\"potentialAction\":[{\"@type\":\"SearchAction\",\"target\":{\"@type\":\"EntryPoint\",\"urlTemplate\":\"https:\\\/\\\/slacktivity.ch\\\/fr\\\/?s={search_term_string}\"},\"query-input\":{\"@type\":\"PropertyValueSpecification\",\"valueRequired\":true,\"valueName\":\"search_term_string\"}}],\"inLanguage\":\"fr-FR\"},{\"@type\":\"Organization\",\"@id\":\"https:\\\/\\\/slacktivity.ch\\\/fr\\\/#organization\",\"name\":\"SLACKTIVITY Slackline Shop Schweiz\",\"url\":\"https:\\\/\\\/slacktivity.ch\\\/fr\\\/\",\"logo\":{\"@type\":\"ImageObject\",\"inLanguage\":\"fr-FR\",\"@id\":\"https:\\\/\\\/slacktivity.ch\\\/fr\\\/#\\\/schema\\\/logo\\\/image\\\/\",\"url\":\"https:\\\/\\\/slacktivity.ch\\\/wp-content\\\/uploads\\\/2021\\\/01\\\/slacktivity-slackline-online-shop-1.png\",\"contentUrl\":\"https:\\\/\\\/slacktivity.ch\\\/wp-content\\\/uploads\\\/2021\\\/01\\\/slacktivity-slackline-online-shop-1.png\",\"width\":200,\"height\":77,\"caption\":\"SLACKTIVITY Slackline Shop Schweiz\"},\"image\":{\"@id\":\"https:\\\/\\\/slacktivity.ch\\\/fr\\\/#\\\/schema\\\/logo\\\/image\\\/\"}}]}<\/script>\n<!-- \/ Yoast SEO plugin. -->","yoast_head_json":{"title":"Slackline pour Poteaux | 15m avec cliquet INOX - SLACKTIVITY Slackline Shop Schweiz","robots":{"index":"index","follow":"follow","max-snippet":"max-snippet:-1","max-image-preview":"max-image-preview:large","max-video-preview":"max-video-preview:-1"},"canonical":"https:\/\/slacktivity.ch\/fr\/shop\/slackline-poteau\/","og_locale":"fr_FR","og_type":"article","og_title":"Slackline pour Poteaux | 15m avec cliquet INOX - SLACKTIVITY Slackline Shop Schweiz","og_description":"Gr\u00e2ce au V-Loop, le poteau Slackline Allround-light peut \u00eatre mont\u00e9 en quelques secondes sur des poteaux Slackline sans mousquetons ni boucles d'arbre. Id\u00e9al aussi pour une utilisation permanente \u00e0 l'ext\u00e9rieur gr\u00e2ce au cliquet INOX Slackline.","og_url":"https:\/\/slacktivity.ch\/fr\/shop\/slackline-poteau\/","og_site_name":"SLACKTIVITY Slackline Shop Schweiz","article_modified_time":"2026-05-01T14:43:29+00:00","og_image":[{"width":1180,"height":1377,"url":"https:\/\/slacktivity.ch\/wp-content\/uploads\/2021\/02\/slackline-allround-light.jpg","type":"image\/jpeg"}],"twitter_card":"summary_large_image","twitter_misc":{"Dur\u00e9e de lecture estim\u00e9e":"1 minute"},"schema":{"@context":"https:\/\/schema.org","@graph":[{"@type":"WebPage","@id":"https:\/\/slacktivity.ch\/fr\/shop\/slackline-poteau\/","url":"https:\/\/slacktivity.ch\/fr\/shop\/slackline-poteau\/","name":"Slackline pour Poteaux | 15m avec cliquet INOX - SLACKTIVITY Slackline Shop Schweiz","isPartOf":{"@id":"https:\/\/slacktivity.ch\/fr\/#website"},"primaryImageOfPage":{"@id":"https:\/\/slacktivity.ch\/fr\/shop\/slackline-poteau\/#primaryimage"},"image":{"@id":"https:\/\/slacktivity.ch\/fr\/shop\/slackline-poteau\/#primaryimage"},"thumbnailUrl":"https:\/\/slacktivity.ch\/wp-content\/uploads\/2021\/02\/slackline-allround-light.jpg","datePublished":"2021-02-22T15:53:58+00:00","dateModified":"2026-05-01T14:43:29+00:00","breadcrumb":{"@id":"https:\/\/slacktivity.ch\/fr\/shop\/slackline-poteau\/#breadcrumb"},"inLanguage":"fr-FR","potentialAction":[{"@type":"ReadAction","target":["https:\/\/slacktivity.ch\/fr\/shop\/slackline-poteau\/"]}]},{"@type":"ImageObject","inLanguage":"fr-FR","@id":"https:\/\/slacktivity.ch\/fr\/shop\/slackline-poteau\/#primaryimage","url":"https:\/\/slacktivity.ch\/wp-content\/uploads\/2021\/02\/slackline-allround-light.jpg","contentUrl":"https:\/\/slacktivity.ch\/wp-content\/uploads\/2021\/02\/slackline-allround-light.jpg","width":1180,"height":1377,"caption":"allround light slackline"},{"@type":"BreadcrumbList","@id":"https:\/\/slacktivity.ch\/fr\/shop\/slackline-poteau\/#breadcrumb","itemListElement":[{"@type":"ListItem","position":1,"name":"Home","item":"https:\/\/slacktivity.ch\/fr\/"},{"@type":"ListItem","position":2,"name":"Boutique","item":"https:\/\/slacktivity.ch\/fr\/boutique\/"},{"@type":"ListItem","position":3,"name":"Slackline pour Poteaux | 15m avec cliquet INOX"}]},{"@type":"WebSite","@id":"https:\/\/slacktivity.ch\/fr\/#website","url":"https:\/\/slacktivity.ch\/fr\/","name":"SLACKTIVITY Slackline Shop Schweiz","description":"Ensembles de slackline de haute qualit\u00e9 avec montage facile, produits innovants Highline et accessoires de slackline acheter en ligne. Pour les enfants, les d\u00e9butants et les professionnels.","publisher":{"@id":"https:\/\/slacktivity.ch\/fr\/#organization"},"potentialAction":[{"@type":"SearchAction","target":{"@type":"EntryPoint","urlTemplate":"https:\/\/slacktivity.ch\/fr\/?s={search_term_string}"},"query-input":{"@type":"PropertyValueSpecification","valueRequired":true,"valueName":"search_term_string"}}],"inLanguage":"fr-FR"},{"@type":"Organization","@id":"https:\/\/slacktivity.ch\/fr\/#organization","name":"SLACKTIVITY Slackline Shop Schweiz","url":"https:\/\/slacktivity.ch\/fr\/","logo":{"@type":"ImageObject","inLanguage":"fr-FR","@id":"https:\/\/slacktivity.ch\/fr\/#\/schema\/logo\/image\/","url":"https:\/\/slacktivity.ch\/wp-content\/uploads\/2021\/01\/slacktivity-slackline-online-shop-1.png","contentUrl":"https:\/\/slacktivity.ch\/wp-content\/uploads\/2021\/01\/slacktivity-slackline-online-shop-1.png","width":200,"height":77,"caption":"SLACKTIVITY Slackline Shop Schweiz"},"image":{"@id":"https:\/\/slacktivity.ch\/fr\/#\/schema\/logo\/image\/"}}]}},"_links":{"self":[{"href":"https:\/\/slacktivity.ch\/fr\/wp-json\/wp\/v2\/product\/11081","targetHints":{"allow":["GET"]}}],"collection":[{"href":"https:\/\/slacktivity.ch\/fr\/wp-json\/wp\/v2\/product"}],"about":[{"href":"https:\/\/slacktivity.ch\/fr\/wp-json\/wp\/v2\/types\/product"}],"replies":[{"embeddable":true,"href":"https:\/\/slacktivity.ch\/fr\/wp-json\/wp\/v2\/comments?post=11081"}],"wp:featuredmedia":[{"embeddable":true,"href":"https:\/\/slacktivity.ch\/fr\/wp-json\/wp\/v2\/media\/8653"}],"wp:attachment":[{"href":"https:\/\/slacktivity.ch\/fr\/wp-json\/wp\/v2\/media?parent=11081"}],"wp:term":[{"taxonomy":"product_cat","embeddable":true,"href":"https:\/\/slacktivity.ch\/fr\/wp-json\/wp\/v2\/product_cat?post=11081"},{"taxonomy":"product_tag","embeddable":true,"href":"https:\/\/slacktivity.ch\/fr\/wp-json\/wp\/v2\/product_tag?post=11081"}],"curies":[{"name":"wp","href":"https:\/\/api.w.org\/{rel}","templated":true}]}}