{"id":11228,"date":"2021-02-22T15:54:22","date_gmt":"2021-02-22T13:54:22","guid":{"rendered":"https:\/\/slacktivity.ch\/shop\/37mm-cliquet-slackline\/"},"modified":"2021-02-22T15:54:22","modified_gmt":"2021-02-22T13:54:22","slug":"37mm-cliquet-slackline","status":"publish","type":"product","link":"https:\/\/slacktivity.ch\/fr\/shop\/37mm-cliquet-slackline\/","title":{"rendered":"cliquet slackline INOX | pour 37mm sangles"},"content":{"rendered":"<h2>Cliquet slackline INOX | pour slacklines 37mm<\/h2>\n<p>SLACKTIVITY a d\u00e9velopp\u00e9 le premier cliquet qui n&rsquo;est pas optimis\u00e9 pour l&rsquo;arrimage de charges, mais pour le slackline : l&rsquo;INOX PowerRatsche. Ce cliquet est enti\u00e8rement nouveau <strong>fabriqu\u00e9 en acier inoxydable<\/strong>. Plus de rouille &#8211; m\u00eame en cas d&rsquo;utilisation permanente \u00e0 l&rsquo;ext\u00e9rieur. Les performances ont \u00e9galement \u00e9t\u00e9 nettement am\u00e9lior\u00e9es. Le cliquet Slackline se manipule d\u00e9sormais avec encore plus de pr\u00e9cision, car les pi\u00e8ces en acier inoxydable glissent mieux les unes sur les autres que les surfaces m\u00e9talliques chrom\u00e9es ou galvanis\u00e9es. En termes de durabilit\u00e9, cette cl\u00e9 \u00e0 cliquet Slackline en acier inoxydable est une \u00e9tape importante par rapport aux cl\u00e9s \u00e0 cliquet Slackline conventionnelles.<\/p>\n<p>Avec un poids de 1020 grammes, c&rsquo;est l&rsquo;un des cliquets de slackline les plus l\u00e9gers qui soient, avec une charge de rupture de 50kN (5 tonnes). Elle est adapt\u00e9e aux slacklines de 35 \u00e0 38 mm.<\/p>\n","protected":false},"excerpt":{"rendered":"<p>Cl\u00e9 \u00e0 cliquet inoxydable pour slacklines avec une grande puissance de cliquet pour un poids minimal, une grande pr\u00e9cision et un confort d&rsquo;utilisation maximal. Id\u00e9ale comme alternative avantageuse au HangOver-Pulley pour tendre des bandes de 37 mm de large jusqu&rsquo;\u00e0 50 m.<\/p>\n","protected":false},"featured_media":8661,"comment_status":"open","ping_status":"closed","template":"","meta":{"_acf_changed":false,"_joinchat":[]},"product_cat":[937,642],"product_tag":[938],"class_list":{"0":"post-11228","1":"product","2":"type-product","3":"status-publish","4":"has-post-thumbnail","6":"product_cat-cliquet-slackline","7":"product_cat-systemes-de-tension-slackline","8":"product_tag-37mm-webbing-fr","9":"pa_brand-slacktivity-fr","11":"first","12":"instock","13":"taxable","14":"shipping-taxable","15":"purchasable","16":"product-type-simple"},"acf":[],"yoast_head":"<!-- This site is optimized with the Yoast SEO plugin v27.5 - https:\/\/yoast.com\/product\/yoast-seo-wordpress\/ -->\n<title>INOX pour 37mm sangles | acheter a SLACKTIVITY<\/title>\n<meta name=\"description\" content=\"Les cliquets Inox Slackline 37mm fonctionnent de mani\u00e8re pr\u00e9cise et fiable et ont \u00e9t\u00e9 sp\u00e9cialement d\u00e9velopp\u00e9s et test\u00e9s pour l&#039;utilisation Slackline.\" \/>\n<meta name=\"robots\" content=\"index, follow, max-snippet:-1, max-image-preview:large, max-video-preview:-1\" \/>\n<link rel=\"canonical\" href=\"https:\/\/slacktivity.ch\/fr\/shop\/37mm-cliquet-slackline\/\" \/>\n<meta property=\"og:locale\" content=\"fr_FR\" \/>\n<meta property=\"og:type\" content=\"article\" \/>\n<meta property=\"og:title\" content=\"INOX pour 37mm sangles | acheter a SLACKTIVITY\" \/>\n<meta property=\"og:description\" content=\"Les cliquets Inox Slackline 37mm fonctionnent de mani\u00e8re pr\u00e9cise et fiable et ont \u00e9t\u00e9 sp\u00e9cialement d\u00e9velopp\u00e9s et test\u00e9s pour l&#039;utilisation Slackline.\" \/>\n<meta property=\"og:url\" content=\"https:\/\/slacktivity.ch\/fr\/shop\/37mm-cliquet-slackline\/\" \/>\n<meta property=\"og:site_name\" content=\"SLACKTIVITY Slackline Shop Schweiz\" \/>\n<meta property=\"og:image\" content=\"https:\/\/slacktivity.ch\/wp-content\/uploads\/2021\/02\/slackline-ratsche-inox-40mm.jpg\" \/>\n\t<meta property=\"og:image:width\" content=\"1180\" \/>\n\t<meta property=\"og:image:height\" content=\"1377\" \/>\n\t<meta property=\"og:image:type\" content=\"image\/jpeg\" \/>\n<meta name=\"twitter:card\" content=\"summary_large_image\" \/>\n<meta name=\"twitter:label1\" content=\"Dur\u00e9e de lecture estim\u00e9e\" \/>\n\t<meta name=\"twitter:data1\" content=\"1 minute\" \/>\n<script type=\"application\/ld+json\" class=\"yoast-schema-graph\">{\"@context\":\"https:\\\/\\\/schema.org\",\"@graph\":[{\"@type\":\"WebPage\",\"@id\":\"https:\\\/\\\/slacktivity.ch\\\/fr\\\/shop\\\/37mm-cliquet-slackline\\\/\",\"url\":\"https:\\\/\\\/slacktivity.ch\\\/fr\\\/shop\\\/37mm-cliquet-slackline\\\/\",\"name\":\"INOX pour 37mm sangles | acheter a SLACKTIVITY\",\"isPartOf\":{\"@id\":\"https:\\\/\\\/slacktivity.ch\\\/fr\\\/#website\"},\"primaryImageOfPage\":{\"@id\":\"https:\\\/\\\/slacktivity.ch\\\/fr\\\/shop\\\/37mm-cliquet-slackline\\\/#primaryimage\"},\"image\":{\"@id\":\"https:\\\/\\\/slacktivity.ch\\\/fr\\\/shop\\\/37mm-cliquet-slackline\\\/#primaryimage\"},\"thumbnailUrl\":\"https:\\\/\\\/slacktivity.ch\\\/wp-content\\\/uploads\\\/2021\\\/02\\\/slackline-ratsche-inox-40mm.jpg\",\"datePublished\":\"2021-02-22T13:54:22+00:00\",\"description\":\"Les cliquets Inox Slackline 37mm fonctionnent de mani\u00e8re pr\u00e9cise et fiable et ont \u00e9t\u00e9 sp\u00e9cialement d\u00e9velopp\u00e9s et test\u00e9s pour l'utilisation Slackline.\",\"breadcrumb\":{\"@id\":\"https:\\\/\\\/slacktivity.ch\\\/fr\\\/shop\\\/37mm-cliquet-slackline\\\/#breadcrumb\"},\"inLanguage\":\"fr-FR\",\"potentialAction\":[{\"@type\":\"ReadAction\",\"target\":[\"https:\\\/\\\/slacktivity.ch\\\/fr\\\/shop\\\/37mm-cliquet-slackline\\\/\"]}]},{\"@type\":\"ImageObject\",\"inLanguage\":\"fr-FR\",\"@id\":\"https:\\\/\\\/slacktivity.ch\\\/fr\\\/shop\\\/37mm-cliquet-slackline\\\/#primaryimage\",\"url\":\"https:\\\/\\\/slacktivity.ch\\\/wp-content\\\/uploads\\\/2021\\\/02\\\/slackline-ratsche-inox-40mm.jpg\",\"contentUrl\":\"https:\\\/\\\/slacktivity.ch\\\/wp-content\\\/uploads\\\/2021\\\/02\\\/slackline-ratsche-inox-40mm.jpg\",\"width\":1180,\"height\":1377,\"caption\":\"slackline ratsche inox 40mm\"},{\"@type\":\"BreadcrumbList\",\"@id\":\"https:\\\/\\\/slacktivity.ch\\\/fr\\\/shop\\\/37mm-cliquet-slackline\\\/#breadcrumb\",\"itemListElement\":[{\"@type\":\"ListItem\",\"position\":1,\"name\":\"Home\",\"item\":\"https:\\\/\\\/slacktivity.ch\\\/fr\\\/\"},{\"@type\":\"ListItem\",\"position\":2,\"name\":\"Boutique\",\"item\":\"https:\\\/\\\/slacktivity.ch\\\/fr\\\/boutique\\\/\"},{\"@type\":\"ListItem\",\"position\":3,\"name\":\"cliquet slackline INOX | pour 37mm sangles\"}]},{\"@type\":\"WebSite\",\"@id\":\"https:\\\/\\\/slacktivity.ch\\\/fr\\\/#website\",\"url\":\"https:\\\/\\\/slacktivity.ch\\\/fr\\\/\",\"name\":\"SLACKTIVITY Slackline Shop Schweiz\",\"description\":\"Ensembles de slackline de haute qualit\u00e9 avec montage facile, produits innovants Highline et accessoires de slackline acheter en ligne. Pour les enfants, les d\u00e9butants et les professionnels.\",\"publisher\":{\"@id\":\"https:\\\/\\\/slacktivity.ch\\\/fr\\\/#organization\"},\"potentialAction\":[{\"@type\":\"SearchAction\",\"target\":{\"@type\":\"EntryPoint\",\"urlTemplate\":\"https:\\\/\\\/slacktivity.ch\\\/fr\\\/?s={search_term_string}\"},\"query-input\":{\"@type\":\"PropertyValueSpecification\",\"valueRequired\":true,\"valueName\":\"search_term_string\"}}],\"inLanguage\":\"fr-FR\"},{\"@type\":\"Organization\",\"@id\":\"https:\\\/\\\/slacktivity.ch\\\/fr\\\/#organization\",\"name\":\"SLACKTIVITY Slackline Shop Schweiz\",\"url\":\"https:\\\/\\\/slacktivity.ch\\\/fr\\\/\",\"logo\":{\"@type\":\"ImageObject\",\"inLanguage\":\"fr-FR\",\"@id\":\"https:\\\/\\\/slacktivity.ch\\\/fr\\\/#\\\/schema\\\/logo\\\/image\\\/\",\"url\":\"https:\\\/\\\/slacktivity.ch\\\/wp-content\\\/uploads\\\/2021\\\/01\\\/slacktivity-slackline-online-shop-1.png\",\"contentUrl\":\"https:\\\/\\\/slacktivity.ch\\\/wp-content\\\/uploads\\\/2021\\\/01\\\/slacktivity-slackline-online-shop-1.png\",\"width\":200,\"height\":77,\"caption\":\"SLACKTIVITY Slackline Shop Schweiz\"},\"image\":{\"@id\":\"https:\\\/\\\/slacktivity.ch\\\/fr\\\/#\\\/schema\\\/logo\\\/image\\\/\"}}]}<\/script>\n<!-- \/ Yoast SEO plugin. -->","yoast_head_json":{"title":"INOX pour 37mm sangles | acheter a SLACKTIVITY","description":"Les cliquets Inox Slackline 37mm fonctionnent de mani\u00e8re pr\u00e9cise et fiable et ont \u00e9t\u00e9 sp\u00e9cialement d\u00e9velopp\u00e9s et test\u00e9s pour l'utilisation Slackline.","robots":{"index":"index","follow":"follow","max-snippet":"max-snippet:-1","max-image-preview":"max-image-preview:large","max-video-preview":"max-video-preview:-1"},"canonical":"https:\/\/slacktivity.ch\/fr\/shop\/37mm-cliquet-slackline\/","og_locale":"fr_FR","og_type":"article","og_title":"INOX pour 37mm sangles | acheter a SLACKTIVITY","og_description":"Les cliquets Inox Slackline 37mm fonctionnent de mani\u00e8re pr\u00e9cise et fiable et ont \u00e9t\u00e9 sp\u00e9cialement d\u00e9velopp\u00e9s et test\u00e9s pour l'utilisation Slackline.","og_url":"https:\/\/slacktivity.ch\/fr\/shop\/37mm-cliquet-slackline\/","og_site_name":"SLACKTIVITY Slackline Shop Schweiz","og_image":[{"width":1180,"height":1377,"url":"https:\/\/slacktivity.ch\/wp-content\/uploads\/2021\/02\/slackline-ratsche-inox-40mm.jpg","type":"image\/jpeg"}],"twitter_card":"summary_large_image","twitter_misc":{"Dur\u00e9e de lecture estim\u00e9e":"1 minute"},"schema":{"@context":"https:\/\/schema.org","@graph":[{"@type":"WebPage","@id":"https:\/\/slacktivity.ch\/fr\/shop\/37mm-cliquet-slackline\/","url":"https:\/\/slacktivity.ch\/fr\/shop\/37mm-cliquet-slackline\/","name":"INOX pour 37mm sangles | acheter a SLACKTIVITY","isPartOf":{"@id":"https:\/\/slacktivity.ch\/fr\/#website"},"primaryImageOfPage":{"@id":"https:\/\/slacktivity.ch\/fr\/shop\/37mm-cliquet-slackline\/#primaryimage"},"image":{"@id":"https:\/\/slacktivity.ch\/fr\/shop\/37mm-cliquet-slackline\/#primaryimage"},"thumbnailUrl":"https:\/\/slacktivity.ch\/wp-content\/uploads\/2021\/02\/slackline-ratsche-inox-40mm.jpg","datePublished":"2021-02-22T13:54:22+00:00","description":"Les cliquets Inox Slackline 37mm fonctionnent de mani\u00e8re pr\u00e9cise et fiable et ont \u00e9t\u00e9 sp\u00e9cialement d\u00e9velopp\u00e9s et test\u00e9s pour l'utilisation Slackline.","breadcrumb":{"@id":"https:\/\/slacktivity.ch\/fr\/shop\/37mm-cliquet-slackline\/#breadcrumb"},"inLanguage":"fr-FR","potentialAction":[{"@type":"ReadAction","target":["https:\/\/slacktivity.ch\/fr\/shop\/37mm-cliquet-slackline\/"]}]},{"@type":"ImageObject","inLanguage":"fr-FR","@id":"https:\/\/slacktivity.ch\/fr\/shop\/37mm-cliquet-slackline\/#primaryimage","url":"https:\/\/slacktivity.ch\/wp-content\/uploads\/2021\/02\/slackline-ratsche-inox-40mm.jpg","contentUrl":"https:\/\/slacktivity.ch\/wp-content\/uploads\/2021\/02\/slackline-ratsche-inox-40mm.jpg","width":1180,"height":1377,"caption":"slackline ratsche inox 40mm"},{"@type":"BreadcrumbList","@id":"https:\/\/slacktivity.ch\/fr\/shop\/37mm-cliquet-slackline\/#breadcrumb","itemListElement":[{"@type":"ListItem","position":1,"name":"Home","item":"https:\/\/slacktivity.ch\/fr\/"},{"@type":"ListItem","position":2,"name":"Boutique","item":"https:\/\/slacktivity.ch\/fr\/boutique\/"},{"@type":"ListItem","position":3,"name":"cliquet slackline INOX | pour 37mm sangles"}]},{"@type":"WebSite","@id":"https:\/\/slacktivity.ch\/fr\/#website","url":"https:\/\/slacktivity.ch\/fr\/","name":"SLACKTIVITY Slackline Shop Schweiz","description":"Ensembles de slackline de haute qualit\u00e9 avec montage facile, produits innovants Highline et accessoires de slackline acheter en ligne. Pour les enfants, les d\u00e9butants et les professionnels.","publisher":{"@id":"https:\/\/slacktivity.ch\/fr\/#organization"},"potentialAction":[{"@type":"SearchAction","target":{"@type":"EntryPoint","urlTemplate":"https:\/\/slacktivity.ch\/fr\/?s={search_term_string}"},"query-input":{"@type":"PropertyValueSpecification","valueRequired":true,"valueName":"search_term_string"}}],"inLanguage":"fr-FR"},{"@type":"Organization","@id":"https:\/\/slacktivity.ch\/fr\/#organization","name":"SLACKTIVITY Slackline Shop Schweiz","url":"https:\/\/slacktivity.ch\/fr\/","logo":{"@type":"ImageObject","inLanguage":"fr-FR","@id":"https:\/\/slacktivity.ch\/fr\/#\/schema\/logo\/image\/","url":"https:\/\/slacktivity.ch\/wp-content\/uploads\/2021\/01\/slacktivity-slackline-online-shop-1.png","contentUrl":"https:\/\/slacktivity.ch\/wp-content\/uploads\/2021\/01\/slacktivity-slackline-online-shop-1.png","width":200,"height":77,"caption":"SLACKTIVITY Slackline Shop Schweiz"},"image":{"@id":"https:\/\/slacktivity.ch\/fr\/#\/schema\/logo\/image\/"}}]}},"_links":{"self":[{"href":"https:\/\/slacktivity.ch\/fr\/wp-json\/wp\/v2\/product\/11228","targetHints":{"allow":["GET"]}}],"collection":[{"href":"https:\/\/slacktivity.ch\/fr\/wp-json\/wp\/v2\/product"}],"about":[{"href":"https:\/\/slacktivity.ch\/fr\/wp-json\/wp\/v2\/types\/product"}],"replies":[{"embeddable":true,"href":"https:\/\/slacktivity.ch\/fr\/wp-json\/wp\/v2\/comments?post=11228"}],"wp:featuredmedia":[{"embeddable":true,"href":"https:\/\/slacktivity.ch\/fr\/wp-json\/wp\/v2\/media\/8661"}],"wp:attachment":[{"href":"https:\/\/slacktivity.ch\/fr\/wp-json\/wp\/v2\/media?parent=11228"}],"wp:term":[{"taxonomy":"product_cat","embeddable":true,"href":"https:\/\/slacktivity.ch\/fr\/wp-json\/wp\/v2\/product_cat?post=11228"},{"taxonomy":"product_tag","embeddable":true,"href":"https:\/\/slacktivity.ch\/fr\/wp-json\/wp\/v2\/product_tag?post=11228"}],"curies":[{"name":"wp","href":"https:\/\/api.w.org\/{rel}","templated":true}]}}