{"id":11793,"date":"2022-03-24T11:59:41","date_gmt":"2022-03-24T09:59:41","guid":{"rendered":"https:\/\/slacktivity.ch\/shop\/installation-de-slackline\/"},"modified":"2022-03-24T11:59:41","modified_gmt":"2022-03-24T09:59:41","slug":"installation-de-slackline","status":"publish","type":"product","link":"https:\/\/slacktivity.ch\/fr\/shop\/installation-de-slackline\/","title":{"rendered":"Parcours PARK-WARRIOR SF | Installation de Slackline"},"content":{"rendered":"<h2>PARK-WARRIOR SF | Installation de Slackline pour le parc<\/h2>\n<h3>Livraison et montage inclus<\/h3>\n<p>Le <strong>poteau PARK-WARRIOR pour Slackline<\/strong> d\u00e9velopp\u00e9 par SLACKTIVITY en Suisse, sans fondation en b\u00e9ton, permet la construction d&rsquo;une <strong>installation de Slackline<\/strong> pr\u00eate \u00e0 l&#8217;emploi pour les parcs, les lotissements ou les zones de fitness en ext\u00e9rieur. Gr\u00e2ce aux fondations viss\u00e9es, aucun creusement n&rsquo;est n\u00e9cessaire et la zone racinaire des arbres n&rsquo;est pas endommag\u00e9e. Le parc de Slackline est pr\u00eat imm\u00e9diatement apr\u00e8s la fin des travaux &#8211; aucun temps de s\u00e9chage du b\u00e9ton n&rsquo;est requis. De plus, les fondations viss\u00e9es pr\u00e9sentent l&rsquo;avantage d&rsquo;une empreinte \u00e9nerg\u00e9tique grise nettement inf\u00e9rieure \u00e0 celle des fondations en b\u00e9ton. La livraison et l&rsquo;installation sont incluses dans cette offre et sont r\u00e9alis\u00e9es par l&rsquo;\u00e9quipe SLACKTIVITY en Suisse. Sur demande, une v\u00e9rification de charge protocolaire de l&rsquo;installation de Slackline peut \u00e9galement \u00eatre effectu\u00e9e.<\/p>\n<p>Nous sommes bien entendu disponibles pour vous conseiller sur la mise en place d&rsquo;une installation de Slackline adapt\u00e9e aux besoins locaux du parc de Slackline. Demandez d\u00e8s maintenant un <a title=\"Demande de devis\" href=\"https:\/\/slacktivity.ch\/fr\/contact\/\">devis gratuit<\/a> ! Le prix de 6&rsquo;000.- CHF concerne un poteau Warrior incluant la livraison et l&rsquo;installation. Le prix est valable \u00e0 partir de deux poteaux.<\/p>\n<p>Avec le poteau PARK-WARRIOR \u00e0 fondation viss\u00e9e, des Slacklines de 0,2 \u00e0 2,6 m\u00e8tres de hauteur peuvent \u00eatre fix\u00e9es au poteau. Il est \u00e9galement possible de fixer plusieurs Slacklines sur le m\u00eame poteau. Il est \u00e9galement possible de fixer une Rookie-Rope (Slackline avec corde de guidage au-dessus) ou une Slackline Ninja Warrior au poteau. Cette polyvalence fait de cette fixation de Slackline un choix id\u00e9al pour presque tous les besoins en mati\u00e8re de Slackline. Pour les d\u00e9butants, les personnes \u00e2g\u00e9es et m\u00eame les jeunes enfants (&gt; 6 ans), la Slackline avec Rookie-Rope offre la meilleure opportunit\u00e9 d&rsquo;apprendre la Slackline en toute s\u00e9curit\u00e9. Gr\u00e2ce \u00e0 une hauteur de 2,6 m\u00e8tres, il est \u00e9galement possible de fixer des Slacklines fortement tendues, appel\u00e9es Rodeo-Lines, au PARK-WARRIOR. Cela ravira particuli\u00e8rement les Slackliners avanc\u00e9s pour des surfs impressionnants et d&rsquo;autres tricks complexes. Tout cela contribue \u00e0 offrir une large gamme d&rsquo;installations de Slackline, de d\u00e9butant \u00e0 expert, dans une seule installation.<\/p>\n<p>Gr\u00e2ce \u00e0 l&rsquo;anneau de fixation de la Slackline r\u00e9glable en hauteur, une Slackline peut \u00eatre fix\u00e9e au poteau en un instant avec un mousqueton, \u00e0 n&rsquo;importe quelle hauteur et orientation. Il est \u00e9galement possible de fixer facilement un filet de volleyball ou de badminton \u00e0 ce poteau de Slackline et de l&rsquo;ajuster \u00e0 la hauteur correspondante.<br \/>\nL&rsquo;anneau de fixation de la Slackline peut \u00eatre ajust\u00e9 en hauteur et en orientation avec une cl\u00e9 hexagonale. Cependant, l&rsquo;anneau est bien s\u00e9curis\u00e9 contre une utilisation incorrecte en raison du couple de serrage \u00e9lev\u00e9. Il est bien s\u00fbr \u00e9galement possible de fixer des Slacklines de mani\u00e8re permanente au poteau pour s&rsquo;entra\u00eener \u00e0 tout moment. C&rsquo;est pr\u00e9cis\u00e9ment cela qui rend une installation de Slackline particuli\u00e8rement attrayante.<\/p>\n<p>Le mod\u00e8le de poteau PARK-WARRIOR convient aux niveaux de Slackline suivants :<\/p>\n<ul>\n<li><strong><span style=\"color: green;\">D\u00e9butant 1<\/span><\/strong> | avec Rookie-Rope adapt\u00e9 aux enfants de moins de 5 ans et aux personnes \u00e2g\u00e9es de plus de 70 ans<\/li>\n<li><strong><span style=\"color: blue;\">D\u00e9butant 2<\/span><\/strong><\/li>\n<li><strong><span style=\"color: red;\">Avanc\u00e9<\/span><\/strong><\/li>\n<li><strong>Experts | <\/strong>Il est possible d&rsquo;installer des Rodeo-Lines, des Jumplines ou des Longlines jusqu&rsquo;\u00e0 50 m\u00e8tres<\/li>\n<\/ul>\n<h3>Fonctionnalit\u00e9s du poteau de Slackline PARK-WARRIOR<\/h3>\n<ul>\n<li>Convient \u00e0 tous les niveaux de Slackline<\/li>\n<li>Peut \u00eatre utilis\u00e9 pour une installation de Slackline publique dans un parc ou une piscine ext\u00e9rieure, ainsi que dans un jardin priv\u00e9<\/li>\n<li>Peut \u00eatre utilis\u00e9 pour plusieurs fins : Slackline Ninja Warrior, fixation de filets de jeu, hamac, parasol<\/li>\n<\/ul>\n<p>Le poteau est extr\u00eamement robuste et a \u00e9t\u00e9 con\u00e7u pour r\u00e9pondre aux exigences de la norme des aires de jeux (EN 1176) et de la norme de Slackline (DIN79400) (installation professionnelle avec espace de d\u00e9gagement appropri\u00e9 requise). Au niveau maximal, le PARK-WARRIOR SF peut supporter jusqu&rsquo;\u00e0 5 kN (= 500 kg) et convient parfaitement aux Jumplines et Longlines jusqu&rsquo;\u00e0 50 m\u00e8tres.<\/p>\n<p>Toutes les pi\u00e8ces des installations de Slackline sont fabriqu\u00e9es en acier galvanis\u00e9 \u00e0 chaud, ce qui les rend r\u00e9sistantes aux intemp\u00e9ries pendant des d\u00e9cennies. La garantie du fabricant pour la structure m\u00e9tallique est de 10 ans. Le <strong><a href=\"\/shop\/allround-light-slackline\/\">tendeur INOX pour Slackline<\/a><\/strong> est enti\u00e8rement fabriqu\u00e9 en acier inoxydable, ce qui le prot\u00e8ge contre la rouille et les intemp\u00e9ries pendant des ann\u00e9es. SLACKTIVITY est le seul fournisseur au monde d&rsquo;un tendeur de Slackline en acier inoxydable chrom\u00e9.<\/p>\n<h3>Qualit\u00e9 suisse<\/h3>\n<p>Toutes les installations de Slackline de SLACKTIVITY sont fabriqu\u00e9es en Suisse par une institution sociale.<\/p>\n<h3>Avantages du fond de vis pour les installations de Slackline<\/h3>\n<ul>\n<li><strong>Aucun creusement<\/strong> n\u00e9cessaire, donc pas besoin de pelles m\u00e9caniques ou de machines lourdes<\/li>\n<li>Les <strong>installations de Slackline<\/strong> peuvent \u00e9galement \u00eatre install\u00e9es \u00e0 <strong>proximit\u00e9 d&rsquo;arbres<\/strong> (m\u00eame dans la zone racinaire de la couronne des arbres) sans endommager les racines des arbres<\/li>\n<li>Produit, pi\u00e8ces de rechange, montage et test de charge (et d\u00e9montage) sur demande &#8211; <strong>un service complet<\/strong><\/li>\n<li>Un <strong>d\u00e9montage pratiquement sans traces<\/strong> est possible (seule la cavit\u00e9 de 25 cm pour la console doit \u00eatre remplie de terre)<\/li>\n<li>Le poteau de Slackline est <strong>r\u00e9utilisable<\/strong> apr\u00e8s le d\u00e9montage<\/li>\n<li>Le montage est \u00e9galement possible dans des endroits <strong>difficiles d&rsquo;acc\u00e8s<\/strong><\/li>\n<li>Peu de bruit de construction<\/li>\n<li>\n<div class=\"\">\n<div class=\"\">Plus <strong>\u00e9cologique<\/strong>, car environ 10 fois moins d&rsquo;\u00e9nergie grise est n\u00e9cessaire que pour les fondations en b\u00e9ton<\/div>\n<\/div>\n<\/li>\n<\/ul>\n<h3>Contenu et services du poteau de Slackline PARK-WARRIOR<\/h3>\n<p>Exemple pour 12 000 CHF :<\/p>\n<ul>\n<li>2x Poteaux de Slackline PARK-WARRIOR-SF<\/li>\n<li>2x Console triangulaire PARK-WARRIOR<\/li>\n<li>6x Vis de terre<\/li>\n<li>Slackline <a href=\"https:\/\/slacktivity.ch\/fr\/shop\/allround-slackline-15m\/\">Allround 15m<\/a> avec <strong>tendeur INOX pour Slackline<\/strong><\/li>\n<li>2x Anneaux de fixation de la Slackline<\/li>\n<li>2x Manille en acier inoxydable<\/li>\n<li>Livraison<\/li>\n<li>Montage professionnel par l&rsquo;\u00e9quipe SLACKTIVITY<\/li>\n<li>Installation de la Slackline<\/li>\n<\/ul>\n<h3>Remarques sur l&rsquo;installation du poteau de Slackline \u00e0 fond de vis<\/h3>\n<p>Avant de commencer l&rsquo;installation, il faut v\u00e9rifier qu&rsquo;il n&rsquo;y a pas de c\u00e2bles dans le sol qui pourraient \u00eatre endommag\u00e9s par les fondations viss\u00e9es. La responsabilit\u00e9 de cette v\u00e9rification incombe \u00e0 l&rsquo;acheteur.<\/p>\n<p>Il n&rsquo;y a pas de garantie de r\u00e9ussite pour le montage. Dans de rares cas, le montage n&rsquo;est pas possible sur de gros rochers dans le sol. Plus d&rsquo;informations sur le sol aideront \u00e0 r\u00e9ussir l&rsquo;installation.<\/p>\n<p>Sur place pour le montage, vous aurez besoin de :<\/p>\n<ul>\n<li>Alimentation \u00e9lectrique 250V, 10A<\/li>\n<li>Six arrosoirs d&rsquo;eau<\/li>\n<li>Temps sec \ud83d\ude42<\/li>\n<\/ul>\n<h2>Options et ajouts pour l&rsquo;installation de Slackline<\/h2>\n<p>En plus de l&rsquo;offre de base comprenant deux poteaux et une Slackline, les ajouts suivants sont disponibles :<\/p>\n<ul>\n<li>Rookie-Rope (corde de guidage au-dessus) incluant le montage | Co\u00fbt : 650.- CHF<\/li>\n<li>Plateforme de d\u00e9part \/ banc V2, diam\u00e8tre 1m, forme ronde avec rev\u00eatement de protection EPDM, incluant le montage | Co\u00fbt : environ 2000.- CHF (non illustr\u00e9)<\/li>\n<li>Anneau de fixation de la Slackline | 100.- CHF \/ pi\u00e8ce<\/li>\n<li>Slackline Rodeo | 200.- CHF<\/li>\n<\/ul>\n<h3>Visite d&rsquo;une installation de Slackline existante<\/h3>\n<p>Vous pouvez visiter les installations de Slackline existantes avec le PARK-WARRIOR SF aux endroits suivants :<\/p>\n<ul>\n<li><a href=\"https:\/\/goo.gl\/maps\/SqqYdfxdaBMa1SjJ6\" target=\"_blank\" rel=\"noopener\">Parc de Slackline Z\u00fcrich Oerlikon, Neunbrunnenstrasse 32<\/a><\/li>\n<li><a href=\"https:\/\/goo.gl\/maps\/qPj43kFmYsjCeH8Q7\" target=\"_blank\" rel=\"noopener\">Installation de Slackline \u00e0 la piscine en plein air de Bellinzone<\/a><\/li>\n<\/ul>\n<h3>Protection contre le vol<\/h3>\n<p>La Slackline peut \u00eatre s\u00e9curis\u00e9e contre le vol et les manipulations incorrectes avec un <a href=\"https:\/\/slacktivity.ch\/fr\/shop\/cadenas-slackline\/\">cadenas de Slackline<\/a> disponible chez SLACKTIVITY (cadenas pour tendeur de Slackline).<\/p>\n<h3>Laisser les Slacklines tendues en permanence<\/h3>\n<p>Surtout dans les installations de Slackline dans les parcs, sur les aires de jeux ou m\u00eame dans votre propre jardin, les Slacklines sont tendues en permanence. Ce qui est tout \u00e0 fait logique, car cela encourage l&rsquo;utilisation des Slacklines. Cependant, en raison des intemp\u00e9ries et de l&rsquo;exposition aux UV, les Slacklines vieillissent plus rapidement. C&rsquo;est pourquoi, au plus tard apr\u00e8s deux ans d&rsquo;exposition permanente, la Slackline et la boucle en V du tendeur doivent \u00eatre remplac\u00e9es. Les pi\u00e8ces de rechange pour le remplacement sont disponibles chez SLACKTIVITY.<\/p>\n<h3>Recommandations pour la zone de chute des installations de Slackline<\/h3>\n<p>D&rsquo;apr\u00e8s notre exp\u00e9rience, les meilleurs terrains de d\u00e9gagement sont les pelouses, les prairies, les dalles de protection, les copeaux de bois (uniquement adapt\u00e9s au Slackline pieds nus apr\u00e8s un certain vieillissement) ou les graviers ronds. Lors de l&rsquo;utilisation des poteaux sur des aires de jeux et des installations publiques, la zone de d\u00e9gagement doit \u00eatre large de 1,50 m\u00e8tre de chaque c\u00f4t\u00e9 de la Slackline et le sol dans cette zone doit \u00eatre de l&rsquo;herbe (DIN EN 12572-2).<\/p>\n<h3>Adaptations pour des besoins sp\u00e9cifiques<\/h3>\n<p>Pour des demandes sp\u00e9cifiques telles que l&rsquo;installation de plusieurs poteaux de Slackline, nous sommes disponibles pour vous conseiller et vous proposer un <a title=\"Demande de devis\" href=\"https:\/\/slacktivity.ch\/fr\/contact\/\">devis<\/a>.<\/p>\n","protected":false},"excerpt":{"rendered":"<p>Ce poteau PARK-WARRIOR pour l&rsquo;installation de slackline dans le parc permet de fixer des slacklines entre 0,2 et 2,6 m\u00e8tres de hauteur sans fondation en b\u00e9ton, gr\u00e2ce \u00e0 des fondations viss\u00e9es (vis d&rsquo;ancrage). <strong>L&rsquo;offre comprend la livraison et le montage !<\/strong><\/p>\n<p>&nbsp;<\/p>\n","protected":false},"featured_media":10502,"comment_status":"open","ping_status":"closed","template":"","meta":{"_acf_changed":false,"_joinchat":[]},"product_cat":[915,542,631,678,634],"product_tag":[961,935,686,687],"class_list":{"0":"post-11793","1":"product","2":"type-product","3":"status-publish","4":"has-post-thumbnail","6":"product_cat-aire-de-jeu-intergenerationnel","7":"product_cat-conception-de-la-zone-de-pause","8":"product_cat-fixation-slackline","9":"product_cat-slackline-poteau","10":"product_cat-slackline-pour-ecole","11":"product_tag-aire-de-jeux-intergenerationnelle","12":"product_tag-fondation-a-visser","13":"product_tag-poteau-de-slackline","14":"product_tag-slackline-sans-arbre","15":"pa_brand-slacktivity-fr","17":"first","18":"instock","19":"taxable","20":"shipping-taxable","21":"purchasable","22":"product-type-simple"},"acf":[],"yoast_head":"<!-- This site is optimized with the Yoast SEO plugin v27.5 - https:\/\/yoast.com\/product\/yoast-seo-wordpress\/ -->\n<title>Installation de slackline PARK-WARRIOR avec fondation viss\u00e9e | SLACKTIVITY<\/title>\n<meta name=\"description\" content=\"Sur ce poteau pour l&#039;installation de slackline dans le parc, il est possible de fixer des slacklines entre 0,2 et 2,6 m\u00e8tres de hauteur sans fondation en b\u00e9ton.\" \/>\n<meta name=\"robots\" content=\"index, follow, max-snippet:-1, max-image-preview:large, max-video-preview:-1\" \/>\n<link rel=\"canonical\" href=\"https:\/\/slacktivity.ch\/fr\/shop\/installation-de-slackline\/\" \/>\n<meta property=\"og:locale\" content=\"fr_FR\" \/>\n<meta property=\"og:type\" content=\"article\" \/>\n<meta property=\"og:title\" content=\"Installation de slackline PARK-WARRIOR avec fondation viss\u00e9e | SLACKTIVITY\" \/>\n<meta property=\"og:description\" content=\"Sur ce poteau pour l&#039;installation de slackline dans le parc, il est possible de fixer des slacklines entre 0,2 et 2,6 m\u00e8tres de hauteur sans fondation en b\u00e9ton.\" \/>\n<meta property=\"og:url\" content=\"https:\/\/slacktivity.ch\/fr\/shop\/installation-de-slackline\/\" \/>\n<meta property=\"og:site_name\" content=\"SLACKTIVITY Slackline Shop Schweiz\" \/>\n<meta property=\"og:image\" content=\"https:\/\/slacktivity.ch\/wp-content\/uploads\/2022\/03\/slackline-anlage.jpg\" \/>\n\t<meta property=\"og:image:width\" content=\"1180\" \/>\n\t<meta property=\"og:image:height\" content=\"1377\" \/>\n\t<meta property=\"og:image:type\" content=\"image\/jpeg\" \/>\n<meta name=\"twitter:card\" content=\"summary_large_image\" \/>\n<meta name=\"twitter:label1\" content=\"Dur\u00e9e de lecture estim\u00e9e\" \/>\n\t<meta name=\"twitter:data1\" content=\"7 minutes\" \/>\n<script type=\"application\/ld+json\" class=\"yoast-schema-graph\">{\"@context\":\"https:\\\/\\\/schema.org\",\"@graph\":[{\"@type\":\"WebPage\",\"@id\":\"https:\\\/\\\/slacktivity.ch\\\/fr\\\/shop\\\/installation-de-slackline\\\/\",\"url\":\"https:\\\/\\\/slacktivity.ch\\\/fr\\\/shop\\\/installation-de-slackline\\\/\",\"name\":\"Installation de slackline PARK-WARRIOR avec fondation viss\u00e9e | SLACKTIVITY\",\"isPartOf\":{\"@id\":\"https:\\\/\\\/slacktivity.ch\\\/fr\\\/#website\"},\"primaryImageOfPage\":{\"@id\":\"https:\\\/\\\/slacktivity.ch\\\/fr\\\/shop\\\/installation-de-slackline\\\/#primaryimage\"},\"image\":{\"@id\":\"https:\\\/\\\/slacktivity.ch\\\/fr\\\/shop\\\/installation-de-slackline\\\/#primaryimage\"},\"thumbnailUrl\":\"https:\\\/\\\/slacktivity.ch\\\/wp-content\\\/uploads\\\/2022\\\/03\\\/slackline-anlage.jpg\",\"datePublished\":\"2022-03-24T09:59:41+00:00\",\"description\":\"Sur ce poteau pour l'installation de slackline dans le parc, il est possible de fixer des slacklines entre 0,2 et 2,6 m\u00e8tres de hauteur sans fondation en b\u00e9ton.\",\"breadcrumb\":{\"@id\":\"https:\\\/\\\/slacktivity.ch\\\/fr\\\/shop\\\/installation-de-slackline\\\/#breadcrumb\"},\"inLanguage\":\"fr-FR\",\"potentialAction\":[{\"@type\":\"ReadAction\",\"target\":[\"https:\\\/\\\/slacktivity.ch\\\/fr\\\/shop\\\/installation-de-slackline\\\/\"]}]},{\"@type\":\"ImageObject\",\"inLanguage\":\"fr-FR\",\"@id\":\"https:\\\/\\\/slacktivity.ch\\\/fr\\\/shop\\\/installation-de-slackline\\\/#primaryimage\",\"url\":\"https:\\\/\\\/slacktivity.ch\\\/wp-content\\\/uploads\\\/2022\\\/03\\\/slackline-anlage.jpg\",\"contentUrl\":\"https:\\\/\\\/slacktivity.ch\\\/wp-content\\\/uploads\\\/2022\\\/03\\\/slackline-anlage.jpg\",\"width\":1180,\"height\":1377,\"caption\":\"slackline-anlage\"},{\"@type\":\"BreadcrumbList\",\"@id\":\"https:\\\/\\\/slacktivity.ch\\\/fr\\\/shop\\\/installation-de-slackline\\\/#breadcrumb\",\"itemListElement\":[{\"@type\":\"ListItem\",\"position\":1,\"name\":\"Home\",\"item\":\"https:\\\/\\\/slacktivity.ch\\\/fr\\\/\"},{\"@type\":\"ListItem\",\"position\":2,\"name\":\"Boutique\",\"item\":\"https:\\\/\\\/slacktivity.ch\\\/fr\\\/boutique\\\/\"},{\"@type\":\"ListItem\",\"position\":3,\"name\":\"Parcours PARK-WARRIOR SF | Installation de Slackline\"}]},{\"@type\":\"WebSite\",\"@id\":\"https:\\\/\\\/slacktivity.ch\\\/fr\\\/#website\",\"url\":\"https:\\\/\\\/slacktivity.ch\\\/fr\\\/\",\"name\":\"SLACKTIVITY Slackline Shop Schweiz\",\"description\":\"Ensembles de slackline de haute qualit\u00e9 avec montage facile, produits innovants Highline et accessoires de slackline acheter en ligne. Pour les enfants, les d\u00e9butants et les professionnels.\",\"publisher\":{\"@id\":\"https:\\\/\\\/slacktivity.ch\\\/fr\\\/#organization\"},\"potentialAction\":[{\"@type\":\"SearchAction\",\"target\":{\"@type\":\"EntryPoint\",\"urlTemplate\":\"https:\\\/\\\/slacktivity.ch\\\/fr\\\/?s={search_term_string}\"},\"query-input\":{\"@type\":\"PropertyValueSpecification\",\"valueRequired\":true,\"valueName\":\"search_term_string\"}}],\"inLanguage\":\"fr-FR\"},{\"@type\":\"Organization\",\"@id\":\"https:\\\/\\\/slacktivity.ch\\\/fr\\\/#organization\",\"name\":\"SLACKTIVITY Slackline Shop Schweiz\",\"url\":\"https:\\\/\\\/slacktivity.ch\\\/fr\\\/\",\"logo\":{\"@type\":\"ImageObject\",\"inLanguage\":\"fr-FR\",\"@id\":\"https:\\\/\\\/slacktivity.ch\\\/fr\\\/#\\\/schema\\\/logo\\\/image\\\/\",\"url\":\"https:\\\/\\\/slacktivity.ch\\\/wp-content\\\/uploads\\\/2021\\\/01\\\/slacktivity-slackline-online-shop-1.png\",\"contentUrl\":\"https:\\\/\\\/slacktivity.ch\\\/wp-content\\\/uploads\\\/2021\\\/01\\\/slacktivity-slackline-online-shop-1.png\",\"width\":200,\"height\":77,\"caption\":\"SLACKTIVITY Slackline Shop Schweiz\"},\"image\":{\"@id\":\"https:\\\/\\\/slacktivity.ch\\\/fr\\\/#\\\/schema\\\/logo\\\/image\\\/\"}}]}<\/script>\n<!-- \/ Yoast SEO plugin. -->","yoast_head_json":{"title":"Installation de slackline PARK-WARRIOR avec fondation viss\u00e9e | SLACKTIVITY","description":"Sur ce poteau pour l'installation de slackline dans le parc, il est possible de fixer des slacklines entre 0,2 et 2,6 m\u00e8tres de hauteur sans fondation en b\u00e9ton.","robots":{"index":"index","follow":"follow","max-snippet":"max-snippet:-1","max-image-preview":"max-image-preview:large","max-video-preview":"max-video-preview:-1"},"canonical":"https:\/\/slacktivity.ch\/fr\/shop\/installation-de-slackline\/","og_locale":"fr_FR","og_type":"article","og_title":"Installation de slackline PARK-WARRIOR avec fondation viss\u00e9e | SLACKTIVITY","og_description":"Sur ce poteau pour l'installation de slackline dans le parc, il est possible de fixer des slacklines entre 0,2 et 2,6 m\u00e8tres de hauteur sans fondation en b\u00e9ton.","og_url":"https:\/\/slacktivity.ch\/fr\/shop\/installation-de-slackline\/","og_site_name":"SLACKTIVITY Slackline Shop Schweiz","og_image":[{"width":1180,"height":1377,"url":"https:\/\/slacktivity.ch\/wp-content\/uploads\/2022\/03\/slackline-anlage.jpg","type":"image\/jpeg"}],"twitter_card":"summary_large_image","twitter_misc":{"Dur\u00e9e de lecture estim\u00e9e":"7 minutes"},"schema":{"@context":"https:\/\/schema.org","@graph":[{"@type":"WebPage","@id":"https:\/\/slacktivity.ch\/fr\/shop\/installation-de-slackline\/","url":"https:\/\/slacktivity.ch\/fr\/shop\/installation-de-slackline\/","name":"Installation de slackline PARK-WARRIOR avec fondation viss\u00e9e | SLACKTIVITY","isPartOf":{"@id":"https:\/\/slacktivity.ch\/fr\/#website"},"primaryImageOfPage":{"@id":"https:\/\/slacktivity.ch\/fr\/shop\/installation-de-slackline\/#primaryimage"},"image":{"@id":"https:\/\/slacktivity.ch\/fr\/shop\/installation-de-slackline\/#primaryimage"},"thumbnailUrl":"https:\/\/slacktivity.ch\/wp-content\/uploads\/2022\/03\/slackline-anlage.jpg","datePublished":"2022-03-24T09:59:41+00:00","description":"Sur ce poteau pour l'installation de slackline dans le parc, il est possible de fixer des slacklines entre 0,2 et 2,6 m\u00e8tres de hauteur sans fondation en b\u00e9ton.","breadcrumb":{"@id":"https:\/\/slacktivity.ch\/fr\/shop\/installation-de-slackline\/#breadcrumb"},"inLanguage":"fr-FR","potentialAction":[{"@type":"ReadAction","target":["https:\/\/slacktivity.ch\/fr\/shop\/installation-de-slackline\/"]}]},{"@type":"ImageObject","inLanguage":"fr-FR","@id":"https:\/\/slacktivity.ch\/fr\/shop\/installation-de-slackline\/#primaryimage","url":"https:\/\/slacktivity.ch\/wp-content\/uploads\/2022\/03\/slackline-anlage.jpg","contentUrl":"https:\/\/slacktivity.ch\/wp-content\/uploads\/2022\/03\/slackline-anlage.jpg","width":1180,"height":1377,"caption":"slackline-anlage"},{"@type":"BreadcrumbList","@id":"https:\/\/slacktivity.ch\/fr\/shop\/installation-de-slackline\/#breadcrumb","itemListElement":[{"@type":"ListItem","position":1,"name":"Home","item":"https:\/\/slacktivity.ch\/fr\/"},{"@type":"ListItem","position":2,"name":"Boutique","item":"https:\/\/slacktivity.ch\/fr\/boutique\/"},{"@type":"ListItem","position":3,"name":"Parcours PARK-WARRIOR SF | Installation de Slackline"}]},{"@type":"WebSite","@id":"https:\/\/slacktivity.ch\/fr\/#website","url":"https:\/\/slacktivity.ch\/fr\/","name":"SLACKTIVITY Slackline Shop Schweiz","description":"Ensembles de slackline de haute qualit\u00e9 avec montage facile, produits innovants Highline et accessoires de slackline acheter en ligne. Pour les enfants, les d\u00e9butants et les professionnels.","publisher":{"@id":"https:\/\/slacktivity.ch\/fr\/#organization"},"potentialAction":[{"@type":"SearchAction","target":{"@type":"EntryPoint","urlTemplate":"https:\/\/slacktivity.ch\/fr\/?s={search_term_string}"},"query-input":{"@type":"PropertyValueSpecification","valueRequired":true,"valueName":"search_term_string"}}],"inLanguage":"fr-FR"},{"@type":"Organization","@id":"https:\/\/slacktivity.ch\/fr\/#organization","name":"SLACKTIVITY Slackline Shop Schweiz","url":"https:\/\/slacktivity.ch\/fr\/","logo":{"@type":"ImageObject","inLanguage":"fr-FR","@id":"https:\/\/slacktivity.ch\/fr\/#\/schema\/logo\/image\/","url":"https:\/\/slacktivity.ch\/wp-content\/uploads\/2021\/01\/slacktivity-slackline-online-shop-1.png","contentUrl":"https:\/\/slacktivity.ch\/wp-content\/uploads\/2021\/01\/slacktivity-slackline-online-shop-1.png","width":200,"height":77,"caption":"SLACKTIVITY Slackline Shop Schweiz"},"image":{"@id":"https:\/\/slacktivity.ch\/fr\/#\/schema\/logo\/image\/"}}]}},"_links":{"self":[{"href":"https:\/\/slacktivity.ch\/fr\/wp-json\/wp\/v2\/product\/11793","targetHints":{"allow":["GET"]}}],"collection":[{"href":"https:\/\/slacktivity.ch\/fr\/wp-json\/wp\/v2\/product"}],"about":[{"href":"https:\/\/slacktivity.ch\/fr\/wp-json\/wp\/v2\/types\/product"}],"replies":[{"embeddable":true,"href":"https:\/\/slacktivity.ch\/fr\/wp-json\/wp\/v2\/comments?post=11793"}],"wp:featuredmedia":[{"embeddable":true,"href":"https:\/\/slacktivity.ch\/fr\/wp-json\/wp\/v2\/media\/10502"}],"wp:attachment":[{"href":"https:\/\/slacktivity.ch\/fr\/wp-json\/wp\/v2\/media?parent=11793"}],"wp:term":[{"taxonomy":"product_cat","embeddable":true,"href":"https:\/\/slacktivity.ch\/fr\/wp-json\/wp\/v2\/product_cat?post=11793"},{"taxonomy":"product_tag","embeddable":true,"href":"https:\/\/slacktivity.ch\/fr\/wp-json\/wp\/v2\/product_tag?post=11793"}],"curies":[{"name":"wp","href":"https:\/\/api.w.org\/{rel}","templated":true}]}}