{"id":11814,"date":"2021-02-22T15:53:58","date_gmt":"2021-02-22T13:53:58","guid":{"rendered":"https:\/\/slacktivity.ch\/shop\/voyageur-slackline-de-voyage-legere\/"},"modified":"2023-11-29T17:22:21","modified_gmt":"2023-11-29T15:22:21","slug":"voyageur-slackline-de-voyage-legere","status":"publish","type":"product","link":"https:\/\/slacktivity.ch\/fr\/shop\/voyageur-slackline-de-voyage-legere\/","title":{"rendered":"Voyageur | Slackline de voyage l\u00e9g\u00e8re"},"content":{"rendered":"<h2>Voyageur | Slackline de voyage ultra-l\u00e9g\u00e8re de 15m<\/h2>\n<p>La Slackline de voyage Traveler est destin\u00e9e aux slackliners capables de parcourir au moins une Slackline de 10m de longueur. En effet, l&rsquo;ensemble est \u00e9quip\u00e9 d&rsquo;une sangle Slackline incroyablement dynamique et l\u00e9g\u00e8re, le GREEN-T20. Gr\u00e2ce \u00e0 son faible poids, la sangle est facilement contr\u00f4lable, mais elle reste toujours stimulante gr\u00e2ce \u00e0 sa grande dynamique, \u00e9vitant ainsi l&rsquo;ennui. Cette Slackline est donc l&rsquo;outil id\u00e9al pour les avanc\u00e9s jusqu&rsquo;aux professionnels sur des distances courtes allant jusqu&rsquo;\u00e0 15m. Ce set est fortement recommand\u00e9 pour les slackliners souhaitant s&rsquo;initier au surf sur la ligne ! Le mouvement de surf semble \u00eatre enregistr\u00e9 dans cette sangle &#8211; il suffit de monter dessus et c&rsquo;est parti.<\/p>\n<p>Le KingPin-Weblock est le c\u0153ur technologique de cet ensemble de Slackline. Ce block sp\u00e9cialement con\u00e7u pour des bandes de 20mm rend l&rsquo;installation et le d\u00e9montage tr\u00e8s simples et efficaces. Comme d&rsquo;habitude avec le principe du block, la Slackline est bloqu\u00e9e en tension (m\u00eame en mode RodeoLine), mais peut \u00e9galement \u00eatre facilement tendue \u00e0 la main.<\/p>\n<p>La derni\u00e8re innovation de SLACKTIVITY, o\u00f9 une bande plate en polyester de 5cm est directement cousue \u00e0 la bande tubulaire en polyamide de 20mm, r\u00e9duit les composants n\u00e9cessaires pour la Slackline \u00e0 un minimum absolu. Les boucles de 5cm de large pour les arbres r\u00e9partissent la pression de mani\u00e8re optimale et pr\u00e9servent ainsi les arbres (Remarque : veuillez toujours utiliser un <a href=\"\/shop\/slackline-baumschutz\/\">prot\u00e8ge-arbres<\/a>).<\/p>\n<p>Les boucles pour le n\u0153ud d&rsquo;ancrage sont cousues de mani\u00e8re torsad\u00e9e. Cela permet un meilleur alignement du n\u0153ud d&rsquo;ancrage et une r\u00e9partition uniforme de la charge sur la couture.<\/p>\n<p>L&rsquo;ensemble Traveler est tendu \u00e0 la main. Cela signifie que les boucles pour les arbres doivent \u00eatre plac\u00e9es \u00e0 une hauteur de 0,5m (sur une longueur de 3m) \u00e0 2,5m (sur une longueur de 15m), de sorte que le slackliner au milieu ne touche pas le sol. La Slackline ne doit \u00eatre tendue qu&rsquo;\u00e0 la main. Si d&rsquo;autres dispositifs de tension sont utilis\u00e9s, il est imp\u00e9ratif d&rsquo;utiliser en plus un SoftRelease. Ce type de configuration (Rodeo-Line l\u00e9g\u00e8rement tendue) tire le maximum de cet ensemble de Slackline.<\/p>\n<h3>Sp\u00e9cifications<\/h3>\n<ul>\n<li>Longueur : 15m (selon la circonf\u00e9rence des arbres)<\/li>\n<li>Boucles larges de 5cm pour prot\u00e9ger les arbres<\/li>\n<li>R\u00e9sistance minimale \u00e0 la rupture : 15 kN (se rompt au passage de la couture vers la boucle d&rsquo;arbre de 5cm)<\/li>\n<li>\u00c9lasticit\u00e9 : Extr\u00eamement extensible (19% @ 5kN ; 25% @ 10kN)<\/li>\n<li>Limite de charge de travail (WLL) : 4kN<\/li>\n<li>Poids : 1040g<\/li>\n<\/ul>\n<h3>Contenu de l&rsquo;ensemble<\/h3>\n<ul>\n<li>Bande tubulaire en polyamide de 15m (20mm de large, vert avec des bordures noires) avec boucle d&rsquo;extr\u00e9mit\u00e9 des deux c\u00f4t\u00e9s (peut \u00eatre utilis\u00e9e pour connecter 2 ensembles avec un n\u0153ud d&rsquo;ancrage)<\/li>\n<li>Boucle d&rsquo;arbre large de 5cm, longue d&rsquo;environ 2m<\/li>\n<li><a href=\"\/shop\/kingpin-weblock\/\">KingPin-Weblock<\/a><\/li>\n<\/ul>\n<p>&nbsp;<\/p>\n<ul>\n<li><iframe title=\"Slackline-Manual: How to set up the Traveler Slackline\" width=\"1410\" height=\"793\" data-src=\"https:\/\/www.youtube.com\/embed\/Zz48HqaWMXM?feature=oembed&#038;enablejsapi=1&#038;origin=https:\/\/slacktivity.ch\" frameborder=\"0\" allow=\"accelerometer; autoplay; clipboard-write; encrypted-media; gyroscope; picture-in-picture; web-share\" allowfullscreen src=\"data:image\/svg+xml;base64,PHN2ZyB3aWR0aD0iMSIgaGVpZ2h0PSIxIiB4bWxucz0iaHR0cDovL3d3dy53My5vcmcvMjAwMC9zdmciPjwvc3ZnPg==\" class=\"lazyload\" data-load-mode=\"1\"><\/iframe><\/li>\n<\/ul>\n","protected":false},"excerpt":{"rendered":"<p>Mit seulement 1 kg de poids et un encombrement minimal, la Traveler Reise-Slackline peut m\u00eame \u00eatre rang\u00e9e dans la poche d&rsquo;une veste. Cet ensemble de Slackline le plus l\u00e9ger sur le march\u00e9 peut donc \u00eatre emport\u00e9 partout avec facilit\u00e9.<\/p>\n","protected":false},"featured_media":5864,"comment_status":"open","ping_status":"closed","template":"","meta":{"_acf_changed":false,"_joinchat":[]},"product_cat":[638,669,966],"product_tag":[672],"class_list":{"0":"post-11814","1":"product","2":"type-product","3":"status-publish","4":"has-post-thumbnail","6":"product_cat-kit-slackline","7":"product_cat-slackline-pour-avances-kit-slackline","8":"product_cat-yoga-slackline-sets-fr","9":"product_tag-voyage-slackline","10":"pa_brand-slacktivity-fr","12":"first","13":"instock","14":"featured","15":"taxable","16":"shipping-taxable","17":"purchasable","18":"product-type-simple"},"acf":[],"yoast_head":"<!-- This site is optimized with the Yoast SEO plugin v27.3 - https:\/\/yoast.com\/product\/yoast-seo-wordpress\/ -->\n<title>Traveler Reise-Slackline | Achetez chez SLACKTIVITY Slacklines Suisse<\/title>\n<meta name=\"description\" content=\"Avec seulement un kilogramme et un faible encombrement, c&#039;est la slackline de voyage parfaite. Dot\u00e9e de boucles d&#039;arbre larges de 5 cm et d&#039;un KingPin-Weblock.\" \/>\n<meta name=\"robots\" content=\"index, follow, max-snippet:-1, max-image-preview:large, max-video-preview:-1\" \/>\n<link rel=\"canonical\" href=\"https:\/\/slacktivity.ch\/fr\/shop\/voyageur-slackline-de-voyage-legere\/\" \/>\n<meta property=\"og:locale\" content=\"fr_FR\" \/>\n<meta property=\"og:type\" content=\"article\" \/>\n<meta property=\"og:title\" content=\"Traveler Reise-Slackline | Achetez chez SLACKTIVITY Slacklines Suisse\" \/>\n<meta property=\"og:description\" content=\"Avec seulement un kilogramme et un faible encombrement, c&#039;est la slackline de voyage parfaite. Dot\u00e9e de boucles d&#039;arbre larges de 5 cm et d&#039;un KingPin-Weblock.\" \/>\n<meta property=\"og:url\" content=\"https:\/\/slacktivity.ch\/fr\/shop\/voyageur-slackline-de-voyage-legere\/\" \/>\n<meta property=\"og:site_name\" content=\"SLACKTIVITY Slackline Shop Schweiz\" \/>\n<meta property=\"article:modified_time\" content=\"2023-11-29T15:22:21+00:00\" \/>\n<meta property=\"og:image\" content=\"https:\/\/slacktivity.ch\/wp-content\/uploads\/2021\/02\/reise-slackline.jpg\" \/>\n\t<meta property=\"og:image:width\" content=\"1180\" \/>\n\t<meta property=\"og:image:height\" content=\"1377\" \/>\n\t<meta property=\"og:image:type\" content=\"image\/jpeg\" \/>\n<meta name=\"twitter:card\" content=\"summary_large_image\" \/>\n<meta name=\"twitter:label1\" content=\"Dur\u00e9e de lecture estim\u00e9e\" \/>\n\t<meta name=\"twitter:data1\" content=\"2 minutes\" \/>\n<script type=\"application\/ld+json\" class=\"yoast-schema-graph\">{\"@context\":\"https:\\\/\\\/schema.org\",\"@graph\":[{\"@type\":\"WebPage\",\"@id\":\"https:\\\/\\\/slacktivity.ch\\\/fr\\\/shop\\\/voyageur-slackline-de-voyage-legere\\\/\",\"url\":\"https:\\\/\\\/slacktivity.ch\\\/fr\\\/shop\\\/voyageur-slackline-de-voyage-legere\\\/\",\"name\":\"Traveler Reise-Slackline | Achetez chez SLACKTIVITY Slacklines Suisse\",\"isPartOf\":{\"@id\":\"https:\\\/\\\/slacktivity.ch\\\/fr\\\/#website\"},\"primaryImageOfPage\":{\"@id\":\"https:\\\/\\\/slacktivity.ch\\\/fr\\\/shop\\\/voyageur-slackline-de-voyage-legere\\\/#primaryimage\"},\"image\":{\"@id\":\"https:\\\/\\\/slacktivity.ch\\\/fr\\\/shop\\\/voyageur-slackline-de-voyage-legere\\\/#primaryimage\"},\"thumbnailUrl\":\"https:\\\/\\\/slacktivity.ch\\\/wp-content\\\/uploads\\\/2021\\\/02\\\/reise-slackline.jpg\",\"datePublished\":\"2021-02-22T13:53:58+00:00\",\"dateModified\":\"2023-11-29T15:22:21+00:00\",\"description\":\"Avec seulement un kilogramme et un faible encombrement, c'est la slackline de voyage parfaite. Dot\u00e9e de boucles d'arbre larges de 5 cm et d'un KingPin-Weblock.\",\"breadcrumb\":{\"@id\":\"https:\\\/\\\/slacktivity.ch\\\/fr\\\/shop\\\/voyageur-slackline-de-voyage-legere\\\/#breadcrumb\"},\"inLanguage\":\"fr-FR\",\"potentialAction\":[{\"@type\":\"ReadAction\",\"target\":[\"https:\\\/\\\/slacktivity.ch\\\/fr\\\/shop\\\/voyageur-slackline-de-voyage-legere\\\/\"]}]},{\"@type\":\"ImageObject\",\"inLanguage\":\"fr-FR\",\"@id\":\"https:\\\/\\\/slacktivity.ch\\\/fr\\\/shop\\\/voyageur-slackline-de-voyage-legere\\\/#primaryimage\",\"url\":\"https:\\\/\\\/slacktivity.ch\\\/wp-content\\\/uploads\\\/2021\\\/02\\\/reise-slackline.jpg\",\"contentUrl\":\"https:\\\/\\\/slacktivity.ch\\\/wp-content\\\/uploads\\\/2021\\\/02\\\/reise-slackline.jpg\",\"width\":1180,\"height\":1377,\"caption\":\"reise slackline\"},{\"@type\":\"BreadcrumbList\",\"@id\":\"https:\\\/\\\/slacktivity.ch\\\/fr\\\/shop\\\/voyageur-slackline-de-voyage-legere\\\/#breadcrumb\",\"itemListElement\":[{\"@type\":\"ListItem\",\"position\":1,\"name\":\"Home\",\"item\":\"https:\\\/\\\/slacktivity.ch\\\/fr\\\/\"},{\"@type\":\"ListItem\",\"position\":2,\"name\":\"Boutique\",\"item\":\"https:\\\/\\\/slacktivity.ch\\\/fr\\\/boutique\\\/\"},{\"@type\":\"ListItem\",\"position\":3,\"name\":\"Voyageur | Slackline de voyage l\u00e9g\u00e8re\"}]},{\"@type\":\"WebSite\",\"@id\":\"https:\\\/\\\/slacktivity.ch\\\/fr\\\/#website\",\"url\":\"https:\\\/\\\/slacktivity.ch\\\/fr\\\/\",\"name\":\"SLACKTIVITY Slackline Shop Schweiz\",\"description\":\"Ensembles de slackline de haute qualit\u00e9 avec montage facile, produits innovants Highline et accessoires de slackline acheter en ligne. Pour les enfants, les d\u00e9butants et les professionnels.\",\"publisher\":{\"@id\":\"https:\\\/\\\/slacktivity.ch\\\/fr\\\/#organization\"},\"potentialAction\":[{\"@type\":\"SearchAction\",\"target\":{\"@type\":\"EntryPoint\",\"urlTemplate\":\"https:\\\/\\\/slacktivity.ch\\\/fr\\\/?s={search_term_string}\"},\"query-input\":{\"@type\":\"PropertyValueSpecification\",\"valueRequired\":true,\"valueName\":\"search_term_string\"}}],\"inLanguage\":\"fr-FR\"},{\"@type\":\"Organization\",\"@id\":\"https:\\\/\\\/slacktivity.ch\\\/fr\\\/#organization\",\"name\":\"SLACKTIVITY Slackline Shop Schweiz\",\"url\":\"https:\\\/\\\/slacktivity.ch\\\/fr\\\/\",\"logo\":{\"@type\":\"ImageObject\",\"inLanguage\":\"fr-FR\",\"@id\":\"https:\\\/\\\/slacktivity.ch\\\/fr\\\/#\\\/schema\\\/logo\\\/image\\\/\",\"url\":\"https:\\\/\\\/slacktivity.ch\\\/wp-content\\\/uploads\\\/2021\\\/01\\\/slacktivity-slackline-online-shop-1.png\",\"contentUrl\":\"https:\\\/\\\/slacktivity.ch\\\/wp-content\\\/uploads\\\/2021\\\/01\\\/slacktivity-slackline-online-shop-1.png\",\"width\":200,\"height\":77,\"caption\":\"SLACKTIVITY Slackline Shop Schweiz\"},\"image\":{\"@id\":\"https:\\\/\\\/slacktivity.ch\\\/fr\\\/#\\\/schema\\\/logo\\\/image\\\/\"}}]}<\/script>\n<!-- \/ Yoast SEO plugin. -->","yoast_head_json":{"title":"Traveler Reise-Slackline | Achetez chez SLACKTIVITY Slacklines Suisse","description":"Avec seulement un kilogramme et un faible encombrement, c'est la slackline de voyage parfaite. Dot\u00e9e de boucles d'arbre larges de 5 cm et d'un KingPin-Weblock.","robots":{"index":"index","follow":"follow","max-snippet":"max-snippet:-1","max-image-preview":"max-image-preview:large","max-video-preview":"max-video-preview:-1"},"canonical":"https:\/\/slacktivity.ch\/fr\/shop\/voyageur-slackline-de-voyage-legere\/","og_locale":"fr_FR","og_type":"article","og_title":"Traveler Reise-Slackline | Achetez chez SLACKTIVITY Slacklines Suisse","og_description":"Avec seulement un kilogramme et un faible encombrement, c'est la slackline de voyage parfaite. Dot\u00e9e de boucles d'arbre larges de 5 cm et d'un KingPin-Weblock.","og_url":"https:\/\/slacktivity.ch\/fr\/shop\/voyageur-slackline-de-voyage-legere\/","og_site_name":"SLACKTIVITY Slackline Shop Schweiz","article_modified_time":"2023-11-29T15:22:21+00:00","og_image":[{"width":1180,"height":1377,"url":"https:\/\/slacktivity.ch\/wp-content\/uploads\/2021\/02\/reise-slackline.jpg","type":"image\/jpeg"}],"twitter_card":"summary_large_image","twitter_misc":{"Dur\u00e9e de lecture estim\u00e9e":"2 minutes"},"schema":{"@context":"https:\/\/schema.org","@graph":[{"@type":"WebPage","@id":"https:\/\/slacktivity.ch\/fr\/shop\/voyageur-slackline-de-voyage-legere\/","url":"https:\/\/slacktivity.ch\/fr\/shop\/voyageur-slackline-de-voyage-legere\/","name":"Traveler Reise-Slackline | Achetez chez SLACKTIVITY Slacklines Suisse","isPartOf":{"@id":"https:\/\/slacktivity.ch\/fr\/#website"},"primaryImageOfPage":{"@id":"https:\/\/slacktivity.ch\/fr\/shop\/voyageur-slackline-de-voyage-legere\/#primaryimage"},"image":{"@id":"https:\/\/slacktivity.ch\/fr\/shop\/voyageur-slackline-de-voyage-legere\/#primaryimage"},"thumbnailUrl":"https:\/\/slacktivity.ch\/wp-content\/uploads\/2021\/02\/reise-slackline.jpg","datePublished":"2021-02-22T13:53:58+00:00","dateModified":"2023-11-29T15:22:21+00:00","description":"Avec seulement un kilogramme et un faible encombrement, c'est la slackline de voyage parfaite. Dot\u00e9e de boucles d'arbre larges de 5 cm et d'un KingPin-Weblock.","breadcrumb":{"@id":"https:\/\/slacktivity.ch\/fr\/shop\/voyageur-slackline-de-voyage-legere\/#breadcrumb"},"inLanguage":"fr-FR","potentialAction":[{"@type":"ReadAction","target":["https:\/\/slacktivity.ch\/fr\/shop\/voyageur-slackline-de-voyage-legere\/"]}]},{"@type":"ImageObject","inLanguage":"fr-FR","@id":"https:\/\/slacktivity.ch\/fr\/shop\/voyageur-slackline-de-voyage-legere\/#primaryimage","url":"https:\/\/slacktivity.ch\/wp-content\/uploads\/2021\/02\/reise-slackline.jpg","contentUrl":"https:\/\/slacktivity.ch\/wp-content\/uploads\/2021\/02\/reise-slackline.jpg","width":1180,"height":1377,"caption":"reise slackline"},{"@type":"BreadcrumbList","@id":"https:\/\/slacktivity.ch\/fr\/shop\/voyageur-slackline-de-voyage-legere\/#breadcrumb","itemListElement":[{"@type":"ListItem","position":1,"name":"Home","item":"https:\/\/slacktivity.ch\/fr\/"},{"@type":"ListItem","position":2,"name":"Boutique","item":"https:\/\/slacktivity.ch\/fr\/boutique\/"},{"@type":"ListItem","position":3,"name":"Voyageur | Slackline de voyage l\u00e9g\u00e8re"}]},{"@type":"WebSite","@id":"https:\/\/slacktivity.ch\/fr\/#website","url":"https:\/\/slacktivity.ch\/fr\/","name":"SLACKTIVITY Slackline Shop Schweiz","description":"Ensembles de slackline de haute qualit\u00e9 avec montage facile, produits innovants Highline et accessoires de slackline acheter en ligne. Pour les enfants, les d\u00e9butants et les professionnels.","publisher":{"@id":"https:\/\/slacktivity.ch\/fr\/#organization"},"potentialAction":[{"@type":"SearchAction","target":{"@type":"EntryPoint","urlTemplate":"https:\/\/slacktivity.ch\/fr\/?s={search_term_string}"},"query-input":{"@type":"PropertyValueSpecification","valueRequired":true,"valueName":"search_term_string"}}],"inLanguage":"fr-FR"},{"@type":"Organization","@id":"https:\/\/slacktivity.ch\/fr\/#organization","name":"SLACKTIVITY Slackline Shop Schweiz","url":"https:\/\/slacktivity.ch\/fr\/","logo":{"@type":"ImageObject","inLanguage":"fr-FR","@id":"https:\/\/slacktivity.ch\/fr\/#\/schema\/logo\/image\/","url":"https:\/\/slacktivity.ch\/wp-content\/uploads\/2021\/01\/slacktivity-slackline-online-shop-1.png","contentUrl":"https:\/\/slacktivity.ch\/wp-content\/uploads\/2021\/01\/slacktivity-slackline-online-shop-1.png","width":200,"height":77,"caption":"SLACKTIVITY Slackline Shop Schweiz"},"image":{"@id":"https:\/\/slacktivity.ch\/fr\/#\/schema\/logo\/image\/"}}]}},"_links":{"self":[{"href":"https:\/\/slacktivity.ch\/fr\/wp-json\/wp\/v2\/product\/11814","targetHints":{"allow":["GET"]}}],"collection":[{"href":"https:\/\/slacktivity.ch\/fr\/wp-json\/wp\/v2\/product"}],"about":[{"href":"https:\/\/slacktivity.ch\/fr\/wp-json\/wp\/v2\/types\/product"}],"replies":[{"embeddable":true,"href":"https:\/\/slacktivity.ch\/fr\/wp-json\/wp\/v2\/comments?post=11814"}],"wp:featuredmedia":[{"embeddable":true,"href":"https:\/\/slacktivity.ch\/fr\/wp-json\/wp\/v2\/media\/5864"}],"wp:attachment":[{"href":"https:\/\/slacktivity.ch\/fr\/wp-json\/wp\/v2\/media?parent=11814"}],"wp:term":[{"taxonomy":"product_cat","embeddable":true,"href":"https:\/\/slacktivity.ch\/fr\/wp-json\/wp\/v2\/product_cat?post=11814"},{"taxonomy":"product_tag","embeddable":true,"href":"https:\/\/slacktivity.ch\/fr\/wp-json\/wp\/v2\/product_tag?post=11814"}],"curies":[{"name":"wp","href":"https:\/\/api.w.org\/{rel}","templated":true}]}}