{"id":11819,"date":"2023-09-21T11:43:16","date_gmt":"2023-09-21T09:43:16","guid":{"rendered":"https:\/\/slacktivity.ch\/shop\/ice-fire-slackline-25m-set\/"},"modified":"2023-09-21T11:43:16","modified_gmt":"2023-09-21T09:43:16","slug":"ice-fire-slackline-25m-set","status":"publish","type":"product","link":"https:\/\/slacktivity.ch\/fr\/shop\/ice-fire-slackline-25m-set\/","title":{"rendered":"Ice &#038; Fire Slackline | 25m Set"},"content":{"rendered":"<h2>Ice + Fire | Ensemble Slackline 25m<\/h2>\n<p>D\u00e9couvrez l&rsquo;aventure ultime de la slackline avec l&rsquo;<strong>ensemble Slackline 25m Ice + Fire<\/strong> ! Avec ses impressionnants 25 m\u00e8tres de long et une largeur de 38mm, cet ensemble offre des possibilit\u00e9s infinies aux passionn\u00e9s de slackline de tous niveaux.<\/p>\n<h3>Contr\u00f4le simple de la tension avec deux cliquets de slackline en inox de haute qualit\u00e9 :<\/h3>\n<p>L&rsquo;ensemble Ice + Fire est livr\u00e9 avec deux cliquets de slackline en inox de haute qualit\u00e9 qui vous permettent de tendre la slackline facilement selon la tension souhait\u00e9e. Que vous soyez d\u00e9butant ou expert en slackline, l&rsquo;utilisation intuitive de ces cliquets rend l&rsquo;installation tr\u00e8s facile.<\/p>\n<h3>Convivialit\u00e9 pour les d\u00e9butants et s\u00e9curit\u00e9 :<\/h3>\n<p>Notre ensemble Slackline Ice + Fire a \u00e9t\u00e9 con\u00e7u \u00e0 la fois pour les avanc\u00e9s et les d\u00e9butants. Les protecteurs d&rsquo;arbres inclus prot\u00e8gent non seulement les arbres mais aussi votre mat\u00e9riel. Le syst\u00e8me avec des sangles d&rsquo;arbres suppl\u00e9mentaires et des mousquetons offre une stabilit\u00e9 et une s\u00e9curit\u00e9 suppl\u00e9mentaires par rapport aux ensembles de slackline en deux parties. Les sangles d&rsquo;arbres SLACKTIVITY incluses sont r\u00e9glables en longueur, vous permettant d&rsquo;adapter parfaitement la slackline \u00e0 vos besoins et \u00e0 la circonf\u00e9rence de l&rsquo;arbre.<\/p>\n<h3>Bandes de slackline lumineuses en orange et reconnaissables sur 25m :<\/h3>\n<p>La bande de slackline orange vif repr\u00e9sente \u00ab\u00a0Fire\u00a0\u00bb et n&rsquo;est pas seulement un \u00e9l\u00e9ment accrocheur, mais aussi facilement visible m\u00eame par faible luminosit\u00e9. Cela fait de l&rsquo;ensemble Ice + Fire une exp\u00e9rience passionnante non seulement en journ\u00e9e mais aussi pendant l&rsquo;heure bleue.<\/p>\n<h3>La bande de qualit\u00e9 Superjumpline : FIRE<\/h3>\n<p>Cette <strong>bande de slackline \u00ab\u00a0Fire\u00a0\u00bb<\/strong> provient de l&rsquo;ensemble Superjumpline et se caract\u00e9rise par sa nature vive et fluide. Elle offre un \u00e9quilibre parfait entre r\u00e9activit\u00e9 et mouvements fluides pour que vous puissiez pleinement profiter de votre exp\u00e9rience de slackline.<\/p>\n<h3><strong>La bande de qualit\u00e9 Playline : ICE<\/strong><\/h3>\n<p>La <strong>bande de slackline \u00ab\u00a0Ice\u00a0\u00bb<\/strong> Playline offre un point d&rsquo;appui parfait et un rebond \u00e9nergique pour diff\u00e9rents types de slackline. Elle est facilement contr\u00f4lable lors de tricks tels que les food-jumps et tr\u00e8s r\u00e9sistante \u00e0 l&rsquo;abrasion. Compar\u00e9e \u00e0 d&rsquo;autres bandes, elle ne se d\u00e9tend que de moiti\u00e9, ce qui signifie moins de force n\u00e9cessaire pour la tension. Le tissage fin garantit la robustesse et la durabilit\u00e9. La conception r\u00e9sistante \u00e0 l&rsquo;abrasion avec des marques tous les m\u00e8tres facilite la d\u00e9termination de la distance de la slackline. La bande Playline est id\u00e9ale pour les passionn\u00e9s de slackline ambitieux et les d\u00e9butants.<\/p>\n<h3>Soft-Release optionnel pour les slacklines particuli\u00e8rement tendues :<\/h3>\n<p>Pour plus de confort, nous proposons en option un syst\u00e8me Soft-Release qui rend le rel\u00e2chement de la slackline particuli\u00e8rement agr\u00e9able, surtout avec une tension \u00e9lev\u00e9e, tout en pr\u00e9servant vos cliquets. Un mousqueton suppl\u00e9mentaire est \u00e9galement inclus dans l&rsquo;option.<\/p>\n<p>L&rsquo;ensemble Slackline Ice + Fire de 25m est comparable au populaire ensemble Slackline Experience, mais avec la bande Superjumpline orange vive et des cliquets de slackline en inox particuli\u00e8rement de haute qualit\u00e9.<\/p>\n<h3>Composants de l&rsquo;ensemble Slackline 25m :<\/h3>\n<ul>\n<li>1 x Bande de slackline 25m \u00ab\u00a0Fire\u00a0\u00bb (38mm de large) (option s\u00e9lectionnable)<\/li>\n<li>1 x Bande de slackline 25m \u00ab\u00a0Ice\u00a0\u00bb (option s\u00e9lectionnable)<\/li>\n<li>2 x cliquets de slackline en inox de haute qualit\u00e9<\/li>\n<li>2 x mousquetons de slackline Twistlock<\/li>\n<li>2 x sangles d&rsquo;arbres slacktivity (ajustables)<\/li>\n<li>2 x protections d&rsquo;arbres (2,4 m de long, 13 cm de large)<\/li>\n<li>optionnel : suppl\u00e9ment Soft-Release avec le standard Soft-Release et un mousqueton<\/li>\n<\/ul>\n<p>Que vous recherchiez des aventures passionnantes en pleine nature ou simplement du plaisir dans votre jardin, l&rsquo;ensemble Ice + Fire rehaussera votre exp\u00e9rience de la slackline.<\/p>\n<p>D\u00e9couvrez le monde de la slackline avec l&rsquo;ensemble Slackline 25m Ice + Fire et appr\u00e9ciez l&rsquo;\u00e9quilibre, le d\u00e9fi et le plaisir que cette activit\u00e9 fascinante offre. Commandez d\u00e8s aujourd&rsquo;hui et vivez pleinement le sport de la slackline dans toute sa diversit\u00e9 !<\/p>\n<p>&nbsp;<\/p>\n","protected":false},"excerpt":{"rendered":"<p>&lt;p&gt;Au c\u0153ur de l&rsquo;ensemble Slackline Ice + Fire de 25m se trouvent un contr\u00f4le simple de la tension, la s\u00e9curit\u00e9 et une exp\u00e9rience de slackline inimitable. Cet ensemble propose une bande de 25m en orange vif ou en blanc, des cliquets de haute qualit\u00e9 et un design convivial pour les d\u00e9butants. D\u00e9couvrez l&rsquo;\u00e9quilibre, le d\u00e9fi et le plaisir offerts par la diversit\u00e9 du sport de la slackline.&lt;\/p&gt;<\/p>\n","protected":false},"featured_media":11662,"comment_status":"open","ping_status":"closed","template":"","meta":{"_acf_changed":false,"_joinchat":[]},"product_cat":[638,669],"product_tag":[],"class_list":{"0":"post-11819","1":"product","2":"type-product","3":"status-publish","4":"has-post-thumbnail","6":"product_cat-kit-slackline","7":"product_cat-slackline-pour-avances-kit-slackline","8":"pa_brand-slacktivity-fr","10":"first","11":"instock","12":"taxable","13":"shipping-taxable","14":"purchasable","15":"product-type-variable","16":"has-default-attributes"},"acf":[],"yoast_head":"<!-- This site is optimized with the Yoast SEO plugin v27.3 - https:\/\/yoast.com\/product\/yoast-seo-wordpress\/ -->\n<title>Ice &amp; Fire Slackline | 25m Set - SLACKTIVITY Slackline Shop Schweiz<\/title>\n<meta name=\"description\" content=\"Ensemble Slackline Ice + Fire 25m - l&#039;aventure ultime pour les passionn\u00e9s de slackline. Avec ses 25 m\u00e8tres de bande orange vif et des cliquets de haute qualit\u00e9.\" \/>\n<meta name=\"robots\" content=\"index, follow, max-snippet:-1, max-image-preview:large, max-video-preview:-1\" \/>\n<link rel=\"canonical\" href=\"https:\/\/slacktivity.ch\/fr\/shop\/ice-fire-slackline-25m-set\/\" \/>\n<meta property=\"og:locale\" content=\"fr_FR\" \/>\n<meta property=\"og:type\" content=\"article\" \/>\n<meta property=\"og:title\" content=\"Ice &amp; Fire Slackline | 25m Set - SLACKTIVITY Slackline Shop Schweiz\" \/>\n<meta property=\"og:description\" content=\"Ensemble Slackline Ice + Fire 25m - l&#039;aventure ultime pour les passionn\u00e9s de slackline. Avec ses 25 m\u00e8tres de bande orange vif et des cliquets de haute qualit\u00e9.\" \/>\n<meta property=\"og:url\" content=\"https:\/\/slacktivity.ch\/fr\/shop\/ice-fire-slackline-25m-set\/\" \/>\n<meta property=\"og:site_name\" content=\"SLACKTIVITY Slackline Shop Schweiz\" \/>\n<meta property=\"og:image\" content=\"https:\/\/slacktivity.ch\/wp-content\/uploads\/2023\/09\/slackline-25m.jpg\" \/>\n\t<meta property=\"og:image:width\" content=\"1180\" \/>\n\t<meta property=\"og:image:height\" content=\"1377\" \/>\n\t<meta property=\"og:image:type\" content=\"image\/jpeg\" \/>\n<meta name=\"twitter:card\" content=\"summary_large_image\" \/>\n<meta name=\"twitter:label1\" content=\"Dur\u00e9e de lecture estim\u00e9e\" \/>\n\t<meta name=\"twitter:data1\" content=\"3 minutes\" \/>\n<script type=\"application\/ld+json\" class=\"yoast-schema-graph\">{\"@context\":\"https:\\\/\\\/schema.org\",\"@graph\":[{\"@type\":\"WebPage\",\"@id\":\"https:\\\/\\\/slacktivity.ch\\\/fr\\\/shop\\\/ice-fire-slackline-25m-set\\\/\",\"url\":\"https:\\\/\\\/slacktivity.ch\\\/fr\\\/shop\\\/ice-fire-slackline-25m-set\\\/\",\"name\":\"Ice & Fire Slackline | 25m Set - SLACKTIVITY Slackline Shop Schweiz\",\"isPartOf\":{\"@id\":\"https:\\\/\\\/slacktivity.ch\\\/fr\\\/#website\"},\"primaryImageOfPage\":{\"@id\":\"https:\\\/\\\/slacktivity.ch\\\/fr\\\/shop\\\/ice-fire-slackline-25m-set\\\/#primaryimage\"},\"image\":{\"@id\":\"https:\\\/\\\/slacktivity.ch\\\/fr\\\/shop\\\/ice-fire-slackline-25m-set\\\/#primaryimage\"},\"thumbnailUrl\":\"https:\\\/\\\/slacktivity.ch\\\/wp-content\\\/uploads\\\/2023\\\/09\\\/slackline-25m.jpg\",\"datePublished\":\"2023-09-21T09:43:16+00:00\",\"description\":\"Ensemble Slackline Ice + Fire 25m - l'aventure ultime pour les passionn\u00e9s de slackline. Avec ses 25 m\u00e8tres de bande orange vif et des cliquets de haute qualit\u00e9.\",\"breadcrumb\":{\"@id\":\"https:\\\/\\\/slacktivity.ch\\\/fr\\\/shop\\\/ice-fire-slackline-25m-set\\\/#breadcrumb\"},\"inLanguage\":\"fr-FR\",\"potentialAction\":[{\"@type\":\"ReadAction\",\"target\":[\"https:\\\/\\\/slacktivity.ch\\\/fr\\\/shop\\\/ice-fire-slackline-25m-set\\\/\"]}]},{\"@type\":\"ImageObject\",\"inLanguage\":\"fr-FR\",\"@id\":\"https:\\\/\\\/slacktivity.ch\\\/fr\\\/shop\\\/ice-fire-slackline-25m-set\\\/#primaryimage\",\"url\":\"https:\\\/\\\/slacktivity.ch\\\/wp-content\\\/uploads\\\/2023\\\/09\\\/slackline-25m.jpg\",\"contentUrl\":\"https:\\\/\\\/slacktivity.ch\\\/wp-content\\\/uploads\\\/2023\\\/09\\\/slackline-25m.jpg\",\"width\":1180,\"height\":1377,\"caption\":\"slackline 25m\"},{\"@type\":\"BreadcrumbList\",\"@id\":\"https:\\\/\\\/slacktivity.ch\\\/fr\\\/shop\\\/ice-fire-slackline-25m-set\\\/#breadcrumb\",\"itemListElement\":[{\"@type\":\"ListItem\",\"position\":1,\"name\":\"Home\",\"item\":\"https:\\\/\\\/slacktivity.ch\\\/fr\\\/\"},{\"@type\":\"ListItem\",\"position\":2,\"name\":\"Boutique\",\"item\":\"https:\\\/\\\/slacktivity.ch\\\/fr\\\/boutique\\\/\"},{\"@type\":\"ListItem\",\"position\":3,\"name\":\"Ice &#038; Fire Slackline | 25m Set\"}]},{\"@type\":\"WebSite\",\"@id\":\"https:\\\/\\\/slacktivity.ch\\\/fr\\\/#website\",\"url\":\"https:\\\/\\\/slacktivity.ch\\\/fr\\\/\",\"name\":\"SLACKTIVITY Slackline Shop Schweiz\",\"description\":\"Ensembles de slackline de haute qualit\u00e9 avec montage facile, produits innovants Highline et accessoires de slackline acheter en ligne. Pour les enfants, les d\u00e9butants et les professionnels.\",\"publisher\":{\"@id\":\"https:\\\/\\\/slacktivity.ch\\\/fr\\\/#organization\"},\"potentialAction\":[{\"@type\":\"SearchAction\",\"target\":{\"@type\":\"EntryPoint\",\"urlTemplate\":\"https:\\\/\\\/slacktivity.ch\\\/fr\\\/?s={search_term_string}\"},\"query-input\":{\"@type\":\"PropertyValueSpecification\",\"valueRequired\":true,\"valueName\":\"search_term_string\"}}],\"inLanguage\":\"fr-FR\"},{\"@type\":\"Organization\",\"@id\":\"https:\\\/\\\/slacktivity.ch\\\/fr\\\/#organization\",\"name\":\"SLACKTIVITY Slackline Shop Schweiz\",\"url\":\"https:\\\/\\\/slacktivity.ch\\\/fr\\\/\",\"logo\":{\"@type\":\"ImageObject\",\"inLanguage\":\"fr-FR\",\"@id\":\"https:\\\/\\\/slacktivity.ch\\\/fr\\\/#\\\/schema\\\/logo\\\/image\\\/\",\"url\":\"https:\\\/\\\/slacktivity.ch\\\/wp-content\\\/uploads\\\/2021\\\/01\\\/slacktivity-slackline-online-shop-1.png\",\"contentUrl\":\"https:\\\/\\\/slacktivity.ch\\\/wp-content\\\/uploads\\\/2021\\\/01\\\/slacktivity-slackline-online-shop-1.png\",\"width\":200,\"height\":77,\"caption\":\"SLACKTIVITY Slackline Shop Schweiz\"},\"image\":{\"@id\":\"https:\\\/\\\/slacktivity.ch\\\/fr\\\/#\\\/schema\\\/logo\\\/image\\\/\"}}]}<\/script>\n<!-- \/ Yoast SEO plugin. -->","yoast_head_json":{"title":"Ice & Fire Slackline | 25m Set - SLACKTIVITY Slackline Shop Schweiz","description":"Ensemble Slackline Ice + Fire 25m - l'aventure ultime pour les passionn\u00e9s de slackline. Avec ses 25 m\u00e8tres de bande orange vif et des cliquets de haute qualit\u00e9.","robots":{"index":"index","follow":"follow","max-snippet":"max-snippet:-1","max-image-preview":"max-image-preview:large","max-video-preview":"max-video-preview:-1"},"canonical":"https:\/\/slacktivity.ch\/fr\/shop\/ice-fire-slackline-25m-set\/","og_locale":"fr_FR","og_type":"article","og_title":"Ice & Fire Slackline | 25m Set - SLACKTIVITY Slackline Shop Schweiz","og_description":"Ensemble Slackline Ice + Fire 25m - l'aventure ultime pour les passionn\u00e9s de slackline. Avec ses 25 m\u00e8tres de bande orange vif et des cliquets de haute qualit\u00e9.","og_url":"https:\/\/slacktivity.ch\/fr\/shop\/ice-fire-slackline-25m-set\/","og_site_name":"SLACKTIVITY Slackline Shop Schweiz","og_image":[{"width":1180,"height":1377,"url":"https:\/\/slacktivity.ch\/wp-content\/uploads\/2023\/09\/slackline-25m.jpg","type":"image\/jpeg"}],"twitter_card":"summary_large_image","twitter_misc":{"Dur\u00e9e de lecture estim\u00e9e":"3 minutes"},"schema":{"@context":"https:\/\/schema.org","@graph":[{"@type":"WebPage","@id":"https:\/\/slacktivity.ch\/fr\/shop\/ice-fire-slackline-25m-set\/","url":"https:\/\/slacktivity.ch\/fr\/shop\/ice-fire-slackline-25m-set\/","name":"Ice & Fire Slackline | 25m Set - SLACKTIVITY Slackline Shop Schweiz","isPartOf":{"@id":"https:\/\/slacktivity.ch\/fr\/#website"},"primaryImageOfPage":{"@id":"https:\/\/slacktivity.ch\/fr\/shop\/ice-fire-slackline-25m-set\/#primaryimage"},"image":{"@id":"https:\/\/slacktivity.ch\/fr\/shop\/ice-fire-slackline-25m-set\/#primaryimage"},"thumbnailUrl":"https:\/\/slacktivity.ch\/wp-content\/uploads\/2023\/09\/slackline-25m.jpg","datePublished":"2023-09-21T09:43:16+00:00","description":"Ensemble Slackline Ice + Fire 25m - l'aventure ultime pour les passionn\u00e9s de slackline. Avec ses 25 m\u00e8tres de bande orange vif et des cliquets de haute qualit\u00e9.","breadcrumb":{"@id":"https:\/\/slacktivity.ch\/fr\/shop\/ice-fire-slackline-25m-set\/#breadcrumb"},"inLanguage":"fr-FR","potentialAction":[{"@type":"ReadAction","target":["https:\/\/slacktivity.ch\/fr\/shop\/ice-fire-slackline-25m-set\/"]}]},{"@type":"ImageObject","inLanguage":"fr-FR","@id":"https:\/\/slacktivity.ch\/fr\/shop\/ice-fire-slackline-25m-set\/#primaryimage","url":"https:\/\/slacktivity.ch\/wp-content\/uploads\/2023\/09\/slackline-25m.jpg","contentUrl":"https:\/\/slacktivity.ch\/wp-content\/uploads\/2023\/09\/slackline-25m.jpg","width":1180,"height":1377,"caption":"slackline 25m"},{"@type":"BreadcrumbList","@id":"https:\/\/slacktivity.ch\/fr\/shop\/ice-fire-slackline-25m-set\/#breadcrumb","itemListElement":[{"@type":"ListItem","position":1,"name":"Home","item":"https:\/\/slacktivity.ch\/fr\/"},{"@type":"ListItem","position":2,"name":"Boutique","item":"https:\/\/slacktivity.ch\/fr\/boutique\/"},{"@type":"ListItem","position":3,"name":"Ice &#038; Fire Slackline | 25m Set"}]},{"@type":"WebSite","@id":"https:\/\/slacktivity.ch\/fr\/#website","url":"https:\/\/slacktivity.ch\/fr\/","name":"SLACKTIVITY Slackline Shop Schweiz","description":"Ensembles de slackline de haute qualit\u00e9 avec montage facile, produits innovants Highline et accessoires de slackline acheter en ligne. Pour les enfants, les d\u00e9butants et les professionnels.","publisher":{"@id":"https:\/\/slacktivity.ch\/fr\/#organization"},"potentialAction":[{"@type":"SearchAction","target":{"@type":"EntryPoint","urlTemplate":"https:\/\/slacktivity.ch\/fr\/?s={search_term_string}"},"query-input":{"@type":"PropertyValueSpecification","valueRequired":true,"valueName":"search_term_string"}}],"inLanguage":"fr-FR"},{"@type":"Organization","@id":"https:\/\/slacktivity.ch\/fr\/#organization","name":"SLACKTIVITY Slackline Shop Schweiz","url":"https:\/\/slacktivity.ch\/fr\/","logo":{"@type":"ImageObject","inLanguage":"fr-FR","@id":"https:\/\/slacktivity.ch\/fr\/#\/schema\/logo\/image\/","url":"https:\/\/slacktivity.ch\/wp-content\/uploads\/2021\/01\/slacktivity-slackline-online-shop-1.png","contentUrl":"https:\/\/slacktivity.ch\/wp-content\/uploads\/2021\/01\/slacktivity-slackline-online-shop-1.png","width":200,"height":77,"caption":"SLACKTIVITY Slackline Shop Schweiz"},"image":{"@id":"https:\/\/slacktivity.ch\/fr\/#\/schema\/logo\/image\/"}}]}},"_links":{"self":[{"href":"https:\/\/slacktivity.ch\/fr\/wp-json\/wp\/v2\/product\/11819","targetHints":{"allow":["GET"]}}],"collection":[{"href":"https:\/\/slacktivity.ch\/fr\/wp-json\/wp\/v2\/product"}],"about":[{"href":"https:\/\/slacktivity.ch\/fr\/wp-json\/wp\/v2\/types\/product"}],"replies":[{"embeddable":true,"href":"https:\/\/slacktivity.ch\/fr\/wp-json\/wp\/v2\/comments?post=11819"}],"wp:featuredmedia":[{"embeddable":true,"href":"https:\/\/slacktivity.ch\/fr\/wp-json\/wp\/v2\/media\/11662"}],"wp:attachment":[{"href":"https:\/\/slacktivity.ch\/fr\/wp-json\/wp\/v2\/media?parent=11819"}],"wp:term":[{"taxonomy":"product_cat","embeddable":true,"href":"https:\/\/slacktivity.ch\/fr\/wp-json\/wp\/v2\/product_cat?post=11819"},{"taxonomy":"product_tag","embeddable":true,"href":"https:\/\/slacktivity.ch\/fr\/wp-json\/wp\/v2\/product_tag?post=11819"}],"curies":[{"name":"wp","href":"https:\/\/api.w.org\/{rel}","templated":true}]}}