{"id":11824,"date":"2023-11-20T14:57:48","date_gmt":"2023-11-20T12:57:48","guid":{"rendered":"https:\/\/slacktivity.ch\/shop\/highline-trickzone-pro-pinktube-lsdtube\/"},"modified":"2023-12-01T14:02:40","modified_gmt":"2023-12-01T12:02:40","slug":"highline-trickzone-pro-pinktube-lsdtube","status":"publish","type":"product","link":"https:\/\/slacktivity.ch\/fr\/shop\/highline-trickzone-pro-pinktube-lsdtube\/","title":{"rendered":"Highline Trickzone Pro | PinkTube &#038; LSDTube"},"content":{"rendered":"<h2>Pourqoui le Highline TrickZone Pro Setup?<\/h2>\n<p>&nbsp;<\/p>\n<p>Vous avez le choix entre deux sangles : <a href=\"https:\/\/slacktivity.ch\/shop\/pinktube\/\">pinkTube<\/a> ou <a href=\"https:\/\/slacktivity.ch\/shop\/lsdtube\/\">LSDTube<\/a>. La pinkTube est la sangle la plus utilis\u00e9e au monde pour le Highline Freestyle. Au milieu de la sangle se trouve une TrickZone de 5 m en sangle <a href=\"https:\/\/slacktivity.ch\/shop\/redtube-30m-200m\/\">redTube<\/a>. Cette sangle est nettement plus r\u00e9sistante et plus r\u00e9sistante \u00e0 l&rsquo;abrasion que la pinkTube ou la LSDTube. Contrairement aux TrickZones avec manchons, la redTube offre un grip nettement meilleure.<\/p>\n<p>Pour une performance optimale, il est recommand\u00e9 d&rsquo;utiliser un <a href=\"https:\/\/slacktivity.ch\/shop\/slacktivity-seahorse\/\">seaHorse <\/a>de chaque c\u00f4t\u00e9 du Highline afin que la TrickZone se trouve parfaitement au centre de la slackline.<\/p>\n<p>Juste \u00e0 c\u00f4t\u00e9 de la TrickZone se trouve une boucle en T pour connecter la ligne principale au backup.<\/p>\n<p><strong>Quelques conseils d&rsquo;utilisation pour le Highline TrickZone Pro Setup :<\/strong><\/p>\n<ul>\n<li>Pour assurer une long\u00e9vit\u00e9 optimale, il est recommand\u00e9 de n&rsquo;effectuer vos tricks que sur la TrickZone rouge. En revanche, pour l&rsquo;\u00e9quilibrage normal, toute la Highline peut \u00eatre utilis\u00e9e.<\/li>\n<li>Nous vous recommandons de scotcher la connexion cousue pour la prot\u00e9ger des rayons UV. De plus, il est recommand\u00e9 d&rsquo;\u00e9viter autant que possible de faire des chutes de leash directement sur la connexion cousue.<\/li>\n<li>Sur la longueur de la TrickZone, il est recommand\u00e9 de scotcher le backup tous les 40-50 cm \u00e0 la ligne principale afin qu&rsquo;il ne g\u00eane pas vos tricks.<\/li>\n<\/ul>\n<p><strong>Caract\u00e9ristiques <\/strong><\/p>\n<ul>\n<li><strong>Connexion cousue redTube &amp; pinkTube MBS :<\/strong> 20 kN<\/li>\n<li><strong>Connexion cousue redTube &amp; lsdTube MBS :<\/strong> 20 kN<\/li>\n<li><strong>Longueur de la Main Line :<\/strong> 85 m (80 m pinkTube \/ LSDTube plus 5 m redTube)<\/li>\n<\/ul>\n<p><strong>pinkTube<\/strong><\/p>\n<ul>\n<li><strong>Mat\u00e9riau :<\/strong> Sangle tubulaire en polyamide<\/li>\n<li><strong>Largeur :<\/strong> 25,5 mm<\/li>\n<li><strong>Allongement :<\/strong> 22,6 % \u00e0 10 kN | 15,4 % \u00e0 5 kN | 13,3 % \u00e0 4 kN | 10,6 % \u00e0 3 kN | 6,6 % \u00e0 2 kN | 1,6 % \u00e0 1 kN<\/li>\n<li><strong>Classe de r\u00e9sistance ISA Highline Webbing :<\/strong> C<\/li>\n<li><strong>MBS<\/strong> (r\u00e9sistance minimale \u00e0 la rupture) : 22 kN<\/li>\n<li><strong>MBS Main Loop<\/strong> : 22 kN<\/li>\n<li><strong>MBS TrickZone connection cousu<\/strong>\u00a0 : 22 kN<\/li>\n<li><strong>MBS T-Loop<\/strong>\u00a0 : 12 kN<\/li>\n<li><strong>Poids :<\/strong> 54 g\/m<\/li>\n<\/ul>\n<p><strong>LSDTube<\/strong><\/p>\n<ul>\n<li><strong>Mat\u00e9riau :<\/strong> Sangle tubulaire en polyamide<\/li>\n<li><strong>Largeur :<\/strong> 25,5 mm<\/li>\n<li><strong>Allongement :<\/strong> 18 % \u00e0 10 kN | 12,3 % \u00e0 5 kN | 10,2 % \u00e0 4 kN | 8,5 % \u00e0 3 kN | 6,3 % \u00e0 2 kN | 2,7 % \u00e0 1 kN<\/li>\n<li><strong>Classe de r\u00e9sistance ISA Highline Webbing :<\/strong> C<\/li>\n<li><strong>MBS<\/strong> (r\u00e9sistance minimale \u00e0 la rupture) : 22 kN<\/li>\n<li><strong>MBS Main Loop<\/strong> : 22 kN<\/li>\n<li><strong>MBS TrickZone connection cousu<\/strong>\u00a0 : 22 kN<\/li>\n<li><strong>MBS T-Loop<\/strong>\u00a0 : 12 kN<\/li>\n<li><strong>Poids :<\/strong> 54 g\/m<\/li>\n<\/ul>\n<p><strong>redTube<\/strong><\/p>\n<ul>\n<li><strong>Mat\u00e9riau :<\/strong> Sangle tubulaire en polyamide<\/li>\n<li><strong>Allongement :<\/strong> 18,6 % \u00e0 10 kN | 11,6 % \u00e0 5 kN | 9,6 % \u00e0 4 kN | 6,6 % \u00e0 3 kN | 3,1 % \u00e0 2 kN | 1,1 % \u00e0 1 kN<\/li>\n<li><strong>R\u00e9sistance minimale \u00e0 la rupture (MBS) :<\/strong> 36 kN<\/li>\n<li><strong>Certifi\u00e9e ISA<\/strong> 41 en classe de r\u00e9sistance A<\/li>\n<li><strong>Poids :<\/strong> 76 g\/m<\/li>\n<\/ul>\n","protected":false},"excerpt":{"rendered":"<p><a href=\"https:\/\/slacktivity.ch\/wp-content\/uploads\/2022\/02\/Bedienungsanleitung_DE_HighlineWebbing_pinkTube_A_V1-1.pdf\">Bedienungsanleitung_DE_HighlineWebbing_pinkTube_A_V2<\/a><\/p>\n","protected":false},"featured_media":11807,"comment_status":"open","ping_status":"closed","template":"","meta":{"_acf_changed":false,"_joinchat":[]},"product_cat":[728,655],"product_tag":[],"class_list":{"0":"post-11824","1":"product","2":"type-product","3":"status-publish","4":"has-post-thumbnail","6":"product_cat-sangle-highline","7":"product_cat-sangles","8":"pa_brand-slacktivity-fr","10":"first","11":"instock","12":"taxable","13":"shipping-taxable","14":"purchasable","15":"product-type-variable"},"acf":[],"yoast_head":"<!-- This site is optimized with the Yoast SEO plugin v27.3 - https:\/\/yoast.com\/product\/yoast-seo-wordpress\/ -->\n<title>Highline Trickzone Pro | PinkTube &amp; LSDTube - SLACKTIVITY Slackline Shop Schweiz<\/title>\n<meta name=\"description\" content=\"Le Highline TrickZone Pro Setup est une sangle g\u00e9nial pour le Highline Freestyle. La redTube TrickZone de 5mest extremement solide et offre un tr\u00e8s bon grip\" \/>\n<meta name=\"robots\" content=\"index, follow, max-snippet:-1, max-image-preview:large, max-video-preview:-1\" \/>\n<link rel=\"canonical\" href=\"https:\/\/slacktivity.ch\/fr\/shop\/highline-trickzone-pro-pinktube-lsdtube\/\" \/>\n<meta property=\"og:locale\" content=\"fr_FR\" \/>\n<meta property=\"og:type\" content=\"article\" \/>\n<meta property=\"og:title\" content=\"Highline Trickzone Pro | PinkTube &amp; LSDTube - SLACKTIVITY Slackline Shop Schweiz\" \/>\n<meta property=\"og:description\" content=\"Le Highline TrickZone Pro Setup est une sangle g\u00e9nial pour le Highline Freestyle. La redTube TrickZone de 5mest extremement solide et offre un tr\u00e8s bon grip\" \/>\n<meta property=\"og:url\" content=\"https:\/\/slacktivity.ch\/fr\/shop\/highline-trickzone-pro-pinktube-lsdtube\/\" \/>\n<meta property=\"og:site_name\" content=\"SLACKTIVITY Slackline Shop Schweiz\" \/>\n<meta property=\"article:modified_time\" content=\"2023-12-01T12:02:40+00:00\" \/>\n<meta property=\"og:image\" content=\"https:\/\/slacktivity.ch\/wp-content\/uploads\/2023\/11\/highline-trickzone-pro-setup.jpg\" \/>\n\t<meta property=\"og:image:width\" content=\"1180\" \/>\n\t<meta property=\"og:image:height\" content=\"1377\" \/>\n\t<meta property=\"og:image:type\" content=\"image\/jpeg\" \/>\n<meta name=\"twitter:card\" content=\"summary_large_image\" \/>\n<meta name=\"twitter:label1\" content=\"Dur\u00e9e de lecture estim\u00e9e\" \/>\n\t<meta name=\"twitter:data1\" content=\"2 minutes\" \/>\n<script type=\"application\/ld+json\" class=\"yoast-schema-graph\">{\"@context\":\"https:\\\/\\\/schema.org\",\"@graph\":[{\"@type\":\"WebPage\",\"@id\":\"https:\\\/\\\/slacktivity.ch\\\/fr\\\/shop\\\/highline-trickzone-pro-pinktube-lsdtube\\\/\",\"url\":\"https:\\\/\\\/slacktivity.ch\\\/fr\\\/shop\\\/highline-trickzone-pro-pinktube-lsdtube\\\/\",\"name\":\"Highline Trickzone Pro | PinkTube & LSDTube - SLACKTIVITY Slackline Shop Schweiz\",\"isPartOf\":{\"@id\":\"https:\\\/\\\/slacktivity.ch\\\/fr\\\/#website\"},\"primaryImageOfPage\":{\"@id\":\"https:\\\/\\\/slacktivity.ch\\\/fr\\\/shop\\\/highline-trickzone-pro-pinktube-lsdtube\\\/#primaryimage\"},\"image\":{\"@id\":\"https:\\\/\\\/slacktivity.ch\\\/fr\\\/shop\\\/highline-trickzone-pro-pinktube-lsdtube\\\/#primaryimage\"},\"thumbnailUrl\":\"https:\\\/\\\/slacktivity.ch\\\/wp-content\\\/uploads\\\/2023\\\/11\\\/highline-trickzone-pro-setup.jpg\",\"datePublished\":\"2023-11-20T12:57:48+00:00\",\"dateModified\":\"2023-12-01T12:02:40+00:00\",\"description\":\"Le Highline TrickZone Pro Setup est une sangle g\u00e9nial pour le Highline Freestyle. La redTube TrickZone de 5mest extremement solide et offre un tr\u00e8s bon grip\",\"breadcrumb\":{\"@id\":\"https:\\\/\\\/slacktivity.ch\\\/fr\\\/shop\\\/highline-trickzone-pro-pinktube-lsdtube\\\/#breadcrumb\"},\"inLanguage\":\"fr-FR\",\"potentialAction\":[{\"@type\":\"ReadAction\",\"target\":[\"https:\\\/\\\/slacktivity.ch\\\/fr\\\/shop\\\/highline-trickzone-pro-pinktube-lsdtube\\\/\"]}]},{\"@type\":\"ImageObject\",\"inLanguage\":\"fr-FR\",\"@id\":\"https:\\\/\\\/slacktivity.ch\\\/fr\\\/shop\\\/highline-trickzone-pro-pinktube-lsdtube\\\/#primaryimage\",\"url\":\"https:\\\/\\\/slacktivity.ch\\\/wp-content\\\/uploads\\\/2023\\\/11\\\/highline-trickzone-pro-setup.jpg\",\"contentUrl\":\"https:\\\/\\\/slacktivity.ch\\\/wp-content\\\/uploads\\\/2023\\\/11\\\/highline-trickzone-pro-setup.jpg\",\"width\":1180,\"height\":1377,\"caption\":\"highline trickzone pro setup\"},{\"@type\":\"BreadcrumbList\",\"@id\":\"https:\\\/\\\/slacktivity.ch\\\/fr\\\/shop\\\/highline-trickzone-pro-pinktube-lsdtube\\\/#breadcrumb\",\"itemListElement\":[{\"@type\":\"ListItem\",\"position\":1,\"name\":\"Home\",\"item\":\"https:\\\/\\\/slacktivity.ch\\\/fr\\\/\"},{\"@type\":\"ListItem\",\"position\":2,\"name\":\"Boutique\",\"item\":\"https:\\\/\\\/slacktivity.ch\\\/fr\\\/boutique\\\/\"},{\"@type\":\"ListItem\",\"position\":3,\"name\":\"Highline Trickzone Pro | PinkTube &#038; LSDTube\"}]},{\"@type\":\"WebSite\",\"@id\":\"https:\\\/\\\/slacktivity.ch\\\/fr\\\/#website\",\"url\":\"https:\\\/\\\/slacktivity.ch\\\/fr\\\/\",\"name\":\"SLACKTIVITY Slackline Shop Schweiz\",\"description\":\"Ensembles de slackline de haute qualit\u00e9 avec montage facile, produits innovants Highline et accessoires de slackline acheter en ligne. Pour les enfants, les d\u00e9butants et les professionnels.\",\"publisher\":{\"@id\":\"https:\\\/\\\/slacktivity.ch\\\/fr\\\/#organization\"},\"potentialAction\":[{\"@type\":\"SearchAction\",\"target\":{\"@type\":\"EntryPoint\",\"urlTemplate\":\"https:\\\/\\\/slacktivity.ch\\\/fr\\\/?s={search_term_string}\"},\"query-input\":{\"@type\":\"PropertyValueSpecification\",\"valueRequired\":true,\"valueName\":\"search_term_string\"}}],\"inLanguage\":\"fr-FR\"},{\"@type\":\"Organization\",\"@id\":\"https:\\\/\\\/slacktivity.ch\\\/fr\\\/#organization\",\"name\":\"SLACKTIVITY Slackline Shop Schweiz\",\"url\":\"https:\\\/\\\/slacktivity.ch\\\/fr\\\/\",\"logo\":{\"@type\":\"ImageObject\",\"inLanguage\":\"fr-FR\",\"@id\":\"https:\\\/\\\/slacktivity.ch\\\/fr\\\/#\\\/schema\\\/logo\\\/image\\\/\",\"url\":\"https:\\\/\\\/slacktivity.ch\\\/wp-content\\\/uploads\\\/2021\\\/01\\\/slacktivity-slackline-online-shop-1.png\",\"contentUrl\":\"https:\\\/\\\/slacktivity.ch\\\/wp-content\\\/uploads\\\/2021\\\/01\\\/slacktivity-slackline-online-shop-1.png\",\"width\":200,\"height\":77,\"caption\":\"SLACKTIVITY Slackline Shop Schweiz\"},\"image\":{\"@id\":\"https:\\\/\\\/slacktivity.ch\\\/fr\\\/#\\\/schema\\\/logo\\\/image\\\/\"}}]}<\/script>\n<!-- \/ Yoast SEO plugin. -->","yoast_head_json":{"title":"Highline Trickzone Pro | PinkTube & LSDTube - SLACKTIVITY Slackline Shop Schweiz","description":"Le Highline TrickZone Pro Setup est une sangle g\u00e9nial pour le Highline Freestyle. La redTube TrickZone de 5mest extremement solide et offre un tr\u00e8s bon grip","robots":{"index":"index","follow":"follow","max-snippet":"max-snippet:-1","max-image-preview":"max-image-preview:large","max-video-preview":"max-video-preview:-1"},"canonical":"https:\/\/slacktivity.ch\/fr\/shop\/highline-trickzone-pro-pinktube-lsdtube\/","og_locale":"fr_FR","og_type":"article","og_title":"Highline Trickzone Pro | PinkTube & LSDTube - SLACKTIVITY Slackline Shop Schweiz","og_description":"Le Highline TrickZone Pro Setup est une sangle g\u00e9nial pour le Highline Freestyle. La redTube TrickZone de 5mest extremement solide et offre un tr\u00e8s bon grip","og_url":"https:\/\/slacktivity.ch\/fr\/shop\/highline-trickzone-pro-pinktube-lsdtube\/","og_site_name":"SLACKTIVITY Slackline Shop Schweiz","article_modified_time":"2023-12-01T12:02:40+00:00","og_image":[{"width":1180,"height":1377,"url":"https:\/\/slacktivity.ch\/wp-content\/uploads\/2023\/11\/highline-trickzone-pro-setup.jpg","type":"image\/jpeg"}],"twitter_card":"summary_large_image","twitter_misc":{"Dur\u00e9e de lecture estim\u00e9e":"2 minutes"},"schema":{"@context":"https:\/\/schema.org","@graph":[{"@type":"WebPage","@id":"https:\/\/slacktivity.ch\/fr\/shop\/highline-trickzone-pro-pinktube-lsdtube\/","url":"https:\/\/slacktivity.ch\/fr\/shop\/highline-trickzone-pro-pinktube-lsdtube\/","name":"Highline Trickzone Pro | PinkTube & LSDTube - SLACKTIVITY Slackline Shop Schweiz","isPartOf":{"@id":"https:\/\/slacktivity.ch\/fr\/#website"},"primaryImageOfPage":{"@id":"https:\/\/slacktivity.ch\/fr\/shop\/highline-trickzone-pro-pinktube-lsdtube\/#primaryimage"},"image":{"@id":"https:\/\/slacktivity.ch\/fr\/shop\/highline-trickzone-pro-pinktube-lsdtube\/#primaryimage"},"thumbnailUrl":"https:\/\/slacktivity.ch\/wp-content\/uploads\/2023\/11\/highline-trickzone-pro-setup.jpg","datePublished":"2023-11-20T12:57:48+00:00","dateModified":"2023-12-01T12:02:40+00:00","description":"Le Highline TrickZone Pro Setup est une sangle g\u00e9nial pour le Highline Freestyle. La redTube TrickZone de 5mest extremement solide et offre un tr\u00e8s bon grip","breadcrumb":{"@id":"https:\/\/slacktivity.ch\/fr\/shop\/highline-trickzone-pro-pinktube-lsdtube\/#breadcrumb"},"inLanguage":"fr-FR","potentialAction":[{"@type":"ReadAction","target":["https:\/\/slacktivity.ch\/fr\/shop\/highline-trickzone-pro-pinktube-lsdtube\/"]}]},{"@type":"ImageObject","inLanguage":"fr-FR","@id":"https:\/\/slacktivity.ch\/fr\/shop\/highline-trickzone-pro-pinktube-lsdtube\/#primaryimage","url":"https:\/\/slacktivity.ch\/wp-content\/uploads\/2023\/11\/highline-trickzone-pro-setup.jpg","contentUrl":"https:\/\/slacktivity.ch\/wp-content\/uploads\/2023\/11\/highline-trickzone-pro-setup.jpg","width":1180,"height":1377,"caption":"highline trickzone pro setup"},{"@type":"BreadcrumbList","@id":"https:\/\/slacktivity.ch\/fr\/shop\/highline-trickzone-pro-pinktube-lsdtube\/#breadcrumb","itemListElement":[{"@type":"ListItem","position":1,"name":"Home","item":"https:\/\/slacktivity.ch\/fr\/"},{"@type":"ListItem","position":2,"name":"Boutique","item":"https:\/\/slacktivity.ch\/fr\/boutique\/"},{"@type":"ListItem","position":3,"name":"Highline Trickzone Pro | PinkTube &#038; LSDTube"}]},{"@type":"WebSite","@id":"https:\/\/slacktivity.ch\/fr\/#website","url":"https:\/\/slacktivity.ch\/fr\/","name":"SLACKTIVITY Slackline Shop Schweiz","description":"Ensembles de slackline de haute qualit\u00e9 avec montage facile, produits innovants Highline et accessoires de slackline acheter en ligne. Pour les enfants, les d\u00e9butants et les professionnels.","publisher":{"@id":"https:\/\/slacktivity.ch\/fr\/#organization"},"potentialAction":[{"@type":"SearchAction","target":{"@type":"EntryPoint","urlTemplate":"https:\/\/slacktivity.ch\/fr\/?s={search_term_string}"},"query-input":{"@type":"PropertyValueSpecification","valueRequired":true,"valueName":"search_term_string"}}],"inLanguage":"fr-FR"},{"@type":"Organization","@id":"https:\/\/slacktivity.ch\/fr\/#organization","name":"SLACKTIVITY Slackline Shop Schweiz","url":"https:\/\/slacktivity.ch\/fr\/","logo":{"@type":"ImageObject","inLanguage":"fr-FR","@id":"https:\/\/slacktivity.ch\/fr\/#\/schema\/logo\/image\/","url":"https:\/\/slacktivity.ch\/wp-content\/uploads\/2021\/01\/slacktivity-slackline-online-shop-1.png","contentUrl":"https:\/\/slacktivity.ch\/wp-content\/uploads\/2021\/01\/slacktivity-slackline-online-shop-1.png","width":200,"height":77,"caption":"SLACKTIVITY Slackline Shop Schweiz"},"image":{"@id":"https:\/\/slacktivity.ch\/fr\/#\/schema\/logo\/image\/"}}]}},"_links":{"self":[{"href":"https:\/\/slacktivity.ch\/fr\/wp-json\/wp\/v2\/product\/11824","targetHints":{"allow":["GET"]}}],"collection":[{"href":"https:\/\/slacktivity.ch\/fr\/wp-json\/wp\/v2\/product"}],"about":[{"href":"https:\/\/slacktivity.ch\/fr\/wp-json\/wp\/v2\/types\/product"}],"replies":[{"embeddable":true,"href":"https:\/\/slacktivity.ch\/fr\/wp-json\/wp\/v2\/comments?post=11824"}],"wp:featuredmedia":[{"embeddable":true,"href":"https:\/\/slacktivity.ch\/fr\/wp-json\/wp\/v2\/media\/11807"}],"wp:attachment":[{"href":"https:\/\/slacktivity.ch\/fr\/wp-json\/wp\/v2\/media?parent=11824"}],"wp:term":[{"taxonomy":"product_cat","embeddable":true,"href":"https:\/\/slacktivity.ch\/fr\/wp-json\/wp\/v2\/product_cat?post=11824"},{"taxonomy":"product_tag","embeddable":true,"href":"https:\/\/slacktivity.ch\/fr\/wp-json\/wp\/v2\/product_tag?post=11824"}],"curies":[{"name":"wp","href":"https:\/\/api.w.org\/{rel}","templated":true}]}}