{"id":11827,"date":"2023-11-29T16:02:45","date_gmt":"2023-11-29T14:02:45","guid":{"rendered":"https:\/\/slacktivity.ch\/shop\/sangle-slackline-allround-15m-avec-v-loop\/"},"modified":"2023-12-01T14:16:29","modified_gmt":"2023-12-01T12:16:29","slug":"sangle-slackline-allround-15m-avec-v-loop","status":"publish","type":"product","link":"https:\/\/slacktivity.ch\/fr\/shop\/sangle-slackline-allround-15m-avec-v-loop\/","title":{"rendered":"Sangle Slackline Allround | 15m avec V-Loop"},"content":{"rendered":"<h2>Sangle Slackline Allround | 15m avec V-Loop<\/h2>\n<p>La sangle<strong> Slackline Allround<\/strong> avec la V-Loop (couture verticale) permet un montage simple et rapide sur les poteaux Slackline. Initialement con\u00e7u pour l&rsquo;\u00e9ducation physique, ce syst\u00e8me est utilis\u00e9 avec succ\u00e8s depuis des ann\u00e9es dans de nombreuses \u00e9coles suisses. Avec sa largeur de 37 mm, cette sangle Slackline est id\u00e9ale pour les enfants, les d\u00e9butants et les slackliners exp\u00e9riment\u00e9s.<\/p>\n<h3>Montage rapide de la Slackline gr\u00e2ce \u00e0 la V-Loop<\/h3>\n<p>Compar\u00e9 aux Slacklines classiques, ce produit offre divers avantages :<\/p>\n<ul>\n<li>Aucune sangle d&rsquo;arbre n&rsquo;est n\u00e9cessaire, ce qui permet un montage instantan\u00e9 sur les poteaux Slackline.<\/li>\n<li>Pas de torsion de la Slackline, ce qui facilite la marche.<\/li>\n<li>Le cliquet se trouve toujours sur le poteau, ce qui augmente la s\u00e9curit\u00e9.<\/li>\n<li><strong>WHITE GRIP:<\/strong> L&rsquo;impression blanche sur la sangle Slackline offre une excellente adh\u00e9rence gr\u00e2ce \u00e0 une gomme sp\u00e9ciale, assurant une meilleure prise sur la Slackline.<\/li>\n<li><strong>V-LOOP:<\/strong> Le \u00ab\u00a0Vertical-Loop\u00a0\u00bb permet un montage facile de cette sangle Slackline sur les poteaux Slackline sans l&rsquo;utilisation de sangles d&rsquo;arbre ou de mousquetons. Ce syst\u00e8me est donc id\u00e9al pour une utilisation en int\u00e9rieur et en ext\u00e9rieur et s&rsquo;adapte parfaitement aux poteaux Slackline de SLACKTIVITY. M\u00eame lors de la fixation aux arbres, ce syst\u00e8me pr\u00e9sente des avantages : le mousqueton en acier se d\u00e9place librement sur la sangle d&rsquo;arbre et se positionne automatiquement correctement sous charge, sans causer de frottement sur l&rsquo;\u00e9corce de l&rsquo;arbre.<\/li>\n<\/ul>\n<h3>Contenu de la livraison:<\/h3>\n<ul>\n<li><strong>Sangle Slackline 15m <\/strong>(37 mm de large) avec V-Loop cousu<\/li>\n<\/ul>\n<p>Das Design du V-Loop est l\u00e9galement prot\u00e9g\u00e9 \u00e0 l&rsquo;\u00e9chelle internationale (Protection du Design: <a href=\"https:\/\/www3.wipo.int\/designdb\/hague\/en\/showData.jsp?SOURCE=HAGUE&amp;KEY=D076171\" target=\"_blank\" rel=\"noopener\">DM\/076 171<\/a>) et est exclusivement disponible chez SLACKTIVITY.<\/p>\n","protected":false},"excerpt":{"rendered":"<p>Montage rapide, pas de torsion &#8211; La sangle slackline Allround avec V-Loop est le choix parfait pour tendre und slackline entre des poteaux.<\/p>\n","protected":false},"featured_media":11812,"comment_status":"open","ping_status":"closed","template":"","meta":{"_acf_changed":false,"_joinchat":[]},"product_cat":[915,542,631,727,655,678],"product_tag":[],"class_list":{"0":"post-11827","1":"product","2":"type-product","3":"status-publish","4":"has-post-thumbnail","6":"product_cat-aire-de-jeu-intergenerationnel","7":"product_cat-conception-de-la-zone-de-pause","8":"product_cat-fixation-slackline","9":"product_cat-sangle-slackline","10":"product_cat-sangles","11":"product_cat-slackline-poteau","12":"pa_brand-slacktivity-fr","14":"first","15":"instock","16":"taxable","17":"shipping-taxable","18":"purchasable","19":"product-type-simple"},"acf":[],"yoast_head":"<!-- This site is optimized with the Yoast SEO plugin v27.5 - https:\/\/yoast.com\/product\/yoast-seo-wordpress\/ -->\n<title>Sangle Slackline Allround | 15m avec V-Loop - SLACKTIVITY Slackline Shop Schweiz<\/title>\n<meta name=\"description\" content=\"Montage rapide, pas de torsion - La sangle slackline Allround avec V-Loop est le choix parfait pour tendre und slackline entre des poteaux.\u00a0\" \/>\n<meta name=\"robots\" content=\"index, follow, max-snippet:-1, max-image-preview:large, max-video-preview:-1\" \/>\n<link rel=\"canonical\" href=\"https:\/\/slacktivity.ch\/fr\/shop\/sangle-slackline-allround-15m-avec-v-loop\/\" \/>\n<meta property=\"og:locale\" content=\"fr_FR\" \/>\n<meta property=\"og:type\" content=\"article\" \/>\n<meta property=\"og:title\" content=\"Sangle Slackline Allround | 15m avec V-Loop - SLACKTIVITY Slackline Shop Schweiz\" \/>\n<meta property=\"og:description\" content=\"Montage rapide, pas de torsion - La sangle slackline Allround avec V-Loop est le choix parfait pour tendre und slackline entre des poteaux.\u00a0\" \/>\n<meta property=\"og:url\" content=\"https:\/\/slacktivity.ch\/fr\/shop\/sangle-slackline-allround-15m-avec-v-loop\/\" \/>\n<meta property=\"og:site_name\" content=\"SLACKTIVITY Slackline Shop Schweiz\" \/>\n<meta property=\"article:modified_time\" content=\"2023-12-01T12:16:29+00:00\" \/>\n<meta property=\"og:image\" content=\"https:\/\/slacktivity.ch\/wp-content\/uploads\/2023\/11\/15m-slacklineband.jpg\" \/>\n\t<meta property=\"og:image:width\" content=\"1280\" \/>\n\t<meta property=\"og:image:height\" content=\"1280\" \/>\n\t<meta property=\"og:image:type\" content=\"image\/jpeg\" \/>\n<meta name=\"twitter:card\" content=\"summary_large_image\" \/>\n<meta name=\"twitter:label1\" content=\"Dur\u00e9e de lecture estim\u00e9e\" \/>\n\t<meta name=\"twitter:data1\" content=\"1 minute\" \/>\n<script type=\"application\/ld+json\" class=\"yoast-schema-graph\">{\"@context\":\"https:\\\/\\\/schema.org\",\"@graph\":[{\"@type\":\"WebPage\",\"@id\":\"https:\\\/\\\/slacktivity.ch\\\/fr\\\/shop\\\/sangle-slackline-allround-15m-avec-v-loop\\\/\",\"url\":\"https:\\\/\\\/slacktivity.ch\\\/fr\\\/shop\\\/sangle-slackline-allround-15m-avec-v-loop\\\/\",\"name\":\"Sangle Slackline Allround | 15m avec V-Loop - SLACKTIVITY Slackline Shop Schweiz\",\"isPartOf\":{\"@id\":\"https:\\\/\\\/slacktivity.ch\\\/fr\\\/#website\"},\"primaryImageOfPage\":{\"@id\":\"https:\\\/\\\/slacktivity.ch\\\/fr\\\/shop\\\/sangle-slackline-allround-15m-avec-v-loop\\\/#primaryimage\"},\"image\":{\"@id\":\"https:\\\/\\\/slacktivity.ch\\\/fr\\\/shop\\\/sangle-slackline-allround-15m-avec-v-loop\\\/#primaryimage\"},\"thumbnailUrl\":\"https:\\\/\\\/slacktivity.ch\\\/wp-content\\\/uploads\\\/2023\\\/11\\\/15m-slacklineband.jpg\",\"datePublished\":\"2023-11-29T14:02:45+00:00\",\"dateModified\":\"2023-12-01T12:16:29+00:00\",\"description\":\"Montage rapide, pas de torsion - La sangle slackline Allround avec V-Loop est le choix parfait pour tendre und slackline entre des poteaux.\u00a0\",\"breadcrumb\":{\"@id\":\"https:\\\/\\\/slacktivity.ch\\\/fr\\\/shop\\\/sangle-slackline-allround-15m-avec-v-loop\\\/#breadcrumb\"},\"inLanguage\":\"fr-FR\",\"potentialAction\":[{\"@type\":\"ReadAction\",\"target\":[\"https:\\\/\\\/slacktivity.ch\\\/fr\\\/shop\\\/sangle-slackline-allround-15m-avec-v-loop\\\/\"]}]},{\"@type\":\"ImageObject\",\"inLanguage\":\"fr-FR\",\"@id\":\"https:\\\/\\\/slacktivity.ch\\\/fr\\\/shop\\\/sangle-slackline-allround-15m-avec-v-loop\\\/#primaryimage\",\"url\":\"https:\\\/\\\/slacktivity.ch\\\/wp-content\\\/uploads\\\/2023\\\/11\\\/15m-slacklineband.jpg\",\"contentUrl\":\"https:\\\/\\\/slacktivity.ch\\\/wp-content\\\/uploads\\\/2023\\\/11\\\/15m-slacklineband.jpg\",\"width\":1280,\"height\":1280,\"caption\":\"15m slacklineband\"},{\"@type\":\"BreadcrumbList\",\"@id\":\"https:\\\/\\\/slacktivity.ch\\\/fr\\\/shop\\\/sangle-slackline-allround-15m-avec-v-loop\\\/#breadcrumb\",\"itemListElement\":[{\"@type\":\"ListItem\",\"position\":1,\"name\":\"Home\",\"item\":\"https:\\\/\\\/slacktivity.ch\\\/fr\\\/\"},{\"@type\":\"ListItem\",\"position\":2,\"name\":\"Boutique\",\"item\":\"https:\\\/\\\/slacktivity.ch\\\/fr\\\/boutique\\\/\"},{\"@type\":\"ListItem\",\"position\":3,\"name\":\"Sangle Slackline Allround | 15m avec V-Loop\"}]},{\"@type\":\"WebSite\",\"@id\":\"https:\\\/\\\/slacktivity.ch\\\/fr\\\/#website\",\"url\":\"https:\\\/\\\/slacktivity.ch\\\/fr\\\/\",\"name\":\"SLACKTIVITY Slackline Shop Schweiz\",\"description\":\"Ensembles de slackline de haute qualit\u00e9 avec montage facile, produits innovants Highline et accessoires de slackline acheter en ligne. Pour les enfants, les d\u00e9butants et les professionnels.\",\"publisher\":{\"@id\":\"https:\\\/\\\/slacktivity.ch\\\/fr\\\/#organization\"},\"potentialAction\":[{\"@type\":\"SearchAction\",\"target\":{\"@type\":\"EntryPoint\",\"urlTemplate\":\"https:\\\/\\\/slacktivity.ch\\\/fr\\\/?s={search_term_string}\"},\"query-input\":{\"@type\":\"PropertyValueSpecification\",\"valueRequired\":true,\"valueName\":\"search_term_string\"}}],\"inLanguage\":\"fr-FR\"},{\"@type\":\"Organization\",\"@id\":\"https:\\\/\\\/slacktivity.ch\\\/fr\\\/#organization\",\"name\":\"SLACKTIVITY Slackline Shop Schweiz\",\"url\":\"https:\\\/\\\/slacktivity.ch\\\/fr\\\/\",\"logo\":{\"@type\":\"ImageObject\",\"inLanguage\":\"fr-FR\",\"@id\":\"https:\\\/\\\/slacktivity.ch\\\/fr\\\/#\\\/schema\\\/logo\\\/image\\\/\",\"url\":\"https:\\\/\\\/slacktivity.ch\\\/wp-content\\\/uploads\\\/2021\\\/01\\\/slacktivity-slackline-online-shop-1.png\",\"contentUrl\":\"https:\\\/\\\/slacktivity.ch\\\/wp-content\\\/uploads\\\/2021\\\/01\\\/slacktivity-slackline-online-shop-1.png\",\"width\":200,\"height\":77,\"caption\":\"SLACKTIVITY Slackline Shop Schweiz\"},\"image\":{\"@id\":\"https:\\\/\\\/slacktivity.ch\\\/fr\\\/#\\\/schema\\\/logo\\\/image\\\/\"}}]}<\/script>\n<!-- \/ Yoast SEO plugin. -->","yoast_head_json":{"title":"Sangle Slackline Allround | 15m avec V-Loop - SLACKTIVITY Slackline Shop Schweiz","description":"Montage rapide, pas de torsion - La sangle slackline Allround avec V-Loop est le choix parfait pour tendre und slackline entre des poteaux.\u00a0","robots":{"index":"index","follow":"follow","max-snippet":"max-snippet:-1","max-image-preview":"max-image-preview:large","max-video-preview":"max-video-preview:-1"},"canonical":"https:\/\/slacktivity.ch\/fr\/shop\/sangle-slackline-allround-15m-avec-v-loop\/","og_locale":"fr_FR","og_type":"article","og_title":"Sangle Slackline Allround | 15m avec V-Loop - SLACKTIVITY Slackline Shop Schweiz","og_description":"Montage rapide, pas de torsion - La sangle slackline Allround avec V-Loop est le choix parfait pour tendre und slackline entre des poteaux.\u00a0","og_url":"https:\/\/slacktivity.ch\/fr\/shop\/sangle-slackline-allround-15m-avec-v-loop\/","og_site_name":"SLACKTIVITY Slackline Shop Schweiz","article_modified_time":"2023-12-01T12:16:29+00:00","og_image":[{"width":1280,"height":1280,"url":"https:\/\/slacktivity.ch\/wp-content\/uploads\/2023\/11\/15m-slacklineband.jpg","type":"image\/jpeg"}],"twitter_card":"summary_large_image","twitter_misc":{"Dur\u00e9e de lecture estim\u00e9e":"1 minute"},"schema":{"@context":"https:\/\/schema.org","@graph":[{"@type":"WebPage","@id":"https:\/\/slacktivity.ch\/fr\/shop\/sangle-slackline-allround-15m-avec-v-loop\/","url":"https:\/\/slacktivity.ch\/fr\/shop\/sangle-slackline-allround-15m-avec-v-loop\/","name":"Sangle Slackline Allround | 15m avec V-Loop - SLACKTIVITY Slackline Shop Schweiz","isPartOf":{"@id":"https:\/\/slacktivity.ch\/fr\/#website"},"primaryImageOfPage":{"@id":"https:\/\/slacktivity.ch\/fr\/shop\/sangle-slackline-allround-15m-avec-v-loop\/#primaryimage"},"image":{"@id":"https:\/\/slacktivity.ch\/fr\/shop\/sangle-slackline-allround-15m-avec-v-loop\/#primaryimage"},"thumbnailUrl":"https:\/\/slacktivity.ch\/wp-content\/uploads\/2023\/11\/15m-slacklineband.jpg","datePublished":"2023-11-29T14:02:45+00:00","dateModified":"2023-12-01T12:16:29+00:00","description":"Montage rapide, pas de torsion - La sangle slackline Allround avec V-Loop est le choix parfait pour tendre und slackline entre des poteaux.\u00a0","breadcrumb":{"@id":"https:\/\/slacktivity.ch\/fr\/shop\/sangle-slackline-allround-15m-avec-v-loop\/#breadcrumb"},"inLanguage":"fr-FR","potentialAction":[{"@type":"ReadAction","target":["https:\/\/slacktivity.ch\/fr\/shop\/sangle-slackline-allround-15m-avec-v-loop\/"]}]},{"@type":"ImageObject","inLanguage":"fr-FR","@id":"https:\/\/slacktivity.ch\/fr\/shop\/sangle-slackline-allround-15m-avec-v-loop\/#primaryimage","url":"https:\/\/slacktivity.ch\/wp-content\/uploads\/2023\/11\/15m-slacklineband.jpg","contentUrl":"https:\/\/slacktivity.ch\/wp-content\/uploads\/2023\/11\/15m-slacklineband.jpg","width":1280,"height":1280,"caption":"15m slacklineband"},{"@type":"BreadcrumbList","@id":"https:\/\/slacktivity.ch\/fr\/shop\/sangle-slackline-allround-15m-avec-v-loop\/#breadcrumb","itemListElement":[{"@type":"ListItem","position":1,"name":"Home","item":"https:\/\/slacktivity.ch\/fr\/"},{"@type":"ListItem","position":2,"name":"Boutique","item":"https:\/\/slacktivity.ch\/fr\/boutique\/"},{"@type":"ListItem","position":3,"name":"Sangle Slackline Allround | 15m avec V-Loop"}]},{"@type":"WebSite","@id":"https:\/\/slacktivity.ch\/fr\/#website","url":"https:\/\/slacktivity.ch\/fr\/","name":"SLACKTIVITY Slackline Shop Schweiz","description":"Ensembles de slackline de haute qualit\u00e9 avec montage facile, produits innovants Highline et accessoires de slackline acheter en ligne. Pour les enfants, les d\u00e9butants et les professionnels.","publisher":{"@id":"https:\/\/slacktivity.ch\/fr\/#organization"},"potentialAction":[{"@type":"SearchAction","target":{"@type":"EntryPoint","urlTemplate":"https:\/\/slacktivity.ch\/fr\/?s={search_term_string}"},"query-input":{"@type":"PropertyValueSpecification","valueRequired":true,"valueName":"search_term_string"}}],"inLanguage":"fr-FR"},{"@type":"Organization","@id":"https:\/\/slacktivity.ch\/fr\/#organization","name":"SLACKTIVITY Slackline Shop Schweiz","url":"https:\/\/slacktivity.ch\/fr\/","logo":{"@type":"ImageObject","inLanguage":"fr-FR","@id":"https:\/\/slacktivity.ch\/fr\/#\/schema\/logo\/image\/","url":"https:\/\/slacktivity.ch\/wp-content\/uploads\/2021\/01\/slacktivity-slackline-online-shop-1.png","contentUrl":"https:\/\/slacktivity.ch\/wp-content\/uploads\/2021\/01\/slacktivity-slackline-online-shop-1.png","width":200,"height":77,"caption":"SLACKTIVITY Slackline Shop Schweiz"},"image":{"@id":"https:\/\/slacktivity.ch\/fr\/#\/schema\/logo\/image\/"}}]}},"_links":{"self":[{"href":"https:\/\/slacktivity.ch\/fr\/wp-json\/wp\/v2\/product\/11827","targetHints":{"allow":["GET"]}}],"collection":[{"href":"https:\/\/slacktivity.ch\/fr\/wp-json\/wp\/v2\/product"}],"about":[{"href":"https:\/\/slacktivity.ch\/fr\/wp-json\/wp\/v2\/types\/product"}],"replies":[{"embeddable":true,"href":"https:\/\/slacktivity.ch\/fr\/wp-json\/wp\/v2\/comments?post=11827"}],"wp:featuredmedia":[{"embeddable":true,"href":"https:\/\/slacktivity.ch\/fr\/wp-json\/wp\/v2\/media\/11812"}],"wp:attachment":[{"href":"https:\/\/slacktivity.ch\/fr\/wp-json\/wp\/v2\/media?parent=11827"}],"wp:term":[{"taxonomy":"product_cat","embeddable":true,"href":"https:\/\/slacktivity.ch\/fr\/wp-json\/wp\/v2\/product_cat?post=11827"},{"taxonomy":"product_tag","embeddable":true,"href":"https:\/\/slacktivity.ch\/fr\/wp-json\/wp\/v2\/product_tag?post=11827"}],"curies":[{"name":"wp","href":"https:\/\/api.w.org\/{rel}","templated":true}]}}