{"id":11838,"date":"2022-06-16T11:29:22","date_gmt":"2022-06-16T09:29:22","guid":{"rendered":"https:\/\/slacktivity.ch\/shop\/weekend-warrior-slackline\/"},"modified":"2022-06-16T11:29:22","modified_gmt":"2022-06-16T09:29:22","slug":"weekend-warrior-slackline","status":"publish","type":"product","link":"https:\/\/slacktivity.ch\/fr\/shop\/weekend-warrior-slackline\/","title":{"rendered":"Weekend Warrior | Slackline"},"content":{"rendered":"<h2>Ensemble Slackline Weekend Warrior<\/h2>\n<p>La <strong>Slackline Weekend Warrior<\/strong> propose un parcours d&rsquo;obstacles Ninja Warrior pour adultes et adolescents. Ce n&rsquo;est pas un jouet comme les ensembles de Slackline Ninja existants, mais un \u00e9quipement sportif de haute qualit\u00e9 r\u00e9pondant \u00e0 des exigences \u00e9lev\u00e9es en mati\u00e8re d&rsquo;entra\u00eenement fonctionnel, tout en offrant un maximum de plaisir. Cependant, il faut s&rsquo;attendre \u00e0 attirer les enfants d\u00e8s que la Slackline Weekend Warrior est mont\u00e9e \u00e0 leur vue. Cependant, ce d\u00e9savantage en tant que \u00ab\u00a0magn\u00e9tiseur pour enfants\u00a0\u00bb est \u00e0 prendre en compte pour obtenir le \u00ab\u00a0Graal sacr\u00e9\u00a0\u00bb de l&rsquo;entra\u00eenement fonctionnel et la garantie d&rsquo;une courbature musculaire g\u00e9n\u00e9rale \ud83d\ude42<\/p>\n<p>La bande de Slackline LuckyLoop de 40 m\u00e8tres incluse dans le kit se divise toutes les 70 cm gr\u00e2ce \u00e0 une technique sp\u00e9ciale de tissage en deux bandes et forme une boucle de 30 cm de long. La longueur de 30 cm des boucles permet un d\u00e9placement suppl\u00e9mentaire de la prise d&rsquo;escalade pendant l&rsquo;escalade, offrant ainsi une suspension maximale et une escalade dynamique. La bande LuckyLoop est doubl\u00e9e, permettant d&rsquo;ajuster la distance entre les boucles de mani\u00e8re continue. Ainsi, un parcours Ninja Warrior d&rsquo;une longueur pouvant aller jusqu&rsquo;\u00e0 20 m\u00e8tres est possible, respectivement 40 m\u00e8tres avec des intervalles de boucles fixes de 70 cm. La Slackline Weekend Warrior peut \u00eatre install\u00e9e sur des arbres ou des poteaux de Slackline dans des terrains plats ou inclin\u00e9s. Ce dernier offre un cadre particuli\u00e8rement excitant car lors d&rsquo;un montage sur une pente, la distance par rapport au sol reste toujours similaire, obligeant ainsi \u00e0 surmonter des d\u00e9nivel\u00e9s.<\/p>\n<p>L&rsquo;ensemble Slackline Weekend Warrior est disponible en deux versions. La version Basic est sans prises d&rsquo;escalade pour un budget plus restreint, destin\u00e9e \u00e0 ceux qui pr\u00e9f\u00e8rent fabriquer leurs propres prises. La version Pro est compl\u00e8te, offrant tout ce dont a besoin le Weekend Warrior pour commencer imm\u00e9diatement.<\/p>\n<h4>Weekend Warrior Version Basic (sans prises d&rsquo;escalade)<\/h4>\n<ul>\n<li>1x Bande de Slackline LuckyLoop de 40 m\u00e8tres<\/li>\n<li>1x Cliquet de Slackline en inox avec des espacers<\/li>\n<li>1x Mousqueton de Slackline avec verrouillage Twistlock<\/li>\n<li>1x Manille torsad\u00e9e en acier inoxydable avec roue imprim\u00e9e en 3D (non illustr\u00e9e)<\/li>\n<li>2x Sangles d&rsquo;arbres Slackline ajustables | Longueur : 2.5m, Largeur : 5cm<\/li>\n<li>2x Protection d&rsquo;arbres | Longueur : 2.4m, Largeur : 16cm, \u00c9paisseur : 5mm<\/li>\n<\/ul>\n<p>Poids : environ 4.5kg<\/p>\n<h4>Weekend Warrior Pro Version<\/h4>\n<ul>\n<li>1x Bande de Slackline LuckyLoop de 40 m\u00e8tres<\/li>\n<li>1x Cliquet de Slackline en inox avec des espacers<\/li>\n<li>1x Mousqueton de Slackline avec verrouillage Twistlock<\/li>\n<li>1x Manille torsad\u00e9e en acier inoxydable avec roue imprim\u00e9e en 3D (non illustr\u00e9e)<\/li>\n<li>2x Sangles d&rsquo;arbres Slackline ajustables | Longueur : 2.5m, Largeur : 5cm<\/li>\n<li>2x Protection d&rsquo;arbres | Longueur : 2.4m, Largeur : 16cm, \u00c9paisseur : 5mm<\/li>\n<li>3x <strong>Pullup Handle<\/strong> Poign\u00e9e d&rsquo;escalade avec mousqueton en aluminium<\/li>\n<li>2x <strong>Trapez<\/strong> avec deux mousquetons en aluminium chacun<\/li>\n<li>2x <strong>Kletter Kugel<\/strong> avec mousqueton en aluminium<\/li>\n<li>2x <strong>Fuss-Schlaufe<\/strong> avec mousqueton en aluminium (schlaufe vert-blanc)<\/li>\n<li>1x <strong>Hand-Fuss-Kombi Schlaufe<\/strong> avec deux mousquetons en aluminium (schlaufe jaune)<\/li>\n<li>1x <a href=\"https:\/\/slacktivity.ch\/shop\/slackline-bag\/\">Sac de Slackline<\/a> (non illustr\u00e9)<\/li>\n<\/ul>\n<p>Poids : environ 7.1kg<\/p>\n<h3>Les composants en d\u00e9tail<\/h3>\n<p>Les composants de haute qualit\u00e9 parfaitement ajust\u00e9s permettent un montage vari\u00e9, efficace et pourtant simple. Toutes les pi\u00e8ces ont \u00e9t\u00e9 d\u00e9velopp\u00e9es et test\u00e9es par SLACKTIVITY en Suisse.<\/p>\n<h4>Protection d&rsquo;arbres | TreeProtection<\/h4>\n<p>La protection d&rsquo;arbres SLACKTIVITY est la <b>plus longue protection d&rsquo;arbres<\/b> sur le march\u00e9 avec une largeur de 16 cm et une longueur de 240 cm. Gr\u00e2ce \u00e0 la fermeture velcro pratique et au tissu en feutre, la protection d&rsquo;arbres peut \u00eatre facilement et rapidement plac\u00e9e autour de l&rsquo;arbre. Avec une \u00e9paisseur de 5 mm et une certaine rigidit\u00e9, la pression de la sangle d&rsquo;arbre est bien r\u00e9partie sur l&rsquo;\u00e9corce de l&rsquo;arbre. Le poids d&rsquo;une protection d&rsquo;arbre est de 340 g.<\/p>\n<h4>Sangle d&rsquo;arbre Slackline ajustable | 2.5m<\/h4>\n<p>Les <strong>sangles d&rsquo;arbre Slackline<\/strong> incluses dans le kit sont con\u00e7ues avec une largeur de 5 cm pour \u00eatre tr\u00e8s douces pour les arbres tout en \u00e9tant tr\u00e8s pratiques \u00e0 utiliser. En quelques secondes, la sangle d&rsquo;arbre peut \u00eatre r\u00e9gl\u00e9e entre des longueurs de 30 \u00e0 240 cm. Le mousqueton\/la manille torsad\u00e9e se d\u00e9place automatiquement au bon endroit avec cette sangle d&rsquo;arbre, sans frotter le long de l&rsquo;\u00e9corce. Gr\u00e2ce au velcro cousu \u00e0 l&rsquo;arri\u00e8re, cette sangle Slackline peut \u00eatre fix\u00e9e facilement au <a href=\"https:\/\/slacktivity.ch\/category\/slackline-baumschutz\/\">prot\u00e8ge-arbre<\/a>.<\/p>\n<h4>Mousqueton de Slackline | en acier<\/h4>\n<p>Le <strong>mousqueton de Slackline<\/strong> est l\u00e9ger, facile \u00e0 utiliser et offre une grande s\u00e9curit\u00e9 pour les utilisations de la Slackline Weekend Warrior. Gr\u00e2ce \u00e0 la fermeture TwistLock pratique, le mousqueton est toujours ferm\u00e9 en toute s\u00e9curit\u00e9. Le mousqueton de Slackline en acier carbone a un poids de 170g et une r\u00e9sistance minimale en longueur de 25kN.<\/p>\n<h4>Boucle de connexion | Verbindungsschlaufe<\/h4>\n<p>Gr\u00e2ce \u00e0 cette <strong>boucle de connexion (Verbindungsschlaufe)<\/strong>, vous pouvez vous passer d&rsquo;un <a href=\"https:\/\/slacktivity.ch\/shop\/twistschakel\/\" target=\"_blank\" rel=\"noopener\">manille torsad\u00e9e<\/a> et \u00eatre encore plus flexible dans la construction. En combinaison avec la <a href=\"https:\/\/slacktivity.ch\/shop\/slackline-baumschlinge-2-5m\/\" target=\"_blank\" rel=\"noopener\">sangle d&rsquo;arbre Slacktivity<\/a>, cette boucle peut \u00eatre directement accroch\u00e9e, ce qui permet d&rsquo;\u00e9conomiser une manille. Gr\u00e2ce \u00e0 son faible poids, la boucle peut rester accroch\u00e9e \u00e0 la <a href=\"https:\/\/slacktivity.ch\/shop\/slackline-baumschlinge-2-5m\/\">sangle d&rsquo;arbre Slackline<\/a> &#8211; rendant le montage encore plus simple et efficace.<\/p>\n<h4>Cliquet de Slackline INOX | pour les Slacklines de 25mm<\/h4>\n<p>Le cliquet PowerRatsche avec des espacers imprim\u00e9s en 3D pour les bandes de 25mm est enti\u00e8rement <strong>fabriqu\u00e9 en acier inoxydable<\/strong>. Le cliquet de Slackline est tr\u00e8s pr\u00e9cis \u00e0 utiliser car les pi\u00e8ces en acier inoxydable glissent mieux les unes sur les autres que les surfaces en m\u00e9tal chrom\u00e9 ou zingu\u00e9 des cliquets conventionnels bon march\u00e9. Les espacers sont imprim\u00e9s en 3D par l&rsquo;\u00e9quipe SLACKTIVITY &#8211; fabriqu\u00e9 en Suisse \ud83d\ude42 La couleur peut donc varier. Avec seulement 1080 grammes, il s&rsquo;agit de l&rsquo;un des cliquets les plus l\u00e9gers, avec une r\u00e9sistance \u00e0 la rupture de 50kN (5 tonnes). Le m\u00e9canisme de s\u00e9curit\u00e9 emp\u00eache tout d\u00e9verrouillage accidentel du cliquet.<\/p>\n<h4>LuckyLoop | Bande de Slackline<\/h4>\n<p>La bande de Slackline LuckyLoop est un produit de la technologie de tissage moderne. C&rsquo;est une bande bicolore qui se divise toutes les 70 cm en deux bandes et forme une boucle de 30 cm de long. La bande de Slackline a une r\u00e9sistance \u00e0 la rupture mesur\u00e9e de 16.9kN et 5kN pour chaque boucle individuelle.<\/p>\n<h4>Poign\u00e9es d&rsquo;escalade | en bois<\/h4>\n<p>Dans la version Pro, trois types de poign\u00e9es d&rsquo;escalade telles que Pullup Handle, Kletterkugel et Trapez sont incluses. Pour que la fixation des poign\u00e9es d&rsquo;escalade sur les boucles de la bande LuckyLoop soit aussi simple et confortable que possible, tous les mousquetons en aluminium n\u00e9cessaires sont inclus dans l&rsquo;ensemble. La couleur des mousquetons en aluminium est noir-argent\u00e9 ou argent-orange. La r\u00e9sistance \u00e0 la rupture de ces mousquetons mesur\u00e9e par SLACKTIVITY est de 27.7kN. Les poign\u00e9es d&rsquo;escalade en bois sont \u00e9quip\u00e9es d&rsquo;une corde statique de 6mm avec deux extr\u00e9mit\u00e9s nou\u00e9es. La r\u00e9sistance \u00e0 la rupture de ces extr\u00e9mit\u00e9s nou\u00e9es est de 2.8kN. Cela signifie qu&rsquo;une poign\u00e9e d&rsquo;escalade peut \u00eatre charg\u00e9e sans probl\u00e8me avec un poids corporel de 100kg.<\/p>\n<h4>Sangle pour pieds | en mat\u00e9riau de Slackline<\/h4>\n<p>Pour atteindre une gamme de mouvement maximale, les <strong>sangles pour pieds<\/strong> (vert-blanc) sont essentielles comme support. Cela permet une grande vari\u00e9t\u00e9 de mouvements et l&rsquo;apprentissage d&rsquo;une technique d&rsquo;escalade \u00e9conomique en termes de force. Les sangles pour pieds sont fabriqu\u00e9es en mat\u00e9riau de Slackline et sont optimis\u00e9es pour permettre diverses positions de pieds telles que le pas, le Toe-Hook et le Heel-Hook de mani\u00e8re confortable. Chaque sangle pour pied est \u00e9galement \u00e9quip\u00e9e d&rsquo;un mousqueton en aluminium \u00e9l\u00e9gant pour une fixation facile et un d\u00e9crochage de la ligne LuckyLoop. La sangle pour main et pied (jaune) est m\u00eame \u00e9quip\u00e9e de deux mousquet tons en aluminium et peut \u00e9galement \u00eatre utilis\u00e9e comme poign\u00e9e pour les mains en plus de sa fonction de pas.<\/p>\n","protected":false},"excerpt":{"rendered":"<p>Ensemble Slackline Weekend Warrior La Slackline Weekend Warrior propose un parcours d&rsquo;obstacles Ninja Warrior pour adultes et adolescents. Ce n&rsquo;est pas un jouet comme les ensembles de Slackline Ninja existants, mais un \u00e9quipement sportif de haute qualit\u00e9 r\u00e9pondant \u00e0 des exigences \u00e9lev\u00e9es en mati\u00e8re d&rsquo;entra\u00eenement fonctionnel, tout en offrant un maximum de plaisir. Cependant, il [&hellip;]<\/p>\n","protected":false},"featured_media":10914,"comment_status":"open","ping_status":"closed","template":"","meta":{"_acf_changed":false,"_joinchat":[]},"product_cat":[638,977],"product_tag":[],"class_list":{"0":"post-11838","1":"product","2":"type-product","3":"status-publish","4":"has-post-thumbnail","6":"product_cat-kit-slackline","7":"product_cat-ninja-warrior-slackline-fr","8":"pa_brand-slacktivity-fr","10":"first","11":"instock","12":"taxable","13":"shipping-taxable","14":"purchasable","15":"product-type-variable","16":"has-default-attributes"},"acf":[],"yoast_head":"<!-- This site is optimized with the Yoast SEO plugin v27.4 - https:\/\/yoast.com\/product\/yoast-seo-wordpress\/ -->\n<title>Weekend Warrior | Slackline - SLACKTIVITY Slackline Shop Schweiz<\/title>\n<meta name=\"description\" content=\"Weekend Warrior Slackline offre un parcours d&#039;obstacles Ninja Warrior pour les adultes et les adolescents, r\u00e9pondant aux exigences d&#039;un \u00e9quipement sportif\" \/>\n<meta name=\"robots\" content=\"index, follow, max-snippet:-1, max-image-preview:large, max-video-preview:-1\" \/>\n<link rel=\"canonical\" href=\"https:\/\/slacktivity.ch\/fr\/shop\/weekend-warrior-slackline\/\" \/>\n<meta property=\"og:locale\" content=\"fr_FR\" \/>\n<meta property=\"og:type\" content=\"article\" \/>\n<meta property=\"og:title\" content=\"Weekend Warrior | Slackline - SLACKTIVITY Slackline Shop Schweiz\" \/>\n<meta property=\"og:description\" content=\"Weekend Warrior Slackline offre un parcours d&#039;obstacles Ninja Warrior pour les adultes et les adolescents, r\u00e9pondant aux exigences d&#039;un \u00e9quipement sportif\" \/>\n<meta property=\"og:url\" content=\"https:\/\/slacktivity.ch\/fr\/shop\/weekend-warrior-slackline\/\" \/>\n<meta property=\"og:site_name\" content=\"SLACKTIVITY Slackline Shop Schweiz\" \/>\n<meta property=\"og:image\" content=\"https:\/\/slacktivity.ch\/wp-content\/uploads\/2022\/06\/weekend-warrior-slackline.jpg\" \/>\n\t<meta property=\"og:image:width\" content=\"1180\" \/>\n\t<meta property=\"og:image:height\" content=\"1377\" \/>\n\t<meta property=\"og:image:type\" content=\"image\/jpeg\" \/>\n<meta name=\"twitter:card\" content=\"summary_large_image\" \/>\n<meta name=\"twitter:label1\" content=\"Dur\u00e9e de lecture estim\u00e9e\" \/>\n\t<meta name=\"twitter:data1\" content=\"7 minutes\" \/>\n<script type=\"application\/ld+json\" class=\"yoast-schema-graph\">{\"@context\":\"https:\\\/\\\/schema.org\",\"@graph\":[{\"@type\":\"WebPage\",\"@id\":\"https:\\\/\\\/slacktivity.ch\\\/fr\\\/shop\\\/weekend-warrior-slackline\\\/\",\"url\":\"https:\\\/\\\/slacktivity.ch\\\/fr\\\/shop\\\/weekend-warrior-slackline\\\/\",\"name\":\"Weekend Warrior | Slackline - SLACKTIVITY Slackline Shop Schweiz\",\"isPartOf\":{\"@id\":\"https:\\\/\\\/slacktivity.ch\\\/fr\\\/#website\"},\"primaryImageOfPage\":{\"@id\":\"https:\\\/\\\/slacktivity.ch\\\/fr\\\/shop\\\/weekend-warrior-slackline\\\/#primaryimage\"},\"image\":{\"@id\":\"https:\\\/\\\/slacktivity.ch\\\/fr\\\/shop\\\/weekend-warrior-slackline\\\/#primaryimage\"},\"thumbnailUrl\":\"https:\\\/\\\/slacktivity.ch\\\/wp-content\\\/uploads\\\/2022\\\/06\\\/weekend-warrior-slackline.jpg\",\"datePublished\":\"2022-06-16T09:29:22+00:00\",\"description\":\"Weekend Warrior Slackline offre un parcours d'obstacles Ninja Warrior pour les adultes et les adolescents, r\u00e9pondant aux exigences d'un \u00e9quipement sportif\",\"breadcrumb\":{\"@id\":\"https:\\\/\\\/slacktivity.ch\\\/fr\\\/shop\\\/weekend-warrior-slackline\\\/#breadcrumb\"},\"inLanguage\":\"fr-FR\",\"potentialAction\":[{\"@type\":\"ReadAction\",\"target\":[\"https:\\\/\\\/slacktivity.ch\\\/fr\\\/shop\\\/weekend-warrior-slackline\\\/\"]}]},{\"@type\":\"ImageObject\",\"inLanguage\":\"fr-FR\",\"@id\":\"https:\\\/\\\/slacktivity.ch\\\/fr\\\/shop\\\/weekend-warrior-slackline\\\/#primaryimage\",\"url\":\"https:\\\/\\\/slacktivity.ch\\\/wp-content\\\/uploads\\\/2022\\\/06\\\/weekend-warrior-slackline.jpg\",\"contentUrl\":\"https:\\\/\\\/slacktivity.ch\\\/wp-content\\\/uploads\\\/2022\\\/06\\\/weekend-warrior-slackline.jpg\",\"width\":1180,\"height\":1377,\"caption\":\"weekend warrior slackline\"},{\"@type\":\"BreadcrumbList\",\"@id\":\"https:\\\/\\\/slacktivity.ch\\\/fr\\\/shop\\\/weekend-warrior-slackline\\\/#breadcrumb\",\"itemListElement\":[{\"@type\":\"ListItem\",\"position\":1,\"name\":\"Home\",\"item\":\"https:\\\/\\\/slacktivity.ch\\\/fr\\\/\"},{\"@type\":\"ListItem\",\"position\":2,\"name\":\"Boutique\",\"item\":\"https:\\\/\\\/slacktivity.ch\\\/fr\\\/boutique\\\/\"},{\"@type\":\"ListItem\",\"position\":3,\"name\":\"Weekend Warrior | Slackline\"}]},{\"@type\":\"WebSite\",\"@id\":\"https:\\\/\\\/slacktivity.ch\\\/fr\\\/#website\",\"url\":\"https:\\\/\\\/slacktivity.ch\\\/fr\\\/\",\"name\":\"SLACKTIVITY Slackline Shop Schweiz\",\"description\":\"Ensembles de slackline de haute qualit\u00e9 avec montage facile, produits innovants Highline et accessoires de slackline acheter en ligne. Pour les enfants, les d\u00e9butants et les professionnels.\",\"publisher\":{\"@id\":\"https:\\\/\\\/slacktivity.ch\\\/fr\\\/#organization\"},\"potentialAction\":[{\"@type\":\"SearchAction\",\"target\":{\"@type\":\"EntryPoint\",\"urlTemplate\":\"https:\\\/\\\/slacktivity.ch\\\/fr\\\/?s={search_term_string}\"},\"query-input\":{\"@type\":\"PropertyValueSpecification\",\"valueRequired\":true,\"valueName\":\"search_term_string\"}}],\"inLanguage\":\"fr-FR\"},{\"@type\":\"Organization\",\"@id\":\"https:\\\/\\\/slacktivity.ch\\\/fr\\\/#organization\",\"name\":\"SLACKTIVITY Slackline Shop Schweiz\",\"url\":\"https:\\\/\\\/slacktivity.ch\\\/fr\\\/\",\"logo\":{\"@type\":\"ImageObject\",\"inLanguage\":\"fr-FR\",\"@id\":\"https:\\\/\\\/slacktivity.ch\\\/fr\\\/#\\\/schema\\\/logo\\\/image\\\/\",\"url\":\"https:\\\/\\\/slacktivity.ch\\\/wp-content\\\/uploads\\\/2021\\\/01\\\/slacktivity-slackline-online-shop-1.png\",\"contentUrl\":\"https:\\\/\\\/slacktivity.ch\\\/wp-content\\\/uploads\\\/2021\\\/01\\\/slacktivity-slackline-online-shop-1.png\",\"width\":200,\"height\":77,\"caption\":\"SLACKTIVITY Slackline Shop Schweiz\"},\"image\":{\"@id\":\"https:\\\/\\\/slacktivity.ch\\\/fr\\\/#\\\/schema\\\/logo\\\/image\\\/\"}}]}<\/script>\n<!-- \/ Yoast SEO plugin. -->","yoast_head_json":{"title":"Weekend Warrior | Slackline - SLACKTIVITY Slackline Shop Schweiz","description":"Weekend Warrior Slackline offre un parcours d'obstacles Ninja Warrior pour les adultes et les adolescents, r\u00e9pondant aux exigences d'un \u00e9quipement sportif","robots":{"index":"index","follow":"follow","max-snippet":"max-snippet:-1","max-image-preview":"max-image-preview:large","max-video-preview":"max-video-preview:-1"},"canonical":"https:\/\/slacktivity.ch\/fr\/shop\/weekend-warrior-slackline\/","og_locale":"fr_FR","og_type":"article","og_title":"Weekend Warrior | Slackline - SLACKTIVITY Slackline Shop Schweiz","og_description":"Weekend Warrior Slackline offre un parcours d'obstacles Ninja Warrior pour les adultes et les adolescents, r\u00e9pondant aux exigences d'un \u00e9quipement sportif","og_url":"https:\/\/slacktivity.ch\/fr\/shop\/weekend-warrior-slackline\/","og_site_name":"SLACKTIVITY Slackline Shop Schweiz","og_image":[{"width":1180,"height":1377,"url":"https:\/\/slacktivity.ch\/wp-content\/uploads\/2022\/06\/weekend-warrior-slackline.jpg","type":"image\/jpeg"}],"twitter_card":"summary_large_image","twitter_misc":{"Dur\u00e9e de lecture estim\u00e9e":"7 minutes"},"schema":{"@context":"https:\/\/schema.org","@graph":[{"@type":"WebPage","@id":"https:\/\/slacktivity.ch\/fr\/shop\/weekend-warrior-slackline\/","url":"https:\/\/slacktivity.ch\/fr\/shop\/weekend-warrior-slackline\/","name":"Weekend Warrior | Slackline - SLACKTIVITY Slackline Shop Schweiz","isPartOf":{"@id":"https:\/\/slacktivity.ch\/fr\/#website"},"primaryImageOfPage":{"@id":"https:\/\/slacktivity.ch\/fr\/shop\/weekend-warrior-slackline\/#primaryimage"},"image":{"@id":"https:\/\/slacktivity.ch\/fr\/shop\/weekend-warrior-slackline\/#primaryimage"},"thumbnailUrl":"https:\/\/slacktivity.ch\/wp-content\/uploads\/2022\/06\/weekend-warrior-slackline.jpg","datePublished":"2022-06-16T09:29:22+00:00","description":"Weekend Warrior Slackline offre un parcours d'obstacles Ninja Warrior pour les adultes et les adolescents, r\u00e9pondant aux exigences d'un \u00e9quipement sportif","breadcrumb":{"@id":"https:\/\/slacktivity.ch\/fr\/shop\/weekend-warrior-slackline\/#breadcrumb"},"inLanguage":"fr-FR","potentialAction":[{"@type":"ReadAction","target":["https:\/\/slacktivity.ch\/fr\/shop\/weekend-warrior-slackline\/"]}]},{"@type":"ImageObject","inLanguage":"fr-FR","@id":"https:\/\/slacktivity.ch\/fr\/shop\/weekend-warrior-slackline\/#primaryimage","url":"https:\/\/slacktivity.ch\/wp-content\/uploads\/2022\/06\/weekend-warrior-slackline.jpg","contentUrl":"https:\/\/slacktivity.ch\/wp-content\/uploads\/2022\/06\/weekend-warrior-slackline.jpg","width":1180,"height":1377,"caption":"weekend warrior slackline"},{"@type":"BreadcrumbList","@id":"https:\/\/slacktivity.ch\/fr\/shop\/weekend-warrior-slackline\/#breadcrumb","itemListElement":[{"@type":"ListItem","position":1,"name":"Home","item":"https:\/\/slacktivity.ch\/fr\/"},{"@type":"ListItem","position":2,"name":"Boutique","item":"https:\/\/slacktivity.ch\/fr\/boutique\/"},{"@type":"ListItem","position":3,"name":"Weekend Warrior | Slackline"}]},{"@type":"WebSite","@id":"https:\/\/slacktivity.ch\/fr\/#website","url":"https:\/\/slacktivity.ch\/fr\/","name":"SLACKTIVITY Slackline Shop Schweiz","description":"Ensembles de slackline de haute qualit\u00e9 avec montage facile, produits innovants Highline et accessoires de slackline acheter en ligne. Pour les enfants, les d\u00e9butants et les professionnels.","publisher":{"@id":"https:\/\/slacktivity.ch\/fr\/#organization"},"potentialAction":[{"@type":"SearchAction","target":{"@type":"EntryPoint","urlTemplate":"https:\/\/slacktivity.ch\/fr\/?s={search_term_string}"},"query-input":{"@type":"PropertyValueSpecification","valueRequired":true,"valueName":"search_term_string"}}],"inLanguage":"fr-FR"},{"@type":"Organization","@id":"https:\/\/slacktivity.ch\/fr\/#organization","name":"SLACKTIVITY Slackline Shop Schweiz","url":"https:\/\/slacktivity.ch\/fr\/","logo":{"@type":"ImageObject","inLanguage":"fr-FR","@id":"https:\/\/slacktivity.ch\/fr\/#\/schema\/logo\/image\/","url":"https:\/\/slacktivity.ch\/wp-content\/uploads\/2021\/01\/slacktivity-slackline-online-shop-1.png","contentUrl":"https:\/\/slacktivity.ch\/wp-content\/uploads\/2021\/01\/slacktivity-slackline-online-shop-1.png","width":200,"height":77,"caption":"SLACKTIVITY Slackline Shop Schweiz"},"image":{"@id":"https:\/\/slacktivity.ch\/fr\/#\/schema\/logo\/image\/"}}]}},"_links":{"self":[{"href":"https:\/\/slacktivity.ch\/fr\/wp-json\/wp\/v2\/product\/11838","targetHints":{"allow":["GET"]}}],"collection":[{"href":"https:\/\/slacktivity.ch\/fr\/wp-json\/wp\/v2\/product"}],"about":[{"href":"https:\/\/slacktivity.ch\/fr\/wp-json\/wp\/v2\/types\/product"}],"replies":[{"embeddable":true,"href":"https:\/\/slacktivity.ch\/fr\/wp-json\/wp\/v2\/comments?post=11838"}],"wp:featuredmedia":[{"embeddable":true,"href":"https:\/\/slacktivity.ch\/fr\/wp-json\/wp\/v2\/media\/10914"}],"wp:attachment":[{"href":"https:\/\/slacktivity.ch\/fr\/wp-json\/wp\/v2\/media?parent=11838"}],"wp:term":[{"taxonomy":"product_cat","embeddable":true,"href":"https:\/\/slacktivity.ch\/fr\/wp-json\/wp\/v2\/product_cat?post=11838"},{"taxonomy":"product_tag","embeddable":true,"href":"https:\/\/slacktivity.ch\/fr\/wp-json\/wp\/v2\/product_tag?post=11838"}],"curies":[{"name":"wp","href":"https:\/\/api.w.org\/{rel}","templated":true}]}}