{"id":11873,"date":"2022-07-04T14:56:49","date_gmt":"2022-07-04T12:56:49","guid":{"rendered":"https:\/\/slacktivity.ch\/shop\/trapeze\/"},"modified":"2022-07-04T14:56:49","modified_gmt":"2022-07-04T12:56:49","slug":"trapeze","status":"publish","type":"product","link":"https:\/\/slacktivity.ch\/fr\/shop\/trapeze\/","title":{"rendered":"Trap\u00e8ze"},"content":{"rendered":"<h2>Trapez | Acheter en bois<\/h2>\n<p>La prise d&rsquo;escalade <strong>Trapez<\/strong> de SLACKTIVITY est fabriqu\u00e9e en bois de h\u00eatre naturel et est disponible \u00e0 l&rsquo;achat avec une corde d&rsquo;escalade et un mousqueton en aluminium de qualit\u00e9. La longueur du trap\u00e8ze est de 60 cm et son diam\u00e8tre est de 30 mm. Ces dimensions permettent une adh\u00e9rence optimale de la main. En raison de sa largeur, le trap\u00e8ze peut \u00e9galement \u00eatre utilis\u00e9 pour s&rsquo;accrocher avec les genoux. Avec les deux mousquetons en aluminium de qualit\u00e9, cette prise d&rsquo;escalade peut \u00eatre facilement attach\u00e9e et d\u00e9tach\u00e9e. Des autres prises ou des boucles de marche peuvent \u00eatre mont\u00e9es aux deux boucles nou\u00e9es. Ainsi, l&rsquo;entra\u00eenement fonctionnel peut \u00eatre vari\u00e9.<\/p>\n<p>Lors des s\u00e9quences d&rsquo;escalade avec la <a href=\"https:\/\/slacktivity.ch\/shop\/weekend-warrior-slackline\/\">slackline Weekend Warrior<\/a>, le trap\u00e8ze est souvent la poign\u00e9e salvatrice et peut \u00eatre utilis\u00e9 comme prise de main ou de pied pour accrocher. Il est particuli\u00e8rement recommand\u00e9 comme position de repos ou pour des mouvements amples. Ce produit offre une grande libert\u00e9 dans la cr\u00e9ation de mouvements cr\u00e9atifs tout en proposant un entra\u00eenement fonctionnel et de haute qualit\u00e9.<\/p>\n<h3>Contenu de la livraison<\/h3>\n<ul>\n<li>Prise en bois 60x3cm<\/li>\n<li>2x Corde d&rsquo;escalade avec deux boucles nou\u00e9es<\/li>\n<li>2x Mousquetons en aluminium<\/li>\n<\/ul>\n<h3>Remarques<\/h3>\n<p>Le bois \u00e9tant un produit naturel, chaque prise d&rsquo;escalade est unique en termes de grain et d&rsquo;apparence. Il est recommand\u00e9 d&rsquo;utiliser ce produit principalement en int\u00e9rieur ou en ext\u00e9rieur par temps cl\u00e9ment. Attention : par temps tr\u00e8s sec, de petites fissures peuvent appara\u00eetre dans le bois. Cependant, celles-ci n&rsquo;affectent pas la fonctionnalit\u00e9 du produit. En cas de doute, nous sommes l\u00e0 pour vous aider. -&gt; <a href=\"https:\/\/slacktivity.ch\/kontakt\/\">Contact<\/a><\/p>\n","protected":false},"excerpt":{"rendered":"<p>&lt;p&gt;La prise d&rsquo;escalade Trapez est fabriqu\u00e9e en bois et offre des positions de prise et de crochet.&lt;\/p&gt;<\/p>\n","protected":false},"featured_media":10967,"comment_status":"open","ping_status":"closed","template":"","meta":{"_acf_changed":false,"_joinchat":[]},"product_cat":[977],"product_tag":[979],"class_list":{"0":"post-11873","1":"product","2":"type-product","3":"status-publish","4":"has-post-thumbnail","6":"product_cat-ninja-warrior-slackline-fr","7":"product_tag-ninja-warrior-fr","8":"pa_brand-slacktivity-fr","10":"first","11":"instock","12":"taxable","13":"shipping-taxable","14":"purchasable","15":"product-type-simple"},"acf":[],"yoast_head":"<!-- This site is optimized with the Yoast SEO plugin v27.3 - https:\/\/yoast.com\/product\/yoast-seo-wordpress\/ -->\n<title>Trap\u00e8ze kaufen | beiSLACKTIVITY Slackline Shop Schweiz<\/title>\n<meta name=\"description\" content=\"Der Trapez Klettergriff zum kaufen ist aus Holz gefertigt und bietet Henkel oder Zange als Griffposition. Jetzt in der Schweiz online kaufen!\" \/>\n<meta name=\"robots\" content=\"index, follow, max-snippet:-1, max-image-preview:large, max-video-preview:-1\" \/>\n<link rel=\"canonical\" href=\"https:\/\/slacktivity.ch\/fr\/shop\/trapeze\/\" \/>\n<meta property=\"og:locale\" content=\"fr_FR\" \/>\n<meta property=\"og:type\" content=\"article\" \/>\n<meta property=\"og:title\" content=\"Trap\u00e8ze kaufen | beiSLACKTIVITY Slackline Shop Schweiz\" \/>\n<meta property=\"og:description\" content=\"Der Trapez Klettergriff zum kaufen ist aus Holz gefertigt und bietet Henkel oder Zange als Griffposition. Jetzt in der Schweiz online kaufen!\" \/>\n<meta property=\"og:url\" content=\"https:\/\/slacktivity.ch\/fr\/shop\/trapeze\/\" \/>\n<meta property=\"og:site_name\" content=\"SLACKTIVITY Slackline Shop Schweiz\" \/>\n<meta property=\"og:image\" content=\"https:\/\/slacktivity.ch\/wp-content\/uploads\/2022\/06\/trapez-kaufen.jpg\" \/>\n\t<meta property=\"og:image:width\" content=\"1180\" \/>\n\t<meta property=\"og:image:height\" content=\"1377\" \/>\n\t<meta property=\"og:image:type\" content=\"image\/jpeg\" \/>\n<meta name=\"twitter:card\" content=\"summary_large_image\" \/>\n<meta name=\"twitter:label1\" content=\"Dur\u00e9e de lecture estim\u00e9e\" \/>\n\t<meta name=\"twitter:data1\" content=\"1 minute\" \/>\n<script type=\"application\/ld+json\" class=\"yoast-schema-graph\">{\"@context\":\"https:\\\/\\\/schema.org\",\"@graph\":[{\"@type\":\"WebPage\",\"@id\":\"https:\\\/\\\/slacktivity.ch\\\/fr\\\/shop\\\/trapeze\\\/\",\"url\":\"https:\\\/\\\/slacktivity.ch\\\/fr\\\/shop\\\/trapeze\\\/\",\"name\":\"Trap\u00e8ze kaufen | beiSLACKTIVITY Slackline Shop Schweiz\",\"isPartOf\":{\"@id\":\"https:\\\/\\\/slacktivity.ch\\\/fr\\\/#website\"},\"primaryImageOfPage\":{\"@id\":\"https:\\\/\\\/slacktivity.ch\\\/fr\\\/shop\\\/trapeze\\\/#primaryimage\"},\"image\":{\"@id\":\"https:\\\/\\\/slacktivity.ch\\\/fr\\\/shop\\\/trapeze\\\/#primaryimage\"},\"thumbnailUrl\":\"https:\\\/\\\/slacktivity.ch\\\/wp-content\\\/uploads\\\/2022\\\/06\\\/trapez-kaufen.jpg\",\"datePublished\":\"2022-07-04T12:56:49+00:00\",\"description\":\"Der Trapez Klettergriff zum kaufen ist aus Holz gefertigt und bietet Henkel oder Zange als Griffposition. Jetzt in der Schweiz online kaufen!\",\"breadcrumb\":{\"@id\":\"https:\\\/\\\/slacktivity.ch\\\/fr\\\/shop\\\/trapeze\\\/#breadcrumb\"},\"inLanguage\":\"fr-FR\",\"potentialAction\":[{\"@type\":\"ReadAction\",\"target\":[\"https:\\\/\\\/slacktivity.ch\\\/fr\\\/shop\\\/trapeze\\\/\"]}]},{\"@type\":\"ImageObject\",\"inLanguage\":\"fr-FR\",\"@id\":\"https:\\\/\\\/slacktivity.ch\\\/fr\\\/shop\\\/trapeze\\\/#primaryimage\",\"url\":\"https:\\\/\\\/slacktivity.ch\\\/wp-content\\\/uploads\\\/2022\\\/06\\\/trapez-kaufen.jpg\",\"contentUrl\":\"https:\\\/\\\/slacktivity.ch\\\/wp-content\\\/uploads\\\/2022\\\/06\\\/trapez-kaufen.jpg\",\"width\":1180,\"height\":1377,\"caption\":\"trapez kaufen\"},{\"@type\":\"BreadcrumbList\",\"@id\":\"https:\\\/\\\/slacktivity.ch\\\/fr\\\/shop\\\/trapeze\\\/#breadcrumb\",\"itemListElement\":[{\"@type\":\"ListItem\",\"position\":1,\"name\":\"Home\",\"item\":\"https:\\\/\\\/slacktivity.ch\\\/fr\\\/\"},{\"@type\":\"ListItem\",\"position\":2,\"name\":\"Boutique\",\"item\":\"https:\\\/\\\/slacktivity.ch\\\/fr\\\/boutique\\\/\"},{\"@type\":\"ListItem\",\"position\":3,\"name\":\"Trap\u00e8ze\"}]},{\"@type\":\"WebSite\",\"@id\":\"https:\\\/\\\/slacktivity.ch\\\/fr\\\/#website\",\"url\":\"https:\\\/\\\/slacktivity.ch\\\/fr\\\/\",\"name\":\"SLACKTIVITY Slackline Shop Schweiz\",\"description\":\"Ensembles de slackline de haute qualit\u00e9 avec montage facile, produits innovants Highline et accessoires de slackline acheter en ligne. Pour les enfants, les d\u00e9butants et les professionnels.\",\"publisher\":{\"@id\":\"https:\\\/\\\/slacktivity.ch\\\/fr\\\/#organization\"},\"potentialAction\":[{\"@type\":\"SearchAction\",\"target\":{\"@type\":\"EntryPoint\",\"urlTemplate\":\"https:\\\/\\\/slacktivity.ch\\\/fr\\\/?s={search_term_string}\"},\"query-input\":{\"@type\":\"PropertyValueSpecification\",\"valueRequired\":true,\"valueName\":\"search_term_string\"}}],\"inLanguage\":\"fr-FR\"},{\"@type\":\"Organization\",\"@id\":\"https:\\\/\\\/slacktivity.ch\\\/fr\\\/#organization\",\"name\":\"SLACKTIVITY Slackline Shop Schweiz\",\"url\":\"https:\\\/\\\/slacktivity.ch\\\/fr\\\/\",\"logo\":{\"@type\":\"ImageObject\",\"inLanguage\":\"fr-FR\",\"@id\":\"https:\\\/\\\/slacktivity.ch\\\/fr\\\/#\\\/schema\\\/logo\\\/image\\\/\",\"url\":\"https:\\\/\\\/slacktivity.ch\\\/wp-content\\\/uploads\\\/2021\\\/01\\\/slacktivity-slackline-online-shop-1.png\",\"contentUrl\":\"https:\\\/\\\/slacktivity.ch\\\/wp-content\\\/uploads\\\/2021\\\/01\\\/slacktivity-slackline-online-shop-1.png\",\"width\":200,\"height\":77,\"caption\":\"SLACKTIVITY Slackline Shop Schweiz\"},\"image\":{\"@id\":\"https:\\\/\\\/slacktivity.ch\\\/fr\\\/#\\\/schema\\\/logo\\\/image\\\/\"}}]}<\/script>\n<!-- \/ Yoast SEO plugin. -->","yoast_head_json":{"title":"Trap\u00e8ze kaufen | beiSLACKTIVITY Slackline Shop Schweiz","description":"Der Trapez Klettergriff zum kaufen ist aus Holz gefertigt und bietet Henkel oder Zange als Griffposition. Jetzt in der Schweiz online kaufen!","robots":{"index":"index","follow":"follow","max-snippet":"max-snippet:-1","max-image-preview":"max-image-preview:large","max-video-preview":"max-video-preview:-1"},"canonical":"https:\/\/slacktivity.ch\/fr\/shop\/trapeze\/","og_locale":"fr_FR","og_type":"article","og_title":"Trap\u00e8ze kaufen | beiSLACKTIVITY Slackline Shop Schweiz","og_description":"Der Trapez Klettergriff zum kaufen ist aus Holz gefertigt und bietet Henkel oder Zange als Griffposition. Jetzt in der Schweiz online kaufen!","og_url":"https:\/\/slacktivity.ch\/fr\/shop\/trapeze\/","og_site_name":"SLACKTIVITY Slackline Shop Schweiz","og_image":[{"width":1180,"height":1377,"url":"https:\/\/slacktivity.ch\/wp-content\/uploads\/2022\/06\/trapez-kaufen.jpg","type":"image\/jpeg"}],"twitter_card":"summary_large_image","twitter_misc":{"Dur\u00e9e de lecture estim\u00e9e":"1 minute"},"schema":{"@context":"https:\/\/schema.org","@graph":[{"@type":"WebPage","@id":"https:\/\/slacktivity.ch\/fr\/shop\/trapeze\/","url":"https:\/\/slacktivity.ch\/fr\/shop\/trapeze\/","name":"Trap\u00e8ze kaufen | beiSLACKTIVITY Slackline Shop Schweiz","isPartOf":{"@id":"https:\/\/slacktivity.ch\/fr\/#website"},"primaryImageOfPage":{"@id":"https:\/\/slacktivity.ch\/fr\/shop\/trapeze\/#primaryimage"},"image":{"@id":"https:\/\/slacktivity.ch\/fr\/shop\/trapeze\/#primaryimage"},"thumbnailUrl":"https:\/\/slacktivity.ch\/wp-content\/uploads\/2022\/06\/trapez-kaufen.jpg","datePublished":"2022-07-04T12:56:49+00:00","description":"Der Trapez Klettergriff zum kaufen ist aus Holz gefertigt und bietet Henkel oder Zange als Griffposition. Jetzt in der Schweiz online kaufen!","breadcrumb":{"@id":"https:\/\/slacktivity.ch\/fr\/shop\/trapeze\/#breadcrumb"},"inLanguage":"fr-FR","potentialAction":[{"@type":"ReadAction","target":["https:\/\/slacktivity.ch\/fr\/shop\/trapeze\/"]}]},{"@type":"ImageObject","inLanguage":"fr-FR","@id":"https:\/\/slacktivity.ch\/fr\/shop\/trapeze\/#primaryimage","url":"https:\/\/slacktivity.ch\/wp-content\/uploads\/2022\/06\/trapez-kaufen.jpg","contentUrl":"https:\/\/slacktivity.ch\/wp-content\/uploads\/2022\/06\/trapez-kaufen.jpg","width":1180,"height":1377,"caption":"trapez kaufen"},{"@type":"BreadcrumbList","@id":"https:\/\/slacktivity.ch\/fr\/shop\/trapeze\/#breadcrumb","itemListElement":[{"@type":"ListItem","position":1,"name":"Home","item":"https:\/\/slacktivity.ch\/fr\/"},{"@type":"ListItem","position":2,"name":"Boutique","item":"https:\/\/slacktivity.ch\/fr\/boutique\/"},{"@type":"ListItem","position":3,"name":"Trap\u00e8ze"}]},{"@type":"WebSite","@id":"https:\/\/slacktivity.ch\/fr\/#website","url":"https:\/\/slacktivity.ch\/fr\/","name":"SLACKTIVITY Slackline Shop Schweiz","description":"Ensembles de slackline de haute qualit\u00e9 avec montage facile, produits innovants Highline et accessoires de slackline acheter en ligne. Pour les enfants, les d\u00e9butants et les professionnels.","publisher":{"@id":"https:\/\/slacktivity.ch\/fr\/#organization"},"potentialAction":[{"@type":"SearchAction","target":{"@type":"EntryPoint","urlTemplate":"https:\/\/slacktivity.ch\/fr\/?s={search_term_string}"},"query-input":{"@type":"PropertyValueSpecification","valueRequired":true,"valueName":"search_term_string"}}],"inLanguage":"fr-FR"},{"@type":"Organization","@id":"https:\/\/slacktivity.ch\/fr\/#organization","name":"SLACKTIVITY Slackline Shop Schweiz","url":"https:\/\/slacktivity.ch\/fr\/","logo":{"@type":"ImageObject","inLanguage":"fr-FR","@id":"https:\/\/slacktivity.ch\/fr\/#\/schema\/logo\/image\/","url":"https:\/\/slacktivity.ch\/wp-content\/uploads\/2021\/01\/slacktivity-slackline-online-shop-1.png","contentUrl":"https:\/\/slacktivity.ch\/wp-content\/uploads\/2021\/01\/slacktivity-slackline-online-shop-1.png","width":200,"height":77,"caption":"SLACKTIVITY Slackline Shop Schweiz"},"image":{"@id":"https:\/\/slacktivity.ch\/fr\/#\/schema\/logo\/image\/"}}]}},"_links":{"self":[{"href":"https:\/\/slacktivity.ch\/fr\/wp-json\/wp\/v2\/product\/11873","targetHints":{"allow":["GET"]}}],"collection":[{"href":"https:\/\/slacktivity.ch\/fr\/wp-json\/wp\/v2\/product"}],"about":[{"href":"https:\/\/slacktivity.ch\/fr\/wp-json\/wp\/v2\/types\/product"}],"replies":[{"embeddable":true,"href":"https:\/\/slacktivity.ch\/fr\/wp-json\/wp\/v2\/comments?post=11873"}],"wp:featuredmedia":[{"embeddable":true,"href":"https:\/\/slacktivity.ch\/fr\/wp-json\/wp\/v2\/media\/10967"}],"wp:attachment":[{"href":"https:\/\/slacktivity.ch\/fr\/wp-json\/wp\/v2\/media?parent=11873"}],"wp:term":[{"taxonomy":"product_cat","embeddable":true,"href":"https:\/\/slacktivity.ch\/fr\/wp-json\/wp\/v2\/product_cat?post=11873"},{"taxonomy":"product_tag","embeddable":true,"href":"https:\/\/slacktivity.ch\/fr\/wp-json\/wp\/v2\/product_tag?post=11873"}],"curies":[{"name":"wp","href":"https:\/\/api.w.org\/{rel}","templated":true}]}}