{"id":11874,"date":"2023-09-18T10:43:34","date_gmt":"2023-09-18T08:43:34","guid":{"rendered":"https:\/\/slacktivity.ch\/shop\/sadu-ensemble-slackline-yoga-9m\/"},"modified":"2023-09-18T10:43:34","modified_gmt":"2023-09-18T08:43:34","slug":"sadu-ensemble-slackline-yoga-9m","status":"publish","type":"product","link":"https:\/\/slacktivity.ch\/fr\/shop\/sadu-ensemble-slackline-yoga-9m\/","title":{"rendered":"Sadu | Ensemble Slackline YOGA 9m"},"content":{"rendered":"<h2>Sadu | La Slackline de yoga simple de 9m<\/h2>\n<p>Le <strong>kit Slackline Yoga Sadu<\/strong> est la petite s\u0153ur du <a href=\"https:\/\/slacktivity.ch\/fr\/shop\/yuj-kit-slackline-yoga-30m\/\">kit Slackline Yoga Yuj<\/a>. Il pr\u00e9sente la m\u00eame sangle de slackline en nylon de qualit\u00e9 que la pinkTube, mais en noir sobre. Ce kit de slackline met l&rsquo;accent sur la simplicit\u00e9 et l&rsquo;efficacit\u00e9, gr\u00e2ce notamment \u00e0 un tendeur de slackline int\u00e9gr\u00e9 en acier inoxydable de haute qualit\u00e9.<\/p>\n<p>Dans le contexte de ce kit de slackline pour le yoga, \u00ab\u00a0Sadu\u00a0\u00bb signifie donc \u00ab\u00a0puriste\u00a0\u00bb ou \u00ab\u00a0simple\u00a0\u00bb, mettant en avant les avantages de ce kit, caract\u00e9ris\u00e9 par sa simplicit\u00e9 et son efficacit\u00e9. Cela souligne la focalisation claire sur l&rsquo;essentiel, ce qui est un avantage ind\u00e9niable pour les pratiquants de yoga sur la slackline.<\/p>\n<p><strong>Simplicit\u00e9 et efficacit\u00e9<\/strong> : Le kit Sadu offre tout ce dont vous avez besoin pour votre pratique du yoga sur la slackline, sans fioritures inutiles. Avec une longueur de 9 m\u00e8tres, la sangle de slackline noire avec des bords doux permet une pratique essentielle allant des mouvements statiques aux astuces l\u00e9g\u00e8rement dynamiques.<\/p>\n<p><strong>Montage facile :<\/strong> Le kit Slackline Yoga Sadu a \u00e9t\u00e9 con\u00e7u pour vous offrir un montage rapide et facile. Gr\u00e2ce au tendeur de slackline en acier inoxydable de haute qualit\u00e9, vous pouvez facilement ajuster la tension de la slackline sans avoir besoin d&rsquo;une poulie de tension.<\/p>\n<p><strong>Polyvalent et accessible :<\/strong> Que vous soyez d\u00e9butant en yoga sur slackline ou un pratiquant exp\u00e9riment\u00e9, le kit Sadu vous offre la possibilit\u00e9 d&rsquo;am\u00e9liorer vos comp\u00e9tences et de relever de nouveaux d\u00e9fis. L&rsquo;accent clair sur la simplicit\u00e9 et l&rsquo;efficacit\u00e9 vous permet de vous concentrer pleinement sur votre pratique du yoga sur la slackline.<\/p>\n<p><strong>Mat\u00e9riaux de haute qualit\u00e9 :<\/strong> SLACKTIVITY accorde de l&rsquo;importance \u00e0 la qualit\u00e9, et le kit Slackline Yoga Sadu ne fait pas exception. Le tendeur de slackline en acier inoxydable inclus dans ce kit offre une s\u00e9curit\u00e9 maximale et une durabilit\u00e9 accrue pour vos exercices de slackline.<\/p>\n<h3>Les composants en d\u00e9tail<\/h3>\n<p><strong>Ensemble de sangles d&rsquo;arbre SLACKTIVITY ajustables en longueur :<\/strong> Le kit est \u00e9quip\u00e9 de deux ensembles de sangles d&rsquo;arbre ajustables en longueur de SLACKTIVITY, vous permettant de fixer la slackline \u00e0 des arbres de tailles diff\u00e9rentes. Les avantages de ces sangles d&rsquo;arbre sont nombreux : elles offrent une protection maximale aux arbres, sont faciles \u00e0 r\u00e9gler et permettent un alignement pr\u00e9cis de la slackline. Cela am\u00e9liore non seulement la s\u00e9curit\u00e9, mais pr\u00e9serve \u00e9galement l&rsquo;environnement en pr\u00e9servant les arbres.<\/p>\n<p><strong>Mousqueton Twistlock pour une fixation facile et s\u00e9curis\u00e9e :<\/strong> Le kit Slackline Yoga Sadu est \u00e9quip\u00e9 d&rsquo;un mousqueton Twistlock de haute qualit\u00e9, rendant l&rsquo;accrochage de votre slackline facile et s\u00e9curis\u00e9. D&rsquo;un c\u00f4t\u00e9, le tendeur de slackline est accroch\u00e9 \u00e0 la sangle d&rsquo;arbre avec le mousqueton Twistlock, tandis que de l&rsquo;autre c\u00f4t\u00e9, la sangle d&rsquo;arbre est directement enfil\u00e9e dans la boucle d&rsquo;extr\u00e9mit\u00e9 cousue de la slackline. Vous obtenez ainsi une fixation s\u00fbre et pr\u00e9cise pour votre pratique du yoga sur la slackline.<\/p>\n<p><strong>Pas de torsion, performances maximales :<\/strong> Contrairement aux kits de slackline en deux parties, o\u00f9 la slackline se tord souvent \u00e0 90 degr\u00e9s, le kit Sadu reste parfaitement align\u00e9 gr\u00e2ce \u00e0 l&rsquo;accrochage direct de la boucle d&rsquo;extr\u00e9mit\u00e9 dans la sangle d&rsquo;arbre. Cela signifie que vous b\u00e9n\u00e9ficiez d&rsquo;une stabilit\u00e9 maximale et de performances constantes pendant vos exercices, sans vous soucier de torsions ou de d\u00e9s\u00e9quilibres.<\/p>\n<p>Inclus dans le kit : <strong>paires de prot\u00e8ge-arbres anthracite :<\/strong> Ces prot\u00e8ge-arbres anthracite inclus dans le kit ne sont pas seulement esth\u00e9tiques, mais ont \u00e9galement une fonction tr\u00e8s importante. Ils prot\u00e8gent les arbres auxquels vous attachez votre slackline. Les arbres sont non seulement des points d&rsquo;ancrage naturels pour votre pratique, mais aussi des \u00e9l\u00e9ments pr\u00e9cieux qu&rsquo;il convient de pr\u00e9server. Vous contribuez ainsi \u00e0 l&rsquo;acceptation croissante du sport de la slackline.<\/p>\n<h3>Respectez votre environnement<\/h3>\n<p><strong>Pr\u00e9server la nature :<\/strong> Les prot\u00e8ge-arbres SLACKTIVITY sont sp\u00e9cialement con\u00e7us pour garantir que votre slackline est attach\u00e9e aux arbres de mani\u00e8re s\u00fbre et respectueuse. En utilisant des prot\u00e8ge-arbres, vous r\u00e9duisez la pression sur l&rsquo;\u00e9corce des arbres et diminuez consid\u00e9rablement le risque de dommages aux arbres. Vous pouvez ainsi commencer et profiter de votre session de slackline sans mettre en danger les arbres qui vous entourent.<\/p>\n<p><strong>Respect de l&rsquo;environnement :<\/strong> Avec le kit Slackline Yoga Sadu, vous obtenez non seulement les outils pour votre pratique du yoga sur la slackline, mais vous montrez \u00e9galement votre respect pour la nature. Cela vous permet d&rsquo;am\u00e9liorer vos comp\u00e9tences tout en contribuant \u00e0 la protection de l&rsquo;environnement.<\/p>\n<h3>Votre compagnon pour le yoga et la d\u00e9tente<\/h3>\n<p>Que vous pratiquiez des postures de yoga sur la slackline ou que vous appr\u00e9ciiez simplement la nature, le kit Slackline Yoga Sadu vous accompagne dans votre qu\u00eate de d\u00e9tente et de s\u00e9r\u00e9nit\u00e9 int\u00e9rieure. Accordez-vous une pause et trouvez votre \u00e9quilibre sur la slackline.<\/p>\n<h4>Le kit Slackline Yoga Sadu &#8211; Simplicit\u00e9, efficacit\u00e9, respect de l&rsquo;environnement et d\u00e9tente r\u00e9unis.<\/h4>\n<p>&nbsp;<\/p>\n","protected":false},"excerpt":{"rendered":"<p><strong>Sadu Yoga Slackline Set<\/strong> &#8211; Simple, efficace et respectueux de l&rsquo;environnement. Votre compagnon pour le yoga sur la slackline.<\/p>\n","protected":false},"featured_media":11657,"comment_status":"open","ping_status":"closed","template":"","meta":{"_acf_changed":false,"_joinchat":[]},"product_cat":[669,540,966],"product_tag":[981],"class_list":{"0":"post-11874","1":"product","2":"type-product","3":"status-publish","4":"has-post-thumbnail","6":"product_cat-slackline-pour-avances-kit-slackline","7":"product_cat-slackline-pour-les-debutants","8":"product_cat-yoga-slackline-sets-fr","9":"product_tag-yoga-slackline","10":"pa_brand-slacktivity-fr","12":"first","13":"instock","14":"taxable","15":"shipping-taxable","16":"purchasable","17":"product-type-variable"},"acf":[],"yoast_head":"<!-- This site is optimized with the Yoast SEO plugin v27.5 - https:\/\/yoast.com\/product\/yoast-seo-wordpress\/ -->\n<title>Sadu | Ensemble Slackline YOGA 9m - SLACKTIVITY Slackline Shop Schweiz<\/title>\n<meta name=\"description\" content=\"Explorez l&#039;ensemble Sadu Yoga Slackline - Votre cl\u00e9 pour la pratique du yoga sur la slackline. Comprend des prot\u00e8ge-arbres et un mousqueton innovant Twistlock\" \/>\n<meta name=\"robots\" content=\"index, follow, max-snippet:-1, max-image-preview:large, max-video-preview:-1\" \/>\n<link rel=\"canonical\" href=\"https:\/\/slacktivity.ch\/fr\/shop\/sadu-ensemble-slackline-yoga-9m\/\" \/>\n<meta property=\"og:locale\" content=\"fr_FR\" \/>\n<meta property=\"og:type\" content=\"article\" \/>\n<meta property=\"og:title\" content=\"Sadu | Ensemble Slackline YOGA 9m - SLACKTIVITY Slackline Shop Schweiz\" \/>\n<meta property=\"og:description\" content=\"Explorez l&#039;ensemble Sadu Yoga Slackline - Votre cl\u00e9 pour la pratique du yoga sur la slackline. Comprend des prot\u00e8ge-arbres et un mousqueton innovant Twistlock\" \/>\n<meta property=\"og:url\" content=\"https:\/\/slacktivity.ch\/fr\/shop\/sadu-ensemble-slackline-yoga-9m\/\" \/>\n<meta property=\"og:site_name\" content=\"SLACKTIVITY Slackline Shop Schweiz\" \/>\n<meta property=\"og:image\" content=\"https:\/\/slacktivity.ch\/wp-content\/uploads\/2023\/09\/yoga-slackline.jpg\" \/>\n\t<meta property=\"og:image:width\" content=\"1180\" \/>\n\t<meta property=\"og:image:height\" content=\"1377\" \/>\n\t<meta property=\"og:image:type\" content=\"image\/jpeg\" \/>\n<meta name=\"twitter:card\" content=\"summary_large_image\" \/>\n<meta name=\"twitter:label1\" content=\"Dur\u00e9e de lecture estim\u00e9e\" \/>\n\t<meta name=\"twitter:data1\" content=\"4 minutes\" \/>\n<script type=\"application\/ld+json\" class=\"yoast-schema-graph\">{\"@context\":\"https:\\\/\\\/schema.org\",\"@graph\":[{\"@type\":\"WebPage\",\"@id\":\"https:\\\/\\\/slacktivity.ch\\\/fr\\\/shop\\\/sadu-ensemble-slackline-yoga-9m\\\/\",\"url\":\"https:\\\/\\\/slacktivity.ch\\\/fr\\\/shop\\\/sadu-ensemble-slackline-yoga-9m\\\/\",\"name\":\"Sadu | Ensemble Slackline YOGA 9m - SLACKTIVITY Slackline Shop Schweiz\",\"isPartOf\":{\"@id\":\"https:\\\/\\\/slacktivity.ch\\\/fr\\\/#website\"},\"primaryImageOfPage\":{\"@id\":\"https:\\\/\\\/slacktivity.ch\\\/fr\\\/shop\\\/sadu-ensemble-slackline-yoga-9m\\\/#primaryimage\"},\"image\":{\"@id\":\"https:\\\/\\\/slacktivity.ch\\\/fr\\\/shop\\\/sadu-ensemble-slackline-yoga-9m\\\/#primaryimage\"},\"thumbnailUrl\":\"https:\\\/\\\/slacktivity.ch\\\/wp-content\\\/uploads\\\/2023\\\/09\\\/yoga-slackline.jpg\",\"datePublished\":\"2023-09-18T08:43:34+00:00\",\"description\":\"Explorez l'ensemble Sadu Yoga Slackline - Votre cl\u00e9 pour la pratique du yoga sur la slackline. Comprend des prot\u00e8ge-arbres et un mousqueton innovant Twistlock\",\"breadcrumb\":{\"@id\":\"https:\\\/\\\/slacktivity.ch\\\/fr\\\/shop\\\/sadu-ensemble-slackline-yoga-9m\\\/#breadcrumb\"},\"inLanguage\":\"fr-FR\",\"potentialAction\":[{\"@type\":\"ReadAction\",\"target\":[\"https:\\\/\\\/slacktivity.ch\\\/fr\\\/shop\\\/sadu-ensemble-slackline-yoga-9m\\\/\"]}]},{\"@type\":\"ImageObject\",\"inLanguage\":\"fr-FR\",\"@id\":\"https:\\\/\\\/slacktivity.ch\\\/fr\\\/shop\\\/sadu-ensemble-slackline-yoga-9m\\\/#primaryimage\",\"url\":\"https:\\\/\\\/slacktivity.ch\\\/wp-content\\\/uploads\\\/2023\\\/09\\\/yoga-slackline.jpg\",\"contentUrl\":\"https:\\\/\\\/slacktivity.ch\\\/wp-content\\\/uploads\\\/2023\\\/09\\\/yoga-slackline.jpg\",\"width\":1180,\"height\":1377,\"caption\":\"yoga slackline set\"},{\"@type\":\"BreadcrumbList\",\"@id\":\"https:\\\/\\\/slacktivity.ch\\\/fr\\\/shop\\\/sadu-ensemble-slackline-yoga-9m\\\/#breadcrumb\",\"itemListElement\":[{\"@type\":\"ListItem\",\"position\":1,\"name\":\"Home\",\"item\":\"https:\\\/\\\/slacktivity.ch\\\/fr\\\/\"},{\"@type\":\"ListItem\",\"position\":2,\"name\":\"Boutique\",\"item\":\"https:\\\/\\\/slacktivity.ch\\\/fr\\\/boutique\\\/\"},{\"@type\":\"ListItem\",\"position\":3,\"name\":\"Sadu | Ensemble Slackline YOGA 9m\"}]},{\"@type\":\"WebSite\",\"@id\":\"https:\\\/\\\/slacktivity.ch\\\/fr\\\/#website\",\"url\":\"https:\\\/\\\/slacktivity.ch\\\/fr\\\/\",\"name\":\"SLACKTIVITY Slackline Shop Schweiz\",\"description\":\"Ensembles de slackline de haute qualit\u00e9 avec montage facile, produits innovants Highline et accessoires de slackline acheter en ligne. Pour les enfants, les d\u00e9butants et les professionnels.\",\"publisher\":{\"@id\":\"https:\\\/\\\/slacktivity.ch\\\/fr\\\/#organization\"},\"potentialAction\":[{\"@type\":\"SearchAction\",\"target\":{\"@type\":\"EntryPoint\",\"urlTemplate\":\"https:\\\/\\\/slacktivity.ch\\\/fr\\\/?s={search_term_string}\"},\"query-input\":{\"@type\":\"PropertyValueSpecification\",\"valueRequired\":true,\"valueName\":\"search_term_string\"}}],\"inLanguage\":\"fr-FR\"},{\"@type\":\"Organization\",\"@id\":\"https:\\\/\\\/slacktivity.ch\\\/fr\\\/#organization\",\"name\":\"SLACKTIVITY Slackline Shop Schweiz\",\"url\":\"https:\\\/\\\/slacktivity.ch\\\/fr\\\/\",\"logo\":{\"@type\":\"ImageObject\",\"inLanguage\":\"fr-FR\",\"@id\":\"https:\\\/\\\/slacktivity.ch\\\/fr\\\/#\\\/schema\\\/logo\\\/image\\\/\",\"url\":\"https:\\\/\\\/slacktivity.ch\\\/wp-content\\\/uploads\\\/2021\\\/01\\\/slacktivity-slackline-online-shop-1.png\",\"contentUrl\":\"https:\\\/\\\/slacktivity.ch\\\/wp-content\\\/uploads\\\/2021\\\/01\\\/slacktivity-slackline-online-shop-1.png\",\"width\":200,\"height\":77,\"caption\":\"SLACKTIVITY Slackline Shop Schweiz\"},\"image\":{\"@id\":\"https:\\\/\\\/slacktivity.ch\\\/fr\\\/#\\\/schema\\\/logo\\\/image\\\/\"}}]}<\/script>\n<!-- \/ Yoast SEO plugin. -->","yoast_head_json":{"title":"Sadu | Ensemble Slackline YOGA 9m - SLACKTIVITY Slackline Shop Schweiz","description":"Explorez l'ensemble Sadu Yoga Slackline - Votre cl\u00e9 pour la pratique du yoga sur la slackline. Comprend des prot\u00e8ge-arbres et un mousqueton innovant Twistlock","robots":{"index":"index","follow":"follow","max-snippet":"max-snippet:-1","max-image-preview":"max-image-preview:large","max-video-preview":"max-video-preview:-1"},"canonical":"https:\/\/slacktivity.ch\/fr\/shop\/sadu-ensemble-slackline-yoga-9m\/","og_locale":"fr_FR","og_type":"article","og_title":"Sadu | Ensemble Slackline YOGA 9m - SLACKTIVITY Slackline Shop Schweiz","og_description":"Explorez l'ensemble Sadu Yoga Slackline - Votre cl\u00e9 pour la pratique du yoga sur la slackline. Comprend des prot\u00e8ge-arbres et un mousqueton innovant Twistlock","og_url":"https:\/\/slacktivity.ch\/fr\/shop\/sadu-ensemble-slackline-yoga-9m\/","og_site_name":"SLACKTIVITY Slackline Shop Schweiz","og_image":[{"width":1180,"height":1377,"url":"https:\/\/slacktivity.ch\/wp-content\/uploads\/2023\/09\/yoga-slackline.jpg","type":"image\/jpeg"}],"twitter_card":"summary_large_image","twitter_misc":{"Dur\u00e9e de lecture estim\u00e9e":"4 minutes"},"schema":{"@context":"https:\/\/schema.org","@graph":[{"@type":"WebPage","@id":"https:\/\/slacktivity.ch\/fr\/shop\/sadu-ensemble-slackline-yoga-9m\/","url":"https:\/\/slacktivity.ch\/fr\/shop\/sadu-ensemble-slackline-yoga-9m\/","name":"Sadu | Ensemble Slackline YOGA 9m - SLACKTIVITY Slackline Shop Schweiz","isPartOf":{"@id":"https:\/\/slacktivity.ch\/fr\/#website"},"primaryImageOfPage":{"@id":"https:\/\/slacktivity.ch\/fr\/shop\/sadu-ensemble-slackline-yoga-9m\/#primaryimage"},"image":{"@id":"https:\/\/slacktivity.ch\/fr\/shop\/sadu-ensemble-slackline-yoga-9m\/#primaryimage"},"thumbnailUrl":"https:\/\/slacktivity.ch\/wp-content\/uploads\/2023\/09\/yoga-slackline.jpg","datePublished":"2023-09-18T08:43:34+00:00","description":"Explorez l'ensemble Sadu Yoga Slackline - Votre cl\u00e9 pour la pratique du yoga sur la slackline. Comprend des prot\u00e8ge-arbres et un mousqueton innovant Twistlock","breadcrumb":{"@id":"https:\/\/slacktivity.ch\/fr\/shop\/sadu-ensemble-slackline-yoga-9m\/#breadcrumb"},"inLanguage":"fr-FR","potentialAction":[{"@type":"ReadAction","target":["https:\/\/slacktivity.ch\/fr\/shop\/sadu-ensemble-slackline-yoga-9m\/"]}]},{"@type":"ImageObject","inLanguage":"fr-FR","@id":"https:\/\/slacktivity.ch\/fr\/shop\/sadu-ensemble-slackline-yoga-9m\/#primaryimage","url":"https:\/\/slacktivity.ch\/wp-content\/uploads\/2023\/09\/yoga-slackline.jpg","contentUrl":"https:\/\/slacktivity.ch\/wp-content\/uploads\/2023\/09\/yoga-slackline.jpg","width":1180,"height":1377,"caption":"yoga slackline set"},{"@type":"BreadcrumbList","@id":"https:\/\/slacktivity.ch\/fr\/shop\/sadu-ensemble-slackline-yoga-9m\/#breadcrumb","itemListElement":[{"@type":"ListItem","position":1,"name":"Home","item":"https:\/\/slacktivity.ch\/fr\/"},{"@type":"ListItem","position":2,"name":"Boutique","item":"https:\/\/slacktivity.ch\/fr\/boutique\/"},{"@type":"ListItem","position":3,"name":"Sadu | Ensemble Slackline YOGA 9m"}]},{"@type":"WebSite","@id":"https:\/\/slacktivity.ch\/fr\/#website","url":"https:\/\/slacktivity.ch\/fr\/","name":"SLACKTIVITY Slackline Shop Schweiz","description":"Ensembles de slackline de haute qualit\u00e9 avec montage facile, produits innovants Highline et accessoires de slackline acheter en ligne. Pour les enfants, les d\u00e9butants et les professionnels.","publisher":{"@id":"https:\/\/slacktivity.ch\/fr\/#organization"},"potentialAction":[{"@type":"SearchAction","target":{"@type":"EntryPoint","urlTemplate":"https:\/\/slacktivity.ch\/fr\/?s={search_term_string}"},"query-input":{"@type":"PropertyValueSpecification","valueRequired":true,"valueName":"search_term_string"}}],"inLanguage":"fr-FR"},{"@type":"Organization","@id":"https:\/\/slacktivity.ch\/fr\/#organization","name":"SLACKTIVITY Slackline Shop Schweiz","url":"https:\/\/slacktivity.ch\/fr\/","logo":{"@type":"ImageObject","inLanguage":"fr-FR","@id":"https:\/\/slacktivity.ch\/fr\/#\/schema\/logo\/image\/","url":"https:\/\/slacktivity.ch\/wp-content\/uploads\/2021\/01\/slacktivity-slackline-online-shop-1.png","contentUrl":"https:\/\/slacktivity.ch\/wp-content\/uploads\/2021\/01\/slacktivity-slackline-online-shop-1.png","width":200,"height":77,"caption":"SLACKTIVITY Slackline Shop Schweiz"},"image":{"@id":"https:\/\/slacktivity.ch\/fr\/#\/schema\/logo\/image\/"}}]}},"_links":{"self":[{"href":"https:\/\/slacktivity.ch\/fr\/wp-json\/wp\/v2\/product\/11874","targetHints":{"allow":["GET"]}}],"collection":[{"href":"https:\/\/slacktivity.ch\/fr\/wp-json\/wp\/v2\/product"}],"about":[{"href":"https:\/\/slacktivity.ch\/fr\/wp-json\/wp\/v2\/types\/product"}],"replies":[{"embeddable":true,"href":"https:\/\/slacktivity.ch\/fr\/wp-json\/wp\/v2\/comments?post=11874"}],"wp:featuredmedia":[{"embeddable":true,"href":"https:\/\/slacktivity.ch\/fr\/wp-json\/wp\/v2\/media\/11657"}],"wp:attachment":[{"href":"https:\/\/slacktivity.ch\/fr\/wp-json\/wp\/v2\/media?parent=11874"}],"wp:term":[{"taxonomy":"product_cat","embeddable":true,"href":"https:\/\/slacktivity.ch\/fr\/wp-json\/wp\/v2\/product_cat?post=11874"},{"taxonomy":"product_tag","embeddable":true,"href":"https:\/\/slacktivity.ch\/fr\/wp-json\/wp\/v2\/product_tag?post=11874"}],"curies":[{"name":"wp","href":"https:\/\/api.w.org\/{rel}","templated":true}]}}