{"id":11877,"date":"2021-02-22T15:55:08","date_gmt":"2021-02-22T13:55:08","guid":{"rendered":"https:\/\/slacktivity.ch\/shop\/linescale-3-dynamometre\/"},"modified":"2023-12-13T11:03:05","modified_gmt":"2023-12-13T09:03:05","slug":"linescale-3-dynamometre","status":"publish","type":"product","link":"https:\/\/slacktivity.ch\/fr\/shop\/linescale-3-dynamometre\/","title":{"rendered":"LineScale 3 Dynamom\u00e8tre"},"content":{"rendered":"<h2>LineScale-3 Dynamom\u00e8tre<\/h2>\n<h3>Achetez le LineScale-3 en Suisse et mesurez la force sur votre slackline<\/h3>\n<p>Le dynamom\u00e8tre mesure avec une fr\u00e9quence de 1280 Hz. La charge de travail maximale (WLL) est de 30 kN et les donn\u00e9es de mesure peuvent \u00eatre stock\u00e9es directement \u00e0 bord ou transf\u00e9r\u00e9es via Bluetooth. Poids : 520 g.<\/p>\n<p>Ce dynamom\u00e8tre est tr\u00e8s simple \u00e0 utiliser et peut \u00eatre charg\u00e9 via USB-3.<\/p>\n<p>&nbsp;<\/p>\n<h3><u>The LineScale-3 specs:<\/u><\/h3>\n<p>\u2022 Massive strengh: 30kN WLL,\u00a0<strong>90kN (official) MBS<\/strong>, tested to 110kN max. until break<br \/>\n\u2022 Unique safety:\u00a0<strong>PPE &amp; UIAA certified to 25kN!<\/strong><br \/>\n\u2022 Compact size: 190x90mm, 20mm thin, and super light:\u00a0<strong>only 520g<\/strong><br \/>\n\u2022 Super speed: max.\u00a0<strong>scan rate of 1280Hz<\/strong>\u00a0for screen, USB, and\u00a0onboard logs\u00a0(640Hz optional)<br \/>\n\u2022 Flexible connectivity:\u00a0<strong>Bluetooth BLE 5.0<\/strong>\u00a0smart phone app w. 10Hz (power save) and 40Hz (BT fast)<br \/>\n\u2022 Unmatched smartness: saves up to 50 hours of\u00a0<strong>logs on-board<\/strong>\u00a0(230 million data points)<br \/>\n\u2022 Optional overwrite of oldest onboard log file for infinite logging until manual stop<br \/>\n\u2022 Onboard logs\u00a0<strong>download to USB flash drive<\/strong>\u00a0(auto upload to stick on plug-in)<br \/>\n\u2022 1280Hz high speed\u00a0<strong>live logging via USB<\/strong>\u00a0connection &amp; included pro software<br \/>\n\u2022 Energy saving, high performance 72MHz Arm\u00ae 32-bit Cortex\u00ae-M3 CPU w. custom designed PCB<br \/>\n\u2022\u00a0<strong>OLED<\/strong>\u00a0monochrome white graphical display<br \/>\n\u2022 Break proof 1.5mm\u00a0<strong>polycarbonate<\/strong>\u00a0protective screen<br \/>\n\u2022 Rechargeable\u00a0<strong>1600mAh Li-Po battery<\/strong>\u00a0with up to 50 hours continual operation<br \/>\n\u2022 Micro-USB ports for battery charging, PC connection, flash drive log download, and firmware update<br \/>\n\u2022 Body milled from one\u00a0<strong>solid block of LY12CZ<\/strong>\u00a0(high-tensile aviation aluminum)<br \/>\n\u2022 Huge cross-load proof attachment eyes w. rounded edges<br \/>\n\u2022\u00a0<strong>IP65<\/strong>\u00a0rain &amp; splash water resistant, dust-proof<br \/>\n\u2022 Anodized in the LineGrip unique &amp; discrete\u00a0<strong>misty-copper-grey color<\/strong><br \/>\n\u2022 Surface finished with an extra hard, durable, nonreflective satin shot-peen<br \/>\n\u2022 Designed with stoke in\u00a0<strong>Germany<\/strong>, manufactured with love in China<br \/>\n\u2022\u00a0<strong>Package Includes:<\/strong>\u00a0iOS &amp; Android app, Windows pro logging software (still in development), USB cable,\u00a0firmware-flash adapter, and a grey soft-felt LineScale-Shell<\/p>\n<p><b>Safety aspect<\/b><br \/>\nThis device is milled out of one solid block of high-tensile aviation aluminum (LY12CZ), giving it a whopping 90kN MBS. In terms of safety this is the best deal you can get. Theres no bolts, screws, rings, pistons or joints that could possibly fail\u2026 this is the security of mind you need when leaving the scale in the highline rig while walking it! And because it is so safe, we have it PPE rated so even industrial professionals can use it in their everyday work.<\/p>\n<p><b>Versatility<\/b><br \/>\nThe lineScale-3, with its 90kN MBS, is perfectly suited as a bomber, generously dimensioned, nicely organized anchor\/distribution point for your highline or rope-access rig. The large omnidirectional, cross-load proof eyelets can easily accommodate 6-8 strands of 10mm rope from your equalizing anchors, which makes multi connector management an ease.<\/p>\n<p><b>Working priciple<\/b><br \/>\nThe lineScale works by the priciple of material micro deformation:\u00a0<a href=\"http:\/\/en.wikipedia.org\/wiki\/Strain_gauge\" target=\"_blank\" rel=\"noopener\">Wikipedia \u2013 Strain Gauge<\/a><\/p>\n<p><b>User Configuration<\/b><br \/>\nThe displayed unit (kg, lb, kN) and the auto power off time can easily be selected and saved as preset by the user. You can also define at which speed the logs will be stored to onboard memory (capacity for 2 million data points), which gives you 50 hours of log time @ 10 Hz and 25 minutes of log time @ 1280 Hz.<\/p>\n<p><strong>Operation Modes<\/strong><br \/>\nThe LineScale-3 has two operation modes:<br \/>\n1. NET mode, which always shows the true, real load, independent of any potentially set zero (or tare) points.<br \/>\n2. ZERO mode, which shows the offset from the defined \u201czero\u201d (or tare) load value.<\/p>\n<p><b>High Tech Power Management<\/b><br \/>\nThe LineScale will auto power off if no load change is registered for the preset shutoff interval. It was essential for us to assure that the scale does NOT calibrate its sensors to 0 when powered on. Instead it immediately shows the current true load (when in NET mode). This enables you to power on and off manually anytime when you need a load reading. This saves an enormous amount of power and makes your scale go for months without having to recharge.<br \/>\nOf course the device has a low battery warning indicator, but additionally it also displays the voltage reading of the battery pack when powering on, so you can recharge in time. The lineScale also has a low power emergency operation mode that ensures your batteries are not drained without you noticing. When power is in the critical range it will automatically power off after 3 minutes in any case to save power.<\/p>\n<p><b>Accuracy<\/b><br \/>\nThe 24Bit pro AD-Converter with dual strain gauge configuration has a resolution of 1kg with a measuring error of \u00b10.5% (inside the \u201csweet spot\u201d area of 300kg \u2013 1500kg \/ 3kN \u2013 15kN, which is 10-50% of maximum load). Please note: Below the \u201csweet spot\u201d area the measuring error might be up to 2%, especially under 100kg\u2026 this device is NOT a precision micro scale!<\/p>\n<p><b>Scan Rate<\/b><br \/>\nThe sensor scan rate (cycle rate) is 10Hz for power save BT mode, and 40Hz for high BT mode. The max. scan rate is 1280Hz, and data save mode 640Hz for USB connection or the onboard memory logging.<\/p>\n<p><strong>Onboard memory logging<\/strong><br \/>\nThe lineScale-3 is equipped with onboard memory to log 2 million data points. Depending on the selected scan rate, this is sufficient for 25 minutes to 50 hours of log time.<br \/>\nThe system will automatically over write the oldest log, which ensures fulltime 100% logging of all load events as long as the lineScale is on and loaded.<br \/>\nOnboard logs can be downloaded via USB.<\/p>\n<h2>Specifications:<\/h2>\n<p>\u2013 Working load limit (WLL): 30 kN<br \/>\n\u2013 Minimum breaking strength (MBS): 90 kN<br \/>\n\u2013 Sensor scan rate (cycle rate) BT: 40 Hz (25 ms) &amp; 10Hz (100ms)<br \/>\n\u2013 Sensor scan rate USB &amp; memory: 1280 Hz (&lt;1ms) &amp; 640Hz (1.5ms)<br \/>\n\u2013 Measuring range: -10 % to 110 % WLL<br \/>\n\u2013 Weight (incl. battery): 495 g (17 oz)<br \/>\n\u2013 Measurements (L x W x T): 190 x 90 x 20 mm<br \/>\n\u2013 Size attachment eyes: Radius 30mm D-Shape (ca. 60x40mm)<br \/>\n\u2013 Body material: High strain aviation aluminum alloy LY12CZ<br \/>\n\u2013 Anodized in\u00a0discrete misty-copper-grey color<br \/>\n\u2013 Display units: kgf \/ lbf \/ kN<br \/>\n\u2013 Maximum range: 3000 kgf \/ 6600 lbf \/ 30 kN<br \/>\n\u2013 Display division (resolution): 1 kg \/ 2 lbf \/ 0.01 kN<br \/>\n\u2013 Measure error: less than \u00b10.5% (@3kN-15kN)<br \/>\n\u2013 Display digit size: ca. 20 mm height<br \/>\n\u2013 Display type: backlight monochrome white OLED<br \/>\n\u2013 Operating temperature: 0 to +40 \u00b0C<br \/>\n\u2013 Storage temperature: -20 to +70 \u00b0C<br \/>\n\u2013 Relative humidity: 10% to 80% RH<br \/>\n\u2013 Power: 3.7V 1350mAh USB rechargeable Lithium-Polymer\u00a0battery pack<br \/>\n\u2013 Operating endurance: 30+ hours continuous (ca. 20h w. bluetooth enabled)<br \/>\n\u2013 Bluetooth 4 interface (w. included smartphone app)<br \/>\n\u2013 USB interface (w. included Windows app)<br \/>\n\u2013 Protection Class: IP65<\/p>\n<p>Info protection class: Protected against dust, splash water and any type of rain, but not submergible in water!<br \/>\nApproved for operating temps as stated above, but we have tested it at -10\u00b0C and found a minor linear deviation of 35kg \/ 0.35kN only.<\/p>\n<h4>WARNING!<\/h4>\n<p>This device is NOT a professional analytical device or laboratory\/research qualified dynamometer on which to base a single 100% reliability calculation of an unredundant life support system! The lineScale scans the load every 25ms, which might lead to the fact, that an ultra short peak load is missed, such as may occur when doing anchor bolt testing with short slings in factor 2 falls, for instance. It may also lead to slightly reduced reading of a leash fall in a very short highline, because the 25ms reading interval might have occured a few milliseconds before or after the peak load.<\/p>\n","protected":false},"excerpt":{"rendered":"<p>Achetez le LineScale-3 en Suisse. Le dynamom\u00e8tre mesure avec une fr\u00e9quence de 1280 Hz. La charge de travail maximale (WLL) est de 30 kN et les donn\u00e9es de mesure peuvent \u00eatre stock\u00e9es directement \u00e0 bord ou transf\u00e9r\u00e9es via Bluetooth. Poids : 520 g.<\/p>\n","protected":false},"featured_media":6675,"comment_status":"open","ping_status":"closed","template":"","meta":{"_acf_changed":false,"_joinchat":[]},"product_cat":[745],"product_tag":[],"class_list":{"0":"post-11877","1":"product","2":"type-product","3":"status-publish","4":"has-post-thumbnail","6":"product_cat-slackline-tools-fr","8":"first","9":"instock","10":"taxable","11":"shipping-taxable","12":"purchasable","13":"product-type-simple"},"acf":[],"yoast_head":"<!-- This site is optimized with the Yoast SEO plugin v27.4 - https:\/\/yoast.com\/product\/yoast-seo-wordpress\/ -->\n<title>lineScale 3 - Dynamom\u00e8tre | SLACKTIVITY Slacklines<\/title>\n<meta name=\"description\" content=\"Achetez le LineScale-3 en Suisse. Le Dynamom\u00e8tre mesure avec une frequence de 1280Hz. WLL: 30kN. Poids : 520g. Inkl. Bluetooth.\" \/>\n<meta name=\"robots\" content=\"index, follow, max-snippet:-1, max-image-preview:large, max-video-preview:-1\" \/>\n<link rel=\"canonical\" href=\"https:\/\/slacktivity.ch\/fr\/shop\/linescale-3-dynamometre\/\" \/>\n<meta property=\"og:locale\" content=\"fr_FR\" \/>\n<meta property=\"og:type\" content=\"article\" \/>\n<meta property=\"og:title\" content=\"lineScale 3 - Dynamom\u00e8tre | SLACKTIVITY Slacklines\" \/>\n<meta property=\"og:description\" content=\"Achetez le LineScale-3 en Suisse. Le Dynamom\u00e8tre mesure avec une frequence de 1280Hz. WLL: 30kN. Poids : 520g. Inkl. Bluetooth.\" \/>\n<meta property=\"og:url\" content=\"https:\/\/slacktivity.ch\/fr\/shop\/linescale-3-dynamometre\/\" \/>\n<meta property=\"og:site_name\" content=\"SLACKTIVITY Slackline Shop Schweiz\" \/>\n<meta property=\"article:modified_time\" content=\"2023-12-13T09:03:05+00:00\" \/>\n<meta property=\"og:image\" content=\"https:\/\/slacktivity.ch\/wp-content\/uploads\/2021\/02\/linescale-3.jpg\" \/>\n\t<meta property=\"og:image:width\" content=\"1030\" \/>\n\t<meta property=\"og:image:height\" content=\"718\" \/>\n\t<meta property=\"og:image:type\" content=\"image\/jpeg\" \/>\n<meta name=\"twitter:card\" content=\"summary_large_image\" \/>\n<meta name=\"twitter:label1\" content=\"Dur\u00e9e de lecture estim\u00e9e\" \/>\n\t<meta name=\"twitter:data1\" content=\"6 minutes\" \/>\n<script type=\"application\/ld+json\" class=\"yoast-schema-graph\">{\"@context\":\"https:\\\/\\\/schema.org\",\"@graph\":[{\"@type\":\"WebPage\",\"@id\":\"https:\\\/\\\/slacktivity.ch\\\/fr\\\/shop\\\/linescale-3-dynamometre\\\/\",\"url\":\"https:\\\/\\\/slacktivity.ch\\\/fr\\\/shop\\\/linescale-3-dynamometre\\\/\",\"name\":\"lineScale 3 - Dynamom\u00e8tre | SLACKTIVITY Slacklines\",\"isPartOf\":{\"@id\":\"https:\\\/\\\/slacktivity.ch\\\/fr\\\/#website\"},\"primaryImageOfPage\":{\"@id\":\"https:\\\/\\\/slacktivity.ch\\\/fr\\\/shop\\\/linescale-3-dynamometre\\\/#primaryimage\"},\"image\":{\"@id\":\"https:\\\/\\\/slacktivity.ch\\\/fr\\\/shop\\\/linescale-3-dynamometre\\\/#primaryimage\"},\"thumbnailUrl\":\"https:\\\/\\\/slacktivity.ch\\\/wp-content\\\/uploads\\\/2021\\\/02\\\/linescale-3.jpg\",\"datePublished\":\"2021-02-22T13:55:08+00:00\",\"dateModified\":\"2023-12-13T09:03:05+00:00\",\"description\":\"Achetez le LineScale-3 en Suisse. Le Dynamom\u00e8tre mesure avec une frequence de 1280Hz. WLL: 30kN. Poids : 520g. Inkl. Bluetooth.\",\"breadcrumb\":{\"@id\":\"https:\\\/\\\/slacktivity.ch\\\/fr\\\/shop\\\/linescale-3-dynamometre\\\/#breadcrumb\"},\"inLanguage\":\"fr-FR\",\"potentialAction\":[{\"@type\":\"ReadAction\",\"target\":[\"https:\\\/\\\/slacktivity.ch\\\/fr\\\/shop\\\/linescale-3-dynamometre\\\/\"]}]},{\"@type\":\"ImageObject\",\"inLanguage\":\"fr-FR\",\"@id\":\"https:\\\/\\\/slacktivity.ch\\\/fr\\\/shop\\\/linescale-3-dynamometre\\\/#primaryimage\",\"url\":\"https:\\\/\\\/slacktivity.ch\\\/wp-content\\\/uploads\\\/2021\\\/02\\\/linescale-3.jpg\",\"contentUrl\":\"https:\\\/\\\/slacktivity.ch\\\/wp-content\\\/uploads\\\/2021\\\/02\\\/linescale-3.jpg\",\"width\":1030,\"height\":718,\"caption\":\"linescale-3\"},{\"@type\":\"BreadcrumbList\",\"@id\":\"https:\\\/\\\/slacktivity.ch\\\/fr\\\/shop\\\/linescale-3-dynamometre\\\/#breadcrumb\",\"itemListElement\":[{\"@type\":\"ListItem\",\"position\":1,\"name\":\"Home\",\"item\":\"https:\\\/\\\/slacktivity.ch\\\/fr\\\/\"},{\"@type\":\"ListItem\",\"position\":2,\"name\":\"Boutique\",\"item\":\"https:\\\/\\\/slacktivity.ch\\\/fr\\\/boutique\\\/\"},{\"@type\":\"ListItem\",\"position\":3,\"name\":\"LineScale 3 Dynamom\u00e8tre\"}]},{\"@type\":\"WebSite\",\"@id\":\"https:\\\/\\\/slacktivity.ch\\\/fr\\\/#website\",\"url\":\"https:\\\/\\\/slacktivity.ch\\\/fr\\\/\",\"name\":\"SLACKTIVITY Slackline Shop Schweiz\",\"description\":\"Ensembles de slackline de haute qualit\u00e9 avec montage facile, produits innovants Highline et accessoires de slackline acheter en ligne. Pour les enfants, les d\u00e9butants et les professionnels.\",\"publisher\":{\"@id\":\"https:\\\/\\\/slacktivity.ch\\\/fr\\\/#organization\"},\"potentialAction\":[{\"@type\":\"SearchAction\",\"target\":{\"@type\":\"EntryPoint\",\"urlTemplate\":\"https:\\\/\\\/slacktivity.ch\\\/fr\\\/?s={search_term_string}\"},\"query-input\":{\"@type\":\"PropertyValueSpecification\",\"valueRequired\":true,\"valueName\":\"search_term_string\"}}],\"inLanguage\":\"fr-FR\"},{\"@type\":\"Organization\",\"@id\":\"https:\\\/\\\/slacktivity.ch\\\/fr\\\/#organization\",\"name\":\"SLACKTIVITY Slackline Shop Schweiz\",\"url\":\"https:\\\/\\\/slacktivity.ch\\\/fr\\\/\",\"logo\":{\"@type\":\"ImageObject\",\"inLanguage\":\"fr-FR\",\"@id\":\"https:\\\/\\\/slacktivity.ch\\\/fr\\\/#\\\/schema\\\/logo\\\/image\\\/\",\"url\":\"https:\\\/\\\/slacktivity.ch\\\/wp-content\\\/uploads\\\/2021\\\/01\\\/slacktivity-slackline-online-shop-1.png\",\"contentUrl\":\"https:\\\/\\\/slacktivity.ch\\\/wp-content\\\/uploads\\\/2021\\\/01\\\/slacktivity-slackline-online-shop-1.png\",\"width\":200,\"height\":77,\"caption\":\"SLACKTIVITY Slackline Shop Schweiz\"},\"image\":{\"@id\":\"https:\\\/\\\/slacktivity.ch\\\/fr\\\/#\\\/schema\\\/logo\\\/image\\\/\"}}]}<\/script>\n<!-- \/ Yoast SEO plugin. -->","yoast_head_json":{"title":"lineScale 3 - Dynamom\u00e8tre | SLACKTIVITY Slacklines","description":"Achetez le LineScale-3 en Suisse. Le Dynamom\u00e8tre mesure avec une frequence de 1280Hz. WLL: 30kN. Poids : 520g. Inkl. Bluetooth.","robots":{"index":"index","follow":"follow","max-snippet":"max-snippet:-1","max-image-preview":"max-image-preview:large","max-video-preview":"max-video-preview:-1"},"canonical":"https:\/\/slacktivity.ch\/fr\/shop\/linescale-3-dynamometre\/","og_locale":"fr_FR","og_type":"article","og_title":"lineScale 3 - Dynamom\u00e8tre | SLACKTIVITY Slacklines","og_description":"Achetez le LineScale-3 en Suisse. Le Dynamom\u00e8tre mesure avec une frequence de 1280Hz. WLL: 30kN. Poids : 520g. Inkl. Bluetooth.","og_url":"https:\/\/slacktivity.ch\/fr\/shop\/linescale-3-dynamometre\/","og_site_name":"SLACKTIVITY Slackline Shop Schweiz","article_modified_time":"2023-12-13T09:03:05+00:00","og_image":[{"width":1030,"height":718,"url":"https:\/\/slacktivity.ch\/wp-content\/uploads\/2021\/02\/linescale-3.jpg","type":"image\/jpeg"}],"twitter_card":"summary_large_image","twitter_misc":{"Dur\u00e9e de lecture estim\u00e9e":"6 minutes"},"schema":{"@context":"https:\/\/schema.org","@graph":[{"@type":"WebPage","@id":"https:\/\/slacktivity.ch\/fr\/shop\/linescale-3-dynamometre\/","url":"https:\/\/slacktivity.ch\/fr\/shop\/linescale-3-dynamometre\/","name":"lineScale 3 - Dynamom\u00e8tre | SLACKTIVITY Slacklines","isPartOf":{"@id":"https:\/\/slacktivity.ch\/fr\/#website"},"primaryImageOfPage":{"@id":"https:\/\/slacktivity.ch\/fr\/shop\/linescale-3-dynamometre\/#primaryimage"},"image":{"@id":"https:\/\/slacktivity.ch\/fr\/shop\/linescale-3-dynamometre\/#primaryimage"},"thumbnailUrl":"https:\/\/slacktivity.ch\/wp-content\/uploads\/2021\/02\/linescale-3.jpg","datePublished":"2021-02-22T13:55:08+00:00","dateModified":"2023-12-13T09:03:05+00:00","description":"Achetez le LineScale-3 en Suisse. Le Dynamom\u00e8tre mesure avec une frequence de 1280Hz. WLL: 30kN. Poids : 520g. Inkl. Bluetooth.","breadcrumb":{"@id":"https:\/\/slacktivity.ch\/fr\/shop\/linescale-3-dynamometre\/#breadcrumb"},"inLanguage":"fr-FR","potentialAction":[{"@type":"ReadAction","target":["https:\/\/slacktivity.ch\/fr\/shop\/linescale-3-dynamometre\/"]}]},{"@type":"ImageObject","inLanguage":"fr-FR","@id":"https:\/\/slacktivity.ch\/fr\/shop\/linescale-3-dynamometre\/#primaryimage","url":"https:\/\/slacktivity.ch\/wp-content\/uploads\/2021\/02\/linescale-3.jpg","contentUrl":"https:\/\/slacktivity.ch\/wp-content\/uploads\/2021\/02\/linescale-3.jpg","width":1030,"height":718,"caption":"linescale-3"},{"@type":"BreadcrumbList","@id":"https:\/\/slacktivity.ch\/fr\/shop\/linescale-3-dynamometre\/#breadcrumb","itemListElement":[{"@type":"ListItem","position":1,"name":"Home","item":"https:\/\/slacktivity.ch\/fr\/"},{"@type":"ListItem","position":2,"name":"Boutique","item":"https:\/\/slacktivity.ch\/fr\/boutique\/"},{"@type":"ListItem","position":3,"name":"LineScale 3 Dynamom\u00e8tre"}]},{"@type":"WebSite","@id":"https:\/\/slacktivity.ch\/fr\/#website","url":"https:\/\/slacktivity.ch\/fr\/","name":"SLACKTIVITY Slackline Shop Schweiz","description":"Ensembles de slackline de haute qualit\u00e9 avec montage facile, produits innovants Highline et accessoires de slackline acheter en ligne. Pour les enfants, les d\u00e9butants et les professionnels.","publisher":{"@id":"https:\/\/slacktivity.ch\/fr\/#organization"},"potentialAction":[{"@type":"SearchAction","target":{"@type":"EntryPoint","urlTemplate":"https:\/\/slacktivity.ch\/fr\/?s={search_term_string}"},"query-input":{"@type":"PropertyValueSpecification","valueRequired":true,"valueName":"search_term_string"}}],"inLanguage":"fr-FR"},{"@type":"Organization","@id":"https:\/\/slacktivity.ch\/fr\/#organization","name":"SLACKTIVITY Slackline Shop Schweiz","url":"https:\/\/slacktivity.ch\/fr\/","logo":{"@type":"ImageObject","inLanguage":"fr-FR","@id":"https:\/\/slacktivity.ch\/fr\/#\/schema\/logo\/image\/","url":"https:\/\/slacktivity.ch\/wp-content\/uploads\/2021\/01\/slacktivity-slackline-online-shop-1.png","contentUrl":"https:\/\/slacktivity.ch\/wp-content\/uploads\/2021\/01\/slacktivity-slackline-online-shop-1.png","width":200,"height":77,"caption":"SLACKTIVITY Slackline Shop Schweiz"},"image":{"@id":"https:\/\/slacktivity.ch\/fr\/#\/schema\/logo\/image\/"}}]}},"_links":{"self":[{"href":"https:\/\/slacktivity.ch\/fr\/wp-json\/wp\/v2\/product\/11877","targetHints":{"allow":["GET"]}}],"collection":[{"href":"https:\/\/slacktivity.ch\/fr\/wp-json\/wp\/v2\/product"}],"about":[{"href":"https:\/\/slacktivity.ch\/fr\/wp-json\/wp\/v2\/types\/product"}],"replies":[{"embeddable":true,"href":"https:\/\/slacktivity.ch\/fr\/wp-json\/wp\/v2\/comments?post=11877"}],"wp:featuredmedia":[{"embeddable":true,"href":"https:\/\/slacktivity.ch\/fr\/wp-json\/wp\/v2\/media\/6675"}],"wp:attachment":[{"href":"https:\/\/slacktivity.ch\/fr\/wp-json\/wp\/v2\/media?parent=11877"}],"wp:term":[{"taxonomy":"product_cat","embeddable":true,"href":"https:\/\/slacktivity.ch\/fr\/wp-json\/wp\/v2\/product_cat?post=11877"},{"taxonomy":"product_tag","embeddable":true,"href":"https:\/\/slacktivity.ch\/fr\/wp-json\/wp\/v2\/product_tag?post=11877"}],"curies":[{"name":"wp","href":"https:\/\/api.w.org\/{rel}","templated":true}]}}