{"id":11878,"date":"2021-02-22T15:54:42","date_gmt":"2021-02-22T15:54:42","guid":{"rendered":"https:\/\/slacktivity.ch\/shop\/seahorse\/"},"modified":"2021-02-22T15:54:42","modified_gmt":"2021-02-22T13:54:42","slug":"seahorse","status":"publish","type":"product","link":"https:\/\/slacktivity.ch\/fr\/shop\/seahorse\/","title":{"rendered":"seaHorse"},"content":{"rendered":"<h2>SLACKTIVITY seaHorse | Weblock pour Highline certifi\u00e9 ISA<\/h2>\n<figure id=\"attachment_6583\" aria-describedby=\"caption-attachment-6583\" style=\"width: 223px\" class=\"wp-caption alignleft\"><img decoding=\"async\" class=\"wp-image-6583 lazyload\" data-src=\"https:\/\/slacktivity.ch\/wp-content\/uploads\/2021\/02\/isa-zertifiziert-weblock.jpg\" alt=\"isa zertifiziert weblock\" width=\"223\" height=\"223\" data-srcset=\"https:\/\/slacktivity.ch\/wp-content\/uploads\/2021\/02\/isa-zertifiziert-weblock.jpg 283w, https:\/\/slacktivity.ch\/wp-content\/uploads\/2021\/02\/isa-zertifiziert-weblock-150x150.jpg 150w, https:\/\/slacktivity.ch\/wp-content\/uploads\/2021\/02\/isa-zertifiziert-weblock-70x70.jpg 70w, https:\/\/slacktivity.ch\/wp-content\/uploads\/2021\/02\/isa-zertifiziert-weblock-100x100.jpg 100w\" data-sizes=\"(max-width: 223px) 100vw, 223px\" src=\"data:image\/svg+xml;base64,PHN2ZyB3aWR0aD0iMSIgaGVpZ2h0PSIxIiB4bWxucz0iaHR0cDovL3d3dy53My5vcmcvMjAwMC9zdmciPjwvc3ZnPg==\" style=\"--smush-placeholder-width: 223px; --smush-placeholder-aspect-ratio: 223\/223;\" \/><figcaption id=\"caption-attachment-6583\" class=\"wp-caption-text\">Certificat ISA<\/figcaption><\/figure>\n<p>Le <strong>SLACKTIVITY seaHorse<\/strong> certifi\u00e9 ISA est l&rsquo;\u00e9volution du premier weblock sur le march\u00e9 avec double pin. Cela permet d&rsquo;int\u00e9grer le soft-Release directement dans le syst\u00e8me de slackline sans besoin de manilles suppl\u00e9mentaires. De plus, le risque que le pin de manille se tourne lors du rel\u00e2chement du soft-Release est \u00e9limin\u00e9. En r\u00e9sum\u00e9 : manipulation plus facile, poids r\u00e9duit, meilleure capacit\u00e9 de pr\u00e9contrainte, plus de s\u00e9curit\u00e9.<\/p>\n<p>La g\u00e9om\u00e9trie du seaHorse est optimis\u00e9e pour une utilisation avec le HangOver-Pulley, permettant de tendre une slackline avec une efficacit\u00e9 \u00e9lev\u00e9e. Le HollowCenterDiverter sert de fixation pour le d\u00e9viateur n\u00e9cessaire dans la poulie \u00e0 mouflage (HangOver-Pulley). Les nervures emp\u00eachent la sangle de connexion n\u00e9cessaire de glisser.<\/p>\n<p>Gr\u00e2ce au HollowCenterDiverter, la sangle sortante peut \u00eatre s\u00e9curis\u00e9e avec un n\u0153ud AntiSlippage (n\u0153ud de frein, voir le manuel d&rsquo;utilisation) de mani\u00e8re \u00e0 \u00e9viter une sortie lat\u00e9rale de la ligne (ce qui entra\u00eene une d\u00e9faillance du m\u00e9canisme du bloqueur), m\u00eame avec des slacklines peu tendues. De plus, ce n\u0153ud AntiSlippage arr\u00eate ou r\u00e9duit le glissement de la sangle de slackline. Ainsi, ce bloqueur offre, lors d&rsquo;une utilisation correcte, les meilleures propri\u00e9t\u00e9s de pr\u00e9contrainte (Pre-Tensioning-Ability) avec un m\u00e9canisme de blocage absolument s\u00fbr.<\/p>\n<p>Sur le SLACKTIVITY seaHorse, les deux pins sont reli\u00e9es par un cordon \u00e9lastique, ce qui permet de les faire tourner librement lors de la pr\u00e9contrainte.<\/p>\n<p>Le seaHorse a r\u00e9ussi avec succ\u00e8s la certification ISA cet \u00e9t\u00e9 2020, en devenant ainsi l&rsquo;un des premiers weblocks certifi\u00e9s sur le march\u00e9.<\/p>\n<ul>\n<li>Charge maximale d&rsquo;utilisation (WLL) : 12 kN, MBS : 70,5 kN<\/li>\n<li>Pour des slacklines de 25 \u00e0 27 mm de largeur<\/li>\n<li>Broche avant et broche arri\u00e8re avec verrouillage \u00e0 bille (d=11 mm) en acier inoxydable hautement alli\u00e9 (17-4PH)<\/li>\n<li>Fabriqu\u00e9 en aluminium d&rsquo;avion 7075-T6 anodis\u00e9 en vert SLACKTIVITY<\/li>\n<li>Forg\u00e9 \u00e0 chaud \u00e0 partir d&rsquo;une seule pi\u00e8ce<\/li>\n<li>Le HollowCenterDiverter (HCD) de 36 mm offre d&rsquo;innombrables possibilit\u00e9s d&rsquo;application<\/li>\n<li>Poids : 260 g<\/li>\n<\/ul>\n<p>Avant d&rsquo;utiliser ce produit, veuillez lire et comprendre le(s) manuel(s) d&rsquo;utilisation (\u00e0 t\u00e9l\u00e9charger au format PDF).<\/p>\n<p>Il est important pour nous chez SLACKTIVITY de transmettre \u00e9galement le savoir-faire n\u00e9cessaire avec le mat\u00e9riel. C&rsquo;est pourquoi nous essayons de rendre les manuels d&rsquo;utilisation aussi clairs, simples et esth\u00e9tiquement attrayants que possible. Veuillez les consulter imp\u00e9rativement ! Si des questions subsistent, nous y r\u00e9pondrons volontiers. Nous tenons \u00e9galement \u00e0 vous rappeler l&rsquo;existence de la cha\u00eene YouTube SLACKTIVITY, qui propose non seulement de nombreux tutoriels, mais aussi des vid\u00e9os d&rsquo;assemblage.<\/p>\n","protected":false},"excerpt":{"rendered":"<p>Le seaHorse est le tout premier bloqueur de haute ligne HighTech certifi\u00e9 ISA 51 au monde, offrant la meilleure capacit\u00e9 de pr\u00e9contrainte, fabriqu\u00e9 \u00e0 partir d&rsquo;une seule pi\u00e8ce d&rsquo;aluminium d&rsquo;avion, et \u00e9quip\u00e9 d&rsquo;un HollowCenterDiverter polyvalent. Ce WebLock se distingue \u00e9galement par son poids l\u00e9ger et une dimension g\u00e9n\u00e9reuse permettant une manipulation confortable (m\u00eame avec des sangles de slackline jusqu&rsquo;\u00e0 8 mm d&rsquo;\u00e9paisseur).<\/p>\n<p>&nbsp;<\/p>\n","protected":false},"featured_media":6589,"comment_status":"open","ping_status":"closed","template":"","meta":{"_acf_changed":false,"_joinchat":[]},"product_cat":[627,725],"product_tag":[726],"class_list":{"0":"post-11878","1":"product","2":"type-product","3":"status-publish","4":"has-post-thumbnail","6":"product_cat-equipement-highline","7":"product_cat-isa-equipement-certifie","8":"product_tag-highline-fr-2","9":"pa_brand-slacktivity-fr","11":"first","12":"instock","13":"taxable","14":"shipping-taxable","15":"purchasable","16":"product-type-variable"},"acf":[],"yoast_head":"<!-- This site is optimized with the Yoast SEO plugin v27.3 - https:\/\/yoast.com\/product\/yoast-seo-wordpress\/ -->\n<title>seaHorse - SLACKTIVITY Slackline Shop Schweiz<\/title>\n<meta name=\"robots\" content=\"index, follow, max-snippet:-1, max-image-preview:large, max-video-preview:-1\" \/>\n<link rel=\"canonical\" href=\"https:\/\/slacktivity.ch\/fr\/shop\/seahorse\/\" \/>\n<meta property=\"og:locale\" content=\"fr_FR\" \/>\n<meta property=\"og:type\" content=\"article\" \/>\n<meta property=\"og:title\" content=\"seaHorse - SLACKTIVITY Slackline Shop Schweiz\" \/>\n<meta property=\"og:description\" content=\"Le seaHorse est le tout premier bloqueur de haute ligne HighTech certifi\u00e9 ISA 51 au monde, offrant la meilleure capacit\u00e9 de pr\u00e9contrainte, fabriqu\u00e9 \u00e0 partir d&#039;une seule pi\u00e8ce d&#039;aluminium d&#039;avion, et \u00e9quip\u00e9 d&#039;un HollowCenterDiverter polyvalent. Ce WebLock se distingue \u00e9galement par son poids l\u00e9ger et une dimension g\u00e9n\u00e9reuse permettant une manipulation confortable (m\u00eame avec des sangles de slackline jusqu&#039;\u00e0 8 mm d&#039;\u00e9paisseur).  &nbsp;\" \/>\n<meta property=\"og:url\" content=\"https:\/\/slacktivity.ch\/fr\/shop\/seahorse\/\" \/>\n<meta property=\"og:site_name\" content=\"SLACKTIVITY Slackline Shop Schweiz\" \/>\n<meta property=\"og:image\" content=\"https:\/\/slacktivity.ch\/wp-content\/uploads\/2021\/02\/slacktivity-seahorse.jpg\" \/>\n\t<meta property=\"og:image:width\" content=\"1180\" \/>\n\t<meta property=\"og:image:height\" content=\"1377\" \/>\n\t<meta property=\"og:image:type\" content=\"image\/jpeg\" \/>\n<meta name=\"twitter:card\" content=\"summary_large_image\" \/>\n<meta name=\"twitter:label1\" content=\"Dur\u00e9e de lecture estim\u00e9e\" \/>\n\t<meta name=\"twitter:data1\" content=\"2 minutes\" \/>\n<script type=\"application\/ld+json\" class=\"yoast-schema-graph\">{\"@context\":\"https:\\\/\\\/schema.org\",\"@graph\":[{\"@type\":\"WebPage\",\"@id\":\"https:\\\/\\\/slacktivity.ch\\\/fr\\\/shop\\\/seahorse\\\/\",\"url\":\"https:\\\/\\\/slacktivity.ch\\\/fr\\\/shop\\\/seahorse\\\/\",\"name\":\"seaHorse - SLACKTIVITY Slackline Shop Schweiz\",\"isPartOf\":{\"@id\":\"https:\\\/\\\/slacktivity.ch\\\/fr\\\/#website\"},\"primaryImageOfPage\":{\"@id\":\"https:\\\/\\\/slacktivity.ch\\\/fr\\\/shop\\\/seahorse\\\/#primaryimage\"},\"image\":{\"@id\":\"https:\\\/\\\/slacktivity.ch\\\/fr\\\/shop\\\/seahorse\\\/#primaryimage\"},\"thumbnailUrl\":\"https:\\\/\\\/slacktivity.ch\\\/wp-content\\\/uploads\\\/2021\\\/02\\\/slacktivity-seahorse.jpg\",\"datePublished\":\"2021-02-22T15:54:42+00:00\",\"breadcrumb\":{\"@id\":\"https:\\\/\\\/slacktivity.ch\\\/fr\\\/shop\\\/seahorse\\\/#breadcrumb\"},\"inLanguage\":\"fr-FR\",\"potentialAction\":[{\"@type\":\"ReadAction\",\"target\":[\"https:\\\/\\\/slacktivity.ch\\\/fr\\\/shop\\\/seahorse\\\/\"]}]},{\"@type\":\"ImageObject\",\"inLanguage\":\"fr-FR\",\"@id\":\"https:\\\/\\\/slacktivity.ch\\\/fr\\\/shop\\\/seahorse\\\/#primaryimage\",\"url\":\"https:\\\/\\\/slacktivity.ch\\\/wp-content\\\/uploads\\\/2021\\\/02\\\/slacktivity-seahorse.jpg\",\"contentUrl\":\"https:\\\/\\\/slacktivity.ch\\\/wp-content\\\/uploads\\\/2021\\\/02\\\/slacktivity-seahorse.jpg\",\"width\":1180,\"height\":1377,\"caption\":\"slacktivity seahorse\"},{\"@type\":\"BreadcrumbList\",\"@id\":\"https:\\\/\\\/slacktivity.ch\\\/fr\\\/shop\\\/seahorse\\\/#breadcrumb\",\"itemListElement\":[{\"@type\":\"ListItem\",\"position\":1,\"name\":\"Home\",\"item\":\"https:\\\/\\\/slacktivity.ch\\\/fr\\\/\"},{\"@type\":\"ListItem\",\"position\":2,\"name\":\"Boutique\",\"item\":\"https:\\\/\\\/slacktivity.ch\\\/fr\\\/boutique\\\/\"},{\"@type\":\"ListItem\",\"position\":3,\"name\":\"seaHorse\"}]},{\"@type\":\"WebSite\",\"@id\":\"https:\\\/\\\/slacktivity.ch\\\/fr\\\/#website\",\"url\":\"https:\\\/\\\/slacktivity.ch\\\/fr\\\/\",\"name\":\"SLACKTIVITY Slackline Shop Schweiz\",\"description\":\"Ensembles de slackline de haute qualit\u00e9 avec montage facile, produits innovants Highline et accessoires de slackline acheter en ligne. Pour les enfants, les d\u00e9butants et les professionnels.\",\"publisher\":{\"@id\":\"https:\\\/\\\/slacktivity.ch\\\/fr\\\/#organization\"},\"potentialAction\":[{\"@type\":\"SearchAction\",\"target\":{\"@type\":\"EntryPoint\",\"urlTemplate\":\"https:\\\/\\\/slacktivity.ch\\\/fr\\\/?s={search_term_string}\"},\"query-input\":{\"@type\":\"PropertyValueSpecification\",\"valueRequired\":true,\"valueName\":\"search_term_string\"}}],\"inLanguage\":\"fr-FR\"},{\"@type\":\"Organization\",\"@id\":\"https:\\\/\\\/slacktivity.ch\\\/fr\\\/#organization\",\"name\":\"SLACKTIVITY Slackline Shop Schweiz\",\"url\":\"https:\\\/\\\/slacktivity.ch\\\/fr\\\/\",\"logo\":{\"@type\":\"ImageObject\",\"inLanguage\":\"fr-FR\",\"@id\":\"https:\\\/\\\/slacktivity.ch\\\/fr\\\/#\\\/schema\\\/logo\\\/image\\\/\",\"url\":\"https:\\\/\\\/slacktivity.ch\\\/wp-content\\\/uploads\\\/2021\\\/01\\\/slacktivity-slackline-online-shop-1.png\",\"contentUrl\":\"https:\\\/\\\/slacktivity.ch\\\/wp-content\\\/uploads\\\/2021\\\/01\\\/slacktivity-slackline-online-shop-1.png\",\"width\":200,\"height\":77,\"caption\":\"SLACKTIVITY Slackline Shop Schweiz\"},\"image\":{\"@id\":\"https:\\\/\\\/slacktivity.ch\\\/fr\\\/#\\\/schema\\\/logo\\\/image\\\/\"}}]}<\/script>\n<!-- \/ Yoast SEO plugin. -->","yoast_head_json":{"title":"seaHorse - SLACKTIVITY Slackline Shop Schweiz","robots":{"index":"index","follow":"follow","max-snippet":"max-snippet:-1","max-image-preview":"max-image-preview:large","max-video-preview":"max-video-preview:-1"},"canonical":"https:\/\/slacktivity.ch\/fr\/shop\/seahorse\/","og_locale":"fr_FR","og_type":"article","og_title":"seaHorse - SLACKTIVITY Slackline Shop Schweiz","og_description":"Le seaHorse est le tout premier bloqueur de haute ligne HighTech certifi\u00e9 ISA 51 au monde, offrant la meilleure capacit\u00e9 de pr\u00e9contrainte, fabriqu\u00e9 \u00e0 partir d'une seule pi\u00e8ce d'aluminium d'avion, et \u00e9quip\u00e9 d'un HollowCenterDiverter polyvalent. Ce WebLock se distingue \u00e9galement par son poids l\u00e9ger et une dimension g\u00e9n\u00e9reuse permettant une manipulation confortable (m\u00eame avec des sangles de slackline jusqu'\u00e0 8 mm d'\u00e9paisseur).  &nbsp;","og_url":"https:\/\/slacktivity.ch\/fr\/shop\/seahorse\/","og_site_name":"SLACKTIVITY Slackline Shop Schweiz","og_image":[{"width":1180,"height":1377,"url":"https:\/\/slacktivity.ch\/wp-content\/uploads\/2021\/02\/slacktivity-seahorse.jpg","type":"image\/jpeg"}],"twitter_card":"summary_large_image","twitter_misc":{"Dur\u00e9e de lecture estim\u00e9e":"2 minutes"},"schema":{"@context":"https:\/\/schema.org","@graph":[{"@type":"WebPage","@id":"https:\/\/slacktivity.ch\/fr\/shop\/seahorse\/","url":"https:\/\/slacktivity.ch\/fr\/shop\/seahorse\/","name":"seaHorse - SLACKTIVITY Slackline Shop Schweiz","isPartOf":{"@id":"https:\/\/slacktivity.ch\/fr\/#website"},"primaryImageOfPage":{"@id":"https:\/\/slacktivity.ch\/fr\/shop\/seahorse\/#primaryimage"},"image":{"@id":"https:\/\/slacktivity.ch\/fr\/shop\/seahorse\/#primaryimage"},"thumbnailUrl":"https:\/\/slacktivity.ch\/wp-content\/uploads\/2021\/02\/slacktivity-seahorse.jpg","datePublished":"2021-02-22T15:54:42+00:00","breadcrumb":{"@id":"https:\/\/slacktivity.ch\/fr\/shop\/seahorse\/#breadcrumb"},"inLanguage":"fr-FR","potentialAction":[{"@type":"ReadAction","target":["https:\/\/slacktivity.ch\/fr\/shop\/seahorse\/"]}]},{"@type":"ImageObject","inLanguage":"fr-FR","@id":"https:\/\/slacktivity.ch\/fr\/shop\/seahorse\/#primaryimage","url":"https:\/\/slacktivity.ch\/wp-content\/uploads\/2021\/02\/slacktivity-seahorse.jpg","contentUrl":"https:\/\/slacktivity.ch\/wp-content\/uploads\/2021\/02\/slacktivity-seahorse.jpg","width":1180,"height":1377,"caption":"slacktivity seahorse"},{"@type":"BreadcrumbList","@id":"https:\/\/slacktivity.ch\/fr\/shop\/seahorse\/#breadcrumb","itemListElement":[{"@type":"ListItem","position":1,"name":"Home","item":"https:\/\/slacktivity.ch\/fr\/"},{"@type":"ListItem","position":2,"name":"Boutique","item":"https:\/\/slacktivity.ch\/fr\/boutique\/"},{"@type":"ListItem","position":3,"name":"seaHorse"}]},{"@type":"WebSite","@id":"https:\/\/slacktivity.ch\/fr\/#website","url":"https:\/\/slacktivity.ch\/fr\/","name":"SLACKTIVITY Slackline Shop Schweiz","description":"Ensembles de slackline de haute qualit\u00e9 avec montage facile, produits innovants Highline et accessoires de slackline acheter en ligne. Pour les enfants, les d\u00e9butants et les professionnels.","publisher":{"@id":"https:\/\/slacktivity.ch\/fr\/#organization"},"potentialAction":[{"@type":"SearchAction","target":{"@type":"EntryPoint","urlTemplate":"https:\/\/slacktivity.ch\/fr\/?s={search_term_string}"},"query-input":{"@type":"PropertyValueSpecification","valueRequired":true,"valueName":"search_term_string"}}],"inLanguage":"fr-FR"},{"@type":"Organization","@id":"https:\/\/slacktivity.ch\/fr\/#organization","name":"SLACKTIVITY Slackline Shop Schweiz","url":"https:\/\/slacktivity.ch\/fr\/","logo":{"@type":"ImageObject","inLanguage":"fr-FR","@id":"https:\/\/slacktivity.ch\/fr\/#\/schema\/logo\/image\/","url":"https:\/\/slacktivity.ch\/wp-content\/uploads\/2021\/01\/slacktivity-slackline-online-shop-1.png","contentUrl":"https:\/\/slacktivity.ch\/wp-content\/uploads\/2021\/01\/slacktivity-slackline-online-shop-1.png","width":200,"height":77,"caption":"SLACKTIVITY Slackline Shop Schweiz"},"image":{"@id":"https:\/\/slacktivity.ch\/fr\/#\/schema\/logo\/image\/"}}]}},"_links":{"self":[{"href":"https:\/\/slacktivity.ch\/fr\/wp-json\/wp\/v2\/product\/11878","targetHints":{"allow":["GET"]}}],"collection":[{"href":"https:\/\/slacktivity.ch\/fr\/wp-json\/wp\/v2\/product"}],"about":[{"href":"https:\/\/slacktivity.ch\/fr\/wp-json\/wp\/v2\/types\/product"}],"replies":[{"embeddable":true,"href":"https:\/\/slacktivity.ch\/fr\/wp-json\/wp\/v2\/comments?post=11878"}],"wp:featuredmedia":[{"embeddable":true,"href":"https:\/\/slacktivity.ch\/fr\/wp-json\/wp\/v2\/media\/6589"}],"wp:attachment":[{"href":"https:\/\/slacktivity.ch\/fr\/wp-json\/wp\/v2\/media?parent=11878"}],"wp:term":[{"taxonomy":"product_cat","embeddable":true,"href":"https:\/\/slacktivity.ch\/fr\/wp-json\/wp\/v2\/product_cat?post=11878"},{"taxonomy":"product_tag","embeddable":true,"href":"https:\/\/slacktivity.ch\/fr\/wp-json\/wp\/v2\/product_tag?post=11878"}],"curies":[{"name":"wp","href":"https:\/\/api.w.org\/{rel}","templated":true}]}}