{"id":11945,"date":"2021-02-22T15:54:23","date_gmt":"2021-02-22T13:54:23","guid":{"rendered":"https:\/\/slacktivity.ch\/shop\/kingpin-manille-en-aluminium-en362\/"},"modified":"2024-05-13T09:59:30","modified_gmt":"2024-05-13T07:59:30","slug":"kingpin-manille-en-aluminium-en362","status":"publish","type":"product","link":"https:\/\/slacktivity.ch\/fr\/shop\/kingpin-manille-en-aluminium-en362\/","title":{"rendered":"KingPin | Manille en aluminium EN362"},"content":{"rendered":"<h2>KingPin | Manille en aluminium EN362<\/h2>\n<p>Nous sommes heureux de vous pr\u00e9senter cette pi\u00e8ce ma\u00eetresse de SLACKTIVITY &#8211; le <strong>KingPin Manille en aluminium avec EN362<\/strong>.<\/p>\n<p>La premi\u00e8re manille en aluminium au monde avec goupille rapide certifi\u00e9e selon la norme EN362 et r\u00e9pondant \u00e9galement \u00e0 la norme ISA52 Highline Connector.<\/p>\n<p>Le design l\u00e9ger, \u00e0 la fois esth\u00e9tique et fonctionnel, a \u00e9t\u00e9 largement analys\u00e9, test\u00e9 et calcul\u00e9 dans de nombreux mod\u00e8les d&rsquo;impression 3D. Cette manille, forg\u00e9e \u00e0 chaud en aluminium a\u00e9ronautique (AL 7075), ne p\u00e8se que 107 g (avec PushPin et cordon \u00e9lastique) avec une charge de rupture minimale de 48 kN dans l&rsquo;axe longitudinal et de 28 kN en cas de charge transversale.<\/p>\n<p>La forme, les caract\u00e9ristiques et les fonctions de la manille ont \u00e9t\u00e9 adapt\u00e9es aux besoins des slackliners et des grimpeurs industriels. Ainsi, l&rsquo;ouverture g\u00e9n\u00e9reuse de la manille de 26 mm offre une manipulation optimale lors de l&rsquo;accrochage de sangles rondes, de l&rsquo;utilisation de sangles de 25 mm et en combinaison avec la <a href=\"https:\/\/slacktivity.ch\/shop\/deadmanplate\/\" target=\"_blank\" rel=\"noopener\">deadMan Plate<\/a>. Les parois lat\u00e9rales sur\u00e9lev\u00e9es offrent un guidage parfait lors de l&rsquo;utilisation d&rsquo;un <a href=\"https:\/\/slacktivity.ch\/shop\/softrelease\/\" target=\"_blank\" rel=\"noopener\">soft-release<\/a> ou d&rsquo;un syst\u00e8me de poulie primitive. L&rsquo;arc g\u00e9n\u00e9reux de la manille offre suffisamment d&rsquo;espace pour les sangles rondes ou la <a href=\"\/category\/slackline-schlinge\/\" target=\"_blank\" rel=\"noopener\">sangle Slackline<\/a> SLACKTIVITY. Les surfaces de la manille se trouvant \u00e0 un angle de 120\u00b0 garantissent une position optimale d&rsquo;un <a href=\"https:\/\/slacktivity.ch\/shop\/chainlock-slackline-linelocker\/\" target=\"_blank\" rel=\"noopener\">ChainLock<\/a> (aucun dommage au ChainLock). Le PushPin en acier inoxydable hautement alli\u00e9, d&rsquo;un diam\u00e8tre de 11,2 mm, a \u00e9galement \u00e9t\u00e9 optimis\u00e9 en termes de poids. Un cordon \u00e9lastique relie le PushPin au corps de la manille de mani\u00e8re fiable, sans entraver les connexions accroch\u00e9es. Avec un peu de pratique, le KingPin Manille en aluminium peut \u00e9galement \u00eatre manipul\u00e9 d&rsquo;une seule main, ce qui peut \u00eatre tr\u00e8s pratique lors du montage de highlines.<\/p>\n<h3>Sp\u00e9cifications du KingPin<\/h3>\n<ul>\n<li>Ouverture de la manille : 26 mm<\/li>\n<li>Diam\u00e8tre du PushPin : 11,2 mm<\/li>\n<li>Mat\u00e9riau du corps de la manille : aluminium a\u00e9ronautique forg\u00e9 \u00e0 chaud AL7075<\/li>\n<li>Mat\u00e9riau du PushPin : acier inoxydable hautement alli\u00e9 (17-4PH)<\/li>\n<li>Charge de rupture minimale (MBS) longitudinale : 48 kN \/ WLL : 8 kN<\/li>\n<li>Charge de rupture minimale (MBS) transversale : 28 kN<\/li>\n<li>Conforme \u00e0 EN362:2005 M-Type Connector<\/li>\n<li>Conforme \u00e0 la norme ISA52 Highline Connector<\/li>\n<li>Poids : 107 g<\/li>\n<\/ul>\n<h3>Domaine d&rsquo;application recommand\u00e9<\/h3>\n<p>Toutes les connexions souples (EndLoop, soft-release vers des sangles, etc.) dans les syst\u00e8mes Slackline et les connexions \u00e0 la deadManPlate. Nous d\u00e9conseillons de suspendre directement le KingPin dans des pitons ou d&rsquo;autres connexions dures (l&rsquo;acier est plus dur que l&rsquo;aluminium), car cela pourrait rayer la surface du KingPin.<\/p>\n<p><strong>Avant d&rsquo;utiliser ce produit, veuillez lire et comprendre le(s) manuel(s) d&rsquo;utilisation (<a href=\"https:\/\/slacktivity.ch\/wp-content\/uploads\/2021\/03\/Bedienungsanleitung-DE-KingPin-V1.pdf\" target=\"_blank\" rel=\"noopener\">PDF \u00e0 t\u00e9l\u00e9charger<\/a>).<\/strong><\/p>\n","protected":false},"excerpt":{"rendered":"<p>La manille en aluminium l\u00e9g\u00e8re de 107 g pour les slackliners et les grimpeurs industriels. Avec une charge de rupture minimale de 48 kN et un espace g\u00e9n\u00e9reux pour accrocher des sangles, des boucles d&rsquo;extr\u00e9mit\u00e9 de slackline, etc. Gr\u00e2ce \u00e0 sa manipulation simple et s\u00e9curis\u00e9e, le KingPin fait sourire tous les slackliners.<\/p>\n","protected":false},"featured_media":11917,"comment_status":"open","ping_status":"closed","template":"","meta":{"_acf_changed":false,"_joinchat":[]},"product_cat":[650,983],"product_tag":[726,739],"class_list":{"0":"post-11945","1":"product","2":"type-product","3":"status-publish","4":"has-post-thumbnail","6":"product_cat-connexion-slackline","7":"product_cat-schaekel","8":"product_tag-highline-fr-2","9":"product_tag-longline-fr","10":"pa_brand-slacktivity-fr","12":"first","13":"instock","14":"taxable","15":"shipping-taxable","16":"purchasable","17":"product-type-simple"},"acf":[],"yoast_head":"<!-- This site is optimized with the Yoast SEO plugin v27.3 - https:\/\/yoast.com\/product\/yoast-seo-wordpress\/ -->\n<title>KingPin - La manille en aluminium EN362 | SLACKTIVITY Suisse<\/title>\n<meta name=\"description\" content=\"Le KingPin, manille en aluminium EN362, a \u00e9t\u00e9 d\u00e9velopp\u00e9 et test\u00e9 en Suisse pour r\u00e9pondre aux besoins de l&#039;industrie de l&#039;escalade et du slackline. Achetez-le maintenant en ligne !\" \/>\n<meta name=\"robots\" content=\"index, follow, max-snippet:-1, max-image-preview:large, max-video-preview:-1\" \/>\n<link rel=\"canonical\" href=\"https:\/\/slacktivity.ch\/fr\/shop\/kingpin-manille-en-aluminium-en362\/\" \/>\n<meta property=\"og:locale\" content=\"fr_FR\" \/>\n<meta property=\"og:type\" content=\"article\" \/>\n<meta property=\"og:title\" content=\"KingPin - La manille en aluminium EN362 | SLACKTIVITY Suisse\" \/>\n<meta property=\"og:description\" content=\"Le KingPin, manille en aluminium EN362, a \u00e9t\u00e9 d\u00e9velopp\u00e9 et test\u00e9 en Suisse pour r\u00e9pondre aux besoins de l&#039;industrie de l&#039;escalade et du slackline. Achetez-le maintenant en ligne !\" \/>\n<meta property=\"og:url\" content=\"https:\/\/slacktivity.ch\/fr\/shop\/kingpin-manille-en-aluminium-en362\/\" \/>\n<meta property=\"og:site_name\" content=\"SLACKTIVITY Slackline Shop Schweiz\" \/>\n<meta property=\"article:modified_time\" content=\"2024-05-13T07:59:30+00:00\" \/>\n<meta property=\"og:image\" content=\"https:\/\/slacktivity.ch\/wp-content\/uploads\/2021\/02\/KingPin-Aluminium-Schakel-EN362.jpg\" \/>\n\t<meta property=\"og:image:width\" content=\"1180\" \/>\n\t<meta property=\"og:image:height\" content=\"1377\" \/>\n\t<meta property=\"og:image:type\" content=\"image\/jpeg\" \/>\n<meta name=\"twitter:card\" content=\"summary_large_image\" \/>\n<meta name=\"twitter:label1\" content=\"Dur\u00e9e de lecture estim\u00e9e\" \/>\n\t<meta name=\"twitter:data1\" content=\"2 minutes\" \/>\n<script type=\"application\/ld+json\" class=\"yoast-schema-graph\">{\"@context\":\"https:\\\/\\\/schema.org\",\"@graph\":[{\"@type\":\"WebPage\",\"@id\":\"https:\\\/\\\/slacktivity.ch\\\/fr\\\/shop\\\/kingpin-manille-en-aluminium-en362\\\/\",\"url\":\"https:\\\/\\\/slacktivity.ch\\\/fr\\\/shop\\\/kingpin-manille-en-aluminium-en362\\\/\",\"name\":\"KingPin - La manille en aluminium EN362 | SLACKTIVITY Suisse\",\"isPartOf\":{\"@id\":\"https:\\\/\\\/slacktivity.ch\\\/fr\\\/#website\"},\"primaryImageOfPage\":{\"@id\":\"https:\\\/\\\/slacktivity.ch\\\/fr\\\/shop\\\/kingpin-manille-en-aluminium-en362\\\/#primaryimage\"},\"image\":{\"@id\":\"https:\\\/\\\/slacktivity.ch\\\/fr\\\/shop\\\/kingpin-manille-en-aluminium-en362\\\/#primaryimage\"},\"thumbnailUrl\":\"https:\\\/\\\/slacktivity.ch\\\/wp-content\\\/uploads\\\/2021\\\/02\\\/KingPin-Aluminium-Schakel-EN362.jpg\",\"datePublished\":\"2021-02-22T13:54:23+00:00\",\"dateModified\":\"2024-05-13T07:59:30+00:00\",\"description\":\"Le KingPin, manille en aluminium EN362, a \u00e9t\u00e9 d\u00e9velopp\u00e9 et test\u00e9 en Suisse pour r\u00e9pondre aux besoins de l'industrie de l'escalade et du slackline. Achetez-le maintenant en ligne !\",\"breadcrumb\":{\"@id\":\"https:\\\/\\\/slacktivity.ch\\\/fr\\\/shop\\\/kingpin-manille-en-aluminium-en362\\\/#breadcrumb\"},\"inLanguage\":\"fr-FR\",\"potentialAction\":[{\"@type\":\"ReadAction\",\"target\":[\"https:\\\/\\\/slacktivity.ch\\\/fr\\\/shop\\\/kingpin-manille-en-aluminium-en362\\\/\"]}]},{\"@type\":\"ImageObject\",\"inLanguage\":\"fr-FR\",\"@id\":\"https:\\\/\\\/slacktivity.ch\\\/fr\\\/shop\\\/kingpin-manille-en-aluminium-en362\\\/#primaryimage\",\"url\":\"https:\\\/\\\/slacktivity.ch\\\/wp-content\\\/uploads\\\/2021\\\/02\\\/KingPin-Aluminium-Schakel-EN362.jpg\",\"contentUrl\":\"https:\\\/\\\/slacktivity.ch\\\/wp-content\\\/uploads\\\/2021\\\/02\\\/KingPin-Aluminium-Schakel-EN362.jpg\",\"width\":1180,\"height\":1377,\"caption\":\"KingPin Aluminium Sch\u00e4kel EN362\"},{\"@type\":\"BreadcrumbList\",\"@id\":\"https:\\\/\\\/slacktivity.ch\\\/fr\\\/shop\\\/kingpin-manille-en-aluminium-en362\\\/#breadcrumb\",\"itemListElement\":[{\"@type\":\"ListItem\",\"position\":1,\"name\":\"Home\",\"item\":\"https:\\\/\\\/slacktivity.ch\\\/fr\\\/\"},{\"@type\":\"ListItem\",\"position\":2,\"name\":\"Boutique\",\"item\":\"https:\\\/\\\/slacktivity.ch\\\/fr\\\/boutique\\\/\"},{\"@type\":\"ListItem\",\"position\":3,\"name\":\"KingPin | Manille en aluminium EN362\"}]},{\"@type\":\"WebSite\",\"@id\":\"https:\\\/\\\/slacktivity.ch\\\/fr\\\/#website\",\"url\":\"https:\\\/\\\/slacktivity.ch\\\/fr\\\/\",\"name\":\"SLACKTIVITY Slackline Shop Schweiz\",\"description\":\"Ensembles de slackline de haute qualit\u00e9 avec montage facile, produits innovants Highline et accessoires de slackline acheter en ligne. Pour les enfants, les d\u00e9butants et les professionnels.\",\"publisher\":{\"@id\":\"https:\\\/\\\/slacktivity.ch\\\/fr\\\/#organization\"},\"potentialAction\":[{\"@type\":\"SearchAction\",\"target\":{\"@type\":\"EntryPoint\",\"urlTemplate\":\"https:\\\/\\\/slacktivity.ch\\\/fr\\\/?s={search_term_string}\"},\"query-input\":{\"@type\":\"PropertyValueSpecification\",\"valueRequired\":true,\"valueName\":\"search_term_string\"}}],\"inLanguage\":\"fr-FR\"},{\"@type\":\"Organization\",\"@id\":\"https:\\\/\\\/slacktivity.ch\\\/fr\\\/#organization\",\"name\":\"SLACKTIVITY Slackline Shop Schweiz\",\"url\":\"https:\\\/\\\/slacktivity.ch\\\/fr\\\/\",\"logo\":{\"@type\":\"ImageObject\",\"inLanguage\":\"fr-FR\",\"@id\":\"https:\\\/\\\/slacktivity.ch\\\/fr\\\/#\\\/schema\\\/logo\\\/image\\\/\",\"url\":\"https:\\\/\\\/slacktivity.ch\\\/wp-content\\\/uploads\\\/2021\\\/01\\\/slacktivity-slackline-online-shop-1.png\",\"contentUrl\":\"https:\\\/\\\/slacktivity.ch\\\/wp-content\\\/uploads\\\/2021\\\/01\\\/slacktivity-slackline-online-shop-1.png\",\"width\":200,\"height\":77,\"caption\":\"SLACKTIVITY Slackline Shop Schweiz\"},\"image\":{\"@id\":\"https:\\\/\\\/slacktivity.ch\\\/fr\\\/#\\\/schema\\\/logo\\\/image\\\/\"}}]}<\/script>\n<!-- \/ Yoast SEO plugin. -->","yoast_head_json":{"title":"KingPin - La manille en aluminium EN362 | SLACKTIVITY Suisse","description":"Le KingPin, manille en aluminium EN362, a \u00e9t\u00e9 d\u00e9velopp\u00e9 et test\u00e9 en Suisse pour r\u00e9pondre aux besoins de l'industrie de l'escalade et du slackline. Achetez-le maintenant en ligne !","robots":{"index":"index","follow":"follow","max-snippet":"max-snippet:-1","max-image-preview":"max-image-preview:large","max-video-preview":"max-video-preview:-1"},"canonical":"https:\/\/slacktivity.ch\/fr\/shop\/kingpin-manille-en-aluminium-en362\/","og_locale":"fr_FR","og_type":"article","og_title":"KingPin - La manille en aluminium EN362 | SLACKTIVITY Suisse","og_description":"Le KingPin, manille en aluminium EN362, a \u00e9t\u00e9 d\u00e9velopp\u00e9 et test\u00e9 en Suisse pour r\u00e9pondre aux besoins de l'industrie de l'escalade et du slackline. Achetez-le maintenant en ligne !","og_url":"https:\/\/slacktivity.ch\/fr\/shop\/kingpin-manille-en-aluminium-en362\/","og_site_name":"SLACKTIVITY Slackline Shop Schweiz","article_modified_time":"2024-05-13T07:59:30+00:00","og_image":[{"width":1180,"height":1377,"url":"https:\/\/slacktivity.ch\/wp-content\/uploads\/2021\/02\/KingPin-Aluminium-Schakel-EN362.jpg","type":"image\/jpeg"}],"twitter_card":"summary_large_image","twitter_misc":{"Dur\u00e9e de lecture estim\u00e9e":"2 minutes"},"schema":{"@context":"https:\/\/schema.org","@graph":[{"@type":"WebPage","@id":"https:\/\/slacktivity.ch\/fr\/shop\/kingpin-manille-en-aluminium-en362\/","url":"https:\/\/slacktivity.ch\/fr\/shop\/kingpin-manille-en-aluminium-en362\/","name":"KingPin - La manille en aluminium EN362 | SLACKTIVITY Suisse","isPartOf":{"@id":"https:\/\/slacktivity.ch\/fr\/#website"},"primaryImageOfPage":{"@id":"https:\/\/slacktivity.ch\/fr\/shop\/kingpin-manille-en-aluminium-en362\/#primaryimage"},"image":{"@id":"https:\/\/slacktivity.ch\/fr\/shop\/kingpin-manille-en-aluminium-en362\/#primaryimage"},"thumbnailUrl":"https:\/\/slacktivity.ch\/wp-content\/uploads\/2021\/02\/KingPin-Aluminium-Schakel-EN362.jpg","datePublished":"2021-02-22T13:54:23+00:00","dateModified":"2024-05-13T07:59:30+00:00","description":"Le KingPin, manille en aluminium EN362, a \u00e9t\u00e9 d\u00e9velopp\u00e9 et test\u00e9 en Suisse pour r\u00e9pondre aux besoins de l'industrie de l'escalade et du slackline. Achetez-le maintenant en ligne !","breadcrumb":{"@id":"https:\/\/slacktivity.ch\/fr\/shop\/kingpin-manille-en-aluminium-en362\/#breadcrumb"},"inLanguage":"fr-FR","potentialAction":[{"@type":"ReadAction","target":["https:\/\/slacktivity.ch\/fr\/shop\/kingpin-manille-en-aluminium-en362\/"]}]},{"@type":"ImageObject","inLanguage":"fr-FR","@id":"https:\/\/slacktivity.ch\/fr\/shop\/kingpin-manille-en-aluminium-en362\/#primaryimage","url":"https:\/\/slacktivity.ch\/wp-content\/uploads\/2021\/02\/KingPin-Aluminium-Schakel-EN362.jpg","contentUrl":"https:\/\/slacktivity.ch\/wp-content\/uploads\/2021\/02\/KingPin-Aluminium-Schakel-EN362.jpg","width":1180,"height":1377,"caption":"KingPin Aluminium Sch\u00e4kel EN362"},{"@type":"BreadcrumbList","@id":"https:\/\/slacktivity.ch\/fr\/shop\/kingpin-manille-en-aluminium-en362\/#breadcrumb","itemListElement":[{"@type":"ListItem","position":1,"name":"Home","item":"https:\/\/slacktivity.ch\/fr\/"},{"@type":"ListItem","position":2,"name":"Boutique","item":"https:\/\/slacktivity.ch\/fr\/boutique\/"},{"@type":"ListItem","position":3,"name":"KingPin | Manille en aluminium EN362"}]},{"@type":"WebSite","@id":"https:\/\/slacktivity.ch\/fr\/#website","url":"https:\/\/slacktivity.ch\/fr\/","name":"SLACKTIVITY Slackline Shop Schweiz","description":"Ensembles de slackline de haute qualit\u00e9 avec montage facile, produits innovants Highline et accessoires de slackline acheter en ligne. Pour les enfants, les d\u00e9butants et les professionnels.","publisher":{"@id":"https:\/\/slacktivity.ch\/fr\/#organization"},"potentialAction":[{"@type":"SearchAction","target":{"@type":"EntryPoint","urlTemplate":"https:\/\/slacktivity.ch\/fr\/?s={search_term_string}"},"query-input":{"@type":"PropertyValueSpecification","valueRequired":true,"valueName":"search_term_string"}}],"inLanguage":"fr-FR"},{"@type":"Organization","@id":"https:\/\/slacktivity.ch\/fr\/#organization","name":"SLACKTIVITY Slackline Shop Schweiz","url":"https:\/\/slacktivity.ch\/fr\/","logo":{"@type":"ImageObject","inLanguage":"fr-FR","@id":"https:\/\/slacktivity.ch\/fr\/#\/schema\/logo\/image\/","url":"https:\/\/slacktivity.ch\/wp-content\/uploads\/2021\/01\/slacktivity-slackline-online-shop-1.png","contentUrl":"https:\/\/slacktivity.ch\/wp-content\/uploads\/2021\/01\/slacktivity-slackline-online-shop-1.png","width":200,"height":77,"caption":"SLACKTIVITY Slackline Shop Schweiz"},"image":{"@id":"https:\/\/slacktivity.ch\/fr\/#\/schema\/logo\/image\/"}}]}},"_links":{"self":[{"href":"https:\/\/slacktivity.ch\/fr\/wp-json\/wp\/v2\/product\/11945","targetHints":{"allow":["GET"]}}],"collection":[{"href":"https:\/\/slacktivity.ch\/fr\/wp-json\/wp\/v2\/product"}],"about":[{"href":"https:\/\/slacktivity.ch\/fr\/wp-json\/wp\/v2\/types\/product"}],"replies":[{"embeddable":true,"href":"https:\/\/slacktivity.ch\/fr\/wp-json\/wp\/v2\/comments?post=11945"}],"wp:featuredmedia":[{"embeddable":true,"href":"https:\/\/slacktivity.ch\/fr\/wp-json\/wp\/v2\/media\/11917"}],"wp:attachment":[{"href":"https:\/\/slacktivity.ch\/fr\/wp-json\/wp\/v2\/media?parent=11945"}],"wp:term":[{"taxonomy":"product_cat","embeddable":true,"href":"https:\/\/slacktivity.ch\/fr\/wp-json\/wp\/v2\/product_cat?post=11945"},{"taxonomy":"product_tag","embeddable":true,"href":"https:\/\/slacktivity.ch\/fr\/wp-json\/wp\/v2\/product_tag?post=11945"}],"curies":[{"name":"wp","href":"https:\/\/api.w.org\/{rel}","templated":true}]}}