{"id":12108,"date":"2023-09-14T14:43:54","date_gmt":"2023-09-14T12:43:54","guid":{"rendered":"https:\/\/slacktivity.ch\/shop\/v-loop-piece-de-rechange-pour-cliquet-de-slackline\/"},"modified":"2023-09-14T14:43:54","modified_gmt":"2023-09-14T12:43:54","slug":"v-loop-piece-de-rechange-pour-cliquet-de-slackline","status":"publish","type":"product","link":"https:\/\/slacktivity.ch\/fr\/shop\/v-loop-piece-de-rechange-pour-cliquet-de-slackline\/","title":{"rendered":"V-Loop | Pi\u00e8ce de rechange pour cliquet de slackline"},"content":{"rendered":"<p>&lt;h2&gt;V-Loop | Pi\u00e8ce de rechange pour cliquet de slackline&lt;\/h2&gt;<br \/>\n&lt;p&gt;<br \/>\nGr\u00e2ce au syst\u00e8me Vertical-Loop (V-Loop), cette slackline peut \u00eatre fix\u00e9e facilement et en toute s\u00e9curit\u00e9 aux &lt;a href=\u00a0\u00bbhttps:\/\/slacktivity.ch\/shop\/standard-slackline-pfosten\/\u00a0\u00bb&gt;poteaux de slackline&lt;\/a&gt;, sans n\u00e9cessiter les sangles d&rsquo;arbre et les mousquetons habituellement n\u00e9cessaires. Cette solution est adapt\u00e9e aussi bien pour une utilisation int\u00e9rieure qu&rsquo;ext\u00e9rieure et est sp\u00e9cialement con\u00e7ue pour les poteaux de slackline SLACKTIVITY. Cependant, m\u00eame lorsqu&rsquo;elle est fix\u00e9e aux arbres, ce syst\u00e8me pr\u00e9sente des avantages \u00e9vidents : le mousqueton en acier peut se d\u00e9placer librement sur la sangle d&rsquo;arbre et se positionne automatiquement correctement, sans endommager l&rsquo;\u00e9corce de l&rsquo;arbre.<br \/>\n&lt;\/p&gt;<br \/>\n&lt;p&gt;<br \/>\nLe V-Loop est d\u00e9sormais \u00e9galement disponible s\u00e9par\u00e9ment en tant qu&rsquo;\u00e9l\u00e9ment interchangeable pour le &lt;a href=\u00a0\u00bbhttps:\/\/slacktivity.ch\/shop\/37mm-slackline-ratsche\/\u00a0\u00bb&gt;cliquet de slackline&lt;\/a&gt;. Cet \u00e9l\u00e9ment est le seul \u00e0 vieillir avec l&rsquo;exposition aux UV. Avec cette offre de pi\u00e8ces de rechange, nous souhaitons contribuer \u00e0 la durabilit\u00e9 de nos produits, car notre cliquet en acier inoxydable, \u00e0 l&rsquo;exception de l&rsquo;usure normale, a une dur\u00e9e de vie pratiquement illimit\u00e9e. Nous recommandons de remplacer le \u00ab\u00a0Vertical-Loop\u00a0\u00bb apr\u00e8s au maximum 3 ans d&rsquo;utilisation permanente en ext\u00e9rieur.<br \/>\n&lt;\/p&gt;<br \/>\n&lt;p&gt;<br \/>\nD&rsquo;ailleurs, SLACKTIVITY propose \u00e9galement des &lt;a href=\u00a0\u00bbhttps:\/\/slacktivity.ch\/shop\/prufung-wartung-slackline-anlage\/\u00a0\u00bb&gt;r\u00e9visions&lt;\/a&gt; compl\u00e8tes des parcs de slackline, au cours desquelles des composants tels que le V-Loop peuvent \u00eatre remplac\u00e9s. Cela permet de garantir que les parcs de slackline restent toujours en parfait \u00e9tat.<br \/>\n&lt;\/p&gt;<br \/>\n&lt;p&gt;<br \/>\nLe design du V-Loop est exclusivement disponible chez SLACKTIVITY gr\u00e2ce \u00e0 une protection internationale du design (DM\/076 171).<br \/>\n&lt;\/p&gt;<\/p>\n","protected":false},"excerpt":{"rendered":"<p>La V-Loop est d\u00e9sormais disponible en tant que pi\u00e8ce de rechange.<\/p>\n","protected":false},"featured_media":11612,"comment_status":"open","ping_status":"closed","template":"","meta":{"_acf_changed":false,"_joinchat":[]},"product_cat":[747,631,678],"product_tag":[985],"class_list":{"0":"post-12108","1":"product","2":"type-product","3":"status-publish","4":"has-post-thumbnail","6":"product_cat-elingues-de-connexion","7":"product_cat-fixation-slackline","8":"product_cat-slackline-poteau","9":"product_tag-pieces-de-rechange","10":"pa_brand-slacktivity-fr","12":"first","13":"instock","14":"taxable","15":"shipping-taxable","16":"purchasable","17":"product-type-simple"},"acf":[],"yoast_head":"<!-- This site is optimized with the Yoast SEO plugin v27.3 - https:\/\/yoast.com\/product\/yoast-seo-wordpress\/ -->\n<title>V-Loop | Pi\u00e8ce de rechange pour cliquet de slackline - SLACKTIVITY Slackline Shop Schweiz<\/title>\n<meta name=\"description\" content=\"V-Loop | Pi\u00e8ce de rechange pour slackline : Fixez votre slackline en toute s\u00e9curit\u00e9 sans sangles d&#039;arbre ni mousquetons. Prolongez la dur\u00e9e de vie de votre cliquet de slackline.\" \/>\n<meta name=\"robots\" content=\"index, follow, max-snippet:-1, max-image-preview:large, max-video-preview:-1\" \/>\n<link rel=\"canonical\" href=\"https:\/\/slacktivity.ch\/fr\/shop\/v-loop-piece-de-rechange-pour-cliquet-de-slackline\/\" \/>\n<meta property=\"og:locale\" content=\"fr_FR\" \/>\n<meta property=\"og:type\" content=\"article\" \/>\n<meta property=\"og:title\" content=\"V-Loop | Pi\u00e8ce de rechange pour cliquet de slackline - SLACKTIVITY Slackline Shop Schweiz\" \/>\n<meta property=\"og:description\" content=\"V-Loop | Pi\u00e8ce de rechange pour slackline : Fixez votre slackline en toute s\u00e9curit\u00e9 sans sangles d&#039;arbre ni mousquetons. Prolongez la dur\u00e9e de vie de votre cliquet de slackline.\" \/>\n<meta property=\"og:url\" content=\"https:\/\/slacktivity.ch\/fr\/shop\/v-loop-piece-de-rechange-pour-cliquet-de-slackline\/\" \/>\n<meta property=\"og:site_name\" content=\"SLACKTIVITY Slackline Shop Schweiz\" \/>\n<meta property=\"og:image\" content=\"https:\/\/slacktivity.ch\/wp-content\/uploads\/2023\/09\/v-loop-slackline-ersatzteil.jpg\" \/>\n\t<meta property=\"og:image:width\" content=\"1180\" \/>\n\t<meta property=\"og:image:height\" content=\"1377\" \/>\n\t<meta property=\"og:image:type\" content=\"image\/jpeg\" \/>\n<meta name=\"twitter:card\" content=\"summary_large_image\" \/>\n<meta name=\"twitter:label1\" content=\"Dur\u00e9e de lecture estim\u00e9e\" \/>\n\t<meta name=\"twitter:data1\" content=\"2 minutes\" \/>\n<script type=\"application\/ld+json\" class=\"yoast-schema-graph\">{\"@context\":\"https:\\\/\\\/schema.org\",\"@graph\":[{\"@type\":\"WebPage\",\"@id\":\"https:\\\/\\\/slacktivity.ch\\\/fr\\\/shop\\\/v-loop-piece-de-rechange-pour-cliquet-de-slackline\\\/\",\"url\":\"https:\\\/\\\/slacktivity.ch\\\/fr\\\/shop\\\/v-loop-piece-de-rechange-pour-cliquet-de-slackline\\\/\",\"name\":\"V-Loop | Pi\u00e8ce de rechange pour cliquet de slackline - SLACKTIVITY Slackline Shop Schweiz\",\"isPartOf\":{\"@id\":\"https:\\\/\\\/slacktivity.ch\\\/fr\\\/#website\"},\"primaryImageOfPage\":{\"@id\":\"https:\\\/\\\/slacktivity.ch\\\/fr\\\/shop\\\/v-loop-piece-de-rechange-pour-cliquet-de-slackline\\\/#primaryimage\"},\"image\":{\"@id\":\"https:\\\/\\\/slacktivity.ch\\\/fr\\\/shop\\\/v-loop-piece-de-rechange-pour-cliquet-de-slackline\\\/#primaryimage\"},\"thumbnailUrl\":\"https:\\\/\\\/slacktivity.ch\\\/wp-content\\\/uploads\\\/2023\\\/09\\\/v-loop-slackline-ersatzteil.jpg\",\"datePublished\":\"2023-09-14T12:43:54+00:00\",\"description\":\"V-Loop | Pi\u00e8ce de rechange pour slackline : Fixez votre slackline en toute s\u00e9curit\u00e9 sans sangles d'arbre ni mousquetons. Prolongez la dur\u00e9e de vie de votre cliquet de slackline.\",\"breadcrumb\":{\"@id\":\"https:\\\/\\\/slacktivity.ch\\\/fr\\\/shop\\\/v-loop-piece-de-rechange-pour-cliquet-de-slackline\\\/#breadcrumb\"},\"inLanguage\":\"fr-FR\",\"potentialAction\":[{\"@type\":\"ReadAction\",\"target\":[\"https:\\\/\\\/slacktivity.ch\\\/fr\\\/shop\\\/v-loop-piece-de-rechange-pour-cliquet-de-slackline\\\/\"]}]},{\"@type\":\"ImageObject\",\"inLanguage\":\"fr-FR\",\"@id\":\"https:\\\/\\\/slacktivity.ch\\\/fr\\\/shop\\\/v-loop-piece-de-rechange-pour-cliquet-de-slackline\\\/#primaryimage\",\"url\":\"https:\\\/\\\/slacktivity.ch\\\/wp-content\\\/uploads\\\/2023\\\/09\\\/v-loop-slackline-ersatzteil.jpg\",\"contentUrl\":\"https:\\\/\\\/slacktivity.ch\\\/wp-content\\\/uploads\\\/2023\\\/09\\\/v-loop-slackline-ersatzteil.jpg\",\"width\":1180,\"height\":1377,\"caption\":\"v-loop slackline ersatzteil\"},{\"@type\":\"BreadcrumbList\",\"@id\":\"https:\\\/\\\/slacktivity.ch\\\/fr\\\/shop\\\/v-loop-piece-de-rechange-pour-cliquet-de-slackline\\\/#breadcrumb\",\"itemListElement\":[{\"@type\":\"ListItem\",\"position\":1,\"name\":\"Home\",\"item\":\"https:\\\/\\\/slacktivity.ch\\\/fr\\\/\"},{\"@type\":\"ListItem\",\"position\":2,\"name\":\"Boutique\",\"item\":\"https:\\\/\\\/slacktivity.ch\\\/fr\\\/boutique\\\/\"},{\"@type\":\"ListItem\",\"position\":3,\"name\":\"V-Loop | Pi\u00e8ce de rechange pour cliquet de slackline\"}]},{\"@type\":\"WebSite\",\"@id\":\"https:\\\/\\\/slacktivity.ch\\\/fr\\\/#website\",\"url\":\"https:\\\/\\\/slacktivity.ch\\\/fr\\\/\",\"name\":\"SLACKTIVITY Slackline Shop Schweiz\",\"description\":\"Ensembles de slackline de haute qualit\u00e9 avec montage facile, produits innovants Highline et accessoires de slackline acheter en ligne. Pour les enfants, les d\u00e9butants et les professionnels.\",\"publisher\":{\"@id\":\"https:\\\/\\\/slacktivity.ch\\\/fr\\\/#organization\"},\"potentialAction\":[{\"@type\":\"SearchAction\",\"target\":{\"@type\":\"EntryPoint\",\"urlTemplate\":\"https:\\\/\\\/slacktivity.ch\\\/fr\\\/?s={search_term_string}\"},\"query-input\":{\"@type\":\"PropertyValueSpecification\",\"valueRequired\":true,\"valueName\":\"search_term_string\"}}],\"inLanguage\":\"fr-FR\"},{\"@type\":\"Organization\",\"@id\":\"https:\\\/\\\/slacktivity.ch\\\/fr\\\/#organization\",\"name\":\"SLACKTIVITY Slackline Shop Schweiz\",\"url\":\"https:\\\/\\\/slacktivity.ch\\\/fr\\\/\",\"logo\":{\"@type\":\"ImageObject\",\"inLanguage\":\"fr-FR\",\"@id\":\"https:\\\/\\\/slacktivity.ch\\\/fr\\\/#\\\/schema\\\/logo\\\/image\\\/\",\"url\":\"https:\\\/\\\/slacktivity.ch\\\/wp-content\\\/uploads\\\/2021\\\/01\\\/slacktivity-slackline-online-shop-1.png\",\"contentUrl\":\"https:\\\/\\\/slacktivity.ch\\\/wp-content\\\/uploads\\\/2021\\\/01\\\/slacktivity-slackline-online-shop-1.png\",\"width\":200,\"height\":77,\"caption\":\"SLACKTIVITY Slackline Shop Schweiz\"},\"image\":{\"@id\":\"https:\\\/\\\/slacktivity.ch\\\/fr\\\/#\\\/schema\\\/logo\\\/image\\\/\"}}]}<\/script>\n<!-- \/ Yoast SEO plugin. -->","yoast_head_json":{"title":"V-Loop | Pi\u00e8ce de rechange pour cliquet de slackline - SLACKTIVITY Slackline Shop Schweiz","description":"V-Loop | Pi\u00e8ce de rechange pour slackline : Fixez votre slackline en toute s\u00e9curit\u00e9 sans sangles d'arbre ni mousquetons. Prolongez la dur\u00e9e de vie de votre cliquet de slackline.","robots":{"index":"index","follow":"follow","max-snippet":"max-snippet:-1","max-image-preview":"max-image-preview:large","max-video-preview":"max-video-preview:-1"},"canonical":"https:\/\/slacktivity.ch\/fr\/shop\/v-loop-piece-de-rechange-pour-cliquet-de-slackline\/","og_locale":"fr_FR","og_type":"article","og_title":"V-Loop | Pi\u00e8ce de rechange pour cliquet de slackline - SLACKTIVITY Slackline Shop Schweiz","og_description":"V-Loop | Pi\u00e8ce de rechange pour slackline : Fixez votre slackline en toute s\u00e9curit\u00e9 sans sangles d'arbre ni mousquetons. Prolongez la dur\u00e9e de vie de votre cliquet de slackline.","og_url":"https:\/\/slacktivity.ch\/fr\/shop\/v-loop-piece-de-rechange-pour-cliquet-de-slackline\/","og_site_name":"SLACKTIVITY Slackline Shop Schweiz","og_image":[{"width":1180,"height":1377,"url":"https:\/\/slacktivity.ch\/wp-content\/uploads\/2023\/09\/v-loop-slackline-ersatzteil.jpg","type":"image\/jpeg"}],"twitter_card":"summary_large_image","twitter_misc":{"Dur\u00e9e de lecture estim\u00e9e":"2 minutes"},"schema":{"@context":"https:\/\/schema.org","@graph":[{"@type":"WebPage","@id":"https:\/\/slacktivity.ch\/fr\/shop\/v-loop-piece-de-rechange-pour-cliquet-de-slackline\/","url":"https:\/\/slacktivity.ch\/fr\/shop\/v-loop-piece-de-rechange-pour-cliquet-de-slackline\/","name":"V-Loop | Pi\u00e8ce de rechange pour cliquet de slackline - SLACKTIVITY Slackline Shop Schweiz","isPartOf":{"@id":"https:\/\/slacktivity.ch\/fr\/#website"},"primaryImageOfPage":{"@id":"https:\/\/slacktivity.ch\/fr\/shop\/v-loop-piece-de-rechange-pour-cliquet-de-slackline\/#primaryimage"},"image":{"@id":"https:\/\/slacktivity.ch\/fr\/shop\/v-loop-piece-de-rechange-pour-cliquet-de-slackline\/#primaryimage"},"thumbnailUrl":"https:\/\/slacktivity.ch\/wp-content\/uploads\/2023\/09\/v-loop-slackline-ersatzteil.jpg","datePublished":"2023-09-14T12:43:54+00:00","description":"V-Loop | Pi\u00e8ce de rechange pour slackline : Fixez votre slackline en toute s\u00e9curit\u00e9 sans sangles d'arbre ni mousquetons. Prolongez la dur\u00e9e de vie de votre cliquet de slackline.","breadcrumb":{"@id":"https:\/\/slacktivity.ch\/fr\/shop\/v-loop-piece-de-rechange-pour-cliquet-de-slackline\/#breadcrumb"},"inLanguage":"fr-FR","potentialAction":[{"@type":"ReadAction","target":["https:\/\/slacktivity.ch\/fr\/shop\/v-loop-piece-de-rechange-pour-cliquet-de-slackline\/"]}]},{"@type":"ImageObject","inLanguage":"fr-FR","@id":"https:\/\/slacktivity.ch\/fr\/shop\/v-loop-piece-de-rechange-pour-cliquet-de-slackline\/#primaryimage","url":"https:\/\/slacktivity.ch\/wp-content\/uploads\/2023\/09\/v-loop-slackline-ersatzteil.jpg","contentUrl":"https:\/\/slacktivity.ch\/wp-content\/uploads\/2023\/09\/v-loop-slackline-ersatzteil.jpg","width":1180,"height":1377,"caption":"v-loop slackline ersatzteil"},{"@type":"BreadcrumbList","@id":"https:\/\/slacktivity.ch\/fr\/shop\/v-loop-piece-de-rechange-pour-cliquet-de-slackline\/#breadcrumb","itemListElement":[{"@type":"ListItem","position":1,"name":"Home","item":"https:\/\/slacktivity.ch\/fr\/"},{"@type":"ListItem","position":2,"name":"Boutique","item":"https:\/\/slacktivity.ch\/fr\/boutique\/"},{"@type":"ListItem","position":3,"name":"V-Loop | Pi\u00e8ce de rechange pour cliquet de slackline"}]},{"@type":"WebSite","@id":"https:\/\/slacktivity.ch\/fr\/#website","url":"https:\/\/slacktivity.ch\/fr\/","name":"SLACKTIVITY Slackline Shop Schweiz","description":"Ensembles de slackline de haute qualit\u00e9 avec montage facile, produits innovants Highline et accessoires de slackline acheter en ligne. Pour les enfants, les d\u00e9butants et les professionnels.","publisher":{"@id":"https:\/\/slacktivity.ch\/fr\/#organization"},"potentialAction":[{"@type":"SearchAction","target":{"@type":"EntryPoint","urlTemplate":"https:\/\/slacktivity.ch\/fr\/?s={search_term_string}"},"query-input":{"@type":"PropertyValueSpecification","valueRequired":true,"valueName":"search_term_string"}}],"inLanguage":"fr-FR"},{"@type":"Organization","@id":"https:\/\/slacktivity.ch\/fr\/#organization","name":"SLACKTIVITY Slackline Shop Schweiz","url":"https:\/\/slacktivity.ch\/fr\/","logo":{"@type":"ImageObject","inLanguage":"fr-FR","@id":"https:\/\/slacktivity.ch\/fr\/#\/schema\/logo\/image\/","url":"https:\/\/slacktivity.ch\/wp-content\/uploads\/2021\/01\/slacktivity-slackline-online-shop-1.png","contentUrl":"https:\/\/slacktivity.ch\/wp-content\/uploads\/2021\/01\/slacktivity-slackline-online-shop-1.png","width":200,"height":77,"caption":"SLACKTIVITY Slackline Shop Schweiz"},"image":{"@id":"https:\/\/slacktivity.ch\/fr\/#\/schema\/logo\/image\/"}}]}},"_links":{"self":[{"href":"https:\/\/slacktivity.ch\/fr\/wp-json\/wp\/v2\/product\/12108","targetHints":{"allow":["GET"]}}],"collection":[{"href":"https:\/\/slacktivity.ch\/fr\/wp-json\/wp\/v2\/product"}],"about":[{"href":"https:\/\/slacktivity.ch\/fr\/wp-json\/wp\/v2\/types\/product"}],"replies":[{"embeddable":true,"href":"https:\/\/slacktivity.ch\/fr\/wp-json\/wp\/v2\/comments?post=12108"}],"wp:featuredmedia":[{"embeddable":true,"href":"https:\/\/slacktivity.ch\/fr\/wp-json\/wp\/v2\/media\/11612"}],"wp:attachment":[{"href":"https:\/\/slacktivity.ch\/fr\/wp-json\/wp\/v2\/media?parent=12108"}],"wp:term":[{"taxonomy":"product_cat","embeddable":true,"href":"https:\/\/slacktivity.ch\/fr\/wp-json\/wp\/v2\/product_cat?post=12108"},{"taxonomy":"product_tag","embeddable":true,"href":"https:\/\/slacktivity.ch\/fr\/wp-json\/wp\/v2\/product_tag?post=12108"}],"curies":[{"name":"wp","href":"https:\/\/api.w.org\/{rel}","templated":true}]}}