{"id":13422,"date":"2021-02-22T15:54:23","date_gmt":"2021-02-22T13:54:23","guid":{"rendered":"https:\/\/slacktivity.ch\/shop\/softrelease-v2-0\/"},"modified":"2026-04-30T12:26:05","modified_gmt":"2026-04-30T10:26:05","slug":"softrelease-v2-0","status":"publish","type":"product","link":"https:\/\/slacktivity.ch\/fr\/shop\/softrelease-v2-0\/","title":{"rendered":"SoftRelease V2.0"},"content":{"rendered":"<h2>softRelease STANDARD | D\u00e9tendre les slacklines en douceur<\/h2>\n<p>La <strong>softRelease<\/strong> permet de d\u00e9tendre les slacklines de mani\u00e8re contr\u00f4l\u00e9e. Pour les slacklines tendues avec des ratchets, elle permet de m\u00e9nager le ratchet. Pour les slacklines tendues avec un palan HangOver, la softRelease est indispensable.<\/p>\n<p>La softRelease ne p\u00e8se que 170g (les versions plus longues p\u00e8sent 300g et 570g respectivement). Apr\u00e8s utilisation, elle se renroule en 15 secondes et est s\u00e9curis\u00e9e par une boucle de serrage.<\/p>\n<p>La version courte convient aux slacklines tendues avec des ratchets. Pour les tricklines longues, les longlines et les highlines, les mod\u00e8les 4m-softRelease et 10m-softRelease sont recommand\u00e9s. Les versions 4m et 10m ne servent pas seulement \u00e0 d\u00e9tendre, mais aussi \u00e0 re-tendre les slacklines. En position \u00e0 moiti\u00e9 d\u00e9tendue, la softRelease peut \u00eatre utilis\u00e9e tant qu&rsquo;il reste au moins 6 enroulements.<\/p>\n<p><strong>Sp\u00e9cifications :<\/strong> Charge de rupture : &gt;60kN \u2014 double protection autour de la boucle d&rsquo;extr\u00e9mit\u00e9 \u2014 sangle 25mm de large (polyester)<\/p>\n<h2>4m-softRelease V2.0 | D\u00e9tendre les longlines en toute s\u00e9curit\u00e9<\/h2>\n<p>Cette 4m-softRelease V2.0 dispose de 4m de sangle suppl\u00e9mentaire en plus des 6 enroulements, ce qui permet de d\u00e9tendre en toute s\u00e9curit\u00e9 les longueurs de slacklines suivantes :<\/p>\n<ul>\n<li>redTube ou PinkTube de 40m pr\u00e9tendu \u00e0 8kN<\/li>\n<li>Marathon Webbing de 80m pr\u00e9tendu \u00e0 8kN<\/li>\n<\/ul>\n<p><strong>Sp\u00e9cifications :<\/strong> Charge de rupture : &gt;60kN \u2014 double protection autour de la boucle d&rsquo;extr\u00e9mit\u00e9 \u2014 sangle 25mm de large (polyester) \u2014 Poids : 300g<\/p>\n<h2>10m-softRelease V2.0 | D\u00e9tendre les longlines extr\u00eames en douceur<\/h2>\n<p>Cette 10m-softRelease V2.0 dispose de 10m de sangle suppl\u00e9mentaire en plus des 6 enroulements, ce qui permet de d\u00e9tendre en toute s\u00e9curit\u00e9 les longueurs de slacklines suivantes :<\/p>\n<ul>\n<li>redTube de 70m tendue \u00e0 6kN<\/li>\n<li>BlackWhite de 150m tendue \u00e0 6kN<\/li>\n<\/ul>\n<p>Pour les freestyle-highlines qui sont maintenues en tension permanente et dont la tension doit \u00eatre r\u00e9guli\u00e8rement ajust\u00e9e, la 10m-softRelease V2.0 est le choix id\u00e9al.<\/p>\n<p><strong>Sp\u00e9cifications :<\/strong> Charge de rupture : &gt;60kN \u2014 double protection autour de la boucle d&rsquo;extr\u00e9mit\u00e9 \u2014 sangle 25mm de large (polyester) \u2014 Poids : 570g<\/p>\n<p><em>Remarque : Pour relier la softRelease \u00e0 la slackline, un mousqueton ou un manillon de slackline suppl\u00e9mentaire est n\u00e9cessaire.<\/em><\/p>\n<h2>Plus d&rsquo;informations sur la softRelease<\/h2>\n<p>SLACKTIVITY a lanc\u00e9 le syst\u00e8me softRelease (2011) en tant que premier fabricant sur le march\u00e9. Depuis lors, ce terme s&rsquo;est impos\u00e9 dans la communaut\u00e9 slackline pour d\u00e9signer ce type de syst\u00e8me de d\u00e9tente.<\/p>\n<p>Le premier mod\u00e8le de la softRelease \u00e9tait \u00e9quip\u00e9 d&rsquo;un velcro. Celui-ci pr\u00e9sente des avantages d&rsquo;utilisation, mais l&rsquo;inconv\u00e9nient qu&rsquo;apr\u00e8s une utilisation prolong\u00e9e, la force de retenue du velcro diminue. Le mod\u00e8le suivant est donc \u00e9quip\u00e9 d&rsquo;une boucle de serrage comme fermeture, ce qui rend le syst\u00e8me plus durable.<\/p>\n<p>La dur\u00e9e de vie de la softRelease augmente consid\u00e9rablement si on veille \u00e0 la d\u00e9verrouiller lentement et de mani\u00e8re contr\u00f4l\u00e9e.<\/p>\n<p>Tous les mod\u00e8les sont compatibles avec le <a href=\"https:\/\/slacktivity.ch\/fr\/shop\/seahorse\/\">seaHorse<\/a> (SLACKTIVITY-WebLock \u00e0 double goupille) ainsi qu&rsquo;avec le <a href=\"https:\/\/slacktivity.ch\/fr\/shop\/kingpin-weblock\/\">KingPin<\/a>. Gr\u00e2ce \u00e0 cette combinaison, la softRelease peut \u00eatre int\u00e9gr\u00e9e dans le syst\u00e8me de slackline avec un manillon de moins \u2192 plus de s\u00e9curit\u00e9, moins de poids !<\/p>\n<p>Avant d&rsquo;utiliser ce produit, le(s) mode(s) d&#8217;emploi (PDF \u00e0 t\u00e9l\u00e9charger) doivent \u00eatre lus et compris :<\/p>\n<ul>\n<li><a href=\"https:\/\/slacktivity.ch\/wp-content\/uploads\/2021\/03\/Bedienungsanleitung-DE-softRelease-V2.pdf\">Bedienungsanleitung (DE) Soft Release V2<\/a><\/li>\n<li><a href=\"https:\/\/slacktivity.ch\/wp-content\/uploads\/2021\/03\/Manual-EN-softRelease-V2.pdf\">Manual (EN) Soft Release V2<\/a><\/li>\n<li><a href=\"https:\/\/slacktivity.ch\/wp-content\/uploads\/2021\/02\/mode-d-emploi-FR-softRelease-V2.pdf\">Mode d&#8217;emploi (FR) softRelease V2<\/a><\/li>\n<\/ul>\n","protected":false},"excerpt":{"rendered":"<p>La softRelease a \u00e9t\u00e9 con\u00e7ue pour d\u00e9tendre une slackline ou une highline de la mani\u00e8re la plus douce possible. Les versions 4m et 10m de la softRelease V2.0 sont fabriqu\u00e9es enti\u00e8rement d&rsquo;une seule sangle, ce qui offre de nombreux avantages, notamment pour le highlining.<\/p>\n","protected":false},"featured_media":11575,"comment_status":"open","ping_status":"closed","template":"","meta":{"_acf_changed":false,"_joinchat":[]},"product_cat":[1019,642],"product_tag":[],"class_list":{"0":"post-13422","1":"product","2":"type-product","3":"status-publish","4":"has-post-thumbnail","6":"product_cat-slackline-soft-release","7":"product_cat-systemes-de-tension-slackline","9":"first","10":"instock","11":"taxable","12":"shipping-taxable","13":"purchasable","14":"product-type-variable"},"acf":[],"yoast_head":"<!-- This site is optimized with the Yoast SEO plugin v27.4 - https:\/\/yoast.com\/product\/yoast-seo-wordpress\/ -->\n<title>SoftRelease V2.0 - SLACKTIVITY Slackline Shop Schweiz<\/title>\n<meta name=\"robots\" content=\"index, follow, max-snippet:-1, max-image-preview:large, max-video-preview:-1\" \/>\n<link rel=\"canonical\" href=\"https:\/\/slacktivity.ch\/fr\/shop\/softrelease-v2-0\/\" \/>\n<meta property=\"og:locale\" content=\"fr_FR\" \/>\n<meta property=\"og:type\" content=\"article\" \/>\n<meta property=\"og:title\" content=\"SoftRelease V2.0 - SLACKTIVITY Slackline Shop Schweiz\" \/>\n<meta property=\"og:description\" content=\"La softRelease a \u00e9t\u00e9 con\u00e7ue pour d\u00e9tendre une slackline ou une highline de la mani\u00e8re la plus douce possible. Les versions 4m et 10m de la softRelease V2.0 sont fabriqu\u00e9es enti\u00e8rement d&#039;une seule sangle, ce qui offre de nombreux avantages, notamment pour le highlining.\" \/>\n<meta property=\"og:url\" content=\"https:\/\/slacktivity.ch\/fr\/shop\/softrelease-v2-0\/\" \/>\n<meta property=\"og:site_name\" content=\"SLACKTIVITY Slackline Shop Schweiz\" \/>\n<meta property=\"article:modified_time\" content=\"2026-04-30T10:26:05+00:00\" \/>\n<meta property=\"og:image\" content=\"https:\/\/slacktivity.ch\/wp-content\/uploads\/2023\/08\/softrelease-kaufen.jpg\" \/>\n\t<meta property=\"og:image:width\" content=\"1180\" \/>\n\t<meta property=\"og:image:height\" content=\"1377\" \/>\n\t<meta property=\"og:image:type\" content=\"image\/jpeg\" \/>\n<meta name=\"twitter:card\" content=\"summary_large_image\" \/>\n<meta name=\"twitter:label1\" content=\"Dur\u00e9e de lecture estim\u00e9e\" \/>\n\t<meta name=\"twitter:data1\" content=\"4 minutes\" \/>\n<script type=\"application\/ld+json\" class=\"yoast-schema-graph\">{\"@context\":\"https:\\\/\\\/schema.org\",\"@graph\":[{\"@type\":\"WebPage\",\"@id\":\"https:\\\/\\\/slacktivity.ch\\\/fr\\\/shop\\\/softrelease-v2-0\\\/\",\"url\":\"https:\\\/\\\/slacktivity.ch\\\/fr\\\/shop\\\/softrelease-v2-0\\\/\",\"name\":\"SoftRelease V2.0 - SLACKTIVITY Slackline Shop Schweiz\",\"isPartOf\":{\"@id\":\"https:\\\/\\\/slacktivity.ch\\\/fr\\\/#website\"},\"primaryImageOfPage\":{\"@id\":\"https:\\\/\\\/slacktivity.ch\\\/fr\\\/shop\\\/softrelease-v2-0\\\/#primaryimage\"},\"image\":{\"@id\":\"https:\\\/\\\/slacktivity.ch\\\/fr\\\/shop\\\/softrelease-v2-0\\\/#primaryimage\"},\"thumbnailUrl\":\"https:\\\/\\\/slacktivity.ch\\\/wp-content\\\/uploads\\\/2023\\\/08\\\/softrelease-kaufen.jpg\",\"datePublished\":\"2021-02-22T13:54:23+00:00\",\"dateModified\":\"2026-04-30T10:26:05+00:00\",\"breadcrumb\":{\"@id\":\"https:\\\/\\\/slacktivity.ch\\\/fr\\\/shop\\\/softrelease-v2-0\\\/#breadcrumb\"},\"inLanguage\":\"fr-FR\",\"potentialAction\":[{\"@type\":\"ReadAction\",\"target\":[\"https:\\\/\\\/slacktivity.ch\\\/fr\\\/shop\\\/softrelease-v2-0\\\/\"]}]},{\"@type\":\"ImageObject\",\"inLanguage\":\"fr-FR\",\"@id\":\"https:\\\/\\\/slacktivity.ch\\\/fr\\\/shop\\\/softrelease-v2-0\\\/#primaryimage\",\"url\":\"https:\\\/\\\/slacktivity.ch\\\/wp-content\\\/uploads\\\/2023\\\/08\\\/softrelease-kaufen.jpg\",\"contentUrl\":\"https:\\\/\\\/slacktivity.ch\\\/wp-content\\\/uploads\\\/2023\\\/08\\\/softrelease-kaufen.jpg\",\"width\":1180,\"height\":1377},{\"@type\":\"BreadcrumbList\",\"@id\":\"https:\\\/\\\/slacktivity.ch\\\/fr\\\/shop\\\/softrelease-v2-0\\\/#breadcrumb\",\"itemListElement\":[{\"@type\":\"ListItem\",\"position\":1,\"name\":\"Home\",\"item\":\"https:\\\/\\\/slacktivity.ch\\\/fr\\\/\"},{\"@type\":\"ListItem\",\"position\":2,\"name\":\"Boutique\",\"item\":\"https:\\\/\\\/slacktivity.ch\\\/fr\\\/boutique\\\/\"},{\"@type\":\"ListItem\",\"position\":3,\"name\":\"SoftRelease V2.0\"}]},{\"@type\":\"WebSite\",\"@id\":\"https:\\\/\\\/slacktivity.ch\\\/fr\\\/#website\",\"url\":\"https:\\\/\\\/slacktivity.ch\\\/fr\\\/\",\"name\":\"SLACKTIVITY Slackline Shop Schweiz\",\"description\":\"Ensembles de slackline de haute qualit\u00e9 avec montage facile, produits innovants Highline et accessoires de slackline acheter en ligne. Pour les enfants, les d\u00e9butants et les professionnels.\",\"publisher\":{\"@id\":\"https:\\\/\\\/slacktivity.ch\\\/fr\\\/#organization\"},\"potentialAction\":[{\"@type\":\"SearchAction\",\"target\":{\"@type\":\"EntryPoint\",\"urlTemplate\":\"https:\\\/\\\/slacktivity.ch\\\/fr\\\/?s={search_term_string}\"},\"query-input\":{\"@type\":\"PropertyValueSpecification\",\"valueRequired\":true,\"valueName\":\"search_term_string\"}}],\"inLanguage\":\"fr-FR\"},{\"@type\":\"Organization\",\"@id\":\"https:\\\/\\\/slacktivity.ch\\\/fr\\\/#organization\",\"name\":\"SLACKTIVITY Slackline Shop Schweiz\",\"url\":\"https:\\\/\\\/slacktivity.ch\\\/fr\\\/\",\"logo\":{\"@type\":\"ImageObject\",\"inLanguage\":\"fr-FR\",\"@id\":\"https:\\\/\\\/slacktivity.ch\\\/fr\\\/#\\\/schema\\\/logo\\\/image\\\/\",\"url\":\"https:\\\/\\\/slacktivity.ch\\\/wp-content\\\/uploads\\\/2021\\\/01\\\/slacktivity-slackline-online-shop-1.png\",\"contentUrl\":\"https:\\\/\\\/slacktivity.ch\\\/wp-content\\\/uploads\\\/2021\\\/01\\\/slacktivity-slackline-online-shop-1.png\",\"width\":200,\"height\":77,\"caption\":\"SLACKTIVITY Slackline Shop Schweiz\"},\"image\":{\"@id\":\"https:\\\/\\\/slacktivity.ch\\\/fr\\\/#\\\/schema\\\/logo\\\/image\\\/\"}}]}<\/script>\n<!-- \/ Yoast SEO plugin. -->","yoast_head_json":{"title":"SoftRelease V2.0 - SLACKTIVITY Slackline Shop Schweiz","robots":{"index":"index","follow":"follow","max-snippet":"max-snippet:-1","max-image-preview":"max-image-preview:large","max-video-preview":"max-video-preview:-1"},"canonical":"https:\/\/slacktivity.ch\/fr\/shop\/softrelease-v2-0\/","og_locale":"fr_FR","og_type":"article","og_title":"SoftRelease V2.0 - SLACKTIVITY Slackline Shop Schweiz","og_description":"La softRelease a \u00e9t\u00e9 con\u00e7ue pour d\u00e9tendre une slackline ou une highline de la mani\u00e8re la plus douce possible. Les versions 4m et 10m de la softRelease V2.0 sont fabriqu\u00e9es enti\u00e8rement d'une seule sangle, ce qui offre de nombreux avantages, notamment pour le highlining.","og_url":"https:\/\/slacktivity.ch\/fr\/shop\/softrelease-v2-0\/","og_site_name":"SLACKTIVITY Slackline Shop Schweiz","article_modified_time":"2026-04-30T10:26:05+00:00","og_image":[{"width":1180,"height":1377,"url":"https:\/\/slacktivity.ch\/wp-content\/uploads\/2023\/08\/softrelease-kaufen.jpg","type":"image\/jpeg"}],"twitter_card":"summary_large_image","twitter_misc":{"Dur\u00e9e de lecture estim\u00e9e":"4 minutes"},"schema":{"@context":"https:\/\/schema.org","@graph":[{"@type":"WebPage","@id":"https:\/\/slacktivity.ch\/fr\/shop\/softrelease-v2-0\/","url":"https:\/\/slacktivity.ch\/fr\/shop\/softrelease-v2-0\/","name":"SoftRelease V2.0 - SLACKTIVITY Slackline Shop Schweiz","isPartOf":{"@id":"https:\/\/slacktivity.ch\/fr\/#website"},"primaryImageOfPage":{"@id":"https:\/\/slacktivity.ch\/fr\/shop\/softrelease-v2-0\/#primaryimage"},"image":{"@id":"https:\/\/slacktivity.ch\/fr\/shop\/softrelease-v2-0\/#primaryimage"},"thumbnailUrl":"https:\/\/slacktivity.ch\/wp-content\/uploads\/2023\/08\/softrelease-kaufen.jpg","datePublished":"2021-02-22T13:54:23+00:00","dateModified":"2026-04-30T10:26:05+00:00","breadcrumb":{"@id":"https:\/\/slacktivity.ch\/fr\/shop\/softrelease-v2-0\/#breadcrumb"},"inLanguage":"fr-FR","potentialAction":[{"@type":"ReadAction","target":["https:\/\/slacktivity.ch\/fr\/shop\/softrelease-v2-0\/"]}]},{"@type":"ImageObject","inLanguage":"fr-FR","@id":"https:\/\/slacktivity.ch\/fr\/shop\/softrelease-v2-0\/#primaryimage","url":"https:\/\/slacktivity.ch\/wp-content\/uploads\/2023\/08\/softrelease-kaufen.jpg","contentUrl":"https:\/\/slacktivity.ch\/wp-content\/uploads\/2023\/08\/softrelease-kaufen.jpg","width":1180,"height":1377},{"@type":"BreadcrumbList","@id":"https:\/\/slacktivity.ch\/fr\/shop\/softrelease-v2-0\/#breadcrumb","itemListElement":[{"@type":"ListItem","position":1,"name":"Home","item":"https:\/\/slacktivity.ch\/fr\/"},{"@type":"ListItem","position":2,"name":"Boutique","item":"https:\/\/slacktivity.ch\/fr\/boutique\/"},{"@type":"ListItem","position":3,"name":"SoftRelease V2.0"}]},{"@type":"WebSite","@id":"https:\/\/slacktivity.ch\/fr\/#website","url":"https:\/\/slacktivity.ch\/fr\/","name":"SLACKTIVITY Slackline Shop Schweiz","description":"Ensembles de slackline de haute qualit\u00e9 avec montage facile, produits innovants Highline et accessoires de slackline acheter en ligne. Pour les enfants, les d\u00e9butants et les professionnels.","publisher":{"@id":"https:\/\/slacktivity.ch\/fr\/#organization"},"potentialAction":[{"@type":"SearchAction","target":{"@type":"EntryPoint","urlTemplate":"https:\/\/slacktivity.ch\/fr\/?s={search_term_string}"},"query-input":{"@type":"PropertyValueSpecification","valueRequired":true,"valueName":"search_term_string"}}],"inLanguage":"fr-FR"},{"@type":"Organization","@id":"https:\/\/slacktivity.ch\/fr\/#organization","name":"SLACKTIVITY Slackline Shop Schweiz","url":"https:\/\/slacktivity.ch\/fr\/","logo":{"@type":"ImageObject","inLanguage":"fr-FR","@id":"https:\/\/slacktivity.ch\/fr\/#\/schema\/logo\/image\/","url":"https:\/\/slacktivity.ch\/wp-content\/uploads\/2021\/01\/slacktivity-slackline-online-shop-1.png","contentUrl":"https:\/\/slacktivity.ch\/wp-content\/uploads\/2021\/01\/slacktivity-slackline-online-shop-1.png","width":200,"height":77,"caption":"SLACKTIVITY Slackline Shop Schweiz"},"image":{"@id":"https:\/\/slacktivity.ch\/fr\/#\/schema\/logo\/image\/"}}]}},"_links":{"self":[{"href":"https:\/\/slacktivity.ch\/fr\/wp-json\/wp\/v2\/product\/13422","targetHints":{"allow":["GET"]}}],"collection":[{"href":"https:\/\/slacktivity.ch\/fr\/wp-json\/wp\/v2\/product"}],"about":[{"href":"https:\/\/slacktivity.ch\/fr\/wp-json\/wp\/v2\/types\/product"}],"replies":[{"embeddable":true,"href":"https:\/\/slacktivity.ch\/fr\/wp-json\/wp\/v2\/comments?post=13422"}],"wp:featuredmedia":[{"embeddable":true,"href":"https:\/\/slacktivity.ch\/fr\/wp-json\/wp\/v2\/media\/11575"}],"wp:attachment":[{"href":"https:\/\/slacktivity.ch\/fr\/wp-json\/wp\/v2\/media?parent=13422"}],"wp:term":[{"taxonomy":"product_cat","embeddable":true,"href":"https:\/\/slacktivity.ch\/fr\/wp-json\/wp\/v2\/product_cat?post=13422"},{"taxonomy":"product_tag","embeddable":true,"href":"https:\/\/slacktivity.ch\/fr\/wp-json\/wp\/v2\/product_tag?post=13422"}],"curies":[{"name":"wp","href":"https:\/\/api.w.org\/{rel}","templated":true}]}}