{"id":13426,"date":"2025-03-02T12:09:08","date_gmt":"2025-03-02T10:09:08","guid":{"rendered":"https:\/\/slacktivity.ch\/?post_type=product&#038;p=13426"},"modified":"2026-04-30T12:23:27","modified_gmt":"2026-04-30T10:23:27","slug":"kit-highline-entre-arbres","status":"publish","type":"product","link":"https:\/\/slacktivity.ch\/fr\/shop\/kit-highline-entre-arbres\/","title":{"rendered":"Kit Highline entre Arbres"},"content":{"rendered":"<p>Le <strong>Kit Highline entre Arbres<\/strong> est le kit slackline id\u00e9al si vous souhaitez vous lancer dans l&rsquo;highlining. Il contient tout le mat\u00e9riel n\u00e9cessaire pour tendre une highline entre deux arbres.<\/p>\n<p>Pour acqu\u00e9rir les connaissances n\u00e9cessaires, nous vous recommandons de participer \u00e0 l&rsquo;un de nos <a href=\"https:\/\/slacktivity.ch\/highline-workshops\/\" target=\"_blank\" rel=\"noopener\">Ateliers Highline<\/a> ou de vous joindre \u00e0 des amis ayant suffisamment d&rsquo;exp\u00e9rience pour vous transmettre les comp\u00e9tences requises.<\/p>\n<h2><b>Choix de sangles highline pour le Kit Highline entre Arbres<\/b><\/h2>\n<p>Vous avez le <strong>choix entre trois configurations diff\u00e9rentes<\/strong> \u2014 toutes disposent d&rsquo;une connexion cousue (connexion intermittente) qui renforce la s\u00e9curit\u00e9.<\/p>\n<ul>\n<li><strong>pinkTube X LSD<\/strong> en longueur 80m ou 100m<\/li>\n<li><strong>pinkTube X PES<\/strong> en longueur 80m<\/li>\n<\/ul>\n<p>La pinkTube est la sangle highline par excellence. Elle offre un allongement \u00e9lev\u00e9 qui permet des chutes de laisse en douceur. De plus, la sangle est l\u00e9g\u00e8re, ce qui la rend facile \u00e0 contr\u00f4ler. Elle est \u00e9galement douce sous le pied \u2014 marcher dessus pieds nus donne l&rsquo;impression de marcher sur des nuages. La pinkTube n&rsquo;est pas seulement excellente pour marcher, mais aussi pour le highline freestyle \u00e0 tous les niveaux.<\/p>\n<p>Toutes les sangles ont une boucle d&rsquo;extr\u00e9mit\u00e9 cousue aux deux bouts \u2014 aussi bien la mainline que le backup. Cela vous permet de relier d&rsquo;autres sangles et d&rsquo;utiliser le kit \u00e0 l&rsquo;avenir pour des highlines plus longues.<\/p>\n<p>Si vous choisissez la version LSD, vous pouvez alterner entre la pinkTube et la LSDTube comme mainline \u00e0 chaque utilisation. La LSDTube offre un allongement l\u00e9g\u00e8rement inf\u00e9rieur et se pr\u00eate parfaitement au highline freestyle sur des longueurs entre 70m et 90m.<\/p>\n<p>Si vous choisissez la version PES, vous disposez d&rsquo;un backup l\u00e9g\u00e8rement plus l\u00e9ger \u2014 la sangle PES ne doit cependant jamais \u00eatre utilis\u00e9e comme mainline !<\/p>\n<h2><b>Mat\u00e9riel d&rsquo;ancrage<\/b><\/h2>\n<p>Le Kit Highline entre Arbres comprend tout le mat\u00e9riel d&rsquo;ancrage n\u00e9cessaire pour fixer la slackline \u00e0 deux arbres. La combinaison de deux robustes \u00e9lingues rondes et de deux sangles d&rsquo;arbre r\u00e9glables vous offre de nombreuses possibilit\u00e9s. Voir : <a href=\"https:\/\/slacktivity.ch\/fr\/shop\/slackline-rundschlinge\/\" target=\"_blank\" rel=\"noopener\">\u00c9lingues rondes<\/a> &amp; <a href=\"https:\/\/slacktivity.ch\/fr\/shop\/slackline-elingue-5m\/\" target=\"_blank\" rel=\"noopener\">Sangles d&rsquo;arbre 5m<\/a><\/p>\n<h2><b>Weblocks<\/b><\/h2>\n<p>Pas un mais deux <a href=\"https:\/\/slacktivity.ch\/fr\/shop\/seahorse\/\" target=\"_blank\" rel=\"noopener\">seaHorses<\/a> sont inclus dans le kit highline. Avoir deux weblocks est essentiel pour que la connexion intermittente soit au milieu de la slackline. Le seaHorse est un weblock extr\u00eamement robuste et facile \u00e0 utiliser, dot\u00e9 de deux pushpins. Il est tr\u00e8s efficace pour pr\u00e9-tendre la sangle.<\/p>\n<h2><b>SoftRelease<\/b><\/h2>\n<p>Le long <a href=\"https:\/\/slacktivity.ch\/fr\/shop\/softrelease-v2-0\/\" target=\"_blank\" rel=\"noopener\">softRelease<\/a> vous permet de d\u00e9tendre la highline sans effort \u00e0 tout moment. Vous pouvez \u00e9galement l&rsquo;utiliser pour le r\u00e9glage fin de la tension. Si vous d\u00e9tendez la ligne de 5 cm par exemple, vous pouvez facilement regagner ces 5 cm.<\/p>\n<h2><b>Connecteurs<\/b><\/h2>\n<p>Des <a href=\"https:\/\/slacktivity.ch\/fr\/shop\/kingpin-weblock\/\" target=\"_blank\" rel=\"noopener\">KingPins<\/a> sont inclus dans le Kit Highline entre Arbres. Ce sont des connecteurs en aluminium ultra-l\u00e9gers, extr\u00eamement simples et rapides \u00e0 utiliser. Malgr\u00e9 ces avantages, ils ont une charge de rupture extr\u00eamement \u00e9lev\u00e9e.<\/p>\n<h2><b>Syst\u00e8me de tension<\/b><\/h2>\n<p>Appelez-le HangOver Pulley ou Syst\u00e8me Buckingham. Ce syst\u00e8me de tension est devenu le standard dans le monde du highline \u2014 et pour de bonnes raisons. Il peut \u00eatre retir\u00e9 du syst\u00e8me en quelques secondes apr\u00e8s le tensionnement. De plus, il est l\u00e9ger et facile \u00e0 utiliser. Avec les 3 <a href=\"https:\/\/slacktivity.ch\/fr\/shop\/hangover-mousqueton-slackline\/\" target=\"_blank\" rel=\"noopener\">HangOvers<\/a>, vous pouvez tendre avec une efficacit\u00e9 allant jusqu&rsquo;\u00e0 9:1. Les HangOvers disposent de 4 roulements \u00e0 billes, ce qui les rend plus robustes et durables que les produits comparables. Le syst\u00e8me de tension comprend \u00e9galement un <a href=\"https:\/\/slacktivity.ch\/shop\/t-grip\/\" target=\"_blank\" rel=\"noopener\">T-grip<\/a>, une <a href=\"https:\/\/slacktivity.ch\/shop\/softrp\/\" target=\"_blank\" rel=\"noopener\">Softrigging Plate<\/a> et un <a href=\"https:\/\/slacktivity.ch\/shop\/chainlock-slackline-linelocker\/\" target=\"_blank\" rel=\"noopener\">Chainlock<\/a>.<\/p>\n<h2><b>Laisse<\/b><\/h2>\n<p>Une corde d&rsquo;escalade Edelrid avec une gaine suppl\u00e9mentaire autour. Combin\u00e9e avec un anneau de laisse test\u00e9 individuellement. Cette laisse reste solide, souple et flexible pendant de nombreux mois. Certifi\u00e9e pour le highlining par l&rsquo;ISA. Si vous souhaitez en savoir plus sur la laisse highline, <a href=\"https:\/\/slacktivity.com\/shop\/highline-leash\/\" target=\"_blank\" rel=\"noopener\">cliquez ici<\/a>.<\/p>\n<h2><b>Autres composants du kit<\/b><\/h2>\n<p>Le kit comprend \u00e9galement des boucles de connexion, des protections d&rsquo;arbre, une \u00e9lingue Dyneema, un quicklink 8mm et un sac \u00e0 dos slackline.<\/p>\n<h2><b>Kit Highline certifi\u00e9 ISA<\/b><\/h2>\n<p>La slackline, le seaHorse ainsi que la laisse sont certifi\u00e9s pour le highlining par l&rsquo;ISA (International Slackline Association).<\/p>\n<h2><b>Contenu du Kit Highline entre Arbres<\/b><\/h2>\n<ul>\n<li>1x Sangle Type X<\/li>\n<li>2x seaHorse<\/li>\n<li>3x KingPin<\/li>\n<li>1x T-Grip<\/li>\n<li>2x HangOver Classic V2.0<\/li>\n<li>1x HangOver Royal<\/li>\n<li>1x Laisse Highline incl. Anneau Highline<\/li>\n<li>2x \u00c9lingue ronde HT 3m<\/li>\n<li>2x Sangle d&rsquo;arbre r\u00e9glable 5m<\/li>\n<li>1x SoftRelease V.2.0 10m<\/li>\n<li>1x Softrigging Plate<\/li>\n<li>1x \u00c9lingue HCD<\/li>\n<li>2x Boucle de connexion<\/li>\n<li>1x Quicklink 8mm<\/li>\n<li>1x Chainlock<\/li>\n<li>2x Protection d&rsquo;arbre<\/li>\n<li>1x Sac \u00e0 dos Slackline<\/li>\n<\/ul>\n<p>Dans la vid\u00e9o suivante, vous pouvez voir comment le Kit Highline est install\u00e9 :<\/p>\n","protected":false},"excerpt":{"rendered":"<p>Le Kit Highline entre Arbres est le kit slackline id\u00e9al si vous souhaitez vous lancer dans l&rsquo;highlining. Il contient tout le mat\u00e9riel n\u00e9cessaire pour tendre une highline entre deux arbres. Pour acqu\u00e9rir les connaissances n\u00e9cessaires, nous vous recommandons de participer \u00e0 l&rsquo;un de nos Ateliers Highline ou de vous joindre \u00e0 des amis ayant suffisamment [&hellip;]<\/p>\n","protected":false},"featured_media":12608,"comment_status":"open","ping_status":"closed","template":"","meta":{"_acf_changed":false,"_joinchat":[]},"product_cat":[669],"product_tag":[],"class_list":{"0":"post-13426","1":"product","2":"type-product","3":"status-publish","4":"has-post-thumbnail","6":"product_cat-slackline-pour-avances-kit-slackline","8":"first","9":"instock","10":"taxable","11":"shipping-taxable","12":"purchasable","13":"product-type-variable"},"acf":[],"yoast_head":"<!-- This site is optimized with the Yoast SEO plugin v27.4 - https:\/\/yoast.com\/product\/yoast-seo-wordpress\/ -->\n<title>Kit Highline entre Arbres - SLACKTIVITY Slackline Shop Schweiz<\/title>\n<meta name=\"robots\" content=\"index, follow, max-snippet:-1, max-image-preview:large, max-video-preview:-1\" \/>\n<link rel=\"canonical\" href=\"https:\/\/slacktivity.ch\/fr\/shop\/kit-highline-entre-arbres\/\" \/>\n<meta property=\"og:locale\" content=\"fr_FR\" \/>\n<meta property=\"og:type\" content=\"article\" \/>\n<meta property=\"og:title\" content=\"Kit Highline entre Arbres - SLACKTIVITY Slackline Shop Schweiz\" \/>\n<meta property=\"og:description\" content=\"Le Kit Highline entre Arbres est le kit slackline id\u00e9al si vous souhaitez vous lancer dans l&rsquo;highlining. Il contient tout le mat\u00e9riel n\u00e9cessaire pour tendre une highline entre deux arbres. Pour acqu\u00e9rir les connaissances n\u00e9cessaires, nous vous recommandons de participer \u00e0 l&rsquo;un de nos Ateliers Highline ou de vous joindre \u00e0 des amis ayant suffisamment [&hellip;]\" \/>\n<meta property=\"og:url\" content=\"https:\/\/slacktivity.ch\/fr\/shop\/kit-highline-entre-arbres\/\" \/>\n<meta property=\"og:site_name\" content=\"SLACKTIVITY Slackline Shop Schweiz\" \/>\n<meta property=\"article:modified_time\" content=\"2026-04-30T10:23:27+00:00\" \/>\n<meta property=\"og:image\" content=\"https:\/\/slacktivity.ch\/wp-content\/uploads\/2025\/03\/tree-highline-kit-1-800x934-1.webp\" \/>\n\t<meta property=\"og:image:width\" content=\"800\" \/>\n\t<meta property=\"og:image:height\" content=\"934\" \/>\n\t<meta property=\"og:image:type\" content=\"image\/webp\" \/>\n<meta name=\"twitter:card\" content=\"summary_large_image\" \/>\n<script type=\"application\/ld+json\" class=\"yoast-schema-graph\">{\"@context\":\"https:\\\/\\\/schema.org\",\"@graph\":[{\"@type\":\"WebPage\",\"@id\":\"https:\\\/\\\/slacktivity.ch\\\/fr\\\/shop\\\/kit-highline-entre-arbres\\\/\",\"url\":\"https:\\\/\\\/slacktivity.ch\\\/fr\\\/shop\\\/kit-highline-entre-arbres\\\/\",\"name\":\"Kit Highline entre Arbres - SLACKTIVITY Slackline Shop Schweiz\",\"isPartOf\":{\"@id\":\"https:\\\/\\\/slacktivity.ch\\\/fr\\\/#website\"},\"primaryImageOfPage\":{\"@id\":\"https:\\\/\\\/slacktivity.ch\\\/fr\\\/shop\\\/kit-highline-entre-arbres\\\/#primaryimage\"},\"image\":{\"@id\":\"https:\\\/\\\/slacktivity.ch\\\/fr\\\/shop\\\/kit-highline-entre-arbres\\\/#primaryimage\"},\"thumbnailUrl\":\"https:\\\/\\\/slacktivity.ch\\\/wp-content\\\/uploads\\\/2025\\\/03\\\/tree-highline-kit-1-800x934-1.webp\",\"datePublished\":\"2025-03-02T10:09:08+00:00\",\"dateModified\":\"2026-04-30T10:23:27+00:00\",\"breadcrumb\":{\"@id\":\"https:\\\/\\\/slacktivity.ch\\\/fr\\\/shop\\\/kit-highline-entre-arbres\\\/#breadcrumb\"},\"inLanguage\":\"fr-FR\",\"potentialAction\":[{\"@type\":\"ReadAction\",\"target\":[\"https:\\\/\\\/slacktivity.ch\\\/fr\\\/shop\\\/kit-highline-entre-arbres\\\/\"]}]},{\"@type\":\"ImageObject\",\"inLanguage\":\"fr-FR\",\"@id\":\"https:\\\/\\\/slacktivity.ch\\\/fr\\\/shop\\\/kit-highline-entre-arbres\\\/#primaryimage\",\"url\":\"https:\\\/\\\/slacktivity.ch\\\/wp-content\\\/uploads\\\/2025\\\/03\\\/tree-highline-kit-1-800x934-1.webp\",\"contentUrl\":\"https:\\\/\\\/slacktivity.ch\\\/wp-content\\\/uploads\\\/2025\\\/03\\\/tree-highline-kit-1-800x934-1.webp\",\"width\":800,\"height\":934,\"caption\":\"Baum Highline Set\"},{\"@type\":\"BreadcrumbList\",\"@id\":\"https:\\\/\\\/slacktivity.ch\\\/fr\\\/shop\\\/kit-highline-entre-arbres\\\/#breadcrumb\",\"itemListElement\":[{\"@type\":\"ListItem\",\"position\":1,\"name\":\"Home\",\"item\":\"https:\\\/\\\/slacktivity.ch\\\/fr\\\/\"},{\"@type\":\"ListItem\",\"position\":2,\"name\":\"Boutique\",\"item\":\"https:\\\/\\\/slacktivity.ch\\\/fr\\\/boutique\\\/\"},{\"@type\":\"ListItem\",\"position\":3,\"name\":\"Kit Highline entre Arbres\"}]},{\"@type\":\"WebSite\",\"@id\":\"https:\\\/\\\/slacktivity.ch\\\/fr\\\/#website\",\"url\":\"https:\\\/\\\/slacktivity.ch\\\/fr\\\/\",\"name\":\"SLACKTIVITY Slackline Shop Schweiz\",\"description\":\"Ensembles de slackline de haute qualit\u00e9 avec montage facile, produits innovants Highline et accessoires de slackline acheter en ligne. Pour les enfants, les d\u00e9butants et les professionnels.\",\"publisher\":{\"@id\":\"https:\\\/\\\/slacktivity.ch\\\/fr\\\/#organization\"},\"potentialAction\":[{\"@type\":\"SearchAction\",\"target\":{\"@type\":\"EntryPoint\",\"urlTemplate\":\"https:\\\/\\\/slacktivity.ch\\\/fr\\\/?s={search_term_string}\"},\"query-input\":{\"@type\":\"PropertyValueSpecification\",\"valueRequired\":true,\"valueName\":\"search_term_string\"}}],\"inLanguage\":\"fr-FR\"},{\"@type\":\"Organization\",\"@id\":\"https:\\\/\\\/slacktivity.ch\\\/fr\\\/#organization\",\"name\":\"SLACKTIVITY Slackline Shop Schweiz\",\"url\":\"https:\\\/\\\/slacktivity.ch\\\/fr\\\/\",\"logo\":{\"@type\":\"ImageObject\",\"inLanguage\":\"fr-FR\",\"@id\":\"https:\\\/\\\/slacktivity.ch\\\/fr\\\/#\\\/schema\\\/logo\\\/image\\\/\",\"url\":\"https:\\\/\\\/slacktivity.ch\\\/wp-content\\\/uploads\\\/2021\\\/01\\\/slacktivity-slackline-online-shop-1.png\",\"contentUrl\":\"https:\\\/\\\/slacktivity.ch\\\/wp-content\\\/uploads\\\/2021\\\/01\\\/slacktivity-slackline-online-shop-1.png\",\"width\":200,\"height\":77,\"caption\":\"SLACKTIVITY Slackline Shop Schweiz\"},\"image\":{\"@id\":\"https:\\\/\\\/slacktivity.ch\\\/fr\\\/#\\\/schema\\\/logo\\\/image\\\/\"}}]}<\/script>\n<!-- \/ Yoast SEO plugin. -->","yoast_head_json":{"title":"Kit Highline entre Arbres - SLACKTIVITY Slackline Shop Schweiz","robots":{"index":"index","follow":"follow","max-snippet":"max-snippet:-1","max-image-preview":"max-image-preview:large","max-video-preview":"max-video-preview:-1"},"canonical":"https:\/\/slacktivity.ch\/fr\/shop\/kit-highline-entre-arbres\/","og_locale":"fr_FR","og_type":"article","og_title":"Kit Highline entre Arbres - SLACKTIVITY Slackline Shop Schweiz","og_description":"Le Kit Highline entre Arbres est le kit slackline id\u00e9al si vous souhaitez vous lancer dans l&rsquo;highlining. Il contient tout le mat\u00e9riel n\u00e9cessaire pour tendre une highline entre deux arbres. Pour acqu\u00e9rir les connaissances n\u00e9cessaires, nous vous recommandons de participer \u00e0 l&rsquo;un de nos Ateliers Highline ou de vous joindre \u00e0 des amis ayant suffisamment [&hellip;]","og_url":"https:\/\/slacktivity.ch\/fr\/shop\/kit-highline-entre-arbres\/","og_site_name":"SLACKTIVITY Slackline Shop Schweiz","article_modified_time":"2026-04-30T10:23:27+00:00","og_image":[{"width":800,"height":934,"url":"https:\/\/slacktivity.ch\/wp-content\/uploads\/2025\/03\/tree-highline-kit-1-800x934-1.webp","type":"image\/webp"}],"twitter_card":"summary_large_image","schema":{"@context":"https:\/\/schema.org","@graph":[{"@type":"WebPage","@id":"https:\/\/slacktivity.ch\/fr\/shop\/kit-highline-entre-arbres\/","url":"https:\/\/slacktivity.ch\/fr\/shop\/kit-highline-entre-arbres\/","name":"Kit Highline entre Arbres - SLACKTIVITY Slackline Shop Schweiz","isPartOf":{"@id":"https:\/\/slacktivity.ch\/fr\/#website"},"primaryImageOfPage":{"@id":"https:\/\/slacktivity.ch\/fr\/shop\/kit-highline-entre-arbres\/#primaryimage"},"image":{"@id":"https:\/\/slacktivity.ch\/fr\/shop\/kit-highline-entre-arbres\/#primaryimage"},"thumbnailUrl":"https:\/\/slacktivity.ch\/wp-content\/uploads\/2025\/03\/tree-highline-kit-1-800x934-1.webp","datePublished":"2025-03-02T10:09:08+00:00","dateModified":"2026-04-30T10:23:27+00:00","breadcrumb":{"@id":"https:\/\/slacktivity.ch\/fr\/shop\/kit-highline-entre-arbres\/#breadcrumb"},"inLanguage":"fr-FR","potentialAction":[{"@type":"ReadAction","target":["https:\/\/slacktivity.ch\/fr\/shop\/kit-highline-entre-arbres\/"]}]},{"@type":"ImageObject","inLanguage":"fr-FR","@id":"https:\/\/slacktivity.ch\/fr\/shop\/kit-highline-entre-arbres\/#primaryimage","url":"https:\/\/slacktivity.ch\/wp-content\/uploads\/2025\/03\/tree-highline-kit-1-800x934-1.webp","contentUrl":"https:\/\/slacktivity.ch\/wp-content\/uploads\/2025\/03\/tree-highline-kit-1-800x934-1.webp","width":800,"height":934,"caption":"Baum Highline Set"},{"@type":"BreadcrumbList","@id":"https:\/\/slacktivity.ch\/fr\/shop\/kit-highline-entre-arbres\/#breadcrumb","itemListElement":[{"@type":"ListItem","position":1,"name":"Home","item":"https:\/\/slacktivity.ch\/fr\/"},{"@type":"ListItem","position":2,"name":"Boutique","item":"https:\/\/slacktivity.ch\/fr\/boutique\/"},{"@type":"ListItem","position":3,"name":"Kit Highline entre Arbres"}]},{"@type":"WebSite","@id":"https:\/\/slacktivity.ch\/fr\/#website","url":"https:\/\/slacktivity.ch\/fr\/","name":"SLACKTIVITY Slackline Shop Schweiz","description":"Ensembles de slackline de haute qualit\u00e9 avec montage facile, produits innovants Highline et accessoires de slackline acheter en ligne. Pour les enfants, les d\u00e9butants et les professionnels.","publisher":{"@id":"https:\/\/slacktivity.ch\/fr\/#organization"},"potentialAction":[{"@type":"SearchAction","target":{"@type":"EntryPoint","urlTemplate":"https:\/\/slacktivity.ch\/fr\/?s={search_term_string}"},"query-input":{"@type":"PropertyValueSpecification","valueRequired":true,"valueName":"search_term_string"}}],"inLanguage":"fr-FR"},{"@type":"Organization","@id":"https:\/\/slacktivity.ch\/fr\/#organization","name":"SLACKTIVITY Slackline Shop Schweiz","url":"https:\/\/slacktivity.ch\/fr\/","logo":{"@type":"ImageObject","inLanguage":"fr-FR","@id":"https:\/\/slacktivity.ch\/fr\/#\/schema\/logo\/image\/","url":"https:\/\/slacktivity.ch\/wp-content\/uploads\/2021\/01\/slacktivity-slackline-online-shop-1.png","contentUrl":"https:\/\/slacktivity.ch\/wp-content\/uploads\/2021\/01\/slacktivity-slackline-online-shop-1.png","width":200,"height":77,"caption":"SLACKTIVITY Slackline Shop Schweiz"},"image":{"@id":"https:\/\/slacktivity.ch\/fr\/#\/schema\/logo\/image\/"}}]}},"_links":{"self":[{"href":"https:\/\/slacktivity.ch\/fr\/wp-json\/wp\/v2\/product\/13426","targetHints":{"allow":["GET"]}}],"collection":[{"href":"https:\/\/slacktivity.ch\/fr\/wp-json\/wp\/v2\/product"}],"about":[{"href":"https:\/\/slacktivity.ch\/fr\/wp-json\/wp\/v2\/types\/product"}],"replies":[{"embeddable":true,"href":"https:\/\/slacktivity.ch\/fr\/wp-json\/wp\/v2\/comments?post=13426"}],"wp:featuredmedia":[{"embeddable":true,"href":"https:\/\/slacktivity.ch\/fr\/wp-json\/wp\/v2\/media\/12608"}],"wp:attachment":[{"href":"https:\/\/slacktivity.ch\/fr\/wp-json\/wp\/v2\/media?parent=13426"}],"wp:term":[{"taxonomy":"product_cat","embeddable":true,"href":"https:\/\/slacktivity.ch\/fr\/wp-json\/wp\/v2\/product_cat?post=13426"},{"taxonomy":"product_tag","embeddable":true,"href":"https:\/\/slacktivity.ch\/fr\/wp-json\/wp\/v2\/product_tag?post=13426"}],"curies":[{"name":"wp","href":"https:\/\/api.w.org\/{rel}","templated":true}]}}