{"id":13434,"date":"2026-02-18T18:28:33","date_gmt":"2026-02-18T16:28:33","guid":{"rendered":"https:\/\/slacktivity.ch\/?post_type=product&#038;p=13434"},"modified":"2026-04-30T12:32:05","modified_gmt":"2026-04-30T10:32:05","slug":"t-grip-light","status":"publish","type":"product","link":"https:\/\/slacktivity.ch\/fr\/shop\/t-grip-light\/","title":{"rendered":"T-Grip Light"},"content":{"rendered":"<p>Le <strong>T-Grip Light<\/strong> est un webbing grab extr\u00eamement l\u00e9ger (91 g !) et efficace, con\u00e7u pour \u00eatre utilis\u00e9 dans votre syst\u00e8me de tension slackline.<\/p>\n<h2><b>T-Grip Light pour tendre des slacklines et highlines<\/b><\/h2>\n<p>Le T-Grip Light est tr\u00e8s simple \u00e0 utiliser. Ce composant ultral\u00e9ger permet de monter un syst\u00e8me de tension <a href=\"https:\/\/slacktivity.ch\/fr\/shop\/hangover-royal\/\" target=\"_blank\" rel=\"noopener\">HangOver Royal<\/a> ou <a href=\"\/fr\/shop\/hangover\/\" target=\"_blank\" rel=\"noopener\">HangOver<\/a> en quelques secondes. La fonction du T-Grip est de saisir\/serrer la sangle slackline \u2014 il a \u00e9t\u00e9 optimis\u00e9 pour une utilisation dans le syst\u00e8me de poulie HangOver.<\/p>\n<p>Le caoutchouc du T-Grip Light accroche extr\u00eamement bien. Le T-Grip Light convient aux slacklines d&rsquo;une \u00e9paisseur de 1 \u00e0 5 mm et d&rsquo;une largeur de 20 \u00e0 26 mm.<\/p>\n<h2><b>Utilisation<\/b><\/h2>\n<p>Coincer la sangle slackline entre les plaques de caoutchouc, passer le cordon Dyneema sur le T-Grip Light, tendre. Ensuite, le syst\u00e8me de tension peut \u00eatre retir\u00e9 de la slackline tout aussi rapidement, pour qu&rsquo;il ne vibre pas avec la sangle.<\/p>\n<h2><b>Sp\u00e9cifications<\/b><\/h2>\n<ul>\n<li><strong>Poids :<\/strong> 91 g<\/li>\n<li><strong>Dimensions (corps) :<\/strong> 71x17x45 mm<\/li>\n<li><strong>Mat\u00e9riau :<\/strong> Corps en aluminium anodis\u00e9 avec caoutchouc sp\u00e9cial extra-grip et corde UHMWPE<\/li>\n<li><strong>WLL :<\/strong> 7 kN<\/li>\n<li><strong>Utilisation :<\/strong> Sangles polyester &amp; nylon \u2014 Dyneema avec pr\u00e9caution particuli\u00e8re<\/li>\n<li><strong>Largeur de sangle :<\/strong> 16 \u2013 26 mm<\/li>\n<\/ul>\n<h2><b>Caract\u00e9ristiques<\/b><\/h2>\n<ul>\n<li>Optimis\u00e9 pour un repositionnement facile sur la sangle slackline (avec le HangOver Pulley)<\/li>\n<li>Pour une adh\u00e9rence optimale sur la slackline, le caoutchouc du T-Grip Light pr\u00e9sente une surface fortement structur\u00e9e. De plus, le caoutchouc est sans PFAS et con\u00e7u pour une utilisation intensive \u00e0 long terme.<\/li>\n<li>Optimis\u00e9 pour toutes les d\u00e9multiplications HangOver Pulley (y compris 5:1 et 15:1 avec la SoftRiggingPlate)<\/li>\n<\/ul>\n<h2><b>Remarque sur les conditions d&rsquo;utilisation<\/b><\/h2>\n<p>Le T-Grip Light ne devrait \u00eatre utilis\u00e9 que dans une plage de temp\u00e9rature de 5 \u00e0 30\u00b0C. Attention : lors d&rsquo;une utilisation avec des sangles UHMWPE ou des sangles polyester mouill\u00e9es et particuli\u00e8rement lisses, il peut arriver que le T-Grip Light glisse, car le film d&rsquo;eau sur la sangle forme une couche glissante.<\/p>\n<p><a href=\"\/wp-content\/uploads\/2026\/04\/Bedienungsanleitung-DE-T-Grip-light-V1.pdf\" target=\"_blank\" rel=\"noopener\">Manuel (DE) T-Grip Light V1<\/a><br \/><a href=\"\/wp-content\/uploads\/2026\/04\/Manual-EN-T-Grip-light-V1.pdf\" target=\"_blank\" rel=\"noopener\">Manual (EN) T-Grip Light V1<\/a><\/p>\n","protected":false},"excerpt":{"rendered":"<p>T-Grip Light \u2014 le webbing grab extr\u00eamement l\u00e9ger (91 g !) et efficace pour votre syst\u00e8me de tension slackline.<\/p>\n<ul>\n<li><strong>Poids :<\/strong> 91 g<\/li>\n<li><strong>Dimensions (corps) :<\/strong> 71x17x45 mm<\/li>\n<li><strong>Mat\u00e9riau :<\/strong> Corps en aluminium anodis\u00e9 avec caoutchouc sp\u00e9cial extra-grip et corde UHMWPE<\/li>\n<li><strong>WLL :<\/strong> 7 kN<\/li>\n<li><strong>Utilisation :<\/strong> Sangles polyester &amp; nylon \u2014 Dyneema avec pr\u00e9caution particuli\u00e8re<\/li>\n<li><strong>Largeur de sangle :<\/strong> 16 \u2013 26 mm<\/li>\n<\/ul>\n","protected":false},"featured_media":13248,"comment_status":"open","ping_status":"closed","template":"","meta":{"_acf_changed":false,"_joinchat":[]},"product_cat":[642],"product_tag":[],"class_list":{"0":"post-13434","1":"product","2":"type-product","3":"status-publish","4":"has-post-thumbnail","6":"product_cat-systemes-de-tension-slackline","8":"first","9":"instock","10":"featured","11":"taxable","12":"shipping-taxable","13":"purchasable","14":"product-type-simple"},"acf":[],"yoast_head":"<!-- This site is optimized with the Yoast SEO plugin v27.4 - https:\/\/yoast.com\/product\/yoast-seo-wordpress\/ -->\n<title>T-Grip Light - SLACKTIVITY Slackline Shop Schweiz<\/title>\n<meta name=\"robots\" content=\"index, follow, max-snippet:-1, max-image-preview:large, max-video-preview:-1\" \/>\n<link rel=\"canonical\" href=\"https:\/\/slacktivity.ch\/fr\/shop\/t-grip-light\/\" \/>\n<meta property=\"og:locale\" content=\"fr_FR\" \/>\n<meta property=\"og:type\" content=\"article\" \/>\n<meta property=\"og:title\" content=\"T-Grip Light - SLACKTIVITY Slackline Shop Schweiz\" \/>\n<meta property=\"og:description\" content=\"T-Grip Light \u2014 le webbing grab extr\u00eamement l\u00e9ger (91 g !) et efficace pour votre syst\u00e8me de tension slackline.  Poids : 91 g Dimensions (corps) : 71x17x45 mm Mat\u00e9riau : Corps en aluminium anodis\u00e9 avec caoutchouc sp\u00e9cial extra-grip et corde UHMWPE WLL : 7 kN Utilisation : Sangles polyester &amp; nylon \u2014 Dyneema avec pr\u00e9caution particuli\u00e8re Largeur de sangle : 16 \u2013 26 mm\" \/>\n<meta property=\"og:url\" content=\"https:\/\/slacktivity.ch\/fr\/shop\/t-grip-light\/\" \/>\n<meta property=\"og:site_name\" content=\"SLACKTIVITY Slackline Shop Schweiz\" \/>\n<meta property=\"article:modified_time\" content=\"2026-04-30T10:32:05+00:00\" \/>\n<meta property=\"og:image\" content=\"https:\/\/slacktivity.ch\/wp-content\/uploads\/2026\/02\/slacktivity-t-grip-light.jpg\" \/>\n\t<meta property=\"og:image:width\" content=\"1180\" \/>\n\t<meta property=\"og:image:height\" content=\"1377\" \/>\n\t<meta property=\"og:image:type\" content=\"image\/jpeg\" \/>\n<meta name=\"twitter:card\" content=\"summary_large_image\" \/>\n<script type=\"application\/ld+json\" class=\"yoast-schema-graph\">{\"@context\":\"https:\\\/\\\/schema.org\",\"@graph\":[{\"@type\":\"WebPage\",\"@id\":\"https:\\\/\\\/slacktivity.ch\\\/fr\\\/shop\\\/t-grip-light\\\/\",\"url\":\"https:\\\/\\\/slacktivity.ch\\\/fr\\\/shop\\\/t-grip-light\\\/\",\"name\":\"T-Grip Light - SLACKTIVITY Slackline Shop Schweiz\",\"isPartOf\":{\"@id\":\"https:\\\/\\\/slacktivity.ch\\\/fr\\\/#website\"},\"primaryImageOfPage\":{\"@id\":\"https:\\\/\\\/slacktivity.ch\\\/fr\\\/shop\\\/t-grip-light\\\/#primaryimage\"},\"image\":{\"@id\":\"https:\\\/\\\/slacktivity.ch\\\/fr\\\/shop\\\/t-grip-light\\\/#primaryimage\"},\"thumbnailUrl\":\"https:\\\/\\\/slacktivity.ch\\\/wp-content\\\/uploads\\\/2026\\\/02\\\/slacktivity-t-grip-light.jpg\",\"datePublished\":\"2026-02-18T16:28:33+00:00\",\"dateModified\":\"2026-04-30T10:32:05+00:00\",\"breadcrumb\":{\"@id\":\"https:\\\/\\\/slacktivity.ch\\\/fr\\\/shop\\\/t-grip-light\\\/#breadcrumb\"},\"inLanguage\":\"fr-FR\",\"potentialAction\":[{\"@type\":\"ReadAction\",\"target\":[\"https:\\\/\\\/slacktivity.ch\\\/fr\\\/shop\\\/t-grip-light\\\/\"]}]},{\"@type\":\"ImageObject\",\"inLanguage\":\"fr-FR\",\"@id\":\"https:\\\/\\\/slacktivity.ch\\\/fr\\\/shop\\\/t-grip-light\\\/#primaryimage\",\"url\":\"https:\\\/\\\/slacktivity.ch\\\/wp-content\\\/uploads\\\/2026\\\/02\\\/slacktivity-t-grip-light.jpg\",\"contentUrl\":\"https:\\\/\\\/slacktivity.ch\\\/wp-content\\\/uploads\\\/2026\\\/02\\\/slacktivity-t-grip-light.jpg\",\"width\":1180,\"height\":1377,\"caption\":\"T-Grip light f\u00fcr Slacklines\"},{\"@type\":\"BreadcrumbList\",\"@id\":\"https:\\\/\\\/slacktivity.ch\\\/fr\\\/shop\\\/t-grip-light\\\/#breadcrumb\",\"itemListElement\":[{\"@type\":\"ListItem\",\"position\":1,\"name\":\"Home\",\"item\":\"https:\\\/\\\/slacktivity.ch\\\/fr\\\/\"},{\"@type\":\"ListItem\",\"position\":2,\"name\":\"Boutique\",\"item\":\"https:\\\/\\\/slacktivity.ch\\\/fr\\\/boutique\\\/\"},{\"@type\":\"ListItem\",\"position\":3,\"name\":\"T-Grip Light\"}]},{\"@type\":\"WebSite\",\"@id\":\"https:\\\/\\\/slacktivity.ch\\\/fr\\\/#website\",\"url\":\"https:\\\/\\\/slacktivity.ch\\\/fr\\\/\",\"name\":\"SLACKTIVITY Slackline Shop Schweiz\",\"description\":\"Ensembles de slackline de haute qualit\u00e9 avec montage facile, produits innovants Highline et accessoires de slackline acheter en ligne. Pour les enfants, les d\u00e9butants et les professionnels.\",\"publisher\":{\"@id\":\"https:\\\/\\\/slacktivity.ch\\\/fr\\\/#organization\"},\"potentialAction\":[{\"@type\":\"SearchAction\",\"target\":{\"@type\":\"EntryPoint\",\"urlTemplate\":\"https:\\\/\\\/slacktivity.ch\\\/fr\\\/?s={search_term_string}\"},\"query-input\":{\"@type\":\"PropertyValueSpecification\",\"valueRequired\":true,\"valueName\":\"search_term_string\"}}],\"inLanguage\":\"fr-FR\"},{\"@type\":\"Organization\",\"@id\":\"https:\\\/\\\/slacktivity.ch\\\/fr\\\/#organization\",\"name\":\"SLACKTIVITY Slackline Shop Schweiz\",\"url\":\"https:\\\/\\\/slacktivity.ch\\\/fr\\\/\",\"logo\":{\"@type\":\"ImageObject\",\"inLanguage\":\"fr-FR\",\"@id\":\"https:\\\/\\\/slacktivity.ch\\\/fr\\\/#\\\/schema\\\/logo\\\/image\\\/\",\"url\":\"https:\\\/\\\/slacktivity.ch\\\/wp-content\\\/uploads\\\/2021\\\/01\\\/slacktivity-slackline-online-shop-1.png\",\"contentUrl\":\"https:\\\/\\\/slacktivity.ch\\\/wp-content\\\/uploads\\\/2021\\\/01\\\/slacktivity-slackline-online-shop-1.png\",\"width\":200,\"height\":77,\"caption\":\"SLACKTIVITY Slackline Shop Schweiz\"},\"image\":{\"@id\":\"https:\\\/\\\/slacktivity.ch\\\/fr\\\/#\\\/schema\\\/logo\\\/image\\\/\"}}]}<\/script>\n<!-- \/ Yoast SEO plugin. -->","yoast_head_json":{"title":"T-Grip Light - SLACKTIVITY Slackline Shop Schweiz","robots":{"index":"index","follow":"follow","max-snippet":"max-snippet:-1","max-image-preview":"max-image-preview:large","max-video-preview":"max-video-preview:-1"},"canonical":"https:\/\/slacktivity.ch\/fr\/shop\/t-grip-light\/","og_locale":"fr_FR","og_type":"article","og_title":"T-Grip Light - SLACKTIVITY Slackline Shop Schweiz","og_description":"T-Grip Light \u2014 le webbing grab extr\u00eamement l\u00e9ger (91 g !) et efficace pour votre syst\u00e8me de tension slackline.  Poids : 91 g Dimensions (corps) : 71x17x45 mm Mat\u00e9riau : Corps en aluminium anodis\u00e9 avec caoutchouc sp\u00e9cial extra-grip et corde UHMWPE WLL : 7 kN Utilisation : Sangles polyester &amp; nylon \u2014 Dyneema avec pr\u00e9caution particuli\u00e8re Largeur de sangle : 16 \u2013 26 mm","og_url":"https:\/\/slacktivity.ch\/fr\/shop\/t-grip-light\/","og_site_name":"SLACKTIVITY Slackline Shop Schweiz","article_modified_time":"2026-04-30T10:32:05+00:00","og_image":[{"width":1180,"height":1377,"url":"https:\/\/slacktivity.ch\/wp-content\/uploads\/2026\/02\/slacktivity-t-grip-light.jpg","type":"image\/jpeg"}],"twitter_card":"summary_large_image","schema":{"@context":"https:\/\/schema.org","@graph":[{"@type":"WebPage","@id":"https:\/\/slacktivity.ch\/fr\/shop\/t-grip-light\/","url":"https:\/\/slacktivity.ch\/fr\/shop\/t-grip-light\/","name":"T-Grip Light - SLACKTIVITY Slackline Shop Schweiz","isPartOf":{"@id":"https:\/\/slacktivity.ch\/fr\/#website"},"primaryImageOfPage":{"@id":"https:\/\/slacktivity.ch\/fr\/shop\/t-grip-light\/#primaryimage"},"image":{"@id":"https:\/\/slacktivity.ch\/fr\/shop\/t-grip-light\/#primaryimage"},"thumbnailUrl":"https:\/\/slacktivity.ch\/wp-content\/uploads\/2026\/02\/slacktivity-t-grip-light.jpg","datePublished":"2026-02-18T16:28:33+00:00","dateModified":"2026-04-30T10:32:05+00:00","breadcrumb":{"@id":"https:\/\/slacktivity.ch\/fr\/shop\/t-grip-light\/#breadcrumb"},"inLanguage":"fr-FR","potentialAction":[{"@type":"ReadAction","target":["https:\/\/slacktivity.ch\/fr\/shop\/t-grip-light\/"]}]},{"@type":"ImageObject","inLanguage":"fr-FR","@id":"https:\/\/slacktivity.ch\/fr\/shop\/t-grip-light\/#primaryimage","url":"https:\/\/slacktivity.ch\/wp-content\/uploads\/2026\/02\/slacktivity-t-grip-light.jpg","contentUrl":"https:\/\/slacktivity.ch\/wp-content\/uploads\/2026\/02\/slacktivity-t-grip-light.jpg","width":1180,"height":1377,"caption":"T-Grip light f\u00fcr Slacklines"},{"@type":"BreadcrumbList","@id":"https:\/\/slacktivity.ch\/fr\/shop\/t-grip-light\/#breadcrumb","itemListElement":[{"@type":"ListItem","position":1,"name":"Home","item":"https:\/\/slacktivity.ch\/fr\/"},{"@type":"ListItem","position":2,"name":"Boutique","item":"https:\/\/slacktivity.ch\/fr\/boutique\/"},{"@type":"ListItem","position":3,"name":"T-Grip Light"}]},{"@type":"WebSite","@id":"https:\/\/slacktivity.ch\/fr\/#website","url":"https:\/\/slacktivity.ch\/fr\/","name":"SLACKTIVITY Slackline Shop Schweiz","description":"Ensembles de slackline de haute qualit\u00e9 avec montage facile, produits innovants Highline et accessoires de slackline acheter en ligne. Pour les enfants, les d\u00e9butants et les professionnels.","publisher":{"@id":"https:\/\/slacktivity.ch\/fr\/#organization"},"potentialAction":[{"@type":"SearchAction","target":{"@type":"EntryPoint","urlTemplate":"https:\/\/slacktivity.ch\/fr\/?s={search_term_string}"},"query-input":{"@type":"PropertyValueSpecification","valueRequired":true,"valueName":"search_term_string"}}],"inLanguage":"fr-FR"},{"@type":"Organization","@id":"https:\/\/slacktivity.ch\/fr\/#organization","name":"SLACKTIVITY Slackline Shop Schweiz","url":"https:\/\/slacktivity.ch\/fr\/","logo":{"@type":"ImageObject","inLanguage":"fr-FR","@id":"https:\/\/slacktivity.ch\/fr\/#\/schema\/logo\/image\/","url":"https:\/\/slacktivity.ch\/wp-content\/uploads\/2021\/01\/slacktivity-slackline-online-shop-1.png","contentUrl":"https:\/\/slacktivity.ch\/wp-content\/uploads\/2021\/01\/slacktivity-slackline-online-shop-1.png","width":200,"height":77,"caption":"SLACKTIVITY Slackline Shop Schweiz"},"image":{"@id":"https:\/\/slacktivity.ch\/fr\/#\/schema\/logo\/image\/"}}]}},"_links":{"self":[{"href":"https:\/\/slacktivity.ch\/fr\/wp-json\/wp\/v2\/product\/13434","targetHints":{"allow":["GET"]}}],"collection":[{"href":"https:\/\/slacktivity.ch\/fr\/wp-json\/wp\/v2\/product"}],"about":[{"href":"https:\/\/slacktivity.ch\/fr\/wp-json\/wp\/v2\/types\/product"}],"replies":[{"embeddable":true,"href":"https:\/\/slacktivity.ch\/fr\/wp-json\/wp\/v2\/comments?post=13434"}],"wp:featuredmedia":[{"embeddable":true,"href":"https:\/\/slacktivity.ch\/fr\/wp-json\/wp\/v2\/media\/13248"}],"wp:attachment":[{"href":"https:\/\/slacktivity.ch\/fr\/wp-json\/wp\/v2\/media?parent=13434"}],"wp:term":[{"taxonomy":"product_cat","embeddable":true,"href":"https:\/\/slacktivity.ch\/fr\/wp-json\/wp\/v2\/product_cat?post=13434"},{"taxonomy":"product_tag","embeddable":true,"href":"https:\/\/slacktivity.ch\/fr\/wp-json\/wp\/v2\/product_tag?post=13434"}],"curies":[{"name":"wp","href":"https:\/\/api.w.org\/{rel}","templated":true}]}}