{"id":13436,"date":"2022-05-10T10:02:22","date_gmt":"2022-05-10T08:02:22","guid":{"rendered":"https:\/\/slacktivity.ch\/?post_type=product&#038;p=13436"},"modified":"2026-04-30T12:46:02","modified_gmt":"2026-04-30T10:46:02","slug":"inspection-entretien-installation-slackline","status":"publish","type":"product","link":"https:\/\/slacktivity.ch\/fr\/shop\/inspection-entretien-installation-slackline\/","title":{"rendered":"Inspection et entretien | Installation de slackline"},"content":{"rendered":"<h2>Inspection et entretien | Installation de slackline<\/h2>\n<p>Une installation de slackline dans un espace public ou dans des \u00e9coles n\u00e9cessite un entretien et une v\u00e9rification r\u00e9guliers afin de garantir une utilisation irr\u00e9prochable et la s\u00e9curit\u00e9 des utilisateurs.<\/p>\n<p>L&rsquo;\u00e9quipe SLACKTIVITY Suisse propose une inspection annuelle principale pour toutes les installations de slackline, ind\u00e9pendamment du mod\u00e8le ou du fabricant, dans toute la Suisse. Celle-ci comprend les \u00e9l\u00e9ments suivants :<\/p>\n<ul>\n<li>V\u00e9rification de l&rsquo;installation de slackline pour d\u00e9tecter les dommages, l&rsquo;usure excessive et la r\u00e9duction de la charge de rupture li\u00e9e \u00e0 la s\u00e9curit\u00e9 des sangles de slackline \/ Rookie-Rope par la lumi\u00e8re UV<\/li>\n<li>Test de charge des poteaux de slackline par test de traction<\/li>\n<li>Remplacement et montage professionnel du mat\u00e9riel de slackline tel que sangles, cliquets, sangles d&rsquo;arrimage, Rookie-Rope, couvercles de s\u00e9curit\u00e9 safetyCAP, etc.<\/li>\n<li>Documentation, liste de pi\u00e8ces de rechange et protocole du test de charge avec \u00e9valuation de l&rsquo;\u00e9tat de l&rsquo;installation de slackline, \u00e9galement en r\u00e9f\u00e9rence \u00e0 la norme slackline DIN 79400 et \u00e0 la norme aire de jeux DIN EN 1176<\/li>\n<\/ul>\n<p>L&rsquo;offre de service comprend le d\u00e9placement. Non compris : les co\u00fbts du mat\u00e9riel de remplacement n\u00e9cessaire, mais leur montage est inclus. L&rsquo;<strong>offre de base<\/strong> pour l&rsquo;inspection et le test de charge de <strong>2 poteaux de slackline<\/strong> s&rsquo;\u00e9l\u00e8ve \u00e0 <strong>700.- CHF<\/strong>. La v\u00e9rification de chaque <strong>poteau suppl\u00e9mentaire<\/strong> co\u00fbte <strong>100.- CHF<\/strong> par poteau.<\/p>\n<p>Nous recommandons d&rsquo;effectuer ce service d&rsquo;inspection avant le d\u00e9but de la saison, au premier trimestre de l&rsquo;ann\u00e9e (janvier, f\u00e9vrier, mars, avril).<\/p>\n<h3>Comp\u00e9tence et longue exp\u00e9rience<\/h3>\n<p>Samuel Volery (MSc. ETH) et Tobias Rodenkirch (MSc. ETH), en tant que pionniers de la slackline, disposent d&rsquo;une longue exp\u00e9rience. Gr\u00e2ce aux innombrables d\u00e9veloppements de syst\u00e8mes de slackline, ils connaissent parfaitement les normes et r\u00e9glementations de s\u00e9curit\u00e9 en vigueur. Ils repr\u00e9sentent ainsi la combinaison unique de comp\u00e9tence professionnelle et d&rsquo;utilisateurs de slackline. Pour toute question ou pour un devis sans engagement, veuillez utiliser le <a href=\"https:\/\/slacktivity.ch\/fr\/contact\/\">formulaire de contact<\/a>.<\/p>\n","protected":false},"excerpt":{"rendered":"<p>Pour le bon fonctionnement d&rsquo;une installation de slackline, celle-ci doit \u00eatre r\u00e9guli\u00e8rement soumise \u00e0 une inspection, un entretien et une v\u00e9rification. Les professionnels de la slackline de SLACKTIVITY savent, gr\u00e2ce \u00e0 leur longue exp\u00e9rience et leur expertise, exactement ce qui est important pour qu&rsquo;une installation de slackline puisse \u00eatre exploit\u00e9e en toute s\u00e9curit\u00e9 pendant des ann\u00e9es.<\/p>\n","protected":false},"featured_media":10702,"comment_status":"open","ping_status":"closed","template":"","meta":{"_acf_changed":false,"_joinchat":[]},"product_cat":[542,631,678,634],"product_tag":[],"class_list":{"0":"post-13436","1":"product","2":"type-product","3":"status-publish","4":"has-post-thumbnail","6":"product_cat-conception-de-la-zone-de-pause","7":"product_cat-fixation-slackline","8":"product_cat-slackline-poteau","9":"product_cat-slackline-pour-ecole","11":"first","12":"instock","13":"taxable","14":"shipping-taxable","15":"purchasable","16":"product-type-simple"},"acf":[],"yoast_head":"<!-- This site is optimized with the Yoast SEO plugin v27.4 - https:\/\/yoast.com\/product\/yoast-seo-wordpress\/ -->\n<title>Inspection et entretien | Installation de slackline - SLACKTIVITY Slackline Shop Schweiz<\/title>\n<meta name=\"robots\" content=\"index, follow, max-snippet:-1, max-image-preview:large, max-video-preview:-1\" \/>\n<link rel=\"canonical\" href=\"https:\/\/slacktivity.ch\/fr\/shop\/inspection-entretien-installation-slackline\/\" \/>\n<meta property=\"og:locale\" content=\"fr_FR\" \/>\n<meta property=\"og:type\" content=\"article\" \/>\n<meta property=\"og:title\" content=\"Inspection et entretien | Installation de slackline - SLACKTIVITY Slackline Shop Schweiz\" \/>\n<meta property=\"og:description\" content=\"Pour le bon fonctionnement d&#039;une installation de slackline, celle-ci doit \u00eatre r\u00e9guli\u00e8rement soumise \u00e0 une inspection, un entretien et une v\u00e9rification. Les professionnels de la slackline de SLACKTIVITY savent, gr\u00e2ce \u00e0 leur longue exp\u00e9rience et leur expertise, exactement ce qui est important pour qu&#039;une installation de slackline puisse \u00eatre exploit\u00e9e en toute s\u00e9curit\u00e9 pendant des ann\u00e9es.\" \/>\n<meta property=\"og:url\" content=\"https:\/\/slacktivity.ch\/fr\/shop\/inspection-entretien-installation-slackline\/\" \/>\n<meta property=\"og:site_name\" content=\"SLACKTIVITY Slackline Shop Schweiz\" \/>\n<meta property=\"article:modified_time\" content=\"2026-04-30T10:46:02+00:00\" \/>\n<meta property=\"og:image\" content=\"https:\/\/slacktivity.ch\/wp-content\/uploads\/2022\/05\/prufung-wartung-slackline-anlage.jpg\" \/>\n\t<meta property=\"og:image:width\" content=\"1180\" \/>\n\t<meta property=\"og:image:height\" content=\"1377\" \/>\n\t<meta property=\"og:image:type\" content=\"image\/jpeg\" \/>\n<meta name=\"twitter:card\" content=\"summary_large_image\" \/>\n<script type=\"application\/ld+json\" class=\"yoast-schema-graph\">{\"@context\":\"https:\\\/\\\/schema.org\",\"@graph\":[{\"@type\":\"WebPage\",\"@id\":\"https:\\\/\\\/slacktivity.ch\\\/fr\\\/shop\\\/inspection-entretien-installation-slackline\\\/\",\"url\":\"https:\\\/\\\/slacktivity.ch\\\/fr\\\/shop\\\/inspection-entretien-installation-slackline\\\/\",\"name\":\"Inspection et entretien | Installation de slackline - SLACKTIVITY Slackline Shop Schweiz\",\"isPartOf\":{\"@id\":\"https:\\\/\\\/slacktivity.ch\\\/fr\\\/#website\"},\"primaryImageOfPage\":{\"@id\":\"https:\\\/\\\/slacktivity.ch\\\/fr\\\/shop\\\/inspection-entretien-installation-slackline\\\/#primaryimage\"},\"image\":{\"@id\":\"https:\\\/\\\/slacktivity.ch\\\/fr\\\/shop\\\/inspection-entretien-installation-slackline\\\/#primaryimage\"},\"thumbnailUrl\":\"https:\\\/\\\/slacktivity.ch\\\/wp-content\\\/uploads\\\/2022\\\/05\\\/prufung-wartung-slackline-anlage.jpg\",\"datePublished\":\"2022-05-10T08:02:22+00:00\",\"dateModified\":\"2026-04-30T10:46:02+00:00\",\"breadcrumb\":{\"@id\":\"https:\\\/\\\/slacktivity.ch\\\/fr\\\/shop\\\/inspection-entretien-installation-slackline\\\/#breadcrumb\"},\"inLanguage\":\"fr-FR\",\"potentialAction\":[{\"@type\":\"ReadAction\",\"target\":[\"https:\\\/\\\/slacktivity.ch\\\/fr\\\/shop\\\/inspection-entretien-installation-slackline\\\/\"]}]},{\"@type\":\"ImageObject\",\"inLanguage\":\"fr-FR\",\"@id\":\"https:\\\/\\\/slacktivity.ch\\\/fr\\\/shop\\\/inspection-entretien-installation-slackline\\\/#primaryimage\",\"url\":\"https:\\\/\\\/slacktivity.ch\\\/wp-content\\\/uploads\\\/2022\\\/05\\\/prufung-wartung-slackline-anlage.jpg\",\"contentUrl\":\"https:\\\/\\\/slacktivity.ch\\\/wp-content\\\/uploads\\\/2022\\\/05\\\/prufung-wartung-slackline-anlage.jpg\",\"width\":1180,\"height\":1377,\"caption\":\"prufung wartung slackline-anlage\"},{\"@type\":\"BreadcrumbList\",\"@id\":\"https:\\\/\\\/slacktivity.ch\\\/fr\\\/shop\\\/inspection-entretien-installation-slackline\\\/#breadcrumb\",\"itemListElement\":[{\"@type\":\"ListItem\",\"position\":1,\"name\":\"Home\",\"item\":\"https:\\\/\\\/slacktivity.ch\\\/fr\\\/\"},{\"@type\":\"ListItem\",\"position\":2,\"name\":\"Boutique\",\"item\":\"https:\\\/\\\/slacktivity.ch\\\/fr\\\/boutique\\\/\"},{\"@type\":\"ListItem\",\"position\":3,\"name\":\"Inspection et entretien | Installation de slackline\"}]},{\"@type\":\"WebSite\",\"@id\":\"https:\\\/\\\/slacktivity.ch\\\/fr\\\/#website\",\"url\":\"https:\\\/\\\/slacktivity.ch\\\/fr\\\/\",\"name\":\"SLACKTIVITY Slackline Shop Schweiz\",\"description\":\"Ensembles de slackline de haute qualit\u00e9 avec montage facile, produits innovants Highline et accessoires de slackline acheter en ligne. Pour les enfants, les d\u00e9butants et les professionnels.\",\"publisher\":{\"@id\":\"https:\\\/\\\/slacktivity.ch\\\/fr\\\/#organization\"},\"potentialAction\":[{\"@type\":\"SearchAction\",\"target\":{\"@type\":\"EntryPoint\",\"urlTemplate\":\"https:\\\/\\\/slacktivity.ch\\\/fr\\\/?s={search_term_string}\"},\"query-input\":{\"@type\":\"PropertyValueSpecification\",\"valueRequired\":true,\"valueName\":\"search_term_string\"}}],\"inLanguage\":\"fr-FR\"},{\"@type\":\"Organization\",\"@id\":\"https:\\\/\\\/slacktivity.ch\\\/fr\\\/#organization\",\"name\":\"SLACKTIVITY Slackline Shop Schweiz\",\"url\":\"https:\\\/\\\/slacktivity.ch\\\/fr\\\/\",\"logo\":{\"@type\":\"ImageObject\",\"inLanguage\":\"fr-FR\",\"@id\":\"https:\\\/\\\/slacktivity.ch\\\/fr\\\/#\\\/schema\\\/logo\\\/image\\\/\",\"url\":\"https:\\\/\\\/slacktivity.ch\\\/wp-content\\\/uploads\\\/2021\\\/01\\\/slacktivity-slackline-online-shop-1.png\",\"contentUrl\":\"https:\\\/\\\/slacktivity.ch\\\/wp-content\\\/uploads\\\/2021\\\/01\\\/slacktivity-slackline-online-shop-1.png\",\"width\":200,\"height\":77,\"caption\":\"SLACKTIVITY Slackline Shop Schweiz\"},\"image\":{\"@id\":\"https:\\\/\\\/slacktivity.ch\\\/fr\\\/#\\\/schema\\\/logo\\\/image\\\/\"}}]}<\/script>\n<!-- \/ Yoast SEO plugin. -->","yoast_head_json":{"title":"Inspection et entretien | Installation de slackline - SLACKTIVITY Slackline Shop Schweiz","robots":{"index":"index","follow":"follow","max-snippet":"max-snippet:-1","max-image-preview":"max-image-preview:large","max-video-preview":"max-video-preview:-1"},"canonical":"https:\/\/slacktivity.ch\/fr\/shop\/inspection-entretien-installation-slackline\/","og_locale":"fr_FR","og_type":"article","og_title":"Inspection et entretien | Installation de slackline - SLACKTIVITY Slackline Shop Schweiz","og_description":"Pour le bon fonctionnement d'une installation de slackline, celle-ci doit \u00eatre r\u00e9guli\u00e8rement soumise \u00e0 une inspection, un entretien et une v\u00e9rification. Les professionnels de la slackline de SLACKTIVITY savent, gr\u00e2ce \u00e0 leur longue exp\u00e9rience et leur expertise, exactement ce qui est important pour qu'une installation de slackline puisse \u00eatre exploit\u00e9e en toute s\u00e9curit\u00e9 pendant des ann\u00e9es.","og_url":"https:\/\/slacktivity.ch\/fr\/shop\/inspection-entretien-installation-slackline\/","og_site_name":"SLACKTIVITY Slackline Shop Schweiz","article_modified_time":"2026-04-30T10:46:02+00:00","og_image":[{"width":1180,"height":1377,"url":"https:\/\/slacktivity.ch\/wp-content\/uploads\/2022\/05\/prufung-wartung-slackline-anlage.jpg","type":"image\/jpeg"}],"twitter_card":"summary_large_image","schema":{"@context":"https:\/\/schema.org","@graph":[{"@type":"WebPage","@id":"https:\/\/slacktivity.ch\/fr\/shop\/inspection-entretien-installation-slackline\/","url":"https:\/\/slacktivity.ch\/fr\/shop\/inspection-entretien-installation-slackline\/","name":"Inspection et entretien | Installation de slackline - SLACKTIVITY Slackline Shop Schweiz","isPartOf":{"@id":"https:\/\/slacktivity.ch\/fr\/#website"},"primaryImageOfPage":{"@id":"https:\/\/slacktivity.ch\/fr\/shop\/inspection-entretien-installation-slackline\/#primaryimage"},"image":{"@id":"https:\/\/slacktivity.ch\/fr\/shop\/inspection-entretien-installation-slackline\/#primaryimage"},"thumbnailUrl":"https:\/\/slacktivity.ch\/wp-content\/uploads\/2022\/05\/prufung-wartung-slackline-anlage.jpg","datePublished":"2022-05-10T08:02:22+00:00","dateModified":"2026-04-30T10:46:02+00:00","breadcrumb":{"@id":"https:\/\/slacktivity.ch\/fr\/shop\/inspection-entretien-installation-slackline\/#breadcrumb"},"inLanguage":"fr-FR","potentialAction":[{"@type":"ReadAction","target":["https:\/\/slacktivity.ch\/fr\/shop\/inspection-entretien-installation-slackline\/"]}]},{"@type":"ImageObject","inLanguage":"fr-FR","@id":"https:\/\/slacktivity.ch\/fr\/shop\/inspection-entretien-installation-slackline\/#primaryimage","url":"https:\/\/slacktivity.ch\/wp-content\/uploads\/2022\/05\/prufung-wartung-slackline-anlage.jpg","contentUrl":"https:\/\/slacktivity.ch\/wp-content\/uploads\/2022\/05\/prufung-wartung-slackline-anlage.jpg","width":1180,"height":1377,"caption":"prufung wartung slackline-anlage"},{"@type":"BreadcrumbList","@id":"https:\/\/slacktivity.ch\/fr\/shop\/inspection-entretien-installation-slackline\/#breadcrumb","itemListElement":[{"@type":"ListItem","position":1,"name":"Home","item":"https:\/\/slacktivity.ch\/fr\/"},{"@type":"ListItem","position":2,"name":"Boutique","item":"https:\/\/slacktivity.ch\/fr\/boutique\/"},{"@type":"ListItem","position":3,"name":"Inspection et entretien | Installation de slackline"}]},{"@type":"WebSite","@id":"https:\/\/slacktivity.ch\/fr\/#website","url":"https:\/\/slacktivity.ch\/fr\/","name":"SLACKTIVITY Slackline Shop Schweiz","description":"Ensembles de slackline de haute qualit\u00e9 avec montage facile, produits innovants Highline et accessoires de slackline acheter en ligne. Pour les enfants, les d\u00e9butants et les professionnels.","publisher":{"@id":"https:\/\/slacktivity.ch\/fr\/#organization"},"potentialAction":[{"@type":"SearchAction","target":{"@type":"EntryPoint","urlTemplate":"https:\/\/slacktivity.ch\/fr\/?s={search_term_string}"},"query-input":{"@type":"PropertyValueSpecification","valueRequired":true,"valueName":"search_term_string"}}],"inLanguage":"fr-FR"},{"@type":"Organization","@id":"https:\/\/slacktivity.ch\/fr\/#organization","name":"SLACKTIVITY Slackline Shop Schweiz","url":"https:\/\/slacktivity.ch\/fr\/","logo":{"@type":"ImageObject","inLanguage":"fr-FR","@id":"https:\/\/slacktivity.ch\/fr\/#\/schema\/logo\/image\/","url":"https:\/\/slacktivity.ch\/wp-content\/uploads\/2021\/01\/slacktivity-slackline-online-shop-1.png","contentUrl":"https:\/\/slacktivity.ch\/wp-content\/uploads\/2021\/01\/slacktivity-slackline-online-shop-1.png","width":200,"height":77,"caption":"SLACKTIVITY Slackline Shop Schweiz"},"image":{"@id":"https:\/\/slacktivity.ch\/fr\/#\/schema\/logo\/image\/"}}]}},"_links":{"self":[{"href":"https:\/\/slacktivity.ch\/fr\/wp-json\/wp\/v2\/product\/13436","targetHints":{"allow":["GET"]}}],"collection":[{"href":"https:\/\/slacktivity.ch\/fr\/wp-json\/wp\/v2\/product"}],"about":[{"href":"https:\/\/slacktivity.ch\/fr\/wp-json\/wp\/v2\/types\/product"}],"replies":[{"embeddable":true,"href":"https:\/\/slacktivity.ch\/fr\/wp-json\/wp\/v2\/comments?post=13436"}],"wp:featuredmedia":[{"embeddable":true,"href":"https:\/\/slacktivity.ch\/fr\/wp-json\/wp\/v2\/media\/10702"}],"wp:attachment":[{"href":"https:\/\/slacktivity.ch\/fr\/wp-json\/wp\/v2\/media?parent=13436"}],"wp:term":[{"taxonomy":"product_cat","embeddable":true,"href":"https:\/\/slacktivity.ch\/fr\/wp-json\/wp\/v2\/product_cat?post=13436"},{"taxonomy":"product_tag","embeddable":true,"href":"https:\/\/slacktivity.ch\/fr\/wp-json\/wp\/v2\/product_tag?post=13436"}],"curies":[{"name":"wp","href":"https:\/\/api.w.org\/{rel}","templated":true}]}}