{"id":13438,"date":"2022-02-28T18:45:52","date_gmt":"2022-02-28T16:45:52","guid":{"rendered":"https:\/\/slacktivity.ch\/?post_type=product&#038;p=13438"},"modified":"2026-04-30T12:49:57","modified_gmt":"2026-04-30T10:49:57","slug":"park-warrior-poteau-slackline","status":"publish","type":"product","link":"https:\/\/slacktivity.ch\/fr\/shop\/park-warrior-poteau-slackline\/","title":{"rendered":"PARK-WARRIOR | Poteau de slackline"},"content":{"rendered":"<h2>PARK-WARRIOR | Poteau avec manchon de sol pour le parc de slackline<\/h2>\n<p>Le <strong>poteau de slackline PARK-WARRIOR<\/strong> a \u00e9t\u00e9 sp\u00e9cialement con\u00e7u pour les besoins des <strong>parcs de slackline<\/strong>. Il permet de fixer des slacklines entre 0,2 et 2,5 m\u00e8tres de hauteur sur le poteau. Une Rookie-Rope (slackline avec corde de guidage au-dessus) ou une slackline Ninja-Warrior peuvent \u00e9galement \u00eatre fix\u00e9es sur le poteau. Cette polyvalence rend cette fixation de slackline id\u00e9ale pour presque tous les besoins en mati\u00e8re de slackline. Pour les d\u00e9butants, les personnes \u00e2g\u00e9es jusqu&rsquo;aux jeunes enfants (&gt;6 ans), la slackline avec Rookie-Rope offre la meilleure fa\u00e7on d&rsquo;apprendre la slackline en toute s\u00e9curit\u00e9. Gr\u00e2ce \u00e0 la hauteur de 2,5 m\u00e8tres, des slacklines tr\u00e8s tendues, appel\u00e9es Rodeo-Lines, peuvent \u00e9galement \u00eatre fix\u00e9es au PARK-WARRIOR. Cela r\u00e9jouit particuli\u00e8rement le slackliner avanc\u00e9 pour des surfs sympas et des tricks exigeants. Tout cela contribue \u00e0 offrir une large gamme de slackline, du d\u00e9butant au confirm\u00e9, dans un parc de slackline.<\/p>\n<p>Ce mod\u00e8le de poteau de slackline convient parfaitement aux parcs de slackline dans les parcs publics, les quartiers r\u00e9sidentiels et les aires de jeux, lorsqu&rsquo;il n&rsquo;y a pas d&rsquo;arbres disponibles ou que ceux-ci ne doivent pas \u00eatre utilis\u00e9s pour prot\u00e9ger les arbres (arbres sensibles ou trop petits).<\/p>\n<p>Gr\u00e2ce \u00e0 l&rsquo;anneau de fixation de slackline r\u00e9glable en hauteur en continu, une slackline peut \u00eatre fix\u00e9e en peu de temps avec un mousqueton sur le poteau \u00e0 n&rsquo;importe quelle hauteur et orientation. Un filet de jeu pour le volleyball ou le badminton peut \u00e9galement \u00eatre fix\u00e9 sans probl\u00e8me sur ce poteau de slackline et r\u00e9gl\u00e9 \u00e0 la hauteur souhait\u00e9e.<br \/>\nL&rsquo;anneau de fixation de slackline peut \u00eatre r\u00e9gl\u00e9 en hauteur et en orientation avec une cl\u00e9 Allen. Gr\u00e2ce au couple de serrage \u00e9lev\u00e9, l&rsquo;anneau est bien s\u00e9curis\u00e9 contre les mauvaises utilisations. Il est bien s\u00fbr \u00e9galement possible d&rsquo;installer des slacklines de fa\u00e7on permanente sur le poteau pour pouvoir s&rsquo;entra\u00eener \u00e0 tout moment. C&rsquo;est pr\u00e9cis\u00e9ment ce qui rend un parc de slackline particuli\u00e8rement attractif.<\/p>\n<p>Pour les \u00e9v\u00e9nements o\u00f9 la pelouse\/terrain est utilis\u00e9 autrement, le mod\u00e8le PARK-WARRIOR permet de retirer le poteau du manchon. Avec le couvercle inclus dans la livraison, le manchon de sol peut \u00eatre ferm\u00e9 et s\u00e9curis\u00e9 avec une vis de s\u00e9curit\u00e9.<\/p>\n<p>Les slacklines peuvent \u00eatre install\u00e9es \u00e0 n&rsquo;importe quelle hauteur jusqu&rsquo;\u00e0 2,5m maximum, ce qui couvre presque toutes les exigences des slacklineurs. La particularit\u00e9 de cette hauteur de 2,5m permet \u00e9galement son utilisation pour tendre des slacklines au-dessus de l&rsquo;eau, par exemple dans des piscines en plein air ou au-dessus de petits lacs.<br \/>\nLe poteau est extr\u00eamement robuste et a \u00e9t\u00e9 con\u00e7u pour satisfaire aux exigences de la norme aire de jeux (EN 1176) et de la norme slackline (DIN 79400) (installation professionnelle avec espace de chute correspondant requis). Au niveau le plus \u00e9lev\u00e9, le PARK-WARRIOR peut \u00eatre charg\u00e9 jusqu&rsquo;\u00e0 5kN (= 500kg) et est \u00e9galement parfaitement adapt\u00e9 aux jumplines et longlines jusqu&rsquo;\u00e0 50m.<\/p>\n<p>Gr\u00e2ce au syst\u00e8me simple avec une vis de s\u00e9curit\u00e9, le poteau de slackline PARK-WARRIOR et le couvercle du manchon de sol peuvent \u00eatre prot\u00e9g\u00e9s contre le vol et le vandalisme. Le couvercle sph\u00e9rique conf\u00e8re aux poteaux une apparence \u00e9l\u00e9gante et professionnelle.<\/p>\n<p>Toutes les pi\u00e8ces des installations de slackline sont fabriqu\u00e9es en acier galvanis\u00e9 \u00e0 chaud, ce qui les rend r\u00e9sistantes aux intemp\u00e9ries pendant des d\u00e9cennies. La garantie du fabricant sur la construction m\u00e9tallique est de 10 ans.<\/p>\n<p>Le mod\u00e8le de poteau PARK-WARRIOR convient aux <strong>niveaux de slackline<\/strong> suivants :<\/p>\n<ul>\n<li>pour les d\u00e9butants (avec ou sans Rookie-Rope)<\/li>\n<li>pour les enfants d\u00e8s 6 ans (avec Rookie-Rope)<\/li>\n<li>pour les utilisateurs avanc\u00e9s (Rodeo-Line, Jumpline)<\/li>\n<li>pour les personnes \u00e2g\u00e9es et les personnes \u00e0 mobilit\u00e9 r\u00e9duite (avec Rookie-Rope)<\/li>\n<li>utilisable dans les installations publiques comme dans les jardins priv\u00e9s<\/li>\n<\/ul>\n<p>Les poteaux de slackline ainsi que les <a href=\"\/fr\/shop\/couvercle-manchon-sol\/\" target=\"_blank\" rel=\"noopener\">couvercles de manchon de sol<\/a> peuvent \u00eatre s\u00e9curis\u00e9s contre le vol avec des <a href=\"\/fr\/shop\/vis-de-securite\/\" target=\"_blank\" rel=\"noopener\">vis de s\u00e9curit\u00e9<\/a> et la slackline elle-m\u00eame avec un <a href=\"\/fr\/shop\/cadenas-slackline\/\" target=\"_blank\" rel=\"noopener\">verrou pour cliquet<\/a> (cadenas pour cliquet). Le set de vis anti-vol et le verrou pour cliquet sont disponibles chez nous.<\/p>\n<h3>Remarque concernant l&rsquo;installation<\/h3>\n<p>Dans <a href=\"https:\/\/www.youtube.com\/watch?v=dQE87eWRGQw\" target=\"_blank\" rel=\"noopener\">cette vid\u00e9o<\/a>, l&rsquo;installation d&rsquo;un poteau STANDARD est pr\u00e9sent\u00e9e.<br \/>\nL&rsquo;installation du poteau de slackline PARK-WARRIOR est fondamentalement similaire, sauf qu&rsquo;un trou plus grand et plus profond doit \u00eatre creus\u00e9 pour la fondation et l&rsquo;acier de b\u00e9ton (diam\u00e8tre : 26mm) doit \u00eatre d&rsquo;environ 2m de long.<\/p>\n<p>Lors de l&rsquo;installation, le manchon de sol est fix\u00e9 avec du fil de fer aux quatre tiges d&rsquo;acier de b\u00e9ton enfonc\u00e9es dans le sol. Avec le tuyau en plastique fourni (repr\u00e9sent\u00e9 en rouge), un drainage du manchon de sol est ainsi r\u00e9alis\u00e9 avant que le b\u00e9ton ne soit coul\u00e9 dans la fondation.<\/p>\n<h3>Installation simple | B\u00e9tonner le poteau de slackline PARK-WARRIOR<\/h3>\n<p>Le terrain de r\u00e9ception le plus adapt\u00e9 est une pelouse plate, des dalles de protection contre les chutes, des copeaux de bois (adapt\u00e9s \u00e0 la slackline pieds nus seulement apr\u00e8s un peu de vieillissement) ou un lit de gravier rond. Lors de l&rsquo;utilisation des poteaux sur des aires de jeux et des installations publiques, l&rsquo;espace de chute doit \u00eatre large de 1,50 m\u00e8tre (des deux c\u00f4t\u00e9s de la slackline) et le sol dans l&rsquo;espace de chute doit \u00eatre constitu\u00e9 de gazon ou d&rsquo;un sol de protection contre les chutes (DIN EN 12572-2).<\/p>\n<h3>Informations sur la Rookie-Rope<\/h3>\n<p>Pour les d\u00e9butants, la slackline peut \u00eatre un d\u00e9fi au d\u00e9but. Pour les enfants, les personnes \u00e2g\u00e9es ou les personnes \u00e0 mobilit\u00e9 r\u00e9duite, cet obstacle \u00e0 l&rsquo;entr\u00e9e peut \u00eatre trop important. C&rsquo;est pourquoi nous avons d\u00e9velopp\u00e9 la Rookie-Rope en collaboration avec des sp\u00e9cialistes en psychomotricit\u00e9. Ici, une corde statique est tendue au-dessus de la t\u00eate dans laquelle une poulie est accroch\u00e9e, \u00e0 laquelle une corde mobile est fix\u00e9e. Il est maintenant possible de s&rsquo;\u00e9quilibrer en toute s\u00e9curit\u00e9 sur la slackline en tenant la corde mobile. Le mouvement d&rsquo;\u00e9quilibre naturel est ainsi pr\u00e9serv\u00e9, ce qui n&rsquo;est pas le cas avec des aides comme des b\u00e2tons ou d&rsquo;autres personnes. Pour toute demande concernant une Rookie-Rope, veuillez nous \u00e9crire via le <a href=\"https:\/\/slacktivity.ch\/fr\/contact\/\">formulaire de contact<\/a>.<\/p>\n<h3>Contenu de la livraison du poteau de slackline PARK-WARRIOR<\/h3>\n<ul>\n<li>Poteau de slackline PARK-WARRIOR<\/li>\n<li>Manchon de sol<\/li>\n<li>Couvercle (en acier galvanis\u00e9 \u00e0 chaud) pour manchon de sol<\/li>\n<li>Tuyau de drainage pour manchon de sol<\/li>\n<li>Anneau de fixation de slackline<\/li>\n<\/ul>\n<h3>Remarque importante concernant les frais de livraison<\/h3>\n<p>La livraison des poteaux de slackline PARK-WARRIOR est effectu\u00e9e par l&rsquo;\u00e9quipe SLACKTIVITY ou par un transporteur externe avec des frais de livraison selon demande. Dans le panier, un <strong>forfait de livraison de 250.- CHF<\/strong> est affich\u00e9. Il s&rsquo;agit toutefois d&rsquo;<strong>une valeur approximative<\/strong> qui peut varier selon l&rsquo;exp\u00e9rience entre 200.- et 300.- (par poteau) selon la distance de livraison, le nombre de poteaux et le moment. Un retrait du poteau de slackline est \u00e9galement possible sur rendez-vous dans la r\u00e9gion de Zurich. Pour un retrait, veuillez le mentionner dans la commande ou nous \u00e9crire via le <a href=\"https:\/\/slacktivity.ch\/fr\/contact\/\">formulaire de contact<\/a>.<\/p>\n<h3>Adaptations pour des besoins sp\u00e9ciaux et conseils<\/h3>\n<p>Pour des demandes individuelles, des conseils pour la mise en place d&rsquo;un parc de slackline ou la commande de plusieurs poteaux PARK-WARRIOR, nous vous \u00e9tablissons volontiers un <a title=\"Demander un devis\" href=\"https:\/\/slacktivity.ch\/fr\/contact\/\">devis gratuit.<\/a><\/p>\n","protected":false},"excerpt":{"rendered":"<p>Le poteau de slackline PARK-WARRIOR est id\u00e9al pour le parc de slackline dans les parcs publics, les \u00e9coles et les espaces publics, o\u00f9 une utilisation multiple ou un entretien simple de la pelouse\/terrain est important. Bien entendu, ce poteau de slackline convient \u00e9galement dans les jardins priv\u00e9s avec des exigences vari\u00e9es en mati\u00e8re de slackline.<\/p>\n","protected":false},"featured_media":10469,"comment_status":"open","ping_status":"closed","template":"","meta":{"_acf_changed":false,"_joinchat":[]},"product_cat":[915,542,631,678,634],"product_tag":[],"class_list":{"0":"post-13438","1":"product","2":"type-product","3":"status-publish","4":"has-post-thumbnail","6":"product_cat-aire-de-jeu-intergenerationnel","7":"product_cat-conception-de-la-zone-de-pause","8":"product_cat-fixation-slackline","9":"product_cat-slackline-poteau","10":"product_cat-slackline-pour-ecole","12":"first","13":"instock","14":"taxable","15":"shipping-taxable","16":"purchasable","17":"product-type-simple"},"acf":[],"yoast_head":"<!-- This site is optimized with the Yoast SEO plugin v27.4 - https:\/\/yoast.com\/product\/yoast-seo-wordpress\/ -->\n<title>PARK-WARRIOR | Poteau de slackline - SLACKTIVITY Slackline Shop Schweiz<\/title>\n<meta name=\"robots\" content=\"index, follow, max-snippet:-1, max-image-preview:large, max-video-preview:-1\" \/>\n<link rel=\"canonical\" href=\"https:\/\/slacktivity.ch\/fr\/shop\/park-warrior-poteau-slackline\/\" \/>\n<meta property=\"og:locale\" content=\"fr_FR\" \/>\n<meta property=\"og:type\" content=\"article\" \/>\n<meta property=\"og:title\" content=\"PARK-WARRIOR | Poteau de slackline - SLACKTIVITY Slackline Shop Schweiz\" \/>\n<meta property=\"og:description\" content=\"Le poteau de slackline PARK-WARRIOR est id\u00e9al pour le parc de slackline dans les parcs publics, les \u00e9coles et les espaces publics, o\u00f9 une utilisation multiple ou un entretien simple de la pelouse\/terrain est important. Bien entendu, ce poteau de slackline convient \u00e9galement dans les jardins priv\u00e9s avec des exigences vari\u00e9es en mati\u00e8re de slackline.\" \/>\n<meta property=\"og:url\" content=\"https:\/\/slacktivity.ch\/fr\/shop\/park-warrior-poteau-slackline\/\" \/>\n<meta property=\"og:site_name\" content=\"SLACKTIVITY Slackline Shop Schweiz\" \/>\n<meta property=\"article:modified_time\" content=\"2026-04-30T10:49:57+00:00\" \/>\n<meta property=\"og:image\" content=\"https:\/\/slacktivity.ch\/wp-content\/uploads\/2022\/02\/slacklinepark-3.jpg\" \/>\n\t<meta property=\"og:image:width\" content=\"1180\" \/>\n\t<meta property=\"og:image:height\" content=\"1377\" \/>\n\t<meta property=\"og:image:type\" content=\"image\/jpeg\" \/>\n<meta name=\"twitter:card\" content=\"summary_large_image\" \/>\n<script type=\"application\/ld+json\" class=\"yoast-schema-graph\">{\"@context\":\"https:\\\/\\\/schema.org\",\"@graph\":[{\"@type\":\"WebPage\",\"@id\":\"https:\\\/\\\/slacktivity.ch\\\/fr\\\/shop\\\/park-warrior-poteau-slackline\\\/\",\"url\":\"https:\\\/\\\/slacktivity.ch\\\/fr\\\/shop\\\/park-warrior-poteau-slackline\\\/\",\"name\":\"PARK-WARRIOR | Poteau de slackline - SLACKTIVITY Slackline Shop Schweiz\",\"isPartOf\":{\"@id\":\"https:\\\/\\\/slacktivity.ch\\\/fr\\\/#website\"},\"primaryImageOfPage\":{\"@id\":\"https:\\\/\\\/slacktivity.ch\\\/fr\\\/shop\\\/park-warrior-poteau-slackline\\\/#primaryimage\"},\"image\":{\"@id\":\"https:\\\/\\\/slacktivity.ch\\\/fr\\\/shop\\\/park-warrior-poteau-slackline\\\/#primaryimage\"},\"thumbnailUrl\":\"https:\\\/\\\/slacktivity.ch\\\/wp-content\\\/uploads\\\/2022\\\/02\\\/slacklinepark-3.jpg\",\"datePublished\":\"2022-02-28T16:45:52+00:00\",\"dateModified\":\"2026-04-30T10:49:57+00:00\",\"breadcrumb\":{\"@id\":\"https:\\\/\\\/slacktivity.ch\\\/fr\\\/shop\\\/park-warrior-poteau-slackline\\\/#breadcrumb\"},\"inLanguage\":\"fr-FR\",\"potentialAction\":[{\"@type\":\"ReadAction\",\"target\":[\"https:\\\/\\\/slacktivity.ch\\\/fr\\\/shop\\\/park-warrior-poteau-slackline\\\/\"]}]},{\"@type\":\"ImageObject\",\"inLanguage\":\"fr-FR\",\"@id\":\"https:\\\/\\\/slacktivity.ch\\\/fr\\\/shop\\\/park-warrior-poteau-slackline\\\/#primaryimage\",\"url\":\"https:\\\/\\\/slacktivity.ch\\\/wp-content\\\/uploads\\\/2022\\\/02\\\/slacklinepark-3.jpg\",\"contentUrl\":\"https:\\\/\\\/slacktivity.ch\\\/wp-content\\\/uploads\\\/2022\\\/02\\\/slacklinepark-3.jpg\",\"width\":1180,\"height\":1377,\"caption\":\"slacklinepark\"},{\"@type\":\"BreadcrumbList\",\"@id\":\"https:\\\/\\\/slacktivity.ch\\\/fr\\\/shop\\\/park-warrior-poteau-slackline\\\/#breadcrumb\",\"itemListElement\":[{\"@type\":\"ListItem\",\"position\":1,\"name\":\"Home\",\"item\":\"https:\\\/\\\/slacktivity.ch\\\/fr\\\/\"},{\"@type\":\"ListItem\",\"position\":2,\"name\":\"Boutique\",\"item\":\"https:\\\/\\\/slacktivity.ch\\\/fr\\\/boutique\\\/\"},{\"@type\":\"ListItem\",\"position\":3,\"name\":\"PARK-WARRIOR | Poteau de slackline\"}]},{\"@type\":\"WebSite\",\"@id\":\"https:\\\/\\\/slacktivity.ch\\\/fr\\\/#website\",\"url\":\"https:\\\/\\\/slacktivity.ch\\\/fr\\\/\",\"name\":\"SLACKTIVITY Slackline Shop Schweiz\",\"description\":\"Ensembles de slackline de haute qualit\u00e9 avec montage facile, produits innovants Highline et accessoires de slackline acheter en ligne. Pour les enfants, les d\u00e9butants et les professionnels.\",\"publisher\":{\"@id\":\"https:\\\/\\\/slacktivity.ch\\\/fr\\\/#organization\"},\"potentialAction\":[{\"@type\":\"SearchAction\",\"target\":{\"@type\":\"EntryPoint\",\"urlTemplate\":\"https:\\\/\\\/slacktivity.ch\\\/fr\\\/?s={search_term_string}\"},\"query-input\":{\"@type\":\"PropertyValueSpecification\",\"valueRequired\":true,\"valueName\":\"search_term_string\"}}],\"inLanguage\":\"fr-FR\"},{\"@type\":\"Organization\",\"@id\":\"https:\\\/\\\/slacktivity.ch\\\/fr\\\/#organization\",\"name\":\"SLACKTIVITY Slackline Shop Schweiz\",\"url\":\"https:\\\/\\\/slacktivity.ch\\\/fr\\\/\",\"logo\":{\"@type\":\"ImageObject\",\"inLanguage\":\"fr-FR\",\"@id\":\"https:\\\/\\\/slacktivity.ch\\\/fr\\\/#\\\/schema\\\/logo\\\/image\\\/\",\"url\":\"https:\\\/\\\/slacktivity.ch\\\/wp-content\\\/uploads\\\/2021\\\/01\\\/slacktivity-slackline-online-shop-1.png\",\"contentUrl\":\"https:\\\/\\\/slacktivity.ch\\\/wp-content\\\/uploads\\\/2021\\\/01\\\/slacktivity-slackline-online-shop-1.png\",\"width\":200,\"height\":77,\"caption\":\"SLACKTIVITY Slackline Shop Schweiz\"},\"image\":{\"@id\":\"https:\\\/\\\/slacktivity.ch\\\/fr\\\/#\\\/schema\\\/logo\\\/image\\\/\"}}]}<\/script>\n<!-- \/ Yoast SEO plugin. -->","yoast_head_json":{"title":"PARK-WARRIOR | Poteau de slackline - SLACKTIVITY Slackline Shop Schweiz","robots":{"index":"index","follow":"follow","max-snippet":"max-snippet:-1","max-image-preview":"max-image-preview:large","max-video-preview":"max-video-preview:-1"},"canonical":"https:\/\/slacktivity.ch\/fr\/shop\/park-warrior-poteau-slackline\/","og_locale":"fr_FR","og_type":"article","og_title":"PARK-WARRIOR | Poteau de slackline - SLACKTIVITY Slackline Shop Schweiz","og_description":"Le poteau de slackline PARK-WARRIOR est id\u00e9al pour le parc de slackline dans les parcs publics, les \u00e9coles et les espaces publics, o\u00f9 une utilisation multiple ou un entretien simple de la pelouse\/terrain est important. Bien entendu, ce poteau de slackline convient \u00e9galement dans les jardins priv\u00e9s avec des exigences vari\u00e9es en mati\u00e8re de slackline.","og_url":"https:\/\/slacktivity.ch\/fr\/shop\/park-warrior-poteau-slackline\/","og_site_name":"SLACKTIVITY Slackline Shop Schweiz","article_modified_time":"2026-04-30T10:49:57+00:00","og_image":[{"width":1180,"height":1377,"url":"https:\/\/slacktivity.ch\/wp-content\/uploads\/2022\/02\/slacklinepark-3.jpg","type":"image\/jpeg"}],"twitter_card":"summary_large_image","schema":{"@context":"https:\/\/schema.org","@graph":[{"@type":"WebPage","@id":"https:\/\/slacktivity.ch\/fr\/shop\/park-warrior-poteau-slackline\/","url":"https:\/\/slacktivity.ch\/fr\/shop\/park-warrior-poteau-slackline\/","name":"PARK-WARRIOR | Poteau de slackline - SLACKTIVITY Slackline Shop Schweiz","isPartOf":{"@id":"https:\/\/slacktivity.ch\/fr\/#website"},"primaryImageOfPage":{"@id":"https:\/\/slacktivity.ch\/fr\/shop\/park-warrior-poteau-slackline\/#primaryimage"},"image":{"@id":"https:\/\/slacktivity.ch\/fr\/shop\/park-warrior-poteau-slackline\/#primaryimage"},"thumbnailUrl":"https:\/\/slacktivity.ch\/wp-content\/uploads\/2022\/02\/slacklinepark-3.jpg","datePublished":"2022-02-28T16:45:52+00:00","dateModified":"2026-04-30T10:49:57+00:00","breadcrumb":{"@id":"https:\/\/slacktivity.ch\/fr\/shop\/park-warrior-poteau-slackline\/#breadcrumb"},"inLanguage":"fr-FR","potentialAction":[{"@type":"ReadAction","target":["https:\/\/slacktivity.ch\/fr\/shop\/park-warrior-poteau-slackline\/"]}]},{"@type":"ImageObject","inLanguage":"fr-FR","@id":"https:\/\/slacktivity.ch\/fr\/shop\/park-warrior-poteau-slackline\/#primaryimage","url":"https:\/\/slacktivity.ch\/wp-content\/uploads\/2022\/02\/slacklinepark-3.jpg","contentUrl":"https:\/\/slacktivity.ch\/wp-content\/uploads\/2022\/02\/slacklinepark-3.jpg","width":1180,"height":1377,"caption":"slacklinepark"},{"@type":"BreadcrumbList","@id":"https:\/\/slacktivity.ch\/fr\/shop\/park-warrior-poteau-slackline\/#breadcrumb","itemListElement":[{"@type":"ListItem","position":1,"name":"Home","item":"https:\/\/slacktivity.ch\/fr\/"},{"@type":"ListItem","position":2,"name":"Boutique","item":"https:\/\/slacktivity.ch\/fr\/boutique\/"},{"@type":"ListItem","position":3,"name":"PARK-WARRIOR | Poteau de slackline"}]},{"@type":"WebSite","@id":"https:\/\/slacktivity.ch\/fr\/#website","url":"https:\/\/slacktivity.ch\/fr\/","name":"SLACKTIVITY Slackline Shop Schweiz","description":"Ensembles de slackline de haute qualit\u00e9 avec montage facile, produits innovants Highline et accessoires de slackline acheter en ligne. Pour les enfants, les d\u00e9butants et les professionnels.","publisher":{"@id":"https:\/\/slacktivity.ch\/fr\/#organization"},"potentialAction":[{"@type":"SearchAction","target":{"@type":"EntryPoint","urlTemplate":"https:\/\/slacktivity.ch\/fr\/?s={search_term_string}"},"query-input":{"@type":"PropertyValueSpecification","valueRequired":true,"valueName":"search_term_string"}}],"inLanguage":"fr-FR"},{"@type":"Organization","@id":"https:\/\/slacktivity.ch\/fr\/#organization","name":"SLACKTIVITY Slackline Shop Schweiz","url":"https:\/\/slacktivity.ch\/fr\/","logo":{"@type":"ImageObject","inLanguage":"fr-FR","@id":"https:\/\/slacktivity.ch\/fr\/#\/schema\/logo\/image\/","url":"https:\/\/slacktivity.ch\/wp-content\/uploads\/2021\/01\/slacktivity-slackline-online-shop-1.png","contentUrl":"https:\/\/slacktivity.ch\/wp-content\/uploads\/2021\/01\/slacktivity-slackline-online-shop-1.png","width":200,"height":77,"caption":"SLACKTIVITY Slackline Shop Schweiz"},"image":{"@id":"https:\/\/slacktivity.ch\/fr\/#\/schema\/logo\/image\/"}}]}},"_links":{"self":[{"href":"https:\/\/slacktivity.ch\/fr\/wp-json\/wp\/v2\/product\/13438","targetHints":{"allow":["GET"]}}],"collection":[{"href":"https:\/\/slacktivity.ch\/fr\/wp-json\/wp\/v2\/product"}],"about":[{"href":"https:\/\/slacktivity.ch\/fr\/wp-json\/wp\/v2\/types\/product"}],"replies":[{"embeddable":true,"href":"https:\/\/slacktivity.ch\/fr\/wp-json\/wp\/v2\/comments?post=13438"}],"wp:featuredmedia":[{"embeddable":true,"href":"https:\/\/slacktivity.ch\/fr\/wp-json\/wp\/v2\/media\/10469"}],"wp:attachment":[{"href":"https:\/\/slacktivity.ch\/fr\/wp-json\/wp\/v2\/media?parent=13438"}],"wp:term":[{"taxonomy":"product_cat","embeddable":true,"href":"https:\/\/slacktivity.ch\/fr\/wp-json\/wp\/v2\/product_cat?post=13438"},{"taxonomy":"product_tag","embeddable":true,"href":"https:\/\/slacktivity.ch\/fr\/wp-json\/wp\/v2\/product_tag?post=13438"}],"curies":[{"name":"wp","href":"https:\/\/api.w.org\/{rel}","templated":true}]}}