{"id":13447,"date":"2021-02-22T15:54:22","date_gmt":"2021-02-22T15:54:22","guid":{"rendered":"https:\/\/slacktivity.ch\/?post_type=product&#038;p=13447"},"modified":"2026-04-30T12:53:26","modified_gmt":"2026-04-30T10:53:26","slug":"safetycap-couvercle-securite-poteau-slackline","status":"publish","type":"product","link":"https:\/\/slacktivity.ch\/fr\/shop\/safetycap-couvercle-securite-poteau-slackline\/","title":{"rendered":"safetyCAP | Couvercle de s\u00e9curit\u00e9 pour poteaux de slackline"},"content":{"rendered":"<h2>safetyCAP | Couvercle de s\u00e9curit\u00e9 pour poteaux de slackline<\/h2>\n<p>En cas de chute de la slackline sur le <a href=\"https:\/\/slacktivity.ch\/fr\/category\/fixation-slackline\/slackline-poteau\/\">poteau<\/a> de slackline, l&rsquo;impact est amorti par la d\u00e9formation de ce <strong>couvercle de s\u00e9curit\u00e9<\/strong>.<\/p>\n<h3>Sp\u00e9cifications<\/h3>\n<ul>\n<li>Fabriqu\u00e9 en polypropyl\u00e8ne r\u00e9sistant aux UV et aux intemp\u00e9ries<\/li>\n<li>Couleur : noir<\/li>\n<li>Poids : 126g<\/li>\n<li>Fabriqu\u00e9 en Suisse<\/li>\n<\/ul>\n<h3>Remarque concernant le montage<\/h3>\n<p>Le couvercle de s\u00e9curit\u00e9 se colle de pr\u00e9f\u00e9rence dans le poteau de slackline \u00e0 l&rsquo;aide d&rsquo;une colle de montage.<\/p>\n","protected":false},"excerpt":{"rendered":"<p>Pour minimiser le risque de blessure dans les installations de slackline, le couvercle de s\u00e9curit\u00e9 safetyCAP a \u00e9t\u00e9 sp\u00e9cialement d\u00e9velopp\u00e9 pour les poteaux de slackline.<\/p>\n","protected":false},"featured_media":6920,"comment_status":"open","ping_status":"closed","template":"","meta":{"_acf_changed":false,"_joinchat":[]},"product_cat":[542,631,673,678,634],"product_tag":[],"class_list":{"0":"post-13447","1":"product","2":"type-product","3":"status-publish","4":"has-post-thumbnail","6":"product_cat-conception-de-la-zone-de-pause","7":"product_cat-fixation-slackline","8":"product_cat-slackline-interieur","9":"product_cat-slackline-poteau","10":"product_cat-slackline-pour-ecole","12":"first","13":"instock","14":"taxable","15":"shipping-taxable","16":"purchasable","17":"product-type-simple"},"acf":[],"yoast_head":"<!-- This site is optimized with the Yoast SEO plugin v27.4 - https:\/\/yoast.com\/product\/yoast-seo-wordpress\/ -->\n<title>safetyCAP | Couvercle de s\u00e9curit\u00e9 pour poteaux de slackline - SLACKTIVITY Slackline Shop Schweiz<\/title>\n<meta name=\"robots\" content=\"index, follow, max-snippet:-1, max-image-preview:large, max-video-preview:-1\" \/>\n<link rel=\"canonical\" href=\"https:\/\/slacktivity.ch\/fr\/shop\/safetycap-couvercle-securite-poteau-slackline\/\" \/>\n<meta property=\"og:locale\" content=\"fr_FR\" \/>\n<meta property=\"og:type\" content=\"article\" \/>\n<meta property=\"og:title\" content=\"safetyCAP | Couvercle de s\u00e9curit\u00e9 pour poteaux de slackline - SLACKTIVITY Slackline Shop Schweiz\" \/>\n<meta property=\"og:description\" content=\"Pour minimiser le risque de blessure dans les installations de slackline, le couvercle de s\u00e9curit\u00e9 safetyCAP a \u00e9t\u00e9 sp\u00e9cialement d\u00e9velopp\u00e9 pour les poteaux de slackline.\" \/>\n<meta property=\"og:url\" content=\"https:\/\/slacktivity.ch\/fr\/shop\/safetycap-couvercle-securite-poteau-slackline\/\" \/>\n<meta property=\"og:site_name\" content=\"SLACKTIVITY Slackline Shop Schweiz\" \/>\n<meta property=\"article:modified_time\" content=\"2026-04-30T10:53:26+00:00\" \/>\n<meta property=\"og:image\" content=\"https:\/\/slacktivity.ch\/wp-content\/uploads\/2021\/02\/sicherheitsdeckel-slacklinepfosten.jpg\" \/>\n\t<meta property=\"og:image:width\" content=\"1180\" \/>\n\t<meta property=\"og:image:height\" content=\"1377\" \/>\n\t<meta property=\"og:image:type\" content=\"image\/jpeg\" \/>\n<meta name=\"twitter:card\" content=\"summary_large_image\" \/>\n<script type=\"application\/ld+json\" class=\"yoast-schema-graph\">{\"@context\":\"https:\\\/\\\/schema.org\",\"@graph\":[{\"@type\":\"WebPage\",\"@id\":\"https:\\\/\\\/slacktivity.ch\\\/fr\\\/shop\\\/safetycap-couvercle-securite-poteau-slackline\\\/\",\"url\":\"https:\\\/\\\/slacktivity.ch\\\/fr\\\/shop\\\/safetycap-couvercle-securite-poteau-slackline\\\/\",\"name\":\"safetyCAP | Couvercle de s\u00e9curit\u00e9 pour poteaux de slackline - SLACKTIVITY Slackline Shop Schweiz\",\"isPartOf\":{\"@id\":\"https:\\\/\\\/slacktivity.ch\\\/fr\\\/#website\"},\"primaryImageOfPage\":{\"@id\":\"https:\\\/\\\/slacktivity.ch\\\/fr\\\/shop\\\/safetycap-couvercle-securite-poteau-slackline\\\/#primaryimage\"},\"image\":{\"@id\":\"https:\\\/\\\/slacktivity.ch\\\/fr\\\/shop\\\/safetycap-couvercle-securite-poteau-slackline\\\/#primaryimage\"},\"thumbnailUrl\":\"https:\\\/\\\/slacktivity.ch\\\/wp-content\\\/uploads\\\/2021\\\/02\\\/sicherheitsdeckel-slacklinepfosten.jpg\",\"datePublished\":\"2021-02-22T15:54:22+00:00\",\"dateModified\":\"2026-04-30T10:53:26+00:00\",\"breadcrumb\":{\"@id\":\"https:\\\/\\\/slacktivity.ch\\\/fr\\\/shop\\\/safetycap-couvercle-securite-poteau-slackline\\\/#breadcrumb\"},\"inLanguage\":\"fr-FR\",\"potentialAction\":[{\"@type\":\"ReadAction\",\"target\":[\"https:\\\/\\\/slacktivity.ch\\\/fr\\\/shop\\\/safetycap-couvercle-securite-poteau-slackline\\\/\"]}]},{\"@type\":\"ImageObject\",\"inLanguage\":\"fr-FR\",\"@id\":\"https:\\\/\\\/slacktivity.ch\\\/fr\\\/shop\\\/safetycap-couvercle-securite-poteau-slackline\\\/#primaryimage\",\"url\":\"https:\\\/\\\/slacktivity.ch\\\/wp-content\\\/uploads\\\/2021\\\/02\\\/sicherheitsdeckel-slacklinepfosten.jpg\",\"contentUrl\":\"https:\\\/\\\/slacktivity.ch\\\/wp-content\\\/uploads\\\/2021\\\/02\\\/sicherheitsdeckel-slacklinepfosten.jpg\",\"width\":1180,\"height\":1377,\"caption\":\"sicherheitsdeckel slacklinepfosten\"},{\"@type\":\"BreadcrumbList\",\"@id\":\"https:\\\/\\\/slacktivity.ch\\\/fr\\\/shop\\\/safetycap-couvercle-securite-poteau-slackline\\\/#breadcrumb\",\"itemListElement\":[{\"@type\":\"ListItem\",\"position\":1,\"name\":\"Home\",\"item\":\"https:\\\/\\\/slacktivity.ch\\\/fr\\\/\"},{\"@type\":\"ListItem\",\"position\":2,\"name\":\"Boutique\",\"item\":\"https:\\\/\\\/slacktivity.ch\\\/fr\\\/boutique\\\/\"},{\"@type\":\"ListItem\",\"position\":3,\"name\":\"safetyCAP | Couvercle de s\u00e9curit\u00e9 pour poteaux de slackline\"}]},{\"@type\":\"WebSite\",\"@id\":\"https:\\\/\\\/slacktivity.ch\\\/fr\\\/#website\",\"url\":\"https:\\\/\\\/slacktivity.ch\\\/fr\\\/\",\"name\":\"SLACKTIVITY Slackline Shop Schweiz\",\"description\":\"Ensembles de slackline de haute qualit\u00e9 avec montage facile, produits innovants Highline et accessoires de slackline acheter en ligne. Pour les enfants, les d\u00e9butants et les professionnels.\",\"publisher\":{\"@id\":\"https:\\\/\\\/slacktivity.ch\\\/fr\\\/#organization\"},\"potentialAction\":[{\"@type\":\"SearchAction\",\"target\":{\"@type\":\"EntryPoint\",\"urlTemplate\":\"https:\\\/\\\/slacktivity.ch\\\/fr\\\/?s={search_term_string}\"},\"query-input\":{\"@type\":\"PropertyValueSpecification\",\"valueRequired\":true,\"valueName\":\"search_term_string\"}}],\"inLanguage\":\"fr-FR\"},{\"@type\":\"Organization\",\"@id\":\"https:\\\/\\\/slacktivity.ch\\\/fr\\\/#organization\",\"name\":\"SLACKTIVITY Slackline Shop Schweiz\",\"url\":\"https:\\\/\\\/slacktivity.ch\\\/fr\\\/\",\"logo\":{\"@type\":\"ImageObject\",\"inLanguage\":\"fr-FR\",\"@id\":\"https:\\\/\\\/slacktivity.ch\\\/fr\\\/#\\\/schema\\\/logo\\\/image\\\/\",\"url\":\"https:\\\/\\\/slacktivity.ch\\\/wp-content\\\/uploads\\\/2021\\\/01\\\/slacktivity-slackline-online-shop-1.png\",\"contentUrl\":\"https:\\\/\\\/slacktivity.ch\\\/wp-content\\\/uploads\\\/2021\\\/01\\\/slacktivity-slackline-online-shop-1.png\",\"width\":200,\"height\":77,\"caption\":\"SLACKTIVITY Slackline Shop Schweiz\"},\"image\":{\"@id\":\"https:\\\/\\\/slacktivity.ch\\\/fr\\\/#\\\/schema\\\/logo\\\/image\\\/\"}}]}<\/script>\n<!-- \/ Yoast SEO plugin. -->","yoast_head_json":{"title":"safetyCAP | Couvercle de s\u00e9curit\u00e9 pour poteaux de slackline - SLACKTIVITY Slackline Shop Schweiz","robots":{"index":"index","follow":"follow","max-snippet":"max-snippet:-1","max-image-preview":"max-image-preview:large","max-video-preview":"max-video-preview:-1"},"canonical":"https:\/\/slacktivity.ch\/fr\/shop\/safetycap-couvercle-securite-poteau-slackline\/","og_locale":"fr_FR","og_type":"article","og_title":"safetyCAP | Couvercle de s\u00e9curit\u00e9 pour poteaux de slackline - SLACKTIVITY Slackline Shop Schweiz","og_description":"Pour minimiser le risque de blessure dans les installations de slackline, le couvercle de s\u00e9curit\u00e9 safetyCAP a \u00e9t\u00e9 sp\u00e9cialement d\u00e9velopp\u00e9 pour les poteaux de slackline.","og_url":"https:\/\/slacktivity.ch\/fr\/shop\/safetycap-couvercle-securite-poteau-slackline\/","og_site_name":"SLACKTIVITY Slackline Shop Schweiz","article_modified_time":"2026-04-30T10:53:26+00:00","og_image":[{"width":1180,"height":1377,"url":"https:\/\/slacktivity.ch\/wp-content\/uploads\/2021\/02\/sicherheitsdeckel-slacklinepfosten.jpg","type":"image\/jpeg"}],"twitter_card":"summary_large_image","schema":{"@context":"https:\/\/schema.org","@graph":[{"@type":"WebPage","@id":"https:\/\/slacktivity.ch\/fr\/shop\/safetycap-couvercle-securite-poteau-slackline\/","url":"https:\/\/slacktivity.ch\/fr\/shop\/safetycap-couvercle-securite-poteau-slackline\/","name":"safetyCAP | Couvercle de s\u00e9curit\u00e9 pour poteaux de slackline - SLACKTIVITY Slackline Shop Schweiz","isPartOf":{"@id":"https:\/\/slacktivity.ch\/fr\/#website"},"primaryImageOfPage":{"@id":"https:\/\/slacktivity.ch\/fr\/shop\/safetycap-couvercle-securite-poteau-slackline\/#primaryimage"},"image":{"@id":"https:\/\/slacktivity.ch\/fr\/shop\/safetycap-couvercle-securite-poteau-slackline\/#primaryimage"},"thumbnailUrl":"https:\/\/slacktivity.ch\/wp-content\/uploads\/2021\/02\/sicherheitsdeckel-slacklinepfosten.jpg","datePublished":"2021-02-22T15:54:22+00:00","dateModified":"2026-04-30T10:53:26+00:00","breadcrumb":{"@id":"https:\/\/slacktivity.ch\/fr\/shop\/safetycap-couvercle-securite-poteau-slackline\/#breadcrumb"},"inLanguage":"fr-FR","potentialAction":[{"@type":"ReadAction","target":["https:\/\/slacktivity.ch\/fr\/shop\/safetycap-couvercle-securite-poteau-slackline\/"]}]},{"@type":"ImageObject","inLanguage":"fr-FR","@id":"https:\/\/slacktivity.ch\/fr\/shop\/safetycap-couvercle-securite-poteau-slackline\/#primaryimage","url":"https:\/\/slacktivity.ch\/wp-content\/uploads\/2021\/02\/sicherheitsdeckel-slacklinepfosten.jpg","contentUrl":"https:\/\/slacktivity.ch\/wp-content\/uploads\/2021\/02\/sicherheitsdeckel-slacklinepfosten.jpg","width":1180,"height":1377,"caption":"sicherheitsdeckel slacklinepfosten"},{"@type":"BreadcrumbList","@id":"https:\/\/slacktivity.ch\/fr\/shop\/safetycap-couvercle-securite-poteau-slackline\/#breadcrumb","itemListElement":[{"@type":"ListItem","position":1,"name":"Home","item":"https:\/\/slacktivity.ch\/fr\/"},{"@type":"ListItem","position":2,"name":"Boutique","item":"https:\/\/slacktivity.ch\/fr\/boutique\/"},{"@type":"ListItem","position":3,"name":"safetyCAP | Couvercle de s\u00e9curit\u00e9 pour poteaux de slackline"}]},{"@type":"WebSite","@id":"https:\/\/slacktivity.ch\/fr\/#website","url":"https:\/\/slacktivity.ch\/fr\/","name":"SLACKTIVITY Slackline Shop Schweiz","description":"Ensembles de slackline de haute qualit\u00e9 avec montage facile, produits innovants Highline et accessoires de slackline acheter en ligne. Pour les enfants, les d\u00e9butants et les professionnels.","publisher":{"@id":"https:\/\/slacktivity.ch\/fr\/#organization"},"potentialAction":[{"@type":"SearchAction","target":{"@type":"EntryPoint","urlTemplate":"https:\/\/slacktivity.ch\/fr\/?s={search_term_string}"},"query-input":{"@type":"PropertyValueSpecification","valueRequired":true,"valueName":"search_term_string"}}],"inLanguage":"fr-FR"},{"@type":"Organization","@id":"https:\/\/slacktivity.ch\/fr\/#organization","name":"SLACKTIVITY Slackline Shop Schweiz","url":"https:\/\/slacktivity.ch\/fr\/","logo":{"@type":"ImageObject","inLanguage":"fr-FR","@id":"https:\/\/slacktivity.ch\/fr\/#\/schema\/logo\/image\/","url":"https:\/\/slacktivity.ch\/wp-content\/uploads\/2021\/01\/slacktivity-slackline-online-shop-1.png","contentUrl":"https:\/\/slacktivity.ch\/wp-content\/uploads\/2021\/01\/slacktivity-slackline-online-shop-1.png","width":200,"height":77,"caption":"SLACKTIVITY Slackline Shop Schweiz"},"image":{"@id":"https:\/\/slacktivity.ch\/fr\/#\/schema\/logo\/image\/"}}]}},"_links":{"self":[{"href":"https:\/\/slacktivity.ch\/fr\/wp-json\/wp\/v2\/product\/13447","targetHints":{"allow":["GET"]}}],"collection":[{"href":"https:\/\/slacktivity.ch\/fr\/wp-json\/wp\/v2\/product"}],"about":[{"href":"https:\/\/slacktivity.ch\/fr\/wp-json\/wp\/v2\/types\/product"}],"replies":[{"embeddable":true,"href":"https:\/\/slacktivity.ch\/fr\/wp-json\/wp\/v2\/comments?post=13447"}],"wp:featuredmedia":[{"embeddable":true,"href":"https:\/\/slacktivity.ch\/fr\/wp-json\/wp\/v2\/media\/6920"}],"wp:attachment":[{"href":"https:\/\/slacktivity.ch\/fr\/wp-json\/wp\/v2\/media?parent=13447"}],"wp:term":[{"taxonomy":"product_cat","embeddable":true,"href":"https:\/\/slacktivity.ch\/fr\/wp-json\/wp\/v2\/product_cat?post=13447"},{"taxonomy":"product_tag","embeddable":true,"href":"https:\/\/slacktivity.ch\/fr\/wp-json\/wp\/v2\/product_tag?post=13447"}],"curies":[{"name":"wp","href":"https:\/\/api.w.org\/{rel}","templated":true}]}}