{"id":13460,"date":"2021-02-22T15:54:21","date_gmt":"2021-02-22T15:54:21","guid":{"rendered":"https:\/\/slacktivity.ch\/?post_type=product&#038;p=13460"},"modified":"2026-04-30T22:16:55","modified_gmt":"2026-04-30T20:16:55","slug":"park-3m-installation-slackline","status":"publish","type":"product","link":"https:\/\/slacktivity.ch\/fr\/shop\/park-3m-installation-slackline\/","title":{"rendered":"PARK-3m | Installation de slackline"},"content":{"rendered":"<h2>PARK-3m | Installation de slackline<\/h2>\n<h3>Id\u00e9al pour les installations publiques &#8211; \u00e9galement adapt\u00e9 aux longlines<\/h3>\n<p>L&rsquo;<strong>installation de slackline PARK-3m<\/strong> est la solution pour les parcs publics o\u00f9 il n&rsquo;y a pas d&rsquo;arbres disponibles ou o\u00f9 ils ne peuvent pas \u00eatre utilis\u00e9s, par exemple parce qu&rsquo;ils sont encore trop petits. Gr\u00e2ce \u00e0 six plaques \u00e0 anneau et trou \u00e0 diff\u00e9rentes hauteurs, toutes les slacklines du commerce peuvent \u00eatre fix\u00e9es en quelques secondes avec un mousqueton ou un manillon dans toutes les directions sur le poteau.<\/p>\n<p>Ce mod\u00e8le de poteau a \u00e9t\u00e9 d\u00e9velopp\u00e9 avec pour objectif de r\u00e9pondre \u00e0 toutes les exigences de slackline, des trick-lines aux long-lines en passant par les jumplines et m\u00eame les rodeo-lines. Il constitue donc un remplacement complet d&rsquo;un arbre de parc.<\/p>\n<p>Ce mod\u00e8le de poteau PARK-3m convient aux <strong>niveaux de slackline<\/strong> suivants :<\/p>\n<ul>\n<li>pour les d\u00e9butants<\/li>\n<li>pour les slacklineurs avanc\u00e9s (Trick-Line, Jump-Line, Rodeo-Line)<\/li>\n<li>pour les Longlines jusqu&rsquo;\u00e0 100m et plus<\/li>\n<li>pour une utilisation dans les installations publiques<\/li>\n<\/ul>\n<h3>Sp\u00e9cifications PARK-3m<\/h3>\n<ul>\n<li>Hauteur du poteau : 3m au-dessus du sol<\/li>\n<li>6 plaques \u00e0 anneau et trou pour la fixation de slacklines, filets, etc.<\/li>\n<li>Charge maximale : 10kN (= 1000kg)<\/li>\n<li>Conforme \u00e0 la norme aire de jeux (EN 1176) et \u00e0 la norme slackline (DIN 79400)<\/li>\n<li>Fabriqu\u00e9 en acier galvanis\u00e9 \u00e0 chaud \u2013 r\u00e9sistant aux intemp\u00e9ries pendant des d\u00e9cennies<\/li>\n<li>Garantie fabricant : 10 ans sur la construction m\u00e9tallique<\/li>\n<\/ul>\n<h3>Adaptations et conseils<\/h3>\n<p>Pour des demandes individuelles, des conseils pour la mise en place d&rsquo;un parc de slackline ou pour la commande de plusieurs poteaux, veuillez utiliser notre <a href=\"https:\/\/slacktivity.ch\/fr\/contact\/\">formulaire de contact<\/a>.<\/p>\n","protected":false},"excerpt":{"rendered":"<p>Cette installation de slackline PARK-3m remplace, pour toutes les exigences de slackline, un arbre de parc. Gr\u00e2ce aux six plaques \u00e0 anneau et trou, toutes les slacklines du commerce peuvent \u00eatre fix\u00e9es en toutes directions en quelques secondes.<\/p>\n","protected":false},"featured_media":10482,"comment_status":"open","ping_status":"closed","template":"","meta":{"_acf_changed":false,"_joinchat":[]},"product_cat":[915,542,631,678],"product_tag":[],"class_list":{"0":"post-13460","1":"product","2":"type-product","3":"status-publish","4":"has-post-thumbnail","6":"product_cat-aire-de-jeu-intergenerationnel","7":"product_cat-conception-de-la-zone-de-pause","8":"product_cat-fixation-slackline","9":"product_cat-slackline-poteau","11":"first","12":"instock","13":"taxable","14":"shipping-taxable","15":"purchasable","16":"product-type-simple"},"acf":[],"yoast_head":"<!-- This site is optimized with the Yoast SEO plugin v27.4 - https:\/\/yoast.com\/product\/yoast-seo-wordpress\/ -->\n<title>PARK-3m | Installation de slackline - SLACKTIVITY Slackline Shop Schweiz<\/title>\n<meta name=\"robots\" content=\"index, follow, max-snippet:-1, max-image-preview:large, max-video-preview:-1\" \/>\n<link rel=\"canonical\" href=\"https:\/\/slacktivity.ch\/fr\/shop\/park-3m-installation-slackline\/\" \/>\n<meta property=\"og:locale\" content=\"fr_FR\" \/>\n<meta property=\"og:type\" content=\"article\" \/>\n<meta property=\"og:title\" content=\"PARK-3m | Installation de slackline - SLACKTIVITY Slackline Shop Schweiz\" \/>\n<meta property=\"og:description\" content=\"Cette installation de slackline PARK-3m remplace, pour toutes les exigences de slackline, un arbre de parc. Gr\u00e2ce aux six plaques \u00e0 anneau et trou, toutes les slacklines du commerce peuvent \u00eatre fix\u00e9es en toutes directions en quelques secondes.\" \/>\n<meta property=\"og:url\" content=\"https:\/\/slacktivity.ch\/fr\/shop\/park-3m-installation-slackline\/\" \/>\n<meta property=\"og:site_name\" content=\"SLACKTIVITY Slackline Shop Schweiz\" \/>\n<meta property=\"article:modified_time\" content=\"2026-04-30T20:16:55+00:00\" \/>\n<meta property=\"og:image\" content=\"https:\/\/slacktivity.ch\/wp-content\/uploads\/2021\/02\/slackline-installation.jpg\" \/>\n\t<meta property=\"og:image:width\" content=\"1180\" \/>\n\t<meta property=\"og:image:height\" content=\"1377\" \/>\n\t<meta property=\"og:image:type\" content=\"image\/jpeg\" \/>\n<meta name=\"twitter:card\" content=\"summary_large_image\" \/>\n<script type=\"application\/ld+json\" class=\"yoast-schema-graph\">{\"@context\":\"https:\\\/\\\/schema.org\",\"@graph\":[{\"@type\":\"WebPage\",\"@id\":\"https:\\\/\\\/slacktivity.ch\\\/fr\\\/shop\\\/park-3m-installation-slackline\\\/\",\"url\":\"https:\\\/\\\/slacktivity.ch\\\/fr\\\/shop\\\/park-3m-installation-slackline\\\/\",\"name\":\"PARK-3m | Installation de slackline - SLACKTIVITY Slackline Shop Schweiz\",\"isPartOf\":{\"@id\":\"https:\\\/\\\/slacktivity.ch\\\/fr\\\/#website\"},\"primaryImageOfPage\":{\"@id\":\"https:\\\/\\\/slacktivity.ch\\\/fr\\\/shop\\\/park-3m-installation-slackline\\\/#primaryimage\"},\"image\":{\"@id\":\"https:\\\/\\\/slacktivity.ch\\\/fr\\\/shop\\\/park-3m-installation-slackline\\\/#primaryimage\"},\"thumbnailUrl\":\"https:\\\/\\\/slacktivity.ch\\\/wp-content\\\/uploads\\\/2021\\\/02\\\/slackline-installation.jpg\",\"datePublished\":\"2021-02-22T15:54:21+00:00\",\"dateModified\":\"2026-04-30T20:16:55+00:00\",\"breadcrumb\":{\"@id\":\"https:\\\/\\\/slacktivity.ch\\\/fr\\\/shop\\\/park-3m-installation-slackline\\\/#breadcrumb\"},\"inLanguage\":\"fr-FR\",\"potentialAction\":[{\"@type\":\"ReadAction\",\"target\":[\"https:\\\/\\\/slacktivity.ch\\\/fr\\\/shop\\\/park-3m-installation-slackline\\\/\"]}]},{\"@type\":\"ImageObject\",\"inLanguage\":\"fr-FR\",\"@id\":\"https:\\\/\\\/slacktivity.ch\\\/fr\\\/shop\\\/park-3m-installation-slackline\\\/#primaryimage\",\"url\":\"https:\\\/\\\/slacktivity.ch\\\/wp-content\\\/uploads\\\/2021\\\/02\\\/slackline-installation.jpg\",\"contentUrl\":\"https:\\\/\\\/slacktivity.ch\\\/wp-content\\\/uploads\\\/2021\\\/02\\\/slackline-installation.jpg\",\"width\":1180,\"height\":1377,\"caption\":\"slackline installation\"},{\"@type\":\"BreadcrumbList\",\"@id\":\"https:\\\/\\\/slacktivity.ch\\\/fr\\\/shop\\\/park-3m-installation-slackline\\\/#breadcrumb\",\"itemListElement\":[{\"@type\":\"ListItem\",\"position\":1,\"name\":\"Home\",\"item\":\"https:\\\/\\\/slacktivity.ch\\\/fr\\\/\"},{\"@type\":\"ListItem\",\"position\":2,\"name\":\"Boutique\",\"item\":\"https:\\\/\\\/slacktivity.ch\\\/fr\\\/boutique\\\/\"},{\"@type\":\"ListItem\",\"position\":3,\"name\":\"PARK-3m | Installation de slackline\"}]},{\"@type\":\"WebSite\",\"@id\":\"https:\\\/\\\/slacktivity.ch\\\/fr\\\/#website\",\"url\":\"https:\\\/\\\/slacktivity.ch\\\/fr\\\/\",\"name\":\"SLACKTIVITY Slackline Shop Schweiz\",\"description\":\"Ensembles de slackline de haute qualit\u00e9 avec montage facile, produits innovants Highline et accessoires de slackline acheter en ligne. Pour les enfants, les d\u00e9butants et les professionnels.\",\"publisher\":{\"@id\":\"https:\\\/\\\/slacktivity.ch\\\/fr\\\/#organization\"},\"potentialAction\":[{\"@type\":\"SearchAction\",\"target\":{\"@type\":\"EntryPoint\",\"urlTemplate\":\"https:\\\/\\\/slacktivity.ch\\\/fr\\\/?s={search_term_string}\"},\"query-input\":{\"@type\":\"PropertyValueSpecification\",\"valueRequired\":true,\"valueName\":\"search_term_string\"}}],\"inLanguage\":\"fr-FR\"},{\"@type\":\"Organization\",\"@id\":\"https:\\\/\\\/slacktivity.ch\\\/fr\\\/#organization\",\"name\":\"SLACKTIVITY Slackline Shop Schweiz\",\"url\":\"https:\\\/\\\/slacktivity.ch\\\/fr\\\/\",\"logo\":{\"@type\":\"ImageObject\",\"inLanguage\":\"fr-FR\",\"@id\":\"https:\\\/\\\/slacktivity.ch\\\/fr\\\/#\\\/schema\\\/logo\\\/image\\\/\",\"url\":\"https:\\\/\\\/slacktivity.ch\\\/wp-content\\\/uploads\\\/2021\\\/01\\\/slacktivity-slackline-online-shop-1.png\",\"contentUrl\":\"https:\\\/\\\/slacktivity.ch\\\/wp-content\\\/uploads\\\/2021\\\/01\\\/slacktivity-slackline-online-shop-1.png\",\"width\":200,\"height\":77,\"caption\":\"SLACKTIVITY Slackline Shop Schweiz\"},\"image\":{\"@id\":\"https:\\\/\\\/slacktivity.ch\\\/fr\\\/#\\\/schema\\\/logo\\\/image\\\/\"}}]}<\/script>\n<!-- \/ Yoast SEO plugin. -->","yoast_head_json":{"title":"PARK-3m | Installation de slackline - SLACKTIVITY Slackline Shop Schweiz","robots":{"index":"index","follow":"follow","max-snippet":"max-snippet:-1","max-image-preview":"max-image-preview:large","max-video-preview":"max-video-preview:-1"},"canonical":"https:\/\/slacktivity.ch\/fr\/shop\/park-3m-installation-slackline\/","og_locale":"fr_FR","og_type":"article","og_title":"PARK-3m | Installation de slackline - SLACKTIVITY Slackline Shop Schweiz","og_description":"Cette installation de slackline PARK-3m remplace, pour toutes les exigences de slackline, un arbre de parc. Gr\u00e2ce aux six plaques \u00e0 anneau et trou, toutes les slacklines du commerce peuvent \u00eatre fix\u00e9es en toutes directions en quelques secondes.","og_url":"https:\/\/slacktivity.ch\/fr\/shop\/park-3m-installation-slackline\/","og_site_name":"SLACKTIVITY Slackline Shop Schweiz","article_modified_time":"2026-04-30T20:16:55+00:00","og_image":[{"width":1180,"height":1377,"url":"https:\/\/slacktivity.ch\/wp-content\/uploads\/2021\/02\/slackline-installation.jpg","type":"image\/jpeg"}],"twitter_card":"summary_large_image","schema":{"@context":"https:\/\/schema.org","@graph":[{"@type":"WebPage","@id":"https:\/\/slacktivity.ch\/fr\/shop\/park-3m-installation-slackline\/","url":"https:\/\/slacktivity.ch\/fr\/shop\/park-3m-installation-slackline\/","name":"PARK-3m | Installation de slackline - SLACKTIVITY Slackline Shop Schweiz","isPartOf":{"@id":"https:\/\/slacktivity.ch\/fr\/#website"},"primaryImageOfPage":{"@id":"https:\/\/slacktivity.ch\/fr\/shop\/park-3m-installation-slackline\/#primaryimage"},"image":{"@id":"https:\/\/slacktivity.ch\/fr\/shop\/park-3m-installation-slackline\/#primaryimage"},"thumbnailUrl":"https:\/\/slacktivity.ch\/wp-content\/uploads\/2021\/02\/slackline-installation.jpg","datePublished":"2021-02-22T15:54:21+00:00","dateModified":"2026-04-30T20:16:55+00:00","breadcrumb":{"@id":"https:\/\/slacktivity.ch\/fr\/shop\/park-3m-installation-slackline\/#breadcrumb"},"inLanguage":"fr-FR","potentialAction":[{"@type":"ReadAction","target":["https:\/\/slacktivity.ch\/fr\/shop\/park-3m-installation-slackline\/"]}]},{"@type":"ImageObject","inLanguage":"fr-FR","@id":"https:\/\/slacktivity.ch\/fr\/shop\/park-3m-installation-slackline\/#primaryimage","url":"https:\/\/slacktivity.ch\/wp-content\/uploads\/2021\/02\/slackline-installation.jpg","contentUrl":"https:\/\/slacktivity.ch\/wp-content\/uploads\/2021\/02\/slackline-installation.jpg","width":1180,"height":1377,"caption":"slackline installation"},{"@type":"BreadcrumbList","@id":"https:\/\/slacktivity.ch\/fr\/shop\/park-3m-installation-slackline\/#breadcrumb","itemListElement":[{"@type":"ListItem","position":1,"name":"Home","item":"https:\/\/slacktivity.ch\/fr\/"},{"@type":"ListItem","position":2,"name":"Boutique","item":"https:\/\/slacktivity.ch\/fr\/boutique\/"},{"@type":"ListItem","position":3,"name":"PARK-3m | Installation de slackline"}]},{"@type":"WebSite","@id":"https:\/\/slacktivity.ch\/fr\/#website","url":"https:\/\/slacktivity.ch\/fr\/","name":"SLACKTIVITY Slackline Shop Schweiz","description":"Ensembles de slackline de haute qualit\u00e9 avec montage facile, produits innovants Highline et accessoires de slackline acheter en ligne. Pour les enfants, les d\u00e9butants et les professionnels.","publisher":{"@id":"https:\/\/slacktivity.ch\/fr\/#organization"},"potentialAction":[{"@type":"SearchAction","target":{"@type":"EntryPoint","urlTemplate":"https:\/\/slacktivity.ch\/fr\/?s={search_term_string}"},"query-input":{"@type":"PropertyValueSpecification","valueRequired":true,"valueName":"search_term_string"}}],"inLanguage":"fr-FR"},{"@type":"Organization","@id":"https:\/\/slacktivity.ch\/fr\/#organization","name":"SLACKTIVITY Slackline Shop Schweiz","url":"https:\/\/slacktivity.ch\/fr\/","logo":{"@type":"ImageObject","inLanguage":"fr-FR","@id":"https:\/\/slacktivity.ch\/fr\/#\/schema\/logo\/image\/","url":"https:\/\/slacktivity.ch\/wp-content\/uploads\/2021\/01\/slacktivity-slackline-online-shop-1.png","contentUrl":"https:\/\/slacktivity.ch\/wp-content\/uploads\/2021\/01\/slacktivity-slackline-online-shop-1.png","width":200,"height":77,"caption":"SLACKTIVITY Slackline Shop Schweiz"},"image":{"@id":"https:\/\/slacktivity.ch\/fr\/#\/schema\/logo\/image\/"}}]}},"_links":{"self":[{"href":"https:\/\/slacktivity.ch\/fr\/wp-json\/wp\/v2\/product\/13460","targetHints":{"allow":["GET"]}}],"collection":[{"href":"https:\/\/slacktivity.ch\/fr\/wp-json\/wp\/v2\/product"}],"about":[{"href":"https:\/\/slacktivity.ch\/fr\/wp-json\/wp\/v2\/types\/product"}],"replies":[{"embeddable":true,"href":"https:\/\/slacktivity.ch\/fr\/wp-json\/wp\/v2\/comments?post=13460"}],"wp:featuredmedia":[{"embeddable":true,"href":"https:\/\/slacktivity.ch\/fr\/wp-json\/wp\/v2\/media\/10482"}],"wp:attachment":[{"href":"https:\/\/slacktivity.ch\/fr\/wp-json\/wp\/v2\/media?parent=13460"}],"wp:term":[{"taxonomy":"product_cat","embeddable":true,"href":"https:\/\/slacktivity.ch\/fr\/wp-json\/wp\/v2\/product_cat?post=13460"},{"taxonomy":"product_tag","embeddable":true,"href":"https:\/\/slacktivity.ch\/fr\/wp-json\/wp\/v2\/product_tag?post=13460"}],"curies":[{"name":"wp","href":"https:\/\/api.w.org\/{rel}","templated":true}]}}