{"id":13462,"date":"2021-02-22T15:54:20","date_gmt":"2021-02-22T15:54:20","guid":{"rendered":"https:\/\/slacktivity.ch\/?post_type=product&#038;p=13462"},"modified":"2026-04-30T22:21:44","modified_gmt":"2026-04-30T20:21:44","slug":"multigame-poteau-de-slackline","status":"publish","type":"product","link":"https:\/\/slacktivity.ch\/fr\/shop\/multigame-poteau-de-slackline\/","title":{"rendered":"multiGAME | Poteau de slackline"},"content":{"rendered":"<h2>multiGAME | Poteau de slackline pour le jardin<\/h2>\n<h3>Parfait pour la slackline, le volleyball et le badminton<\/h3>\n<p>Avec le <strong>poteau de slackline multiGAME<\/strong>, transformez votre jardin en terrain de sport. Vous pouvez non seulement tendre une slackline \u00e0 trois hauteurs diff\u00e9rentes (jusqu&rsquo;\u00e0 60 cm maximum) ou suspendre une Rodeo-Line (slackline non tendue) \u00e0 1,6 et 2,4 m, mais aussi installer un filet de volleyball (hauteur mixte : 235 cm) ou de badminton (hauteur : 155 cm). Pour vous d\u00e9tendre, vous pouvez \u00e9galement y accrocher un hamac ou un voile d&rsquo;ombrage. Il est aussi possible d&rsquo;attacher plusieurs slacklines sur le m\u00eame poteau. Les poteaux conviennent aussi bien aux d\u00e9butants qu&rsquo;aux slackliners avanc\u00e9s. La longueur de tension recommand\u00e9e pour les slacklines avec ce mod\u00e8le est de 4 \u00e0 12 m (15 m maximum). Pour des distances plus longues ou si la slackline est \u00e9galement utilis\u00e9e pour des sauts, nous recommandons le poteau extra-STARK, <a href=\"https:\/\/slacktivity.ch\/fr\/shop\/park-warrior-poteau-slackline\/\">PARK-WARRIOR<\/a> ou PARK-3m, car celui-ci est plus haut et renforc\u00e9.<\/p>\n<p>La slackline peut \u00eatre attach\u00e9e au poteau en quelques secondes gr\u00e2ce au V-Loop, sans \u00e9lingue d&rsquo;arbre et sans vrille. La cliquet se trouve tr\u00e8s pr\u00e8s du poteau, ce qui \u00e9vite qu&rsquo;elle oscille dans le syst\u00e8me.<\/p>\n<p>Le set comprend un manchon de sol qui est scell\u00e9 dans le b\u00e9ton. Ce syst\u00e8me permet de retirer les poteaux du manchon \u00e0 tout moment, par exemple pour tondre la pelouse ou utiliser la prairie pour d&rsquo;autres activit\u00e9s. \u00c0 cet effet, un couvercle en aluminium anodis\u00e9 de haute qualit\u00e9 est inclus dans le set pour couvrir le manchon.<\/p>\n<p>Les poteaux de slackline sont fabriqu\u00e9s en acier galvanis\u00e9 \u00e0 chaud, ce qui les rend r\u00e9sistants aux intemp\u00e9ries pendant de nombreuses ann\u00e9es. Le <strong>cliquet de slackline INOX<\/strong> est d\u00e9sormais enti\u00e8rement fabriqu\u00e9 en acier inoxydable, offrant une protection optimale contre la rouille et les intemp\u00e9ries. SLACKTIVITY est le seul fournisseur mondial d&rsquo;un cliquet de slackline inoxydable en acier chrom\u00e9.<\/p>\n<p>M\u00eame si une chute sur ces poteaux est peu probable, ils sont \u00e9quip\u00e9s d&rsquo;un capuchon de s\u00e9curit\u00e9. Ceci surtout pour \u00e9viter que l&rsquo;eau s&rsquo;accumule \u00e0 l&rsquo;int\u00e9rieur du poteau.<\/p>\n<p>Le mod\u00e8le de poteau multiGAME convient aux niveaux de slackline suivants :<\/p>\n<ul>\n<li>D\u00e9butant 1 | avec Rookie-Rope pour enfants de moins de 5 ans et personnes \u00e2g\u00e9es (&gt;70 ans)<\/li>\n<li>D\u00e9butant 2<\/li>\n<li>Avanc\u00e9<\/li>\n<li>Pros | Les Rodeo-Lines pour surfer peuvent \u00eatre install\u00e9es<\/li>\n<\/ul>\n<h3>Caract\u00e9ristiques du poteau de slackline multiGAME<\/h3>\n<ul>\n<li>convient \u00e0 tous les niveaux de slackline<\/li>\n<li>utilisation interm\u00e9diaire ou entretien de la surface gazonn\u00e9e possible gr\u00e2ce aux poteaux amovibles<\/li>\n<li>utilisable pour : fixation de filets de jeu, hamac, petit voile d&rsquo;ombrage<\/li>\n<li>slacklines pouvant rester tendues en permanence<\/li>\n<\/ul>\n<h3>Slacklines tendues en permanence<\/h3>\n<p>Sur les cours de r\u00e9cr\u00e9ation ou dans son propre jardin, les slacklines restent souvent tendues en permanence. C&rsquo;est tout \u00e0 fait logique car les slacklines sont ainsi plus utilis\u00e9es. Cependant, les intemp\u00e9ries et l&rsquo;exposition aux UV font vieillir les slacklines plus rapidement. C&rsquo;est pourquoi, au plus tard apr\u00e8s 2 ans d&rsquo;exposition, la slackline et le V-Loop du cliquet doivent \u00eatre remplac\u00e9s. Les pi\u00e8ces de rechange sont disponibles chez SLACKTIVITY. Le cliquet doit \u00eatre huil\u00e9 environ tous les deux mois pour garantir un fonctionnement optimal.<\/p>\n<h3>Recommandations concernant l&rsquo;espace de chute<\/h3>\n<p>D&rsquo;apr\u00e8s notre exp\u00e9rience, la meilleure surface de saut est une pelouse plate, des dalles de protection contre les chutes, des copeaux de bois (adapt\u00e9s \u00e0 la marche pieds nus apr\u00e8s un certain vieillissement) ou un lit de gravier rond. Lors de l&rsquo;utilisation des poteaux sur des aires de jeux et des \u00e9tablissements publics, l&rsquo;espace de chute doit \u00eatre de 1,50 m\u00e8tre de large (des deux c\u00f4t\u00e9s de la slackline) et le sol dans l&rsquo;espace de chute doit \u00eatre en gazon (DIN EN 12572-2).<\/p>\n<h3>Contenu de la livraison du poteau de slackline multiGAME<\/h3>\n<ul>\n<li>Poteau de slackline multiGAME avec safety-CAP (hauteur depuis le sol : 2,4 m)<\/li>\n<li>Manchon de sol avec couvercle de haute qualit\u00e9 en aluminium anodis\u00e9<\/li>\n<li>Acier de renforcement (120 x 2,6 cm, 5 kg) (en option)<\/li>\n<li>Filet de volleyball (9,5&#215;1 m, distance recommand\u00e9e entre poteaux : 11,6 m) ou filet de badminton (602&#215;76 cm, distance recommand\u00e9e entre poteaux : 6,5 m) avec dispositif de tension<\/li>\n<li>INOX Cliquet de slackline en acier inoxydable<\/li>\n<li>Bande de slackline (avec \u00e9lingue de boucle) \/ \u00e0 partir de 2 poteaux Allround-light (cliquet INOX &amp; bande)<\/li>\n<\/ul>\n<h3>Accessoire Rookie-Rope pour poteau de slackline<\/h3>\n<p>Pour les d\u00e9butants, la slackline peut \u00eatre un d\u00e9fi au d\u00e9but. Surtout pour les enfants, les personnes \u00e2g\u00e9es ou les personnes ayant des limitations physiques, cet obstacle peut \u00eatre trop important. C&rsquo;est pourquoi nous avons d\u00e9velopp\u00e9 la Rookie-Rope en collaboration avec des sp\u00e9cialistes en psychomotricit\u00e9. Une deuxi\u00e8me slackline est tendue en hauteur (utiliser l&rsquo;une des \u0153illets de filet de jeu du poteau multiGAME). Dans la slackline sup\u00e9rieure est accroch\u00e9 un HangOver (mousqueton avec roulement \u00e0 billes) avec un bout de corde. Il est maintenant possible de s&rsquo;\u00e9quilibrer en toute s\u00e9curit\u00e9 sur la slackline en tenant la corde mobile. Le mouvement naturel d&rsquo;\u00e9quilibre est ainsi pr\u00e9serv\u00e9, ce qui n&rsquo;est pas le cas avec des aides comme des b\u00e2tons ou d&rsquo;autres personnes d&rsquo;assistance.<\/p>\n<h4>Contenu de la livraison Rookie-Rope :<\/h4>\n<ul>\n<li>1 x slackline redTube 15 m avec boucle d&rsquo;extr\u00e9mit\u00e9 cousue<\/li>\n<li>1 x mousqueton de slackline<\/li>\n<li>1 x HangOver Stainless<\/li>\n<li>1 x PowerRatsche avec Spacer et V-Loop<\/li>\n<li>1 x bout de corde<\/li>\n<\/ul>\n","protected":false},"excerpt":{"rendered":"<p>Transformez votre jardin en terrain de sport. Il vous suffit de deux poteaux de slackline multiGAME. Avec ces poteaux, vous pouvez installer une slackline, un filet de volleyball (hauteur mixte) ou de badminton dans votre jardin (un hamac est \u00e9galement possible).<\/p>\n","protected":false},"featured_media":10467,"comment_status":"open","ping_status":"closed","template":"","meta":{"_acf_changed":false,"_joinchat":[]},"product_cat":[915,542,631,678],"product_tag":[],"class_list":{"0":"post-13462","1":"product","2":"type-product","3":"status-publish","4":"has-post-thumbnail","6":"product_cat-aire-de-jeu-intergenerationnel","7":"product_cat-conception-de-la-zone-de-pause","8":"product_cat-fixation-slackline","9":"product_cat-slackline-poteau","11":"first","12":"outofstock","13":"featured","14":"taxable","15":"shipping-taxable","16":"purchasable","17":"product-type-variable","18":"has-default-attributes"},"acf":[],"yoast_head":"<!-- This site is optimized with the Yoast SEO plugin v27.4 - https:\/\/yoast.com\/product\/yoast-seo-wordpress\/ -->\n<title>multiGAME | Poteau de slackline - SLACKTIVITY Slackline Shop Schweiz<\/title>\n<meta name=\"robots\" content=\"index, follow, max-snippet:-1, max-image-preview:large, max-video-preview:-1\" \/>\n<link rel=\"canonical\" href=\"https:\/\/slacktivity.ch\/fr\/shop\/multigame-poteau-de-slackline\/\" \/>\n<meta property=\"og:locale\" content=\"fr_FR\" \/>\n<meta property=\"og:type\" content=\"article\" \/>\n<meta property=\"og:title\" content=\"multiGAME | Poteau de slackline - SLACKTIVITY Slackline Shop Schweiz\" \/>\n<meta property=\"og:description\" content=\"Transformez votre jardin en terrain de sport. Il vous suffit de deux poteaux de slackline multiGAME. Avec ces poteaux, vous pouvez installer une slackline, un filet de volleyball (hauteur mixte) ou de badminton dans votre jardin (un hamac est \u00e9galement possible).\" \/>\n<meta property=\"og:url\" content=\"https:\/\/slacktivity.ch\/fr\/shop\/multigame-poteau-de-slackline\/\" \/>\n<meta property=\"og:site_name\" content=\"SLACKTIVITY Slackline Shop Schweiz\" \/>\n<meta property=\"article:modified_time\" content=\"2026-04-30T20:21:44+00:00\" \/>\n<meta property=\"og:image\" content=\"https:\/\/slacktivity.ch\/wp-content\/uploads\/2021\/02\/multigame-slackline-pfosten.jpg\" \/>\n\t<meta property=\"og:image:width\" content=\"1180\" \/>\n\t<meta property=\"og:image:height\" content=\"1377\" \/>\n\t<meta property=\"og:image:type\" content=\"image\/jpeg\" \/>\n<meta name=\"twitter:card\" content=\"summary_large_image\" \/>\n<script type=\"application\/ld+json\" class=\"yoast-schema-graph\">{\"@context\":\"https:\\\/\\\/schema.org\",\"@graph\":[{\"@type\":\"WebPage\",\"@id\":\"https:\\\/\\\/slacktivity.ch\\\/fr\\\/shop\\\/multigame-poteau-de-slackline\\\/\",\"url\":\"https:\\\/\\\/slacktivity.ch\\\/fr\\\/shop\\\/multigame-poteau-de-slackline\\\/\",\"name\":\"multiGAME | Poteau de slackline - SLACKTIVITY Slackline Shop Schweiz\",\"isPartOf\":{\"@id\":\"https:\\\/\\\/slacktivity.ch\\\/fr\\\/#website\"},\"primaryImageOfPage\":{\"@id\":\"https:\\\/\\\/slacktivity.ch\\\/fr\\\/shop\\\/multigame-poteau-de-slackline\\\/#primaryimage\"},\"image\":{\"@id\":\"https:\\\/\\\/slacktivity.ch\\\/fr\\\/shop\\\/multigame-poteau-de-slackline\\\/#primaryimage\"},\"thumbnailUrl\":\"https:\\\/\\\/slacktivity.ch\\\/wp-content\\\/uploads\\\/2021\\\/02\\\/multigame-slackline-pfosten.jpg\",\"datePublished\":\"2021-02-22T15:54:20+00:00\",\"dateModified\":\"2026-04-30T20:21:44+00:00\",\"breadcrumb\":{\"@id\":\"https:\\\/\\\/slacktivity.ch\\\/fr\\\/shop\\\/multigame-poteau-de-slackline\\\/#breadcrumb\"},\"inLanguage\":\"fr-FR\",\"potentialAction\":[{\"@type\":\"ReadAction\",\"target\":[\"https:\\\/\\\/slacktivity.ch\\\/fr\\\/shop\\\/multigame-poteau-de-slackline\\\/\"]}]},{\"@type\":\"ImageObject\",\"inLanguage\":\"fr-FR\",\"@id\":\"https:\\\/\\\/slacktivity.ch\\\/fr\\\/shop\\\/multigame-poteau-de-slackline\\\/#primaryimage\",\"url\":\"https:\\\/\\\/slacktivity.ch\\\/wp-content\\\/uploads\\\/2021\\\/02\\\/multigame-slackline-pfosten.jpg\",\"contentUrl\":\"https:\\\/\\\/slacktivity.ch\\\/wp-content\\\/uploads\\\/2021\\\/02\\\/multigame-slackline-pfosten.jpg\",\"width\":1180,\"height\":1377,\"caption\":\"multigame slackline pfosten\"},{\"@type\":\"BreadcrumbList\",\"@id\":\"https:\\\/\\\/slacktivity.ch\\\/fr\\\/shop\\\/multigame-poteau-de-slackline\\\/#breadcrumb\",\"itemListElement\":[{\"@type\":\"ListItem\",\"position\":1,\"name\":\"Home\",\"item\":\"https:\\\/\\\/slacktivity.ch\\\/fr\\\/\"},{\"@type\":\"ListItem\",\"position\":2,\"name\":\"Boutique\",\"item\":\"https:\\\/\\\/slacktivity.ch\\\/fr\\\/boutique\\\/\"},{\"@type\":\"ListItem\",\"position\":3,\"name\":\"multiGAME | Poteau de slackline\"}]},{\"@type\":\"WebSite\",\"@id\":\"https:\\\/\\\/slacktivity.ch\\\/fr\\\/#website\",\"url\":\"https:\\\/\\\/slacktivity.ch\\\/fr\\\/\",\"name\":\"SLACKTIVITY Slackline Shop Schweiz\",\"description\":\"Ensembles de slackline de haute qualit\u00e9 avec montage facile, produits innovants Highline et accessoires de slackline acheter en ligne. Pour les enfants, les d\u00e9butants et les professionnels.\",\"publisher\":{\"@id\":\"https:\\\/\\\/slacktivity.ch\\\/fr\\\/#organization\"},\"potentialAction\":[{\"@type\":\"SearchAction\",\"target\":{\"@type\":\"EntryPoint\",\"urlTemplate\":\"https:\\\/\\\/slacktivity.ch\\\/fr\\\/?s={search_term_string}\"},\"query-input\":{\"@type\":\"PropertyValueSpecification\",\"valueRequired\":true,\"valueName\":\"search_term_string\"}}],\"inLanguage\":\"fr-FR\"},{\"@type\":\"Organization\",\"@id\":\"https:\\\/\\\/slacktivity.ch\\\/fr\\\/#organization\",\"name\":\"SLACKTIVITY Slackline Shop Schweiz\",\"url\":\"https:\\\/\\\/slacktivity.ch\\\/fr\\\/\",\"logo\":{\"@type\":\"ImageObject\",\"inLanguage\":\"fr-FR\",\"@id\":\"https:\\\/\\\/slacktivity.ch\\\/fr\\\/#\\\/schema\\\/logo\\\/image\\\/\",\"url\":\"https:\\\/\\\/slacktivity.ch\\\/wp-content\\\/uploads\\\/2021\\\/01\\\/slacktivity-slackline-online-shop-1.png\",\"contentUrl\":\"https:\\\/\\\/slacktivity.ch\\\/wp-content\\\/uploads\\\/2021\\\/01\\\/slacktivity-slackline-online-shop-1.png\",\"width\":200,\"height\":77,\"caption\":\"SLACKTIVITY Slackline Shop Schweiz\"},\"image\":{\"@id\":\"https:\\\/\\\/slacktivity.ch\\\/fr\\\/#\\\/schema\\\/logo\\\/image\\\/\"}}]}<\/script>\n<!-- \/ Yoast SEO plugin. -->","yoast_head_json":{"title":"multiGAME | Poteau de slackline - SLACKTIVITY Slackline Shop Schweiz","robots":{"index":"index","follow":"follow","max-snippet":"max-snippet:-1","max-image-preview":"max-image-preview:large","max-video-preview":"max-video-preview:-1"},"canonical":"https:\/\/slacktivity.ch\/fr\/shop\/multigame-poteau-de-slackline\/","og_locale":"fr_FR","og_type":"article","og_title":"multiGAME | Poteau de slackline - SLACKTIVITY Slackline Shop Schweiz","og_description":"Transformez votre jardin en terrain de sport. Il vous suffit de deux poteaux de slackline multiGAME. Avec ces poteaux, vous pouvez installer une slackline, un filet de volleyball (hauteur mixte) ou de badminton dans votre jardin (un hamac est \u00e9galement possible).","og_url":"https:\/\/slacktivity.ch\/fr\/shop\/multigame-poteau-de-slackline\/","og_site_name":"SLACKTIVITY Slackline Shop Schweiz","article_modified_time":"2026-04-30T20:21:44+00:00","og_image":[{"width":1180,"height":1377,"url":"https:\/\/slacktivity.ch\/wp-content\/uploads\/2021\/02\/multigame-slackline-pfosten.jpg","type":"image\/jpeg"}],"twitter_card":"summary_large_image","schema":{"@context":"https:\/\/schema.org","@graph":[{"@type":"WebPage","@id":"https:\/\/slacktivity.ch\/fr\/shop\/multigame-poteau-de-slackline\/","url":"https:\/\/slacktivity.ch\/fr\/shop\/multigame-poteau-de-slackline\/","name":"multiGAME | Poteau de slackline - SLACKTIVITY Slackline Shop Schweiz","isPartOf":{"@id":"https:\/\/slacktivity.ch\/fr\/#website"},"primaryImageOfPage":{"@id":"https:\/\/slacktivity.ch\/fr\/shop\/multigame-poteau-de-slackline\/#primaryimage"},"image":{"@id":"https:\/\/slacktivity.ch\/fr\/shop\/multigame-poteau-de-slackline\/#primaryimage"},"thumbnailUrl":"https:\/\/slacktivity.ch\/wp-content\/uploads\/2021\/02\/multigame-slackline-pfosten.jpg","datePublished":"2021-02-22T15:54:20+00:00","dateModified":"2026-04-30T20:21:44+00:00","breadcrumb":{"@id":"https:\/\/slacktivity.ch\/fr\/shop\/multigame-poteau-de-slackline\/#breadcrumb"},"inLanguage":"fr-FR","potentialAction":[{"@type":"ReadAction","target":["https:\/\/slacktivity.ch\/fr\/shop\/multigame-poteau-de-slackline\/"]}]},{"@type":"ImageObject","inLanguage":"fr-FR","@id":"https:\/\/slacktivity.ch\/fr\/shop\/multigame-poteau-de-slackline\/#primaryimage","url":"https:\/\/slacktivity.ch\/wp-content\/uploads\/2021\/02\/multigame-slackline-pfosten.jpg","contentUrl":"https:\/\/slacktivity.ch\/wp-content\/uploads\/2021\/02\/multigame-slackline-pfosten.jpg","width":1180,"height":1377,"caption":"multigame slackline pfosten"},{"@type":"BreadcrumbList","@id":"https:\/\/slacktivity.ch\/fr\/shop\/multigame-poteau-de-slackline\/#breadcrumb","itemListElement":[{"@type":"ListItem","position":1,"name":"Home","item":"https:\/\/slacktivity.ch\/fr\/"},{"@type":"ListItem","position":2,"name":"Boutique","item":"https:\/\/slacktivity.ch\/fr\/boutique\/"},{"@type":"ListItem","position":3,"name":"multiGAME | Poteau de slackline"}]},{"@type":"WebSite","@id":"https:\/\/slacktivity.ch\/fr\/#website","url":"https:\/\/slacktivity.ch\/fr\/","name":"SLACKTIVITY Slackline Shop Schweiz","description":"Ensembles de slackline de haute qualit\u00e9 avec montage facile, produits innovants Highline et accessoires de slackline acheter en ligne. Pour les enfants, les d\u00e9butants et les professionnels.","publisher":{"@id":"https:\/\/slacktivity.ch\/fr\/#organization"},"potentialAction":[{"@type":"SearchAction","target":{"@type":"EntryPoint","urlTemplate":"https:\/\/slacktivity.ch\/fr\/?s={search_term_string}"},"query-input":{"@type":"PropertyValueSpecification","valueRequired":true,"valueName":"search_term_string"}}],"inLanguage":"fr-FR"},{"@type":"Organization","@id":"https:\/\/slacktivity.ch\/fr\/#organization","name":"SLACKTIVITY Slackline Shop Schweiz","url":"https:\/\/slacktivity.ch\/fr\/","logo":{"@type":"ImageObject","inLanguage":"fr-FR","@id":"https:\/\/slacktivity.ch\/fr\/#\/schema\/logo\/image\/","url":"https:\/\/slacktivity.ch\/wp-content\/uploads\/2021\/01\/slacktivity-slackline-online-shop-1.png","contentUrl":"https:\/\/slacktivity.ch\/wp-content\/uploads\/2021\/01\/slacktivity-slackline-online-shop-1.png","width":200,"height":77,"caption":"SLACKTIVITY Slackline Shop Schweiz"},"image":{"@id":"https:\/\/slacktivity.ch\/fr\/#\/schema\/logo\/image\/"}}]}},"_links":{"self":[{"href":"https:\/\/slacktivity.ch\/fr\/wp-json\/wp\/v2\/product\/13462","targetHints":{"allow":["GET"]}}],"collection":[{"href":"https:\/\/slacktivity.ch\/fr\/wp-json\/wp\/v2\/product"}],"about":[{"href":"https:\/\/slacktivity.ch\/fr\/wp-json\/wp\/v2\/types\/product"}],"replies":[{"embeddable":true,"href":"https:\/\/slacktivity.ch\/fr\/wp-json\/wp\/v2\/comments?post=13462"}],"wp:featuredmedia":[{"embeddable":true,"href":"https:\/\/slacktivity.ch\/fr\/wp-json\/wp\/v2\/media\/10467"}],"wp:attachment":[{"href":"https:\/\/slacktivity.ch\/fr\/wp-json\/wp\/v2\/media?parent=13462"}],"wp:term":[{"taxonomy":"product_cat","embeddable":true,"href":"https:\/\/slacktivity.ch\/fr\/wp-json\/wp\/v2\/product_cat?post=13462"},{"taxonomy":"product_tag","embeddable":true,"href":"https:\/\/slacktivity.ch\/fr\/wp-json\/wp\/v2\/product_tag?post=13462"}],"curies":[{"name":"wp","href":"https:\/\/api.w.org\/{rel}","templated":true}]}}