{"id":13471,"date":"2021-02-22T15:54:20","date_gmt":"2021-02-22T13:54:20","guid":{"rendered":"https:\/\/slacktivity.ch\/?post_type=product&#038;p=13471"},"modified":"2026-05-01T09:00:26","modified_gmt":"2026-05-01T07:00:26","slug":"set-de-fixation-murale-slackline-flat-1-dual","status":"publish","type":"product","link":"https:\/\/slacktivity.ch\/fr\/shop\/set-de-fixation-murale-slackline-flat-1-dual\/","title":{"rendered":"Set de fixation murale slackline | FLAT-1 dual"},"content":{"rendered":"<h2>Set de fixation murale slackline | FLAT-1 dual<\/h2>\n<p>La fixation murale FLAT-1, incluse deux fois dans le set de fixation murale slackline, ne mesure que 15mm d&rsquo;\u00e9paisseur et est con\u00e7ue pour le montage sur des murs en b\u00e9ton. La fixation murale pour slackline a \u00e9t\u00e9 d\u00e9velopp\u00e9e pour une utilisation dans les salles de sport, o\u00f9 rien ne doit d\u00e9passer des murs autant que possible. Le montage \u00e9conomique en espace est \u00e9galement tr\u00e8s appr\u00e9ci\u00e9 en dehors des salles de sport, par exemple dans les cabinets de th\u00e9rapie ou les centres de fitness.<\/p>\n<h3>Contenu de la livraison du set de fixation murale<\/h3>\n<ul>\n<li>2 x fixation murale plate slackline FLAT-1<\/li>\n<li>1 x slackline Allround light (longueur jusqu&rsquo;\u00e0 15m, largeur: 37mm)<\/li>\n<li>2 x elingue de connexion haute r\u00e9sistance avec protection textile<\/li>\n<li>2 x mousqueton \u00e0 vis en acier Twist-Lock<\/li>\n<li>4 x boulons en acier Mungo avec couvercles de protection<\/li>\n<\/ul>\n<h3>Instructions de montage<\/h3>\n<p>Le montage des fixations murales est tr\u00e8s simple et peut \u00eatre r\u00e9alis\u00e9 par toute personne sachant utiliser une perceuse et un marteau. \u00c0 noter: les r\u00e9glements de s\u00e9curit\u00e9 et le guide de montage (PDF et vid\u00e9o).<\/p>\n<h3>Ce qui distingue les fixations murales SLACKTIVITY<\/h3>\n<h4>Facile \u00e0 installer<\/h4>\n<p>Gr\u00e2ce \u00e0 l&rsquo;elingue haute r\u00e9sistance et au mousqueton en acier, la slackline peut \u00eatre mont\u00e9e et d\u00e9mont\u00e9e tr\u00e8s facilement en quelques secondes.<\/p>\n<h4>Longue dur\u00e9e de vie<\/h4>\n<p>SLACKTIVITY est le seul fournisseur de fixations murales qui, gr\u00e2ce aux elingues de connexion, ne g\u00e9n\u00e8re aucun frottement acier sur acier. Un frottement acier sur acier entra\u00eene in\u00e9vitablement l&rsquo;usure de l&rsquo;acier aux points de charge. Il vaut la peine de miser sur la qualit\u00e9 pour une s\u00e9curit\u00e9 durable.<\/p>\n<h4>D\u00e9velopp\u00e9 et test\u00e9 en Suisse<\/h4>\n<p>Toutes les fixations murales pour slackline ont \u00e9t\u00e9 d\u00e9velopp\u00e9es et test\u00e9es en Suisse, toujours dans le but de proposer un produit de haute qualit\u00e9 et de longue dur\u00e9e de vie.<\/p>\n<h4>Conforme \u00e0 la norme slackline DIN79400<\/h4>\n<p>La fixation murale FLAT-1 r\u00e9siste \u00e0 des forces allant jusqu&rsquo;\u00e0 45kN (test\u00e9e dans du b\u00e9ton C20\/25 sans armature). La norme slackline DIN79400 exige 40kN. Gr\u00e2ce \u00e0 son design plat et arrondi, cette fixation murale peut \u00eatre mont\u00e9e directement sur le mur plat d&rsquo;une salle de sport (sans rembourrage suppl\u00e9mentaire).<\/p>\n<h3>Adaptations selon besoins sp\u00e9cifiques<\/h3>\n<p>Prix incluant installation professionnelle sur place sur demande. SLACKTIVITY Suisse propose \u00e9galement un montage des fixations murales sur des poutres en acier. Pour cela, les trous n\u00e9cessaires sont perc\u00e9s \u00e0 l&rsquo;aide d&rsquo;une perceuse magn\u00e9tique. Des contr\u00f4les de charge et la maintenance de toutes les fixations de slackline sont \u00e9galement propos\u00e9s sur demande. Pour des besoins individuels, nous \u00e9tablissons volontiers un devis et vous conseillons dans la planification de grandes installations de slackline.<\/p>\n","protected":false},"excerpt":{"rendered":"<p>La fixation murale FLAT-1 ne mesure que 15mm d&rsquo;\u00e9paisseur et est con\u00e7ue pour le montage sur des murs en b\u00e9ton. Elle a \u00e9t\u00e9 d\u00e9velopp\u00e9e \u00e0 l&rsquo;origine pour une utilisation dans les salles de sport, o\u00f9 rien ne doit d\u00e9passer des murs autant que possible.<\/p>\n","protected":false},"featured_media":5968,"comment_status":"open","ping_status":"closed","template":"","meta":{"_acf_changed":false,"_joinchat":[]},"product_cat":[631,698,673],"product_tag":[],"class_list":{"0":"post-13471","1":"product","2":"type-product","3":"status-publish","4":"has-post-thumbnail","6":"product_cat-fixation-slackline","7":"product_cat-slackline-fixation-murale","8":"product_cat-slackline-interieur","10":"first","11":"instock","12":"taxable","13":"shipping-taxable","14":"purchasable","15":"product-type-simple"},"acf":[],"yoast_head":"<!-- This site is optimized with the Yoast SEO plugin v27.4 - https:\/\/yoast.com\/product\/yoast-seo-wordpress\/ -->\n<title>Set de fixation murale slackline | FLAT-1 dual - SLACKTIVITY Slackline Shop Schweiz<\/title>\n<meta name=\"robots\" content=\"index, follow, max-snippet:-1, max-image-preview:large, max-video-preview:-1\" \/>\n<link rel=\"canonical\" href=\"https:\/\/slacktivity.ch\/fr\/shop\/set-de-fixation-murale-slackline-flat-1-dual\/\" \/>\n<meta property=\"og:locale\" content=\"fr_FR\" \/>\n<meta property=\"og:type\" content=\"article\" \/>\n<meta property=\"og:title\" content=\"Set de fixation murale slackline | FLAT-1 dual - SLACKTIVITY Slackline Shop Schweiz\" \/>\n<meta property=\"og:description\" content=\"La fixation murale FLAT-1 ne mesure que 15mm d&#039;\u00e9paisseur et est con\u00e7ue pour le montage sur des murs en b\u00e9ton. Elle a \u00e9t\u00e9 d\u00e9velopp\u00e9e \u00e0 l&#039;origine pour une utilisation dans les salles de sport, o\u00f9 rien ne doit d\u00e9passer des murs autant que possible.\" \/>\n<meta property=\"og:url\" content=\"https:\/\/slacktivity.ch\/fr\/shop\/set-de-fixation-murale-slackline-flat-1-dual\/\" \/>\n<meta property=\"og:site_name\" content=\"SLACKTIVITY Slackline Shop Schweiz\" \/>\n<meta property=\"article:modified_time\" content=\"2026-05-01T07:00:26+00:00\" \/>\n<meta property=\"og:image\" content=\"https:\/\/slacktivity.ch\/wp-content\/uploads\/2021\/02\/slackline-wandhalterungs-set-dual.jpg\" \/>\n\t<meta property=\"og:image:width\" content=\"1180\" \/>\n\t<meta property=\"og:image:height\" content=\"1377\" \/>\n\t<meta property=\"og:image:type\" content=\"image\/jpeg\" \/>\n<meta name=\"twitter:card\" content=\"summary_large_image\" \/>\n<script type=\"application\/ld+json\" class=\"yoast-schema-graph\">{\"@context\":\"https:\\\/\\\/schema.org\",\"@graph\":[{\"@type\":\"WebPage\",\"@id\":\"https:\\\/\\\/slacktivity.ch\\\/fr\\\/shop\\\/set-de-fixation-murale-slackline-flat-1-dual\\\/\",\"url\":\"https:\\\/\\\/slacktivity.ch\\\/fr\\\/shop\\\/set-de-fixation-murale-slackline-flat-1-dual\\\/\",\"name\":\"Set de fixation murale slackline | FLAT-1 dual - SLACKTIVITY Slackline Shop Schweiz\",\"isPartOf\":{\"@id\":\"https:\\\/\\\/slacktivity.ch\\\/fr\\\/#website\"},\"primaryImageOfPage\":{\"@id\":\"https:\\\/\\\/slacktivity.ch\\\/fr\\\/shop\\\/set-de-fixation-murale-slackline-flat-1-dual\\\/#primaryimage\"},\"image\":{\"@id\":\"https:\\\/\\\/slacktivity.ch\\\/fr\\\/shop\\\/set-de-fixation-murale-slackline-flat-1-dual\\\/#primaryimage\"},\"thumbnailUrl\":\"https:\\\/\\\/slacktivity.ch\\\/wp-content\\\/uploads\\\/2021\\\/02\\\/slackline-wandhalterungs-set-dual.jpg\",\"datePublished\":\"2021-02-22T13:54:20+00:00\",\"dateModified\":\"2026-05-01T07:00:26+00:00\",\"breadcrumb\":{\"@id\":\"https:\\\/\\\/slacktivity.ch\\\/fr\\\/shop\\\/set-de-fixation-murale-slackline-flat-1-dual\\\/#breadcrumb\"},\"inLanguage\":\"fr-FR\",\"potentialAction\":[{\"@type\":\"ReadAction\",\"target\":[\"https:\\\/\\\/slacktivity.ch\\\/fr\\\/shop\\\/set-de-fixation-murale-slackline-flat-1-dual\\\/\"]}]},{\"@type\":\"ImageObject\",\"inLanguage\":\"fr-FR\",\"@id\":\"https:\\\/\\\/slacktivity.ch\\\/fr\\\/shop\\\/set-de-fixation-murale-slackline-flat-1-dual\\\/#primaryimage\",\"url\":\"https:\\\/\\\/slacktivity.ch\\\/wp-content\\\/uploads\\\/2021\\\/02\\\/slackline-wandhalterungs-set-dual.jpg\",\"contentUrl\":\"https:\\\/\\\/slacktivity.ch\\\/wp-content\\\/uploads\\\/2021\\\/02\\\/slackline-wandhalterungs-set-dual.jpg\",\"width\":1180,\"height\":1377,\"caption\":\"slackline wandhalterungs-set-dual\"},{\"@type\":\"BreadcrumbList\",\"@id\":\"https:\\\/\\\/slacktivity.ch\\\/fr\\\/shop\\\/set-de-fixation-murale-slackline-flat-1-dual\\\/#breadcrumb\",\"itemListElement\":[{\"@type\":\"ListItem\",\"position\":1,\"name\":\"Home\",\"item\":\"https:\\\/\\\/slacktivity.ch\\\/fr\\\/\"},{\"@type\":\"ListItem\",\"position\":2,\"name\":\"Boutique\",\"item\":\"https:\\\/\\\/slacktivity.ch\\\/fr\\\/boutique\\\/\"},{\"@type\":\"ListItem\",\"position\":3,\"name\":\"Set de fixation murale slackline | FLAT-1 dual\"}]},{\"@type\":\"WebSite\",\"@id\":\"https:\\\/\\\/slacktivity.ch\\\/fr\\\/#website\",\"url\":\"https:\\\/\\\/slacktivity.ch\\\/fr\\\/\",\"name\":\"SLACKTIVITY Slackline Shop Schweiz\",\"description\":\"Ensembles de slackline de haute qualit\u00e9 avec montage facile, produits innovants Highline et accessoires de slackline acheter en ligne. Pour les enfants, les d\u00e9butants et les professionnels.\",\"publisher\":{\"@id\":\"https:\\\/\\\/slacktivity.ch\\\/fr\\\/#organization\"},\"potentialAction\":[{\"@type\":\"SearchAction\",\"target\":{\"@type\":\"EntryPoint\",\"urlTemplate\":\"https:\\\/\\\/slacktivity.ch\\\/fr\\\/?s={search_term_string}\"},\"query-input\":{\"@type\":\"PropertyValueSpecification\",\"valueRequired\":true,\"valueName\":\"search_term_string\"}}],\"inLanguage\":\"fr-FR\"},{\"@type\":\"Organization\",\"@id\":\"https:\\\/\\\/slacktivity.ch\\\/fr\\\/#organization\",\"name\":\"SLACKTIVITY Slackline Shop Schweiz\",\"url\":\"https:\\\/\\\/slacktivity.ch\\\/fr\\\/\",\"logo\":{\"@type\":\"ImageObject\",\"inLanguage\":\"fr-FR\",\"@id\":\"https:\\\/\\\/slacktivity.ch\\\/fr\\\/#\\\/schema\\\/logo\\\/image\\\/\",\"url\":\"https:\\\/\\\/slacktivity.ch\\\/wp-content\\\/uploads\\\/2021\\\/01\\\/slacktivity-slackline-online-shop-1.png\",\"contentUrl\":\"https:\\\/\\\/slacktivity.ch\\\/wp-content\\\/uploads\\\/2021\\\/01\\\/slacktivity-slackline-online-shop-1.png\",\"width\":200,\"height\":77,\"caption\":\"SLACKTIVITY Slackline Shop Schweiz\"},\"image\":{\"@id\":\"https:\\\/\\\/slacktivity.ch\\\/fr\\\/#\\\/schema\\\/logo\\\/image\\\/\"}}]}<\/script>\n<!-- \/ Yoast SEO plugin. -->","yoast_head_json":{"title":"Set de fixation murale slackline | FLAT-1 dual - SLACKTIVITY Slackline Shop Schweiz","robots":{"index":"index","follow":"follow","max-snippet":"max-snippet:-1","max-image-preview":"max-image-preview:large","max-video-preview":"max-video-preview:-1"},"canonical":"https:\/\/slacktivity.ch\/fr\/shop\/set-de-fixation-murale-slackline-flat-1-dual\/","og_locale":"fr_FR","og_type":"article","og_title":"Set de fixation murale slackline | FLAT-1 dual - SLACKTIVITY Slackline Shop Schweiz","og_description":"La fixation murale FLAT-1 ne mesure que 15mm d'\u00e9paisseur et est con\u00e7ue pour le montage sur des murs en b\u00e9ton. Elle a \u00e9t\u00e9 d\u00e9velopp\u00e9e \u00e0 l'origine pour une utilisation dans les salles de sport, o\u00f9 rien ne doit d\u00e9passer des murs autant que possible.","og_url":"https:\/\/slacktivity.ch\/fr\/shop\/set-de-fixation-murale-slackline-flat-1-dual\/","og_site_name":"SLACKTIVITY Slackline Shop Schweiz","article_modified_time":"2026-05-01T07:00:26+00:00","og_image":[{"width":1180,"height":1377,"url":"https:\/\/slacktivity.ch\/wp-content\/uploads\/2021\/02\/slackline-wandhalterungs-set-dual.jpg","type":"image\/jpeg"}],"twitter_card":"summary_large_image","schema":{"@context":"https:\/\/schema.org","@graph":[{"@type":"WebPage","@id":"https:\/\/slacktivity.ch\/fr\/shop\/set-de-fixation-murale-slackline-flat-1-dual\/","url":"https:\/\/slacktivity.ch\/fr\/shop\/set-de-fixation-murale-slackline-flat-1-dual\/","name":"Set de fixation murale slackline | FLAT-1 dual - SLACKTIVITY Slackline Shop Schweiz","isPartOf":{"@id":"https:\/\/slacktivity.ch\/fr\/#website"},"primaryImageOfPage":{"@id":"https:\/\/slacktivity.ch\/fr\/shop\/set-de-fixation-murale-slackline-flat-1-dual\/#primaryimage"},"image":{"@id":"https:\/\/slacktivity.ch\/fr\/shop\/set-de-fixation-murale-slackline-flat-1-dual\/#primaryimage"},"thumbnailUrl":"https:\/\/slacktivity.ch\/wp-content\/uploads\/2021\/02\/slackline-wandhalterungs-set-dual.jpg","datePublished":"2021-02-22T13:54:20+00:00","dateModified":"2026-05-01T07:00:26+00:00","breadcrumb":{"@id":"https:\/\/slacktivity.ch\/fr\/shop\/set-de-fixation-murale-slackline-flat-1-dual\/#breadcrumb"},"inLanguage":"fr-FR","potentialAction":[{"@type":"ReadAction","target":["https:\/\/slacktivity.ch\/fr\/shop\/set-de-fixation-murale-slackline-flat-1-dual\/"]}]},{"@type":"ImageObject","inLanguage":"fr-FR","@id":"https:\/\/slacktivity.ch\/fr\/shop\/set-de-fixation-murale-slackline-flat-1-dual\/#primaryimage","url":"https:\/\/slacktivity.ch\/wp-content\/uploads\/2021\/02\/slackline-wandhalterungs-set-dual.jpg","contentUrl":"https:\/\/slacktivity.ch\/wp-content\/uploads\/2021\/02\/slackline-wandhalterungs-set-dual.jpg","width":1180,"height":1377,"caption":"slackline wandhalterungs-set-dual"},{"@type":"BreadcrumbList","@id":"https:\/\/slacktivity.ch\/fr\/shop\/set-de-fixation-murale-slackline-flat-1-dual\/#breadcrumb","itemListElement":[{"@type":"ListItem","position":1,"name":"Home","item":"https:\/\/slacktivity.ch\/fr\/"},{"@type":"ListItem","position":2,"name":"Boutique","item":"https:\/\/slacktivity.ch\/fr\/boutique\/"},{"@type":"ListItem","position":3,"name":"Set de fixation murale slackline | FLAT-1 dual"}]},{"@type":"WebSite","@id":"https:\/\/slacktivity.ch\/fr\/#website","url":"https:\/\/slacktivity.ch\/fr\/","name":"SLACKTIVITY Slackline Shop Schweiz","description":"Ensembles de slackline de haute qualit\u00e9 avec montage facile, produits innovants Highline et accessoires de slackline acheter en ligne. Pour les enfants, les d\u00e9butants et les professionnels.","publisher":{"@id":"https:\/\/slacktivity.ch\/fr\/#organization"},"potentialAction":[{"@type":"SearchAction","target":{"@type":"EntryPoint","urlTemplate":"https:\/\/slacktivity.ch\/fr\/?s={search_term_string}"},"query-input":{"@type":"PropertyValueSpecification","valueRequired":true,"valueName":"search_term_string"}}],"inLanguage":"fr-FR"},{"@type":"Organization","@id":"https:\/\/slacktivity.ch\/fr\/#organization","name":"SLACKTIVITY Slackline Shop Schweiz","url":"https:\/\/slacktivity.ch\/fr\/","logo":{"@type":"ImageObject","inLanguage":"fr-FR","@id":"https:\/\/slacktivity.ch\/fr\/#\/schema\/logo\/image\/","url":"https:\/\/slacktivity.ch\/wp-content\/uploads\/2021\/01\/slacktivity-slackline-online-shop-1.png","contentUrl":"https:\/\/slacktivity.ch\/wp-content\/uploads\/2021\/01\/slacktivity-slackline-online-shop-1.png","width":200,"height":77,"caption":"SLACKTIVITY Slackline Shop Schweiz"},"image":{"@id":"https:\/\/slacktivity.ch\/fr\/#\/schema\/logo\/image\/"}}]}},"_links":{"self":[{"href":"https:\/\/slacktivity.ch\/fr\/wp-json\/wp\/v2\/product\/13471","targetHints":{"allow":["GET"]}}],"collection":[{"href":"https:\/\/slacktivity.ch\/fr\/wp-json\/wp\/v2\/product"}],"about":[{"href":"https:\/\/slacktivity.ch\/fr\/wp-json\/wp\/v2\/types\/product"}],"replies":[{"embeddable":true,"href":"https:\/\/slacktivity.ch\/fr\/wp-json\/wp\/v2\/comments?post=13471"}],"wp:featuredmedia":[{"embeddable":true,"href":"https:\/\/slacktivity.ch\/fr\/wp-json\/wp\/v2\/media\/5968"}],"wp:attachment":[{"href":"https:\/\/slacktivity.ch\/fr\/wp-json\/wp\/v2\/media?parent=13471"}],"wp:term":[{"taxonomy":"product_cat","embeddable":true,"href":"https:\/\/slacktivity.ch\/fr\/wp-json\/wp\/v2\/product_cat?post=13471"},{"taxonomy":"product_tag","embeddable":true,"href":"https:\/\/slacktivity.ch\/fr\/wp-json\/wp\/v2\/product_tag?post=13471"}],"curies":[{"name":"wp","href":"https:\/\/api.w.org\/{rel}","templated":true}]}}