{"id":13472,"date":"2021-02-22T15:54:22","date_gmt":"2021-02-22T13:54:22","guid":{"rendered":"https:\/\/slacktivity.ch\/?post_type=product&#038;p=13472"},"modified":"2026-05-01T09:00:43","modified_gmt":"2026-05-01T07:00:43","slug":"set-de-fixation-murale-slackline-psychomotricite","status":"publish","type":"product","link":"https:\/\/slacktivity.ch\/fr\/shop\/set-de-fixation-murale-slackline-psychomotricite\/","title":{"rendered":"Set de fixation murale slackline | Psychomotricit\u00e9"},"content":{"rendered":"<h2>Set de fixation murale slackline | Psychomotricit\u00e9<\/h2>\n<p>Le set slackline Psychomotricit\u00e9 de haute qualit\u00e9 de SLACKTIVITY a \u00e9t\u00e9 d\u00e9velopp\u00e9 en collaboration avec des experts en psychomotricit\u00e9 pour r\u00e9pondre aux besoins en th\u00e9rapie. Les fixations murales ont \u00e9t\u00e9 sp\u00e9cialement d\u00e9velopp\u00e9es pour les applications de slackline dans les salles de th\u00e9rapie et les salles de sport. Elles satisfont \u00e0 la norme slackline qui prescrit que les fixations murales pour slackline doivent r\u00e9sister \u00e0 une force de traction d&rsquo;au moins 40kN (= 4 tonnes). De plus, les fixations murales sont plates et ne pr\u00e9sentent pas d&rsquo;ar\u00eates \u2013 elles ne g\u00eanent donc pas lorsque la slackline n&rsquo;est pas mont\u00e9e et ne repr\u00e9sentent pas non plus de risque de blessure si un enfant qui joue est imprudent et court vers la fixation murale.<\/p>\n<h3>Contenu de la livraison du set slackline Psychomotricit\u00e9<\/h3>\n<p>Pour la slackline:<\/p>\n<ul>\n<li>2 x fixation murale plate slackline \u00abFLAT-1\u00bb<\/li>\n<li>2 x elingue de connexion haute r\u00e9sistance avec protection textile<\/li>\n<li>4 x boulons en acier Mungo avec couvercles de protection<\/li>\n<li>1 x slackline Allround light (longueur jusqu&rsquo;\u00e0 15m, largeur: 37mm, sangle &amp; rochet inox)<\/li>\n<li>2 x mousqueton \u00e0 vis en acier Twist-Lock<\/li>\n<\/ul>\n<p>Pour la Rookie-Rope:<\/p>\n<ul>\n<li>2 x fixation murale plate slackline \u00abFLAT-1\u00bb<\/li>\n<li>2 x elingue de connexion haute r\u00e9sistance avec protection textile<\/li>\n<li>4 x boulons en acier Mungo avec couvercles de protection<\/li>\n<li>1 x slackline RedTube light (longueur jusqu&rsquo;\u00e0 15m, largeur: 25mm, sangle &amp; rochet inox avec \u00e9carteur)<\/li>\n<li>1 x mousqueton \u00e0 vis en acier Twist-Lock<\/li>\n<li>1 x manille rotative<\/li>\n<li>1 x HangOver (mousqueton \u00e0 rouleau)<\/li>\n<li>1 x corde \u00e9paisse avec grip agr\u00e9able<\/li>\n<\/ul>\n<h3>Instructions de montage<\/h3>\n<p>Le montage des fixations murales du set slackline Psychomotricit\u00e9 est tr\u00e8s simple et peut \u00eatre r\u00e9alis\u00e9 par toute personne sachant utiliser une perceuse et un marteau. Important \u00e0 savoir: les boulons en acier sont con\u00e7us pour des murs en b\u00e9ton \u2013 pour d&rsquo;autres types de murs, un sp\u00e9cialiste doit imp\u00e9rativement \u00eatre consult\u00e9. \u00c0 noter: les r\u00e9glements de s\u00e9curit\u00e9 et le guide de montage (PDF et vid\u00e9o).<\/p>\n<h3>Ce qui distingue les fixations murales SLACKTIVITY<\/h3>\n<h4>Facile \u00e0 installer<\/h4>\n<p>Gr\u00e2ce \u00e0 l&rsquo;elingue haute r\u00e9sistance et au mousqueton en acier, la slackline peut \u00eatre mont\u00e9e et d\u00e9mont\u00e9e tr\u00e8s facilement en quelques secondes.<\/p>\n<h4>Longue dur\u00e9e de vie<\/h4>\n<p>SLACKTIVITY est le seul fournisseur de fixations murales qui, gr\u00e2ce aux elingues de connexion, ne g\u00e9n\u00e8re aucun frottement acier sur acier. Un frottement acier sur acier entra\u00eene in\u00e9vitablement l&rsquo;usure de l&rsquo;acier aux points de charge. Il vaut la peine de miser sur la qualit\u00e9 pour une s\u00e9curit\u00e9 durable.<\/p>\n<h4>D\u00e9velopp\u00e9 et test\u00e9 en Suisse<\/h4>\n<p>Toutes les fixations murales pour slackline ont \u00e9t\u00e9 d\u00e9velopp\u00e9es et test\u00e9es en Suisse, toujours dans le but de proposer un produit de haute qualit\u00e9 et de longue dur\u00e9e de vie.<\/p>\n<h4>Conforme \u00e0 la norme slackline DIN79400<\/h4>\n<p>La fixation murale FLAT-1 r\u00e9siste \u00e0 des forces allant jusqu&rsquo;\u00e0 45kN (test\u00e9e dans du b\u00e9ton C20\/25 sans armature). La norme slackline DIN79400 exige 40kN. Gr\u00e2ce \u00e0 son design plat et arrondi, cette fixation murale peut \u00eatre mont\u00e9e directement sur le mur plat d&rsquo;une salle de sport (sans rembourrage suppl\u00e9mentaire).<\/p>\n","protected":false},"excerpt":{"rendered":"<p>Le set slackline Psychomotricit\u00e9 de haute qualit\u00e9 de SLACKTIVITY a \u00e9t\u00e9 d\u00e9velopp\u00e9 en collaboration avec des experts en psychomotricit\u00e9 pour r\u00e9pondre aux besoins th\u00e9rapeutiques. La Rookie-Rope rend la pratique de la slackline un jeu d&rsquo;enfant et offre \u00e0 chacun une exp\u00e9rience de r\u00e9ussite.<\/p>\n","protected":false},"featured_media":5973,"comment_status":"open","ping_status":"closed","template":"","meta":{"_acf_changed":false,"_joinchat":[]},"product_cat":[631,698,673,911],"product_tag":[],"class_list":{"0":"post-13472","1":"product","2":"type-product","3":"status-publish","4":"has-post-thumbnail","6":"product_cat-fixation-slackline","7":"product_cat-slackline-fixation-murale","8":"product_cat-slackline-interieur","9":"product_cat-slackline-pour-la-therapie","11":"first","12":"instock","13":"taxable","14":"shipping-taxable","15":"purchasable","16":"product-type-simple"},"acf":[],"yoast_head":"<!-- This site is optimized with the Yoast SEO plugin v27.4 - https:\/\/yoast.com\/product\/yoast-seo-wordpress\/ -->\n<title>Set de fixation murale slackline | Psychomotricit\u00e9 - SLACKTIVITY Slackline Shop Schweiz<\/title>\n<meta name=\"robots\" content=\"index, follow, max-snippet:-1, max-image-preview:large, max-video-preview:-1\" \/>\n<link rel=\"canonical\" href=\"https:\/\/slacktivity.ch\/fr\/shop\/set-de-fixation-murale-slackline-psychomotricite\/\" \/>\n<meta property=\"og:locale\" content=\"fr_FR\" \/>\n<meta property=\"og:type\" content=\"article\" \/>\n<meta property=\"og:title\" content=\"Set de fixation murale slackline | Psychomotricit\u00e9 - SLACKTIVITY Slackline Shop Schweiz\" \/>\n<meta property=\"og:description\" content=\"Le set slackline Psychomotricit\u00e9 de haute qualit\u00e9 de SLACKTIVITY a \u00e9t\u00e9 d\u00e9velopp\u00e9 en collaboration avec des experts en psychomotricit\u00e9 pour r\u00e9pondre aux besoins th\u00e9rapeutiques. La Rookie-Rope rend la pratique de la slackline un jeu d&#039;enfant et offre \u00e0 chacun une exp\u00e9rience de r\u00e9ussite.\" \/>\n<meta property=\"og:url\" content=\"https:\/\/slacktivity.ch\/fr\/shop\/set-de-fixation-murale-slackline-psychomotricite\/\" \/>\n<meta property=\"og:site_name\" content=\"SLACKTIVITY Slackline Shop Schweiz\" \/>\n<meta property=\"article:modified_time\" content=\"2026-05-01T07:00:43+00:00\" \/>\n<meta property=\"og:image\" content=\"https:\/\/slacktivity.ch\/wp-content\/uploads\/2021\/02\/slackline-psychomotorik.jpg\" \/>\n\t<meta property=\"og:image:width\" content=\"1180\" \/>\n\t<meta property=\"og:image:height\" content=\"1377\" \/>\n\t<meta property=\"og:image:type\" content=\"image\/jpeg\" \/>\n<meta name=\"twitter:card\" content=\"summary_large_image\" \/>\n<script type=\"application\/ld+json\" class=\"yoast-schema-graph\">{\"@context\":\"https:\\\/\\\/schema.org\",\"@graph\":[{\"@type\":\"WebPage\",\"@id\":\"https:\\\/\\\/slacktivity.ch\\\/fr\\\/shop\\\/set-de-fixation-murale-slackline-psychomotricite\\\/\",\"url\":\"https:\\\/\\\/slacktivity.ch\\\/fr\\\/shop\\\/set-de-fixation-murale-slackline-psychomotricite\\\/\",\"name\":\"Set de fixation murale slackline | Psychomotricit\u00e9 - SLACKTIVITY Slackline Shop Schweiz\",\"isPartOf\":{\"@id\":\"https:\\\/\\\/slacktivity.ch\\\/fr\\\/#website\"},\"primaryImageOfPage\":{\"@id\":\"https:\\\/\\\/slacktivity.ch\\\/fr\\\/shop\\\/set-de-fixation-murale-slackline-psychomotricite\\\/#primaryimage\"},\"image\":{\"@id\":\"https:\\\/\\\/slacktivity.ch\\\/fr\\\/shop\\\/set-de-fixation-murale-slackline-psychomotricite\\\/#primaryimage\"},\"thumbnailUrl\":\"https:\\\/\\\/slacktivity.ch\\\/wp-content\\\/uploads\\\/2021\\\/02\\\/slackline-psychomotorik.jpg\",\"datePublished\":\"2021-02-22T13:54:22+00:00\",\"dateModified\":\"2026-05-01T07:00:43+00:00\",\"breadcrumb\":{\"@id\":\"https:\\\/\\\/slacktivity.ch\\\/fr\\\/shop\\\/set-de-fixation-murale-slackline-psychomotricite\\\/#breadcrumb\"},\"inLanguage\":\"fr-FR\",\"potentialAction\":[{\"@type\":\"ReadAction\",\"target\":[\"https:\\\/\\\/slacktivity.ch\\\/fr\\\/shop\\\/set-de-fixation-murale-slackline-psychomotricite\\\/\"]}]},{\"@type\":\"ImageObject\",\"inLanguage\":\"fr-FR\",\"@id\":\"https:\\\/\\\/slacktivity.ch\\\/fr\\\/shop\\\/set-de-fixation-murale-slackline-psychomotricite\\\/#primaryimage\",\"url\":\"https:\\\/\\\/slacktivity.ch\\\/wp-content\\\/uploads\\\/2021\\\/02\\\/slackline-psychomotorik.jpg\",\"contentUrl\":\"https:\\\/\\\/slacktivity.ch\\\/wp-content\\\/uploads\\\/2021\\\/02\\\/slackline-psychomotorik.jpg\",\"width\":1180,\"height\":1377,\"caption\":\"slackline psychomotorik\"},{\"@type\":\"BreadcrumbList\",\"@id\":\"https:\\\/\\\/slacktivity.ch\\\/fr\\\/shop\\\/set-de-fixation-murale-slackline-psychomotricite\\\/#breadcrumb\",\"itemListElement\":[{\"@type\":\"ListItem\",\"position\":1,\"name\":\"Home\",\"item\":\"https:\\\/\\\/slacktivity.ch\\\/fr\\\/\"},{\"@type\":\"ListItem\",\"position\":2,\"name\":\"Boutique\",\"item\":\"https:\\\/\\\/slacktivity.ch\\\/fr\\\/boutique\\\/\"},{\"@type\":\"ListItem\",\"position\":3,\"name\":\"Set de fixation murale slackline | Psychomotricit\u00e9\"}]},{\"@type\":\"WebSite\",\"@id\":\"https:\\\/\\\/slacktivity.ch\\\/fr\\\/#website\",\"url\":\"https:\\\/\\\/slacktivity.ch\\\/fr\\\/\",\"name\":\"SLACKTIVITY Slackline Shop Schweiz\",\"description\":\"Ensembles de slackline de haute qualit\u00e9 avec montage facile, produits innovants Highline et accessoires de slackline acheter en ligne. Pour les enfants, les d\u00e9butants et les professionnels.\",\"publisher\":{\"@id\":\"https:\\\/\\\/slacktivity.ch\\\/fr\\\/#organization\"},\"potentialAction\":[{\"@type\":\"SearchAction\",\"target\":{\"@type\":\"EntryPoint\",\"urlTemplate\":\"https:\\\/\\\/slacktivity.ch\\\/fr\\\/?s={search_term_string}\"},\"query-input\":{\"@type\":\"PropertyValueSpecification\",\"valueRequired\":true,\"valueName\":\"search_term_string\"}}],\"inLanguage\":\"fr-FR\"},{\"@type\":\"Organization\",\"@id\":\"https:\\\/\\\/slacktivity.ch\\\/fr\\\/#organization\",\"name\":\"SLACKTIVITY Slackline Shop Schweiz\",\"url\":\"https:\\\/\\\/slacktivity.ch\\\/fr\\\/\",\"logo\":{\"@type\":\"ImageObject\",\"inLanguage\":\"fr-FR\",\"@id\":\"https:\\\/\\\/slacktivity.ch\\\/fr\\\/#\\\/schema\\\/logo\\\/image\\\/\",\"url\":\"https:\\\/\\\/slacktivity.ch\\\/wp-content\\\/uploads\\\/2021\\\/01\\\/slacktivity-slackline-online-shop-1.png\",\"contentUrl\":\"https:\\\/\\\/slacktivity.ch\\\/wp-content\\\/uploads\\\/2021\\\/01\\\/slacktivity-slackline-online-shop-1.png\",\"width\":200,\"height\":77,\"caption\":\"SLACKTIVITY Slackline Shop Schweiz\"},\"image\":{\"@id\":\"https:\\\/\\\/slacktivity.ch\\\/fr\\\/#\\\/schema\\\/logo\\\/image\\\/\"}}]}<\/script>\n<!-- \/ Yoast SEO plugin. -->","yoast_head_json":{"title":"Set de fixation murale slackline | Psychomotricit\u00e9 - SLACKTIVITY Slackline Shop Schweiz","robots":{"index":"index","follow":"follow","max-snippet":"max-snippet:-1","max-image-preview":"max-image-preview:large","max-video-preview":"max-video-preview:-1"},"canonical":"https:\/\/slacktivity.ch\/fr\/shop\/set-de-fixation-murale-slackline-psychomotricite\/","og_locale":"fr_FR","og_type":"article","og_title":"Set de fixation murale slackline | Psychomotricit\u00e9 - SLACKTIVITY Slackline Shop Schweiz","og_description":"Le set slackline Psychomotricit\u00e9 de haute qualit\u00e9 de SLACKTIVITY a \u00e9t\u00e9 d\u00e9velopp\u00e9 en collaboration avec des experts en psychomotricit\u00e9 pour r\u00e9pondre aux besoins th\u00e9rapeutiques. La Rookie-Rope rend la pratique de la slackline un jeu d'enfant et offre \u00e0 chacun une exp\u00e9rience de r\u00e9ussite.","og_url":"https:\/\/slacktivity.ch\/fr\/shop\/set-de-fixation-murale-slackline-psychomotricite\/","og_site_name":"SLACKTIVITY Slackline Shop Schweiz","article_modified_time":"2026-05-01T07:00:43+00:00","og_image":[{"width":1180,"height":1377,"url":"https:\/\/slacktivity.ch\/wp-content\/uploads\/2021\/02\/slackline-psychomotorik.jpg","type":"image\/jpeg"}],"twitter_card":"summary_large_image","schema":{"@context":"https:\/\/schema.org","@graph":[{"@type":"WebPage","@id":"https:\/\/slacktivity.ch\/fr\/shop\/set-de-fixation-murale-slackline-psychomotricite\/","url":"https:\/\/slacktivity.ch\/fr\/shop\/set-de-fixation-murale-slackline-psychomotricite\/","name":"Set de fixation murale slackline | Psychomotricit\u00e9 - SLACKTIVITY Slackline Shop Schweiz","isPartOf":{"@id":"https:\/\/slacktivity.ch\/fr\/#website"},"primaryImageOfPage":{"@id":"https:\/\/slacktivity.ch\/fr\/shop\/set-de-fixation-murale-slackline-psychomotricite\/#primaryimage"},"image":{"@id":"https:\/\/slacktivity.ch\/fr\/shop\/set-de-fixation-murale-slackline-psychomotricite\/#primaryimage"},"thumbnailUrl":"https:\/\/slacktivity.ch\/wp-content\/uploads\/2021\/02\/slackline-psychomotorik.jpg","datePublished":"2021-02-22T13:54:22+00:00","dateModified":"2026-05-01T07:00:43+00:00","breadcrumb":{"@id":"https:\/\/slacktivity.ch\/fr\/shop\/set-de-fixation-murale-slackline-psychomotricite\/#breadcrumb"},"inLanguage":"fr-FR","potentialAction":[{"@type":"ReadAction","target":["https:\/\/slacktivity.ch\/fr\/shop\/set-de-fixation-murale-slackline-psychomotricite\/"]}]},{"@type":"ImageObject","inLanguage":"fr-FR","@id":"https:\/\/slacktivity.ch\/fr\/shop\/set-de-fixation-murale-slackline-psychomotricite\/#primaryimage","url":"https:\/\/slacktivity.ch\/wp-content\/uploads\/2021\/02\/slackline-psychomotorik.jpg","contentUrl":"https:\/\/slacktivity.ch\/wp-content\/uploads\/2021\/02\/slackline-psychomotorik.jpg","width":1180,"height":1377,"caption":"slackline psychomotorik"},{"@type":"BreadcrumbList","@id":"https:\/\/slacktivity.ch\/fr\/shop\/set-de-fixation-murale-slackline-psychomotricite\/#breadcrumb","itemListElement":[{"@type":"ListItem","position":1,"name":"Home","item":"https:\/\/slacktivity.ch\/fr\/"},{"@type":"ListItem","position":2,"name":"Boutique","item":"https:\/\/slacktivity.ch\/fr\/boutique\/"},{"@type":"ListItem","position":3,"name":"Set de fixation murale slackline | Psychomotricit\u00e9"}]},{"@type":"WebSite","@id":"https:\/\/slacktivity.ch\/fr\/#website","url":"https:\/\/slacktivity.ch\/fr\/","name":"SLACKTIVITY Slackline Shop Schweiz","description":"Ensembles de slackline de haute qualit\u00e9 avec montage facile, produits innovants Highline et accessoires de slackline acheter en ligne. Pour les enfants, les d\u00e9butants et les professionnels.","publisher":{"@id":"https:\/\/slacktivity.ch\/fr\/#organization"},"potentialAction":[{"@type":"SearchAction","target":{"@type":"EntryPoint","urlTemplate":"https:\/\/slacktivity.ch\/fr\/?s={search_term_string}"},"query-input":{"@type":"PropertyValueSpecification","valueRequired":true,"valueName":"search_term_string"}}],"inLanguage":"fr-FR"},{"@type":"Organization","@id":"https:\/\/slacktivity.ch\/fr\/#organization","name":"SLACKTIVITY Slackline Shop Schweiz","url":"https:\/\/slacktivity.ch\/fr\/","logo":{"@type":"ImageObject","inLanguage":"fr-FR","@id":"https:\/\/slacktivity.ch\/fr\/#\/schema\/logo\/image\/","url":"https:\/\/slacktivity.ch\/wp-content\/uploads\/2021\/01\/slacktivity-slackline-online-shop-1.png","contentUrl":"https:\/\/slacktivity.ch\/wp-content\/uploads\/2021\/01\/slacktivity-slackline-online-shop-1.png","width":200,"height":77,"caption":"SLACKTIVITY Slackline Shop Schweiz"},"image":{"@id":"https:\/\/slacktivity.ch\/fr\/#\/schema\/logo\/image\/"}}]}},"_links":{"self":[{"href":"https:\/\/slacktivity.ch\/fr\/wp-json\/wp\/v2\/product\/13472","targetHints":{"allow":["GET"]}}],"collection":[{"href":"https:\/\/slacktivity.ch\/fr\/wp-json\/wp\/v2\/product"}],"about":[{"href":"https:\/\/slacktivity.ch\/fr\/wp-json\/wp\/v2\/types\/product"}],"replies":[{"embeddable":true,"href":"https:\/\/slacktivity.ch\/fr\/wp-json\/wp\/v2\/comments?post=13472"}],"wp:featuredmedia":[{"embeddable":true,"href":"https:\/\/slacktivity.ch\/fr\/wp-json\/wp\/v2\/media\/5973"}],"wp:attachment":[{"href":"https:\/\/slacktivity.ch\/fr\/wp-json\/wp\/v2\/media?parent=13472"}],"wp:term":[{"taxonomy":"product_cat","embeddable":true,"href":"https:\/\/slacktivity.ch\/fr\/wp-json\/wp\/v2\/product_cat?post=13472"},{"taxonomy":"product_tag","embeddable":true,"href":"https:\/\/slacktivity.ch\/fr\/wp-json\/wp\/v2\/product_tag?post=13472"}],"curies":[{"name":"wp","href":"https:\/\/api.w.org\/{rel}","templated":true}]}}