{"id":13473,"date":"2021-02-22T15:54:21","date_gmt":"2021-02-22T13:54:21","guid":{"rendered":"https:\/\/slacktivity.ch\/?post_type=product&#038;p=13473"},"modified":"2026-05-01T09:00:04","modified_gmt":"2026-05-01T07:00:04","slug":"activecube-workout","status":"publish","type":"product","link":"https:\/\/slacktivity.ch\/fr\/shop\/activecube-workout\/","title":{"rendered":"ActiveCube | Workout"},"content":{"rendered":"<h2>ActiveCube | Installation Street Workout<\/h2>\n<p>L&rsquo;installation Street Workout est le mod\u00e8le qui occupe le moins de surface au sol (150 x 75cm) \u2013 id\u00e9al pour la calist\u00e9nie au jardin. En environ 1 heure, le mod\u00e8le Workout 2.0 est assembl\u00e9 \u00e0 deux personnes et, gr\u00e2ce \u00e0 la protection anticorrosion, il est parfaitement pr\u00e9par\u00e9 pour une utilisation ext\u00e9rieure sur plusieurs ann\u00e9es.<\/p>\n<p>Aucune fondation en b\u00e9ton n&rsquo;est n\u00e9cessaire pour l&rsquo;installation. Gr\u00e2ce aux ancrages au sol 2.0 et aux connecteurs de tube r\u00e9glables, le Cube peut \u00eatre d\u00e9mont\u00e9, remont\u00e9 ou d\u00e9plac\u00e9 \u00e0 tout moment.<\/p>\n<h3>Contenu de la livraison de l&rsquo;installation Street Workout (poids total: 55kg)<\/h3>\n<ul>\n<li>2 x tuyaux 2,45m<\/li>\n<li>3 x tuyaux 1,0m<\/li>\n<li>1 x tuyaux 1,45m<\/li>\n<li>3 x ancrages au sol 2.0 (L=95cm)<\/li>\n<li>1 x connecteur d&rsquo;angle ferm\u00e9 5-5-5<\/li>\n<li>2 x connecteurs d&rsquo;angle continu 5-5-5<\/li>\n<li>2 x connecteurs T 5-3-5<\/li>\n<\/ul>\n<p>\u00c9conomiser les frais de livraison: Un retrait \u00e0 Zurich est \u00e9galement possible sur rendez-vous (\u00e0 noter dans le champ commentaires).<\/p>\n<h3>Barre de traction (Pull-up-Bar)<\/h3>\n<p>La barre de traction de l&rsquo;ActiveCube Workout est r\u00e9glable en hauteur de mani\u00e8re continue entre 180cm et 235cm et peut ainsi \u00eatre parfaitement adapt\u00e9e \u00e0 chaque morphologie.<\/p>\n<p>Le diam\u00e8tre des tubes de 3cm correspond environ au diam\u00e8tre standard des barres de gym. Gr\u00e2ce \u00e0 sa longueur de 145cm, la barre de traction offre une grande vari\u00e9t\u00e9 de positions de prise, des prises \u00e9troites aux prises larges.<\/p>\n<p>La surface galvanis\u00e9e \u00e0 chaud des tubes en acier offre, en plus d&rsquo;une bonne protection anticorrosion, une prise id\u00e9ale.<\/p>\n<ul>\n<li>Hauteur (depuis le sol): 20 &#8211; 245cm<\/li>\n<li>Longueur: 145cm<\/li>\n<li>Diam\u00e8tre: 3cm<\/li>\n<\/ul>\n<h3>Coin de dips (Dip-Corner)<\/h3>\n<p>Le coin de dips offre des conditions d&rsquo;entra\u00eenement id\u00e9ales pour les dips (exercices de pouss\u00e9e), les exercices de gainage et les exercices abdominaux pour la calist\u00e9nie.<\/p>\n<p>Gr\u00e2ce \u00e0 l&rsquo;angle \u00e0 90 degr\u00e9s des deux tubes horizontaux, une largeur de prise individuelle est possible. La distance par rapport au sol est de 100cm. Les tubes galvanis\u00e9s \u00e0 chaud avec un diam\u00e8tre de 5cm offrent une grande surface d&rsquo;appui agr\u00e9able pour les mains.<\/p>\n<ul>\n<li>Hauteur (depuis le sol): 100cm<\/li>\n<li>Longueur tubes \u00e0 90\u00b0 : 100cm<\/li>\n<li>Diam\u00e8tre: 5cm<\/li>\n<\/ul>\n<h3>Instructions de montage<\/h3>\n<p>Respecter le guide d&rsquo;installation et de maintenance. Le montage n\u00e9cessite au minimum deux, id\u00e9alement trois adultes.<\/p>\n<p>Outils n\u00e9cessaires pour le montage:<\/p>\n<ul>\n<li>Cl\u00e9 Allen 1\/4&Prime; (6,35mm) + 8mm<\/li>\n<li>Masse<\/li>\n<\/ul>\n<p>Le montage est pr\u00e9sent\u00e9 dans la galerie d&rsquo;images (vid\u00e9o) en plus du guide d&rsquo;assemblage (PDF). L&rsquo;ActiveCube ne n\u00e9cessite pas de permis de construire et est conforme \u00e0 la norme DIN 79000 (norme pour les \u00e9quipements de fitness fixes en ext\u00e9rieur), sous r\u00e9serve d&rsquo;un espace de chute suffisant, d&rsquo;un montage correct et d&rsquo;un sol appropri\u00e9.<\/p>\n","protected":false},"excerpt":{"rendered":"<p>L&rsquo;installation Street Workout est id\u00e9ale pour les petits espaces, car elle n\u00e9cessite moins de deux m\u00e8tres carr\u00e9s de surface au sol pour la calist\u00e9nie dans son propre jardin. La barre de traction r\u00e9glable en hauteur de 3cm d&rsquo;\u00e9paisseur et les tubes d&rsquo;angle de 5cm offrent de nombreuses possibilit\u00e9s d&rsquo;entra\u00eenement en plein air.<\/p>\n<p>D\u00e9lai de livraison: env. 2 \u2013 4 semaines<\/p>\n","protected":false},"featured_media":5983,"comment_status":"open","ping_status":"closed","template":"","meta":{"_acf_changed":false,"_joinchat":[]},"product_cat":[906],"product_tag":[],"class_list":{"0":"post-13473","1":"product","2":"type-product","3":"status-publish","4":"has-post-thumbnail","6":"product_cat-activecube","8":"first","9":"instock","10":"sold-individually","11":"taxable","12":"shipping-taxable","13":"purchasable","14":"product-type-simple"},"acf":[],"yoast_head":"<!-- This site is optimized with the Yoast SEO plugin v27.4 - https:\/\/yoast.com\/product\/yoast-seo-wordpress\/ -->\n<title>ActiveCube | Workout - SLACKTIVITY Slackline Shop Schweiz<\/title>\n<meta name=\"robots\" content=\"index, follow, max-snippet:-1, max-image-preview:large, max-video-preview:-1\" \/>\n<link rel=\"canonical\" href=\"https:\/\/slacktivity.ch\/fr\/shop\/activecube-workout\/\" \/>\n<meta property=\"og:locale\" content=\"fr_FR\" \/>\n<meta property=\"og:type\" content=\"article\" \/>\n<meta property=\"og:title\" content=\"ActiveCube | Workout - SLACKTIVITY Slackline Shop Schweiz\" \/>\n<meta property=\"og:description\" content=\"L&#039;installation Street Workout est id\u00e9ale pour les petits espaces, car elle n\u00e9cessite moins de deux m\u00e8tres carr\u00e9s de surface au sol pour la calist\u00e9nie dans son propre jardin. La barre de traction r\u00e9glable en hauteur de 3cm d&#039;\u00e9paisseur et les tubes d&#039;angle de 5cm offrent de nombreuses possibilit\u00e9s d&#039;entra\u00eenement en plein air.D\u00e9lai de livraison: env. 2 \u2013 4 semaines\" \/>\n<meta property=\"og:url\" content=\"https:\/\/slacktivity.ch\/fr\/shop\/activecube-workout\/\" \/>\n<meta property=\"og:site_name\" content=\"SLACKTIVITY Slackline Shop Schweiz\" \/>\n<meta property=\"article:modified_time\" content=\"2026-05-01T07:00:04+00:00\" \/>\n<meta property=\"og:image\" content=\"https:\/\/slacktivity.ch\/wp-content\/uploads\/2021\/02\/street-workout-installation.jpg\" \/>\n\t<meta property=\"og:image:width\" content=\"1180\" \/>\n\t<meta property=\"og:image:height\" content=\"1377\" \/>\n\t<meta property=\"og:image:type\" content=\"image\/jpeg\" \/>\n<meta name=\"twitter:card\" content=\"summary_large_image\" \/>\n<script type=\"application\/ld+json\" class=\"yoast-schema-graph\">{\"@context\":\"https:\\\/\\\/schema.org\",\"@graph\":[{\"@type\":\"WebPage\",\"@id\":\"https:\\\/\\\/slacktivity.ch\\\/fr\\\/shop\\\/activecube-workout\\\/\",\"url\":\"https:\\\/\\\/slacktivity.ch\\\/fr\\\/shop\\\/activecube-workout\\\/\",\"name\":\"ActiveCube | Workout - SLACKTIVITY Slackline Shop Schweiz\",\"isPartOf\":{\"@id\":\"https:\\\/\\\/slacktivity.ch\\\/fr\\\/#website\"},\"primaryImageOfPage\":{\"@id\":\"https:\\\/\\\/slacktivity.ch\\\/fr\\\/shop\\\/activecube-workout\\\/#primaryimage\"},\"image\":{\"@id\":\"https:\\\/\\\/slacktivity.ch\\\/fr\\\/shop\\\/activecube-workout\\\/#primaryimage\"},\"thumbnailUrl\":\"https:\\\/\\\/slacktivity.ch\\\/wp-content\\\/uploads\\\/2021\\\/02\\\/street-workout-installation.jpg\",\"datePublished\":\"2021-02-22T13:54:21+00:00\",\"dateModified\":\"2026-05-01T07:00:04+00:00\",\"breadcrumb\":{\"@id\":\"https:\\\/\\\/slacktivity.ch\\\/fr\\\/shop\\\/activecube-workout\\\/#breadcrumb\"},\"inLanguage\":\"fr-FR\",\"potentialAction\":[{\"@type\":\"ReadAction\",\"target\":[\"https:\\\/\\\/slacktivity.ch\\\/fr\\\/shop\\\/activecube-workout\\\/\"]}]},{\"@type\":\"ImageObject\",\"inLanguage\":\"fr-FR\",\"@id\":\"https:\\\/\\\/slacktivity.ch\\\/fr\\\/shop\\\/activecube-workout\\\/#primaryimage\",\"url\":\"https:\\\/\\\/slacktivity.ch\\\/wp-content\\\/uploads\\\/2021\\\/02\\\/street-workout-installation.jpg\",\"contentUrl\":\"https:\\\/\\\/slacktivity.ch\\\/wp-content\\\/uploads\\\/2021\\\/02\\\/street-workout-installation.jpg\",\"width\":1180,\"height\":1377,\"caption\":\"street workout installation\"},{\"@type\":\"BreadcrumbList\",\"@id\":\"https:\\\/\\\/slacktivity.ch\\\/fr\\\/shop\\\/activecube-workout\\\/#breadcrumb\",\"itemListElement\":[{\"@type\":\"ListItem\",\"position\":1,\"name\":\"Home\",\"item\":\"https:\\\/\\\/slacktivity.ch\\\/fr\\\/\"},{\"@type\":\"ListItem\",\"position\":2,\"name\":\"Boutique\",\"item\":\"https:\\\/\\\/slacktivity.ch\\\/fr\\\/boutique\\\/\"},{\"@type\":\"ListItem\",\"position\":3,\"name\":\"ActiveCube | Workout\"}]},{\"@type\":\"WebSite\",\"@id\":\"https:\\\/\\\/slacktivity.ch\\\/fr\\\/#website\",\"url\":\"https:\\\/\\\/slacktivity.ch\\\/fr\\\/\",\"name\":\"SLACKTIVITY Slackline Shop Schweiz\",\"description\":\"Ensembles de slackline de haute qualit\u00e9 avec montage facile, produits innovants Highline et accessoires de slackline acheter en ligne. Pour les enfants, les d\u00e9butants et les professionnels.\",\"publisher\":{\"@id\":\"https:\\\/\\\/slacktivity.ch\\\/fr\\\/#organization\"},\"potentialAction\":[{\"@type\":\"SearchAction\",\"target\":{\"@type\":\"EntryPoint\",\"urlTemplate\":\"https:\\\/\\\/slacktivity.ch\\\/fr\\\/?s={search_term_string}\"},\"query-input\":{\"@type\":\"PropertyValueSpecification\",\"valueRequired\":true,\"valueName\":\"search_term_string\"}}],\"inLanguage\":\"fr-FR\"},{\"@type\":\"Organization\",\"@id\":\"https:\\\/\\\/slacktivity.ch\\\/fr\\\/#organization\",\"name\":\"SLACKTIVITY Slackline Shop Schweiz\",\"url\":\"https:\\\/\\\/slacktivity.ch\\\/fr\\\/\",\"logo\":{\"@type\":\"ImageObject\",\"inLanguage\":\"fr-FR\",\"@id\":\"https:\\\/\\\/slacktivity.ch\\\/fr\\\/#\\\/schema\\\/logo\\\/image\\\/\",\"url\":\"https:\\\/\\\/slacktivity.ch\\\/wp-content\\\/uploads\\\/2021\\\/01\\\/slacktivity-slackline-online-shop-1.png\",\"contentUrl\":\"https:\\\/\\\/slacktivity.ch\\\/wp-content\\\/uploads\\\/2021\\\/01\\\/slacktivity-slackline-online-shop-1.png\",\"width\":200,\"height\":77,\"caption\":\"SLACKTIVITY Slackline Shop Schweiz\"},\"image\":{\"@id\":\"https:\\\/\\\/slacktivity.ch\\\/fr\\\/#\\\/schema\\\/logo\\\/image\\\/\"}}]}<\/script>\n<!-- \/ Yoast SEO plugin. -->","yoast_head_json":{"title":"ActiveCube | Workout - SLACKTIVITY Slackline Shop Schweiz","robots":{"index":"index","follow":"follow","max-snippet":"max-snippet:-1","max-image-preview":"max-image-preview:large","max-video-preview":"max-video-preview:-1"},"canonical":"https:\/\/slacktivity.ch\/fr\/shop\/activecube-workout\/","og_locale":"fr_FR","og_type":"article","og_title":"ActiveCube | Workout - SLACKTIVITY Slackline Shop Schweiz","og_description":"L'installation Street Workout est id\u00e9ale pour les petits espaces, car elle n\u00e9cessite moins de deux m\u00e8tres carr\u00e9s de surface au sol pour la calist\u00e9nie dans son propre jardin. La barre de traction r\u00e9glable en hauteur de 3cm d'\u00e9paisseur et les tubes d'angle de 5cm offrent de nombreuses possibilit\u00e9s d'entra\u00eenement en plein air.D\u00e9lai de livraison: env. 2 \u2013 4 semaines","og_url":"https:\/\/slacktivity.ch\/fr\/shop\/activecube-workout\/","og_site_name":"SLACKTIVITY Slackline Shop Schweiz","article_modified_time":"2026-05-01T07:00:04+00:00","og_image":[{"width":1180,"height":1377,"url":"https:\/\/slacktivity.ch\/wp-content\/uploads\/2021\/02\/street-workout-installation.jpg","type":"image\/jpeg"}],"twitter_card":"summary_large_image","schema":{"@context":"https:\/\/schema.org","@graph":[{"@type":"WebPage","@id":"https:\/\/slacktivity.ch\/fr\/shop\/activecube-workout\/","url":"https:\/\/slacktivity.ch\/fr\/shop\/activecube-workout\/","name":"ActiveCube | Workout - SLACKTIVITY Slackline Shop Schweiz","isPartOf":{"@id":"https:\/\/slacktivity.ch\/fr\/#website"},"primaryImageOfPage":{"@id":"https:\/\/slacktivity.ch\/fr\/shop\/activecube-workout\/#primaryimage"},"image":{"@id":"https:\/\/slacktivity.ch\/fr\/shop\/activecube-workout\/#primaryimage"},"thumbnailUrl":"https:\/\/slacktivity.ch\/wp-content\/uploads\/2021\/02\/street-workout-installation.jpg","datePublished":"2021-02-22T13:54:21+00:00","dateModified":"2026-05-01T07:00:04+00:00","breadcrumb":{"@id":"https:\/\/slacktivity.ch\/fr\/shop\/activecube-workout\/#breadcrumb"},"inLanguage":"fr-FR","potentialAction":[{"@type":"ReadAction","target":["https:\/\/slacktivity.ch\/fr\/shop\/activecube-workout\/"]}]},{"@type":"ImageObject","inLanguage":"fr-FR","@id":"https:\/\/slacktivity.ch\/fr\/shop\/activecube-workout\/#primaryimage","url":"https:\/\/slacktivity.ch\/wp-content\/uploads\/2021\/02\/street-workout-installation.jpg","contentUrl":"https:\/\/slacktivity.ch\/wp-content\/uploads\/2021\/02\/street-workout-installation.jpg","width":1180,"height":1377,"caption":"street workout installation"},{"@type":"BreadcrumbList","@id":"https:\/\/slacktivity.ch\/fr\/shop\/activecube-workout\/#breadcrumb","itemListElement":[{"@type":"ListItem","position":1,"name":"Home","item":"https:\/\/slacktivity.ch\/fr\/"},{"@type":"ListItem","position":2,"name":"Boutique","item":"https:\/\/slacktivity.ch\/fr\/boutique\/"},{"@type":"ListItem","position":3,"name":"ActiveCube | Workout"}]},{"@type":"WebSite","@id":"https:\/\/slacktivity.ch\/fr\/#website","url":"https:\/\/slacktivity.ch\/fr\/","name":"SLACKTIVITY Slackline Shop Schweiz","description":"Ensembles de slackline de haute qualit\u00e9 avec montage facile, produits innovants Highline et accessoires de slackline acheter en ligne. Pour les enfants, les d\u00e9butants et les professionnels.","publisher":{"@id":"https:\/\/slacktivity.ch\/fr\/#organization"},"potentialAction":[{"@type":"SearchAction","target":{"@type":"EntryPoint","urlTemplate":"https:\/\/slacktivity.ch\/fr\/?s={search_term_string}"},"query-input":{"@type":"PropertyValueSpecification","valueRequired":true,"valueName":"search_term_string"}}],"inLanguage":"fr-FR"},{"@type":"Organization","@id":"https:\/\/slacktivity.ch\/fr\/#organization","name":"SLACKTIVITY Slackline Shop Schweiz","url":"https:\/\/slacktivity.ch\/fr\/","logo":{"@type":"ImageObject","inLanguage":"fr-FR","@id":"https:\/\/slacktivity.ch\/fr\/#\/schema\/logo\/image\/","url":"https:\/\/slacktivity.ch\/wp-content\/uploads\/2021\/01\/slacktivity-slackline-online-shop-1.png","contentUrl":"https:\/\/slacktivity.ch\/wp-content\/uploads\/2021\/01\/slacktivity-slackline-online-shop-1.png","width":200,"height":77,"caption":"SLACKTIVITY Slackline Shop Schweiz"},"image":{"@id":"https:\/\/slacktivity.ch\/fr\/#\/schema\/logo\/image\/"}}]}},"_links":{"self":[{"href":"https:\/\/slacktivity.ch\/fr\/wp-json\/wp\/v2\/product\/13473","targetHints":{"allow":["GET"]}}],"collection":[{"href":"https:\/\/slacktivity.ch\/fr\/wp-json\/wp\/v2\/product"}],"about":[{"href":"https:\/\/slacktivity.ch\/fr\/wp-json\/wp\/v2\/types\/product"}],"replies":[{"embeddable":true,"href":"https:\/\/slacktivity.ch\/fr\/wp-json\/wp\/v2\/comments?post=13473"}],"wp:featuredmedia":[{"embeddable":true,"href":"https:\/\/slacktivity.ch\/fr\/wp-json\/wp\/v2\/media\/5983"}],"wp:attachment":[{"href":"https:\/\/slacktivity.ch\/fr\/wp-json\/wp\/v2\/media?parent=13473"}],"wp:term":[{"taxonomy":"product_cat","embeddable":true,"href":"https:\/\/slacktivity.ch\/fr\/wp-json\/wp\/v2\/product_cat?post=13473"},{"taxonomy":"product_tag","embeddable":true,"href":"https:\/\/slacktivity.ch\/fr\/wp-json\/wp\/v2\/product_tag?post=13473"}],"curies":[{"name":"wp","href":"https:\/\/api.w.org\/{rel}","templated":true}]}}