{"id":13480,"date":"2021-02-22T15:55:10","date_gmt":"2021-02-22T15:55:10","guid":{"rendered":"https:\/\/slacktivity.ch\/?post_type=product&#038;p=13480"},"modified":"2026-05-01T08:47:15","modified_gmt":"2026-05-01T06:47:15","slug":"activecube-upgrades","status":"publish","type":"product","link":"https:\/\/slacktivity.ch\/fr\/shop\/activecube-upgrades\/","title":{"rendered":"ActiveCube | Upgrades"},"content":{"rendered":"<p>Upgrade 1 &#8211; Workout vers Basic<br \/>Contenu de la livraison (poids total: 138kg)<\/p>\n<ul>\n<li>6 x tuyaux 2.45m D=5cm<\/li>\n<li>4 x tuyaux 1.45m D=5cm<\/li>\n<li>1 x tuyaux 1.00m D=5cm<\/li>\n<li>4 x tuyaux 1.45m D=3cm<\/li>\n<li>3 x ancrages au sol<\/li>\n<li>6 x connecteurs de tube \u00e0 angle variable 5-5-5<\/li>\n<li>5 x connecteurs d&rsquo;angle ferm\u00e9 5-5-5<\/li>\n<li>2 x connecteurs T 5-5-5<\/li>\n<li>6 x connecteurs T 5-3-5<\/li>\n<li>2 x adaptateurs de tube 5-&gt;3<\/li>\n<\/ul>\n<p>Upgrade 2 &#8211; Workout vers Pro<br \/>Contenu de la livraison (poids total: 200kg)<\/p>\n<ul>\n<li>8 x tuyaux 2.45m D=5cm<\/li>\n<li>6 x tuyaux 1.45m D=5cm<\/li>\n<li>2 x tuyaux 1.0m D=5cm<\/li>\n<li>7 x tuyaux 1.45m D=3cm<\/li>\n<li>4 x ancrages dans le sol 2.0 (L=95cm)<\/li>\n<li>8 x connecteurs de tube \u00e0 angle variable 5-5-5<\/li>\n<li>6 x connecteurs d&rsquo;angle ferm\u00e9 5-5-5<\/li>\n<li>6 x connecteurs T 5-5-5<\/li>\n<li>12 x connecteurs T 5-3-5<\/li>\n<li>2 x adaptateurs de tube 5-&gt;3<\/li>\n<\/ul>\n<p>Upgrade 3 &#8211; Basic vers Pro<br \/>Contenu de la livraison (poids total: 63kg)<\/p>\n<ul>\n<li>2 x tuyaux 2.45m D=5cm<\/li>\n<li>2 x tuyaux 1.45m D=5cm<\/li>\n<li>1 x tuyaux 1.0m D=5cm<\/li>\n<li>3 x tuyaux 1.45m D=3cm<\/li>\n<li>1 x ancrage dans le sol 2.0 (L=95cm)<\/li>\n<li>2 x connecteurs de tube \u00e0 angle variable 5-5-5<\/li>\n<li>1 x connecteur d&rsquo;angle ferm\u00e9 5-5-5<\/li>\n<li>6 x connecteurs T 5-3-5<\/li>\n<\/ul>\n<p>\u00c9conomiser les frais de livraison: Un retrait \u00e0 Zurich est \u00e9galement possible sur rendez-vous.<\/p>\n","protected":false},"excerpt":{"rendered":"<p>L&rsquo;ActiveCube peut d\u00e9sormais \u00eatre mis \u00e0 niveau. Vous pouvez commencer avec un mod\u00e8le simple et l&rsquo;agrandir plus tard en fonction de vos besoins d&rsquo;entra\u00eenement croissants.<br \/>D\u00e9lai de livraison: env. 2 \u2013 4 semaines<\/p>\n","protected":false},"featured_media":6047,"comment_status":"open","ping_status":"closed","template":"","meta":{"_acf_changed":false,"_joinchat":[]},"product_cat":[906],"product_tag":[],"class_list":{"0":"post-13480","1":"product","2":"type-product","3":"status-publish","4":"has-post-thumbnail","6":"product_cat-activecube","7":"pa_brand-activecube","9":"first","10":"instock","11":"taxable","12":"shipping-taxable","13":"purchasable","14":"product-type-variable"},"acf":[],"yoast_head":"<!-- This site is optimized with the Yoast SEO plugin v27.4 - https:\/\/yoast.com\/product\/yoast-seo-wordpress\/ -->\n<title>ActiveCube | Upgrades - SLACKTIVITY Slackline Shop Schweiz<\/title>\n<meta name=\"robots\" content=\"index, follow, max-snippet:-1, max-image-preview:large, max-video-preview:-1\" \/>\n<link rel=\"canonical\" href=\"https:\/\/slacktivity.ch\/fr\/shop\/activecube-upgrades\/\" \/>\n<meta property=\"og:locale\" content=\"fr_FR\" \/>\n<meta property=\"og:type\" content=\"article\" \/>\n<meta property=\"og:title\" content=\"ActiveCube | Upgrades - SLACKTIVITY Slackline Shop Schweiz\" \/>\n<meta property=\"og:description\" content=\"L&#039;ActiveCube peut d\u00e9sormais \u00eatre mis \u00e0 niveau. Vous pouvez commencer avec un mod\u00e8le simple et l&#039;agrandir plus tard en fonction de vos besoins d&#039;entra\u00eenement croissants.D\u00e9lai de livraison: env. 2 \u2013 4 semaines\" \/>\n<meta property=\"og:url\" content=\"https:\/\/slacktivity.ch\/fr\/shop\/activecube-upgrades\/\" \/>\n<meta property=\"og:site_name\" content=\"SLACKTIVITY Slackline Shop Schweiz\" \/>\n<meta property=\"article:modified_time\" content=\"2026-05-01T06:47:15+00:00\" \/>\n<meta property=\"og:image\" content=\"https:\/\/slacktivity.ch\/wp-content\/uploads\/2021\/02\/klimmzugstange-fur-garten-upgrade-1.jpg\" \/>\n\t<meta property=\"og:image:width\" content=\"1180\" \/>\n\t<meta property=\"og:image:height\" content=\"1377\" \/>\n\t<meta property=\"og:image:type\" content=\"image\/jpeg\" \/>\n<meta name=\"twitter:card\" content=\"summary_large_image\" \/>\n<script type=\"application\/ld+json\" class=\"yoast-schema-graph\">{\"@context\":\"https:\\\/\\\/schema.org\",\"@graph\":[{\"@type\":\"WebPage\",\"@id\":\"https:\\\/\\\/slacktivity.ch\\\/fr\\\/shop\\\/activecube-upgrades\\\/\",\"url\":\"https:\\\/\\\/slacktivity.ch\\\/fr\\\/shop\\\/activecube-upgrades\\\/\",\"name\":\"ActiveCube | Upgrades - SLACKTIVITY Slackline Shop Schweiz\",\"isPartOf\":{\"@id\":\"https:\\\/\\\/slacktivity.ch\\\/fr\\\/#website\"},\"primaryImageOfPage\":{\"@id\":\"https:\\\/\\\/slacktivity.ch\\\/fr\\\/shop\\\/activecube-upgrades\\\/#primaryimage\"},\"image\":{\"@id\":\"https:\\\/\\\/slacktivity.ch\\\/fr\\\/shop\\\/activecube-upgrades\\\/#primaryimage\"},\"thumbnailUrl\":\"https:\\\/\\\/slacktivity.ch\\\/wp-content\\\/uploads\\\/2021\\\/02\\\/klimmzugstange-fur-garten-upgrade-1.jpg\",\"datePublished\":\"2021-02-22T15:55:10+00:00\",\"dateModified\":\"2026-05-01T06:47:15+00:00\",\"breadcrumb\":{\"@id\":\"https:\\\/\\\/slacktivity.ch\\\/fr\\\/shop\\\/activecube-upgrades\\\/#breadcrumb\"},\"inLanguage\":\"fr-FR\",\"potentialAction\":[{\"@type\":\"ReadAction\",\"target\":[\"https:\\\/\\\/slacktivity.ch\\\/fr\\\/shop\\\/activecube-upgrades\\\/\"]}]},{\"@type\":\"ImageObject\",\"inLanguage\":\"fr-FR\",\"@id\":\"https:\\\/\\\/slacktivity.ch\\\/fr\\\/shop\\\/activecube-upgrades\\\/#primaryimage\",\"url\":\"https:\\\/\\\/slacktivity.ch\\\/wp-content\\\/uploads\\\/2021\\\/02\\\/klimmzugstange-fur-garten-upgrade-1.jpg\",\"contentUrl\":\"https:\\\/\\\/slacktivity.ch\\\/wp-content\\\/uploads\\\/2021\\\/02\\\/klimmzugstange-fur-garten-upgrade-1.jpg\",\"width\":1180,\"height\":1377,\"caption\":\"klimmzugstange fur garten-upgrade-1\"},{\"@type\":\"BreadcrumbList\",\"@id\":\"https:\\\/\\\/slacktivity.ch\\\/fr\\\/shop\\\/activecube-upgrades\\\/#breadcrumb\",\"itemListElement\":[{\"@type\":\"ListItem\",\"position\":1,\"name\":\"Home\",\"item\":\"https:\\\/\\\/slacktivity.ch\\\/fr\\\/\"},{\"@type\":\"ListItem\",\"position\":2,\"name\":\"Boutique\",\"item\":\"https:\\\/\\\/slacktivity.ch\\\/fr\\\/boutique\\\/\"},{\"@type\":\"ListItem\",\"position\":3,\"name\":\"ActiveCube | Upgrades\"}]},{\"@type\":\"WebSite\",\"@id\":\"https:\\\/\\\/slacktivity.ch\\\/fr\\\/#website\",\"url\":\"https:\\\/\\\/slacktivity.ch\\\/fr\\\/\",\"name\":\"SLACKTIVITY Slackline Shop Schweiz\",\"description\":\"Ensembles de slackline de haute qualit\u00e9 avec montage facile, produits innovants Highline et accessoires de slackline acheter en ligne. Pour les enfants, les d\u00e9butants et les professionnels.\",\"publisher\":{\"@id\":\"https:\\\/\\\/slacktivity.ch\\\/fr\\\/#organization\"},\"potentialAction\":[{\"@type\":\"SearchAction\",\"target\":{\"@type\":\"EntryPoint\",\"urlTemplate\":\"https:\\\/\\\/slacktivity.ch\\\/fr\\\/?s={search_term_string}\"},\"query-input\":{\"@type\":\"PropertyValueSpecification\",\"valueRequired\":true,\"valueName\":\"search_term_string\"}}],\"inLanguage\":\"fr-FR\"},{\"@type\":\"Organization\",\"@id\":\"https:\\\/\\\/slacktivity.ch\\\/fr\\\/#organization\",\"name\":\"SLACKTIVITY Slackline Shop Schweiz\",\"url\":\"https:\\\/\\\/slacktivity.ch\\\/fr\\\/\",\"logo\":{\"@type\":\"ImageObject\",\"inLanguage\":\"fr-FR\",\"@id\":\"https:\\\/\\\/slacktivity.ch\\\/fr\\\/#\\\/schema\\\/logo\\\/image\\\/\",\"url\":\"https:\\\/\\\/slacktivity.ch\\\/wp-content\\\/uploads\\\/2021\\\/01\\\/slacktivity-slackline-online-shop-1.png\",\"contentUrl\":\"https:\\\/\\\/slacktivity.ch\\\/wp-content\\\/uploads\\\/2021\\\/01\\\/slacktivity-slackline-online-shop-1.png\",\"width\":200,\"height\":77,\"caption\":\"SLACKTIVITY Slackline Shop Schweiz\"},\"image\":{\"@id\":\"https:\\\/\\\/slacktivity.ch\\\/fr\\\/#\\\/schema\\\/logo\\\/image\\\/\"}}]}<\/script>\n<!-- \/ Yoast SEO plugin. -->","yoast_head_json":{"title":"ActiveCube | Upgrades - SLACKTIVITY Slackline Shop Schweiz","robots":{"index":"index","follow":"follow","max-snippet":"max-snippet:-1","max-image-preview":"max-image-preview:large","max-video-preview":"max-video-preview:-1"},"canonical":"https:\/\/slacktivity.ch\/fr\/shop\/activecube-upgrades\/","og_locale":"fr_FR","og_type":"article","og_title":"ActiveCube | Upgrades - SLACKTIVITY Slackline Shop Schweiz","og_description":"L'ActiveCube peut d\u00e9sormais \u00eatre mis \u00e0 niveau. Vous pouvez commencer avec un mod\u00e8le simple et l'agrandir plus tard en fonction de vos besoins d'entra\u00eenement croissants.D\u00e9lai de livraison: env. 2 \u2013 4 semaines","og_url":"https:\/\/slacktivity.ch\/fr\/shop\/activecube-upgrades\/","og_site_name":"SLACKTIVITY Slackline Shop Schweiz","article_modified_time":"2026-05-01T06:47:15+00:00","og_image":[{"width":1180,"height":1377,"url":"https:\/\/slacktivity.ch\/wp-content\/uploads\/2021\/02\/klimmzugstange-fur-garten-upgrade-1.jpg","type":"image\/jpeg"}],"twitter_card":"summary_large_image","schema":{"@context":"https:\/\/schema.org","@graph":[{"@type":"WebPage","@id":"https:\/\/slacktivity.ch\/fr\/shop\/activecube-upgrades\/","url":"https:\/\/slacktivity.ch\/fr\/shop\/activecube-upgrades\/","name":"ActiveCube | Upgrades - SLACKTIVITY Slackline Shop Schweiz","isPartOf":{"@id":"https:\/\/slacktivity.ch\/fr\/#website"},"primaryImageOfPage":{"@id":"https:\/\/slacktivity.ch\/fr\/shop\/activecube-upgrades\/#primaryimage"},"image":{"@id":"https:\/\/slacktivity.ch\/fr\/shop\/activecube-upgrades\/#primaryimage"},"thumbnailUrl":"https:\/\/slacktivity.ch\/wp-content\/uploads\/2021\/02\/klimmzugstange-fur-garten-upgrade-1.jpg","datePublished":"2021-02-22T15:55:10+00:00","dateModified":"2026-05-01T06:47:15+00:00","breadcrumb":{"@id":"https:\/\/slacktivity.ch\/fr\/shop\/activecube-upgrades\/#breadcrumb"},"inLanguage":"fr-FR","potentialAction":[{"@type":"ReadAction","target":["https:\/\/slacktivity.ch\/fr\/shop\/activecube-upgrades\/"]}]},{"@type":"ImageObject","inLanguage":"fr-FR","@id":"https:\/\/slacktivity.ch\/fr\/shop\/activecube-upgrades\/#primaryimage","url":"https:\/\/slacktivity.ch\/wp-content\/uploads\/2021\/02\/klimmzugstange-fur-garten-upgrade-1.jpg","contentUrl":"https:\/\/slacktivity.ch\/wp-content\/uploads\/2021\/02\/klimmzugstange-fur-garten-upgrade-1.jpg","width":1180,"height":1377,"caption":"klimmzugstange fur garten-upgrade-1"},{"@type":"BreadcrumbList","@id":"https:\/\/slacktivity.ch\/fr\/shop\/activecube-upgrades\/#breadcrumb","itemListElement":[{"@type":"ListItem","position":1,"name":"Home","item":"https:\/\/slacktivity.ch\/fr\/"},{"@type":"ListItem","position":2,"name":"Boutique","item":"https:\/\/slacktivity.ch\/fr\/boutique\/"},{"@type":"ListItem","position":3,"name":"ActiveCube | Upgrades"}]},{"@type":"WebSite","@id":"https:\/\/slacktivity.ch\/fr\/#website","url":"https:\/\/slacktivity.ch\/fr\/","name":"SLACKTIVITY Slackline Shop Schweiz","description":"Ensembles de slackline de haute qualit\u00e9 avec montage facile, produits innovants Highline et accessoires de slackline acheter en ligne. Pour les enfants, les d\u00e9butants et les professionnels.","publisher":{"@id":"https:\/\/slacktivity.ch\/fr\/#organization"},"potentialAction":[{"@type":"SearchAction","target":{"@type":"EntryPoint","urlTemplate":"https:\/\/slacktivity.ch\/fr\/?s={search_term_string}"},"query-input":{"@type":"PropertyValueSpecification","valueRequired":true,"valueName":"search_term_string"}}],"inLanguage":"fr-FR"},{"@type":"Organization","@id":"https:\/\/slacktivity.ch\/fr\/#organization","name":"SLACKTIVITY Slackline Shop Schweiz","url":"https:\/\/slacktivity.ch\/fr\/","logo":{"@type":"ImageObject","inLanguage":"fr-FR","@id":"https:\/\/slacktivity.ch\/fr\/#\/schema\/logo\/image\/","url":"https:\/\/slacktivity.ch\/wp-content\/uploads\/2021\/01\/slacktivity-slackline-online-shop-1.png","contentUrl":"https:\/\/slacktivity.ch\/wp-content\/uploads\/2021\/01\/slacktivity-slackline-online-shop-1.png","width":200,"height":77,"caption":"SLACKTIVITY Slackline Shop Schweiz"},"image":{"@id":"https:\/\/slacktivity.ch\/fr\/#\/schema\/logo\/image\/"}}]}},"_links":{"self":[{"href":"https:\/\/slacktivity.ch\/fr\/wp-json\/wp\/v2\/product\/13480","targetHints":{"allow":["GET"]}}],"collection":[{"href":"https:\/\/slacktivity.ch\/fr\/wp-json\/wp\/v2\/product"}],"about":[{"href":"https:\/\/slacktivity.ch\/fr\/wp-json\/wp\/v2\/types\/product"}],"replies":[{"embeddable":true,"href":"https:\/\/slacktivity.ch\/fr\/wp-json\/wp\/v2\/comments?post=13480"}],"wp:featuredmedia":[{"embeddable":true,"href":"https:\/\/slacktivity.ch\/fr\/wp-json\/wp\/v2\/media\/6047"}],"wp:attachment":[{"href":"https:\/\/slacktivity.ch\/fr\/wp-json\/wp\/v2\/media?parent=13480"}],"wp:term":[{"taxonomy":"product_cat","embeddable":true,"href":"https:\/\/slacktivity.ch\/fr\/wp-json\/wp\/v2\/product_cat?post=13480"},{"taxonomy":"product_tag","embeddable":true,"href":"https:\/\/slacktivity.ch\/fr\/wp-json\/wp\/v2\/product_tag?post=13480"}],"curies":[{"name":"wp","href":"https:\/\/api.w.org\/{rel}","templated":true}]}}