{"id":13484,"date":"2021-02-22T15:55:31","date_gmt":"2021-02-22T13:55:31","guid":{"rendered":"https:\/\/slacktivity.ch\/?post_type=product&#038;p=13484"},"modified":"2026-05-01T09:02:07","modified_gmt":"2026-05-01T07:02:07","slug":"activecube-pro","status":"publish","type":"product","link":"https:\/\/slacktivity.ch\/fr\/shop\/activecube-pro\/","title":{"rendered":"ActiveCube | Pro"},"content":{"rendered":"<h2>ActiveCube Pro | La structure d&rsquo;escalade pour l&rsquo;entra\u00eenement au jardin<\/h2>\n<p>Cette structure d&rsquo;escalade offre d&rsquo;innombrables possibilit\u00e9s de montage pour une vari\u00e9t\u00e9 maximale dans l&rsquo;entra\u00eenement d&rsquo;escalade. Le montage de l&rsquo;ActiveCube Pro pr\u00e9sent\u00e9 ici n&rsquo;est qu&rsquo;une des innombrables variations de configuration. Il convient ainsi aux d\u00e9butants et aux professionnels de la calist\u00e9nie, mais aussi aux traceurs de parkour, aux sportifs freestyle et aux gymnastes artistiques.<\/p>\n<h3>Rack d&rsquo;entra\u00eenement pour le jardin<\/h3>\n<p>L&rsquo;ActiveCube\u00ae Pro est le mod\u00e8le qui offre le plus de variation dans le montage. En environ 3 heures, la structure d&rsquo;escalade est assembl\u00e9e \u00e0 deux personnes et, gr\u00e2ce \u00e0 la protection anticorrosion, elle est parfaitement pr\u00e9par\u00e9e pour une utilisation ext\u00e9rieure sur plusieurs ann\u00e9es. La surface au sol n\u00e9cessaire pour le mod\u00e8le Pro est: 300 x 250cm.<\/p>\n<p>Aucune fondation en b\u00e9ton n&rsquo;est n\u00e9cessaire pour l&rsquo;installation. Gr\u00e2ce aux ancrages au sol 2.0 et aux connecteurs de tube r\u00e9glables, le Cube peut \u00eatre d\u00e9mont\u00e9, remont\u00e9 ou d\u00e9plac\u00e9 \u00e0 tout moment.<\/p>\n<h3>Contenu de la livraison structure d&rsquo;escalade (poids total: 255kg)<\/h3>\n<ul>\n<li>10 x tuyaux 2,45m D=5cm<\/li>\n<li>6 x tuyaux 1,45m D=5cm<\/li>\n<li>5 x tuyaux 1,0m D=5cm<\/li>\n<li>8 x tuyaux 1,45m D=3cm<\/li>\n<li>7 x ancrages au sol 2.0 (L=95cm)<\/li>\n<li>8 x connecteurs de tube \u00e0 angle variable 5-5-5<\/li>\n<li>7 x connecteurs d&rsquo;angle ferm\u00e9 5-5-5<\/li>\n<li>8 x connecteurs d&rsquo;angle continu 5-5-5<\/li>\n<li>14 x connecteurs T 5-3-5<\/li>\n<li>2 x adaptateurs de tube 5-&gt;3<\/li>\n<\/ul>\n<p>\u00c9conomiser les frais de livraison: Un retrait \u00e0 Zurich est \u00e9galement possible sur rendez-vous (\u00e0 noter dans le champ commentaires).<\/p>\n<h3>FONCTIONNALIT\u00c9S de la s\u00e9rie PRO: barre de traction, barres parall\u00e8les, espaliers, Monkey-Bar, Devil&rsquo;s Ladder, lowBar, slopedBar, coin de dips, Pole-Bar<\/h3>\n<h4>Barre de traction (Pull-up-Bar)<\/h4>\n<p>La hauteur de la barre de traction de la s\u00e9rie Pro est de 245cm et permet un \u00abd\u00e9gagement\u00bb complet des \u00e9paules m\u00eame pour les sportifs de grande taille. Gr\u00e2ce aux entretoises et aux massifs ancrages au sol, la barre de traction est stable de tous c\u00f4t\u00e9s et convient donc \u00e9galement aux mouvements dynamiques. Le diam\u00e8tre des tubes de 3cm correspond environ au diam\u00e8tre standard des barres de gym. Gr\u00e2ce \u00e0 sa longueur de 145cm, la barre de traction offre une grande vari\u00e9t\u00e9 de positions de prise, des prises \u00e9troites aux prises larges. La surface galvanis\u00e9e \u00e0 chaud des tubes en acier offre, en plus d&rsquo;une bonne protection anticorrosion, une prise id\u00e9ale.<\/p>\n<ul>\n<li>Hauteur (depuis le sol): 20 &#8211; 245cm<\/li>\n<li>Longueur: 145cm<\/li>\n<li>Diam\u00e8tre: 3cm<\/li>\n<\/ul>\n<h4>Barres parall\u00e8les (parallel-Barren)<\/h4>\n<p>Les barres parall\u00e8les sont un \u00e9l\u00e9ment indispensable pour une multitude d&rsquo;exercices de pouss\u00e9e et de gainage. Elles conviennent \u00e9galement parfaitement aux sauts de pr\u00e9cision et aux kongs (mouvements parkour). Gr\u00e2ce aux connecteurs T r\u00e9glables en continu, la distance entre les deux barres peut \u00eatre ajust\u00e9e librement. La distance par rapport au sol est de 100cm (un montage \u00e0 145cm ou 245cm est \u00e9galement possible). Les tubes galvanis\u00e9s \u00e0 chaud avec un diam\u00e8tre de 5cm offrent une grande surface d&rsquo;appui agr\u00e9able pour les mains.<\/p>\n<ul>\n<li>Hauteur (depuis le sol): 100cm<\/li>\n<li>Longueur: 245cm<\/li>\n<li>Diam\u00e8tre: 5cm<\/li>\n<\/ul>\n<h4>Espaliers (Sprossen-Wand)<\/h4>\n<p>En calist\u00e9nie, les espaliers (Wall-Bars) sont utilis\u00e9s notamment pour le Human-Flag, les exercices de tronc et de suspension. Gr\u00e2ce \u00e0 la r\u00e9glabilit\u00e9 des barreaux individuels, il est possible de trouver la distance parfaite pour le Human-Flag. Les barreaux disponibles sont des tubes galvanis\u00e9s \u00e0 chaud avec un diam\u00e8tre de 3cm et de 5cm. Les tubes de 3cm sont id\u00e9aux pour le Human-Flag pour la barre sup\u00e9rieure, car ils permettent une prise parfaite avec la main. Pour la barre inf\u00e9rieure, le tube de 5cm est pr\u00e9f\u00e9rable car il offre une surface d&rsquo;appui plus grande et donc plus agr\u00e9able.<\/p>\n<ul>\n<li>Hauteur (depuis le sol): 5 &#8211; 245cm<\/li>\n<li>Longueur: 145cm<\/li>\n<li>Diam\u00e8tre: 3cm et 5cm<\/li>\n<\/ul>\n<h4>Monkey-Bar<\/h4>\n<p>Les Monkey-Bars (\u00e9chelle horizontale) sont utilis\u00e9s pour les exercices de suspension statiques et dynamiques en calist\u00e9nie comme en parkour. Le set Pro comprend \u00e0 la fois des barreaux de 3cm et des barreaux de 5cm de diam\u00e8tre.<\/p>\n<h4>Devil&rsquo;s Ladder<\/h4>\n<p>La Devil&rsquo;s Ladder est utilis\u00e9e pour les exercices de force explosive mais aussi pour les mouvements statiques. L&rsquo;espacement des barreaux et l&rsquo;angle d&rsquo;inclinaison r\u00e9glables en continu permettent d&rsquo;approcher progressivement la bonne position corporelle pour le Human-Flag. Elle est \u00e9galement int\u00e9ressante pour les grimpeurs.<\/p>\n<ul>\n<li>Hauteur (depuis le sol): 160 &#8211; 245cm<\/li>\n<li>Longueur: 145cm<\/li>\n<li>Diam\u00e8tre: 3cm et 5cm<\/li>\n<\/ul>\n<h4>low-Bar<\/h4>\n<p>La lowBar peut \u00eatre utilis\u00e9e pour faciliter les exercices au poids du corps comme les pompes. Elle est \u00e9galement id\u00e9ale pour les sauts de pr\u00e9cision ou les exercices d&rsquo;\u00e9quilibre en parkour.<\/p>\n<ul>\n<li>Hauteur (depuis le sol): 10 &#8211; 100cm<\/li>\n<li>Longueur: 245cm<\/li>\n<li>Diam\u00e8tre: 5cm<\/li>\n<\/ul>\n<h4>sloped-Bar<\/h4>\n<p>Les slopedBars offrent une grande vari\u00e9t\u00e9 de positions de prise pour divers exercices de suspension. Les angles sont librement r\u00e9glables et peuvent ainsi \u00eatre adapt\u00e9s aux besoins d&rsquo;entra\u00eenement. Le set Pro comprend des sloped-Bars de longueurs 100cm et 145cm.<\/p>\n<h4>Coin de dips (Dip-Corner)<\/h4>\n<p>Le coin de dips offre des conditions d&rsquo;entra\u00eenement id\u00e9ales pour les dips, les exercices de gainage et les exercices abdominaux. Gr\u00e2ce \u00e0 l&rsquo;angle \u00e0 90 degr\u00e9s des deux tubes horizontaux, une largeur de prise individuelle est possible. La distance par rapport au sol est de 100cm.<\/p>\n<ul>\n<li>Hauteur (depuis le sol): 100cm<\/li>\n<li>Longueur tubes \u00e0 90\u00b0: 100cm<\/li>\n<li>Diam\u00e8tre: 5cm<\/li>\n<\/ul>\n<h4>Pole-Bar<\/h4>\n<p>La Pole-Bar ne s&rsquo;utilise pas uniquement pour le pole dance, elle offre \u00e9galement au sportif de calist\u00e9nie de nombreuses possibilit\u00e9s d&rsquo;entra\u00eenement, des plus simples aux plus exigeantes.<\/p>\n<ul>\n<li>Longueur: 245cm<\/li>\n<li>Diam\u00e8tre: 5cm<\/li>\n<\/ul>\n<h3>Instructions de montage de la structure d&rsquo;escalade<\/h3>\n<p>Respecter le guide d&rsquo;installation et de maintenance. Le montage n\u00e9cessite au minimum deux, id\u00e9alement trois adultes. Outils n\u00e9cessaires: cl\u00e9 Allen 1\/4&Prime; (6,35mm) + 8mm, masse. Le montage est pr\u00e9sent\u00e9 dans la galerie d&rsquo;images (vid\u00e9o) en plus du guide d&rsquo;assemblage (PDF). L&rsquo;ActiveCube ne n\u00e9cessite pas de permis de construire et est conforme \u00e0 la norme DIN 79000 (norme pour les \u00e9quipements de fitness fixes en ext\u00e9rieur), sous r\u00e9serve d&rsquo;un espace de chute suffisant, d&rsquo;un montage correct et d&rsquo;un sol appropri\u00e9.<\/p>\n","protected":false},"excerpt":{"rendered":"<p>La structure d&rsquo;escalade pour la calist\u00e9nie, le Street Workout et le parkour \u2013 le mod\u00e8le Pro ne laisse rien \u00e0 d\u00e9sirer. Les nombreuses possibilit\u00e9s de montage et de transformation feront battre le c\u0153ur de tout constructeur \u2013 du Lego pour adultes en quelque sorte.<\/p>\n<p>D\u00e9lai de livraison: env. 2 \u2013 4 semaines<\/p>\n","protected":false},"featured_media":6063,"comment_status":"open","ping_status":"closed","template":"","meta":{"_acf_changed":false,"_joinchat":[]},"product_cat":[906],"product_tag":[],"class_list":{"0":"post-13484","1":"product","2":"type-product","3":"status-publish","4":"has-post-thumbnail","6":"product_cat-activecube","8":"first","9":"instock","10":"sold-individually","11":"taxable","12":"shipping-taxable","13":"purchasable","14":"product-type-simple"},"acf":[],"yoast_head":"<!-- This site is optimized with the Yoast SEO plugin v27.4 - https:\/\/yoast.com\/product\/yoast-seo-wordpress\/ -->\n<title>ActiveCube | Pro - SLACKTIVITY Slackline Shop Schweiz<\/title>\n<meta name=\"robots\" content=\"index, follow, max-snippet:-1, max-image-preview:large, max-video-preview:-1\" \/>\n<link rel=\"canonical\" href=\"https:\/\/slacktivity.ch\/fr\/shop\/activecube-pro\/\" \/>\n<meta property=\"og:locale\" content=\"fr_FR\" \/>\n<meta property=\"og:type\" content=\"article\" \/>\n<meta property=\"og:title\" content=\"ActiveCube | Pro - SLACKTIVITY Slackline Shop Schweiz\" \/>\n<meta property=\"og:description\" content=\"La structure d&#039;escalade pour la calist\u00e9nie, le Street Workout et le parkour \u2013 le mod\u00e8le Pro ne laisse rien \u00e0 d\u00e9sirer. Les nombreuses possibilit\u00e9s de montage et de transformation feront battre le c\u0153ur de tout constructeur \u2013 du Lego pour adultes en quelque sorte.D\u00e9lai de livraison: env. 2 \u2013 4 semaines\" \/>\n<meta property=\"og:url\" content=\"https:\/\/slacktivity.ch\/fr\/shop\/activecube-pro\/\" \/>\n<meta property=\"og:site_name\" content=\"SLACKTIVITY Slackline Shop Schweiz\" \/>\n<meta property=\"article:modified_time\" content=\"2026-05-01T07:02:07+00:00\" \/>\n<meta property=\"og:image\" content=\"https:\/\/slacktivity.ch\/wp-content\/uploads\/2021\/02\/klettergeruest.jpg\" \/>\n\t<meta property=\"og:image:width\" content=\"1180\" \/>\n\t<meta property=\"og:image:height\" content=\"1377\" \/>\n\t<meta property=\"og:image:type\" content=\"image\/jpeg\" \/>\n<meta name=\"twitter:card\" content=\"summary_large_image\" \/>\n<script type=\"application\/ld+json\" class=\"yoast-schema-graph\">{\"@context\":\"https:\\\/\\\/schema.org\",\"@graph\":[{\"@type\":\"WebPage\",\"@id\":\"https:\\\/\\\/slacktivity.ch\\\/fr\\\/shop\\\/activecube-pro\\\/\",\"url\":\"https:\\\/\\\/slacktivity.ch\\\/fr\\\/shop\\\/activecube-pro\\\/\",\"name\":\"ActiveCube | Pro - SLACKTIVITY Slackline Shop Schweiz\",\"isPartOf\":{\"@id\":\"https:\\\/\\\/slacktivity.ch\\\/fr\\\/#website\"},\"primaryImageOfPage\":{\"@id\":\"https:\\\/\\\/slacktivity.ch\\\/fr\\\/shop\\\/activecube-pro\\\/#primaryimage\"},\"image\":{\"@id\":\"https:\\\/\\\/slacktivity.ch\\\/fr\\\/shop\\\/activecube-pro\\\/#primaryimage\"},\"thumbnailUrl\":\"https:\\\/\\\/slacktivity.ch\\\/wp-content\\\/uploads\\\/2021\\\/02\\\/klettergeruest.jpg\",\"datePublished\":\"2021-02-22T13:55:31+00:00\",\"dateModified\":\"2026-05-01T07:02:07+00:00\",\"breadcrumb\":{\"@id\":\"https:\\\/\\\/slacktivity.ch\\\/fr\\\/shop\\\/activecube-pro\\\/#breadcrumb\"},\"inLanguage\":\"fr-FR\",\"potentialAction\":[{\"@type\":\"ReadAction\",\"target\":[\"https:\\\/\\\/slacktivity.ch\\\/fr\\\/shop\\\/activecube-pro\\\/\"]}]},{\"@type\":\"ImageObject\",\"inLanguage\":\"fr-FR\",\"@id\":\"https:\\\/\\\/slacktivity.ch\\\/fr\\\/shop\\\/activecube-pro\\\/#primaryimage\",\"url\":\"https:\\\/\\\/slacktivity.ch\\\/wp-content\\\/uploads\\\/2021\\\/02\\\/klettergeruest.jpg\",\"contentUrl\":\"https:\\\/\\\/slacktivity.ch\\\/wp-content\\\/uploads\\\/2021\\\/02\\\/klettergeruest.jpg\",\"width\":1180,\"height\":1377,\"caption\":\"kletterger\u00fcst\"},{\"@type\":\"BreadcrumbList\",\"@id\":\"https:\\\/\\\/slacktivity.ch\\\/fr\\\/shop\\\/activecube-pro\\\/#breadcrumb\",\"itemListElement\":[{\"@type\":\"ListItem\",\"position\":1,\"name\":\"Home\",\"item\":\"https:\\\/\\\/slacktivity.ch\\\/fr\\\/\"},{\"@type\":\"ListItem\",\"position\":2,\"name\":\"Boutique\",\"item\":\"https:\\\/\\\/slacktivity.ch\\\/fr\\\/boutique\\\/\"},{\"@type\":\"ListItem\",\"position\":3,\"name\":\"ActiveCube | Pro\"}]},{\"@type\":\"WebSite\",\"@id\":\"https:\\\/\\\/slacktivity.ch\\\/fr\\\/#website\",\"url\":\"https:\\\/\\\/slacktivity.ch\\\/fr\\\/\",\"name\":\"SLACKTIVITY Slackline Shop Schweiz\",\"description\":\"Ensembles de slackline de haute qualit\u00e9 avec montage facile, produits innovants Highline et accessoires de slackline acheter en ligne. Pour les enfants, les d\u00e9butants et les professionnels.\",\"publisher\":{\"@id\":\"https:\\\/\\\/slacktivity.ch\\\/fr\\\/#organization\"},\"potentialAction\":[{\"@type\":\"SearchAction\",\"target\":{\"@type\":\"EntryPoint\",\"urlTemplate\":\"https:\\\/\\\/slacktivity.ch\\\/fr\\\/?s={search_term_string}\"},\"query-input\":{\"@type\":\"PropertyValueSpecification\",\"valueRequired\":true,\"valueName\":\"search_term_string\"}}],\"inLanguage\":\"fr-FR\"},{\"@type\":\"Organization\",\"@id\":\"https:\\\/\\\/slacktivity.ch\\\/fr\\\/#organization\",\"name\":\"SLACKTIVITY Slackline Shop Schweiz\",\"url\":\"https:\\\/\\\/slacktivity.ch\\\/fr\\\/\",\"logo\":{\"@type\":\"ImageObject\",\"inLanguage\":\"fr-FR\",\"@id\":\"https:\\\/\\\/slacktivity.ch\\\/fr\\\/#\\\/schema\\\/logo\\\/image\\\/\",\"url\":\"https:\\\/\\\/slacktivity.ch\\\/wp-content\\\/uploads\\\/2021\\\/01\\\/slacktivity-slackline-online-shop-1.png\",\"contentUrl\":\"https:\\\/\\\/slacktivity.ch\\\/wp-content\\\/uploads\\\/2021\\\/01\\\/slacktivity-slackline-online-shop-1.png\",\"width\":200,\"height\":77,\"caption\":\"SLACKTIVITY Slackline Shop Schweiz\"},\"image\":{\"@id\":\"https:\\\/\\\/slacktivity.ch\\\/fr\\\/#\\\/schema\\\/logo\\\/image\\\/\"}}]}<\/script>\n<!-- \/ Yoast SEO plugin. -->","yoast_head_json":{"title":"ActiveCube | Pro - SLACKTIVITY Slackline Shop Schweiz","robots":{"index":"index","follow":"follow","max-snippet":"max-snippet:-1","max-image-preview":"max-image-preview:large","max-video-preview":"max-video-preview:-1"},"canonical":"https:\/\/slacktivity.ch\/fr\/shop\/activecube-pro\/","og_locale":"fr_FR","og_type":"article","og_title":"ActiveCube | Pro - SLACKTIVITY Slackline Shop Schweiz","og_description":"La structure d'escalade pour la calist\u00e9nie, le Street Workout et le parkour \u2013 le mod\u00e8le Pro ne laisse rien \u00e0 d\u00e9sirer. Les nombreuses possibilit\u00e9s de montage et de transformation feront battre le c\u0153ur de tout constructeur \u2013 du Lego pour adultes en quelque sorte.D\u00e9lai de livraison: env. 2 \u2013 4 semaines","og_url":"https:\/\/slacktivity.ch\/fr\/shop\/activecube-pro\/","og_site_name":"SLACKTIVITY Slackline Shop Schweiz","article_modified_time":"2026-05-01T07:02:07+00:00","og_image":[{"width":1180,"height":1377,"url":"https:\/\/slacktivity.ch\/wp-content\/uploads\/2021\/02\/klettergeruest.jpg","type":"image\/jpeg"}],"twitter_card":"summary_large_image","schema":{"@context":"https:\/\/schema.org","@graph":[{"@type":"WebPage","@id":"https:\/\/slacktivity.ch\/fr\/shop\/activecube-pro\/","url":"https:\/\/slacktivity.ch\/fr\/shop\/activecube-pro\/","name":"ActiveCube | Pro - SLACKTIVITY Slackline Shop Schweiz","isPartOf":{"@id":"https:\/\/slacktivity.ch\/fr\/#website"},"primaryImageOfPage":{"@id":"https:\/\/slacktivity.ch\/fr\/shop\/activecube-pro\/#primaryimage"},"image":{"@id":"https:\/\/slacktivity.ch\/fr\/shop\/activecube-pro\/#primaryimage"},"thumbnailUrl":"https:\/\/slacktivity.ch\/wp-content\/uploads\/2021\/02\/klettergeruest.jpg","datePublished":"2021-02-22T13:55:31+00:00","dateModified":"2026-05-01T07:02:07+00:00","breadcrumb":{"@id":"https:\/\/slacktivity.ch\/fr\/shop\/activecube-pro\/#breadcrumb"},"inLanguage":"fr-FR","potentialAction":[{"@type":"ReadAction","target":["https:\/\/slacktivity.ch\/fr\/shop\/activecube-pro\/"]}]},{"@type":"ImageObject","inLanguage":"fr-FR","@id":"https:\/\/slacktivity.ch\/fr\/shop\/activecube-pro\/#primaryimage","url":"https:\/\/slacktivity.ch\/wp-content\/uploads\/2021\/02\/klettergeruest.jpg","contentUrl":"https:\/\/slacktivity.ch\/wp-content\/uploads\/2021\/02\/klettergeruest.jpg","width":1180,"height":1377,"caption":"kletterger\u00fcst"},{"@type":"BreadcrumbList","@id":"https:\/\/slacktivity.ch\/fr\/shop\/activecube-pro\/#breadcrumb","itemListElement":[{"@type":"ListItem","position":1,"name":"Home","item":"https:\/\/slacktivity.ch\/fr\/"},{"@type":"ListItem","position":2,"name":"Boutique","item":"https:\/\/slacktivity.ch\/fr\/boutique\/"},{"@type":"ListItem","position":3,"name":"ActiveCube | Pro"}]},{"@type":"WebSite","@id":"https:\/\/slacktivity.ch\/fr\/#website","url":"https:\/\/slacktivity.ch\/fr\/","name":"SLACKTIVITY Slackline Shop Schweiz","description":"Ensembles de slackline de haute qualit\u00e9 avec montage facile, produits innovants Highline et accessoires de slackline acheter en ligne. Pour les enfants, les d\u00e9butants et les professionnels.","publisher":{"@id":"https:\/\/slacktivity.ch\/fr\/#organization"},"potentialAction":[{"@type":"SearchAction","target":{"@type":"EntryPoint","urlTemplate":"https:\/\/slacktivity.ch\/fr\/?s={search_term_string}"},"query-input":{"@type":"PropertyValueSpecification","valueRequired":true,"valueName":"search_term_string"}}],"inLanguage":"fr-FR"},{"@type":"Organization","@id":"https:\/\/slacktivity.ch\/fr\/#organization","name":"SLACKTIVITY Slackline Shop Schweiz","url":"https:\/\/slacktivity.ch\/fr\/","logo":{"@type":"ImageObject","inLanguage":"fr-FR","@id":"https:\/\/slacktivity.ch\/fr\/#\/schema\/logo\/image\/","url":"https:\/\/slacktivity.ch\/wp-content\/uploads\/2021\/01\/slacktivity-slackline-online-shop-1.png","contentUrl":"https:\/\/slacktivity.ch\/wp-content\/uploads\/2021\/01\/slacktivity-slackline-online-shop-1.png","width":200,"height":77,"caption":"SLACKTIVITY Slackline Shop Schweiz"},"image":{"@id":"https:\/\/slacktivity.ch\/fr\/#\/schema\/logo\/image\/"}}]}},"_links":{"self":[{"href":"https:\/\/slacktivity.ch\/fr\/wp-json\/wp\/v2\/product\/13484","targetHints":{"allow":["GET"]}}],"collection":[{"href":"https:\/\/slacktivity.ch\/fr\/wp-json\/wp\/v2\/product"}],"about":[{"href":"https:\/\/slacktivity.ch\/fr\/wp-json\/wp\/v2\/types\/product"}],"replies":[{"embeddable":true,"href":"https:\/\/slacktivity.ch\/fr\/wp-json\/wp\/v2\/comments?post=13484"}],"wp:featuredmedia":[{"embeddable":true,"href":"https:\/\/slacktivity.ch\/fr\/wp-json\/wp\/v2\/media\/6063"}],"wp:attachment":[{"href":"https:\/\/slacktivity.ch\/fr\/wp-json\/wp\/v2\/media?parent=13484"}],"wp:term":[{"taxonomy":"product_cat","embeddable":true,"href":"https:\/\/slacktivity.ch\/fr\/wp-json\/wp\/v2\/product_cat?post=13484"},{"taxonomy":"product_tag","embeddable":true,"href":"https:\/\/slacktivity.ch\/fr\/wp-json\/wp\/v2\/product_tag?post=13484"}],"curies":[{"name":"wp","href":"https:\/\/api.w.org\/{rel}","templated":true}]}}