{"id":13488,"date":"2022-01-07T09:40:24","date_gmt":"2022-01-07T07:40:24","guid":{"rendered":"https:\/\/slacktivity.ch\/?post_type=product&#038;p=13488"},"modified":"2026-05-01T09:15:11","modified_gmt":"2026-05-01T07:15:11","slug":"livre-de-slackline","status":"publish","type":"product","link":"https:\/\/slacktivity.ch\/fr\/shop\/livre-de-slackline\/","title":{"rendered":"Livre de slackline"},"content":{"rendered":"<h2>Livre de slackline de Samuel Volery &amp; Tobias Rodenkirch<\/h2>\n<p>Dans ce livre de slackline, vous d\u00e9couvrirez comment vous entra\u00eenez de mani\u00e8re ludique l&rsquo;\u00e9quilibre, la tension corporelle et la concentration avec la slackline, ou comment vous pouvez simplement vous amuser. Ce guide pratique de r\u00e9f\u00e9rence accompagne les d\u00e9butants dans leurs premiers pas. Les pratiquants avanc\u00e9s apprendront ce qui compte pour les highlines et longlines et comment ils peuvent apprendre divers tricks.<\/p>\n<p>Avec des instructions \u00e9tape par \u00e9tape, des images spectaculaires et des informations importantes sur la s\u00e9curit\u00e9.<\/p>\n<p>192 pages, env. 160 illustrations, format 16,5 x 23,5 cm, couture en cahiers<br \/>ISBN-13: 978-3-7654-5823-1<\/p>\n","protected":false},"excerpt":{"rendered":"<p>Le livre de slackline des fondateurs de SLACKTIVITY Samuel Volery et Tobias Rodenkirch<\/p>\n","protected":false},"featured_media":7662,"comment_status":"open","ping_status":"closed","template":"","meta":{"_acf_changed":false,"_joinchat":[]},"product_cat":[903,542,673,634,911],"product_tag":[],"class_list":{"0":"post-13488","1":"product","2":"type-product","3":"status-publish","4":"has-post-thumbnail","6":"product_cat-autres-equipements-sportifs","7":"product_cat-conception-de-la-zone-de-pause","8":"product_cat-slackline-interieur","9":"product_cat-slackline-pour-ecole","10":"product_cat-slackline-pour-la-therapie","12":"first","13":"instock","14":"sale","15":"taxable","16":"shipping-taxable","17":"purchasable","18":"product-type-simple"},"acf":[],"yoast_head":"<!-- This site is optimized with the Yoast SEO plugin v27.5 - https:\/\/yoast.com\/product\/yoast-seo-wordpress\/ -->\n<title>Livre de slackline - SLACKTIVITY Slackline Shop Schweiz<\/title>\n<meta name=\"robots\" content=\"index, follow, max-snippet:-1, max-image-preview:large, max-video-preview:-1\" \/>\n<link rel=\"canonical\" href=\"https:\/\/slacktivity.ch\/fr\/shop\/livre-de-slackline\/\" \/>\n<meta property=\"og:locale\" content=\"fr_FR\" \/>\n<meta property=\"og:type\" content=\"article\" \/>\n<meta property=\"og:title\" content=\"Livre de slackline - SLACKTIVITY Slackline Shop Schweiz\" \/>\n<meta property=\"og:description\" content=\"Le livre de slackline des fondateurs de SLACKTIVITY Samuel Volery et Tobias Rodenkirch\" \/>\n<meta property=\"og:url\" content=\"https:\/\/slacktivity.ch\/fr\/shop\/livre-de-slackline\/\" \/>\n<meta property=\"og:site_name\" content=\"SLACKTIVITY Slackline Shop Schweiz\" \/>\n<meta property=\"article:modified_time\" content=\"2026-05-01T07:15:11+00:00\" \/>\n<meta property=\"og:image\" content=\"https:\/\/slacktivity.ch\/wp-content\/uploads\/2021\/02\/slackline-buch-kaufen.jpeg\" \/>\n\t<meta property=\"og:image:width\" content=\"750\" \/>\n\t<meta property=\"og:image:height\" content=\"750\" \/>\n\t<meta property=\"og:image:type\" content=\"image\/jpeg\" \/>\n<meta name=\"twitter:card\" content=\"summary_large_image\" \/>\n<script type=\"application\/ld+json\" class=\"yoast-schema-graph\">{\"@context\":\"https:\\\/\\\/schema.org\",\"@graph\":[{\"@type\":\"WebPage\",\"@id\":\"https:\\\/\\\/slacktivity.ch\\\/fr\\\/shop\\\/livre-de-slackline\\\/\",\"url\":\"https:\\\/\\\/slacktivity.ch\\\/fr\\\/shop\\\/livre-de-slackline\\\/\",\"name\":\"Livre de slackline - SLACKTIVITY Slackline Shop Schweiz\",\"isPartOf\":{\"@id\":\"https:\\\/\\\/slacktivity.ch\\\/fr\\\/#website\"},\"primaryImageOfPage\":{\"@id\":\"https:\\\/\\\/slacktivity.ch\\\/fr\\\/shop\\\/livre-de-slackline\\\/#primaryimage\"},\"image\":{\"@id\":\"https:\\\/\\\/slacktivity.ch\\\/fr\\\/shop\\\/livre-de-slackline\\\/#primaryimage\"},\"thumbnailUrl\":\"https:\\\/\\\/slacktivity.ch\\\/wp-content\\\/uploads\\\/2021\\\/02\\\/slackline-buch-kaufen.jpeg\",\"datePublished\":\"2022-01-07T07:40:24+00:00\",\"dateModified\":\"2026-05-01T07:15:11+00:00\",\"breadcrumb\":{\"@id\":\"https:\\\/\\\/slacktivity.ch\\\/fr\\\/shop\\\/livre-de-slackline\\\/#breadcrumb\"},\"inLanguage\":\"fr-FR\",\"potentialAction\":[{\"@type\":\"ReadAction\",\"target\":[\"https:\\\/\\\/slacktivity.ch\\\/fr\\\/shop\\\/livre-de-slackline\\\/\"]}]},{\"@type\":\"ImageObject\",\"inLanguage\":\"fr-FR\",\"@id\":\"https:\\\/\\\/slacktivity.ch\\\/fr\\\/shop\\\/livre-de-slackline\\\/#primaryimage\",\"url\":\"https:\\\/\\\/slacktivity.ch\\\/wp-content\\\/uploads\\\/2021\\\/02\\\/slackline-buch-kaufen.jpeg\",\"contentUrl\":\"https:\\\/\\\/slacktivity.ch\\\/wp-content\\\/uploads\\\/2021\\\/02\\\/slackline-buch-kaufen.jpeg\",\"width\":750,\"height\":750,\"caption\":\"slackline buch\"},{\"@type\":\"BreadcrumbList\",\"@id\":\"https:\\\/\\\/slacktivity.ch\\\/fr\\\/shop\\\/livre-de-slackline\\\/#breadcrumb\",\"itemListElement\":[{\"@type\":\"ListItem\",\"position\":1,\"name\":\"Home\",\"item\":\"https:\\\/\\\/slacktivity.ch\\\/fr\\\/\"},{\"@type\":\"ListItem\",\"position\":2,\"name\":\"Boutique\",\"item\":\"https:\\\/\\\/slacktivity.ch\\\/fr\\\/boutique\\\/\"},{\"@type\":\"ListItem\",\"position\":3,\"name\":\"Livre de slackline\"}]},{\"@type\":\"WebSite\",\"@id\":\"https:\\\/\\\/slacktivity.ch\\\/fr\\\/#website\",\"url\":\"https:\\\/\\\/slacktivity.ch\\\/fr\\\/\",\"name\":\"SLACKTIVITY Slackline Shop Schweiz\",\"description\":\"Ensembles de slackline de haute qualit\u00e9 avec montage facile, produits innovants Highline et accessoires de slackline acheter en ligne. Pour les enfants, les d\u00e9butants et les professionnels.\",\"publisher\":{\"@id\":\"https:\\\/\\\/slacktivity.ch\\\/fr\\\/#organization\"},\"potentialAction\":[{\"@type\":\"SearchAction\",\"target\":{\"@type\":\"EntryPoint\",\"urlTemplate\":\"https:\\\/\\\/slacktivity.ch\\\/fr\\\/?s={search_term_string}\"},\"query-input\":{\"@type\":\"PropertyValueSpecification\",\"valueRequired\":true,\"valueName\":\"search_term_string\"}}],\"inLanguage\":\"fr-FR\"},{\"@type\":\"Organization\",\"@id\":\"https:\\\/\\\/slacktivity.ch\\\/fr\\\/#organization\",\"name\":\"SLACKTIVITY Slackline Shop Schweiz\",\"url\":\"https:\\\/\\\/slacktivity.ch\\\/fr\\\/\",\"logo\":{\"@type\":\"ImageObject\",\"inLanguage\":\"fr-FR\",\"@id\":\"https:\\\/\\\/slacktivity.ch\\\/fr\\\/#\\\/schema\\\/logo\\\/image\\\/\",\"url\":\"https:\\\/\\\/slacktivity.ch\\\/wp-content\\\/uploads\\\/2021\\\/01\\\/slacktivity-slackline-online-shop-1.png\",\"contentUrl\":\"https:\\\/\\\/slacktivity.ch\\\/wp-content\\\/uploads\\\/2021\\\/01\\\/slacktivity-slackline-online-shop-1.png\",\"width\":200,\"height\":77,\"caption\":\"SLACKTIVITY Slackline Shop Schweiz\"},\"image\":{\"@id\":\"https:\\\/\\\/slacktivity.ch\\\/fr\\\/#\\\/schema\\\/logo\\\/image\\\/\"}}]}<\/script>\n<!-- \/ Yoast SEO plugin. -->","yoast_head_json":{"title":"Livre de slackline - SLACKTIVITY Slackline Shop Schweiz","robots":{"index":"index","follow":"follow","max-snippet":"max-snippet:-1","max-image-preview":"max-image-preview:large","max-video-preview":"max-video-preview:-1"},"canonical":"https:\/\/slacktivity.ch\/fr\/shop\/livre-de-slackline\/","og_locale":"fr_FR","og_type":"article","og_title":"Livre de slackline - SLACKTIVITY Slackline Shop Schweiz","og_description":"Le livre de slackline des fondateurs de SLACKTIVITY Samuel Volery et Tobias Rodenkirch","og_url":"https:\/\/slacktivity.ch\/fr\/shop\/livre-de-slackline\/","og_site_name":"SLACKTIVITY Slackline Shop Schweiz","article_modified_time":"2026-05-01T07:15:11+00:00","og_image":[{"width":750,"height":750,"url":"https:\/\/slacktivity.ch\/wp-content\/uploads\/2021\/02\/slackline-buch-kaufen.jpeg","type":"image\/jpeg"}],"twitter_card":"summary_large_image","schema":{"@context":"https:\/\/schema.org","@graph":[{"@type":"WebPage","@id":"https:\/\/slacktivity.ch\/fr\/shop\/livre-de-slackline\/","url":"https:\/\/slacktivity.ch\/fr\/shop\/livre-de-slackline\/","name":"Livre de slackline - SLACKTIVITY Slackline Shop Schweiz","isPartOf":{"@id":"https:\/\/slacktivity.ch\/fr\/#website"},"primaryImageOfPage":{"@id":"https:\/\/slacktivity.ch\/fr\/shop\/livre-de-slackline\/#primaryimage"},"image":{"@id":"https:\/\/slacktivity.ch\/fr\/shop\/livre-de-slackline\/#primaryimage"},"thumbnailUrl":"https:\/\/slacktivity.ch\/wp-content\/uploads\/2021\/02\/slackline-buch-kaufen.jpeg","datePublished":"2022-01-07T07:40:24+00:00","dateModified":"2026-05-01T07:15:11+00:00","breadcrumb":{"@id":"https:\/\/slacktivity.ch\/fr\/shop\/livre-de-slackline\/#breadcrumb"},"inLanguage":"fr-FR","potentialAction":[{"@type":"ReadAction","target":["https:\/\/slacktivity.ch\/fr\/shop\/livre-de-slackline\/"]}]},{"@type":"ImageObject","inLanguage":"fr-FR","@id":"https:\/\/slacktivity.ch\/fr\/shop\/livre-de-slackline\/#primaryimage","url":"https:\/\/slacktivity.ch\/wp-content\/uploads\/2021\/02\/slackline-buch-kaufen.jpeg","contentUrl":"https:\/\/slacktivity.ch\/wp-content\/uploads\/2021\/02\/slackline-buch-kaufen.jpeg","width":750,"height":750,"caption":"slackline buch"},{"@type":"BreadcrumbList","@id":"https:\/\/slacktivity.ch\/fr\/shop\/livre-de-slackline\/#breadcrumb","itemListElement":[{"@type":"ListItem","position":1,"name":"Home","item":"https:\/\/slacktivity.ch\/fr\/"},{"@type":"ListItem","position":2,"name":"Boutique","item":"https:\/\/slacktivity.ch\/fr\/boutique\/"},{"@type":"ListItem","position":3,"name":"Livre de slackline"}]},{"@type":"WebSite","@id":"https:\/\/slacktivity.ch\/fr\/#website","url":"https:\/\/slacktivity.ch\/fr\/","name":"SLACKTIVITY Slackline Shop Schweiz","description":"Ensembles de slackline de haute qualit\u00e9 avec montage facile, produits innovants Highline et accessoires de slackline acheter en ligne. Pour les enfants, les d\u00e9butants et les professionnels.","publisher":{"@id":"https:\/\/slacktivity.ch\/fr\/#organization"},"potentialAction":[{"@type":"SearchAction","target":{"@type":"EntryPoint","urlTemplate":"https:\/\/slacktivity.ch\/fr\/?s={search_term_string}"},"query-input":{"@type":"PropertyValueSpecification","valueRequired":true,"valueName":"search_term_string"}}],"inLanguage":"fr-FR"},{"@type":"Organization","@id":"https:\/\/slacktivity.ch\/fr\/#organization","name":"SLACKTIVITY Slackline Shop Schweiz","url":"https:\/\/slacktivity.ch\/fr\/","logo":{"@type":"ImageObject","inLanguage":"fr-FR","@id":"https:\/\/slacktivity.ch\/fr\/#\/schema\/logo\/image\/","url":"https:\/\/slacktivity.ch\/wp-content\/uploads\/2021\/01\/slacktivity-slackline-online-shop-1.png","contentUrl":"https:\/\/slacktivity.ch\/wp-content\/uploads\/2021\/01\/slacktivity-slackline-online-shop-1.png","width":200,"height":77,"caption":"SLACKTIVITY Slackline Shop Schweiz"},"image":{"@id":"https:\/\/slacktivity.ch\/fr\/#\/schema\/logo\/image\/"}}]}},"_links":{"self":[{"href":"https:\/\/slacktivity.ch\/fr\/wp-json\/wp\/v2\/product\/13488","targetHints":{"allow":["GET"]}}],"collection":[{"href":"https:\/\/slacktivity.ch\/fr\/wp-json\/wp\/v2\/product"}],"about":[{"href":"https:\/\/slacktivity.ch\/fr\/wp-json\/wp\/v2\/types\/product"}],"replies":[{"embeddable":true,"href":"https:\/\/slacktivity.ch\/fr\/wp-json\/wp\/v2\/comments?post=13488"}],"wp:featuredmedia":[{"embeddable":true,"href":"https:\/\/slacktivity.ch\/fr\/wp-json\/wp\/v2\/media\/7662"}],"wp:attachment":[{"href":"https:\/\/slacktivity.ch\/fr\/wp-json\/wp\/v2\/media?parent=13488"}],"wp:term":[{"taxonomy":"product_cat","embeddable":true,"href":"https:\/\/slacktivity.ch\/fr\/wp-json\/wp\/v2\/product_cat?post=13488"},{"taxonomy":"product_tag","embeddable":true,"href":"https:\/\/slacktivity.ch\/fr\/wp-json\/wp\/v2\/product_tag?post=13488"}],"curies":[{"name":"wp","href":"https:\/\/api.w.org\/{rel}","templated":true}]}}