{"id":13531,"date":"2021-02-22T15:55:30","date_gmt":"2021-02-22T15:55:30","guid":{"rendered":"https:\/\/slacktivity.ch\/?post_type=product&#038;p=13531"},"modified":"2026-05-01T16:27:13","modified_gmt":"2026-05-01T14:27:13","slug":"fixation-murale-carre-kit-slackline-pour-cours-de-sport","status":"publish","type":"product","link":"https:\/\/slacktivity.ch\/fr\/shop\/fixation-murale-carre-kit-slackline-pour-cours-de-sport\/","title":{"rendered":"Fixation Murale Carr\u00e9 | Kit Slackline pour Cours de Sport"},"content":{"rendered":"<h2>Kit Slackline Carr\u00e9 pour les cours de sport &#8211; La solution avec seulement des manchons de barre fixe<\/h2>\n<p>D\u00e9couvrez ici, des inventeurs du poteau de slackline, les installations de slackline indoor les mieux d\u00e9velopp\u00e9es de Suisse ! Avec les <strong>poteaux slackline SLACKTIVITY<\/strong>, il est possible de tendre cinq slacklines ou m\u00eame plus pour les cours de sport en tr\u00e8s peu de temps. Nous mettons tout en \u0153uvre pour que nos installations de slackline indoor vous offrent un maximum de s\u00e9curit\u00e9 et puissent \u00eatre mont\u00e9es et d\u00e9mont\u00e9es facilement en tr\u00e8s peu de temps. Convainquez-vous par la facilit\u00e9 de montage gr\u00e2ce \u00e0 notre vid\u00e9o. En plus, nous transmettons le savoir-faire n\u00e9cessaire lors d&rsquo;un cours de slackline et donnons un bref aper\u00e7u des possibilit\u00e9s d&rsquo;utilisation de la slackline dans les cours de sport.<\/p>\n<p>Ce kit Slackline Carr\u00e9 pour les <strong>cours de sport<\/strong> comprend :<\/p>\n<ul>\n<li>2 x poteaux slackline avec couvercles de s\u00e9curit\u00e9<\/li>\n<li>2 x fixation murale FLAT-2 avec mousqueton et sangles<\/li>\n<li>5 x sangle slackline avec <b>V-Loop<\/b> (longueur 15m, largeur : 3,7 cm)<\/li>\n<li>5 x cliquet slackline<\/li>\n<li>2 x LineSlider comme protection de rembourrage pour le caisson de gym<\/li>\n<li>Notice d&rsquo;utilisation et consignes de s\u00e9curit\u00e9 (pdf)<\/li>\n<li>Mat\u00e9riel p\u00e9dagogique gratuit pour la slackline en sport scolaire (pdf)<\/li>\n<li>Livraison par SLACKTIVITY Suisse<\/li>\n<li>Atelier slackline de 90 min<\/li>\n<\/ul>\n<h3>D\u00e9roulement de la commande<\/h3>\n<p>Apr\u00e8s la commande, nous vous contacterons imm\u00e9diatement pour clarifier les sp\u00e9cifications n\u00e9cessaires (manchons de sol) et trouver une date pour la livraison et les ateliers slackline.<\/p>\n<h3>Kit Slackline Indoor pour cours de sport | Les avantages en un coup d&rsquo;\u0153il :<\/h3>\n<h4>Montage ultrasimple<\/h4>\n<p>Gr\u00e2ce au V-Loop, nos slacklines se montent tr\u00e8s facilement sur les poteaux. Ce syst\u00e8me a \u00e9t\u00e9 d\u00e9velopp\u00e9 sp\u00e9cialement pour les cours de sport et est utilis\u00e9 depuis des ann\u00e9es dans de nombreuses \u00e9coles suisses.<\/p>\n<ul>\n<li>Pas besoin de sangle d&rsquo;arbre<\/li>\n<li>Pas de torsion de la slackline<\/li>\n<li>Cliquet toujours pr\u00e8s du poteau<\/li>\n<\/ul>\n<h4>Facilit\u00e9 d&rsquo;utilisation maximale<\/h4>\n<p>Le montage de l&rsquo;installation slackline est tr\u00e8s simple et peut \u00eatre r\u00e9alis\u00e9 sans probl\u00e8me par des \u00e9l\u00e8ves du primaire. Lors du cours de slackline de 90 minutes, nos formateurs exp\u00e9riment\u00e9s expliquent le montage et donnent des conseils pratiques pour l&rsquo;utilisation dans les cours de sport.<\/p>\n<h4>Couvercle de s\u00e9curit\u00e9<\/h4>\n<p>La s\u00e9curit\u00e9 est une priorit\u00e9 pour nous. C&rsquo;est pourquoi SLACKTIVITY a d\u00e9velopp\u00e9 un couvercle de s\u00e9curit\u00e9 pour les poteaux slackline. En cas de chute sur le poteau, le choc est amorti par la d\u00e9formation du couvercle en plastique.<\/p>\n<h4>LineSlider &#8211; protection de rembourrage pour slacklines<\/h4>\n<p>Surtout pour les d\u00e9butants en slackline et en particulier pour les enfants, il est important que les slacklines soient tendues sur une distance de seulement 3 \u00e0 4 m. L&rsquo;utilisation du LineSlider \u00e9vite le frottement direct de la slackline sur le rembourrage du caisson &#8211; ce qui augmente la durabilit\u00e9 de la slackline et prot\u00e8ge le rembourrage.<\/p>\n<h4>Qualit\u00e9 suisse<\/h4>\n<p>Tous les poteaux slackline et couvercles de s\u00e9curit\u00e9 sont fabriqu\u00e9s dans des PME suisses, ce qui garantit une haute qualit\u00e9 et un produit durable.<\/p>\n","protected":false},"excerpt":{"rendered":"<p>Les anciennes salles de sport n&rsquo;ont souvent pas encore de manchons de sol de volleyball. C&rsquo;est exactement pour cela que cette installation offre une solution adapt\u00e9e avec des fixations murales extra-plates qui se montent sur des murs en b\u00e9ton. Le montage n\u00e9cessite deux manchons de barre fixe. Ainsi, la slackline fait son entr\u00e9e dans les cours de sport.<\/p>\n","protected":false},"featured_media":5541,"comment_status":"open","ping_status":"closed","template":"","meta":{"_acf_changed":false,"_joinchat":[]},"product_cat":[673,634],"product_tag":[],"class_list":{"0":"post-13531","1":"product","2":"type-product","3":"status-publish","4":"has-post-thumbnail","6":"product_cat-slackline-interieur","7":"product_cat-slackline-pour-ecole","9":"first","10":"instock","11":"taxable","12":"shipping-taxable","13":"purchasable","14":"product-type-simple"},"acf":[],"yoast_head":"<!-- This site is optimized with the Yoast SEO plugin v27.5 - https:\/\/yoast.com\/product\/yoast-seo-wordpress\/ -->\n<title>Fixation Murale Carr\u00e9 | Kit Slackline pour Cours de Sport - SLACKTIVITY Slackline Shop Schweiz<\/title>\n<meta name=\"robots\" content=\"index, follow, max-snippet:-1, max-image-preview:large, max-video-preview:-1\" \/>\n<link rel=\"canonical\" href=\"https:\/\/slacktivity.ch\/fr\/shop\/fixation-murale-carre-kit-slackline-pour-cours-de-sport\/\" \/>\n<meta property=\"og:locale\" content=\"fr_FR\" \/>\n<meta property=\"og:type\" content=\"article\" \/>\n<meta property=\"og:title\" content=\"Fixation Murale Carr\u00e9 | Kit Slackline pour Cours de Sport - SLACKTIVITY Slackline Shop Schweiz\" \/>\n<meta property=\"og:description\" content=\"Les anciennes salles de sport n&#039;ont souvent pas encore de manchons de sol de volleyball. C&#039;est exactement pour cela que cette installation offre une solution adapt\u00e9e avec des fixations murales extra-plates qui se montent sur des murs en b\u00e9ton. Le montage n\u00e9cessite deux manchons de barre fixe. Ainsi, la slackline fait son entr\u00e9e dans les cours de sport.\" \/>\n<meta property=\"og:url\" content=\"https:\/\/slacktivity.ch\/fr\/shop\/fixation-murale-carre-kit-slackline-pour-cours-de-sport\/\" \/>\n<meta property=\"og:site_name\" content=\"SLACKTIVITY Slackline Shop Schweiz\" \/>\n<meta property=\"article:modified_time\" content=\"2026-05-01T14:27:13+00:00\" \/>\n<meta property=\"og:image\" content=\"https:\/\/slacktivity.ch\/wp-content\/uploads\/2021\/02\/slackline-sportunterricht.jpg\" \/>\n\t<meta property=\"og:image:width\" content=\"1180\" \/>\n\t<meta property=\"og:image:height\" content=\"1377\" \/>\n\t<meta property=\"og:image:type\" content=\"image\/jpeg\" \/>\n<meta name=\"twitter:card\" content=\"summary_large_image\" \/>\n<script type=\"application\/ld+json\" class=\"yoast-schema-graph\">{\"@context\":\"https:\\\/\\\/schema.org\",\"@graph\":[{\"@type\":\"WebPage\",\"@id\":\"https:\\\/\\\/slacktivity.ch\\\/fr\\\/shop\\\/fixation-murale-carre-kit-slackline-pour-cours-de-sport\\\/\",\"url\":\"https:\\\/\\\/slacktivity.ch\\\/fr\\\/shop\\\/fixation-murale-carre-kit-slackline-pour-cours-de-sport\\\/\",\"name\":\"Fixation Murale Carr\u00e9 | Kit Slackline pour Cours de Sport - SLACKTIVITY Slackline Shop Schweiz\",\"isPartOf\":{\"@id\":\"https:\\\/\\\/slacktivity.ch\\\/fr\\\/#website\"},\"primaryImageOfPage\":{\"@id\":\"https:\\\/\\\/slacktivity.ch\\\/fr\\\/shop\\\/fixation-murale-carre-kit-slackline-pour-cours-de-sport\\\/#primaryimage\"},\"image\":{\"@id\":\"https:\\\/\\\/slacktivity.ch\\\/fr\\\/shop\\\/fixation-murale-carre-kit-slackline-pour-cours-de-sport\\\/#primaryimage\"},\"thumbnailUrl\":\"https:\\\/\\\/slacktivity.ch\\\/wp-content\\\/uploads\\\/2021\\\/02\\\/slackline-sportunterricht.jpg\",\"datePublished\":\"2021-02-22T15:55:30+00:00\",\"dateModified\":\"2026-05-01T14:27:13+00:00\",\"breadcrumb\":{\"@id\":\"https:\\\/\\\/slacktivity.ch\\\/fr\\\/shop\\\/fixation-murale-carre-kit-slackline-pour-cours-de-sport\\\/#breadcrumb\"},\"inLanguage\":\"fr-FR\",\"potentialAction\":[{\"@type\":\"ReadAction\",\"target\":[\"https:\\\/\\\/slacktivity.ch\\\/fr\\\/shop\\\/fixation-murale-carre-kit-slackline-pour-cours-de-sport\\\/\"]}]},{\"@type\":\"ImageObject\",\"inLanguage\":\"fr-FR\",\"@id\":\"https:\\\/\\\/slacktivity.ch\\\/fr\\\/shop\\\/fixation-murale-carre-kit-slackline-pour-cours-de-sport\\\/#primaryimage\",\"url\":\"https:\\\/\\\/slacktivity.ch\\\/wp-content\\\/uploads\\\/2021\\\/02\\\/slackline-sportunterricht.jpg\",\"contentUrl\":\"https:\\\/\\\/slacktivity.ch\\\/wp-content\\\/uploads\\\/2021\\\/02\\\/slackline-sportunterricht.jpg\",\"width\":1180,\"height\":1377,\"caption\":\"slackline sportunterricht\"},{\"@type\":\"BreadcrumbList\",\"@id\":\"https:\\\/\\\/slacktivity.ch\\\/fr\\\/shop\\\/fixation-murale-carre-kit-slackline-pour-cours-de-sport\\\/#breadcrumb\",\"itemListElement\":[{\"@type\":\"ListItem\",\"position\":1,\"name\":\"Home\",\"item\":\"https:\\\/\\\/slacktivity.ch\\\/fr\\\/\"},{\"@type\":\"ListItem\",\"position\":2,\"name\":\"Boutique\",\"item\":\"https:\\\/\\\/slacktivity.ch\\\/fr\\\/boutique\\\/\"},{\"@type\":\"ListItem\",\"position\":3,\"name\":\"Fixation Murale Carr\u00e9 | Kit Slackline pour Cours de Sport\"}]},{\"@type\":\"WebSite\",\"@id\":\"https:\\\/\\\/slacktivity.ch\\\/fr\\\/#website\",\"url\":\"https:\\\/\\\/slacktivity.ch\\\/fr\\\/\",\"name\":\"SLACKTIVITY Slackline Shop Schweiz\",\"description\":\"Ensembles de slackline de haute qualit\u00e9 avec montage facile, produits innovants Highline et accessoires de slackline acheter en ligne. Pour les enfants, les d\u00e9butants et les professionnels.\",\"publisher\":{\"@id\":\"https:\\\/\\\/slacktivity.ch\\\/fr\\\/#organization\"},\"potentialAction\":[{\"@type\":\"SearchAction\",\"target\":{\"@type\":\"EntryPoint\",\"urlTemplate\":\"https:\\\/\\\/slacktivity.ch\\\/fr\\\/?s={search_term_string}\"},\"query-input\":{\"@type\":\"PropertyValueSpecification\",\"valueRequired\":true,\"valueName\":\"search_term_string\"}}],\"inLanguage\":\"fr-FR\"},{\"@type\":\"Organization\",\"@id\":\"https:\\\/\\\/slacktivity.ch\\\/fr\\\/#organization\",\"name\":\"SLACKTIVITY Slackline Shop Schweiz\",\"url\":\"https:\\\/\\\/slacktivity.ch\\\/fr\\\/\",\"logo\":{\"@type\":\"ImageObject\",\"inLanguage\":\"fr-FR\",\"@id\":\"https:\\\/\\\/slacktivity.ch\\\/fr\\\/#\\\/schema\\\/logo\\\/image\\\/\",\"url\":\"https:\\\/\\\/slacktivity.ch\\\/wp-content\\\/uploads\\\/2021\\\/01\\\/slacktivity-slackline-online-shop-1.png\",\"contentUrl\":\"https:\\\/\\\/slacktivity.ch\\\/wp-content\\\/uploads\\\/2021\\\/01\\\/slacktivity-slackline-online-shop-1.png\",\"width\":200,\"height\":77,\"caption\":\"SLACKTIVITY Slackline Shop Schweiz\"},\"image\":{\"@id\":\"https:\\\/\\\/slacktivity.ch\\\/fr\\\/#\\\/schema\\\/logo\\\/image\\\/\"}}]}<\/script>\n<!-- \/ Yoast SEO plugin. -->","yoast_head_json":{"title":"Fixation Murale Carr\u00e9 | Kit Slackline pour Cours de Sport - SLACKTIVITY Slackline Shop Schweiz","robots":{"index":"index","follow":"follow","max-snippet":"max-snippet:-1","max-image-preview":"max-image-preview:large","max-video-preview":"max-video-preview:-1"},"canonical":"https:\/\/slacktivity.ch\/fr\/shop\/fixation-murale-carre-kit-slackline-pour-cours-de-sport\/","og_locale":"fr_FR","og_type":"article","og_title":"Fixation Murale Carr\u00e9 | Kit Slackline pour Cours de Sport - SLACKTIVITY Slackline Shop Schweiz","og_description":"Les anciennes salles de sport n'ont souvent pas encore de manchons de sol de volleyball. C'est exactement pour cela que cette installation offre une solution adapt\u00e9e avec des fixations murales extra-plates qui se montent sur des murs en b\u00e9ton. Le montage n\u00e9cessite deux manchons de barre fixe. Ainsi, la slackline fait son entr\u00e9e dans les cours de sport.","og_url":"https:\/\/slacktivity.ch\/fr\/shop\/fixation-murale-carre-kit-slackline-pour-cours-de-sport\/","og_site_name":"SLACKTIVITY Slackline Shop Schweiz","article_modified_time":"2026-05-01T14:27:13+00:00","og_image":[{"width":1180,"height":1377,"url":"https:\/\/slacktivity.ch\/wp-content\/uploads\/2021\/02\/slackline-sportunterricht.jpg","type":"image\/jpeg"}],"twitter_card":"summary_large_image","schema":{"@context":"https:\/\/schema.org","@graph":[{"@type":"WebPage","@id":"https:\/\/slacktivity.ch\/fr\/shop\/fixation-murale-carre-kit-slackline-pour-cours-de-sport\/","url":"https:\/\/slacktivity.ch\/fr\/shop\/fixation-murale-carre-kit-slackline-pour-cours-de-sport\/","name":"Fixation Murale Carr\u00e9 | Kit Slackline pour Cours de Sport - SLACKTIVITY Slackline Shop Schweiz","isPartOf":{"@id":"https:\/\/slacktivity.ch\/fr\/#website"},"primaryImageOfPage":{"@id":"https:\/\/slacktivity.ch\/fr\/shop\/fixation-murale-carre-kit-slackline-pour-cours-de-sport\/#primaryimage"},"image":{"@id":"https:\/\/slacktivity.ch\/fr\/shop\/fixation-murale-carre-kit-slackline-pour-cours-de-sport\/#primaryimage"},"thumbnailUrl":"https:\/\/slacktivity.ch\/wp-content\/uploads\/2021\/02\/slackline-sportunterricht.jpg","datePublished":"2021-02-22T15:55:30+00:00","dateModified":"2026-05-01T14:27:13+00:00","breadcrumb":{"@id":"https:\/\/slacktivity.ch\/fr\/shop\/fixation-murale-carre-kit-slackline-pour-cours-de-sport\/#breadcrumb"},"inLanguage":"fr-FR","potentialAction":[{"@type":"ReadAction","target":["https:\/\/slacktivity.ch\/fr\/shop\/fixation-murale-carre-kit-slackline-pour-cours-de-sport\/"]}]},{"@type":"ImageObject","inLanguage":"fr-FR","@id":"https:\/\/slacktivity.ch\/fr\/shop\/fixation-murale-carre-kit-slackline-pour-cours-de-sport\/#primaryimage","url":"https:\/\/slacktivity.ch\/wp-content\/uploads\/2021\/02\/slackline-sportunterricht.jpg","contentUrl":"https:\/\/slacktivity.ch\/wp-content\/uploads\/2021\/02\/slackline-sportunterricht.jpg","width":1180,"height":1377,"caption":"slackline sportunterricht"},{"@type":"BreadcrumbList","@id":"https:\/\/slacktivity.ch\/fr\/shop\/fixation-murale-carre-kit-slackline-pour-cours-de-sport\/#breadcrumb","itemListElement":[{"@type":"ListItem","position":1,"name":"Home","item":"https:\/\/slacktivity.ch\/fr\/"},{"@type":"ListItem","position":2,"name":"Boutique","item":"https:\/\/slacktivity.ch\/fr\/boutique\/"},{"@type":"ListItem","position":3,"name":"Fixation Murale Carr\u00e9 | Kit Slackline pour Cours de Sport"}]},{"@type":"WebSite","@id":"https:\/\/slacktivity.ch\/fr\/#website","url":"https:\/\/slacktivity.ch\/fr\/","name":"SLACKTIVITY Slackline Shop Schweiz","description":"Ensembles de slackline de haute qualit\u00e9 avec montage facile, produits innovants Highline et accessoires de slackline acheter en ligne. Pour les enfants, les d\u00e9butants et les professionnels.","publisher":{"@id":"https:\/\/slacktivity.ch\/fr\/#organization"},"potentialAction":[{"@type":"SearchAction","target":{"@type":"EntryPoint","urlTemplate":"https:\/\/slacktivity.ch\/fr\/?s={search_term_string}"},"query-input":{"@type":"PropertyValueSpecification","valueRequired":true,"valueName":"search_term_string"}}],"inLanguage":"fr-FR"},{"@type":"Organization","@id":"https:\/\/slacktivity.ch\/fr\/#organization","name":"SLACKTIVITY Slackline Shop Schweiz","url":"https:\/\/slacktivity.ch\/fr\/","logo":{"@type":"ImageObject","inLanguage":"fr-FR","@id":"https:\/\/slacktivity.ch\/fr\/#\/schema\/logo\/image\/","url":"https:\/\/slacktivity.ch\/wp-content\/uploads\/2021\/01\/slacktivity-slackline-online-shop-1.png","contentUrl":"https:\/\/slacktivity.ch\/wp-content\/uploads\/2021\/01\/slacktivity-slackline-online-shop-1.png","width":200,"height":77,"caption":"SLACKTIVITY Slackline Shop Schweiz"},"image":{"@id":"https:\/\/slacktivity.ch\/fr\/#\/schema\/logo\/image\/"}}]}},"_links":{"self":[{"href":"https:\/\/slacktivity.ch\/fr\/wp-json\/wp\/v2\/product\/13531","targetHints":{"allow":["GET"]}}],"collection":[{"href":"https:\/\/slacktivity.ch\/fr\/wp-json\/wp\/v2\/product"}],"about":[{"href":"https:\/\/slacktivity.ch\/fr\/wp-json\/wp\/v2\/types\/product"}],"replies":[{"embeddable":true,"href":"https:\/\/slacktivity.ch\/fr\/wp-json\/wp\/v2\/comments?post=13531"}],"wp:featuredmedia":[{"embeddable":true,"href":"https:\/\/slacktivity.ch\/fr\/wp-json\/wp\/v2\/media\/5541"}],"wp:attachment":[{"href":"https:\/\/slacktivity.ch\/fr\/wp-json\/wp\/v2\/media?parent=13531"}],"wp:term":[{"taxonomy":"product_cat","embeddable":true,"href":"https:\/\/slacktivity.ch\/fr\/wp-json\/wp\/v2\/product_cat?post=13531"},{"taxonomy":"product_tag","embeddable":true,"href":"https:\/\/slacktivity.ch\/fr\/wp-json\/wp\/v2\/product_tag?post=13531"}],"curies":[{"name":"wp","href":"https:\/\/api.w.org\/{rel}","templated":true}]}}