{"id":13532,"date":"2022-06-02T09:12:07","date_gmt":"2022-06-02T07:12:07","guid":{"rendered":"https:\/\/slacktivity.ch\/?post_type=product&#038;p=13532"},"modified":"2026-05-01T16:27:53","modified_gmt":"2026-05-01T14:27:53","slug":"plateforme-de-saut-aire-de-jeux-intergenerationnelle","status":"publish","type":"product","link":"https:\/\/slacktivity.ch\/fr\/shop\/plateforme-de-saut-aire-de-jeux-intergenerationnelle\/","title":{"rendered":"Plateforme de saut | Aire de jeux interg\u00e9n\u00e9rationnelle"},"content":{"rendered":"<h2>Plateforme de saut | pour l&rsquo;aire de jeux interg\u00e9n\u00e9rationnelle<\/h2>\n<p>La nouvelle plateforme de saut de SLACKTIVITY\u00ae est un \u00e9l\u00e9ment de mouvement pour l&rsquo;aire de jeux interg\u00e9n\u00e9rationnelle qui invite \u00e0 sauter, s&rsquo;\u00e9quilibrer et se mouvoir de mani\u00e8re cr\u00e9ative. Des sauts sur et depuis la plateforme ou d&rsquo;une plateforme \u00e0 l&rsquo;autre sont possibles.<\/p>\n<p>Cet \u00e9l\u00e9ment qui invite au mouvement est id\u00e9alement utilisable pour les aires de jeux interg\u00e9n\u00e9rationnelles, les parcs de slackline, les installations Ninja Warrior, les installations de parkour et les parcs de fitness Natural Approach. Une seule plateforme de saut, mont\u00e9e \u00e0 l&rsquo;horizontale, peut \u00eatre utilis\u00e9e comme plateforme de d\u00e9part lors de la pratique de la slackline. Mont\u00e9e l\u00e9g\u00e8rement en biais, ce produit permet de r\u00e9aliser une installation Quad Step avec cinq plateformes de saut ou plus dispos\u00e9es en quinconce. Selon l&rsquo;inclinaison et la distance entre les plateformes de saut, l&rsquo;installation pr\u00e9sente diff\u00e9rents niveaux de difficult\u00e9.<\/p>\n<p>La plateforme de saut SLACKTIVITY\u00ae pour l&rsquo;aire de jeux interg\u00e9n\u00e9rationnelle favorise de mani\u00e8re ludique la puissance de saut, l&rsquo;\u00e9quilibre, la coordination et la cr\u00e9ativit\u00e9 &#8211; pour toutes les g\u00e9n\u00e9rations.<\/p>\n<h3>Caract\u00e9ristiques techniques :<\/h3>\n<ul>\n<li>Surface de la plateforme : env. 60 x 80 cm<\/li>\n<li>Rev\u00eatement antid\u00e9rapant<\/li>\n<li>Mat\u00e9riaux r\u00e9sistants aux intemp\u00e9ries<\/li>\n<li>Fixation par fondations viss\u00e9es SLACKTIVITY<\/li>\n<\/ul>\n<h3>Montage et co\u00fbts :<\/h3>\n<p>La plateforme de saut est mont\u00e9e par SLACKTIVITY avec des fondations viss\u00e9es durables, ce qui rend l&rsquo;installation imm\u00e9diatement utilisable. Les co\u00fbts de montage s&rsquo;\u00e9l\u00e8vent \u00e0 environ 700.- CHF pour une plateforme de saut et \u00e0 environ 150.- CHF pour chaque plateforme suppl\u00e9mentaire. Nous vous conseillons volontiers pour la r\u00e9alisation de l&rsquo;installation de plateformes de saut pour votre aire de jeux interg\u00e9n\u00e9rationnelle et vous \u00e9tablissons le devis souhait\u00e9.<\/p>\n","protected":false},"excerpt":{"rendered":"<p>La plateforme de saut de SLACKTIVITY est un \u00e9l\u00e9ment de mouvement pour l&rsquo;aire de jeux interg\u00e9n\u00e9rationnelle. Le montage durable avec des fondations viss\u00e9es rend cette installation imm\u00e9diatement utilisable. Une innovation suisse pour les aires de jeux du futur.<\/p>\n","protected":false},"featured_media":10756,"comment_status":"open","ping_status":"closed","template":"","meta":{"_acf_changed":false,"_joinchat":[]},"product_cat":[915,903,542,631,634],"product_tag":[],"class_list":{"0":"post-13532","1":"product","2":"type-product","3":"status-publish","4":"has-post-thumbnail","6":"product_cat-aire-de-jeu-intergenerationnel","7":"product_cat-autres-equipements-sportifs","8":"product_cat-conception-de-la-zone-de-pause","9":"product_cat-fixation-slackline","10":"product_cat-slackline-pour-ecole","12":"first","13":"instock","14":"taxable","15":"shipping-taxable","16":"purchasable","17":"product-type-simple"},"acf":[],"yoast_head":"<!-- This site is optimized with the Yoast SEO plugin v27.5 - https:\/\/yoast.com\/product\/yoast-seo-wordpress\/ -->\n<title>Plateforme de saut | Aire de jeux interg\u00e9n\u00e9rationnelle - SLACKTIVITY Slackline Shop Schweiz<\/title>\n<meta name=\"robots\" content=\"index, follow, max-snippet:-1, max-image-preview:large, max-video-preview:-1\" \/>\n<link rel=\"canonical\" href=\"https:\/\/slacktivity.ch\/fr\/shop\/plateforme-de-saut-aire-de-jeux-intergenerationnelle\/\" \/>\n<meta property=\"og:locale\" content=\"fr_FR\" \/>\n<meta property=\"og:type\" content=\"article\" \/>\n<meta property=\"og:title\" content=\"Plateforme de saut | Aire de jeux interg\u00e9n\u00e9rationnelle - SLACKTIVITY Slackline Shop Schweiz\" \/>\n<meta property=\"og:description\" content=\"La plateforme de saut de SLACKTIVITY est un \u00e9l\u00e9ment de mouvement pour l&#039;aire de jeux interg\u00e9n\u00e9rationnelle. Le montage durable avec des fondations viss\u00e9es rend cette installation imm\u00e9diatement utilisable. Une innovation suisse pour les aires de jeux du futur.\" \/>\n<meta property=\"og:url\" content=\"https:\/\/slacktivity.ch\/fr\/shop\/plateforme-de-saut-aire-de-jeux-intergenerationnelle\/\" \/>\n<meta property=\"og:site_name\" content=\"SLACKTIVITY Slackline Shop Schweiz\" \/>\n<meta property=\"article:modified_time\" content=\"2026-05-01T14:27:53+00:00\" \/>\n<meta property=\"og:image\" content=\"https:\/\/slacktivity.ch\/wp-content\/uploads\/2022\/06\/sprungplatform-generationen-spielplatz.jpg\" \/>\n\t<meta property=\"og:image:width\" content=\"1180\" \/>\n\t<meta property=\"og:image:height\" content=\"1377\" \/>\n\t<meta property=\"og:image:type\" content=\"image\/jpeg\" \/>\n<meta name=\"twitter:card\" content=\"summary_large_image\" \/>\n<script type=\"application\/ld+json\" class=\"yoast-schema-graph\">{\"@context\":\"https:\\\/\\\/schema.org\",\"@graph\":[{\"@type\":\"WebPage\",\"@id\":\"https:\\\/\\\/slacktivity.ch\\\/fr\\\/shop\\\/plateforme-de-saut-aire-de-jeux-intergenerationnelle\\\/\",\"url\":\"https:\\\/\\\/slacktivity.ch\\\/fr\\\/shop\\\/plateforme-de-saut-aire-de-jeux-intergenerationnelle\\\/\",\"name\":\"Plateforme de saut | Aire de jeux interg\u00e9n\u00e9rationnelle - SLACKTIVITY Slackline Shop Schweiz\",\"isPartOf\":{\"@id\":\"https:\\\/\\\/slacktivity.ch\\\/fr\\\/#website\"},\"primaryImageOfPage\":{\"@id\":\"https:\\\/\\\/slacktivity.ch\\\/fr\\\/shop\\\/plateforme-de-saut-aire-de-jeux-intergenerationnelle\\\/#primaryimage\"},\"image\":{\"@id\":\"https:\\\/\\\/slacktivity.ch\\\/fr\\\/shop\\\/plateforme-de-saut-aire-de-jeux-intergenerationnelle\\\/#primaryimage\"},\"thumbnailUrl\":\"https:\\\/\\\/slacktivity.ch\\\/wp-content\\\/uploads\\\/2022\\\/06\\\/sprungplatform-generationen-spielplatz.jpg\",\"datePublished\":\"2022-06-02T07:12:07+00:00\",\"dateModified\":\"2026-05-01T14:27:53+00:00\",\"breadcrumb\":{\"@id\":\"https:\\\/\\\/slacktivity.ch\\\/fr\\\/shop\\\/plateforme-de-saut-aire-de-jeux-intergenerationnelle\\\/#breadcrumb\"},\"inLanguage\":\"fr-FR\",\"potentialAction\":[{\"@type\":\"ReadAction\",\"target\":[\"https:\\\/\\\/slacktivity.ch\\\/fr\\\/shop\\\/plateforme-de-saut-aire-de-jeux-intergenerationnelle\\\/\"]}]},{\"@type\":\"ImageObject\",\"inLanguage\":\"fr-FR\",\"@id\":\"https:\\\/\\\/slacktivity.ch\\\/fr\\\/shop\\\/plateforme-de-saut-aire-de-jeux-intergenerationnelle\\\/#primaryimage\",\"url\":\"https:\\\/\\\/slacktivity.ch\\\/wp-content\\\/uploads\\\/2022\\\/06\\\/sprungplatform-generationen-spielplatz.jpg\",\"contentUrl\":\"https:\\\/\\\/slacktivity.ch\\\/wp-content\\\/uploads\\\/2022\\\/06\\\/sprungplatform-generationen-spielplatz.jpg\",\"width\":1180,\"height\":1377,\"caption\":\"sprungplatform generationen-spielplatz\"},{\"@type\":\"BreadcrumbList\",\"@id\":\"https:\\\/\\\/slacktivity.ch\\\/fr\\\/shop\\\/plateforme-de-saut-aire-de-jeux-intergenerationnelle\\\/#breadcrumb\",\"itemListElement\":[{\"@type\":\"ListItem\",\"position\":1,\"name\":\"Home\",\"item\":\"https:\\\/\\\/slacktivity.ch\\\/fr\\\/\"},{\"@type\":\"ListItem\",\"position\":2,\"name\":\"Boutique\",\"item\":\"https:\\\/\\\/slacktivity.ch\\\/fr\\\/boutique\\\/\"},{\"@type\":\"ListItem\",\"position\":3,\"name\":\"Plateforme de saut | Aire de jeux interg\u00e9n\u00e9rationnelle\"}]},{\"@type\":\"WebSite\",\"@id\":\"https:\\\/\\\/slacktivity.ch\\\/fr\\\/#website\",\"url\":\"https:\\\/\\\/slacktivity.ch\\\/fr\\\/\",\"name\":\"SLACKTIVITY Slackline Shop Schweiz\",\"description\":\"Ensembles de slackline de haute qualit\u00e9 avec montage facile, produits innovants Highline et accessoires de slackline acheter en ligne. Pour les enfants, les d\u00e9butants et les professionnels.\",\"publisher\":{\"@id\":\"https:\\\/\\\/slacktivity.ch\\\/fr\\\/#organization\"},\"potentialAction\":[{\"@type\":\"SearchAction\",\"target\":{\"@type\":\"EntryPoint\",\"urlTemplate\":\"https:\\\/\\\/slacktivity.ch\\\/fr\\\/?s={search_term_string}\"},\"query-input\":{\"@type\":\"PropertyValueSpecification\",\"valueRequired\":true,\"valueName\":\"search_term_string\"}}],\"inLanguage\":\"fr-FR\"},{\"@type\":\"Organization\",\"@id\":\"https:\\\/\\\/slacktivity.ch\\\/fr\\\/#organization\",\"name\":\"SLACKTIVITY Slackline Shop Schweiz\",\"url\":\"https:\\\/\\\/slacktivity.ch\\\/fr\\\/\",\"logo\":{\"@type\":\"ImageObject\",\"inLanguage\":\"fr-FR\",\"@id\":\"https:\\\/\\\/slacktivity.ch\\\/fr\\\/#\\\/schema\\\/logo\\\/image\\\/\",\"url\":\"https:\\\/\\\/slacktivity.ch\\\/wp-content\\\/uploads\\\/2021\\\/01\\\/slacktivity-slackline-online-shop-1.png\",\"contentUrl\":\"https:\\\/\\\/slacktivity.ch\\\/wp-content\\\/uploads\\\/2021\\\/01\\\/slacktivity-slackline-online-shop-1.png\",\"width\":200,\"height\":77,\"caption\":\"SLACKTIVITY Slackline Shop Schweiz\"},\"image\":{\"@id\":\"https:\\\/\\\/slacktivity.ch\\\/fr\\\/#\\\/schema\\\/logo\\\/image\\\/\"}}]}<\/script>\n<!-- \/ Yoast SEO plugin. -->","yoast_head_json":{"title":"Plateforme de saut | Aire de jeux interg\u00e9n\u00e9rationnelle - SLACKTIVITY Slackline Shop Schweiz","robots":{"index":"index","follow":"follow","max-snippet":"max-snippet:-1","max-image-preview":"max-image-preview:large","max-video-preview":"max-video-preview:-1"},"canonical":"https:\/\/slacktivity.ch\/fr\/shop\/plateforme-de-saut-aire-de-jeux-intergenerationnelle\/","og_locale":"fr_FR","og_type":"article","og_title":"Plateforme de saut | Aire de jeux interg\u00e9n\u00e9rationnelle - SLACKTIVITY Slackline Shop Schweiz","og_description":"La plateforme de saut de SLACKTIVITY est un \u00e9l\u00e9ment de mouvement pour l'aire de jeux interg\u00e9n\u00e9rationnelle. Le montage durable avec des fondations viss\u00e9es rend cette installation imm\u00e9diatement utilisable. Une innovation suisse pour les aires de jeux du futur.","og_url":"https:\/\/slacktivity.ch\/fr\/shop\/plateforme-de-saut-aire-de-jeux-intergenerationnelle\/","og_site_name":"SLACKTIVITY Slackline Shop Schweiz","article_modified_time":"2026-05-01T14:27:53+00:00","og_image":[{"width":1180,"height":1377,"url":"https:\/\/slacktivity.ch\/wp-content\/uploads\/2022\/06\/sprungplatform-generationen-spielplatz.jpg","type":"image\/jpeg"}],"twitter_card":"summary_large_image","schema":{"@context":"https:\/\/schema.org","@graph":[{"@type":"WebPage","@id":"https:\/\/slacktivity.ch\/fr\/shop\/plateforme-de-saut-aire-de-jeux-intergenerationnelle\/","url":"https:\/\/slacktivity.ch\/fr\/shop\/plateforme-de-saut-aire-de-jeux-intergenerationnelle\/","name":"Plateforme de saut | Aire de jeux interg\u00e9n\u00e9rationnelle - SLACKTIVITY Slackline Shop Schweiz","isPartOf":{"@id":"https:\/\/slacktivity.ch\/fr\/#website"},"primaryImageOfPage":{"@id":"https:\/\/slacktivity.ch\/fr\/shop\/plateforme-de-saut-aire-de-jeux-intergenerationnelle\/#primaryimage"},"image":{"@id":"https:\/\/slacktivity.ch\/fr\/shop\/plateforme-de-saut-aire-de-jeux-intergenerationnelle\/#primaryimage"},"thumbnailUrl":"https:\/\/slacktivity.ch\/wp-content\/uploads\/2022\/06\/sprungplatform-generationen-spielplatz.jpg","datePublished":"2022-06-02T07:12:07+00:00","dateModified":"2026-05-01T14:27:53+00:00","breadcrumb":{"@id":"https:\/\/slacktivity.ch\/fr\/shop\/plateforme-de-saut-aire-de-jeux-intergenerationnelle\/#breadcrumb"},"inLanguage":"fr-FR","potentialAction":[{"@type":"ReadAction","target":["https:\/\/slacktivity.ch\/fr\/shop\/plateforme-de-saut-aire-de-jeux-intergenerationnelle\/"]}]},{"@type":"ImageObject","inLanguage":"fr-FR","@id":"https:\/\/slacktivity.ch\/fr\/shop\/plateforme-de-saut-aire-de-jeux-intergenerationnelle\/#primaryimage","url":"https:\/\/slacktivity.ch\/wp-content\/uploads\/2022\/06\/sprungplatform-generationen-spielplatz.jpg","contentUrl":"https:\/\/slacktivity.ch\/wp-content\/uploads\/2022\/06\/sprungplatform-generationen-spielplatz.jpg","width":1180,"height":1377,"caption":"sprungplatform generationen-spielplatz"},{"@type":"BreadcrumbList","@id":"https:\/\/slacktivity.ch\/fr\/shop\/plateforme-de-saut-aire-de-jeux-intergenerationnelle\/#breadcrumb","itemListElement":[{"@type":"ListItem","position":1,"name":"Home","item":"https:\/\/slacktivity.ch\/fr\/"},{"@type":"ListItem","position":2,"name":"Boutique","item":"https:\/\/slacktivity.ch\/fr\/boutique\/"},{"@type":"ListItem","position":3,"name":"Plateforme de saut | Aire de jeux interg\u00e9n\u00e9rationnelle"}]},{"@type":"WebSite","@id":"https:\/\/slacktivity.ch\/fr\/#website","url":"https:\/\/slacktivity.ch\/fr\/","name":"SLACKTIVITY Slackline Shop Schweiz","description":"Ensembles de slackline de haute qualit\u00e9 avec montage facile, produits innovants Highline et accessoires de slackline acheter en ligne. Pour les enfants, les d\u00e9butants et les professionnels.","publisher":{"@id":"https:\/\/slacktivity.ch\/fr\/#organization"},"potentialAction":[{"@type":"SearchAction","target":{"@type":"EntryPoint","urlTemplate":"https:\/\/slacktivity.ch\/fr\/?s={search_term_string}"},"query-input":{"@type":"PropertyValueSpecification","valueRequired":true,"valueName":"search_term_string"}}],"inLanguage":"fr-FR"},{"@type":"Organization","@id":"https:\/\/slacktivity.ch\/fr\/#organization","name":"SLACKTIVITY Slackline Shop Schweiz","url":"https:\/\/slacktivity.ch\/fr\/","logo":{"@type":"ImageObject","inLanguage":"fr-FR","@id":"https:\/\/slacktivity.ch\/fr\/#\/schema\/logo\/image\/","url":"https:\/\/slacktivity.ch\/wp-content\/uploads\/2021\/01\/slacktivity-slackline-online-shop-1.png","contentUrl":"https:\/\/slacktivity.ch\/wp-content\/uploads\/2021\/01\/slacktivity-slackline-online-shop-1.png","width":200,"height":77,"caption":"SLACKTIVITY Slackline Shop Schweiz"},"image":{"@id":"https:\/\/slacktivity.ch\/fr\/#\/schema\/logo\/image\/"}}]}},"_links":{"self":[{"href":"https:\/\/slacktivity.ch\/fr\/wp-json\/wp\/v2\/product\/13532","targetHints":{"allow":["GET"]}}],"collection":[{"href":"https:\/\/slacktivity.ch\/fr\/wp-json\/wp\/v2\/product"}],"about":[{"href":"https:\/\/slacktivity.ch\/fr\/wp-json\/wp\/v2\/types\/product"}],"replies":[{"embeddable":true,"href":"https:\/\/slacktivity.ch\/fr\/wp-json\/wp\/v2\/comments?post=13532"}],"wp:featuredmedia":[{"embeddable":true,"href":"https:\/\/slacktivity.ch\/fr\/wp-json\/wp\/v2\/media\/10756"}],"wp:attachment":[{"href":"https:\/\/slacktivity.ch\/fr\/wp-json\/wp\/v2\/media?parent=13532"}],"wp:term":[{"taxonomy":"product_cat","embeddable":true,"href":"https:\/\/slacktivity.ch\/fr\/wp-json\/wp\/v2\/product_cat?post=13532"},{"taxonomy":"product_tag","embeddable":true,"href":"https:\/\/slacktivity.ch\/fr\/wp-json\/wp\/v2\/product_tag?post=13532"}],"curies":[{"name":"wp","href":"https:\/\/api.w.org\/{rel}","templated":true}]}}