{"id":13534,"date":"2021-02-22T15:53:57","date_gmt":"2021-02-22T15:53:57","guid":{"rendered":"https:\/\/slacktivity.ch\/?post_type=product&#038;p=13534"},"modified":"2026-05-01T16:49:04","modified_gmt":"2026-05-01T14:49:04","slug":"super-jumpline-slackline-set-25m-50m-trickline","status":"publish","type":"product","link":"https:\/\/slacktivity.ch\/fr\/shop\/super-jumpline-slackline-set-25m-50m-trickline\/","title":{"rendered":"Super Jumpline Slackline Set | 25m &#8211; 50m Trickline"},"content":{"rendered":"<h2>Super Jumpline Slackline Set | 25m &#8211; 50m Trickline<\/h2>\n<p>La slackline de comp\u00e9tition pour tous !<\/p>\n<p>La sangle de la Super Jumpline Slackline est tiss\u00e9e tr\u00e8s finement. Elle est donc douce sous les pieds et r\u00e9agit avec beaucoup de puissance \u2014 une vraie JumpPower. Ce n&rsquo;est pas pour rien que lors des Championnats Suisses de Jumpline, les athl\u00e8tes ont majoritairement choisi la Super Jumpline parmi toutes les jumplines disponibles. Pour tous ceux qui appr\u00e9cient un montage simple et veulent \u00e0 la fois jumper et longliner sur la m\u00eame sangle, c&rsquo;est clairement le bon choix.<\/p>\n<h3>Avantages par rapport aux autres sets de slackline :<\/h3>\n<ul>\n<li>Les MonsterRatchets sont des cliquets \u00e0 long levier extr\u00eamement puissants (le levier s&rsquo;\u00e9loigne de l&rsquo;arbre lors du serrage), sp\u00e9cialement optimis\u00e9s pour la slackline<\/li>\n<li>Gr\u00e2ce aux deux entretoises en plastique de la MonsterRatsche, il est possible d&rsquo;enrouler plus de sangle et de mani\u00e8re parfaitement align\u00e9e<\/li>\n<li>L&rsquo;usure de la sangle par le cliquet est bien moindre qu&rsquo;avec d&rsquo;autres slacklines (dont les bords m\u00e9talliques lat\u00e9raux ab\u00eement la sangle)<\/li>\n<li>Parfait pour les longlines jusqu&rsquo;\u00e0 50m<\/li>\n<\/ul>\n<h3>Contenu du set :<\/h3>\n<ul>\n<li>1 x sangle Super Jumpline (25m ou 50m)<\/li>\n<li>2 x MonsterRatsche<\/li>\n<li>2 x protection d&rsquo;arbre<\/li>\n<\/ul>\n","protected":false},"excerpt":{"rendered":"<p>Gr\u00e2ce au proc\u00e9d\u00e9 de tissage sp\u00e9cial de SLACKTIVITY\u00ae, la Super Jumpline offre plus de Jump-Power que jamais ! La couleur orange fluo rend la sangle bien visible lors des sauts. Avec les deux Monster-Ratchets, la sangle se met \u00e0 la tension souhait\u00e9e rapidement et facilement. La sangle offre non seulement une excellente Jump-Power, mais est \u00e9galement tr\u00e8s agr\u00e9able pour marcher ou bouncer.<\/p>\n","protected":false},"featured_media":5455,"comment_status":"open","ping_status":"closed","template":"","meta":{"_acf_changed":false,"_joinchat":[]},"product_cat":[638,669],"product_tag":[],"class_list":{"0":"post-13534","1":"product","2":"type-product","3":"status-publish","4":"has-post-thumbnail","6":"product_cat-kit-slackline","7":"product_cat-slackline-pour-avances-kit-slackline","9":"first","10":"instock","11":"taxable","12":"shipping-taxable","13":"purchasable","14":"product-type-variable"},"acf":[],"yoast_head":"<!-- This site is optimized with the Yoast SEO plugin v27.4 - https:\/\/yoast.com\/product\/yoast-seo-wordpress\/ -->\n<title>Super Jumpline Slackline Set | 25m - 50m Trickline - SLACKTIVITY Slackline Shop Schweiz<\/title>\n<meta name=\"robots\" content=\"index, follow, max-snippet:-1, max-image-preview:large, max-video-preview:-1\" \/>\n<link rel=\"canonical\" href=\"https:\/\/slacktivity.ch\/fr\/shop\/super-jumpline-slackline-set-25m-50m-trickline\/\" \/>\n<meta property=\"og:locale\" content=\"fr_FR\" \/>\n<meta property=\"og:type\" content=\"article\" \/>\n<meta property=\"og:title\" content=\"Super Jumpline Slackline Set | 25m - 50m Trickline - SLACKTIVITY Slackline Shop Schweiz\" \/>\n<meta property=\"og:description\" content=\"Gr\u00e2ce au proc\u00e9d\u00e9 de tissage sp\u00e9cial de SLACKTIVITY\u00ae, la Super Jumpline offre plus de Jump-Power que jamais ! La couleur orange fluo rend la sangle bien visible lors des sauts. Avec les deux Monster-Ratchets, la sangle se met \u00e0 la tension souhait\u00e9e rapidement et facilement. La sangle offre non seulement une excellente Jump-Power, mais est \u00e9galement tr\u00e8s agr\u00e9able pour marcher ou bouncer.\" \/>\n<meta property=\"og:url\" content=\"https:\/\/slacktivity.ch\/fr\/shop\/super-jumpline-slackline-set-25m-50m-trickline\/\" \/>\n<meta property=\"og:site_name\" content=\"SLACKTIVITY Slackline Shop Schweiz\" \/>\n<meta property=\"article:modified_time\" content=\"2026-05-01T14:49:04+00:00\" \/>\n<meta property=\"og:image\" content=\"https:\/\/slacktivity.ch\/wp-content\/uploads\/2021\/02\/jumpline-slackline-25m.jpg\" \/>\n\t<meta property=\"og:image:width\" content=\"1180\" \/>\n\t<meta property=\"og:image:height\" content=\"1377\" \/>\n\t<meta property=\"og:image:type\" content=\"image\/jpeg\" \/>\n<meta name=\"twitter:card\" content=\"summary_large_image\" \/>\n<script type=\"application\/ld+json\" class=\"yoast-schema-graph\">{\"@context\":\"https:\\\/\\\/schema.org\",\"@graph\":[{\"@type\":\"WebPage\",\"@id\":\"https:\\\/\\\/slacktivity.ch\\\/fr\\\/shop\\\/super-jumpline-slackline-set-25m-50m-trickline\\\/\",\"url\":\"https:\\\/\\\/slacktivity.ch\\\/fr\\\/shop\\\/super-jumpline-slackline-set-25m-50m-trickline\\\/\",\"name\":\"Super Jumpline Slackline Set | 25m - 50m Trickline - SLACKTIVITY Slackline Shop Schweiz\",\"isPartOf\":{\"@id\":\"https:\\\/\\\/slacktivity.ch\\\/fr\\\/#website\"},\"primaryImageOfPage\":{\"@id\":\"https:\\\/\\\/slacktivity.ch\\\/fr\\\/shop\\\/super-jumpline-slackline-set-25m-50m-trickline\\\/#primaryimage\"},\"image\":{\"@id\":\"https:\\\/\\\/slacktivity.ch\\\/fr\\\/shop\\\/super-jumpline-slackline-set-25m-50m-trickline\\\/#primaryimage\"},\"thumbnailUrl\":\"https:\\\/\\\/slacktivity.ch\\\/wp-content\\\/uploads\\\/2021\\\/02\\\/jumpline-slackline-25m.jpg\",\"datePublished\":\"2021-02-22T15:53:57+00:00\",\"dateModified\":\"2026-05-01T14:49:04+00:00\",\"breadcrumb\":{\"@id\":\"https:\\\/\\\/slacktivity.ch\\\/fr\\\/shop\\\/super-jumpline-slackline-set-25m-50m-trickline\\\/#breadcrumb\"},\"inLanguage\":\"fr-FR\",\"potentialAction\":[{\"@type\":\"ReadAction\",\"target\":[\"https:\\\/\\\/slacktivity.ch\\\/fr\\\/shop\\\/super-jumpline-slackline-set-25m-50m-trickline\\\/\"]}]},{\"@type\":\"ImageObject\",\"inLanguage\":\"fr-FR\",\"@id\":\"https:\\\/\\\/slacktivity.ch\\\/fr\\\/shop\\\/super-jumpline-slackline-set-25m-50m-trickline\\\/#primaryimage\",\"url\":\"https:\\\/\\\/slacktivity.ch\\\/wp-content\\\/uploads\\\/2021\\\/02\\\/jumpline-slackline-25m.jpg\",\"contentUrl\":\"https:\\\/\\\/slacktivity.ch\\\/wp-content\\\/uploads\\\/2021\\\/02\\\/jumpline-slackline-25m.jpg\",\"width\":1180,\"height\":1377,\"caption\":\"jumpline slackline 25m\"},{\"@type\":\"BreadcrumbList\",\"@id\":\"https:\\\/\\\/slacktivity.ch\\\/fr\\\/shop\\\/super-jumpline-slackline-set-25m-50m-trickline\\\/#breadcrumb\",\"itemListElement\":[{\"@type\":\"ListItem\",\"position\":1,\"name\":\"Home\",\"item\":\"https:\\\/\\\/slacktivity.ch\\\/fr\\\/\"},{\"@type\":\"ListItem\",\"position\":2,\"name\":\"Boutique\",\"item\":\"https:\\\/\\\/slacktivity.ch\\\/fr\\\/boutique\\\/\"},{\"@type\":\"ListItem\",\"position\":3,\"name\":\"Super Jumpline Slackline Set | 25m &#8211; 50m Trickline\"}]},{\"@type\":\"WebSite\",\"@id\":\"https:\\\/\\\/slacktivity.ch\\\/fr\\\/#website\",\"url\":\"https:\\\/\\\/slacktivity.ch\\\/fr\\\/\",\"name\":\"SLACKTIVITY Slackline Shop Schweiz\",\"description\":\"Ensembles de slackline de haute qualit\u00e9 avec montage facile, produits innovants Highline et accessoires de slackline acheter en ligne. Pour les enfants, les d\u00e9butants et les professionnels.\",\"publisher\":{\"@id\":\"https:\\\/\\\/slacktivity.ch\\\/fr\\\/#organization\"},\"potentialAction\":[{\"@type\":\"SearchAction\",\"target\":{\"@type\":\"EntryPoint\",\"urlTemplate\":\"https:\\\/\\\/slacktivity.ch\\\/fr\\\/?s={search_term_string}\"},\"query-input\":{\"@type\":\"PropertyValueSpecification\",\"valueRequired\":true,\"valueName\":\"search_term_string\"}}],\"inLanguage\":\"fr-FR\"},{\"@type\":\"Organization\",\"@id\":\"https:\\\/\\\/slacktivity.ch\\\/fr\\\/#organization\",\"name\":\"SLACKTIVITY Slackline Shop Schweiz\",\"url\":\"https:\\\/\\\/slacktivity.ch\\\/fr\\\/\",\"logo\":{\"@type\":\"ImageObject\",\"inLanguage\":\"fr-FR\",\"@id\":\"https:\\\/\\\/slacktivity.ch\\\/fr\\\/#\\\/schema\\\/logo\\\/image\\\/\",\"url\":\"https:\\\/\\\/slacktivity.ch\\\/wp-content\\\/uploads\\\/2021\\\/01\\\/slacktivity-slackline-online-shop-1.png\",\"contentUrl\":\"https:\\\/\\\/slacktivity.ch\\\/wp-content\\\/uploads\\\/2021\\\/01\\\/slacktivity-slackline-online-shop-1.png\",\"width\":200,\"height\":77,\"caption\":\"SLACKTIVITY Slackline Shop Schweiz\"},\"image\":{\"@id\":\"https:\\\/\\\/slacktivity.ch\\\/fr\\\/#\\\/schema\\\/logo\\\/image\\\/\"}}]}<\/script>\n<!-- \/ Yoast SEO plugin. -->","yoast_head_json":{"title":"Super Jumpline Slackline Set | 25m - 50m Trickline - SLACKTIVITY Slackline Shop Schweiz","robots":{"index":"index","follow":"follow","max-snippet":"max-snippet:-1","max-image-preview":"max-image-preview:large","max-video-preview":"max-video-preview:-1"},"canonical":"https:\/\/slacktivity.ch\/fr\/shop\/super-jumpline-slackline-set-25m-50m-trickline\/","og_locale":"fr_FR","og_type":"article","og_title":"Super Jumpline Slackline Set | 25m - 50m Trickline - SLACKTIVITY Slackline Shop Schweiz","og_description":"Gr\u00e2ce au proc\u00e9d\u00e9 de tissage sp\u00e9cial de SLACKTIVITY\u00ae, la Super Jumpline offre plus de Jump-Power que jamais ! La couleur orange fluo rend la sangle bien visible lors des sauts. Avec les deux Monster-Ratchets, la sangle se met \u00e0 la tension souhait\u00e9e rapidement et facilement. La sangle offre non seulement une excellente Jump-Power, mais est \u00e9galement tr\u00e8s agr\u00e9able pour marcher ou bouncer.","og_url":"https:\/\/slacktivity.ch\/fr\/shop\/super-jumpline-slackline-set-25m-50m-trickline\/","og_site_name":"SLACKTIVITY Slackline Shop Schweiz","article_modified_time":"2026-05-01T14:49:04+00:00","og_image":[{"width":1180,"height":1377,"url":"https:\/\/slacktivity.ch\/wp-content\/uploads\/2021\/02\/jumpline-slackline-25m.jpg","type":"image\/jpeg"}],"twitter_card":"summary_large_image","schema":{"@context":"https:\/\/schema.org","@graph":[{"@type":"WebPage","@id":"https:\/\/slacktivity.ch\/fr\/shop\/super-jumpline-slackline-set-25m-50m-trickline\/","url":"https:\/\/slacktivity.ch\/fr\/shop\/super-jumpline-slackline-set-25m-50m-trickline\/","name":"Super Jumpline Slackline Set | 25m - 50m Trickline - SLACKTIVITY Slackline Shop Schweiz","isPartOf":{"@id":"https:\/\/slacktivity.ch\/fr\/#website"},"primaryImageOfPage":{"@id":"https:\/\/slacktivity.ch\/fr\/shop\/super-jumpline-slackline-set-25m-50m-trickline\/#primaryimage"},"image":{"@id":"https:\/\/slacktivity.ch\/fr\/shop\/super-jumpline-slackline-set-25m-50m-trickline\/#primaryimage"},"thumbnailUrl":"https:\/\/slacktivity.ch\/wp-content\/uploads\/2021\/02\/jumpline-slackline-25m.jpg","datePublished":"2021-02-22T15:53:57+00:00","dateModified":"2026-05-01T14:49:04+00:00","breadcrumb":{"@id":"https:\/\/slacktivity.ch\/fr\/shop\/super-jumpline-slackline-set-25m-50m-trickline\/#breadcrumb"},"inLanguage":"fr-FR","potentialAction":[{"@type":"ReadAction","target":["https:\/\/slacktivity.ch\/fr\/shop\/super-jumpline-slackline-set-25m-50m-trickline\/"]}]},{"@type":"ImageObject","inLanguage":"fr-FR","@id":"https:\/\/slacktivity.ch\/fr\/shop\/super-jumpline-slackline-set-25m-50m-trickline\/#primaryimage","url":"https:\/\/slacktivity.ch\/wp-content\/uploads\/2021\/02\/jumpline-slackline-25m.jpg","contentUrl":"https:\/\/slacktivity.ch\/wp-content\/uploads\/2021\/02\/jumpline-slackline-25m.jpg","width":1180,"height":1377,"caption":"jumpline slackline 25m"},{"@type":"BreadcrumbList","@id":"https:\/\/slacktivity.ch\/fr\/shop\/super-jumpline-slackline-set-25m-50m-trickline\/#breadcrumb","itemListElement":[{"@type":"ListItem","position":1,"name":"Home","item":"https:\/\/slacktivity.ch\/fr\/"},{"@type":"ListItem","position":2,"name":"Boutique","item":"https:\/\/slacktivity.ch\/fr\/boutique\/"},{"@type":"ListItem","position":3,"name":"Super Jumpline Slackline Set | 25m &#8211; 50m Trickline"}]},{"@type":"WebSite","@id":"https:\/\/slacktivity.ch\/fr\/#website","url":"https:\/\/slacktivity.ch\/fr\/","name":"SLACKTIVITY Slackline Shop Schweiz","description":"Ensembles de slackline de haute qualit\u00e9 avec montage facile, produits innovants Highline et accessoires de slackline acheter en ligne. Pour les enfants, les d\u00e9butants et les professionnels.","publisher":{"@id":"https:\/\/slacktivity.ch\/fr\/#organization"},"potentialAction":[{"@type":"SearchAction","target":{"@type":"EntryPoint","urlTemplate":"https:\/\/slacktivity.ch\/fr\/?s={search_term_string}"},"query-input":{"@type":"PropertyValueSpecification","valueRequired":true,"valueName":"search_term_string"}}],"inLanguage":"fr-FR"},{"@type":"Organization","@id":"https:\/\/slacktivity.ch\/fr\/#organization","name":"SLACKTIVITY Slackline Shop Schweiz","url":"https:\/\/slacktivity.ch\/fr\/","logo":{"@type":"ImageObject","inLanguage":"fr-FR","@id":"https:\/\/slacktivity.ch\/fr\/#\/schema\/logo\/image\/","url":"https:\/\/slacktivity.ch\/wp-content\/uploads\/2021\/01\/slacktivity-slackline-online-shop-1.png","contentUrl":"https:\/\/slacktivity.ch\/wp-content\/uploads\/2021\/01\/slacktivity-slackline-online-shop-1.png","width":200,"height":77,"caption":"SLACKTIVITY Slackline Shop Schweiz"},"image":{"@id":"https:\/\/slacktivity.ch\/fr\/#\/schema\/logo\/image\/"}}]}},"_links":{"self":[{"href":"https:\/\/slacktivity.ch\/fr\/wp-json\/wp\/v2\/product\/13534","targetHints":{"allow":["GET"]}}],"collection":[{"href":"https:\/\/slacktivity.ch\/fr\/wp-json\/wp\/v2\/product"}],"about":[{"href":"https:\/\/slacktivity.ch\/fr\/wp-json\/wp\/v2\/types\/product"}],"replies":[{"embeddable":true,"href":"https:\/\/slacktivity.ch\/fr\/wp-json\/wp\/v2\/comments?post=13534"}],"wp:featuredmedia":[{"embeddable":true,"href":"https:\/\/slacktivity.ch\/fr\/wp-json\/wp\/v2\/media\/5455"}],"wp:attachment":[{"href":"https:\/\/slacktivity.ch\/fr\/wp-json\/wp\/v2\/media?parent=13534"}],"wp:term":[{"taxonomy":"product_cat","embeddable":true,"href":"https:\/\/slacktivity.ch\/fr\/wp-json\/wp\/v2\/product_cat?post=13534"},{"taxonomy":"product_tag","embeddable":true,"href":"https:\/\/slacktivity.ch\/fr\/wp-json\/wp\/v2\/product_tag?post=13534"}],"curies":[{"name":"wp","href":"https:\/\/api.w.org\/{rel}","templated":true}]}}