{"id":13540,"date":"2021-02-22T15:54:00","date_gmt":"2021-02-22T15:54:00","guid":{"rendered":"https:\/\/slacktivity.ch\/?post_type=product&#038;p=13540"},"modified":"2026-05-01T16:49:46","modified_gmt":"2026-05-01T14:49:46","slug":"yuj-kit-slackline-yoga-30m","status":"publish","type":"product","link":"https:\/\/slacktivity.ch\/fr\/shop\/yuj-kit-slackline-yoga-30m\/","title":{"rendered":"Yuj | Kit Slackline YOGA 30m"},"content":{"rendered":"<h2>Yuj | Kit Slackline YOGA avec 30m pinkTube<\/h2>\n<p>Le kit Slackline YOGA SLACKTIVITY Yuj a \u00e9t\u00e9 d\u00e9velopp\u00e9 en collaboration avec Andrea Dattoli, sp\u00e9cialement adapt\u00e9 aux besoins du yoga-slackline. Il convient parfaitement pour les tricks statiques et comme slackline d&rsquo;entra\u00eenement pour se pr\u00e9parer aux premi\u00e8res tentatives de highline. Le set est compos\u00e9 des composants slackline les plus qualitatifs que SLACKTIVITY propose.<\/p>\n<p>La sangle pinkTube de 30m convient aussi bien aux d\u00e9butants ambitieux qu&rsquo;aux passionn\u00e9s de yoga-slackline. Les bords doux et la prise agr\u00e9able de la pinkTube rendent les poses de yoga plus confortables. Pour le yoga-slackline, une tension d&rsquo;environ 10% de fl\u00e8che est n\u00e9cessaire (environ 1,5m de fl\u00e8che pour 15m de longueur).<\/p>\n<p>Le palan 3:1 HangOver permet, avec un poids tr\u00e8s l\u00e9ger et une utilisation simple, de tendre la sangle \u00e0 cette tension. Le seaHorse est l&rsquo;un des weblocks les plus qualitatifs du march\u00e9 et offre d&rsquo;excellentes propri\u00e9t\u00e9s de pr\u00e9tension avec des r\u00e9serves de s\u00e9curit\u00e9 maximales.<\/p>\n<h3>Contenu du set :<\/h3>\n<ul>\n<li>1 x sangle pinkTube 30m<\/li>\n<li>1 x HangOver Palan 3:1<\/li>\n<li>1 x seaHorse Weblock<\/li>\n<li>2 x protection d&rsquo;arbre<\/li>\n<li>Instructions de montage et conseils de s\u00e9curit\u00e9<\/li>\n<\/ul>\n","protected":false},"excerpt":{"rendered":"<p>Le kit Slackline YOGA Yuj de SLACKTIVITY a \u00e9t\u00e9 d\u00e9velopp\u00e9 avec Andrea Dattoli sp\u00e9cialement pour le yoga-slackline. La sangle pinkTube de 30m avec ses bords doux est id\u00e9ale pour les poses de yoga confortables et la pr\u00e9paration \u00e0 la highline.<\/p>\n","protected":false},"featured_media":6265,"comment_status":"open","ping_status":"closed","template":"","meta":{"_acf_changed":false,"_joinchat":[]},"product_cat":[638,669,966],"product_tag":[],"class_list":{"0":"post-13540","1":"product","2":"type-product","3":"status-publish","4":"has-post-thumbnail","6":"product_cat-kit-slackline","7":"product_cat-slackline-pour-avances-kit-slackline","8":"product_cat-yoga-slackline-sets-fr","10":"first","11":"instock","12":"taxable","13":"shipping-taxable","14":"purchasable","15":"product-type-simple"},"acf":[],"yoast_head":"<!-- This site is optimized with the Yoast SEO plugin v27.4 - https:\/\/yoast.com\/product\/yoast-seo-wordpress\/ -->\n<title>Yuj | Kit Slackline YOGA 30m - SLACKTIVITY Slackline Shop Schweiz<\/title>\n<meta name=\"robots\" content=\"index, follow, max-snippet:-1, max-image-preview:large, max-video-preview:-1\" \/>\n<link rel=\"canonical\" href=\"https:\/\/slacktivity.ch\/fr\/shop\/yuj-kit-slackline-yoga-30m\/\" \/>\n<meta property=\"og:locale\" content=\"fr_FR\" \/>\n<meta property=\"og:type\" content=\"article\" \/>\n<meta property=\"og:title\" content=\"Yuj | Kit Slackline YOGA 30m - SLACKTIVITY Slackline Shop Schweiz\" \/>\n<meta property=\"og:description\" content=\"Le kit Slackline YOGA Yuj de SLACKTIVITY a \u00e9t\u00e9 d\u00e9velopp\u00e9 avec Andrea Dattoli sp\u00e9cialement pour le yoga-slackline. La sangle pinkTube de 30m avec ses bords doux est id\u00e9ale pour les poses de yoga confortables et la pr\u00e9paration \u00e0 la highline.\" \/>\n<meta property=\"og:url\" content=\"https:\/\/slacktivity.ch\/fr\/shop\/yuj-kit-slackline-yoga-30m\/\" \/>\n<meta property=\"og:site_name\" content=\"SLACKTIVITY Slackline Shop Schweiz\" \/>\n<meta property=\"article:modified_time\" content=\"2026-05-01T14:49:46+00:00\" \/>\n<meta property=\"og:image\" content=\"https:\/\/slacktivity.ch\/wp-content\/uploads\/2021\/02\/yoga-slackline-set-2.jpg\" \/>\n\t<meta property=\"og:image:width\" content=\"1180\" \/>\n\t<meta property=\"og:image:height\" content=\"1377\" \/>\n\t<meta property=\"og:image:type\" content=\"image\/jpeg\" \/>\n<meta name=\"twitter:card\" content=\"summary_large_image\" \/>\n<script type=\"application\/ld+json\" class=\"yoast-schema-graph\">{\"@context\":\"https:\\\/\\\/schema.org\",\"@graph\":[{\"@type\":\"WebPage\",\"@id\":\"https:\\\/\\\/slacktivity.ch\\\/fr\\\/shop\\\/yuj-kit-slackline-yoga-30m\\\/\",\"url\":\"https:\\\/\\\/slacktivity.ch\\\/fr\\\/shop\\\/yuj-kit-slackline-yoga-30m\\\/\",\"name\":\"Yuj | Kit Slackline YOGA 30m - SLACKTIVITY Slackline Shop Schweiz\",\"isPartOf\":{\"@id\":\"https:\\\/\\\/slacktivity.ch\\\/fr\\\/#website\"},\"primaryImageOfPage\":{\"@id\":\"https:\\\/\\\/slacktivity.ch\\\/fr\\\/shop\\\/yuj-kit-slackline-yoga-30m\\\/#primaryimage\"},\"image\":{\"@id\":\"https:\\\/\\\/slacktivity.ch\\\/fr\\\/shop\\\/yuj-kit-slackline-yoga-30m\\\/#primaryimage\"},\"thumbnailUrl\":\"https:\\\/\\\/slacktivity.ch\\\/wp-content\\\/uploads\\\/2021\\\/02\\\/yoga-slackline-set-2.jpg\",\"datePublished\":\"2021-02-22T15:54:00+00:00\",\"dateModified\":\"2026-05-01T14:49:46+00:00\",\"breadcrumb\":{\"@id\":\"https:\\\/\\\/slacktivity.ch\\\/fr\\\/shop\\\/yuj-kit-slackline-yoga-30m\\\/#breadcrumb\"},\"inLanguage\":\"fr-FR\",\"potentialAction\":[{\"@type\":\"ReadAction\",\"target\":[\"https:\\\/\\\/slacktivity.ch\\\/fr\\\/shop\\\/yuj-kit-slackline-yoga-30m\\\/\"]}]},{\"@type\":\"ImageObject\",\"inLanguage\":\"fr-FR\",\"@id\":\"https:\\\/\\\/slacktivity.ch\\\/fr\\\/shop\\\/yuj-kit-slackline-yoga-30m\\\/#primaryimage\",\"url\":\"https:\\\/\\\/slacktivity.ch\\\/wp-content\\\/uploads\\\/2021\\\/02\\\/yoga-slackline-set-2.jpg\",\"contentUrl\":\"https:\\\/\\\/slacktivity.ch\\\/wp-content\\\/uploads\\\/2021\\\/02\\\/yoga-slackline-set-2.jpg\",\"width\":1180,\"height\":1377,\"caption\":\"yoga slackline sets\"},{\"@type\":\"BreadcrumbList\",\"@id\":\"https:\\\/\\\/slacktivity.ch\\\/fr\\\/shop\\\/yuj-kit-slackline-yoga-30m\\\/#breadcrumb\",\"itemListElement\":[{\"@type\":\"ListItem\",\"position\":1,\"name\":\"Home\",\"item\":\"https:\\\/\\\/slacktivity.ch\\\/fr\\\/\"},{\"@type\":\"ListItem\",\"position\":2,\"name\":\"Boutique\",\"item\":\"https:\\\/\\\/slacktivity.ch\\\/fr\\\/boutique\\\/\"},{\"@type\":\"ListItem\",\"position\":3,\"name\":\"Yuj | Kit Slackline YOGA 30m\"}]},{\"@type\":\"WebSite\",\"@id\":\"https:\\\/\\\/slacktivity.ch\\\/fr\\\/#website\",\"url\":\"https:\\\/\\\/slacktivity.ch\\\/fr\\\/\",\"name\":\"SLACKTIVITY Slackline Shop Schweiz\",\"description\":\"Ensembles de slackline de haute qualit\u00e9 avec montage facile, produits innovants Highline et accessoires de slackline acheter en ligne. Pour les enfants, les d\u00e9butants et les professionnels.\",\"publisher\":{\"@id\":\"https:\\\/\\\/slacktivity.ch\\\/fr\\\/#organization\"},\"potentialAction\":[{\"@type\":\"SearchAction\",\"target\":{\"@type\":\"EntryPoint\",\"urlTemplate\":\"https:\\\/\\\/slacktivity.ch\\\/fr\\\/?s={search_term_string}\"},\"query-input\":{\"@type\":\"PropertyValueSpecification\",\"valueRequired\":true,\"valueName\":\"search_term_string\"}}],\"inLanguage\":\"fr-FR\"},{\"@type\":\"Organization\",\"@id\":\"https:\\\/\\\/slacktivity.ch\\\/fr\\\/#organization\",\"name\":\"SLACKTIVITY Slackline Shop Schweiz\",\"url\":\"https:\\\/\\\/slacktivity.ch\\\/fr\\\/\",\"logo\":{\"@type\":\"ImageObject\",\"inLanguage\":\"fr-FR\",\"@id\":\"https:\\\/\\\/slacktivity.ch\\\/fr\\\/#\\\/schema\\\/logo\\\/image\\\/\",\"url\":\"https:\\\/\\\/slacktivity.ch\\\/wp-content\\\/uploads\\\/2021\\\/01\\\/slacktivity-slackline-online-shop-1.png\",\"contentUrl\":\"https:\\\/\\\/slacktivity.ch\\\/wp-content\\\/uploads\\\/2021\\\/01\\\/slacktivity-slackline-online-shop-1.png\",\"width\":200,\"height\":77,\"caption\":\"SLACKTIVITY Slackline Shop Schweiz\"},\"image\":{\"@id\":\"https:\\\/\\\/slacktivity.ch\\\/fr\\\/#\\\/schema\\\/logo\\\/image\\\/\"}}]}<\/script>\n<!-- \/ Yoast SEO plugin. -->","yoast_head_json":{"title":"Yuj | Kit Slackline YOGA 30m - SLACKTIVITY Slackline Shop Schweiz","robots":{"index":"index","follow":"follow","max-snippet":"max-snippet:-1","max-image-preview":"max-image-preview:large","max-video-preview":"max-video-preview:-1"},"canonical":"https:\/\/slacktivity.ch\/fr\/shop\/yuj-kit-slackline-yoga-30m\/","og_locale":"fr_FR","og_type":"article","og_title":"Yuj | Kit Slackline YOGA 30m - SLACKTIVITY Slackline Shop Schweiz","og_description":"Le kit Slackline YOGA Yuj de SLACKTIVITY a \u00e9t\u00e9 d\u00e9velopp\u00e9 avec Andrea Dattoli sp\u00e9cialement pour le yoga-slackline. La sangle pinkTube de 30m avec ses bords doux est id\u00e9ale pour les poses de yoga confortables et la pr\u00e9paration \u00e0 la highline.","og_url":"https:\/\/slacktivity.ch\/fr\/shop\/yuj-kit-slackline-yoga-30m\/","og_site_name":"SLACKTIVITY Slackline Shop Schweiz","article_modified_time":"2026-05-01T14:49:46+00:00","og_image":[{"width":1180,"height":1377,"url":"https:\/\/slacktivity.ch\/wp-content\/uploads\/2021\/02\/yoga-slackline-set-2.jpg","type":"image\/jpeg"}],"twitter_card":"summary_large_image","schema":{"@context":"https:\/\/schema.org","@graph":[{"@type":"WebPage","@id":"https:\/\/slacktivity.ch\/fr\/shop\/yuj-kit-slackline-yoga-30m\/","url":"https:\/\/slacktivity.ch\/fr\/shop\/yuj-kit-slackline-yoga-30m\/","name":"Yuj | Kit Slackline YOGA 30m - SLACKTIVITY Slackline Shop Schweiz","isPartOf":{"@id":"https:\/\/slacktivity.ch\/fr\/#website"},"primaryImageOfPage":{"@id":"https:\/\/slacktivity.ch\/fr\/shop\/yuj-kit-slackline-yoga-30m\/#primaryimage"},"image":{"@id":"https:\/\/slacktivity.ch\/fr\/shop\/yuj-kit-slackline-yoga-30m\/#primaryimage"},"thumbnailUrl":"https:\/\/slacktivity.ch\/wp-content\/uploads\/2021\/02\/yoga-slackline-set-2.jpg","datePublished":"2021-02-22T15:54:00+00:00","dateModified":"2026-05-01T14:49:46+00:00","breadcrumb":{"@id":"https:\/\/slacktivity.ch\/fr\/shop\/yuj-kit-slackline-yoga-30m\/#breadcrumb"},"inLanguage":"fr-FR","potentialAction":[{"@type":"ReadAction","target":["https:\/\/slacktivity.ch\/fr\/shop\/yuj-kit-slackline-yoga-30m\/"]}]},{"@type":"ImageObject","inLanguage":"fr-FR","@id":"https:\/\/slacktivity.ch\/fr\/shop\/yuj-kit-slackline-yoga-30m\/#primaryimage","url":"https:\/\/slacktivity.ch\/wp-content\/uploads\/2021\/02\/yoga-slackline-set-2.jpg","contentUrl":"https:\/\/slacktivity.ch\/wp-content\/uploads\/2021\/02\/yoga-slackline-set-2.jpg","width":1180,"height":1377,"caption":"yoga slackline sets"},{"@type":"BreadcrumbList","@id":"https:\/\/slacktivity.ch\/fr\/shop\/yuj-kit-slackline-yoga-30m\/#breadcrumb","itemListElement":[{"@type":"ListItem","position":1,"name":"Home","item":"https:\/\/slacktivity.ch\/fr\/"},{"@type":"ListItem","position":2,"name":"Boutique","item":"https:\/\/slacktivity.ch\/fr\/boutique\/"},{"@type":"ListItem","position":3,"name":"Yuj | Kit Slackline YOGA 30m"}]},{"@type":"WebSite","@id":"https:\/\/slacktivity.ch\/fr\/#website","url":"https:\/\/slacktivity.ch\/fr\/","name":"SLACKTIVITY Slackline Shop Schweiz","description":"Ensembles de slackline de haute qualit\u00e9 avec montage facile, produits innovants Highline et accessoires de slackline acheter en ligne. Pour les enfants, les d\u00e9butants et les professionnels.","publisher":{"@id":"https:\/\/slacktivity.ch\/fr\/#organization"},"potentialAction":[{"@type":"SearchAction","target":{"@type":"EntryPoint","urlTemplate":"https:\/\/slacktivity.ch\/fr\/?s={search_term_string}"},"query-input":{"@type":"PropertyValueSpecification","valueRequired":true,"valueName":"search_term_string"}}],"inLanguage":"fr-FR"},{"@type":"Organization","@id":"https:\/\/slacktivity.ch\/fr\/#organization","name":"SLACKTIVITY Slackline Shop Schweiz","url":"https:\/\/slacktivity.ch\/fr\/","logo":{"@type":"ImageObject","inLanguage":"fr-FR","@id":"https:\/\/slacktivity.ch\/fr\/#\/schema\/logo\/image\/","url":"https:\/\/slacktivity.ch\/wp-content\/uploads\/2021\/01\/slacktivity-slackline-online-shop-1.png","contentUrl":"https:\/\/slacktivity.ch\/wp-content\/uploads\/2021\/01\/slacktivity-slackline-online-shop-1.png","width":200,"height":77,"caption":"SLACKTIVITY Slackline Shop Schweiz"},"image":{"@id":"https:\/\/slacktivity.ch\/fr\/#\/schema\/logo\/image\/"}}]}},"_links":{"self":[{"href":"https:\/\/slacktivity.ch\/fr\/wp-json\/wp\/v2\/product\/13540","targetHints":{"allow":["GET"]}}],"collection":[{"href":"https:\/\/slacktivity.ch\/fr\/wp-json\/wp\/v2\/product"}],"about":[{"href":"https:\/\/slacktivity.ch\/fr\/wp-json\/wp\/v2\/types\/product"}],"replies":[{"embeddable":true,"href":"https:\/\/slacktivity.ch\/fr\/wp-json\/wp\/v2\/comments?post=13540"}],"wp:featuredmedia":[{"embeddable":true,"href":"https:\/\/slacktivity.ch\/fr\/wp-json\/wp\/v2\/media\/6265"}],"wp:attachment":[{"href":"https:\/\/slacktivity.ch\/fr\/wp-json\/wp\/v2\/media?parent=13540"}],"wp:term":[{"taxonomy":"product_cat","embeddable":true,"href":"https:\/\/slacktivity.ch\/fr\/wp-json\/wp\/v2\/product_cat?post=13540"},{"taxonomy":"product_tag","embeddable":true,"href":"https:\/\/slacktivity.ch\/fr\/wp-json\/wp\/v2\/product_tag?post=13540"}],"curies":[{"name":"wp","href":"https:\/\/api.w.org\/{rel}","templated":true}]}}