{"id":13544,"date":"2021-02-22T15:54:00","date_gmt":"2021-02-22T13:54:00","guid":{"rendered":"https:\/\/slacktivity.ch\/?post_type=product&#038;p=13544"},"modified":"2026-05-01T16:51:03","modified_gmt":"2026-05-01T14:51:03","slug":"pinkpark-kit-slackline-longline-30m-50m","status":"publish","type":"product","link":"https:\/\/slacktivity.ch\/fr\/shop\/pinkpark-kit-slackline-longline-30m-50m\/","title":{"rendered":"PINKPARK | Kit Slackline Longline 30m \/ 50m"},"content":{"rendered":"<h2>PINKPARK | Kit Slackline Longline<\/h2>\n<p>Le kit Slackline Longline PINKPARK se distingue par son faible poids et sa facilit\u00e9 d&rsquo;utilisation. Ce syst\u00e8me offre l&rsquo;avantage que le syst\u00e8me de tension peut \u00eatre retir\u00e9 facilement apr\u00e8s le montage. Ainsi, toute la longueur de la slackline peut \u00eatre parcourue.<\/p>\n<p>Le montage avec le HangOverPulley (palan \u00e0 sangle) est relativement simple et rapide, car le palan se construit pendant le serrage en deux \u00e0 trois \u00e9tapes (3:1 \/ 9:1).<\/p>\n<p>Pour les slackliner qui souhaitent une slackline aussi dynamique et fluide que possible pour le bouncing, le Longline-Tricking et le surf dans le parc ou au-dessus de l&rsquo;eau, le PINKPARK est le bon choix.<\/p>\n<p>Un autre avantage : les composants slackline peuvent \u00e9galement \u00eatre utilis\u00e9s ult\u00e9rieurement pour constituer un set de highline.<\/p>\n<p>Choisissez entre le mod\u00e8le 30m avec le palan 3:1 et le mod\u00e8le 50m avec le palan 9:1.<\/p>\n<h3>Sangle pinkTube A<\/h3>\n<p>La sangle pinkTube A de 30m ou 50m incluse est une sangle dynamique en nylon de haute qualit\u00e9, sp\u00e9cialement d\u00e9velopp\u00e9e pour le longline et le freestyle. Elle offre d&rsquo;excellentes propri\u00e9t\u00e9s de rebond et une surface douce, id\u00e9ale pour les tricks et le yoga slackline.<\/p>\n<h3>Contenu du set :<\/h3>\n<ul>\n<li>1 x sangle pinkTube A (30m ou 50m)<\/li>\n<li>1 x HangOverPulley (palan \u00e0 sangle 3:1 ou 9:1)<\/li>\n<li>1 x seaHorse Weblock<\/li>\n<li>2 x protection d&rsquo;arbre<\/li>\n<\/ul>\n","protected":false},"excerpt":{"rendered":"<p>Le PINKPARK offre une slackline l\u00e9g\u00e8re et dynamique, id\u00e9ale pour le longline-tricking et le surf. Le syst\u00e8me de tension peut \u00eatre retir\u00e9 apr\u00e8s le montage pour parcourir toute la longueur de la ligne.<\/p>\n","protected":false},"featured_media":13211,"comment_status":"open","ping_status":"closed","template":"","meta":{"_acf_changed":false,"_joinchat":[]},"product_cat":[638,716,669],"product_tag":[],"class_list":{"0":"post-13544","1":"product","2":"type-product","3":"status-publish","4":"has-post-thumbnail","6":"product_cat-kit-slackline","7":"product_cat-longline-slackline-kits","8":"product_cat-slackline-pour-avances-kit-slackline","10":"first","11":"instock","12":"taxable","13":"shipping-taxable","14":"purchasable","15":"product-type-variable"},"acf":[],"yoast_head":"<!-- This site is optimized with the Yoast SEO plugin v27.4 - https:\/\/yoast.com\/product\/yoast-seo-wordpress\/ -->\n<title>PINKPARK | Kit Slackline Longline 30m \/ 50m - SLACKTIVITY Slackline Shop Schweiz<\/title>\n<meta name=\"robots\" content=\"index, follow, max-snippet:-1, max-image-preview:large, max-video-preview:-1\" \/>\n<link rel=\"canonical\" href=\"https:\/\/slacktivity.ch\/fr\/shop\/pinkpark-kit-slackline-longline-30m-50m\/\" \/>\n<meta property=\"og:locale\" content=\"fr_FR\" \/>\n<meta property=\"og:type\" content=\"article\" \/>\n<meta property=\"og:title\" content=\"PINKPARK | Kit Slackline Longline 30m \/ 50m - SLACKTIVITY Slackline Shop Schweiz\" \/>\n<meta property=\"og:description\" content=\"Le PINKPARK offre une slackline l\u00e9g\u00e8re et dynamique, id\u00e9ale pour le longline-tricking et le surf. Le syst\u00e8me de tension peut \u00eatre retir\u00e9 apr\u00e8s le montage pour parcourir toute la longueur de la ligne.\" \/>\n<meta property=\"og:url\" content=\"https:\/\/slacktivity.ch\/fr\/shop\/pinkpark-kit-slackline-longline-30m-50m\/\" \/>\n<meta property=\"og:site_name\" content=\"SLACKTIVITY Slackline Shop Schweiz\" \/>\n<meta property=\"article:modified_time\" content=\"2026-05-01T14:51:03+00:00\" \/>\n<meta property=\"og:image\" content=\"https:\/\/slacktivity.ch\/wp-content\/uploads\/2021\/02\/pinkpark50.png\" \/>\n\t<meta property=\"og:image:width\" content=\"1080\" \/>\n\t<meta property=\"og:image:height\" content=\"1080\" \/>\n\t<meta property=\"og:image:type\" content=\"image\/png\" \/>\n<meta name=\"twitter:card\" content=\"summary_large_image\" \/>\n<script type=\"application\/ld+json\" class=\"yoast-schema-graph\">{\"@context\":\"https:\\\/\\\/schema.org\",\"@graph\":[{\"@type\":\"WebPage\",\"@id\":\"https:\\\/\\\/slacktivity.ch\\\/fr\\\/shop\\\/pinkpark-kit-slackline-longline-30m-50m\\\/\",\"url\":\"https:\\\/\\\/slacktivity.ch\\\/fr\\\/shop\\\/pinkpark-kit-slackline-longline-30m-50m\\\/\",\"name\":\"PINKPARK | Kit Slackline Longline 30m \\\/ 50m - SLACKTIVITY Slackline Shop Schweiz\",\"isPartOf\":{\"@id\":\"https:\\\/\\\/slacktivity.ch\\\/fr\\\/#website\"},\"primaryImageOfPage\":{\"@id\":\"https:\\\/\\\/slacktivity.ch\\\/fr\\\/shop\\\/pinkpark-kit-slackline-longline-30m-50m\\\/#primaryimage\"},\"image\":{\"@id\":\"https:\\\/\\\/slacktivity.ch\\\/fr\\\/shop\\\/pinkpark-kit-slackline-longline-30m-50m\\\/#primaryimage\"},\"thumbnailUrl\":\"https:\\\/\\\/slacktivity.ch\\\/wp-content\\\/uploads\\\/2021\\\/02\\\/pinkpark50.png\",\"datePublished\":\"2021-02-22T13:54:00+00:00\",\"dateModified\":\"2026-05-01T14:51:03+00:00\",\"breadcrumb\":{\"@id\":\"https:\\\/\\\/slacktivity.ch\\\/fr\\\/shop\\\/pinkpark-kit-slackline-longline-30m-50m\\\/#breadcrumb\"},\"inLanguage\":\"fr-FR\",\"potentialAction\":[{\"@type\":\"ReadAction\",\"target\":[\"https:\\\/\\\/slacktivity.ch\\\/fr\\\/shop\\\/pinkpark-kit-slackline-longline-30m-50m\\\/\"]}]},{\"@type\":\"ImageObject\",\"inLanguage\":\"fr-FR\",\"@id\":\"https:\\\/\\\/slacktivity.ch\\\/fr\\\/shop\\\/pinkpark-kit-slackline-longline-30m-50m\\\/#primaryimage\",\"url\":\"https:\\\/\\\/slacktivity.ch\\\/wp-content\\\/uploads\\\/2021\\\/02\\\/pinkpark50.png\",\"contentUrl\":\"https:\\\/\\\/slacktivity.ch\\\/wp-content\\\/uploads\\\/2021\\\/02\\\/pinkpark50.png\",\"width\":1080,\"height\":1080},{\"@type\":\"BreadcrumbList\",\"@id\":\"https:\\\/\\\/slacktivity.ch\\\/fr\\\/shop\\\/pinkpark-kit-slackline-longline-30m-50m\\\/#breadcrumb\",\"itemListElement\":[{\"@type\":\"ListItem\",\"position\":1,\"name\":\"Home\",\"item\":\"https:\\\/\\\/slacktivity.ch\\\/fr\\\/\"},{\"@type\":\"ListItem\",\"position\":2,\"name\":\"Boutique\",\"item\":\"https:\\\/\\\/slacktivity.ch\\\/fr\\\/boutique\\\/\"},{\"@type\":\"ListItem\",\"position\":3,\"name\":\"PINKPARK | Kit Slackline Longline 30m \\\/ 50m\"}]},{\"@type\":\"WebSite\",\"@id\":\"https:\\\/\\\/slacktivity.ch\\\/fr\\\/#website\",\"url\":\"https:\\\/\\\/slacktivity.ch\\\/fr\\\/\",\"name\":\"SLACKTIVITY Slackline Shop Schweiz\",\"description\":\"Ensembles de slackline de haute qualit\u00e9 avec montage facile, produits innovants Highline et accessoires de slackline acheter en ligne. Pour les enfants, les d\u00e9butants et les professionnels.\",\"publisher\":{\"@id\":\"https:\\\/\\\/slacktivity.ch\\\/fr\\\/#organization\"},\"potentialAction\":[{\"@type\":\"SearchAction\",\"target\":{\"@type\":\"EntryPoint\",\"urlTemplate\":\"https:\\\/\\\/slacktivity.ch\\\/fr\\\/?s={search_term_string}\"},\"query-input\":{\"@type\":\"PropertyValueSpecification\",\"valueRequired\":true,\"valueName\":\"search_term_string\"}}],\"inLanguage\":\"fr-FR\"},{\"@type\":\"Organization\",\"@id\":\"https:\\\/\\\/slacktivity.ch\\\/fr\\\/#organization\",\"name\":\"SLACKTIVITY Slackline Shop Schweiz\",\"url\":\"https:\\\/\\\/slacktivity.ch\\\/fr\\\/\",\"logo\":{\"@type\":\"ImageObject\",\"inLanguage\":\"fr-FR\",\"@id\":\"https:\\\/\\\/slacktivity.ch\\\/fr\\\/#\\\/schema\\\/logo\\\/image\\\/\",\"url\":\"https:\\\/\\\/slacktivity.ch\\\/wp-content\\\/uploads\\\/2021\\\/01\\\/slacktivity-slackline-online-shop-1.png\",\"contentUrl\":\"https:\\\/\\\/slacktivity.ch\\\/wp-content\\\/uploads\\\/2021\\\/01\\\/slacktivity-slackline-online-shop-1.png\",\"width\":200,\"height\":77,\"caption\":\"SLACKTIVITY Slackline Shop Schweiz\"},\"image\":{\"@id\":\"https:\\\/\\\/slacktivity.ch\\\/fr\\\/#\\\/schema\\\/logo\\\/image\\\/\"}}]}<\/script>\n<!-- \/ Yoast SEO plugin. -->","yoast_head_json":{"title":"PINKPARK | Kit Slackline Longline 30m \/ 50m - SLACKTIVITY Slackline Shop Schweiz","robots":{"index":"index","follow":"follow","max-snippet":"max-snippet:-1","max-image-preview":"max-image-preview:large","max-video-preview":"max-video-preview:-1"},"canonical":"https:\/\/slacktivity.ch\/fr\/shop\/pinkpark-kit-slackline-longline-30m-50m\/","og_locale":"fr_FR","og_type":"article","og_title":"PINKPARK | Kit Slackline Longline 30m \/ 50m - SLACKTIVITY Slackline Shop Schweiz","og_description":"Le PINKPARK offre une slackline l\u00e9g\u00e8re et dynamique, id\u00e9ale pour le longline-tricking et le surf. Le syst\u00e8me de tension peut \u00eatre retir\u00e9 apr\u00e8s le montage pour parcourir toute la longueur de la ligne.","og_url":"https:\/\/slacktivity.ch\/fr\/shop\/pinkpark-kit-slackline-longline-30m-50m\/","og_site_name":"SLACKTIVITY Slackline Shop Schweiz","article_modified_time":"2026-05-01T14:51:03+00:00","og_image":[{"width":1080,"height":1080,"url":"https:\/\/slacktivity.ch\/wp-content\/uploads\/2021\/02\/pinkpark50.png","type":"image\/png"}],"twitter_card":"summary_large_image","schema":{"@context":"https:\/\/schema.org","@graph":[{"@type":"WebPage","@id":"https:\/\/slacktivity.ch\/fr\/shop\/pinkpark-kit-slackline-longline-30m-50m\/","url":"https:\/\/slacktivity.ch\/fr\/shop\/pinkpark-kit-slackline-longline-30m-50m\/","name":"PINKPARK | Kit Slackline Longline 30m \/ 50m - SLACKTIVITY Slackline Shop Schweiz","isPartOf":{"@id":"https:\/\/slacktivity.ch\/fr\/#website"},"primaryImageOfPage":{"@id":"https:\/\/slacktivity.ch\/fr\/shop\/pinkpark-kit-slackline-longline-30m-50m\/#primaryimage"},"image":{"@id":"https:\/\/slacktivity.ch\/fr\/shop\/pinkpark-kit-slackline-longline-30m-50m\/#primaryimage"},"thumbnailUrl":"https:\/\/slacktivity.ch\/wp-content\/uploads\/2021\/02\/pinkpark50.png","datePublished":"2021-02-22T13:54:00+00:00","dateModified":"2026-05-01T14:51:03+00:00","breadcrumb":{"@id":"https:\/\/slacktivity.ch\/fr\/shop\/pinkpark-kit-slackline-longline-30m-50m\/#breadcrumb"},"inLanguage":"fr-FR","potentialAction":[{"@type":"ReadAction","target":["https:\/\/slacktivity.ch\/fr\/shop\/pinkpark-kit-slackline-longline-30m-50m\/"]}]},{"@type":"ImageObject","inLanguage":"fr-FR","@id":"https:\/\/slacktivity.ch\/fr\/shop\/pinkpark-kit-slackline-longline-30m-50m\/#primaryimage","url":"https:\/\/slacktivity.ch\/wp-content\/uploads\/2021\/02\/pinkpark50.png","contentUrl":"https:\/\/slacktivity.ch\/wp-content\/uploads\/2021\/02\/pinkpark50.png","width":1080,"height":1080},{"@type":"BreadcrumbList","@id":"https:\/\/slacktivity.ch\/fr\/shop\/pinkpark-kit-slackline-longline-30m-50m\/#breadcrumb","itemListElement":[{"@type":"ListItem","position":1,"name":"Home","item":"https:\/\/slacktivity.ch\/fr\/"},{"@type":"ListItem","position":2,"name":"Boutique","item":"https:\/\/slacktivity.ch\/fr\/boutique\/"},{"@type":"ListItem","position":3,"name":"PINKPARK | Kit Slackline Longline 30m \/ 50m"}]},{"@type":"WebSite","@id":"https:\/\/slacktivity.ch\/fr\/#website","url":"https:\/\/slacktivity.ch\/fr\/","name":"SLACKTIVITY Slackline Shop Schweiz","description":"Ensembles de slackline de haute qualit\u00e9 avec montage facile, produits innovants Highline et accessoires de slackline acheter en ligne. Pour les enfants, les d\u00e9butants et les professionnels.","publisher":{"@id":"https:\/\/slacktivity.ch\/fr\/#organization"},"potentialAction":[{"@type":"SearchAction","target":{"@type":"EntryPoint","urlTemplate":"https:\/\/slacktivity.ch\/fr\/?s={search_term_string}"},"query-input":{"@type":"PropertyValueSpecification","valueRequired":true,"valueName":"search_term_string"}}],"inLanguage":"fr-FR"},{"@type":"Organization","@id":"https:\/\/slacktivity.ch\/fr\/#organization","name":"SLACKTIVITY Slackline Shop Schweiz","url":"https:\/\/slacktivity.ch\/fr\/","logo":{"@type":"ImageObject","inLanguage":"fr-FR","@id":"https:\/\/slacktivity.ch\/fr\/#\/schema\/logo\/image\/","url":"https:\/\/slacktivity.ch\/wp-content\/uploads\/2021\/01\/slacktivity-slackline-online-shop-1.png","contentUrl":"https:\/\/slacktivity.ch\/wp-content\/uploads\/2021\/01\/slacktivity-slackline-online-shop-1.png","width":200,"height":77,"caption":"SLACKTIVITY Slackline Shop Schweiz"},"image":{"@id":"https:\/\/slacktivity.ch\/fr\/#\/schema\/logo\/image\/"}}]}},"_links":{"self":[{"href":"https:\/\/slacktivity.ch\/fr\/wp-json\/wp\/v2\/product\/13544","targetHints":{"allow":["GET"]}}],"collection":[{"href":"https:\/\/slacktivity.ch\/fr\/wp-json\/wp\/v2\/product"}],"about":[{"href":"https:\/\/slacktivity.ch\/fr\/wp-json\/wp\/v2\/types\/product"}],"replies":[{"embeddable":true,"href":"https:\/\/slacktivity.ch\/fr\/wp-json\/wp\/v2\/comments?post=13544"}],"wp:featuredmedia":[{"embeddable":true,"href":"https:\/\/slacktivity.ch\/fr\/wp-json\/wp\/v2\/media\/13211"}],"wp:attachment":[{"href":"https:\/\/slacktivity.ch\/fr\/wp-json\/wp\/v2\/media?parent=13544"}],"wp:term":[{"taxonomy":"product_cat","embeddable":true,"href":"https:\/\/slacktivity.ch\/fr\/wp-json\/wp\/v2\/product_cat?post=13544"},{"taxonomy":"product_tag","embeddable":true,"href":"https:\/\/slacktivity.ch\/fr\/wp-json\/wp\/v2\/product_tag?post=13544"}],"curies":[{"name":"wp","href":"https:\/\/api.w.org\/{rel}","templated":true}]}}