{"id":13547,"date":"2021-02-22T15:54:00","date_gmt":"2021-02-22T13:54:00","guid":{"rendered":"https:\/\/slacktivity.ch\/?post_type=product&#038;p=13547"},"modified":"2026-05-01T16:51:42","modified_gmt":"2026-05-01T14:51:42","slug":"redpark-kit-longline-30m-50m","status":"publish","type":"product","link":"https:\/\/slacktivity.ch\/fr\/shop\/redpark-kit-longline-30m-50m\/","title":{"rendered":"REDPARK | Kit Longline 30m \/ 50m"},"content":{"rendered":"<h2>REDPARK | Kit Longline 30m \/ 50m<\/h2>\n<p>Le kit Longline REDPARK se distingue par la s\u00e9lection des composants les plus qualitatifs que SLACKTIVITY propose, et se d\u00e9marque par son faible poids compar\u00e9 aux kits longline avec palan \u00e0 corde. De plus, ce syst\u00e8me offre l&rsquo;avantage de laisser moins de composants dans la longline, permettant ainsi de parcourir toute la longueur de la slackline.<\/p>\n<p>Le montage avec le HangOverPulley (palan \u00e0 sangle) est relativement simple et rapide, car le palan se construit pendant le serrage en deux \u00e0 trois \u00e9tapes (3:1 \/ 5:1 avec soft-Riggingplate + Quicklink suppl\u00e9mentaires \/ 9:1). Pendant le serrage, la sangle est toujours bloqu\u00e9e dans le seaHorse, ce qui offre une s\u00e9curit\u00e9 suppl\u00e9mentaire.<\/p>\n<p>Pour les slackliner qui souhaitent une slackline tr\u00e8s souple avec de grandes r\u00e9serves de s\u00e9curit\u00e9 pour le bouncing, le LonglineTricking et le surf dans le parc ou au-dessus de l&rsquo;eau, le REDPARK est le bon choix. Les composants peuvent \u00e9galement \u00eatre utilis\u00e9s pour constituer un set de highline.<\/p>\n<p>Avec ce kit, vous \u00e9conomisez environ 10% par rapport \u00e0 l&rsquo;achat des composants s\u00e9par\u00e9ment.<\/p>\n<h3>Contenu du set :<\/h3>\n<ul>\n<li>1 x sangle Longline (30m ou 50m)<\/li>\n<li>1 x HangOverPulley (palan \u00e0 sangle)<\/li>\n<li>1 x seaHorse Weblock<\/li>\n<li>2 x protection d&rsquo;arbre<\/li>\n<\/ul>\n","protected":false},"excerpt":{"rendered":"<p>Le REDPARK est le kit longline avec les composants les plus qualitatifs de SLACKTIVITY. L\u00e9ger et simple \u00e0 monter, il est parfait pour le bouncing, le tricking et le surf sur longline.<\/p>\n","protected":false},"featured_media":13232,"comment_status":"open","ping_status":"closed","template":"","meta":{"_acf_changed":false,"_joinchat":[]},"product_cat":[638,716,669],"product_tag":[],"class_list":{"0":"post-13547","1":"product","2":"type-product","3":"status-publish","4":"has-post-thumbnail","6":"product_cat-kit-slackline","7":"product_cat-longline-slackline-kits","8":"product_cat-slackline-pour-avances-kit-slackline","10":"first","11":"instock","12":"taxable","13":"shipping-taxable","14":"purchasable","15":"product-type-variable"},"acf":[],"yoast_head":"<!-- This site is optimized with the Yoast SEO plugin v27.4 - https:\/\/yoast.com\/product\/yoast-seo-wordpress\/ -->\n<title>REDPARK | Kit Longline 30m \/ 50m - SLACKTIVITY Slackline Shop Schweiz<\/title>\n<meta name=\"robots\" content=\"index, follow, max-snippet:-1, max-image-preview:large, max-video-preview:-1\" \/>\n<link rel=\"canonical\" href=\"https:\/\/slacktivity.ch\/fr\/shop\/redpark-kit-longline-30m-50m\/\" \/>\n<meta property=\"og:locale\" content=\"fr_FR\" \/>\n<meta property=\"og:type\" content=\"article\" \/>\n<meta property=\"og:title\" content=\"REDPARK | Kit Longline 30m \/ 50m - SLACKTIVITY Slackline Shop Schweiz\" \/>\n<meta property=\"og:description\" content=\"Le REDPARK est le kit longline avec les composants les plus qualitatifs de SLACKTIVITY. L\u00e9ger et simple \u00e0 monter, il est parfait pour le bouncing, le tricking et le surf sur longline.\" \/>\n<meta property=\"og:url\" content=\"https:\/\/slacktivity.ch\/fr\/shop\/redpark-kit-longline-30m-50m\/\" \/>\n<meta property=\"og:site_name\" content=\"SLACKTIVITY Slackline Shop Schweiz\" \/>\n<meta property=\"article:modified_time\" content=\"2026-05-01T14:51:42+00:00\" \/>\n<meta property=\"og:image\" content=\"https:\/\/slacktivity.ch\/wp-content\/uploads\/2021\/02\/redpark50.png\" \/>\n\t<meta property=\"og:image:width\" content=\"1080\" \/>\n\t<meta property=\"og:image:height\" content=\"1080\" \/>\n\t<meta property=\"og:image:type\" content=\"image\/png\" \/>\n<meta name=\"twitter:card\" content=\"summary_large_image\" \/>\n<script type=\"application\/ld+json\" class=\"yoast-schema-graph\">{\"@context\":\"https:\\\/\\\/schema.org\",\"@graph\":[{\"@type\":\"WebPage\",\"@id\":\"https:\\\/\\\/slacktivity.ch\\\/fr\\\/shop\\\/redpark-kit-longline-30m-50m\\\/\",\"url\":\"https:\\\/\\\/slacktivity.ch\\\/fr\\\/shop\\\/redpark-kit-longline-30m-50m\\\/\",\"name\":\"REDPARK | Kit Longline 30m \\\/ 50m - SLACKTIVITY Slackline Shop Schweiz\",\"isPartOf\":{\"@id\":\"https:\\\/\\\/slacktivity.ch\\\/fr\\\/#website\"},\"primaryImageOfPage\":{\"@id\":\"https:\\\/\\\/slacktivity.ch\\\/fr\\\/shop\\\/redpark-kit-longline-30m-50m\\\/#primaryimage\"},\"image\":{\"@id\":\"https:\\\/\\\/slacktivity.ch\\\/fr\\\/shop\\\/redpark-kit-longline-30m-50m\\\/#primaryimage\"},\"thumbnailUrl\":\"https:\\\/\\\/slacktivity.ch\\\/wp-content\\\/uploads\\\/2021\\\/02\\\/redpark50.png\",\"datePublished\":\"2021-02-22T13:54:00+00:00\",\"dateModified\":\"2026-05-01T14:51:42+00:00\",\"breadcrumb\":{\"@id\":\"https:\\\/\\\/slacktivity.ch\\\/fr\\\/shop\\\/redpark-kit-longline-30m-50m\\\/#breadcrumb\"},\"inLanguage\":\"fr-FR\",\"potentialAction\":[{\"@type\":\"ReadAction\",\"target\":[\"https:\\\/\\\/slacktivity.ch\\\/fr\\\/shop\\\/redpark-kit-longline-30m-50m\\\/\"]}]},{\"@type\":\"ImageObject\",\"inLanguage\":\"fr-FR\",\"@id\":\"https:\\\/\\\/slacktivity.ch\\\/fr\\\/shop\\\/redpark-kit-longline-30m-50m\\\/#primaryimage\",\"url\":\"https:\\\/\\\/slacktivity.ch\\\/wp-content\\\/uploads\\\/2021\\\/02\\\/redpark50.png\",\"contentUrl\":\"https:\\\/\\\/slacktivity.ch\\\/wp-content\\\/uploads\\\/2021\\\/02\\\/redpark50.png\",\"width\":1080,\"height\":1080,\"caption\":\"redPark Longline Set\"},{\"@type\":\"BreadcrumbList\",\"@id\":\"https:\\\/\\\/slacktivity.ch\\\/fr\\\/shop\\\/redpark-kit-longline-30m-50m\\\/#breadcrumb\",\"itemListElement\":[{\"@type\":\"ListItem\",\"position\":1,\"name\":\"Home\",\"item\":\"https:\\\/\\\/slacktivity.ch\\\/fr\\\/\"},{\"@type\":\"ListItem\",\"position\":2,\"name\":\"Boutique\",\"item\":\"https:\\\/\\\/slacktivity.ch\\\/fr\\\/boutique\\\/\"},{\"@type\":\"ListItem\",\"position\":3,\"name\":\"REDPARK | Kit Longline 30m \\\/ 50m\"}]},{\"@type\":\"WebSite\",\"@id\":\"https:\\\/\\\/slacktivity.ch\\\/fr\\\/#website\",\"url\":\"https:\\\/\\\/slacktivity.ch\\\/fr\\\/\",\"name\":\"SLACKTIVITY Slackline Shop Schweiz\",\"description\":\"Ensembles de slackline de haute qualit\u00e9 avec montage facile, produits innovants Highline et accessoires de slackline acheter en ligne. Pour les enfants, les d\u00e9butants et les professionnels.\",\"publisher\":{\"@id\":\"https:\\\/\\\/slacktivity.ch\\\/fr\\\/#organization\"},\"potentialAction\":[{\"@type\":\"SearchAction\",\"target\":{\"@type\":\"EntryPoint\",\"urlTemplate\":\"https:\\\/\\\/slacktivity.ch\\\/fr\\\/?s={search_term_string}\"},\"query-input\":{\"@type\":\"PropertyValueSpecification\",\"valueRequired\":true,\"valueName\":\"search_term_string\"}}],\"inLanguage\":\"fr-FR\"},{\"@type\":\"Organization\",\"@id\":\"https:\\\/\\\/slacktivity.ch\\\/fr\\\/#organization\",\"name\":\"SLACKTIVITY Slackline Shop Schweiz\",\"url\":\"https:\\\/\\\/slacktivity.ch\\\/fr\\\/\",\"logo\":{\"@type\":\"ImageObject\",\"inLanguage\":\"fr-FR\",\"@id\":\"https:\\\/\\\/slacktivity.ch\\\/fr\\\/#\\\/schema\\\/logo\\\/image\\\/\",\"url\":\"https:\\\/\\\/slacktivity.ch\\\/wp-content\\\/uploads\\\/2021\\\/01\\\/slacktivity-slackline-online-shop-1.png\",\"contentUrl\":\"https:\\\/\\\/slacktivity.ch\\\/wp-content\\\/uploads\\\/2021\\\/01\\\/slacktivity-slackline-online-shop-1.png\",\"width\":200,\"height\":77,\"caption\":\"SLACKTIVITY Slackline Shop Schweiz\"},\"image\":{\"@id\":\"https:\\\/\\\/slacktivity.ch\\\/fr\\\/#\\\/schema\\\/logo\\\/image\\\/\"}}]}<\/script>\n<!-- \/ Yoast SEO plugin. -->","yoast_head_json":{"title":"REDPARK | Kit Longline 30m \/ 50m - SLACKTIVITY Slackline Shop Schweiz","robots":{"index":"index","follow":"follow","max-snippet":"max-snippet:-1","max-image-preview":"max-image-preview:large","max-video-preview":"max-video-preview:-1"},"canonical":"https:\/\/slacktivity.ch\/fr\/shop\/redpark-kit-longline-30m-50m\/","og_locale":"fr_FR","og_type":"article","og_title":"REDPARK | Kit Longline 30m \/ 50m - SLACKTIVITY Slackline Shop Schweiz","og_description":"Le REDPARK est le kit longline avec les composants les plus qualitatifs de SLACKTIVITY. L\u00e9ger et simple \u00e0 monter, il est parfait pour le bouncing, le tricking et le surf sur longline.","og_url":"https:\/\/slacktivity.ch\/fr\/shop\/redpark-kit-longline-30m-50m\/","og_site_name":"SLACKTIVITY Slackline Shop Schweiz","article_modified_time":"2026-05-01T14:51:42+00:00","og_image":[{"width":1080,"height":1080,"url":"https:\/\/slacktivity.ch\/wp-content\/uploads\/2021\/02\/redpark50.png","type":"image\/png"}],"twitter_card":"summary_large_image","schema":{"@context":"https:\/\/schema.org","@graph":[{"@type":"WebPage","@id":"https:\/\/slacktivity.ch\/fr\/shop\/redpark-kit-longline-30m-50m\/","url":"https:\/\/slacktivity.ch\/fr\/shop\/redpark-kit-longline-30m-50m\/","name":"REDPARK | Kit Longline 30m \/ 50m - SLACKTIVITY Slackline Shop Schweiz","isPartOf":{"@id":"https:\/\/slacktivity.ch\/fr\/#website"},"primaryImageOfPage":{"@id":"https:\/\/slacktivity.ch\/fr\/shop\/redpark-kit-longline-30m-50m\/#primaryimage"},"image":{"@id":"https:\/\/slacktivity.ch\/fr\/shop\/redpark-kit-longline-30m-50m\/#primaryimage"},"thumbnailUrl":"https:\/\/slacktivity.ch\/wp-content\/uploads\/2021\/02\/redpark50.png","datePublished":"2021-02-22T13:54:00+00:00","dateModified":"2026-05-01T14:51:42+00:00","breadcrumb":{"@id":"https:\/\/slacktivity.ch\/fr\/shop\/redpark-kit-longline-30m-50m\/#breadcrumb"},"inLanguage":"fr-FR","potentialAction":[{"@type":"ReadAction","target":["https:\/\/slacktivity.ch\/fr\/shop\/redpark-kit-longline-30m-50m\/"]}]},{"@type":"ImageObject","inLanguage":"fr-FR","@id":"https:\/\/slacktivity.ch\/fr\/shop\/redpark-kit-longline-30m-50m\/#primaryimage","url":"https:\/\/slacktivity.ch\/wp-content\/uploads\/2021\/02\/redpark50.png","contentUrl":"https:\/\/slacktivity.ch\/wp-content\/uploads\/2021\/02\/redpark50.png","width":1080,"height":1080,"caption":"redPark Longline Set"},{"@type":"BreadcrumbList","@id":"https:\/\/slacktivity.ch\/fr\/shop\/redpark-kit-longline-30m-50m\/#breadcrumb","itemListElement":[{"@type":"ListItem","position":1,"name":"Home","item":"https:\/\/slacktivity.ch\/fr\/"},{"@type":"ListItem","position":2,"name":"Boutique","item":"https:\/\/slacktivity.ch\/fr\/boutique\/"},{"@type":"ListItem","position":3,"name":"REDPARK | Kit Longline 30m \/ 50m"}]},{"@type":"WebSite","@id":"https:\/\/slacktivity.ch\/fr\/#website","url":"https:\/\/slacktivity.ch\/fr\/","name":"SLACKTIVITY Slackline Shop Schweiz","description":"Ensembles de slackline de haute qualit\u00e9 avec montage facile, produits innovants Highline et accessoires de slackline acheter en ligne. Pour les enfants, les d\u00e9butants et les professionnels.","publisher":{"@id":"https:\/\/slacktivity.ch\/fr\/#organization"},"potentialAction":[{"@type":"SearchAction","target":{"@type":"EntryPoint","urlTemplate":"https:\/\/slacktivity.ch\/fr\/?s={search_term_string}"},"query-input":{"@type":"PropertyValueSpecification","valueRequired":true,"valueName":"search_term_string"}}],"inLanguage":"fr-FR"},{"@type":"Organization","@id":"https:\/\/slacktivity.ch\/fr\/#organization","name":"SLACKTIVITY Slackline Shop Schweiz","url":"https:\/\/slacktivity.ch\/fr\/","logo":{"@type":"ImageObject","inLanguage":"fr-FR","@id":"https:\/\/slacktivity.ch\/fr\/#\/schema\/logo\/image\/","url":"https:\/\/slacktivity.ch\/wp-content\/uploads\/2021\/01\/slacktivity-slackline-online-shop-1.png","contentUrl":"https:\/\/slacktivity.ch\/wp-content\/uploads\/2021\/01\/slacktivity-slackline-online-shop-1.png","width":200,"height":77,"caption":"SLACKTIVITY Slackline Shop Schweiz"},"image":{"@id":"https:\/\/slacktivity.ch\/fr\/#\/schema\/logo\/image\/"}}]}},"_links":{"self":[{"href":"https:\/\/slacktivity.ch\/fr\/wp-json\/wp\/v2\/product\/13547","targetHints":{"allow":["GET"]}}],"collection":[{"href":"https:\/\/slacktivity.ch\/fr\/wp-json\/wp\/v2\/product"}],"about":[{"href":"https:\/\/slacktivity.ch\/fr\/wp-json\/wp\/v2\/types\/product"}],"replies":[{"embeddable":true,"href":"https:\/\/slacktivity.ch\/fr\/wp-json\/wp\/v2\/comments?post=13547"}],"wp:featuredmedia":[{"embeddable":true,"href":"https:\/\/slacktivity.ch\/fr\/wp-json\/wp\/v2\/media\/13232"}],"wp:attachment":[{"href":"https:\/\/slacktivity.ch\/fr\/wp-json\/wp\/v2\/media?parent=13547"}],"wp:term":[{"taxonomy":"product_cat","embeddable":true,"href":"https:\/\/slacktivity.ch\/fr\/wp-json\/wp\/v2\/product_cat?post=13547"},{"taxonomy":"product_tag","embeddable":true,"href":"https:\/\/slacktivity.ch\/fr\/wp-json\/wp\/v2\/product_tag?post=13547"}],"curies":[{"name":"wp","href":"https:\/\/api.w.org\/{rel}","templated":true}]}}